{"id":37969,"date":"2022-04-28T09:27:43","date_gmt":"2022-04-28T09:27:43","guid":{"rendered":"https:\/\/www.alquera.com\/?post_type=product&#038;p=37969"},"modified":"2022-05-05T11:11:03","modified_gmt":"2022-05-05T11:11:03","slug":"balance-21-17","status":"publish","type":"product","link":"https:\/\/www.alquera.com\/fr\/balance-21-17\/","title":{"rendered":"Balance 21-17"},"content":{"rendered":"<h2>IDENTIFICATION ET PROPI\u00c9T\u00c9S<\/h2>\n<p><strong>Nom:<\/strong> Balance 21-17<\/p>\n<ul>\n<li>Aspect: Solide (granules)<\/li>\n<li>Couleur: Gris<\/li>\n<li>Odeur: Sans odeur<\/li>\n<li>pH : 4-7<\/li>\n<li>Point de fusion \/ point de cong\u00e9lation\u00a0: 150\u00baC<\/li>\n<li>Point d\u2019\u00e9bullition initial et intervalle d\u2019\u00e9bullition\u00a0: Impropre\/inapplicable en raison de la nature du produit.<\/li>\n<li>Densit\u00e9 apparente\u00a0: 990- 1090 kg\/m3<\/li>\n<li>Solubilit\u00e9 dans l\u2019eau\u00a0: &gt;80 g\/l<\/li>\n<\/ul>\n<h2>caract\u00e9ristiques du produit<\/h2>\n<ul>\n<li>Engrais perl\u00e9\u00a0: tous les nutriments pr\u00e9sents en proportion \u00e9gale dans un seul granule perl\u00e9.<\/li>\n<li>Distribution uniforme et homog\u00e8ne du produit gr\u00e2ce au granule perl\u00e9.<\/li>\n<li>Fabriqu\u00e9 par le proc\u00e9d\u00e9 de Nitrofosforation<\/li>\n<li>Hygroscopique\u00a0: Absorbe facilement l\u2019humidit\u00e9 du sol, de sorte que ses nutriments sont facilement incorpor\u00e9s dans la solution du sol. Apporte des nutriments imm\u00e9diatement disponibles pour la plante.<\/li>\n<li>Sans poussi\u00e8re : recouvert d'un film brevet\u00e9 qui emp\u00eache la formation de poussi\u00e8re et le collage.<\/li>\n<\/ul>\n<h2>NUTRIMENTS<\/h2>\n<ul>\n<li>Il apporte de l\u2019azote sous forme soluble et assimilable dont 7,5\u00a0% d\u2019azote nitrique imm\u00e9diatement assimilable par la culture et 13,5\u00a0% d\u2019azote ammoniacal disponible sur une longue p\u00e9riode.<\/li>\n<li>Son Phosphore est enti\u00e8rement disponible et partiellement sous forme de Polyphosphates (25-30%). Le phosphore assimilable est essentiel pour le d\u00e9veloppement correct de la plante car il intervient dans des processus physiologiques qui n\u00e9cessitent un apport suppl\u00e9mentaire d\u2019\u00e9nergie comme le d\u00e9veloppement des racines, fillage, etc.<\/li>\n<li>Il contient du soufre sous forme de sulfate, n\u00e9cessaire au d\u00e9veloppement des plantes en plus d\u2019\u00eatre un constituant essentiel des prot\u00e9ines de bl\u00e9.<\/li>\n<li>Le Potassium pr\u00e9sent est soluble et assimilable favorisant la formation de l\u2019amidon et r\u00e9duisant le stress de la plante.<\/li>\n<\/ul>\n<h2>AVANTAGES POUR LA CULTURE<\/h2>\n<ul>\n<li>Haute efficacit\u00e9 du phosphore sous forme de polyphosphates favorisant la germination, un plus grand nombre d\u2019enfants, le remplissage des grains et un d\u00e9veloppement optimal des racines par rapport au phosphore conventionnel.<\/li>\n<li>Azote nitrique et ammoniacal disponible et assimilable, pour un meilleur d\u00e9veloppement de la plante tout au long du cycle de culture.<\/li>\n<\/ul>\n<h2>MODE D'EMPLOI<\/h2>\n<p>Appliquer comme fertilisation de fond ou aux premiers stades de la culture pour assurer l\u2019\u00e9quilibre des nutriments tout au long du cycle de croissance.<\/p>\n<p>&nbsp;<\/p>\n<p><img loading=\"lazy\" decoding=\"async\" class=\"wp-image-37997 aligncenter\" src=\"https:\/\/www.alquera.com\/wp-content\/uploads\/2022\/04\/composicion.png\" alt=\"\" width=\"750\" height=\"294\" srcset=\"https:\/\/www.alquera.com\/wp-content\/uploads\/2022\/04\/composicion.png 587w, https:\/\/www.alquera.com\/wp-content\/uploads\/2022\/04\/composicion-300x118.png 300w\" sizes=\"auto, (max-width: 750px) 100vw, 750px\" \/><\/p>\n<h2>USAGES<\/h2>\n<ul>\n<li>Pr\u00e9paration de m\u00e9langes de produits chimiques<\/li>\n<li>Pr\u00e9paration professionnelle de produits fertilisants<\/li>\n<li>Engrais agricole\u00a0: chargement et \u00e9pandage<\/li>\n<li>Utilisation professionnelle comme engrais liquide en plein champ<\/li>\n<li>Entretien de l\u2019\u00e9quipement<\/li>\n<\/ul>","protected":false},"excerpt":{"rendered":"<p>Acheter Balance 21-17 dans sachets de 1Kg jusqu'\u00e0 sacs de 25Kg. Le prix des diff\u00e9rents formats de Balance 21-17  vous pouvez le voir en s\u00e9lectionnant le format que vous souhaitez. La commande se r\u00e9alise directement par la web et vous devez suivre les \u00e9tapes indiqu\u00e9esL'envoie se fait par UPS et vous le recevrez dans 4-5 jours.<\/p>","protected":false},"featured_media":38104,"comment_status":"open","ping_status":"closed","template":"","meta":{"_acf_changed":false,"site-sidebar-layout":"default","site-content-layout":"default","ast-site-content-layout":"default","site-content-style":"default","site-sidebar-style":"default","ast-global-header-display":"","ast-banner-title-visibility":"","ast-main-header-display":"","ast-hfb-above-header-display":"","ast-hfb-below-header-display":"","ast-hfb-mobile-header-display":"","site-post-title":"","ast-breadcrumbs-content":"","ast-featured-img":"","footer-sml-layout":"","ast-disable-related-posts":"","theme-transparent-header-meta":"default","adv-header-id-meta":"","stick-header-meta":"default","header-above-stick-meta":"","header-main-stick-meta":"","header-below-stick-meta":"","astra-migrate-meta-layouts":"default","ast-page-background-enabled":"default","ast-page-background-meta":{"desktop":{"background-color":"var(--ast-global-color-4)","background-image":"","background-repeat":"repeat","background-position":"center center","background-size":"auto","background-attachment":"scroll","background-type":"","background-media":"","overlay-type":"","overlay-color":"","overlay-opacity":"","overlay-gradient":""},"tablet":{"background-color":"","background-image":"","background-repeat":"repeat","background-position":"center center","background-size":"auto","background-attachment":"scroll","background-type":"","background-media":"","overlay-type":"","overlay-color":"","overlay-opacity":"","overlay-gradient":""},"mobile":{"background-color":"","background-image":"","background-repeat":"repeat","background-position":"center center","background-size":"auto","background-attachment":"scroll","background-type":"","background-media":"","overlay-type":"","overlay-color":"","overlay-opacity":"","overlay-gradient":""}},"ast-content-background-meta":{"desktop":{"background-color":"var(--ast-global-color-5)","background-image":"","background-repeat":"repeat","background-position":"center center","background-size":"auto","background-attachment":"scroll","background-type":"","background-media":"","overlay-type":"","overlay-color":"","overlay-opacity":"","overlay-gradient":""},"tablet":{"background-color":"var(--ast-global-color-5)","background-image":"","background-repeat":"repeat","background-position":"center center","background-size":"auto","background-attachment":"scroll","background-type":"","background-media":"","overlay-type":"","overlay-color":"","overlay-opacity":"","overlay-gradient":""},"mobile":{"background-color":"var(--ast-global-color-5)","background-image":"","background-repeat":"repeat","background-position":"center center","background-size":"auto","background-attachment":"scroll","background-type":"","background-media":"","overlay-type":"","overlay-color":"","overlay-opacity":"","overlay-gradient":""}}},"product_brand":[],"product_cat":[21],"product_tag":[],"class_list":{"0":"post-37969","1":"product","2":"type-product","3":"status-publish","4":"has-post-thumbnail","6":"product_cat-productos","7":"pa_cantidad-1kg","8":"pa_cantidad-5kg","9":"pa_cantidad-25kg","10":"desktop-align-left","11":"tablet-align-left","12":"mobile-align-left","13":"ast-product-gallery-layout-horizontal-slider","14":"ast-product-gallery-with-no-image","15":"ast-magnify-disabled","16":"ast-product-single-variable","17":"ast-product-tabs-layout-horizontal","18":"ast-qv-on-image","20":"first","21":"instock","22":"taxable","23":"shipping-taxable","24":"purchasable","25":"product-type-variable","26":"has-default-attributes"},"acf":[],"yoast_head":"<!-- This site is optimized with the Yoast SEO Premium plugin v27.1 (Yoast SEO v27.1.1) - https:\/\/yoast.com\/product\/yoast-seo-premium-wordpress\/ -->\n<title>Balance 21-17: Comprar Online - Alquera.com<\/title>\n<meta name=\"description\" content=\"ENV\u00cdOS EN 24\/48H. Comprar en Alquera Balance 21-17, su funci\u00f3n es abonar el suelo con diversos nutrientes\" \/>\n<meta name=\"robots\" content=\"index, follow, max-snippet:-1, max-image-preview:large, max-video-preview:-1\" \/>\n<link rel=\"canonical\" href=\"https:\/\/www.alquera.com\/fr\/balance-21-17\/\" \/>\n<meta property=\"og:locale\" content=\"fr_FR\" \/>\n<meta property=\"og:type\" content=\"article\" \/>\n<meta property=\"og:title\" content=\"Balance 21-17: Comprar Online - Alquera.com\" \/>\n<meta property=\"og:description\" content=\"ENV\u00cdOS EN 24\/48H. Comprar en Alquera Balance 21-17, su funci\u00f3n es abonar el suelo con diversos nutrientes\" \/>\n<meta property=\"og:url\" content=\"https:\/\/www.alquera.com\/fr\/balance-21-17\/\" \/>\n<meta property=\"og:site_name\" content=\"Alquera.com\" \/>\n<meta property=\"article:publisher\" content=\"https:\/\/www.facebook.com\/alqueraciencia\" \/>\n<meta property=\"article:modified_time\" content=\"2022-05-05T11:11:03+00:00\" \/>\n<meta property=\"og:image\" content=\"https:\/\/www.alquera.com\/wp-content\/uploads\/2022\/04\/Balance-21-17-1.png\" \/>\n\t<meta property=\"og:image:width\" content=\"600\" \/>\n\t<meta property=\"og:image:height\" content=\"635\" \/>\n\t<meta property=\"og:image:type\" content=\"image\/png\" \/>\n<meta name=\"twitter:card\" content=\"summary_large_image\" \/>\n<meta name=\"twitter:label1\" content=\"Disponibilit\u00e9\" \/>\n\t<meta name=\"twitter:data1\" content=\"En stock\" \/>\n<script type=\"application\/ld+json\" class=\"yoast-schema-graph\">{\"@context\":\"https:\/\/schema.org\",\"@graph\":[{\"@type\":[\"WebPage\",\"ItemPage\"],\"@id\":\"https:\/\/www.alquera.com\/balance-21-17\/\",\"url\":\"https:\/\/www.alquera.com\/balance-21-17\/\",\"name\":\"Balance 21-17: Comprar Online - Alquera.com\",\"isPartOf\":{\"@id\":\"https:\/\/www.alquera.com\/en\/#website\"},\"primaryImageOfPage\":{\"@id\":\"https:\/\/www.alquera.com\/balance-21-17\/#primaryimage\"},\"image\":{\"@id\":\"https:\/\/www.alquera.com\/balance-21-17\/#primaryimage\"},\"thumbnailUrl\":\"https:\/\/www.alquera.com\/wp-content\/uploads\/2022\/04\/Balance-21-17-1.png\",\"datePublished\":\"2022-04-28T09:27:43+00:00\",\"dateModified\":\"2022-05-05T11:11:03+00:00\",\"description\":\"ENV\u00cdOS EN 24\/48H. Comprar en Alquera Balance 21-17, su funci\u00f3n es abonar el suelo con diversos nutrientes\",\"breadcrumb\":{\"@id\":\"https:\/\/www.alquera.com\/balance-21-17\/#breadcrumb\"},\"inLanguage\":\"fr-FR\",\"potentialAction\":[{\"@type\":\"ReadAction\",\"target\":[\"https:\/\/www.alquera.com\/balance-21-17\/\"]}]},{\"@type\":\"ImageObject\",\"inLanguage\":\"fr-FR\",\"@id\":\"https:\/\/www.alquera.com\/balance-21-17\/#primaryimage\",\"url\":\"https:\/\/www.alquera.com\/wp-content\/uploads\/2022\/04\/Balance-21-17-1.png\",\"contentUrl\":\"https:\/\/www.alquera.com\/wp-content\/uploads\/2022\/04\/Balance-21-17-1.png\",\"width\":600,\"height\":635,\"caption\":\"Balance 21-17\"},{\"@type\":\"BreadcrumbList\",\"@id\":\"https:\/\/www.alquera.com\/balance-21-17\/#breadcrumb\",\"itemListElement\":[{\"@type\":\"ListItem\",\"position\":1,\"name\":\"Inicio\",\"item\":\"https:\/\/www.alquera.com\/\"},{\"@type\":\"ListItem\",\"position\":2,\"name\":\"Alquera.com: Tienda Online de Productos Qu\u00edmicos y Material de Laboratorio\",\"item\":\"https:\/\/www.alquera.com\/en\/tienda\/\"},{\"@type\":\"ListItem\",\"position\":3,\"name\":\"Balance 21-17\"}]},{\"@type\":\"WebSite\",\"@id\":\"https:\/\/www.alquera.com\/en\/#website\",\"url\":\"https:\/\/www.alquera.com\/en\/\",\"name\":\"Alquera.com\",\"description\":\"Tienda Online Productos Qu\u00edmicos y Material de Laboratorio\",\"publisher\":{\"@id\":\"https:\/\/www.alquera.com\/en\/#organization\"},\"potentialAction\":[{\"@type\":\"SearchAction\",\"target\":{\"@type\":\"EntryPoint\",\"urlTemplate\":\"https:\/\/www.alquera.com\/en\/?s={search_term_string}\"},\"query-input\":{\"@type\":\"PropertyValueSpecification\",\"valueRequired\":true,\"valueName\":\"search_term_string\"}}],\"inLanguage\":\"fr-FR\"},{\"@type\":\"Organization\",\"@id\":\"https:\/\/www.alquera.com\/en\/#organization\",\"name\":\"ALQUERA CIENCIA SL\",\"url\":\"https:\/\/www.alquera.com\/en\/\",\"logo\":{\"@type\":\"ImageObject\",\"inLanguage\":\"fr-FR\",\"@id\":\"https:\/\/www.alquera.com\/en\/#\/schema\/logo\/image\/\",\"url\":\"https:\/\/www.alquera.com\/wp-content\/uploads\/2020\/11\/logo_300_ancho.png\",\"contentUrl\":\"https:\/\/www.alquera.com\/wp-content\/uploads\/2020\/11\/logo_300_ancho.png\",\"width\":300,\"height\":86,\"caption\":\"ALQUERA CIENCIA SL\"},\"image\":{\"@id\":\"https:\/\/www.alquera.com\/en\/#\/schema\/logo\/image\/\"},\"sameAs\":[\"https:\/\/www.facebook.com\/alqueraciencia\",\"https:\/\/www.instagram.com\/alquera_ciencia\/\",\"https:\/\/www.youtube.com\/c\/alquera\"]}]}<\/script>\n<meta property=\"og:availability\" content=\"instock\" \/>\n<meta property=\"product:availability\" content=\"instock\" \/>\n<meta property=\"product:condition\" content=\"new\" \/>\n<!-- \/ Yoast SEO Premium plugin. -->","yoast_head_json":{"title":"Balance 21-17 : Acheter en ligne - Alquera.com","description":"EXP\u00c9DITIONS EN 24\/48H. Achet\u00e9 \u00e0 Alquera Balance 21-17, sa fonction est de fertiliser le sol avec diff\u00e9rents nutriments.","robots":{"index":"index","follow":"follow","max-snippet":"max-snippet:-1","max-image-preview":"max-image-preview:large","max-video-preview":"max-video-preview:-1"},"canonical":"https:\/\/www.alquera.com\/fr\/balance-21-17\/","og_locale":"fr_FR","og_type":"article","og_title":"Balance 21-17: Comprar Online - Alquera.com","og_description":"ENV\u00cdOS EN 24\/48H. Comprar en Alquera Balance 21-17, su funci\u00f3n es abonar el suelo con diversos nutrientes","og_url":"https:\/\/www.alquera.com\/fr\/balance-21-17\/","og_site_name":"Alquera.com","article_publisher":"https:\/\/www.facebook.com\/alqueraciencia","article_modified_time":"2022-05-05T11:11:03+00:00","og_image":[{"width":600,"height":635,"url":"https:\/\/www.alquera.com\/wp-content\/uploads\/2022\/04\/Balance-21-17-1.png","type":"image\/png"}],"twitter_card":"summary_large_image","twitter_misc":{"Disponibilit\u00e9":"En stock"},"schema":{"@context":"https:\/\/schema.org","@graph":[{"@type":["WebPage","ItemPage"],"@id":"https:\/\/www.alquera.com\/balance-21-17\/","url":"https:\/\/www.alquera.com\/balance-21-17\/","name":"Balance 21-17 : Acheter en ligne - Alquera.com","isPartOf":{"@id":"https:\/\/www.alquera.com\/en\/#website"},"primaryImageOfPage":{"@id":"https:\/\/www.alquera.com\/balance-21-17\/#primaryimage"},"image":{"@id":"https:\/\/www.alquera.com\/balance-21-17\/#primaryimage"},"thumbnailUrl":"https:\/\/www.alquera.com\/wp-content\/uploads\/2022\/04\/Balance-21-17-1.png","datePublished":"2022-04-28T09:27:43+00:00","dateModified":"2022-05-05T11:11:03+00:00","description":"EXP\u00c9DITIONS EN 24\/48H. Achet\u00e9 \u00e0 Alquera Balance 21-17, sa fonction est de fertiliser le sol avec diff\u00e9rents nutriments.","breadcrumb":{"@id":"https:\/\/www.alquera.com\/balance-21-17\/#breadcrumb"},"inLanguage":"fr-FR","potentialAction":[{"@type":"ReadAction","target":["https:\/\/www.alquera.com\/balance-21-17\/"]}]},{"@type":"ImageObject","inLanguage":"fr-FR","@id":"https:\/\/www.alquera.com\/balance-21-17\/#primaryimage","url":"https:\/\/www.alquera.com\/wp-content\/uploads\/2022\/04\/Balance-21-17-1.png","contentUrl":"https:\/\/www.alquera.com\/wp-content\/uploads\/2022\/04\/Balance-21-17-1.png","width":600,"height":635,"caption":"Balance 21-17"},{"@type":"BreadcrumbList","@id":"https:\/\/www.alquera.com\/balance-21-17\/#breadcrumb","itemListElement":[{"@type":"ListItem","position":1,"name":"Inicio","item":"https:\/\/www.alquera.com\/"},{"@type":"ListItem","position":2,"name":"Alquera.com: Tienda Online de Productos Qu\u00edmicos y Material de Laboratorio","item":"https:\/\/www.alquera.com\/en\/tienda\/"},{"@type":"ListItem","position":3,"name":"Balance 21-17"}]},{"@type":"WebSite","@id":"https:\/\/www.alquera.com\/en\/#website","url":"https:\/\/www.alquera.com\/en\/","name":"Alquera.com","description":"Boutique en ligne Produits chimiques et \u00e9quipements de laboratoire","publisher":{"@id":"https:\/\/www.alquera.com\/en\/#organization"},"potentialAction":[{"@type":"SearchAction","target":{"@type":"EntryPoint","urlTemplate":"https:\/\/www.alquera.com\/en\/?s={search_term_string}"},"query-input":{"@type":"PropertyValueSpecification","valueRequired":true,"valueName":"search_term_string"}}],"inLanguage":"fr-FR"},{"@type":"Organization","@id":"https:\/\/www.alquera.com\/en\/#organization","name":"ALQUERA CIENCIA SL","url":"https:\/\/www.alquera.com\/en\/","logo":{"@type":"ImageObject","inLanguage":"fr-FR","@id":"https:\/\/www.alquera.com\/en\/#\/schema\/logo\/image\/","url":"https:\/\/www.alquera.com\/wp-content\/uploads\/2020\/11\/logo_300_ancho.png","contentUrl":"https:\/\/www.alquera.com\/wp-content\/uploads\/2020\/11\/logo_300_ancho.png","width":300,"height":86,"caption":"ALQUERA CIENCIA SL"},"image":{"@id":"https:\/\/www.alquera.com\/en\/#\/schema\/logo\/image\/"},"sameAs":["https:\/\/www.facebook.com\/alqueraciencia","https:\/\/www.instagram.com\/alquera_ciencia\/","https:\/\/www.youtube.com\/c\/alquera"]}]},"og_availability":"instock","product_availability":"instock","product_condition":"new"},"_links":{"self":[{"href":"https:\/\/www.alquera.com\/fr\/wp-json\/wp\/v2\/product\/37969","targetHints":{"allow":["GET"]}}],"collection":[{"href":"https:\/\/www.alquera.com\/fr\/wp-json\/wp\/v2\/product"}],"about":[{"href":"https:\/\/www.alquera.com\/fr\/wp-json\/wp\/v2\/types\/product"}],"replies":[{"embeddable":true,"href":"https:\/\/www.alquera.com\/fr\/wp-json\/wp\/v2\/comments?post=37969"}],"wp:featuredmedia":[{"embeddable":true,"href":"https:\/\/www.alquera.com\/fr\/wp-json\/wp\/v2\/media\/38104"}],"wp:attachment":[{"href":"https:\/\/www.alquera.com\/fr\/wp-json\/wp\/v2\/media?parent=37969"}],"wp:term":[{"taxonomy":"product_brand","embeddable":true,"href":"https:\/\/www.alquera.com\/fr\/wp-json\/wp\/v2\/product_brand?post=37969"},{"taxonomy":"product_cat","embeddable":true,"href":"https:\/\/www.alquera.com\/fr\/wp-json\/wp\/v2\/product_cat?post=37969"},{"taxonomy":"product_tag","embeddable":true,"href":"https:\/\/www.alquera.com\/fr\/wp-json\/wp\/v2\/product_tag?post=37969"}],"curies":[{"name":"wp","href":"https:\/\/api.w.org\/{rel}","templated":true}]}}