{"id":38359,"date":"2022-05-27T09:22:09","date_gmt":"2022-05-27T09:22:09","guid":{"rendered":"https:\/\/www.alquera.com\/?post_type=product&#038;p=38359"},"modified":"2026-02-23T16:11:36","modified_gmt":"2026-02-23T16:11:36","slug":"nitrato-de-plata","status":"publish","type":"product","link":"https:\/\/www.alquera.com\/fr\/nitrato-de-plata\/","title":{"rendered":"Nitrate d'argent"},"content":{"rendered":"<h2>NITRATE D'ARGENT<\/h2>\n<p>El nitrato de plata es un compuesto inorg\u00e1nico ampliamente utilizado para identificar la presencia de cloruros en diferentes soluciones. Al disolverse en agua y reaccionar con cobre, se produce nitrato de cobre. Posteriormente, el proceso de filtrado permite separar la plata, que queda retenida en el filtro.<\/p>\n<h2>PROPIEDADES DEL NITRATO DE PLATA<\/h2>\n<p><strong>Nom:<\/strong> Nitrate d'argent<br \/>\n<strong>CAS:<\/strong> 7761-88-8<br \/>\n<strong>CE:<\/strong> 231-853-9<br \/>\n<strong>Formule mol\u00e9culaire:<\/strong> AgNO3<br \/>\nPureza &gt; 99,8%<\/p>\n<ul>\n<li>\u00c9tat physique : solide<\/li>\n<li>Couleur: Incolore<\/li>\n<li>Odeur: Caract\u00e9ristique<\/li>\n<li>Point de fusion\/point de cong\u00e9lation : 210\u00baC<\/li>\n<li>Point d'\u00e9bullition ou point d'\u00e9bullition initial et intervalle d'\u00e9bullition : 444\u00b0C<\/li>\n<li>Inflammabilit\u00e9 : Danger d'incendie en contact avec des mat\u00e9riaux combustibles.<\/li>\n<li>Eau : Insoluble<\/li>\n<li>Densit\u00e9 \u00e0 20\u00baC : 4,35 g\/cm3<\/li>\n<li>Forme: Cristallin<\/li>\n<li>Poids mol\u00e9culaire : 169,87 g\/mol<\/li>\n<li>Solides oxydants : Peut aggraver un incendie ; oxydant<\/li>\n<li>Corrosif pour les m\u00e9taux : Peut \u00eatre corrosif pour les m\u00e9taux.<\/li>\n<\/ul>\n<h2>USAGES<\/h2>\n<ul>\n<li>Industrie chimique des m\u00e9taux pr\u00e9cieux<\/li>\n<li>Fotograf\u00eda.<\/li>\n<\/ul>","protected":false},"excerpt":{"rendered":"<p>Achetez du nitrate d'argent \u00e0 partir de 25g et 50g. Le prix des diff\u00e9rents formats de nitrate d'argent que vous pouvez voir lorsque vous s\u00e9lectionnez le format que vous voulez. La commande est effectu\u00e9e directement par le Web en suivant les \u00e9tapes indiqu\u00e9es, \u00e9tant livr\u00e9e en 24\/48 heures.<\/p>","protected":false},"featured_media":40812,"comment_status":"open","ping_status":"closed","template":"","meta":{"_acf_changed":false,"site-sidebar-layout":"default","site-content-layout":"default","ast-site-content-layout":"default","site-content-style":"default","site-sidebar-style":"default","ast-global-header-display":"","ast-banner-title-visibility":"","ast-main-header-display":"disabled","ast-hfb-above-header-display":"","ast-hfb-below-header-display":"","ast-hfb-mobile-header-display":"","site-post-title":"","ast-breadcrumbs-content":"","ast-featured-img":"","footer-sml-layout":"","ast-disable-related-posts":"","theme-transparent-header-meta":"default","adv-header-id-meta":"","stick-header-meta":"default","header-above-stick-meta":"","header-main-stick-meta":"","header-below-stick-meta":"","astra-migrate-meta-layouts":"set","ast-page-background-enabled":"default","ast-page-background-meta":{"desktop":{"background-color":"var(--ast-global-color-4)","background-image":"","background-repeat":"repeat","background-position":"center center","background-size":"auto","background-attachment":"scroll","background-type":"","background-media":"","overlay-type":"","overlay-color":"","overlay-opacity":"","overlay-gradient":""},"tablet":{"background-color":"","background-image":"","background-repeat":"repeat","background-position":"center center","background-size":"auto","background-attachment":"scroll","background-type":"","background-media":"","overlay-type":"","overlay-color":"","overlay-opacity":"","overlay-gradient":""},"mobile":{"background-color":"","background-image":"","background-repeat":"repeat","background-position":"center center","background-size":"auto","background-attachment":"scroll","background-type":"","background-media":"","overlay-type":"","overlay-color":"","overlay-opacity":"","overlay-gradient":""}},"ast-content-background-meta":{"desktop":{"background-color":"var(--ast-global-color-5)","background-image":"","background-repeat":"repeat","background-position":"center center","background-size":"auto","background-attachment":"scroll","background-type":"","background-media":"","overlay-type":"","overlay-color":"","overlay-opacity":"","overlay-gradient":""},"tablet":{"background-color":"var(--ast-global-color-5)","background-image":"","background-repeat":"repeat","background-position":"center center","background-size":"auto","background-attachment":"scroll","background-type":"","background-media":"","overlay-type":"","overlay-color":"","overlay-opacity":"","overlay-gradient":""},"mobile":{"background-color":"var(--ast-global-color-5)","background-image":"","background-repeat":"repeat","background-position":"center center","background-size":"auto","background-attachment":"scroll","background-type":"","background-media":"","overlay-type":"","overlay-color":"","overlay-opacity":"","overlay-gradient":""}}},"product_brand":[],"product_cat":[21],"product_tag":[],"class_list":{"0":"post-38359","1":"product","2":"type-product","3":"status-publish","4":"has-post-thumbnail","6":"product_cat-productos","7":"pa_unidades-25g","8":"pa_unidades-50g","9":"desktop-align-left","10":"tablet-align-left","11":"mobile-align-left","12":"ast-product-gallery-layout-horizontal-slider","13":"ast-magnify-disabled","14":"ast-product-single-variable","15":"ast-product-tabs-layout-horizontal","16":"ast-qv-on-image","18":"first","19":"instock","20":"taxable","21":"shipping-taxable","22":"purchasable","23":"product-type-variable","24":"has-default-attributes"},"acf":[],"yoast_head":"<!-- This site is optimized with the Yoast SEO Premium plugin v27.1 (Yoast SEO v27.1.1) - https:\/\/yoast.com\/product\/yoast-seo-premium-wordpress\/ -->\n<title>Nitrato de Plata: Comprar Online - Alquera.com<\/title>\n<meta name=\"description\" content=\"ENV\u00cdOS EN 24\/48H. Comprar Nitrato de Plata en Alquera, sus funciones principales son para la industria qu\u00edmica, fotograf\u00eda ...\" \/>\n<meta name=\"robots\" content=\"index, follow, max-snippet:-1, max-image-preview:large, max-video-preview:-1\" \/>\n<link rel=\"canonical\" href=\"https:\/\/www.alquera.com\/fr\/nitrato-de-plata\/\" \/>\n<meta property=\"og:locale\" content=\"fr_FR\" \/>\n<meta property=\"og:type\" content=\"article\" \/>\n<meta property=\"og:title\" content=\"Nitrato de Plata: Comprar Online - Alquera.com\" \/>\n<meta property=\"og:description\" content=\"ENV\u00cdOS EN 24\/48H. Comprar Nitrato de Plata en Alquera, sus funciones principales son para la industria qu\u00edmica, fotograf\u00eda ...\" \/>\n<meta property=\"og:url\" content=\"https:\/\/www.alquera.com\/fr\/nitrato-de-plata\/\" \/>\n<meta property=\"og:site_name\" content=\"Alquera.com\" \/>\n<meta property=\"article:publisher\" content=\"https:\/\/www.facebook.com\/alqueraciencia\" \/>\n<meta property=\"article:modified_time\" content=\"2026-02-23T16:11:36+00:00\" \/>\n<meta property=\"og:image\" content=\"https:\/\/www.alquera.com\/wp-content\/uploads\/2022\/05\/IMG-8953.png\" \/>\n\t<meta property=\"og:image:width\" content=\"900\" \/>\n\t<meta property=\"og:image:height\" content=\"900\" \/>\n\t<meta property=\"og:image:type\" content=\"image\/png\" \/>\n<meta name=\"twitter:card\" content=\"summary_large_image\" \/>\n<meta name=\"twitter:label1\" content=\"Disponibilit\u00e9\" \/>\n\t<meta name=\"twitter:data1\" content=\"En stock\" \/>\n<script type=\"application\/ld+json\" class=\"yoast-schema-graph\">{\"@context\":\"https:\/\/schema.org\",\"@graph\":[{\"@type\":[\"WebPage\",\"ItemPage\"],\"@id\":\"https:\/\/www.alquera.com\/nitrato-de-plata\/\",\"url\":\"https:\/\/www.alquera.com\/nitrato-de-plata\/\",\"name\":\"Nitrato de Plata: Comprar Online - Alquera.com\",\"isPartOf\":{\"@id\":\"https:\/\/www.alquera.com\/en\/#website\"},\"primaryImageOfPage\":{\"@id\":\"https:\/\/www.alquera.com\/nitrato-de-plata\/#primaryimage\"},\"image\":{\"@id\":\"https:\/\/www.alquera.com\/nitrato-de-plata\/#primaryimage\"},\"thumbnailUrl\":\"https:\/\/www.alquera.com\/wp-content\/uploads\/2022\/05\/IMG-8953.png\",\"datePublished\":\"2022-05-27T09:22:09+00:00\",\"dateModified\":\"2026-02-23T16:11:36+00:00\",\"description\":\"ENV\u00cdOS EN 24\/48H. Comprar Nitrato de Plata en Alquera, sus funciones principales son para la industria qu\u00edmica, fotograf\u00eda ...\",\"breadcrumb\":{\"@id\":\"https:\/\/www.alquera.com\/nitrato-de-plata\/#breadcrumb\"},\"inLanguage\":\"fr-FR\",\"potentialAction\":[{\"@type\":\"ReadAction\",\"target\":[\"https:\/\/www.alquera.com\/nitrato-de-plata\/\"]}]},{\"@type\":\"ImageObject\",\"inLanguage\":\"fr-FR\",\"@id\":\"https:\/\/www.alquera.com\/nitrato-de-plata\/#primaryimage\",\"url\":\"https:\/\/www.alquera.com\/wp-content\/uploads\/2022\/05\/IMG-8953.png\",\"contentUrl\":\"https:\/\/www.alquera.com\/wp-content\/uploads\/2022\/05\/IMG-8953.png\",\"width\":900,\"height\":900,\"caption\":\"NITRATO DE PLATA\"},{\"@type\":\"BreadcrumbList\",\"@id\":\"https:\/\/www.alquera.com\/nitrato-de-plata\/#breadcrumb\",\"itemListElement\":[{\"@type\":\"ListItem\",\"position\":1,\"name\":\"Inicio\",\"item\":\"https:\/\/www.alquera.com\/\"},{\"@type\":\"ListItem\",\"position\":2,\"name\":\"Alquera.com: Tienda Online de Productos Qu\u00edmicos y Material de Laboratorio\",\"item\":\"https:\/\/www.alquera.com\/en\/tienda\/\"},{\"@type\":\"ListItem\",\"position\":3,\"name\":\"Nitrato de Plata\"}]},{\"@type\":\"WebSite\",\"@id\":\"https:\/\/www.alquera.com\/en\/#website\",\"url\":\"https:\/\/www.alquera.com\/en\/\",\"name\":\"Alquera.com\",\"description\":\"Tienda Online Productos Qu\u00edmicos y Material de Laboratorio\",\"publisher\":{\"@id\":\"https:\/\/www.alquera.com\/en\/#organization\"},\"potentialAction\":[{\"@type\":\"SearchAction\",\"target\":{\"@type\":\"EntryPoint\",\"urlTemplate\":\"https:\/\/www.alquera.com\/en\/?s={search_term_string}\"},\"query-input\":{\"@type\":\"PropertyValueSpecification\",\"valueRequired\":true,\"valueName\":\"search_term_string\"}}],\"inLanguage\":\"fr-FR\"},{\"@type\":\"Organization\",\"@id\":\"https:\/\/www.alquera.com\/en\/#organization\",\"name\":\"ALQUERA CIENCIA SL\",\"url\":\"https:\/\/www.alquera.com\/en\/\",\"logo\":{\"@type\":\"ImageObject\",\"inLanguage\":\"fr-FR\",\"@id\":\"https:\/\/www.alquera.com\/en\/#\/schema\/logo\/image\/\",\"url\":\"https:\/\/www.alquera.com\/wp-content\/uploads\/2020\/11\/logo_300_ancho.png\",\"contentUrl\":\"https:\/\/www.alquera.com\/wp-content\/uploads\/2020\/11\/logo_300_ancho.png\",\"width\":300,\"height\":86,\"caption\":\"ALQUERA CIENCIA SL\"},\"image\":{\"@id\":\"https:\/\/www.alquera.com\/en\/#\/schema\/logo\/image\/\"},\"sameAs\":[\"https:\/\/www.facebook.com\/alqueraciencia\",\"https:\/\/www.instagram.com\/alquera_ciencia\/\",\"https:\/\/www.youtube.com\/c\/alquera\"]}]}<\/script>\n<meta property=\"og:availability\" content=\"instock\" \/>\n<meta property=\"product:availability\" content=\"instock\" \/>\n<meta property=\"product:condition\" content=\"new\" \/>\n<!-- \/ Yoast SEO Premium plugin. -->","yoast_head_json":{"title":"Nitrate d'argent : Acheter en ligne - Alquera.com","description":"EXP\u00c9DITIONS EN 24\/48H. Acheter du nitrate d'argent \u00e0 Alquera, ses principales fonctions sont pour l'industrie chimique, la photographie ...","robots":{"index":"index","follow":"follow","max-snippet":"max-snippet:-1","max-image-preview":"max-image-preview:large","max-video-preview":"max-video-preview:-1"},"canonical":"https:\/\/www.alquera.com\/fr\/nitrato-de-plata\/","og_locale":"fr_FR","og_type":"article","og_title":"Nitrato de Plata: Comprar Online - Alquera.com","og_description":"ENV\u00cdOS EN 24\/48H. Comprar Nitrato de Plata en Alquera, sus funciones principales son para la industria qu\u00edmica, fotograf\u00eda ...","og_url":"https:\/\/www.alquera.com\/fr\/nitrato-de-plata\/","og_site_name":"Alquera.com","article_publisher":"https:\/\/www.facebook.com\/alqueraciencia","article_modified_time":"2026-02-23T16:11:36+00:00","og_image":[{"width":900,"height":900,"url":"https:\/\/www.alquera.com\/wp-content\/uploads\/2022\/05\/IMG-8953.png","type":"image\/png"}],"twitter_card":"summary_large_image","twitter_misc":{"Disponibilit\u00e9":"En stock"},"schema":{"@context":"https:\/\/schema.org","@graph":[{"@type":["WebPage","ItemPage"],"@id":"https:\/\/www.alquera.com\/nitrato-de-plata\/","url":"https:\/\/www.alquera.com\/nitrato-de-plata\/","name":"Nitrate d'argent : Acheter en ligne - Alquera.com","isPartOf":{"@id":"https:\/\/www.alquera.com\/en\/#website"},"primaryImageOfPage":{"@id":"https:\/\/www.alquera.com\/nitrato-de-plata\/#primaryimage"},"image":{"@id":"https:\/\/www.alquera.com\/nitrato-de-plata\/#primaryimage"},"thumbnailUrl":"https:\/\/www.alquera.com\/wp-content\/uploads\/2022\/05\/IMG-8953.png","datePublished":"2022-05-27T09:22:09+00:00","dateModified":"2026-02-23T16:11:36+00:00","description":"EXP\u00c9DITIONS EN 24\/48H. Acheter du nitrate d'argent \u00e0 Alquera, ses principales fonctions sont pour l'industrie chimique, la photographie ...","breadcrumb":{"@id":"https:\/\/www.alquera.com\/nitrato-de-plata\/#breadcrumb"},"inLanguage":"fr-FR","potentialAction":[{"@type":"ReadAction","target":["https:\/\/www.alquera.com\/nitrato-de-plata\/"]}]},{"@type":"ImageObject","inLanguage":"fr-FR","@id":"https:\/\/www.alquera.com\/nitrato-de-plata\/#primaryimage","url":"https:\/\/www.alquera.com\/wp-content\/uploads\/2022\/05\/IMG-8953.png","contentUrl":"https:\/\/www.alquera.com\/wp-content\/uploads\/2022\/05\/IMG-8953.png","width":900,"height":900,"caption":"NITRATO DE PLATA"},{"@type":"BreadcrumbList","@id":"https:\/\/www.alquera.com\/nitrato-de-plata\/#breadcrumb","itemListElement":[{"@type":"ListItem","position":1,"name":"Inicio","item":"https:\/\/www.alquera.com\/"},{"@type":"ListItem","position":2,"name":"Alquera.com: Tienda Online de Productos Qu\u00edmicos y Material de Laboratorio","item":"https:\/\/www.alquera.com\/en\/tienda\/"},{"@type":"ListItem","position":3,"name":"Nitrato de Plata"}]},{"@type":"WebSite","@id":"https:\/\/www.alquera.com\/en\/#website","url":"https:\/\/www.alquera.com\/en\/","name":"Alquera.com","description":"Boutique en ligne Produits chimiques et \u00e9quipements de laboratoire","publisher":{"@id":"https:\/\/www.alquera.com\/en\/#organization"},"potentialAction":[{"@type":"SearchAction","target":{"@type":"EntryPoint","urlTemplate":"https:\/\/www.alquera.com\/en\/?s={search_term_string}"},"query-input":{"@type":"PropertyValueSpecification","valueRequired":true,"valueName":"search_term_string"}}],"inLanguage":"fr-FR"},{"@type":"Organization","@id":"https:\/\/www.alquera.com\/en\/#organization","name":"ALQUERA CIENCIA SL","url":"https:\/\/www.alquera.com\/en\/","logo":{"@type":"ImageObject","inLanguage":"fr-FR","@id":"https:\/\/www.alquera.com\/en\/#\/schema\/logo\/image\/","url":"https:\/\/www.alquera.com\/wp-content\/uploads\/2020\/11\/logo_300_ancho.png","contentUrl":"https:\/\/www.alquera.com\/wp-content\/uploads\/2020\/11\/logo_300_ancho.png","width":300,"height":86,"caption":"ALQUERA CIENCIA SL"},"image":{"@id":"https:\/\/www.alquera.com\/en\/#\/schema\/logo\/image\/"},"sameAs":["https:\/\/www.facebook.com\/alqueraciencia","https:\/\/www.instagram.com\/alquera_ciencia\/","https:\/\/www.youtube.com\/c\/alquera"]}]},"og_availability":"instock","product_availability":"instock","product_condition":"new"},"_links":{"self":[{"href":"https:\/\/www.alquera.com\/fr\/wp-json\/wp\/v2\/product\/38359","targetHints":{"allow":["GET"]}}],"collection":[{"href":"https:\/\/www.alquera.com\/fr\/wp-json\/wp\/v2\/product"}],"about":[{"href":"https:\/\/www.alquera.com\/fr\/wp-json\/wp\/v2\/types\/product"}],"replies":[{"embeddable":true,"href":"https:\/\/www.alquera.com\/fr\/wp-json\/wp\/v2\/comments?post=38359"}],"wp:featuredmedia":[{"embeddable":true,"href":"https:\/\/www.alquera.com\/fr\/wp-json\/wp\/v2\/media\/40812"}],"wp:attachment":[{"href":"https:\/\/www.alquera.com\/fr\/wp-json\/wp\/v2\/media?parent=38359"}],"wp:term":[{"taxonomy":"product_brand","embeddable":true,"href":"https:\/\/www.alquera.com\/fr\/wp-json\/wp\/v2\/product_brand?post=38359"},{"taxonomy":"product_cat","embeddable":true,"href":"https:\/\/www.alquera.com\/fr\/wp-json\/wp\/v2\/product_cat?post=38359"},{"taxonomy":"product_tag","embeddable":true,"href":"https:\/\/www.alquera.com\/fr\/wp-json\/wp\/v2\/product_tag?post=38359"}],"curies":[{"name":"wp","href":"https:\/\/api.w.org\/{rel}","templated":true}]}}