{"id":38622,"date":"2022-06-22T07:59:25","date_gmt":"2022-06-22T07:59:25","guid":{"rendered":"https:\/\/www.alquera.com\/?post_type=product&#038;p=38622"},"modified":"2023-02-28T10:26:40","modified_gmt":"2023-02-28T10:26:40","slug":"carbon-activo-pellets","status":"publish","type":"product","link":"https:\/\/www.alquera.com\/fr\/carbon-activo-pellets\/","title":{"rendered":"Granul\u00e9s de charbon actif"},"content":{"rendered":"<p>EcoSorbTM GXB est un charbon actif en granul\u00e9s adapt\u00e9 pour l\u2019\u00e9limination d\u2019un<br \/>\nlarge gamme de polluants organiques en phase vapeur. La pr\u00e9dominance de microporeux assure une \u00e9limination efficace des contaminants de faible poids mol\u00e9culaire, m\u00eame pr\u00e9sents en faibles concentrations. La forme du charbon actif offre une duret\u00e9 et une durabilit\u00e9 exceptionnelles.<br \/>\nCe charbon actif peut \u00eatre utilis\u00e9 pour la purification des gaz inertes, par exemple le dioxyde de carbone et l\u2019azote.<\/p>\n<p><img loading=\"lazy\" decoding=\"async\" class=\"alignnone size-medium wp-image-38631\" src=\"https:\/\/www.alquera.com\/wp-content\/uploads\/2022\/06\/espsecificacion-300x171.png\" alt=\"\" width=\"300\" height=\"171\" srcset=\"https:\/\/www.alquera.com\/wp-content\/uploads\/2022\/06\/espsecificacion-300x171.png 300w, https:\/\/www.alquera.com\/wp-content\/uploads\/2022\/06\/espsecificacion-600x342.png 600w, https:\/\/www.alquera.com\/wp-content\/uploads\/2022\/06\/espsecificacion.png 745w\" sizes=\"auto, (max-width: 300px) 100vw, 300px\" \/><\/p>","protected":false},"excerpt":{"rendered":"<p>Acheter Charbon actif dans Pellets dans sachets de 1kg jusqu'\u00e0 sacs de 25Kg. Le prix des diff\u00e9rents formats de Charbon actif dans Pellets  vous pouvez le voir en s\u00e9lectionnant le format que vous souhaitez. La commande se r\u00e9alise directement par la web et vous devez suivre les \u00e9tapes indiqu\u00e9es. L'envoie se fait par UPS et vous le recevrez dans 4-5 jours.<\/p>","protected":false},"featured_media":38629,"comment_status":"open","ping_status":"closed","template":"","meta":{"_acf_changed":false,"site-sidebar-layout":"default","site-content-layout":"default","ast-site-content-layout":"default","site-content-style":"default","site-sidebar-style":"default","ast-global-header-display":"","ast-banner-title-visibility":"","ast-main-header-display":"","ast-hfb-above-header-display":"","ast-hfb-below-header-display":"","ast-hfb-mobile-header-display":"","site-post-title":"","ast-breadcrumbs-content":"","ast-featured-img":"","footer-sml-layout":"","ast-disable-related-posts":"","theme-transparent-header-meta":"default","adv-header-id-meta":"","stick-header-meta":"default","header-above-stick-meta":"","header-main-stick-meta":"","header-below-stick-meta":"","astra-migrate-meta-layouts":"default","ast-page-background-enabled":"default","ast-page-background-meta":{"desktop":{"background-color":"var(--ast-global-color-4)","background-image":"","background-repeat":"repeat","background-position":"center center","background-size":"auto","background-attachment":"scroll","background-type":"","background-media":"","overlay-type":"","overlay-color":"","overlay-opacity":"","overlay-gradient":""},"tablet":{"background-color":"","background-image":"","background-repeat":"repeat","background-position":"center center","background-size":"auto","background-attachment":"scroll","background-type":"","background-media":"","overlay-type":"","overlay-color":"","overlay-opacity":"","overlay-gradient":""},"mobile":{"background-color":"","background-image":"","background-repeat":"repeat","background-position":"center center","background-size":"auto","background-attachment":"scroll","background-type":"","background-media":"","overlay-type":"","overlay-color":"","overlay-opacity":"","overlay-gradient":""}},"ast-content-background-meta":{"desktop":{"background-color":"var(--ast-global-color-5)","background-image":"","background-repeat":"repeat","background-position":"center center","background-size":"auto","background-attachment":"scroll","background-type":"","background-media":"","overlay-type":"","overlay-color":"","overlay-opacity":"","overlay-gradient":""},"tablet":{"background-color":"var(--ast-global-color-5)","background-image":"","background-repeat":"repeat","background-position":"center center","background-size":"auto","background-attachment":"scroll","background-type":"","background-media":"","overlay-type":"","overlay-color":"","overlay-opacity":"","overlay-gradient":""},"mobile":{"background-color":"var(--ast-global-color-5)","background-image":"","background-repeat":"repeat","background-position":"center center","background-size":"auto","background-attachment":"scroll","background-type":"","background-media":"","overlay-type":"","overlay-color":"","overlay-opacity":"","overlay-gradient":""}}},"product_brand":[],"product_cat":[324,21],"product_tag":[],"class_list":{"0":"post-38622","1":"product","2":"type-product","3":"status-publish","4":"has-post-thumbnail","6":"product_cat-carbon-activo","7":"product_cat-productos","8":"pa_cantidad-1kg","9":"pa_cantidad-25kg","10":"desktop-align-left","11":"tablet-align-left","12":"mobile-align-left","13":"ast-product-gallery-layout-horizontal-slider","14":"ast-product-gallery-with-no-image","15":"ast-magnify-disabled","16":"ast-product-single-variable","17":"ast-product-tabs-layout-horizontal","18":"ast-qv-on-image","20":"first","21":"instock","22":"taxable","23":"shipping-taxable","24":"purchasable","25":"product-type-variable","26":"has-default-attributes"},"acf":[],"yoast_head":"<!-- This site is optimized with the Yoast SEO Premium plugin v27.1 (Yoast SEO v27.1.1) - https:\/\/yoast.com\/product\/yoast-seo-premium-wordpress\/ -->\n<title>Carb\u00f3n Activo en Pellets: Comprar Online - Alquera.com<\/title>\n<meta name=\"robots\" content=\"index, follow, max-snippet:-1, max-image-preview:large, max-video-preview:-1\" \/>\n<link rel=\"canonical\" href=\"https:\/\/www.alquera.com\/fr\/carbon-activo-pellets\/\" \/>\n<meta property=\"og:locale\" content=\"fr_FR\" \/>\n<meta property=\"og:type\" content=\"article\" \/>\n<meta property=\"og:title\" content=\"Carb\u00f3n Activo en Pellets: Comprar Online - Alquera.com\" \/>\n<meta property=\"og:description\" content=\"Comprar Carb\u00f3n Activo en Pellets, en formato de 1kg y saco de 25kg. El precio de los diferentes formatos de Carb\u00f3n Activo en Pellets lo puedes ver al seleccionar el formato que deseas. El pedido se realiza directamente por la Web siguiendo los pasos que se indican, haci\u00e9ndose la entrega en 24\/48 horas.\" \/>\n<meta property=\"og:url\" content=\"https:\/\/www.alquera.com\/fr\/carbon-activo-pellets\/\" \/>\n<meta property=\"og:site_name\" content=\"Alquera.com\" \/>\n<meta property=\"article:publisher\" content=\"https:\/\/www.facebook.com\/alqueraciencia\" \/>\n<meta property=\"article:modified_time\" content=\"2023-02-28T10:26:40+00:00\" \/>\n<meta property=\"og:image\" content=\"https:\/\/www.alquera.com\/wp-content\/uploads\/2022\/06\/CARBON-ACTIVO-EN-PELLETS-600.png\" \/>\n\t<meta property=\"og:image:width\" content=\"600\" \/>\n\t<meta property=\"og:image:height\" content=\"600\" \/>\n\t<meta property=\"og:image:type\" content=\"image\/png\" \/>\n<meta name=\"twitter:card\" content=\"summary_large_image\" \/>\n<meta name=\"twitter:label1\" content=\"Disponibilit\u00e9\" \/>\n\t<meta name=\"twitter:data1\" content=\"En stock\" \/>\n<script type=\"application\/ld+json\" class=\"yoast-schema-graph\">{\"@context\":\"https:\/\/schema.org\",\"@graph\":[{\"@type\":[\"WebPage\",\"ItemPage\"],\"@id\":\"https:\/\/www.alquera.com\/carbon-activo-pellets\/\",\"url\":\"https:\/\/www.alquera.com\/carbon-activo-pellets\/\",\"name\":\"Carb\u00f3n Activo en Pellets: Comprar Online - Alquera.com\",\"isPartOf\":{\"@id\":\"https:\/\/www.alquera.com\/en\/#website\"},\"primaryImageOfPage\":{\"@id\":\"https:\/\/www.alquera.com\/carbon-activo-pellets\/#primaryimage\"},\"image\":{\"@id\":\"https:\/\/www.alquera.com\/carbon-activo-pellets\/#primaryimage\"},\"thumbnailUrl\":\"https:\/\/www.alquera.com\/wp-content\/uploads\/2022\/06\/CARBON-ACTIVO-EN-PELLETS-600.png\",\"datePublished\":\"2022-06-22T07:59:25+00:00\",\"dateModified\":\"2023-02-28T10:26:40+00:00\",\"breadcrumb\":{\"@id\":\"https:\/\/www.alquera.com\/carbon-activo-pellets\/#breadcrumb\"},\"inLanguage\":\"fr-FR\",\"potentialAction\":[{\"@type\":\"ReadAction\",\"target\":[\"https:\/\/www.alquera.com\/carbon-activo-pellets\/\"]}]},{\"@type\":\"ImageObject\",\"inLanguage\":\"fr-FR\",\"@id\":\"https:\/\/www.alquera.com\/carbon-activo-pellets\/#primaryimage\",\"url\":\"https:\/\/www.alquera.com\/wp-content\/uploads\/2022\/06\/CARBON-ACTIVO-EN-PELLETS-600.png\",\"contentUrl\":\"https:\/\/www.alquera.com\/wp-content\/uploads\/2022\/06\/CARBON-ACTIVO-EN-PELLETS-600.png\",\"width\":600,\"height\":600,\"caption\":\"CARBON ACTIVO EN PELLETS\"},{\"@type\":\"BreadcrumbList\",\"@id\":\"https:\/\/www.alquera.com\/carbon-activo-pellets\/#breadcrumb\",\"itemListElement\":[{\"@type\":\"ListItem\",\"position\":1,\"name\":\"Inicio\",\"item\":\"https:\/\/www.alquera.com\/\"},{\"@type\":\"ListItem\",\"position\":2,\"name\":\"Alquera.com: Tienda Online de Productos Qu\u00edmicos y Material de Laboratorio\",\"item\":\"https:\/\/www.alquera.com\/en\/tienda\/\"},{\"@type\":\"ListItem\",\"position\":3,\"name\":\"Carb\u00f3n Activo en Pellets\"}]},{\"@type\":\"WebSite\",\"@id\":\"https:\/\/www.alquera.com\/en\/#website\",\"url\":\"https:\/\/www.alquera.com\/en\/\",\"name\":\"Alquera.com\",\"description\":\"Tienda Online Productos Qu\u00edmicos y Material de Laboratorio\",\"publisher\":{\"@id\":\"https:\/\/www.alquera.com\/en\/#organization\"},\"potentialAction\":[{\"@type\":\"SearchAction\",\"target\":{\"@type\":\"EntryPoint\",\"urlTemplate\":\"https:\/\/www.alquera.com\/en\/?s={search_term_string}\"},\"query-input\":{\"@type\":\"PropertyValueSpecification\",\"valueRequired\":true,\"valueName\":\"search_term_string\"}}],\"inLanguage\":\"fr-FR\"},{\"@type\":\"Organization\",\"@id\":\"https:\/\/www.alquera.com\/en\/#organization\",\"name\":\"ALQUERA CIENCIA SL\",\"url\":\"https:\/\/www.alquera.com\/en\/\",\"logo\":{\"@type\":\"ImageObject\",\"inLanguage\":\"fr-FR\",\"@id\":\"https:\/\/www.alquera.com\/en\/#\/schema\/logo\/image\/\",\"url\":\"https:\/\/www.alquera.com\/wp-content\/uploads\/2020\/11\/logo_300_ancho.png\",\"contentUrl\":\"https:\/\/www.alquera.com\/wp-content\/uploads\/2020\/11\/logo_300_ancho.png\",\"width\":300,\"height\":86,\"caption\":\"ALQUERA CIENCIA SL\"},\"image\":{\"@id\":\"https:\/\/www.alquera.com\/en\/#\/schema\/logo\/image\/\"},\"sameAs\":[\"https:\/\/www.facebook.com\/alqueraciencia\",\"https:\/\/www.instagram.com\/alquera_ciencia\/\",\"https:\/\/www.youtube.com\/c\/alquera\"]}]}<\/script>\n<meta property=\"og:availability\" content=\"instock\" \/>\n<meta property=\"product:availability\" content=\"instock\" \/>\n<meta property=\"product:condition\" content=\"new\" \/>\n<!-- \/ Yoast SEO Premium plugin. -->","yoast_head_json":{"title":"Pellets de charbon de bois : Acheter en ligne - Alquera.com","robots":{"index":"index","follow":"follow","max-snippet":"max-snippet:-1","max-image-preview":"max-image-preview:large","max-video-preview":"max-video-preview:-1"},"canonical":"https:\/\/www.alquera.com\/fr\/carbon-activo-pellets\/","og_locale":"fr_FR","og_type":"article","og_title":"Carb\u00f3n Activo en Pellets: Comprar Online - Alquera.com","og_description":"Comprar Carb\u00f3n Activo en Pellets, en formato de 1kg y saco de 25kg. El precio de los diferentes formatos de Carb\u00f3n Activo en Pellets lo puedes ver al seleccionar el formato que deseas. El pedido se realiza directamente por la Web siguiendo los pasos que se indican, haci\u00e9ndose la entrega en 24\/48 horas.","og_url":"https:\/\/www.alquera.com\/fr\/carbon-activo-pellets\/","og_site_name":"Alquera.com","article_publisher":"https:\/\/www.facebook.com\/alqueraciencia","article_modified_time":"2023-02-28T10:26:40+00:00","og_image":[{"width":600,"height":600,"url":"https:\/\/www.alquera.com\/wp-content\/uploads\/2022\/06\/CARBON-ACTIVO-EN-PELLETS-600.png","type":"image\/png"}],"twitter_card":"summary_large_image","twitter_misc":{"Disponibilit\u00e9":"En stock"},"schema":{"@context":"https:\/\/schema.org","@graph":[{"@type":["WebPage","ItemPage"],"@id":"https:\/\/www.alquera.com\/carbon-activo-pellets\/","url":"https:\/\/www.alquera.com\/carbon-activo-pellets\/","name":"Pellets de charbon de bois : Acheter en ligne - Alquera.com","isPartOf":{"@id":"https:\/\/www.alquera.com\/en\/#website"},"primaryImageOfPage":{"@id":"https:\/\/www.alquera.com\/carbon-activo-pellets\/#primaryimage"},"image":{"@id":"https:\/\/www.alquera.com\/carbon-activo-pellets\/#primaryimage"},"thumbnailUrl":"https:\/\/www.alquera.com\/wp-content\/uploads\/2022\/06\/CARBON-ACTIVO-EN-PELLETS-600.png","datePublished":"2022-06-22T07:59:25+00:00","dateModified":"2023-02-28T10:26:40+00:00","breadcrumb":{"@id":"https:\/\/www.alquera.com\/carbon-activo-pellets\/#breadcrumb"},"inLanguage":"fr-FR","potentialAction":[{"@type":"ReadAction","target":["https:\/\/www.alquera.com\/carbon-activo-pellets\/"]}]},{"@type":"ImageObject","inLanguage":"fr-FR","@id":"https:\/\/www.alquera.com\/carbon-activo-pellets\/#primaryimage","url":"https:\/\/www.alquera.com\/wp-content\/uploads\/2022\/06\/CARBON-ACTIVO-EN-PELLETS-600.png","contentUrl":"https:\/\/www.alquera.com\/wp-content\/uploads\/2022\/06\/CARBON-ACTIVO-EN-PELLETS-600.png","width":600,"height":600,"caption":"CARBON ACTIVO EN PELLETS"},{"@type":"BreadcrumbList","@id":"https:\/\/www.alquera.com\/carbon-activo-pellets\/#breadcrumb","itemListElement":[{"@type":"ListItem","position":1,"name":"Inicio","item":"https:\/\/www.alquera.com\/"},{"@type":"ListItem","position":2,"name":"Alquera.com: Tienda Online de Productos Qu\u00edmicos y Material de Laboratorio","item":"https:\/\/www.alquera.com\/en\/tienda\/"},{"@type":"ListItem","position":3,"name":"Carb\u00f3n Activo en Pellets"}]},{"@type":"WebSite","@id":"https:\/\/www.alquera.com\/en\/#website","url":"https:\/\/www.alquera.com\/en\/","name":"Alquera.com","description":"Boutique en ligne Produits chimiques et \u00e9quipements de laboratoire","publisher":{"@id":"https:\/\/www.alquera.com\/en\/#organization"},"potentialAction":[{"@type":"SearchAction","target":{"@type":"EntryPoint","urlTemplate":"https:\/\/www.alquera.com\/en\/?s={search_term_string}"},"query-input":{"@type":"PropertyValueSpecification","valueRequired":true,"valueName":"search_term_string"}}],"inLanguage":"fr-FR"},{"@type":"Organization","@id":"https:\/\/www.alquera.com\/en\/#organization","name":"ALQUERA CIENCIA SL","url":"https:\/\/www.alquera.com\/en\/","logo":{"@type":"ImageObject","inLanguage":"fr-FR","@id":"https:\/\/www.alquera.com\/en\/#\/schema\/logo\/image\/","url":"https:\/\/www.alquera.com\/wp-content\/uploads\/2020\/11\/logo_300_ancho.png","contentUrl":"https:\/\/www.alquera.com\/wp-content\/uploads\/2020\/11\/logo_300_ancho.png","width":300,"height":86,"caption":"ALQUERA CIENCIA SL"},"image":{"@id":"https:\/\/www.alquera.com\/en\/#\/schema\/logo\/image\/"},"sameAs":["https:\/\/www.facebook.com\/alqueraciencia","https:\/\/www.instagram.com\/alquera_ciencia\/","https:\/\/www.youtube.com\/c\/alquera"]}]},"og_availability":"instock","product_availability":"instock","product_condition":"new"},"_links":{"self":[{"href":"https:\/\/www.alquera.com\/fr\/wp-json\/wp\/v2\/product\/38622","targetHints":{"allow":["GET"]}}],"collection":[{"href":"https:\/\/www.alquera.com\/fr\/wp-json\/wp\/v2\/product"}],"about":[{"href":"https:\/\/www.alquera.com\/fr\/wp-json\/wp\/v2\/types\/product"}],"replies":[{"embeddable":true,"href":"https:\/\/www.alquera.com\/fr\/wp-json\/wp\/v2\/comments?post=38622"}],"wp:featuredmedia":[{"embeddable":true,"href":"https:\/\/www.alquera.com\/fr\/wp-json\/wp\/v2\/media\/38629"}],"wp:attachment":[{"href":"https:\/\/www.alquera.com\/fr\/wp-json\/wp\/v2\/media?parent=38622"}],"wp:term":[{"taxonomy":"product_brand","embeddable":true,"href":"https:\/\/www.alquera.com\/fr\/wp-json\/wp\/v2\/product_brand?post=38622"},{"taxonomy":"product_cat","embeddable":true,"href":"https:\/\/www.alquera.com\/fr\/wp-json\/wp\/v2\/product_cat?post=38622"},{"taxonomy":"product_tag","embeddable":true,"href":"https:\/\/www.alquera.com\/fr\/wp-json\/wp\/v2\/product_tag?post=38622"}],"curies":[{"name":"wp","href":"https:\/\/api.w.org\/{rel}","templated":true}]}}