{"id":39775,"date":"2022-11-11T10:34:55","date_gmt":"2022-11-11T10:34:55","guid":{"rendered":"https:\/\/www.alquera.com\/?post_type=product&#038;p=39775"},"modified":"2025-03-31T11:03:38","modified_gmt":"2025-03-31T11:03:38","slug":"grabar-chapas-hierro","status":"publish","type":"product","link":"https:\/\/www.alquera.com\/fr\/grabar-chapas-hierro\/","title":{"rendered":"Plaques de fer \u00e0 graver \u00e9lectrolytiques - Kit pour 15 utilisations. #Exp4"},"content":{"rendered":"<p>Le kit de gravure \u00e9lectrolytique pour plaques de fer est un kit avec lequel vous disposerez des composants chimiques pour r\u00e9aliser vos plaques de fer grav\u00e9es personnalis\u00e9es.<\/p>\n<h2>CONTENU DU KIT DE GRAVURE \u00c9LECTROLYTIQUE POUR T\u00d4LES DE FER<\/h2>\n<p>Le kit comprend :<\/p>\n<ul>\n<li>15 unit\u00e9s de <a href=\"https:\/\/www.alquera.com\/fr\/chapas-de-hierro\/\">Plaques de fer<\/a><\/li>\n<li>250g <a href=\"https:\/\/www.alquera.com\/fr\/sulfato-de-cobre\/\">Sulfate de Cuivre en Poudre<\/a><\/li>\n<li>250g <a href=\"https:\/\/www.alquera.com\/fr\/cloruro-sodio\/\">Chlorure de sodium<\/a> (sel commun)<\/li>\n<li>3 <a href=\"https:\/\/www.alquera.com\/fr\/vaso-precipitados-polipropileno\/\">Gobelets en polypropyl\u00e8ne<\/a> de 250ml.<\/li>\n<\/ul>\n<p>Le kit ne comprend pas :<\/p>\n<ul>\n<li>Vernis \u00e0 ongles<\/li>\n<li>Alcool\/Ac\u00e9tone pour le nettoyage<\/li>\n<li>Papier de verre de diff\u00e9rents grains<\/li>\n<\/ul>\n<h2>COMMENT GRAVER DES FEUILLES DE FER, \u00c9TAPE PAR \u00c9TAPE<\/h2>\n<p>Nous vous montrons les d\u00e9tails \u00e9tape par \u00e9tape en vid\u00e9o.<\/p>\n<div class=\"ast-oembed-container\" style=\"height: 100%;\"><iframe loading=\"lazy\" title=\"#Exp4 - Reacci\u00f3n Oxidaci\u00f3n entre Hierro y Sulfato de Cobre. Grabado de una Chapa de Hierro\" width=\"500\" height=\"281\" src=\"https:\/\/www.youtube.com\/embed\/n6xppA_wDu8?feature=oembed\" frameborder=\"0\" allow=\"accelerometer; autoplay; clipboard-write; encrypted-media; gyroscope; picture-in-picture; web-share\" referrerpolicy=\"strict-origin-when-cross-origin\" allowfullscreen><\/iframe><\/div>\n<ol>\n<li><span data-sheets-value=\"{&quot;1&quot;:2,&quot;2&quot;:&quot;Colocar el sulfato de cobre y cloruro de sodio (sal com\u00fan) en un vaso con agua. 3 cucharas de cada uno.&quot;}\" data-sheets-userformat=\"{&quot;2&quot;:769,&quot;3&quot;:{&quot;1&quot;:0},&quot;11&quot;:4,&quot;12&quot;:0}\">Placez le sulfate de cuivre et le chlorure de sodium (sel commun) dans un verre d'eau. 3 cuill\u00e8res \u00e0 soupe de chaque.<\/span><\/li>\n<li>Prendre la plaque de fer<\/li>\n<li>Nettoyez tr\u00e8s bien toute la surface avec de l'alcool, y compris en pon\u00e7ant s'il y a des r\u00e9sidus de rouille.<\/li>\n<li>Recouvrez fermement un c\u00f4t\u00e9 de la feuille avec du ruban adh\u00e9sif et faites une bordure sur l'autre c\u00f4t\u00e9.<\/li>\n<li>Vous pouvez faire un dessin sur la pi\u00e8ce avec l'\u00e9mail, vous pouvez utiliser le stylo ou le poin\u00e7on pour r\u00e9aliser des traits plus fins. Vous pouvez \u00e9galement utiliser un autocollant, ou utiliser du papier calque et utiliser votre propre pochoir.<\/li>\n<li>Immergez la pi\u00e8ce et laissez-la pendant 1 \u00e0 2 heures. Plus la feuille reste longtemps dans la solution, plus elle sera attaqu\u00e9e.<\/li>\n<li>Toutes les 15 minutes, enlevez la couche rouge\u00e2tre qui se forme.<\/li>\n<li>Retirez la plaque et plongez-la dans l'eau,<\/li>\n<li>Nettoyez la t\u00f4le : retirez le ruban adh\u00e9sif et enlevez l'\u00e9mail avec de l'ac\u00e9tone et poncez bien la surface avec du papier de verre multigrain.<\/li>\n<\/ol>\n<h2>CE QUE VOUS APPRENEZ DE CETTE EXP\u00c9RIENCE<\/h2>\n<ul>\n<li>La r\u00e9action entre le fer et le sulfate de cuivre permet d'\u00e9tudier la corrosion \u00e9lectrochimique du fer, o\u00f9 l'ion cuivre agit comme un agent oxydant.<\/li>\n<li>Il vous permet de voir les 2 \u00e9l\u00e9ments dans une r\u00e9action d'oxydation-r\u00e9duction, redox, car le fer est oxyd\u00e9 en solution et l'ion cuivre est r\u00e9duit en cuivre m\u00e9tallique et d\u00e9pos\u00e9 sur le fer.<\/li>\n<li>Cette exp\u00e9rience vous permet de voir comment un produit chimique actif agit sur le m\u00e9tal.<\/li>\n<\/ul>\n<h2><strong>EXPLICATION TECHNIQUE<\/strong><\/h2>\n<p><strong>R\u00e9action redox.<\/strong> Cette exp\u00e9rience montre une application pratique d'une r\u00e9action d'oxydation-r\u00e9duction.<\/p>\n<p>Le concept que nous avons de l'oxydation du fer est la couche d'oxyde de fer qui se d\u00e9pose \u00e0 sa surface lorsqu'il est oxyd\u00e9 par l'air. C'est une couche de Fe2O3 (oxyde de fer). Dans ce cas, au lieu d'\u00eatre oxyd\u00e9 par l'oxyg\u00e8ne, le fer sera oxyd\u00e9 par l'ion cuivre. Le fer, Fe, va s'oxyder en ions fer, Fe2+ et Fe3+ passant dans la solution (ce qui fait changer la couleur de la solution).<\/p>\n<p>D'autre part, l'ion cuivre Cu2+ du sulfate sera r\u00e9duit en cuivre Cu. Cela se traduit par une fine couche rouge d\u00e9pos\u00e9e sur le fer. Cette couche n'est pas fix\u00e9e et peut \u00eatre facilement retir\u00e9e de la plaque.<\/p>\n<p>Les r\u00e9actions qui ont donc lieu sont :<\/p>\n<p><strong>CuSO4 + Fe -&gt; FeSO4 + Cu<\/strong><\/p>\n<p>Le r\u00f4le du sel commun, le chlorure de sodium, est de faciliter le mouvement des \u00e9lectrons pour que la r\u00e9action ait lieu.<\/p>","protected":false},"excerpt":{"rendered":"<p>Cette activit\u00e9, qui consiste \u00e0 r\u00e9aliser une gravure \u00e9lectrolytique du fer, est une excellente exp\u00e9rience \u00e0 r\u00e9aliser entre le fer et l'ion cuivre (provenant du sulfate de cuivre). C'est une r\u00e9action d'oxydation-r\u00e9duction qui permet de r\u00e9aliser une gravure sur le fer, par exemple pour fabriquer un badge ou un porte-cl\u00e9s personnalis\u00e9. Vous pouvez acheter un kit pour 15 utilisations, ce qui vous permet de le faire avec 15 personnes ou 15 fois individuellement. Pour commander, suivez les \u00e9tapes indiqu\u00e9es ci-dessous.<\/p>","protected":false},"featured_media":40840,"comment_status":"open","ping_status":"closed","template":"","meta":{"_acf_changed":false,"site-sidebar-layout":"default","site-content-layout":"default","ast-site-content-layout":"default","site-content-style":"default","site-sidebar-style":"default","ast-global-header-display":"","ast-banner-title-visibility":"","ast-main-header-display":"","ast-hfb-above-header-display":"","ast-hfb-below-header-display":"","ast-hfb-mobile-header-display":"","site-post-title":"","ast-breadcrumbs-content":"","ast-featured-img":"","footer-sml-layout":"","ast-disable-related-posts":"","theme-transparent-header-meta":"default","adv-header-id-meta":"","stick-header-meta":"default","header-above-stick-meta":"","header-main-stick-meta":"","header-below-stick-meta":"","astra-migrate-meta-layouts":"set","ast-page-background-enabled":"default","ast-page-background-meta":{"desktop":{"background-color":"var(--ast-global-color-4)","background-image":"","background-repeat":"repeat","background-position":"center center","background-size":"auto","background-attachment":"scroll","background-type":"","background-media":"","overlay-type":"","overlay-color":"","overlay-opacity":"","overlay-gradient":""},"tablet":{"background-color":"","background-image":"","background-repeat":"repeat","background-position":"center center","background-size":"auto","background-attachment":"scroll","background-type":"","background-media":"","overlay-type":"","overlay-color":"","overlay-opacity":"","overlay-gradient":""},"mobile":{"background-color":"","background-image":"","background-repeat":"repeat","background-position":"center center","background-size":"auto","background-attachment":"scroll","background-type":"","background-media":"","overlay-type":"","overlay-color":"","overlay-opacity":"","overlay-gradient":""}},"ast-content-background-meta":{"desktop":{"background-color":"var(--ast-global-color-5)","background-image":"","background-repeat":"repeat","background-position":"center center","background-size":"auto","background-attachment":"scroll","background-type":"","background-media":"","overlay-type":"","overlay-color":"","overlay-opacity":"","overlay-gradient":""},"tablet":{"background-color":"var(--ast-global-color-5)","background-image":"","background-repeat":"repeat","background-position":"center center","background-size":"auto","background-attachment":"scroll","background-type":"","background-media":"","overlay-type":"","overlay-color":"","overlay-opacity":"","overlay-gradient":""},"mobile":{"background-color":"var(--ast-global-color-5)","background-image":"","background-repeat":"repeat","background-position":"center center","background-size":"auto","background-attachment":"scroll","background-type":"","background-media":"","overlay-type":"","overlay-color":"","overlay-opacity":"","overlay-gradient":""}}},"product_brand":[],"product_cat":[329],"product_tag":[],"class_list":{"0":"post-39775","1":"product","2":"type-product","3":"status-publish","4":"has-post-thumbnail","6":"product_cat-experimentos-ciencias","7":"pa_unidades-247","8":"pa_unidades-297","9":"desktop-align-left","10":"tablet-align-left","11":"mobile-align-left","12":"ast-product-gallery-layout-horizontal-slider","13":"ast-magnify-disabled","14":"ast-product-single-variable","15":"ast-product-tabs-layout-horizontal","16":"ast-qv-on-image","18":"first","19":"instock","20":"taxable","21":"shipping-taxable","22":"purchasable","23":"product-type-variable","24":"has-default-attributes"},"acf":[],"yoast_head":"<!-- This site is optimized with the Yoast SEO Premium plugin v27.1 (Yoast SEO v27.1.1) - https:\/\/yoast.com\/product\/yoast-seo-premium-wordpress\/ -->\n<title>Grabado Electrol\u00edtico Chapas de Hierro - Kit para 15 Usos. #Exp4: Comprar Online - Alquera.com<\/title>\n<meta name=\"robots\" content=\"index, follow, max-snippet:-1, max-image-preview:large, max-video-preview:-1\" \/>\n<link rel=\"canonical\" href=\"https:\/\/www.alquera.com\/fr\/grabar-chapas-hierro\/\" \/>\n<meta property=\"og:locale\" content=\"fr_FR\" \/>\n<meta property=\"og:type\" content=\"article\" \/>\n<meta property=\"og:title\" content=\"Grabado Electrol\u00edtico Chapas de Hierro - Kit para 15 Usos. #Exp4: Comprar Online - Alquera.com\" \/>\n<meta property=\"og:description\" content=\"Esta actividad, hacer un grabado electrol\u00edtico del hierro es un gran experimento a realizar entre el hierro y el ion cobre (proveniente del sulfato de cobre). Es una reacci\u00f3n de oxidaci\u00f3n-reducci\u00f3n que permite hacer un grabado sobre el hierro, pudiendo por ejemplo hacer una chapa o un llavero personalizado. Puedes comprar un kit para 15 usos, pudi\u00e9ndolo realizar con 15 personas o 15 veces individuales. Para hacer el pedido sigue los pasos que se indican aqu\u00ed m\u00e1s abajo.\" \/>\n<meta property=\"og:url\" content=\"https:\/\/www.alquera.com\/fr\/grabar-chapas-hierro\/\" \/>\n<meta property=\"og:site_name\" content=\"Alquera.com\" \/>\n<meta property=\"article:publisher\" content=\"https:\/\/www.facebook.com\/alqueraciencia\" \/>\n<meta property=\"article:modified_time\" content=\"2025-03-31T11:03:38+00:00\" \/>\n<meta property=\"og:image\" content=\"https:\/\/www.alquera.com\/wp-content\/uploads\/2022\/11\/KIT-CHAPAS-DE-HIERRO.png\" \/>\n\t<meta property=\"og:image:width\" content=\"900\" \/>\n\t<meta property=\"og:image:height\" content=\"900\" \/>\n\t<meta property=\"og:image:type\" content=\"image\/png\" \/>\n<meta name=\"twitter:card\" content=\"summary_large_image\" \/>\n<meta name=\"twitter:label1\" content=\"Disponibilit\u00e9\" \/>\n\t<meta name=\"twitter:data1\" content=\"En stock\" \/>\n<script type=\"application\/ld+json\" class=\"yoast-schema-graph\">{\"@context\":\"https:\/\/schema.org\",\"@graph\":[{\"@type\":[\"WebPage\",\"ItemPage\"],\"@id\":\"https:\/\/www.alquera.com\/grabar-chapas-hierro\/\",\"url\":\"https:\/\/www.alquera.com\/grabar-chapas-hierro\/\",\"name\":\"Grabado Electrol\u00edtico Chapas de Hierro - Kit para 15 Usos. #Exp4: Comprar Online - Alquera.com\",\"isPartOf\":{\"@id\":\"https:\/\/www.alquera.com\/en\/#website\"},\"primaryImageOfPage\":{\"@id\":\"https:\/\/www.alquera.com\/grabar-chapas-hierro\/#primaryimage\"},\"image\":{\"@id\":\"https:\/\/www.alquera.com\/grabar-chapas-hierro\/#primaryimage\"},\"thumbnailUrl\":\"https:\/\/www.alquera.com\/wp-content\/uploads\/2022\/11\/KIT-CHAPAS-DE-HIERRO.png\",\"datePublished\":\"2022-11-11T10:34:55+00:00\",\"dateModified\":\"2025-03-31T11:03:38+00:00\",\"breadcrumb\":{\"@id\":\"https:\/\/www.alquera.com\/grabar-chapas-hierro\/#breadcrumb\"},\"inLanguage\":\"fr-FR\",\"potentialAction\":[{\"@type\":\"ReadAction\",\"target\":[\"https:\/\/www.alquera.com\/grabar-chapas-hierro\/\"]}]},{\"@type\":\"ImageObject\",\"inLanguage\":\"fr-FR\",\"@id\":\"https:\/\/www.alquera.com\/grabar-chapas-hierro\/#primaryimage\",\"url\":\"https:\/\/www.alquera.com\/wp-content\/uploads\/2022\/11\/KIT-CHAPAS-DE-HIERRO.png\",\"contentUrl\":\"https:\/\/www.alquera.com\/wp-content\/uploads\/2022\/11\/KIT-CHAPAS-DE-HIERRO.png\",\"width\":900,\"height\":900,\"caption\":\"Kit Grabado Chapas de Hierro\"},{\"@type\":\"BreadcrumbList\",\"@id\":\"https:\/\/www.alquera.com\/grabar-chapas-hierro\/#breadcrumb\",\"itemListElement\":[{\"@type\":\"ListItem\",\"position\":1,\"name\":\"Inicio\",\"item\":\"https:\/\/www.alquera.com\/\"},{\"@type\":\"ListItem\",\"position\":2,\"name\":\"Alquera.com: Tienda Online de Productos Qu\u00edmicos y Material de Laboratorio\",\"item\":\"https:\/\/www.alquera.com\/en\/tienda\/\"},{\"@type\":\"ListItem\",\"position\":3,\"name\":\"Grabado Electrol\u00edtico Chapas de Hierro &#8211; Kit para 15 Usos. #Exp4\"}]},{\"@type\":\"WebSite\",\"@id\":\"https:\/\/www.alquera.com\/en\/#website\",\"url\":\"https:\/\/www.alquera.com\/en\/\",\"name\":\"Alquera.com\",\"description\":\"Tienda Online Productos Qu\u00edmicos y Material de Laboratorio\",\"publisher\":{\"@id\":\"https:\/\/www.alquera.com\/en\/#organization\"},\"potentialAction\":[{\"@type\":\"SearchAction\",\"target\":{\"@type\":\"EntryPoint\",\"urlTemplate\":\"https:\/\/www.alquera.com\/en\/?s={search_term_string}\"},\"query-input\":{\"@type\":\"PropertyValueSpecification\",\"valueRequired\":true,\"valueName\":\"search_term_string\"}}],\"inLanguage\":\"fr-FR\"},{\"@type\":\"Organization\",\"@id\":\"https:\/\/www.alquera.com\/en\/#organization\",\"name\":\"ALQUERA CIENCIA SL\",\"url\":\"https:\/\/www.alquera.com\/en\/\",\"logo\":{\"@type\":\"ImageObject\",\"inLanguage\":\"fr-FR\",\"@id\":\"https:\/\/www.alquera.com\/en\/#\/schema\/logo\/image\/\",\"url\":\"https:\/\/www.alquera.com\/wp-content\/uploads\/2020\/11\/logo_300_ancho.png\",\"contentUrl\":\"https:\/\/www.alquera.com\/wp-content\/uploads\/2020\/11\/logo_300_ancho.png\",\"width\":300,\"height\":86,\"caption\":\"ALQUERA CIENCIA SL\"},\"image\":{\"@id\":\"https:\/\/www.alquera.com\/en\/#\/schema\/logo\/image\/\"},\"sameAs\":[\"https:\/\/www.facebook.com\/alqueraciencia\",\"https:\/\/www.instagram.com\/alquera_ciencia\/\",\"https:\/\/www.youtube.com\/c\/alquera\"]}]}<\/script>\n<meta property=\"og:availability\" content=\"instock\" \/>\n<meta property=\"product:availability\" content=\"instock\" \/>\n<meta property=\"product:condition\" content=\"new\" \/>\n<!-- \/ Yoast SEO Premium plugin. -->","yoast_head_json":{"title":"Gravure \u00e9lectrolytique de plaques de fer - Kit pour 15 utilisations. #Exp4 : Acheter en ligne - Alquera.com","robots":{"index":"index","follow":"follow","max-snippet":"max-snippet:-1","max-image-preview":"max-image-preview:large","max-video-preview":"max-video-preview:-1"},"canonical":"https:\/\/www.alquera.com\/fr\/grabar-chapas-hierro\/","og_locale":"fr_FR","og_type":"article","og_title":"Grabado Electrol\u00edtico Chapas de Hierro - Kit para 15 Usos. #Exp4: Comprar Online - Alquera.com","og_description":"Esta actividad, hacer un grabado electrol\u00edtico del hierro es un gran experimento a realizar entre el hierro y el ion cobre (proveniente del sulfato de cobre). Es una reacci\u00f3n de oxidaci\u00f3n-reducci\u00f3n que permite hacer un grabado sobre el hierro, pudiendo por ejemplo hacer una chapa o un llavero personalizado. Puedes comprar un kit para 15 usos, pudi\u00e9ndolo realizar con 15 personas o 15 veces individuales. Para hacer el pedido sigue los pasos que se indican aqu\u00ed m\u00e1s abajo.","og_url":"https:\/\/www.alquera.com\/fr\/grabar-chapas-hierro\/","og_site_name":"Alquera.com","article_publisher":"https:\/\/www.facebook.com\/alqueraciencia","article_modified_time":"2025-03-31T11:03:38+00:00","og_image":[{"width":900,"height":900,"url":"https:\/\/www.alquera.com\/wp-content\/uploads\/2022\/11\/KIT-CHAPAS-DE-HIERRO.png","type":"image\/png"}],"twitter_card":"summary_large_image","twitter_misc":{"Disponibilit\u00e9":"En stock"},"schema":{"@context":"https:\/\/schema.org","@graph":[{"@type":["WebPage","ItemPage"],"@id":"https:\/\/www.alquera.com\/grabar-chapas-hierro\/","url":"https:\/\/www.alquera.com\/grabar-chapas-hierro\/","name":"Gravure \u00e9lectrolytique de plaques de fer - Kit pour 15 utilisations. #Exp4 : Acheter en ligne - Alquera.com","isPartOf":{"@id":"https:\/\/www.alquera.com\/en\/#website"},"primaryImageOfPage":{"@id":"https:\/\/www.alquera.com\/grabar-chapas-hierro\/#primaryimage"},"image":{"@id":"https:\/\/www.alquera.com\/grabar-chapas-hierro\/#primaryimage"},"thumbnailUrl":"https:\/\/www.alquera.com\/wp-content\/uploads\/2022\/11\/KIT-CHAPAS-DE-HIERRO.png","datePublished":"2022-11-11T10:34:55+00:00","dateModified":"2025-03-31T11:03:38+00:00","breadcrumb":{"@id":"https:\/\/www.alquera.com\/grabar-chapas-hierro\/#breadcrumb"},"inLanguage":"fr-FR","potentialAction":[{"@type":"ReadAction","target":["https:\/\/www.alquera.com\/grabar-chapas-hierro\/"]}]},{"@type":"ImageObject","inLanguage":"fr-FR","@id":"https:\/\/www.alquera.com\/grabar-chapas-hierro\/#primaryimage","url":"https:\/\/www.alquera.com\/wp-content\/uploads\/2022\/11\/KIT-CHAPAS-DE-HIERRO.png","contentUrl":"https:\/\/www.alquera.com\/wp-content\/uploads\/2022\/11\/KIT-CHAPAS-DE-HIERRO.png","width":900,"height":900,"caption":"Kit Grabado Chapas de Hierro"},{"@type":"BreadcrumbList","@id":"https:\/\/www.alquera.com\/grabar-chapas-hierro\/#breadcrumb","itemListElement":[{"@type":"ListItem","position":1,"name":"Inicio","item":"https:\/\/www.alquera.com\/"},{"@type":"ListItem","position":2,"name":"Alquera.com: Tienda Online de Productos Qu\u00edmicos y Material de Laboratorio","item":"https:\/\/www.alquera.com\/en\/tienda\/"},{"@type":"ListItem","position":3,"name":"Grabado Electrol\u00edtico Chapas de Hierro &#8211; Kit para 15 Usos. #Exp4"}]},{"@type":"WebSite","@id":"https:\/\/www.alquera.com\/en\/#website","url":"https:\/\/www.alquera.com\/en\/","name":"Alquera.com","description":"Boutique en ligne Produits chimiques et \u00e9quipements de laboratoire","publisher":{"@id":"https:\/\/www.alquera.com\/en\/#organization"},"potentialAction":[{"@type":"SearchAction","target":{"@type":"EntryPoint","urlTemplate":"https:\/\/www.alquera.com\/en\/?s={search_term_string}"},"query-input":{"@type":"PropertyValueSpecification","valueRequired":true,"valueName":"search_term_string"}}],"inLanguage":"fr-FR"},{"@type":"Organization","@id":"https:\/\/www.alquera.com\/en\/#organization","name":"ALQUERA CIENCIA SL","url":"https:\/\/www.alquera.com\/en\/","logo":{"@type":"ImageObject","inLanguage":"fr-FR","@id":"https:\/\/www.alquera.com\/en\/#\/schema\/logo\/image\/","url":"https:\/\/www.alquera.com\/wp-content\/uploads\/2020\/11\/logo_300_ancho.png","contentUrl":"https:\/\/www.alquera.com\/wp-content\/uploads\/2020\/11\/logo_300_ancho.png","width":300,"height":86,"caption":"ALQUERA CIENCIA SL"},"image":{"@id":"https:\/\/www.alquera.com\/en\/#\/schema\/logo\/image\/"},"sameAs":["https:\/\/www.facebook.com\/alqueraciencia","https:\/\/www.instagram.com\/alquera_ciencia\/","https:\/\/www.youtube.com\/c\/alquera"]}]},"og_availability":"instock","product_availability":"instock","product_condition":"new"},"_links":{"self":[{"href":"https:\/\/www.alquera.com\/fr\/wp-json\/wp\/v2\/product\/39775","targetHints":{"allow":["GET"]}}],"collection":[{"href":"https:\/\/www.alquera.com\/fr\/wp-json\/wp\/v2\/product"}],"about":[{"href":"https:\/\/www.alquera.com\/fr\/wp-json\/wp\/v2\/types\/product"}],"replies":[{"embeddable":true,"href":"https:\/\/www.alquera.com\/fr\/wp-json\/wp\/v2\/comments?post=39775"}],"wp:featuredmedia":[{"embeddable":true,"href":"https:\/\/www.alquera.com\/fr\/wp-json\/wp\/v2\/media\/40840"}],"wp:attachment":[{"href":"https:\/\/www.alquera.com\/fr\/wp-json\/wp\/v2\/media?parent=39775"}],"wp:term":[{"taxonomy":"product_brand","embeddable":true,"href":"https:\/\/www.alquera.com\/fr\/wp-json\/wp\/v2\/product_brand?post=39775"},{"taxonomy":"product_cat","embeddable":true,"href":"https:\/\/www.alquera.com\/fr\/wp-json\/wp\/v2\/product_cat?post=39775"},{"taxonomy":"product_tag","embeddable":true,"href":"https:\/\/www.alquera.com\/fr\/wp-json\/wp\/v2\/product_tag?post=39775"}],"curies":[{"name":"wp","href":"https:\/\/api.w.org\/{rel}","templated":true}]}}