{"id":40771,"date":"2023-01-23T11:19:23","date_gmt":"2023-01-23T11:19:23","guid":{"rendered":"https:\/\/www.alquera.com\/?post_type=product&#038;p=40771"},"modified":"2026-02-06T10:39:23","modified_gmt":"2026-02-06T10:39:23","slug":"bolsas-doypack","status":"publish","type":"product","link":"https:\/\/www.alquera.com\/fr\/bolsas-doypack\/","title":{"rendered":"Sacs transparents Doypack 50 pcs"},"content":{"rendered":"<p>Paquets de sacs transparents Doypack 50 unit\u00e9s.<\/p>\n<h2>CARACT\u00c9RISTIQUES<\/h2>\n<p><strong>Bolsas 250ml\/125g: <\/strong>110x185x70<br \/>\n<strong>Bolsas 500ml\/250g: <\/strong>130x225x70<br \/>\n<strong>Bolsas 1000 ml\/500g: <\/strong>180x290x90<br \/>\n<strong>Bolsas 2000ml\/1000g:<\/strong> 210x310x110<br \/>\n<strong>Bolsas 5000 ml\/2500g:<\/strong> 300x370x160<\/p>\n<p>&nbsp;<\/p>\n<p>&nbsp;<\/p>","protected":false},"excerpt":{"rendered":"<p class=\"ai-optimize-47\">Achetez des sacs Doypack (50 pi\u00e8ces) dans des formats allant de 100ml \u00e0 5L. Le prix des diff\u00e9rents formats de sacs est indiqu\u00e9 lorsque vous s\u00e9lectionnez le format souhait\u00e9. La commande est effectu\u00e9e directement par le Web en suivant les \u00e9tapes indiqu\u00e9es, ce qui rend la livraison en 24\/48 heures. <a href=\"https:\/\/www.alquera.com\/fr\/envases\/\">conteneurs<\/a><\/p>","protected":false},"featured_media":40772,"comment_status":"open","ping_status":"closed","template":"","meta":{"_acf_changed":false,"site-sidebar-layout":"default","site-content-layout":"default","ast-site-content-layout":"default","site-content-style":"default","site-sidebar-style":"default","ast-global-header-display":"","ast-banner-title-visibility":"","ast-main-header-display":"","ast-hfb-above-header-display":"","ast-hfb-below-header-display":"","ast-hfb-mobile-header-display":"","site-post-title":"","ast-breadcrumbs-content":"","ast-featured-img":"","footer-sml-layout":"","ast-disable-related-posts":"","theme-transparent-header-meta":"default","adv-header-id-meta":"","stick-header-meta":"default","header-above-stick-meta":"","header-main-stick-meta":"","header-below-stick-meta":"","astra-migrate-meta-layouts":"set","ast-page-background-enabled":"default","ast-page-background-meta":{"desktop":{"background-color":"var(--ast-global-color-4)","background-image":"","background-repeat":"repeat","background-position":"center center","background-size":"auto","background-attachment":"scroll","background-type":"","background-media":"","overlay-type":"","overlay-color":"","overlay-opacity":"","overlay-gradient":""},"tablet":{"background-color":"","background-image":"","background-repeat":"repeat","background-position":"center center","background-size":"auto","background-attachment":"scroll","background-type":"","background-media":"","overlay-type":"","overlay-color":"","overlay-opacity":"","overlay-gradient":""},"mobile":{"background-color":"","background-image":"","background-repeat":"repeat","background-position":"center center","background-size":"auto","background-attachment":"scroll","background-type":"","background-media":"","overlay-type":"","overlay-color":"","overlay-opacity":"","overlay-gradient":""}},"ast-content-background-meta":{"desktop":{"background-color":"var(--ast-global-color-5)","background-image":"","background-repeat":"repeat","background-position":"center center","background-size":"auto","background-attachment":"scroll","background-type":"","background-media":"","overlay-type":"","overlay-color":"","overlay-opacity":"","overlay-gradient":""},"tablet":{"background-color":"var(--ast-global-color-5)","background-image":"","background-repeat":"repeat","background-position":"center center","background-size":"auto","background-attachment":"scroll","background-type":"","background-media":"","overlay-type":"","overlay-color":"","overlay-opacity":"","overlay-gradient":""},"mobile":{"background-color":"var(--ast-global-color-5)","background-image":"","background-repeat":"repeat","background-position":"center center","background-size":"auto","background-attachment":"scroll","background-type":"","background-media":"","overlay-type":"","overlay-color":"","overlay-opacity":"","overlay-gradient":""}}},"product_brand":[],"product_cat":[310],"product_tag":[],"class_list":{"0":"post-40771","1":"product","2":"type-product","3":"status-publish","4":"has-post-thumbnail","6":"product_cat-envases","7":"pa_cantidad-100ml","8":"pa_cantidad-250ml","9":"pa_cantidad-500ml","10":"pa_cantidad-1l","11":"pa_cantidad-2l","12":"pa_cantidad-5l","13":"desktop-align-left","14":"tablet-align-left","15":"mobile-align-left","16":"ast-product-gallery-layout-horizontal-slider","17":"ast-magnify-disabled","18":"ast-product-single-variable","19":"ast-product-tabs-layout-horizontal","20":"ast-qv-on-image","22":"first","23":"instock","24":"taxable","25":"shipping-taxable","26":"purchasable","27":"product-type-variable","28":"has-default-attributes"},"acf":[],"yoast_head":"<!-- This site is optimized with the Yoast SEO Premium plugin v27.1 (Yoast SEO v27.1.1) - https:\/\/yoast.com\/product\/yoast-seo-premium-wordpress\/ -->\n<title>Bolsas Doypack Transparentes 50 uds: Comprar Online - Alquera.com<\/title>\n<meta name=\"description\" content=\"ENV\u00cdOS EN 24\/48H. Comprar en Alquera.com Bolsas Doypack Transparentes en diferentes formatos en 50 unidades.\" \/>\n<meta name=\"robots\" content=\"index, follow, max-snippet:-1, max-image-preview:large, max-video-preview:-1\" \/>\n<link rel=\"canonical\" href=\"https:\/\/www.alquera.com\/fr\/bolsas-doypack\/\" \/>\n<meta property=\"og:locale\" content=\"fr_FR\" \/>\n<meta property=\"og:type\" content=\"article\" \/>\n<meta property=\"og:title\" content=\"Bolsas Doypack Transparentes 50 uds: Comprar Online - Alquera.com\" \/>\n<meta property=\"og:description\" content=\"ENV\u00cdOS EN 24\/48H. Comprar en Alquera.com Bolsas Doypack Transparentes en diferentes formatos en 50 unidades.\" \/>\n<meta property=\"og:url\" content=\"https:\/\/www.alquera.com\/fr\/bolsas-doypack\/\" \/>\n<meta property=\"og:site_name\" content=\"Alquera.com\" \/>\n<meta property=\"article:publisher\" content=\"https:\/\/www.facebook.com\/alqueraciencia\" \/>\n<meta property=\"article:modified_time\" content=\"2026-02-06T10:39:23+00:00\" \/>\n<meta property=\"og:image\" content=\"https:\/\/www.alquera.com\/wp-content\/uploads\/2023\/01\/doypack-transparente_7_3.jpg\" \/>\n\t<meta property=\"og:image:width\" content=\"320\" \/>\n\t<meta property=\"og:image:height\" content=\"320\" \/>\n\t<meta property=\"og:image:type\" content=\"image\/jpeg\" \/>\n<meta name=\"twitter:card\" content=\"summary_large_image\" \/>\n<meta name=\"twitter:label1\" content=\"Disponibilit\u00e9\" \/>\n\t<meta name=\"twitter:data1\" content=\"En stock\" \/>\n<script type=\"application\/ld+json\" class=\"yoast-schema-graph\">{\"@context\":\"https:\/\/schema.org\",\"@graph\":[{\"@type\":[\"WebPage\",\"ItemPage\"],\"@id\":\"https:\/\/www.alquera.com\/bolsas-doypack\/\",\"url\":\"https:\/\/www.alquera.com\/bolsas-doypack\/\",\"name\":\"Bolsas Doypack Transparentes 50 uds: Comprar Online - Alquera.com\",\"isPartOf\":{\"@id\":\"https:\/\/www.alquera.com\/en\/#website\"},\"primaryImageOfPage\":{\"@id\":\"https:\/\/www.alquera.com\/bolsas-doypack\/#primaryimage\"},\"image\":{\"@id\":\"https:\/\/www.alquera.com\/bolsas-doypack\/#primaryimage\"},\"thumbnailUrl\":\"https:\/\/www.alquera.com\/wp-content\/uploads\/2023\/01\/doypack-transparente_7_3.jpg\",\"datePublished\":\"2023-01-23T11:19:23+00:00\",\"dateModified\":\"2026-02-06T10:39:23+00:00\",\"description\":\"ENV\u00cdOS EN 24\/48H. Comprar en Alquera.com Bolsas Doypack Transparentes en diferentes formatos en 50 unidades.\",\"breadcrumb\":{\"@id\":\"https:\/\/www.alquera.com\/bolsas-doypack\/#breadcrumb\"},\"inLanguage\":\"fr-FR\",\"potentialAction\":[{\"@type\":\"ReadAction\",\"target\":[\"https:\/\/www.alquera.com\/bolsas-doypack\/\"]}]},{\"@type\":\"ImageObject\",\"inLanguage\":\"fr-FR\",\"@id\":\"https:\/\/www.alquera.com\/bolsas-doypack\/#primaryimage\",\"url\":\"https:\/\/www.alquera.com\/wp-content\/uploads\/2023\/01\/doypack-transparente_7_3.jpg\",\"contentUrl\":\"https:\/\/www.alquera.com\/wp-content\/uploads\/2023\/01\/doypack-transparente_7_3.jpg\",\"width\":320,\"height\":320,\"caption\":\"Bolsas Doypack\"},{\"@type\":\"BreadcrumbList\",\"@id\":\"https:\/\/www.alquera.com\/bolsas-doypack\/#breadcrumb\",\"itemListElement\":[{\"@type\":\"ListItem\",\"position\":1,\"name\":\"Inicio\",\"item\":\"https:\/\/www.alquera.com\/\"},{\"@type\":\"ListItem\",\"position\":2,\"name\":\"Alquera.com: Tienda Online de Productos Qu\u00edmicos y Material de Laboratorio\",\"item\":\"https:\/\/www.alquera.com\/en\/tienda\/\"},{\"@type\":\"ListItem\",\"position\":3,\"name\":\"Bolsas Doypack Transparentes 50 uds\"}]},{\"@type\":\"WebSite\",\"@id\":\"https:\/\/www.alquera.com\/en\/#website\",\"url\":\"https:\/\/www.alquera.com\/en\/\",\"name\":\"Alquera.com\",\"description\":\"Tienda Online Productos Qu\u00edmicos y Material de Laboratorio\",\"publisher\":{\"@id\":\"https:\/\/www.alquera.com\/en\/#organization\"},\"potentialAction\":[{\"@type\":\"SearchAction\",\"target\":{\"@type\":\"EntryPoint\",\"urlTemplate\":\"https:\/\/www.alquera.com\/en\/?s={search_term_string}\"},\"query-input\":{\"@type\":\"PropertyValueSpecification\",\"valueRequired\":true,\"valueName\":\"search_term_string\"}}],\"inLanguage\":\"fr-FR\"},{\"@type\":\"Organization\",\"@id\":\"https:\/\/www.alquera.com\/en\/#organization\",\"name\":\"ALQUERA CIENCIA SL\",\"url\":\"https:\/\/www.alquera.com\/en\/\",\"logo\":{\"@type\":\"ImageObject\",\"inLanguage\":\"fr-FR\",\"@id\":\"https:\/\/www.alquera.com\/en\/#\/schema\/logo\/image\/\",\"url\":\"https:\/\/www.alquera.com\/wp-content\/uploads\/2020\/11\/logo_300_ancho.png\",\"contentUrl\":\"https:\/\/www.alquera.com\/wp-content\/uploads\/2020\/11\/logo_300_ancho.png\",\"width\":300,\"height\":86,\"caption\":\"ALQUERA CIENCIA SL\"},\"image\":{\"@id\":\"https:\/\/www.alquera.com\/en\/#\/schema\/logo\/image\/\"},\"sameAs\":[\"https:\/\/www.facebook.com\/alqueraciencia\",\"https:\/\/www.instagram.com\/alquera_ciencia\/\",\"https:\/\/www.youtube.com\/c\/alquera\"]}]}<\/script>\n<meta property=\"og:availability\" content=\"instock\" \/>\n<meta property=\"product:availability\" content=\"instock\" \/>\n<meta property=\"product:condition\" content=\"new\" \/>\n<!-- \/ Yoast SEO Premium plugin. -->","yoast_head_json":{"title":"Doypack Clear Bags 50 pcs : Acheter en ligne - Alquera.com","description":"EXP\u00c9DITIONS EN 24\/48H. Achetez sur Alquera.com des sacs transparents Doypack dans diff\u00e9rents formats par 50 unit\u00e9s.","robots":{"index":"index","follow":"follow","max-snippet":"max-snippet:-1","max-image-preview":"max-image-preview:large","max-video-preview":"max-video-preview:-1"},"canonical":"https:\/\/www.alquera.com\/fr\/bolsas-doypack\/","og_locale":"fr_FR","og_type":"article","og_title":"Bolsas Doypack Transparentes 50 uds: Comprar Online - Alquera.com","og_description":"ENV\u00cdOS EN 24\/48H. Comprar en Alquera.com Bolsas Doypack Transparentes en diferentes formatos en 50 unidades.","og_url":"https:\/\/www.alquera.com\/fr\/bolsas-doypack\/","og_site_name":"Alquera.com","article_publisher":"https:\/\/www.facebook.com\/alqueraciencia","article_modified_time":"2026-02-06T10:39:23+00:00","og_image":[{"width":320,"height":320,"url":"https:\/\/www.alquera.com\/wp-content\/uploads\/2023\/01\/doypack-transparente_7_3.jpg","type":"image\/jpeg"}],"twitter_card":"summary_large_image","twitter_misc":{"Disponibilit\u00e9":"En stock"},"schema":{"@context":"https:\/\/schema.org","@graph":[{"@type":["WebPage","ItemPage"],"@id":"https:\/\/www.alquera.com\/bolsas-doypack\/","url":"https:\/\/www.alquera.com\/bolsas-doypack\/","name":"Doypack Clear Bags 50 pcs : Acheter en ligne - Alquera.com","isPartOf":{"@id":"https:\/\/www.alquera.com\/en\/#website"},"primaryImageOfPage":{"@id":"https:\/\/www.alquera.com\/bolsas-doypack\/#primaryimage"},"image":{"@id":"https:\/\/www.alquera.com\/bolsas-doypack\/#primaryimage"},"thumbnailUrl":"https:\/\/www.alquera.com\/wp-content\/uploads\/2023\/01\/doypack-transparente_7_3.jpg","datePublished":"2023-01-23T11:19:23+00:00","dateModified":"2026-02-06T10:39:23+00:00","description":"EXP\u00c9DITIONS EN 24\/48H. Achetez sur Alquera.com des sacs transparents Doypack dans diff\u00e9rents formats par 50 unit\u00e9s.","breadcrumb":{"@id":"https:\/\/www.alquera.com\/bolsas-doypack\/#breadcrumb"},"inLanguage":"fr-FR","potentialAction":[{"@type":"ReadAction","target":["https:\/\/www.alquera.com\/bolsas-doypack\/"]}]},{"@type":"ImageObject","inLanguage":"fr-FR","@id":"https:\/\/www.alquera.com\/bolsas-doypack\/#primaryimage","url":"https:\/\/www.alquera.com\/wp-content\/uploads\/2023\/01\/doypack-transparente_7_3.jpg","contentUrl":"https:\/\/www.alquera.com\/wp-content\/uploads\/2023\/01\/doypack-transparente_7_3.jpg","width":320,"height":320,"caption":"Bolsas Doypack"},{"@type":"BreadcrumbList","@id":"https:\/\/www.alquera.com\/bolsas-doypack\/#breadcrumb","itemListElement":[{"@type":"ListItem","position":1,"name":"Inicio","item":"https:\/\/www.alquera.com\/"},{"@type":"ListItem","position":2,"name":"Alquera.com: Tienda Online de Productos Qu\u00edmicos y Material de Laboratorio","item":"https:\/\/www.alquera.com\/en\/tienda\/"},{"@type":"ListItem","position":3,"name":"Bolsas Doypack Transparentes 50 uds"}]},{"@type":"WebSite","@id":"https:\/\/www.alquera.com\/en\/#website","url":"https:\/\/www.alquera.com\/en\/","name":"Alquera.com","description":"Boutique en ligne Produits chimiques et \u00e9quipements de laboratoire","publisher":{"@id":"https:\/\/www.alquera.com\/en\/#organization"},"potentialAction":[{"@type":"SearchAction","target":{"@type":"EntryPoint","urlTemplate":"https:\/\/www.alquera.com\/en\/?s={search_term_string}"},"query-input":{"@type":"PropertyValueSpecification","valueRequired":true,"valueName":"search_term_string"}}],"inLanguage":"fr-FR"},{"@type":"Organization","@id":"https:\/\/www.alquera.com\/en\/#organization","name":"ALQUERA CIENCIA SL","url":"https:\/\/www.alquera.com\/en\/","logo":{"@type":"ImageObject","inLanguage":"fr-FR","@id":"https:\/\/www.alquera.com\/en\/#\/schema\/logo\/image\/","url":"https:\/\/www.alquera.com\/wp-content\/uploads\/2020\/11\/logo_300_ancho.png","contentUrl":"https:\/\/www.alquera.com\/wp-content\/uploads\/2020\/11\/logo_300_ancho.png","width":300,"height":86,"caption":"ALQUERA CIENCIA SL"},"image":{"@id":"https:\/\/www.alquera.com\/en\/#\/schema\/logo\/image\/"},"sameAs":["https:\/\/www.facebook.com\/alqueraciencia","https:\/\/www.instagram.com\/alquera_ciencia\/","https:\/\/www.youtube.com\/c\/alquera"]}]},"og_availability":"instock","product_availability":"instock","product_condition":"new"},"_links":{"self":[{"href":"https:\/\/www.alquera.com\/fr\/wp-json\/wp\/v2\/product\/40771","targetHints":{"allow":["GET"]}}],"collection":[{"href":"https:\/\/www.alquera.com\/fr\/wp-json\/wp\/v2\/product"}],"about":[{"href":"https:\/\/www.alquera.com\/fr\/wp-json\/wp\/v2\/types\/product"}],"replies":[{"embeddable":true,"href":"https:\/\/www.alquera.com\/fr\/wp-json\/wp\/v2\/comments?post=40771"}],"wp:featuredmedia":[{"embeddable":true,"href":"https:\/\/www.alquera.com\/fr\/wp-json\/wp\/v2\/media\/40772"}],"wp:attachment":[{"href":"https:\/\/www.alquera.com\/fr\/wp-json\/wp\/v2\/media?parent=40771"}],"wp:term":[{"taxonomy":"product_brand","embeddable":true,"href":"https:\/\/www.alquera.com\/fr\/wp-json\/wp\/v2\/product_brand?post=40771"},{"taxonomy":"product_cat","embeddable":true,"href":"https:\/\/www.alquera.com\/fr\/wp-json\/wp\/v2\/product_cat?post=40771"},{"taxonomy":"product_tag","embeddable":true,"href":"https:\/\/www.alquera.com\/fr\/wp-json\/wp\/v2\/product_tag?post=40771"}],"curies":[{"name":"wp","href":"https:\/\/api.w.org\/{rel}","templated":true}]}}