{"id":41723,"date":"2023-03-19T14:55:51","date_gmt":"2023-03-19T14:55:51","guid":{"rendered":"https:\/\/www.alquera.com\/?post_type=product&#038;p=41723"},"modified":"2026-02-23T16:11:37","modified_gmt":"2026-02-23T16:11:37","slug":"parafina-para-velas","status":"publish","type":"product","link":"https:\/\/www.alquera.com\/fr\/parafina-para-velas\/","title":{"rendered":"Cire de Paraffine pour Bougies"},"content":{"rendered":"<p><strong>Cire de paraffine pour bougies 56<\/strong> en perles. La paraffine 56\u00ba est une paraffine \u00e0 bas point de fusion (56\u00baC). Il s'agit d'une paraffine qui se distingue par le fait qu'elle est <strong>\u00e9lastiques et tr\u00e8s brillants.<\/strong> Il est id\u00e9al pour fabriquer facilement des bougies.<\/p>\n<h2>MODE D'EMPLOI<\/h2>\n<p class=\"texto--opened\">Pour fabriquer les bougies avec de la paraffine, vous devez faire fondre la paraffine et l'ins\u00e9rer dans le moule o\u00f9 vous allez fabriquer les bougies. Les perles de paraffine sont fondues \u00e0 feu doux dans une casserole, \u00e9vitez d'utiliser le micro-ondes. Une fois la paraffine fondue, s'il reste des morceaux non fondus, \u00e9teignez le feu et laissez-la finir de fondre avec la chaleur latente.<\/p>\n<p class=\"texto--opened\">Une fois qu'il est fondu, vous pouvez y ajouter des colorants et des parfums pour lui donner la couleur et l'odeur que vous souhaitez.<\/p>\n<h2>PROPRI\u00c9T\u00c9S DE LA PARAFFINE<\/h2>\n<p class=\"texto--opened\">Point de solidification (selon ASTM D 938) : 55 - 59 \u00baC<br \/>\nViscosit\u00e9 cin\u00e9matique \u00e0 100\u00baC (selon ASTM D 445) : 3 - 5 cSt<br \/>\nP\u00e9n\u00e9tration \u00e0 25\u00baC (selon ASTM D 1321) : 1\/10 mm 18 max. cSt<br \/>\nTeneur en huile (selon ASTM D 721) : 5 max. % 0<br \/>\nCouleur Saybolt (selon ASTM D 156) --- 24 - 30<\/p>\n<h2>UTILISATION DE LA PARAFFINE 56<\/h2>\n<p>- Fabrication de bougies, de chandeliers et de bougeoirs par moulage par immersion, par moulage ou par moulage par injection<br \/>\n- Il s'agit d'un produit utilis\u00e9 pour la fabrication de figurines d\u00e9coratives ouvrag\u00e9es, ainsi que pour la fabrication d'objets de d\u00e9coration.<br \/>\nrev\u00eatement de la m\u00e8che<\/p>\n<h2>STOCKAGE<\/h2>\n<p>Prot\u00e9ger de la chaleur, de l'eau, de la poussi\u00e8re et de la lumi\u00e8re. La temp\u00e9rature et l'humidit\u00e9 n'affectent pas la s\u00e9curit\u00e9 du produit, mais peuvent modifier sa pr\u00e9sentation et son \u00e9tat physique. Il est recommand\u00e9 de conserver le produit dans des endroits frais et secs, \u00e0 une temp\u00e9rature comprise entre 5\u00baC et 25\u00baC. Dans des conditions de stockage normales, le produit se conserve parfaitement pendant 2 ans.<\/p>","protected":false},"excerpt":{"rendered":"<p>Acheter de la cire de bougie, point de fusion 56, en format 1kg et 5kg. Le format de la paraffine est en perles et est id\u00e9al pour la fabrication de bougies. La commande se fait en suivant les \u00e9tapes indiqu\u00e9es sur le site.<\/p>","protected":false},"featured_media":41724,"comment_status":"open","ping_status":"closed","template":"","meta":{"_acf_changed":false,"site-sidebar-layout":"default","site-content-layout":"default","ast-site-content-layout":"default","site-content-style":"default","site-sidebar-style":"default","ast-global-header-display":"","ast-banner-title-visibility":"","ast-main-header-display":"","ast-hfb-above-header-display":"","ast-hfb-below-header-display":"","ast-hfb-mobile-header-display":"","site-post-title":"","ast-breadcrumbs-content":"","ast-featured-img":"","footer-sml-layout":"","ast-disable-related-posts":"","theme-transparent-header-meta":"default","adv-header-id-meta":"","stick-header-meta":"default","header-above-stick-meta":"","header-main-stick-meta":"","header-below-stick-meta":"","astra-migrate-meta-layouts":"default","ast-page-background-enabled":"default","ast-page-background-meta":{"desktop":{"background-color":"var(--ast-global-color-4)","background-image":"","background-repeat":"repeat","background-position":"center center","background-size":"auto","background-attachment":"scroll","background-type":"","background-media":"","overlay-type":"","overlay-color":"","overlay-opacity":"","overlay-gradient":""},"tablet":{"background-color":"","background-image":"","background-repeat":"repeat","background-position":"center center","background-size":"auto","background-attachment":"scroll","background-type":"","background-media":"","overlay-type":"","overlay-color":"","overlay-opacity":"","overlay-gradient":""},"mobile":{"background-color":"","background-image":"","background-repeat":"repeat","background-position":"center center","background-size":"auto","background-attachment":"scroll","background-type":"","background-media":"","overlay-type":"","overlay-color":"","overlay-opacity":"","overlay-gradient":""}},"ast-content-background-meta":{"desktop":{"background-color":"var(--ast-global-color-5)","background-image":"","background-repeat":"repeat","background-position":"center center","background-size":"auto","background-attachment":"scroll","background-type":"","background-media":"","overlay-type":"","overlay-color":"","overlay-opacity":"","overlay-gradient":""},"tablet":{"background-color":"var(--ast-global-color-5)","background-image":"","background-repeat":"repeat","background-position":"center center","background-size":"auto","background-attachment":"scroll","background-type":"","background-media":"","overlay-type":"","overlay-color":"","overlay-opacity":"","overlay-gradient":""},"mobile":{"background-color":"var(--ast-global-color-5)","background-image":"","background-repeat":"repeat","background-position":"center center","background-size":"auto","background-attachment":"scroll","background-type":"","background-media":"","overlay-type":"","overlay-color":"","overlay-opacity":"","overlay-gradient":""}}},"product_brand":[],"product_cat":[21],"product_tag":[],"class_list":{"0":"post-41723","1":"product","2":"type-product","3":"status-publish","4":"has-post-thumbnail","6":"product_cat-productos","7":"pa_cantidad-1kg","8":"pa_cantidad-5kg","9":"pa_cantidad-25kg","10":"desktop-align-left","11":"tablet-align-left","12":"mobile-align-left","13":"ast-product-gallery-layout-horizontal-slider","14":"ast-product-gallery-with-no-image","15":"ast-magnify-disabled","16":"ast-product-single-variable","17":"ast-product-tabs-layout-horizontal","18":"ast-qv-on-image","20":"first","21":"instock","22":"taxable","23":"shipping-taxable","24":"purchasable","25":"product-type-variable","26":"has-default-attributes"},"acf":[],"yoast_head":"<!-- This site is optimized with the Yoast SEO Premium plugin v27.1 (Yoast SEO v27.1.1) - https:\/\/yoast.com\/product\/yoast-seo-premium-wordpress\/ -->\n<title>Parafina para Velas: Comprar Online - Alquera.com<\/title>\n<meta name=\"robots\" content=\"index, follow, max-snippet:-1, max-image-preview:large, max-video-preview:-1\" \/>\n<link rel=\"canonical\" href=\"https:\/\/www.alquera.com\/fr\/parafina-para-velas\/\" \/>\n<meta property=\"og:locale\" content=\"fr_FR\" \/>\n<meta property=\"og:type\" content=\"article\" \/>\n<meta property=\"og:title\" content=\"Parafina para Velas: Comprar Online - Alquera.com\" \/>\n<meta property=\"og:description\" content=\"Comprar Parafina de Velas, punto de fusi\u00f3n 56, en formatos de 1kg y de 5kg. El formato de la Parafina es en perlas y es ideal para la fabricaci\u00f3n de velas. El pedido se hace siguiendo los pasos que se indican en la Web.\" \/>\n<meta property=\"og:url\" content=\"https:\/\/www.alquera.com\/fr\/parafina-para-velas\/\" \/>\n<meta property=\"og:site_name\" content=\"Alquera.com\" \/>\n<meta property=\"article:publisher\" content=\"https:\/\/www.facebook.com\/alqueraciencia\" \/>\n<meta property=\"article:modified_time\" content=\"2026-02-23T16:11:37+00:00\" \/>\n<meta property=\"og:image\" content=\"https:\/\/www.alquera.com\/wp-content\/uploads\/2023\/03\/PARAFINA-PARA-VELAS.webp\" \/>\n\t<meta property=\"og:image:width\" content=\"850\" \/>\n\t<meta property=\"og:image:height\" content=\"850\" \/>\n\t<meta property=\"og:image:type\" content=\"image\/webp\" \/>\n<meta name=\"twitter:card\" content=\"summary_large_image\" \/>\n<meta name=\"twitter:label1\" content=\"Disponibilit\u00e9\" \/>\n\t<meta name=\"twitter:data1\" content=\"En stock\" \/>\n<script type=\"application\/ld+json\" class=\"yoast-schema-graph\">{\"@context\":\"https:\/\/schema.org\",\"@graph\":[{\"@type\":[\"WebPage\",\"ItemPage\"],\"@id\":\"https:\/\/www.alquera.com\/parafina-para-velas\/\",\"url\":\"https:\/\/www.alquera.com\/parafina-para-velas\/\",\"name\":\"Parafina para Velas: Comprar Online - Alquera.com\",\"isPartOf\":{\"@id\":\"https:\/\/www.alquera.com\/en\/#website\"},\"primaryImageOfPage\":{\"@id\":\"https:\/\/www.alquera.com\/parafina-para-velas\/#primaryimage\"},\"image\":{\"@id\":\"https:\/\/www.alquera.com\/parafina-para-velas\/#primaryimage\"},\"thumbnailUrl\":\"https:\/\/www.alquera.com\/wp-content\/uploads\/2023\/03\/PARAFINA-PARA-VELAS.webp\",\"datePublished\":\"2023-03-19T14:55:51+00:00\",\"dateModified\":\"2026-02-23T16:11:37+00:00\",\"breadcrumb\":{\"@id\":\"https:\/\/www.alquera.com\/parafina-para-velas\/#breadcrumb\"},\"inLanguage\":\"fr-FR\",\"potentialAction\":[{\"@type\":\"ReadAction\",\"target\":[\"https:\/\/www.alquera.com\/parafina-para-velas\/\"]}]},{\"@type\":\"ImageObject\",\"inLanguage\":\"fr-FR\",\"@id\":\"https:\/\/www.alquera.com\/parafina-para-velas\/#primaryimage\",\"url\":\"https:\/\/www.alquera.com\/wp-content\/uploads\/2023\/03\/PARAFINA-PARA-VELAS.webp\",\"contentUrl\":\"https:\/\/www.alquera.com\/wp-content\/uploads\/2023\/03\/PARAFINA-PARA-VELAS.webp\",\"width\":850,\"height\":850,\"caption\":\"PARAFINA PARA VELAS\"},{\"@type\":\"BreadcrumbList\",\"@id\":\"https:\/\/www.alquera.com\/parafina-para-velas\/#breadcrumb\",\"itemListElement\":[{\"@type\":\"ListItem\",\"position\":1,\"name\":\"Inicio\",\"item\":\"https:\/\/www.alquera.com\/\"},{\"@type\":\"ListItem\",\"position\":2,\"name\":\"Alquera.com: Tienda Online de Productos Qu\u00edmicos y Material de Laboratorio\",\"item\":\"https:\/\/www.alquera.com\/en\/tienda\/\"},{\"@type\":\"ListItem\",\"position\":3,\"name\":\"Parafina para Velas\"}]},{\"@type\":\"WebSite\",\"@id\":\"https:\/\/www.alquera.com\/en\/#website\",\"url\":\"https:\/\/www.alquera.com\/en\/\",\"name\":\"Alquera.com\",\"description\":\"Tienda Online Productos Qu\u00edmicos y Material de Laboratorio\",\"publisher\":{\"@id\":\"https:\/\/www.alquera.com\/en\/#organization\"},\"potentialAction\":[{\"@type\":\"SearchAction\",\"target\":{\"@type\":\"EntryPoint\",\"urlTemplate\":\"https:\/\/www.alquera.com\/en\/?s={search_term_string}\"},\"query-input\":{\"@type\":\"PropertyValueSpecification\",\"valueRequired\":true,\"valueName\":\"search_term_string\"}}],\"inLanguage\":\"fr-FR\"},{\"@type\":\"Organization\",\"@id\":\"https:\/\/www.alquera.com\/en\/#organization\",\"name\":\"ALQUERA CIENCIA SL\",\"url\":\"https:\/\/www.alquera.com\/en\/\",\"logo\":{\"@type\":\"ImageObject\",\"inLanguage\":\"fr-FR\",\"@id\":\"https:\/\/www.alquera.com\/en\/#\/schema\/logo\/image\/\",\"url\":\"https:\/\/www.alquera.com\/wp-content\/uploads\/2020\/11\/logo_300_ancho.png\",\"contentUrl\":\"https:\/\/www.alquera.com\/wp-content\/uploads\/2020\/11\/logo_300_ancho.png\",\"width\":300,\"height\":86,\"caption\":\"ALQUERA CIENCIA SL\"},\"image\":{\"@id\":\"https:\/\/www.alquera.com\/en\/#\/schema\/logo\/image\/\"},\"sameAs\":[\"https:\/\/www.facebook.com\/alqueraciencia\",\"https:\/\/www.instagram.com\/alquera_ciencia\/\",\"https:\/\/www.youtube.com\/c\/alquera\"]}]}<\/script>\n<meta property=\"og:availability\" content=\"instock\" \/>\n<meta property=\"product:availability\" content=\"instock\" \/>\n<meta property=\"product:condition\" content=\"new\" \/>\n<!-- \/ Yoast SEO Premium plugin. -->","yoast_head_json":{"title":"Cire de paraffine pour bougies : Achat en ligne - Alquera.com","robots":{"index":"index","follow":"follow","max-snippet":"max-snippet:-1","max-image-preview":"max-image-preview:large","max-video-preview":"max-video-preview:-1"},"canonical":"https:\/\/www.alquera.com\/fr\/parafina-para-velas\/","og_locale":"fr_FR","og_type":"article","og_title":"Parafina para Velas: Comprar Online - Alquera.com","og_description":"Comprar Parafina de Velas, punto de fusi\u00f3n 56, en formatos de 1kg y de 5kg. El formato de la Parafina es en perlas y es ideal para la fabricaci\u00f3n de velas. El pedido se hace siguiendo los pasos que se indican en la Web.","og_url":"https:\/\/www.alquera.com\/fr\/parafina-para-velas\/","og_site_name":"Alquera.com","article_publisher":"https:\/\/www.facebook.com\/alqueraciencia","article_modified_time":"2026-02-23T16:11:37+00:00","og_image":[{"width":850,"height":850,"url":"https:\/\/www.alquera.com\/wp-content\/uploads\/2023\/03\/PARAFINA-PARA-VELAS.webp","type":"image\/webp"}],"twitter_card":"summary_large_image","twitter_misc":{"Disponibilit\u00e9":"En stock"},"schema":{"@context":"https:\/\/schema.org","@graph":[{"@type":["WebPage","ItemPage"],"@id":"https:\/\/www.alquera.com\/parafina-para-velas\/","url":"https:\/\/www.alquera.com\/parafina-para-velas\/","name":"Cire de paraffine pour bougies : Achat en ligne - Alquera.com","isPartOf":{"@id":"https:\/\/www.alquera.com\/en\/#website"},"primaryImageOfPage":{"@id":"https:\/\/www.alquera.com\/parafina-para-velas\/#primaryimage"},"image":{"@id":"https:\/\/www.alquera.com\/parafina-para-velas\/#primaryimage"},"thumbnailUrl":"https:\/\/www.alquera.com\/wp-content\/uploads\/2023\/03\/PARAFINA-PARA-VELAS.webp","datePublished":"2023-03-19T14:55:51+00:00","dateModified":"2026-02-23T16:11:37+00:00","breadcrumb":{"@id":"https:\/\/www.alquera.com\/parafina-para-velas\/#breadcrumb"},"inLanguage":"fr-FR","potentialAction":[{"@type":"ReadAction","target":["https:\/\/www.alquera.com\/parafina-para-velas\/"]}]},{"@type":"ImageObject","inLanguage":"fr-FR","@id":"https:\/\/www.alquera.com\/parafina-para-velas\/#primaryimage","url":"https:\/\/www.alquera.com\/wp-content\/uploads\/2023\/03\/PARAFINA-PARA-VELAS.webp","contentUrl":"https:\/\/www.alquera.com\/wp-content\/uploads\/2023\/03\/PARAFINA-PARA-VELAS.webp","width":850,"height":850,"caption":"PARAFINA PARA VELAS"},{"@type":"BreadcrumbList","@id":"https:\/\/www.alquera.com\/parafina-para-velas\/#breadcrumb","itemListElement":[{"@type":"ListItem","position":1,"name":"Inicio","item":"https:\/\/www.alquera.com\/"},{"@type":"ListItem","position":2,"name":"Alquera.com: Tienda Online de Productos Qu\u00edmicos y Material de Laboratorio","item":"https:\/\/www.alquera.com\/en\/tienda\/"},{"@type":"ListItem","position":3,"name":"Parafina para Velas"}]},{"@type":"WebSite","@id":"https:\/\/www.alquera.com\/en\/#website","url":"https:\/\/www.alquera.com\/en\/","name":"Alquera.com","description":"Boutique en ligne Produits chimiques et \u00e9quipements de laboratoire","publisher":{"@id":"https:\/\/www.alquera.com\/en\/#organization"},"potentialAction":[{"@type":"SearchAction","target":{"@type":"EntryPoint","urlTemplate":"https:\/\/www.alquera.com\/en\/?s={search_term_string}"},"query-input":{"@type":"PropertyValueSpecification","valueRequired":true,"valueName":"search_term_string"}}],"inLanguage":"fr-FR"},{"@type":"Organization","@id":"https:\/\/www.alquera.com\/en\/#organization","name":"ALQUERA CIENCIA SL","url":"https:\/\/www.alquera.com\/en\/","logo":{"@type":"ImageObject","inLanguage":"fr-FR","@id":"https:\/\/www.alquera.com\/en\/#\/schema\/logo\/image\/","url":"https:\/\/www.alquera.com\/wp-content\/uploads\/2020\/11\/logo_300_ancho.png","contentUrl":"https:\/\/www.alquera.com\/wp-content\/uploads\/2020\/11\/logo_300_ancho.png","width":300,"height":86,"caption":"ALQUERA CIENCIA SL"},"image":{"@id":"https:\/\/www.alquera.com\/en\/#\/schema\/logo\/image\/"},"sameAs":["https:\/\/www.facebook.com\/alqueraciencia","https:\/\/www.instagram.com\/alquera_ciencia\/","https:\/\/www.youtube.com\/c\/alquera"]}]},"og_availability":"instock","product_availability":"instock","product_condition":"new"},"_links":{"self":[{"href":"https:\/\/www.alquera.com\/fr\/wp-json\/wp\/v2\/product\/41723","targetHints":{"allow":["GET"]}}],"collection":[{"href":"https:\/\/www.alquera.com\/fr\/wp-json\/wp\/v2\/product"}],"about":[{"href":"https:\/\/www.alquera.com\/fr\/wp-json\/wp\/v2\/types\/product"}],"replies":[{"embeddable":true,"href":"https:\/\/www.alquera.com\/fr\/wp-json\/wp\/v2\/comments?post=41723"}],"wp:featuredmedia":[{"embeddable":true,"href":"https:\/\/www.alquera.com\/fr\/wp-json\/wp\/v2\/media\/41724"}],"wp:attachment":[{"href":"https:\/\/www.alquera.com\/fr\/wp-json\/wp\/v2\/media?parent=41723"}],"wp:term":[{"taxonomy":"product_brand","embeddable":true,"href":"https:\/\/www.alquera.com\/fr\/wp-json\/wp\/v2\/product_brand?post=41723"},{"taxonomy":"product_cat","embeddable":true,"href":"https:\/\/www.alquera.com\/fr\/wp-json\/wp\/v2\/product_cat?post=41723"},{"taxonomy":"product_tag","embeddable":true,"href":"https:\/\/www.alquera.com\/fr\/wp-json\/wp\/v2\/product_tag?post=41723"}],"curies":[{"name":"wp","href":"https:\/\/api.w.org\/{rel}","templated":true}]}}