{"id":41744,"date":"2023-03-20T11:05:06","date_gmt":"2023-03-20T11:05:06","guid":{"rendered":"https:\/\/www.alquera.com\/?post_type=product&#038;p=41744"},"modified":"2026-02-23T16:13:00","modified_gmt":"2026-02-23T16:13:00","slug":"silicona-para-moldes-catalizador","status":"publish","type":"product","link":"https:\/\/www.alquera.com\/fr\/silicona-para-moldes-catalizador\/","title":{"rendered":"Moule Silicone + Catalyseur"},"content":{"rendered":"<p>Le silicone de moulage et le catalyseur sont vendus ensemble dans un rapport de 100:5, c'est-\u00e0-dire<\/p>\n<ul>\n<li>1kg de silicone+50 grammes de catalyseur<\/li>\n<li>5kg de silicone + 250 grammes de catalyseur<\/li>\n<li>25kg de silicone+1,25kg de catalyseur.<\/li>\n<\/ul>\n<p>La silicona para fabricaci\u00f3n de moldes es un elast\u00f3mero de silicona de dos componentes, que mezclados a temperaturaambiente, reticulan, obteniendo un producto final flexible, el\u00e1stico y de excelentes propiedades mec\u00e1nicas.<\/p>\n<p>Se utilizan ampliamente en la elaboraci\u00f3n de moldes para la reproducci\u00f3n de modelos de cera, cer\u00e1mica, madera, metal, piedra, yeso, etc., en resinas de poli\u00e9ster, poliuretano, piedra artificial, alabastro, yeso, etc.<\/p>\n<h2>CARACT\u00c9RISTIQUES PHYSIQUES<\/h2>\n<p>- ASPECT - P\u00e2te fluide<br \/>\n- COULEUR - Blanc<br \/>\n- VISCOSIT\u00c9 \u00e0 25 \u00b0C, mPa.s 25-40 000<br \/>\n- DENSIT\u00c9 \u00e0 25 \u00b0C, g\/cm3 1,10<\/p>\n<h2>PROPRI\u00c9T\u00c9S M\u00c9CANIQUES<\/h2>\n<p>- TEMPS DE TRAVAIL \u00e0 25 \u00b0C : 3h .<br \/>\n- TEMPS DE D\u00c9MOULISSEMENT \u00e0 25 \u00b0C : 24h<br \/>\n- DURETE (C\u00f4te A) : 12<br \/>\n- R\u00e9sistance \u00e0 la rupture, Kg\/cm2 : 34<br \/>\n- R\u00c9SISTANCE \u00c0 L'ALLONGEMENT, % : 550<br \/>\n- R\u00e9sistance \u00e0 la d\u00e9chirure, Kg\/cm : 22<\/p>\n<h2>CANDIDATURES<\/h2>\n<p>Les points suivants doivent \u00eatre respect\u00e9s afin d'obtenir une bonne utilisation du silicone :<br \/>\n1) Utiliser un r\u00e9cipient propre et sec pour m\u00e9langer soigneusement la base et le catalyseur, par agitation manuelle ou m\u00e9canique, en \u00e9vitant d'ajouter de l'air au m\u00e9lange.<br \/>\n2. Afin d'obtenir des moules sans vides internes, il est conseill\u00e9 de d\u00e9sa\u00e9rer le m\u00e9lange. Pour ce faire, il suffit de faire le vide dans une chambre entre 30 et 50 mm\/hg pendant quelques minutes.<br \/>\n3. Le versement du m\u00e9lange doit \u00eatre effectu\u00e9 avec pr\u00e9caution afin d'\u00e9viter l'incorporation d'air, ce qui entra\u00eenerait la formation de bulles.<\/p>\n<h2>MODE D'EMPLOI<\/h2>\n<p>Pour r\u00e9aliser un moule en silicone avec le silicone et le catalyseur, suivez les \u00e9tapes ci-dessous :<\/p>\n<ol>\n<li>\u00a0Trouvez un r\u00e9cipient dont les dimensions conviennent \u00e0 l'objet \u00e0 mouler. Afin de ne pas avoir besoin de produits suppl\u00e9mentaires, nous recommandons un r\u00e9cipient dont les dimensions sont les plus adapt\u00e9es \u00e0 l'objet.<\/li>\n<li>Si vous le souhaitez, vous pouvez utiliser un agent de d\u00e9moulage sur l'objet pour faciliter son retrait. Sinon, ce silicone s'enl\u00e8ve facilement \u00e0 l'eau et au savon une fois qu'il a durci.<\/li>\n<li>Recouvrir le fond du r\u00e9cipient d'un film plastique et y placer l'objet \u00e0 mouler.<\/li>\n<li>Verser une petite quantit\u00e9 du m\u00e9lange de silicone et de catalyseur pour couvrir la base du moule, en tenant l'objet \u00e0 la base pour l'emp\u00eacher de bouger. Laisser s\u00e9cher<\/li>\n<li>Recouvrir le reste du moule avec le m\u00e9lange de silicone et de catalyseur.<\/li>\n<li>Laisser s\u00e9cher pendant plusieurs heures jusqu'\u00e0 ce qu'il durcisse.<\/li>\n<\/ol>\n<h2>L'HYGI\u00c8NE ET LA S\u00c9CURIT\u00c9<\/h2>\n<p>Les catalyseurs contiennent des sels d'\u00e9tain toxiques et il est donc recommand\u00e9 d'\u00e9viter tout contact avec la peau et toute projection dans les yeux lors de la manipulation. En cas de contact accidentel, laver imm\u00e9diatement et abondamment \u00e0 l'eau et consulter un m\u00e9decin. Pour plus d'informations, demandez le manuel de s\u00e9curit\u00e9 du produit.<\/p>","protected":false},"excerpt":{"rendered":"<p class=\"ai-optimize-47\">Acheter du silicone pour moules et catalyseurs. Production de moules pour la reproduction de mod\u00e8les en cire, c\u00e9ramique, bois, m\u00e9tal, pierre, pl\u00e2tre, etc., dans des mat\u00e9riaux tels que les r\u00e9sines polyester, le polyur\u00e9thane, la pierre artificielle, l'alb\u00e2tre, le pl\u00e2tre, etc. Passez votre commande en suivant les \u00e9tapes ci-dessous.<\/p>","protected":false},"featured_media":41766,"comment_status":"open","ping_status":"closed","template":"","meta":{"_acf_changed":false,"site-sidebar-layout":"default","site-content-layout":"default","ast-site-content-layout":"default","site-content-style":"default","site-sidebar-style":"default","ast-global-header-display":"","ast-banner-title-visibility":"","ast-main-header-display":"","ast-hfb-above-header-display":"","ast-hfb-below-header-display":"","ast-hfb-mobile-header-display":"","site-post-title":"","ast-breadcrumbs-content":"","ast-featured-img":"","footer-sml-layout":"","ast-disable-related-posts":"","theme-transparent-header-meta":"default","adv-header-id-meta":"","stick-header-meta":"default","header-above-stick-meta":"","header-main-stick-meta":"","header-below-stick-meta":"","astra-migrate-meta-layouts":"set","ast-page-background-enabled":"default","ast-page-background-meta":{"desktop":{"background-color":"var(--ast-global-color-4)","background-image":"","background-repeat":"repeat","background-position":"center center","background-size":"auto","background-attachment":"scroll","background-type":"","background-media":"","overlay-type":"","overlay-color":"","overlay-opacity":"","overlay-gradient":""},"tablet":{"background-color":"","background-image":"","background-repeat":"repeat","background-position":"center center","background-size":"auto","background-attachment":"scroll","background-type":"","background-media":"","overlay-type":"","overlay-color":"","overlay-opacity":"","overlay-gradient":""},"mobile":{"background-color":"","background-image":"","background-repeat":"repeat","background-position":"center center","background-size":"auto","background-attachment":"scroll","background-type":"","background-media":"","overlay-type":"","overlay-color":"","overlay-opacity":"","overlay-gradient":""}},"ast-content-background-meta":{"desktop":{"background-color":"var(--ast-global-color-5)","background-image":"","background-repeat":"repeat","background-position":"center center","background-size":"auto","background-attachment":"scroll","background-type":"","background-media":"","overlay-type":"","overlay-color":"","overlay-opacity":"","overlay-gradient":""},"tablet":{"background-color":"var(--ast-global-color-5)","background-image":"","background-repeat":"repeat","background-position":"center center","background-size":"auto","background-attachment":"scroll","background-type":"","background-media":"","overlay-type":"","overlay-color":"","overlay-opacity":"","overlay-gradient":""},"mobile":{"background-color":"var(--ast-global-color-5)","background-image":"","background-repeat":"repeat","background-position":"center center","background-size":"auto","background-attachment":"scroll","background-type":"","background-media":"","overlay-type":"","overlay-color":"","overlay-opacity":"","overlay-gradient":""}}},"product_brand":[],"product_cat":[21],"product_tag":[],"class_list":{"0":"post-41744","1":"product","2":"type-product","3":"status-publish","4":"has-post-thumbnail","6":"product_cat-productos","7":"pa_cantidad-1kg","8":"pa_cantidad-5kg","9":"pa_cantidad-25kg","10":"desktop-align-left","11":"tablet-align-left","12":"mobile-align-left","13":"ast-product-gallery-layout-horizontal-slider","14":"ast-product-gallery-with-no-image","15":"ast-magnify-disabled","16":"ast-product-single-variable","17":"ast-product-tabs-layout-horizontal","18":"ast-qv-on-image","20":"first","21":"instock","22":"taxable","23":"shipping-taxable","24":"purchasable","25":"product-type-variable","26":"has-default-attributes"},"acf":[],"yoast_head":"<!-- This site is optimized with the Yoast SEO Premium plugin v27.1 (Yoast SEO v27.1.1) - https:\/\/yoast.com\/product\/yoast-seo-premium-wordpress\/ -->\n<title>Silicona para Moldes + Catalizador: Comprar Online - Alquera.com<\/title>\n<meta name=\"description\" content=\"ENV\u00cdOS EN 24\/48H - Silicona para moldes y catalizador. Moldes para la reproducci\u00f3n de modelos de cera, cer\u00e1mica, madera, metal, piedra, yeso, etc.,\" \/>\n<meta name=\"robots\" content=\"index, follow, max-snippet:-1, max-image-preview:large, max-video-preview:-1\" \/>\n<link rel=\"canonical\" href=\"https:\/\/www.alquera.com\/fr\/silicona-para-moldes-catalizador\/\" \/>\n<meta property=\"og:locale\" content=\"fr_FR\" \/>\n<meta property=\"og:type\" content=\"article\" \/>\n<meta property=\"og:title\" content=\"Silicona para Moldes + Catalizador: Comprar Online - Alquera.com\" \/>\n<meta property=\"og:description\" content=\"ENV\u00cdOS EN 24\/48H - Silicona para moldes y catalizador. Moldes para la reproducci\u00f3n de modelos de cera, cer\u00e1mica, madera, metal, piedra, yeso, etc.,\" \/>\n<meta property=\"og:url\" content=\"https:\/\/www.alquera.com\/fr\/silicona-para-moldes-catalizador\/\" \/>\n<meta property=\"og:site_name\" content=\"Alquera.com\" \/>\n<meta property=\"article:publisher\" content=\"https:\/\/www.facebook.com\/alqueraciencia\" \/>\n<meta property=\"article:modified_time\" content=\"2026-02-23T16:13:00+00:00\" \/>\n<meta property=\"og:image\" content=\"https:\/\/www.alquera.com\/wp-content\/uploads\/2023\/03\/SILICONA-PARA-MOLDES.jpg\" \/>\n\t<meta property=\"og:image:width\" content=\"900\" \/>\n\t<meta property=\"og:image:height\" content=\"900\" \/>\n\t<meta property=\"og:image:type\" content=\"image\/jpeg\" \/>\n<meta name=\"twitter:card\" content=\"summary_large_image\" \/>\n<meta name=\"twitter:label1\" content=\"Disponibilit\u00e9\" \/>\n\t<meta name=\"twitter:data1\" content=\"En stock\" \/>\n<script type=\"application\/ld+json\" class=\"yoast-schema-graph\">{\"@context\":\"https:\/\/schema.org\",\"@graph\":[{\"@type\":[\"WebPage\",\"ItemPage\"],\"@id\":\"https:\/\/www.alquera.com\/silicona-para-moldes-catalizador\/\",\"url\":\"https:\/\/www.alquera.com\/silicona-para-moldes-catalizador\/\",\"name\":\"Silicona para Moldes + Catalizador: Comprar Online - Alquera.com\",\"isPartOf\":{\"@id\":\"https:\/\/www.alquera.com\/en\/#website\"},\"primaryImageOfPage\":{\"@id\":\"https:\/\/www.alquera.com\/silicona-para-moldes-catalizador\/#primaryimage\"},\"image\":{\"@id\":\"https:\/\/www.alquera.com\/silicona-para-moldes-catalizador\/#primaryimage\"},\"thumbnailUrl\":\"https:\/\/www.alquera.com\/wp-content\/uploads\/2023\/03\/SILICONA-PARA-MOLDES.jpg\",\"datePublished\":\"2023-03-20T11:05:06+00:00\",\"dateModified\":\"2026-02-23T16:13:00+00:00\",\"description\":\"ENV\u00cdOS EN 24\/48H - Silicona para moldes y catalizador. Moldes para la reproducci\u00f3n de modelos de cera, cer\u00e1mica, madera, metal, piedra, yeso, etc.,\",\"breadcrumb\":{\"@id\":\"https:\/\/www.alquera.com\/silicona-para-moldes-catalizador\/#breadcrumb\"},\"inLanguage\":\"fr-FR\",\"potentialAction\":[{\"@type\":\"ReadAction\",\"target\":[\"https:\/\/www.alquera.com\/silicona-para-moldes-catalizador\/\"]}]},{\"@type\":\"ImageObject\",\"inLanguage\":\"fr-FR\",\"@id\":\"https:\/\/www.alquera.com\/silicona-para-moldes-catalizador\/#primaryimage\",\"url\":\"https:\/\/www.alquera.com\/wp-content\/uploads\/2023\/03\/SILICONA-PARA-MOLDES.jpg\",\"contentUrl\":\"https:\/\/www.alquera.com\/wp-content\/uploads\/2023\/03\/SILICONA-PARA-MOLDES.jpg\",\"width\":900,\"height\":900,\"caption\":\"SILICONA PARA MOLDES\"},{\"@type\":\"BreadcrumbList\",\"@id\":\"https:\/\/www.alquera.com\/silicona-para-moldes-catalizador\/#breadcrumb\",\"itemListElement\":[{\"@type\":\"ListItem\",\"position\":1,\"name\":\"Inicio\",\"item\":\"https:\/\/www.alquera.com\/\"},{\"@type\":\"ListItem\",\"position\":2,\"name\":\"Alquera.com: Tienda Online de Productos Qu\u00edmicos y Material de Laboratorio\",\"item\":\"https:\/\/www.alquera.com\/en\/tienda\/\"},{\"@type\":\"ListItem\",\"position\":3,\"name\":\"Silicona para Moldes + Catalizador\"}]},{\"@type\":\"WebSite\",\"@id\":\"https:\/\/www.alquera.com\/en\/#website\",\"url\":\"https:\/\/www.alquera.com\/en\/\",\"name\":\"Alquera.com\",\"description\":\"Tienda Online Productos Qu\u00edmicos y Material de Laboratorio\",\"publisher\":{\"@id\":\"https:\/\/www.alquera.com\/en\/#organization\"},\"potentialAction\":[{\"@type\":\"SearchAction\",\"target\":{\"@type\":\"EntryPoint\",\"urlTemplate\":\"https:\/\/www.alquera.com\/en\/?s={search_term_string}\"},\"query-input\":{\"@type\":\"PropertyValueSpecification\",\"valueRequired\":true,\"valueName\":\"search_term_string\"}}],\"inLanguage\":\"fr-FR\"},{\"@type\":\"Organization\",\"@id\":\"https:\/\/www.alquera.com\/en\/#organization\",\"name\":\"ALQUERA CIENCIA SL\",\"url\":\"https:\/\/www.alquera.com\/en\/\",\"logo\":{\"@type\":\"ImageObject\",\"inLanguage\":\"fr-FR\",\"@id\":\"https:\/\/www.alquera.com\/en\/#\/schema\/logo\/image\/\",\"url\":\"https:\/\/www.alquera.com\/wp-content\/uploads\/2020\/11\/logo_300_ancho.png\",\"contentUrl\":\"https:\/\/www.alquera.com\/wp-content\/uploads\/2020\/11\/logo_300_ancho.png\",\"width\":300,\"height\":86,\"caption\":\"ALQUERA CIENCIA SL\"},\"image\":{\"@id\":\"https:\/\/www.alquera.com\/en\/#\/schema\/logo\/image\/\"},\"sameAs\":[\"https:\/\/www.facebook.com\/alqueraciencia\",\"https:\/\/www.instagram.com\/alquera_ciencia\/\",\"https:\/\/www.youtube.com\/c\/alquera\"]}]}<\/script>\n<meta property=\"og:availability\" content=\"instock\" \/>\n<meta property=\"product:availability\" content=\"instock\" \/>\n<meta property=\"product:condition\" content=\"new\" \/>\n<!-- \/ Yoast SEO Premium plugin. -->","yoast_head_json":{"title":"Silicone de Moulage + Catalyseur : Acheter en ligne - Alquera.com","description":"LIVRAISON EN 24\/48H - Silicone pour moules et catalyseurs. Moules pour la reproduction de mod\u00e8les en cire, c\u00e9ramique, bois, m\u00e9tal, pierre, pl\u00e2tre, etc...,","robots":{"index":"index","follow":"follow","max-snippet":"max-snippet:-1","max-image-preview":"max-image-preview:large","max-video-preview":"max-video-preview:-1"},"canonical":"https:\/\/www.alquera.com\/fr\/silicona-para-moldes-catalizador\/","og_locale":"fr_FR","og_type":"article","og_title":"Silicona para Moldes + Catalizador: Comprar Online - Alquera.com","og_description":"ENV\u00cdOS EN 24\/48H - Silicona para moldes y catalizador. Moldes para la reproducci\u00f3n de modelos de cera, cer\u00e1mica, madera, metal, piedra, yeso, etc.,","og_url":"https:\/\/www.alquera.com\/fr\/silicona-para-moldes-catalizador\/","og_site_name":"Alquera.com","article_publisher":"https:\/\/www.facebook.com\/alqueraciencia","article_modified_time":"2026-02-23T16:13:00+00:00","og_image":[{"width":900,"height":900,"url":"https:\/\/www.alquera.com\/wp-content\/uploads\/2023\/03\/SILICONA-PARA-MOLDES.jpg","type":"image\/jpeg"}],"twitter_card":"summary_large_image","twitter_misc":{"Disponibilit\u00e9":"En stock"},"schema":{"@context":"https:\/\/schema.org","@graph":[{"@type":["WebPage","ItemPage"],"@id":"https:\/\/www.alquera.com\/silicona-para-moldes-catalizador\/","url":"https:\/\/www.alquera.com\/silicona-para-moldes-catalizador\/","name":"Silicone de Moulage + Catalyseur : Acheter en ligne - Alquera.com","isPartOf":{"@id":"https:\/\/www.alquera.com\/en\/#website"},"primaryImageOfPage":{"@id":"https:\/\/www.alquera.com\/silicona-para-moldes-catalizador\/#primaryimage"},"image":{"@id":"https:\/\/www.alquera.com\/silicona-para-moldes-catalizador\/#primaryimage"},"thumbnailUrl":"https:\/\/www.alquera.com\/wp-content\/uploads\/2023\/03\/SILICONA-PARA-MOLDES.jpg","datePublished":"2023-03-20T11:05:06+00:00","dateModified":"2026-02-23T16:13:00+00:00","description":"LIVRAISON EN 24\/48H - Silicone pour moules et catalyseurs. Moules pour la reproduction de mod\u00e8les en cire, c\u00e9ramique, bois, m\u00e9tal, pierre, pl\u00e2tre, etc...,","breadcrumb":{"@id":"https:\/\/www.alquera.com\/silicona-para-moldes-catalizador\/#breadcrumb"},"inLanguage":"fr-FR","potentialAction":[{"@type":"ReadAction","target":["https:\/\/www.alquera.com\/silicona-para-moldes-catalizador\/"]}]},{"@type":"ImageObject","inLanguage":"fr-FR","@id":"https:\/\/www.alquera.com\/silicona-para-moldes-catalizador\/#primaryimage","url":"https:\/\/www.alquera.com\/wp-content\/uploads\/2023\/03\/SILICONA-PARA-MOLDES.jpg","contentUrl":"https:\/\/www.alquera.com\/wp-content\/uploads\/2023\/03\/SILICONA-PARA-MOLDES.jpg","width":900,"height":900,"caption":"SILICONA PARA MOLDES"},{"@type":"BreadcrumbList","@id":"https:\/\/www.alquera.com\/silicona-para-moldes-catalizador\/#breadcrumb","itemListElement":[{"@type":"ListItem","position":1,"name":"Inicio","item":"https:\/\/www.alquera.com\/"},{"@type":"ListItem","position":2,"name":"Alquera.com: Tienda Online de Productos Qu\u00edmicos y Material de Laboratorio","item":"https:\/\/www.alquera.com\/en\/tienda\/"},{"@type":"ListItem","position":3,"name":"Silicona para Moldes + Catalizador"}]},{"@type":"WebSite","@id":"https:\/\/www.alquera.com\/en\/#website","url":"https:\/\/www.alquera.com\/en\/","name":"Alquera.com","description":"Boutique en ligne Produits chimiques et \u00e9quipements de laboratoire","publisher":{"@id":"https:\/\/www.alquera.com\/en\/#organization"},"potentialAction":[{"@type":"SearchAction","target":{"@type":"EntryPoint","urlTemplate":"https:\/\/www.alquera.com\/en\/?s={search_term_string}"},"query-input":{"@type":"PropertyValueSpecification","valueRequired":true,"valueName":"search_term_string"}}],"inLanguage":"fr-FR"},{"@type":"Organization","@id":"https:\/\/www.alquera.com\/en\/#organization","name":"ALQUERA CIENCIA SL","url":"https:\/\/www.alquera.com\/en\/","logo":{"@type":"ImageObject","inLanguage":"fr-FR","@id":"https:\/\/www.alquera.com\/en\/#\/schema\/logo\/image\/","url":"https:\/\/www.alquera.com\/wp-content\/uploads\/2020\/11\/logo_300_ancho.png","contentUrl":"https:\/\/www.alquera.com\/wp-content\/uploads\/2020\/11\/logo_300_ancho.png","width":300,"height":86,"caption":"ALQUERA CIENCIA SL"},"image":{"@id":"https:\/\/www.alquera.com\/en\/#\/schema\/logo\/image\/"},"sameAs":["https:\/\/www.facebook.com\/alqueraciencia","https:\/\/www.instagram.com\/alquera_ciencia\/","https:\/\/www.youtube.com\/c\/alquera"]}]},"og_availability":"instock","product_availability":"instock","product_condition":"new"},"_links":{"self":[{"href":"https:\/\/www.alquera.com\/fr\/wp-json\/wp\/v2\/product\/41744","targetHints":{"allow":["GET"]}}],"collection":[{"href":"https:\/\/www.alquera.com\/fr\/wp-json\/wp\/v2\/product"}],"about":[{"href":"https:\/\/www.alquera.com\/fr\/wp-json\/wp\/v2\/types\/product"}],"replies":[{"embeddable":true,"href":"https:\/\/www.alquera.com\/fr\/wp-json\/wp\/v2\/comments?post=41744"}],"wp:featuredmedia":[{"embeddable":true,"href":"https:\/\/www.alquera.com\/fr\/wp-json\/wp\/v2\/media\/41766"}],"wp:attachment":[{"href":"https:\/\/www.alquera.com\/fr\/wp-json\/wp\/v2\/media?parent=41744"}],"wp:term":[{"taxonomy":"product_brand","embeddable":true,"href":"https:\/\/www.alquera.com\/fr\/wp-json\/wp\/v2\/product_brand?post=41744"},{"taxonomy":"product_cat","embeddable":true,"href":"https:\/\/www.alquera.com\/fr\/wp-json\/wp\/v2\/product_cat?post=41744"},{"taxonomy":"product_tag","embeddable":true,"href":"https:\/\/www.alquera.com\/fr\/wp-json\/wp\/v2\/product_tag?post=41744"}],"curies":[{"name":"wp","href":"https:\/\/api.w.org\/{rel}","templated":true}]}}