{"id":41822,"date":"2023-03-24T12:04:28","date_gmt":"2023-03-24T12:04:28","guid":{"rendered":"https:\/\/www.alquera.com\/?post_type=product&#038;p=41822"},"modified":"2026-02-23T16:12:13","modified_gmt":"2026-02-23T16:12:13","slug":"set-cianotipia","status":"publish","type":"product","link":"https:\/\/www.alquera.com\/fr\/set-cianotipia\/","title":{"rendered":"Ensemble Cianotipia"},"content":{"rendered":"<p>Nous vous proposons un set de cyanotypie. Le set se compose de 2 flacons, (partie A et partie B) contenant chacun la poudre de rouge de potasse ferrique (partie A) et de citrate ferrique ammoniacal (partie B) n\u00e9cessaire pour former 2 flacons de 125ml de chacun des composants.<\/p>\n<p>Il suffit de remplir chaque flacon avec de l'eau pour obtenir 125 ml de ferricyanure de potassium rouge 15% (partie A) et 125 ml de citrate ferrique ammoniacal 25% (partie B).<\/p>\n<p>Par la suite, vous n'aurez plus qu'\u00e0 appliquer la m\u00eame quantit\u00e9 de chacune des parties \u00e0 appliquer dans votre processus de cyanotypie.<\/p>\n<h2>SET 125ml<\/h2>\n<p>PARTIE A : 18,75g <a href=\"https:\/\/www.alquera.com\/fr\/ferricianuro-de-potasa-rojo\/\">Ferricyanure de Potassium Rouge<\/a> (pour former une solution de 125 ml de ferricyanure de potassium rouge 15%)<br \/>\nPARTIE B : 31,25g <a href=\"https:\/\/www.alquera.com\/fr\/citrato-ferrico-amoniacal\/\">Citrate Ferrique Ammoniacal<\/a>(pour former une solution de 125 ml de citrate d'ammonium ferrique ammoniacal \u00e0 25%)<\/p>\n<p>&nbsp;<\/p>\n<h2><strong>CYANOTYPE SET. MODE D'EMPLOI<\/strong><\/h2>\n<p>A utiliser en photographie, sur papier ou sur textile.<\/p>\n<p>Contenu : PARTIE A (Ferricyanure de potassium) &amp; PARTIE B (Citrate ferrique d'ammonium).<\/p>\n<p>Les deux flacons du set (partie A et partie B) contiennent le produit n\u00e9cessaire pour que, une fois remplis d'eau, ils puissent \u00eatre utilis\u00e9s dans les m\u00eames proportions. Une fois rempli d'eau, chaque flacon contiendra 125 ml de produit.<\/p>\n<p>Instructions<\/p>\n<ol>\n<li>Remplissez chaque r\u00e9cipient avec de l'eau pour cr\u00e9er les solutions : SOLUTIONS A ET B.<\/li>\n<li>Remuer jusqu'\u00e0 ce que la poudre soit compl\u00e8tement dissoute.<\/li>\n<li>M\u00e9langer \u00e0 parts \u00e9gales la SOLUTION A et la SOLUTION B pour cr\u00e9er le sensibilisateur cyanotype sous un faible \u00e9clairage.<\/li>\n<li>Nous recommandons de ne m\u00e9langer que le produit que vous allez utiliser. Le m\u00e9lange n'est stable que pendant 2 \u00e0 4 heures.<\/li>\n<li>Recouvrez le papier ou le tissu avec le sensibilisateur, exposez-le au soleil et laissez-le s\u00e9cher \u00e0 l'air libre dans l'obscurit\u00e9.<\/li>\n<li>Une fois sec, il est possible d'effectuer des expositions au soleil (de 3 \u00e0 30 minutes, selon les conditions) ou sous une source de lumi\u00e8re UV, en pla\u00e7ant des objets ou un n\u00e9gatif de film sur la surface enduite pour cr\u00e9er une image.<\/li>\n<\/ol>\n<p>Remarque : une surexposition \u00e0 la lumi\u00e8re est toujours pr\u00e9f\u00e9rable \u00e0 une sous-exposition. La pr\u00e9paration doit prendre une couleur bronze apr\u00e8s une exposition correcte.<\/p>\n<ol start=\"7\">\n<li>Retirer le n\u00e9gatif ou le cadre du papier trait\u00e9 et immerger le papier dans de l'eau froide pendant au moins 5 minutes, en changeant l'eau p\u00e9riodiquement, jusqu'\u00e0 ce qu'il prenne une couleur claire. Laissez-le s\u00e9cher \u00e0 l'air libre. En 24 heures environ, le tirage s'oxydera pour prendre sa couleur bleue profonde d\u00e9finitive. Pour oxyder instantan\u00e9ment l'impression jusqu'\u00e0 sa couleur finale, trempez-la dans un bain de peroxyde d'hydrog\u00e8ne dilu\u00e9 apr\u00e8s le lavage, puis rincez-la et s\u00e9chez-la.<\/li>\n<\/ol>\n<p>Note : les impressions cyanotypes durent dans le temps.  Toutefois, si elles sont expos\u00e9es \u00e0 un pH \u00e9lev\u00e9 ou \u00e0 des environnements phosphat\u00e9s, elles peuvent jaunir. Pour les textiles, il convient de les laver avec des d\u00e9tergents sans phosphates et de les traiter avec soin, en \u00e9vitant la sueur et la graisse.<\/p>\n<p>&nbsp;<\/p>","protected":false},"excerpt":{"rendered":"<p>Le set consiste en 2 flacons, (partie A et partie B) contenant chacun la poudre de ferricyanure de potassium rouge (partie A) et le citrate de fer ammoniacal (partie B) n\u00e9cessaires pour former 2 flacons de 125ml de chacun des composants. La commande se fait directement \u00e0 travers le Web en suivant les \u00e9tapes indiqu\u00e9es, \u00e9tant la livraison en 24\/48 heures dans la P\u00e9ninsule d'Espagne et 4-5 jours au reste de l'Europe.<\/p>","protected":false},"featured_media":46895,"comment_status":"open","ping_status":"closed","template":"","meta":{"_acf_changed":false,"site-sidebar-layout":"default","site-content-layout":"default","ast-site-content-layout":"default","site-content-style":"default","site-sidebar-style":"default","ast-global-header-display":"","ast-banner-title-visibility":"","ast-main-header-display":"","ast-hfb-above-header-display":"","ast-hfb-below-header-display":"","ast-hfb-mobile-header-display":"","site-post-title":"","ast-breadcrumbs-content":"","ast-featured-img":"","footer-sml-layout":"","ast-disable-related-posts":"","theme-transparent-header-meta":"default","adv-header-id-meta":"","stick-header-meta":"default","header-above-stick-meta":"","header-main-stick-meta":"","header-below-stick-meta":"","astra-migrate-meta-layouts":"set","ast-page-background-enabled":"default","ast-page-background-meta":{"desktop":{"background-color":"var(--ast-global-color-4)","background-image":"","background-repeat":"repeat","background-position":"center center","background-size":"auto","background-attachment":"scroll","background-type":"","background-media":"","overlay-type":"","overlay-color":"","overlay-opacity":"","overlay-gradient":""},"tablet":{"background-color":"","background-image":"","background-repeat":"repeat","background-position":"center center","background-size":"auto","background-attachment":"scroll","background-type":"","background-media":"","overlay-type":"","overlay-color":"","overlay-opacity":"","overlay-gradient":""},"mobile":{"background-color":"","background-image":"","background-repeat":"repeat","background-position":"center center","background-size":"auto","background-attachment":"scroll","background-type":"","background-media":"","overlay-type":"","overlay-color":"","overlay-opacity":"","overlay-gradient":""}},"ast-content-background-meta":{"desktop":{"background-color":"var(--ast-global-color-5)","background-image":"","background-repeat":"repeat","background-position":"center center","background-size":"auto","background-attachment":"scroll","background-type":"","background-media":"","overlay-type":"","overlay-color":"","overlay-opacity":"","overlay-gradient":""},"tablet":{"background-color":"var(--ast-global-color-5)","background-image":"","background-repeat":"repeat","background-position":"center center","background-size":"auto","background-attachment":"scroll","background-type":"","background-media":"","overlay-type":"","overlay-color":"","overlay-opacity":"","overlay-gradient":""},"mobile":{"background-color":"var(--ast-global-color-5)","background-image":"","background-repeat":"repeat","background-position":"center center","background-size":"auto","background-attachment":"scroll","background-type":"","background-media":"","overlay-type":"","overlay-color":"","overlay-opacity":"","overlay-gradient":""}}},"product_brand":[],"product_cat":[21],"product_tag":[],"class_list":{"0":"post-41822","1":"product","2":"type-product","3":"status-publish","4":"has-post-thumbnail","6":"product_cat-productos","7":"pa_cantidad-50ml","8":"pa_cantidad-125ml","9":"pa_cantidad-500ml","10":"desktop-align-left","11":"tablet-align-left","12":"mobile-align-left","13":"ast-product-gallery-layout-horizontal-slider","14":"ast-magnify-disabled","15":"ast-product-tabs-layout-horizontal","16":"ast-qv-on-image","18":"first","19":"instock","20":"taxable","21":"shipping-taxable","22":"purchasable","23":"product-type-simple"},"acf":[],"yoast_head":"<!-- This site is optimized with the Yoast SEO Premium plugin v27.1 (Yoast SEO v27.1.1) - https:\/\/yoast.com\/product\/yoast-seo-premium-wordpress\/ -->\n<title>Set Cianotipia - Comprar Online Alquera.com<\/title>\n<meta name=\"description\" content=\"ENV\u00cdOS EN 24\/48H. Comprar un set preparado para realizaci\u00f3n de la pr\u00e1ctica de cianotipia. En diferentes formatos y tama\u00f1os.\" \/>\n<meta name=\"robots\" content=\"index, follow, max-snippet:-1, max-image-preview:large, max-video-preview:-1\" \/>\n<link rel=\"canonical\" href=\"https:\/\/www.alquera.com\/fr\/set-cianotipia\/\" \/>\n<meta property=\"og:locale\" content=\"fr_FR\" \/>\n<meta property=\"og:type\" content=\"article\" \/>\n<meta property=\"og:title\" content=\"Set Cianotipia: Comprar Online - Alquera.com\" \/>\n<meta property=\"og:description\" content=\"ENV\u00cdOS EN 24\/48H. Comprar un set preparado para realizaci\u00f3n de la pr\u00e1ctica de cianotipia. En diferentes formatos y tama\u00f1os.\" \/>\n<meta property=\"og:url\" content=\"https:\/\/www.alquera.com\/fr\/set-cianotipia\/\" \/>\n<meta property=\"og:site_name\" content=\"Alquera.com\" \/>\n<meta property=\"article:publisher\" content=\"https:\/\/www.facebook.com\/alqueraciencia\" \/>\n<meta property=\"article:modified_time\" content=\"2026-02-23T16:12:13+00:00\" \/>\n<meta property=\"og:image\" content=\"https:\/\/www.alquera.com\/wp-content\/uploads\/2023\/03\/SET-CIANOTIPA-POLVO-2.png\" \/>\n\t<meta property=\"og:image:width\" content=\"1208\" \/>\n\t<meta property=\"og:image:height\" content=\"1200\" \/>\n\t<meta property=\"og:image:type\" content=\"image\/png\" \/>\n<meta name=\"twitter:card\" content=\"summary_large_image\" \/>\n<meta name=\"twitter:label1\" content=\"Prix\" \/>\n\t<meta name=\"twitter:data1\" content=\"20,90&euro;\" \/>\n\t<meta name=\"twitter:label2\" content=\"Disponibilit\u00e9\" \/>\n\t<meta name=\"twitter:data2\" content=\"En stock\" \/>\n<script type=\"application\/ld+json\" class=\"yoast-schema-graph\">{\"@context\":\"https:\/\/schema.org\",\"@graph\":[{\"@type\":[\"WebPage\",\"ItemPage\"],\"@id\":\"https:\/\/www.alquera.com\/set-cianotipia\/\",\"url\":\"https:\/\/www.alquera.com\/set-cianotipia\/\",\"name\":\"Set Cianotipia - Comprar Online Alquera.com\",\"isPartOf\":{\"@id\":\"https:\/\/www.alquera.com\/en\/#website\"},\"primaryImageOfPage\":{\"@id\":\"https:\/\/www.alquera.com\/set-cianotipia\/#primaryimage\"},\"image\":{\"@id\":\"https:\/\/www.alquera.com\/set-cianotipia\/#primaryimage\"},\"thumbnailUrl\":\"https:\/\/www.alquera.com\/wp-content\/uploads\/2023\/03\/SET-CIANOTIPA-POLVO-2.png\",\"datePublished\":\"2023-03-24T12:04:28+00:00\",\"dateModified\":\"2026-02-23T16:12:13+00:00\",\"description\":\"ENV\u00cdOS EN 24\/48H. Comprar un set preparado para realizaci\u00f3n de la pr\u00e1ctica de cianotipia. En diferentes formatos y tama\u00f1os.\",\"breadcrumb\":{\"@id\":\"https:\/\/www.alquera.com\/set-cianotipia\/#breadcrumb\"},\"inLanguage\":\"fr-FR\",\"potentialAction\":[{\"@type\":\"ReadAction\",\"target\":[\"https:\/\/www.alquera.com\/set-cianotipia\/\"]}]},{\"@type\":\"ImageObject\",\"inLanguage\":\"fr-FR\",\"@id\":\"https:\/\/www.alquera.com\/set-cianotipia\/#primaryimage\",\"url\":\"https:\/\/www.alquera.com\/wp-content\/uploads\/2023\/03\/SET-CIANOTIPA-POLVO-2.png\",\"contentUrl\":\"https:\/\/www.alquera.com\/wp-content\/uploads\/2023\/03\/SET-CIANOTIPA-POLVO-2.png\",\"width\":1208,\"height\":1200},{\"@type\":\"BreadcrumbList\",\"@id\":\"https:\/\/www.alquera.com\/set-cianotipia\/#breadcrumb\",\"itemListElement\":[{\"@type\":\"ListItem\",\"position\":1,\"name\":\"Inicio\",\"item\":\"https:\/\/www.alquera.com\/\"},{\"@type\":\"ListItem\",\"position\":2,\"name\":\"Alquera.com: Tienda Online de Productos Qu\u00edmicos y Material de Laboratorio\",\"item\":\"https:\/\/www.alquera.com\/en\/tienda\/\"},{\"@type\":\"ListItem\",\"position\":3,\"name\":\"Set Cianotipia\"}]},{\"@type\":\"WebSite\",\"@id\":\"https:\/\/www.alquera.com\/en\/#website\",\"url\":\"https:\/\/www.alquera.com\/en\/\",\"name\":\"Alquera.com\",\"description\":\"Tienda Online Productos Qu\u00edmicos y Material de Laboratorio\",\"publisher\":{\"@id\":\"https:\/\/www.alquera.com\/en\/#organization\"},\"potentialAction\":[{\"@type\":\"SearchAction\",\"target\":{\"@type\":\"EntryPoint\",\"urlTemplate\":\"https:\/\/www.alquera.com\/en\/?s={search_term_string}\"},\"query-input\":{\"@type\":\"PropertyValueSpecification\",\"valueRequired\":true,\"valueName\":\"search_term_string\"}}],\"inLanguage\":\"fr-FR\"},{\"@type\":\"Organization\",\"@id\":\"https:\/\/www.alquera.com\/en\/#organization\",\"name\":\"ALQUERA CIENCIA SL\",\"url\":\"https:\/\/www.alquera.com\/en\/\",\"logo\":{\"@type\":\"ImageObject\",\"inLanguage\":\"fr-FR\",\"@id\":\"https:\/\/www.alquera.com\/en\/#\/schema\/logo\/image\/\",\"url\":\"https:\/\/www.alquera.com\/wp-content\/uploads\/2020\/11\/logo_300_ancho.png\",\"contentUrl\":\"https:\/\/www.alquera.com\/wp-content\/uploads\/2020\/11\/logo_300_ancho.png\",\"width\":300,\"height\":86,\"caption\":\"ALQUERA CIENCIA SL\"},\"image\":{\"@id\":\"https:\/\/www.alquera.com\/en\/#\/schema\/logo\/image\/\"},\"sameAs\":[\"https:\/\/www.facebook.com\/alqueraciencia\",\"https:\/\/www.instagram.com\/alquera_ciencia\/\",\"https:\/\/www.youtube.com\/c\/alquera\"]}]}<\/script>\n<meta property=\"product:price:amount\" content=\"20.90\" \/>\n<meta property=\"product:price:currency\" content=\"EUR\" \/>\n<meta property=\"og:availability\" content=\"instock\" \/>\n<meta property=\"product:availability\" content=\"instock\" \/>\n<meta property=\"product:condition\" content=\"new\" \/>\n<!-- \/ Yoast SEO Premium plugin. -->","yoast_head_json":{"title":"Cyanotype Set - Achat en ligne Alquera.com","description":"EXP\u00c9DITION EN 24\/48H. Achetez un set pr\u00e9par\u00e9 pour la pratique du cyanotype. En diff\u00e9rents formats et tailles.","robots":{"index":"index","follow":"follow","max-snippet":"max-snippet:-1","max-image-preview":"max-image-preview:large","max-video-preview":"max-video-preview:-1"},"canonical":"https:\/\/www.alquera.com\/fr\/set-cianotipia\/","og_locale":"fr_FR","og_type":"article","og_title":"Set Cianotipia: Comprar Online - Alquera.com","og_description":"ENV\u00cdOS EN 24\/48H. Comprar un set preparado para realizaci\u00f3n de la pr\u00e1ctica de cianotipia. En diferentes formatos y tama\u00f1os.","og_url":"https:\/\/www.alquera.com\/fr\/set-cianotipia\/","og_site_name":"Alquera.com","article_publisher":"https:\/\/www.facebook.com\/alqueraciencia","article_modified_time":"2026-02-23T16:12:13+00:00","og_image":[{"width":1208,"height":1200,"url":"https:\/\/www.alquera.com\/wp-content\/uploads\/2023\/03\/SET-CIANOTIPA-POLVO-2.png","type":"image\/png"}],"twitter_card":"summary_large_image","twitter_misc":{"Prix":"20,90&euro;","Disponibilit\u00e9":"En stock"},"schema":{"@context":"https:\/\/schema.org","@graph":[{"@type":["WebPage","ItemPage"],"@id":"https:\/\/www.alquera.com\/set-cianotipia\/","url":"https:\/\/www.alquera.com\/set-cianotipia\/","name":"Cyanotype Set - Achat en ligne Alquera.com","isPartOf":{"@id":"https:\/\/www.alquera.com\/en\/#website"},"primaryImageOfPage":{"@id":"https:\/\/www.alquera.com\/set-cianotipia\/#primaryimage"},"image":{"@id":"https:\/\/www.alquera.com\/set-cianotipia\/#primaryimage"},"thumbnailUrl":"https:\/\/www.alquera.com\/wp-content\/uploads\/2023\/03\/SET-CIANOTIPA-POLVO-2.png","datePublished":"2023-03-24T12:04:28+00:00","dateModified":"2026-02-23T16:12:13+00:00","description":"EXP\u00c9DITION EN 24\/48H. Achetez un set pr\u00e9par\u00e9 pour la pratique du cyanotype. En diff\u00e9rents formats et tailles.","breadcrumb":{"@id":"https:\/\/www.alquera.com\/set-cianotipia\/#breadcrumb"},"inLanguage":"fr-FR","potentialAction":[{"@type":"ReadAction","target":["https:\/\/www.alquera.com\/set-cianotipia\/"]}]},{"@type":"ImageObject","inLanguage":"fr-FR","@id":"https:\/\/www.alquera.com\/set-cianotipia\/#primaryimage","url":"https:\/\/www.alquera.com\/wp-content\/uploads\/2023\/03\/SET-CIANOTIPA-POLVO-2.png","contentUrl":"https:\/\/www.alquera.com\/wp-content\/uploads\/2023\/03\/SET-CIANOTIPA-POLVO-2.png","width":1208,"height":1200},{"@type":"BreadcrumbList","@id":"https:\/\/www.alquera.com\/set-cianotipia\/#breadcrumb","itemListElement":[{"@type":"ListItem","position":1,"name":"Inicio","item":"https:\/\/www.alquera.com\/"},{"@type":"ListItem","position":2,"name":"Alquera.com: Tienda Online de Productos Qu\u00edmicos y Material de Laboratorio","item":"https:\/\/www.alquera.com\/en\/tienda\/"},{"@type":"ListItem","position":3,"name":"Set Cianotipia"}]},{"@type":"WebSite","@id":"https:\/\/www.alquera.com\/en\/#website","url":"https:\/\/www.alquera.com\/en\/","name":"Alquera.com","description":"Boutique en ligne Produits chimiques et \u00e9quipements de laboratoire","publisher":{"@id":"https:\/\/www.alquera.com\/en\/#organization"},"potentialAction":[{"@type":"SearchAction","target":{"@type":"EntryPoint","urlTemplate":"https:\/\/www.alquera.com\/en\/?s={search_term_string}"},"query-input":{"@type":"PropertyValueSpecification","valueRequired":true,"valueName":"search_term_string"}}],"inLanguage":"fr-FR"},{"@type":"Organization","@id":"https:\/\/www.alquera.com\/en\/#organization","name":"ALQUERA CIENCIA SL","url":"https:\/\/www.alquera.com\/en\/","logo":{"@type":"ImageObject","inLanguage":"fr-FR","@id":"https:\/\/www.alquera.com\/en\/#\/schema\/logo\/image\/","url":"https:\/\/www.alquera.com\/wp-content\/uploads\/2020\/11\/logo_300_ancho.png","contentUrl":"https:\/\/www.alquera.com\/wp-content\/uploads\/2020\/11\/logo_300_ancho.png","width":300,"height":86,"caption":"ALQUERA CIENCIA SL"},"image":{"@id":"https:\/\/www.alquera.com\/en\/#\/schema\/logo\/image\/"},"sameAs":["https:\/\/www.facebook.com\/alqueraciencia","https:\/\/www.instagram.com\/alquera_ciencia\/","https:\/\/www.youtube.com\/c\/alquera"]}]},"product_price_amount":"20.90","product_price_currency":"EUR","og_availability":"instock","product_availability":"instock","product_condition":"new"},"_links":{"self":[{"href":"https:\/\/www.alquera.com\/fr\/wp-json\/wp\/v2\/product\/41822","targetHints":{"allow":["GET"]}}],"collection":[{"href":"https:\/\/www.alquera.com\/fr\/wp-json\/wp\/v2\/product"}],"about":[{"href":"https:\/\/www.alquera.com\/fr\/wp-json\/wp\/v2\/types\/product"}],"replies":[{"embeddable":true,"href":"https:\/\/www.alquera.com\/fr\/wp-json\/wp\/v2\/comments?post=41822"}],"wp:featuredmedia":[{"embeddable":true,"href":"https:\/\/www.alquera.com\/fr\/wp-json\/wp\/v2\/media\/46895"}],"wp:attachment":[{"href":"https:\/\/www.alquera.com\/fr\/wp-json\/wp\/v2\/media?parent=41822"}],"wp:term":[{"taxonomy":"product_brand","embeddable":true,"href":"https:\/\/www.alquera.com\/fr\/wp-json\/wp\/v2\/product_brand?post=41822"},{"taxonomy":"product_cat","embeddable":true,"href":"https:\/\/www.alquera.com\/fr\/wp-json\/wp\/v2\/product_cat?post=41822"},{"taxonomy":"product_tag","embeddable":true,"href":"https:\/\/www.alquera.com\/fr\/wp-json\/wp\/v2\/product_tag?post=41822"}],"curies":[{"name":"wp","href":"https:\/\/api.w.org\/{rel}","templated":true}]}}