{"id":41903,"date":"2023-03-29T07:54:28","date_gmt":"2023-03-29T07:54:28","guid":{"rendered":"https:\/\/www.alquera.com\/?post_type=product&#038;p=41903"},"modified":"2024-05-22T09:09:38","modified_gmt":"2024-05-22T09:09:38","slug":"colorante-alimentario-amarillo","status":"publish","type":"product","link":"https:\/\/www.alquera.com\/fr\/colorante-alimentario-amarillo\/","title":{"rendered":"Colorant alimentaire jaune"},"content":{"rendered":"<p>Un colorant alimentaire en poudre (ou colorant sec) est un type d'additif alimentaire qui est ajout\u00e9 pour donner ou redonner de la couleur aux aliments.<\/p>\n<h2><strong>CARACT\u00c9RISTIQUES COLORATION JAUNE\u00a0<\/strong><\/h2>\n<p><span id=\"page3R_mcid5\" class=\"markedContent\"><span dir=\"ltr\" role=\"presentation\"><strong>Couleur :<\/strong> Jaune. Jaune alimentaire 4, C.I. 19140<br \/>\n<\/span><\/span><span id=\"page3R_mcid6\" class=\"markedContent\"><\/span><span id=\"page3R_mcid7\" class=\"markedContent\"><\/span><span id=\"page3R_mcid8\" class=\"markedContent\"><\/span><span id=\"page3R_mcid9\" class=\"markedContent\"><\/span><span id=\"page3R_mcid10\" class=\"markedContent\"><strong>Apparence :<\/strong> Poussi\u00e8re<br role=\"presentation\" \/><\/span><span id=\"page3R_mcid12\" class=\"markedContent\"><strong><span dir=\"ltr\" role=\"presentation\">Solubilit\u00e9 :<\/span><\/strong> <span dir=\"ltr\" role=\"presentation\">Soluble dans l'eau<\/span><\/span><\/p>\n<p><span id=\"page3R_mcid46\" class=\"markedContent\"><span dir=\"ltr\" role=\"presentation\">Coloration appropri\u00e9e<\/span> <span dir=\"ltr\" role=\"presentation\">pour l'alimentation (<a href=\"https:\/\/www.boe.es\/doue\/2008\/354\/L00016-00033.pdf\">DOUE REG 1333\/2008\/CE<\/a> &#8211; <a href=\"https:\/\/www.boe.es\/doue\/2011\/295\/L00001-00177.pdf\">annexe<\/a>),<\/span> <span dir=\"ltr\" role=\"presentation\">cosm\u00e9tiques (JOUE <\/span><span dir=\"ltr\" role=\"presentation\">Reg<\/span><span dir=\"ltr\" role=\"presentation\">.<\/span> <span dir=\"ltr\" role=\"presentation\">1223\/2009\/CE) et de la pharmacie (Dir. 2009\/35\/CE). Elle est conforme \u00e0 la<\/span> <span dir=\"ltr\" role=\"presentation\">les sp\u00e9cifications de la <\/span><span dir=\"ltr\" role=\"presentation\">EU (DOUE REG 231\/2012\/UE). Consulter la l\u00e9gislation en vigueur<\/span> <span dir=\"ltr\" role=\"presentation\">les dosages <\/span><span dir=\"ltr\" role=\"presentation\">et les demandes autoris\u00e9es<\/span><\/span><\/p>\n<h2>R\u00c8GLEMENT<\/h2>\n<p>Voir FT et MSDS dans l'onglet Documentation.<\/p>\n<p class=\"documento-tit\"><a href=\"https:\/\/www.boe.es\/doue\/1995\/226\/L00001-00045.pdf\">Directive 95\/45\/CE de la Commission,<\/a> du 26 juillet 1995, Crit\u00e8res de puret\u00e9 sp\u00e9cifiques concernant les colorants destin\u00e9s \u00e0 \u00eatre utilis\u00e9s dans les denr\u00e9es alimentaires.<br \/>\n<a href=\"https:\/\/www.boe.es\/doue\/2008\/354\/L00016-00033.pdf\">R\u00c8GLEMENT (CE) No 1333\/2008<\/a> du parlement europ\u00e9en et du conseil du 16 d\u00e9cembre 2008<br \/>\nsur les additifs alimentaires<\/p>\n<p>&nbsp;<\/p>\n<div class=\"metadatosDoc\">\n<div class=\"metadatos\"><\/div>\n<\/div>","protected":false},"excerpt":{"rendered":"<p>Achetez le Colorant alimentaire jaune en poudre au format 30g, 300g ou 1kg. Vous pouvez voir le prix des diff\u00e9rents formats de Colorant Alimentaire Jaune en s\u00e9lectionnant le format d\u00e9sir\u00e9. La commande s'effectue directement sur le Web en suivant les \u00e9tapes indiqu\u00e9es et est livr\u00e9e en 24\/48 heures.<\/p>","protected":false},"featured_media":43197,"comment_status":"open","ping_status":"closed","template":"","meta":{"_acf_changed":false,"site-sidebar-layout":"default","site-content-layout":"default","ast-site-content-layout":"default","site-content-style":"default","site-sidebar-style":"default","ast-global-header-display":"","ast-banner-title-visibility":"","ast-main-header-display":"","ast-hfb-above-header-display":"","ast-hfb-below-header-display":"","ast-hfb-mobile-header-display":"","site-post-title":"","ast-breadcrumbs-content":"","ast-featured-img":"","footer-sml-layout":"","ast-disable-related-posts":"","theme-transparent-header-meta":"default","adv-header-id-meta":"","stick-header-meta":"default","header-above-stick-meta":"","header-main-stick-meta":"","header-below-stick-meta":"","astra-migrate-meta-layouts":"default","ast-page-background-enabled":"default","ast-page-background-meta":{"desktop":{"background-color":"var(--ast-global-color-4)","background-image":"","background-repeat":"repeat","background-position":"center center","background-size":"auto","background-attachment":"scroll","background-type":"","background-media":"","overlay-type":"","overlay-color":"","overlay-opacity":"","overlay-gradient":""},"tablet":{"background-color":"","background-image":"","background-repeat":"repeat","background-position":"center center","background-size":"auto","background-attachment":"scroll","background-type":"","background-media":"","overlay-type":"","overlay-color":"","overlay-opacity":"","overlay-gradient":""},"mobile":{"background-color":"","background-image":"","background-repeat":"repeat","background-position":"center center","background-size":"auto","background-attachment":"scroll","background-type":"","background-media":"","overlay-type":"","overlay-color":"","overlay-opacity":"","overlay-gradient":""}},"ast-content-background-meta":{"desktop":{"background-color":"var(--ast-global-color-5)","background-image":"","background-repeat":"repeat","background-position":"center center","background-size":"auto","background-attachment":"scroll","background-type":"","background-media":"","overlay-type":"","overlay-color":"","overlay-opacity":"","overlay-gradient":""},"tablet":{"background-color":"var(--ast-global-color-5)","background-image":"","background-repeat":"repeat","background-position":"center center","background-size":"auto","background-attachment":"scroll","background-type":"","background-media":"","overlay-type":"","overlay-color":"","overlay-opacity":"","overlay-gradient":""},"mobile":{"background-color":"var(--ast-global-color-5)","background-image":"","background-repeat":"repeat","background-position":"center center","background-size":"auto","background-attachment":"scroll","background-type":"","background-media":"","overlay-type":"","overlay-color":"","overlay-opacity":"","overlay-gradient":""}}},"product_brand":[],"product_cat":[358,359],"product_tag":[],"class_list":{"0":"post-41903","1":"product","2":"type-product","3":"status-publish","4":"has-post-thumbnail","6":"product_cat-colorantes-alimentarios","7":"product_cat-colorantes-solubles-agua","8":"pa_cantidad-30g","9":"pa_cantidad-300g","10":"pa_cantidad-1kg","11":"desktop-align-left","12":"tablet-align-left","13":"mobile-align-left","14":"ast-product-gallery-layout-horizontal-slider","15":"ast-magnify-disabled","16":"ast-product-single-variable","17":"ast-product-tabs-layout-horizontal","18":"ast-qv-on-image","20":"first","21":"instock","22":"taxable","23":"shipping-taxable","24":"purchasable","25":"product-type-variable","26":"has-default-attributes"},"acf":[],"yoast_head":"<!-- This site is optimized with the Yoast SEO Premium plugin v27.1 (Yoast SEO v27.1.1) - https:\/\/yoast.com\/product\/yoast-seo-premium-wordpress\/ -->\n<title>Colorante Alimentario Amarillo: Comprar Online - Alquera.com<\/title>\n<meta name=\"description\" content=\"ENV\u00cdOS EN 24\/48H. Comprar Colorante Alimentario Amarillo. Food Yellow 4, C.I. 19140. En polvo, distintos formatos. Apto uso Alimentario y Cosm\u00e9tico.\" \/>\n<meta name=\"robots\" content=\"index, follow, max-snippet:-1, max-image-preview:large, max-video-preview:-1\" \/>\n<link rel=\"canonical\" href=\"https:\/\/www.alquera.com\/fr\/colorante-alimentario-amarillo\/\" \/>\n<meta property=\"og:locale\" content=\"fr_FR\" \/>\n<meta property=\"og:type\" content=\"article\" \/>\n<meta property=\"og:title\" content=\"Colorante Alimentario Amarillo: Comprar Online - Alquera.com\" \/>\n<meta property=\"og:description\" content=\"ENV\u00cdOS EN 24\/48H. Comprar Colorante Alimentario Amarillo. Food Yellow 4, C.I. 19140. En polvo, distintos formatos. Apto uso Alimentario y Cosm\u00e9tico.\" \/>\n<meta property=\"og:url\" content=\"https:\/\/www.alquera.com\/fr\/colorante-alimentario-amarillo\/\" \/>\n<meta property=\"og:site_name\" content=\"Alquera.com\" \/>\n<meta property=\"article:publisher\" content=\"https:\/\/www.facebook.com\/alqueraciencia\" \/>\n<meta property=\"article:modified_time\" content=\"2024-05-22T09:09:38+00:00\" \/>\n<meta property=\"og:image\" content=\"https:\/\/www.alquera.com\/wp-content\/uploads\/2023\/03\/colorante-amarillo-1.png\" \/>\n\t<meta property=\"og:image:width\" content=\"364\" \/>\n\t<meta property=\"og:image:height\" content=\"359\" \/>\n\t<meta property=\"og:image:type\" content=\"image\/png\" \/>\n<meta name=\"twitter:card\" content=\"summary_large_image\" \/>\n<meta name=\"twitter:label1\" content=\"Disponibilit\u00e9\" \/>\n\t<meta name=\"twitter:data1\" content=\"En stock\" \/>\n<script type=\"application\/ld+json\" class=\"yoast-schema-graph\">{\"@context\":\"https:\/\/schema.org\",\"@graph\":[{\"@type\":[\"WebPage\",\"ItemPage\"],\"@id\":\"https:\/\/www.alquera.com\/colorante-alimentario-amarillo\/\",\"url\":\"https:\/\/www.alquera.com\/colorante-alimentario-amarillo\/\",\"name\":\"Colorante Alimentario Amarillo: Comprar Online - Alquera.com\",\"isPartOf\":{\"@id\":\"https:\/\/www.alquera.com\/en\/#website\"},\"primaryImageOfPage\":{\"@id\":\"https:\/\/www.alquera.com\/colorante-alimentario-amarillo\/#primaryimage\"},\"image\":{\"@id\":\"https:\/\/www.alquera.com\/colorante-alimentario-amarillo\/#primaryimage\"},\"thumbnailUrl\":\"https:\/\/www.alquera.com\/wp-content\/uploads\/2023\/03\/colorante-amarillo-1.png\",\"datePublished\":\"2023-03-29T07:54:28+00:00\",\"dateModified\":\"2024-05-22T09:09:38+00:00\",\"description\":\"ENV\u00cdOS EN 24\/48H. Comprar Colorante Alimentario Amarillo. Food Yellow 4, C.I. 19140. En polvo, distintos formatos. Apto uso Alimentario y Cosm\u00e9tico.\",\"breadcrumb\":{\"@id\":\"https:\/\/www.alquera.com\/colorante-alimentario-amarillo\/#breadcrumb\"},\"inLanguage\":\"fr-FR\",\"potentialAction\":[{\"@type\":\"ReadAction\",\"target\":[\"https:\/\/www.alquera.com\/colorante-alimentario-amarillo\/\"]}]},{\"@type\":\"ImageObject\",\"inLanguage\":\"fr-FR\",\"@id\":\"https:\/\/www.alquera.com\/colorante-alimentario-amarillo\/#primaryimage\",\"url\":\"https:\/\/www.alquera.com\/wp-content\/uploads\/2023\/03\/colorante-amarillo-1.png\",\"contentUrl\":\"https:\/\/www.alquera.com\/wp-content\/uploads\/2023\/03\/colorante-amarillo-1.png\",\"width\":364,\"height\":359,\"caption\":\"colorante amarillo\"},{\"@type\":\"BreadcrumbList\",\"@id\":\"https:\/\/www.alquera.com\/colorante-alimentario-amarillo\/#breadcrumb\",\"itemListElement\":[{\"@type\":\"ListItem\",\"position\":1,\"name\":\"Inicio\",\"item\":\"https:\/\/www.alquera.com\/\"},{\"@type\":\"ListItem\",\"position\":2,\"name\":\"Alquera.com: Tienda Online de Productos Qu\u00edmicos y Material de Laboratorio\",\"item\":\"https:\/\/www.alquera.com\/en\/tienda\/\"},{\"@type\":\"ListItem\",\"position\":3,\"name\":\"Colorante Alimentario Amarillo\"}]},{\"@type\":\"WebSite\",\"@id\":\"https:\/\/www.alquera.com\/en\/#website\",\"url\":\"https:\/\/www.alquera.com\/en\/\",\"name\":\"Alquera.com\",\"description\":\"Tienda Online Productos Qu\u00edmicos y Material de Laboratorio\",\"publisher\":{\"@id\":\"https:\/\/www.alquera.com\/en\/#organization\"},\"potentialAction\":[{\"@type\":\"SearchAction\",\"target\":{\"@type\":\"EntryPoint\",\"urlTemplate\":\"https:\/\/www.alquera.com\/en\/?s={search_term_string}\"},\"query-input\":{\"@type\":\"PropertyValueSpecification\",\"valueRequired\":true,\"valueName\":\"search_term_string\"}}],\"inLanguage\":\"fr-FR\"},{\"@type\":\"Organization\",\"@id\":\"https:\/\/www.alquera.com\/en\/#organization\",\"name\":\"ALQUERA CIENCIA SL\",\"url\":\"https:\/\/www.alquera.com\/en\/\",\"logo\":{\"@type\":\"ImageObject\",\"inLanguage\":\"fr-FR\",\"@id\":\"https:\/\/www.alquera.com\/en\/#\/schema\/logo\/image\/\",\"url\":\"https:\/\/www.alquera.com\/wp-content\/uploads\/2020\/11\/logo_300_ancho.png\",\"contentUrl\":\"https:\/\/www.alquera.com\/wp-content\/uploads\/2020\/11\/logo_300_ancho.png\",\"width\":300,\"height\":86,\"caption\":\"ALQUERA CIENCIA SL\"},\"image\":{\"@id\":\"https:\/\/www.alquera.com\/en\/#\/schema\/logo\/image\/\"},\"sameAs\":[\"https:\/\/www.facebook.com\/alqueraciencia\",\"https:\/\/www.instagram.com\/alquera_ciencia\/\",\"https:\/\/www.youtube.com\/c\/alquera\"]}]}<\/script>\n<meta property=\"og:availability\" content=\"instock\" \/>\n<meta property=\"product:availability\" content=\"instock\" \/>\n<meta property=\"product:condition\" content=\"new\" \/>\n<!-- \/ Yoast SEO Premium plugin. -->","yoast_head_json":{"title":"Colorant alimentaire jaune : Acheter en ligne - Alquera.com","description":"LIVRAISON 24\/48H. Acheter le Colorant Alimentaire Jaune. Jaune alimentaire 4, C.I. 19140. Poudre, diff\u00e9rents formats. Convient aux aliments et aux cosm\u00e9tiques.","robots":{"index":"index","follow":"follow","max-snippet":"max-snippet:-1","max-image-preview":"max-image-preview:large","max-video-preview":"max-video-preview:-1"},"canonical":"https:\/\/www.alquera.com\/fr\/colorante-alimentario-amarillo\/","og_locale":"fr_FR","og_type":"article","og_title":"Colorante Alimentario Amarillo: Comprar Online - Alquera.com","og_description":"ENV\u00cdOS EN 24\/48H. Comprar Colorante Alimentario Amarillo. Food Yellow 4, C.I. 19140. En polvo, distintos formatos. Apto uso Alimentario y Cosm\u00e9tico.","og_url":"https:\/\/www.alquera.com\/fr\/colorante-alimentario-amarillo\/","og_site_name":"Alquera.com","article_publisher":"https:\/\/www.facebook.com\/alqueraciencia","article_modified_time":"2024-05-22T09:09:38+00:00","og_image":[{"width":364,"height":359,"url":"https:\/\/www.alquera.com\/wp-content\/uploads\/2023\/03\/colorante-amarillo-1.png","type":"image\/png"}],"twitter_card":"summary_large_image","twitter_misc":{"Disponibilit\u00e9":"En stock"},"schema":{"@context":"https:\/\/schema.org","@graph":[{"@type":["WebPage","ItemPage"],"@id":"https:\/\/www.alquera.com\/colorante-alimentario-amarillo\/","url":"https:\/\/www.alquera.com\/colorante-alimentario-amarillo\/","name":"Colorant alimentaire jaune : Acheter en ligne - Alquera.com","isPartOf":{"@id":"https:\/\/www.alquera.com\/en\/#website"},"primaryImageOfPage":{"@id":"https:\/\/www.alquera.com\/colorante-alimentario-amarillo\/#primaryimage"},"image":{"@id":"https:\/\/www.alquera.com\/colorante-alimentario-amarillo\/#primaryimage"},"thumbnailUrl":"https:\/\/www.alquera.com\/wp-content\/uploads\/2023\/03\/colorante-amarillo-1.png","datePublished":"2023-03-29T07:54:28+00:00","dateModified":"2024-05-22T09:09:38+00:00","description":"LIVRAISON 24\/48H. Acheter le Colorant Alimentaire Jaune. Jaune alimentaire 4, C.I. 19140. Poudre, diff\u00e9rents formats. Convient aux aliments et aux cosm\u00e9tiques.","breadcrumb":{"@id":"https:\/\/www.alquera.com\/colorante-alimentario-amarillo\/#breadcrumb"},"inLanguage":"fr-FR","potentialAction":[{"@type":"ReadAction","target":["https:\/\/www.alquera.com\/colorante-alimentario-amarillo\/"]}]},{"@type":"ImageObject","inLanguage":"fr-FR","@id":"https:\/\/www.alquera.com\/colorante-alimentario-amarillo\/#primaryimage","url":"https:\/\/www.alquera.com\/wp-content\/uploads\/2023\/03\/colorante-amarillo-1.png","contentUrl":"https:\/\/www.alquera.com\/wp-content\/uploads\/2023\/03\/colorante-amarillo-1.png","width":364,"height":359,"caption":"colorante amarillo"},{"@type":"BreadcrumbList","@id":"https:\/\/www.alquera.com\/colorante-alimentario-amarillo\/#breadcrumb","itemListElement":[{"@type":"ListItem","position":1,"name":"Inicio","item":"https:\/\/www.alquera.com\/"},{"@type":"ListItem","position":2,"name":"Alquera.com: Tienda Online de Productos Qu\u00edmicos y Material de Laboratorio","item":"https:\/\/www.alquera.com\/en\/tienda\/"},{"@type":"ListItem","position":3,"name":"Colorante Alimentario Amarillo"}]},{"@type":"WebSite","@id":"https:\/\/www.alquera.com\/en\/#website","url":"https:\/\/www.alquera.com\/en\/","name":"Alquera.com","description":"Boutique en ligne Produits chimiques et \u00e9quipements de laboratoire","publisher":{"@id":"https:\/\/www.alquera.com\/en\/#organization"},"potentialAction":[{"@type":"SearchAction","target":{"@type":"EntryPoint","urlTemplate":"https:\/\/www.alquera.com\/en\/?s={search_term_string}"},"query-input":{"@type":"PropertyValueSpecification","valueRequired":true,"valueName":"search_term_string"}}],"inLanguage":"fr-FR"},{"@type":"Organization","@id":"https:\/\/www.alquera.com\/en\/#organization","name":"ALQUERA CIENCIA SL","url":"https:\/\/www.alquera.com\/en\/","logo":{"@type":"ImageObject","inLanguage":"fr-FR","@id":"https:\/\/www.alquera.com\/en\/#\/schema\/logo\/image\/","url":"https:\/\/www.alquera.com\/wp-content\/uploads\/2020\/11\/logo_300_ancho.png","contentUrl":"https:\/\/www.alquera.com\/wp-content\/uploads\/2020\/11\/logo_300_ancho.png","width":300,"height":86,"caption":"ALQUERA CIENCIA SL"},"image":{"@id":"https:\/\/www.alquera.com\/en\/#\/schema\/logo\/image\/"},"sameAs":["https:\/\/www.facebook.com\/alqueraciencia","https:\/\/www.instagram.com\/alquera_ciencia\/","https:\/\/www.youtube.com\/c\/alquera"]}]},"og_availability":"instock","product_availability":"instock","product_condition":"new"},"_links":{"self":[{"href":"https:\/\/www.alquera.com\/fr\/wp-json\/wp\/v2\/product\/41903","targetHints":{"allow":["GET"]}}],"collection":[{"href":"https:\/\/www.alquera.com\/fr\/wp-json\/wp\/v2\/product"}],"about":[{"href":"https:\/\/www.alquera.com\/fr\/wp-json\/wp\/v2\/types\/product"}],"replies":[{"embeddable":true,"href":"https:\/\/www.alquera.com\/fr\/wp-json\/wp\/v2\/comments?post=41903"}],"wp:featuredmedia":[{"embeddable":true,"href":"https:\/\/www.alquera.com\/fr\/wp-json\/wp\/v2\/media\/43197"}],"wp:attachment":[{"href":"https:\/\/www.alquera.com\/fr\/wp-json\/wp\/v2\/media?parent=41903"}],"wp:term":[{"taxonomy":"product_brand","embeddable":true,"href":"https:\/\/www.alquera.com\/fr\/wp-json\/wp\/v2\/product_brand?post=41903"},{"taxonomy":"product_cat","embeddable":true,"href":"https:\/\/www.alquera.com\/fr\/wp-json\/wp\/v2\/product_cat?post=41903"},{"taxonomy":"product_tag","embeddable":true,"href":"https:\/\/www.alquera.com\/fr\/wp-json\/wp\/v2\/product_tag?post=41903"}],"curies":[{"name":"wp","href":"https:\/\/api.w.org\/{rel}","templated":true}]}}