{"id":41922,"date":"2023-03-29T11:41:49","date_gmt":"2023-03-29T11:41:49","guid":{"rendered":"https:\/\/www.alquera.com\/?post_type=product&#038;p=41922"},"modified":"2023-11-28T10:25:09","modified_gmt":"2023-11-28T10:25:09","slug":"colorante-alimentario-azul","status":"publish","type":"product","link":"https:\/\/www.alquera.com\/fr\/colorante-alimentario-azul\/","title":{"rendered":"Colorant alimentaire indigo carmin"},"content":{"rendered":"<p>Un colorant alimentaire en poudre (ou colorant sec) est un type d'additif alimentaire qui est ajout\u00e9 pour donner ou redonner de la couleur aux aliments.<\/p>\n<h2><strong>CARACT\u00c9RISTIQUES DU COLORANT INDIGO CARMIN\u00a0<\/strong><\/h2>\n<p><span id=\"page3R_mcid5\" class=\"markedContent\"><span dir=\"ltr\" role=\"presentation\"><strong>Couleur :<\/strong> Bleu - Indigo Carmin. C.I.73015, Bleu alimentaire 1<br \/>\n<\/span><\/span><span id=\"page3R_mcid5\" class=\"markedContent\"><span dir=\"ltr\" role=\"presentation\">C.I.Acid Blue 74<br \/>\nCAS : 860-22-0<br \/>\nCE : 212-728-8<br \/>\nIndex : Sans objet<br \/>\nNUM\u00c9RO DE T\u00c9L\u00c9PHONE : 01-2120115910-67-XXXX<\/span><\/span><span id=\"page3R_mcid6\" class=\"markedContent\"><\/span><span id=\"page3R_mcid7\" class=\"markedContent\"><\/span><span id=\"page3R_mcid8\" class=\"markedContent\"><\/span><span id=\"page3R_mcid9\" class=\"markedContent\"><\/span><span id=\"page3R_mcid10\" class=\"markedContent\"><strong>Apparence :<\/strong> Poussi\u00e8re<br role=\"presentation\" \/><\/span><span id=\"page3R_mcid12\" class=\"markedContent\"><strong><span dir=\"ltr\" role=\"presentation\">Solubilit\u00e9 :<\/span><\/strong> <span dir=\"ltr\" role=\"presentation\">Soluble dans l'eau<\/span><\/span><\/p>\n<p><span id=\"page3R_mcid46\" class=\"markedContent\"><span dir=\"ltr\" role=\"presentation\">Coloration appropri\u00e9e<\/span> <span dir=\"ltr\" role=\"presentation\">pour l'alimentation (<a href=\"https:\/\/www.boe.es\/doue\/2008\/354\/L00016-00033.pdf\">DOUE REG 1333\/2008\/CE<\/a> &#8211; <a href=\"https:\/\/www.boe.es\/doue\/2011\/295\/L00001-00177.pdf\">annexe<\/a>),<\/span> <span dir=\"ltr\" role=\"presentation\">cosm\u00e9tiques (JOUE <\/span><span dir=\"ltr\" role=\"presentation\">Reg<\/span><span dir=\"ltr\" role=\"presentation\">.<\/span> <span dir=\"ltr\" role=\"presentation\">1223\/2009\/CE) et de la pharmacie (Dir. 2009\/35\/CE). Elle est conforme \u00e0 la<\/span> <span dir=\"ltr\" role=\"presentation\">les sp\u00e9cifications de la <\/span><span dir=\"ltr\" role=\"presentation\">EU (DOUE REG 231\/2012\/UE). Consulter la l\u00e9gislation en vigueur<\/span> <span dir=\"ltr\" role=\"presentation\">les dosages <\/span><span dir=\"ltr\" role=\"presentation\">et les demandes autoris\u00e9es<\/span><\/span><\/p>\n<h2>R\u00c8GLEMENT SUR LES COLORANTS ALIMENTAIRES<\/h2>\n<p>Voir FT et MSDS dans l'onglet Documentation.<\/p>\n<p class=\"documento-tit\"><a href=\"https:\/\/www.boe.es\/doue\/1995\/226\/L00001-00045.pdf\">Directive 95\/45\/CE de la Commission,<\/a> du 26 juillet 1995, Crit\u00e8res de puret\u00e9 sp\u00e9cifiques concernant les colorants destin\u00e9s \u00e0 \u00eatre utilis\u00e9s dans les denr\u00e9es alimentaires.<br \/>\n<a href=\"https:\/\/www.boe.es\/doue\/2008\/354\/L00016-00033.pdf\">R\u00c8GLEMENT (CE) No 1333\/2008<\/a> du parlement europ\u00e9en et du conseil du 16 d\u00e9cembre 2008<br \/>\nsur les additifs alimentaires<\/p>\n<p>&nbsp;<\/p>\n<div class=\"metadatosDoc\">\n<div class=\"metadatos\"><\/div>\n<\/div>","protected":false},"excerpt":{"rendered":"<p>Achetez le colorant alimentaire bleu (indigo carmin) en poudre au format 30g, 300g ou 1kg. Vous pouvez voir le prix des diff\u00e9rents formats de Colorant Alimentaire Bleu (Indigo Carmin) en s\u00e9lectionnant le format d\u00e9sir\u00e9. La commande s'effectue directement sur le Web en suivant les \u00e9tapes indiqu\u00e9es, et la livraison est effectu\u00e9e en 24\/48 heures.<\/p>","protected":false},"featured_media":43194,"comment_status":"open","ping_status":"closed","template":"","meta":{"_acf_changed":false,"site-sidebar-layout":"default","site-content-layout":"default","ast-site-content-layout":"default","site-content-style":"default","site-sidebar-style":"default","ast-global-header-display":"","ast-banner-title-visibility":"","ast-main-header-display":"","ast-hfb-above-header-display":"","ast-hfb-below-header-display":"","ast-hfb-mobile-header-display":"","site-post-title":"","ast-breadcrumbs-content":"","ast-featured-img":"","footer-sml-layout":"","ast-disable-related-posts":"","theme-transparent-header-meta":"default","adv-header-id-meta":"","stick-header-meta":"default","header-above-stick-meta":"","header-main-stick-meta":"","header-below-stick-meta":"","astra-migrate-meta-layouts":"default","ast-page-background-enabled":"default","ast-page-background-meta":{"desktop":{"background-color":"var(--ast-global-color-4)","background-image":"","background-repeat":"repeat","background-position":"center center","background-size":"auto","background-attachment":"scroll","background-type":"","background-media":"","overlay-type":"","overlay-color":"","overlay-opacity":"","overlay-gradient":""},"tablet":{"background-color":"","background-image":"","background-repeat":"repeat","background-position":"center center","background-size":"auto","background-attachment":"scroll","background-type":"","background-media":"","overlay-type":"","overlay-color":"","overlay-opacity":"","overlay-gradient":""},"mobile":{"background-color":"","background-image":"","background-repeat":"repeat","background-position":"center center","background-size":"auto","background-attachment":"scroll","background-type":"","background-media":"","overlay-type":"","overlay-color":"","overlay-opacity":"","overlay-gradient":""}},"ast-content-background-meta":{"desktop":{"background-color":"var(--ast-global-color-5)","background-image":"","background-repeat":"repeat","background-position":"center center","background-size":"auto","background-attachment":"scroll","background-type":"","background-media":"","overlay-type":"","overlay-color":"","overlay-opacity":"","overlay-gradient":""},"tablet":{"background-color":"var(--ast-global-color-5)","background-image":"","background-repeat":"repeat","background-position":"center center","background-size":"auto","background-attachment":"scroll","background-type":"","background-media":"","overlay-type":"","overlay-color":"","overlay-opacity":"","overlay-gradient":""},"mobile":{"background-color":"var(--ast-global-color-5)","background-image":"","background-repeat":"repeat","background-position":"center center","background-size":"auto","background-attachment":"scroll","background-type":"","background-media":"","overlay-type":"","overlay-color":"","overlay-opacity":"","overlay-gradient":""}}},"product_brand":[],"product_cat":[358,359],"product_tag":[],"class_list":{"0":"post-41922","1":"product","2":"type-product","3":"status-publish","4":"has-post-thumbnail","6":"product_cat-colorantes-alimentarios","7":"product_cat-colorantes-solubles-agua","8":"pa_cantidad-30g","9":"pa_cantidad-300g","10":"pa_cantidad-1kg","11":"desktop-align-left","12":"tablet-align-left","13":"mobile-align-left","14":"ast-product-gallery-layout-horizontal-slider","15":"ast-magnify-disabled","16":"ast-product-single-variable","17":"ast-product-tabs-layout-horizontal","18":"ast-qv-on-image","20":"first","21":"instock","22":"taxable","23":"shipping-taxable","24":"purchasable","25":"product-type-variable","26":"has-default-attributes"},"acf":[],"yoast_head":"<!-- This site is optimized with the Yoast SEO Premium plugin v27.1 (Yoast SEO v27.1.1) - https:\/\/yoast.com\/product\/yoast-seo-premium-wordpress\/ -->\n<title>Colorante Alimentario \u00cdndigo Carm\u00edn: Comprar Online - Alquera.com<\/title>\n<meta name=\"description\" content=\"ENV\u00cdOS EN 24\/48H. Comprar Colorante Alimentario \u00cdndigo Carm\u00edn. C.I.73015, Food Blue 1. En polvo, distintos formatos. Apto uso Alimentario y Cosm\u00e9tico.\" \/>\n<meta name=\"robots\" content=\"index, follow, max-snippet:-1, max-image-preview:large, max-video-preview:-1\" \/>\n<link rel=\"canonical\" href=\"https:\/\/www.alquera.com\/fr\/colorante-alimentario-azul\/\" \/>\n<meta property=\"og:locale\" content=\"fr_FR\" \/>\n<meta property=\"og:type\" content=\"article\" \/>\n<meta property=\"og:title\" content=\"Colorante Alimentario \u00cdndigo Carm\u00edn: Comprar Online - Alquera.com\" \/>\n<meta property=\"og:description\" content=\"ENV\u00cdOS EN 24\/48H. Comprar Colorante Alimentario \u00cdndigo Carm\u00edn. C.I.73015, Food Blue 1. En polvo, distintos formatos. Apto uso Alimentario y Cosm\u00e9tico.\" \/>\n<meta property=\"og:url\" content=\"https:\/\/www.alquera.com\/fr\/colorante-alimentario-azul\/\" \/>\n<meta property=\"og:site_name\" content=\"Alquera.com\" \/>\n<meta property=\"article:publisher\" content=\"https:\/\/www.facebook.com\/alqueraciencia\" \/>\n<meta property=\"article:modified_time\" content=\"2023-11-28T10:25:09+00:00\" \/>\n<meta property=\"og:image\" content=\"https:\/\/www.alquera.com\/wp-content\/uploads\/2023\/03\/colorante-indigo-carmin.png\" \/>\n\t<meta property=\"og:image:width\" content=\"364\" \/>\n\t<meta property=\"og:image:height\" content=\"344\" \/>\n\t<meta property=\"og:image:type\" content=\"image\/png\" \/>\n<meta name=\"twitter:card\" content=\"summary_large_image\" \/>\n<meta name=\"twitter:label1\" content=\"Disponibilit\u00e9\" \/>\n\t<meta name=\"twitter:data1\" content=\"En stock\" \/>\n<script type=\"application\/ld+json\" class=\"yoast-schema-graph\">{\"@context\":\"https:\/\/schema.org\",\"@graph\":[{\"@type\":[\"WebPage\",\"ItemPage\"],\"@id\":\"https:\/\/www.alquera.com\/colorante-alimentario-azul\/\",\"url\":\"https:\/\/www.alquera.com\/colorante-alimentario-azul\/\",\"name\":\"Colorante Alimentario \u00cdndigo Carm\u00edn: Comprar Online - Alquera.com\",\"isPartOf\":{\"@id\":\"https:\/\/www.alquera.com\/en\/#website\"},\"primaryImageOfPage\":{\"@id\":\"https:\/\/www.alquera.com\/colorante-alimentario-azul\/#primaryimage\"},\"image\":{\"@id\":\"https:\/\/www.alquera.com\/colorante-alimentario-azul\/#primaryimage\"},\"thumbnailUrl\":\"https:\/\/www.alquera.com\/wp-content\/uploads\/2023\/03\/colorante-indigo-carmin.png\",\"datePublished\":\"2023-03-29T11:41:49+00:00\",\"dateModified\":\"2023-11-28T10:25:09+00:00\",\"description\":\"ENV\u00cdOS EN 24\/48H. Comprar Colorante Alimentario \u00cdndigo Carm\u00edn. C.I.73015, Food Blue 1. En polvo, distintos formatos. Apto uso Alimentario y Cosm\u00e9tico.\",\"breadcrumb\":{\"@id\":\"https:\/\/www.alquera.com\/colorante-alimentario-azul\/#breadcrumb\"},\"inLanguage\":\"fr-FR\",\"potentialAction\":[{\"@type\":\"ReadAction\",\"target\":[\"https:\/\/www.alquera.com\/colorante-alimentario-azul\/\"]}]},{\"@type\":\"ImageObject\",\"inLanguage\":\"fr-FR\",\"@id\":\"https:\/\/www.alquera.com\/colorante-alimentario-azul\/#primaryimage\",\"url\":\"https:\/\/www.alquera.com\/wp-content\/uploads\/2023\/03\/colorante-indigo-carmin.png\",\"contentUrl\":\"https:\/\/www.alquera.com\/wp-content\/uploads\/2023\/03\/colorante-indigo-carmin.png\",\"width\":364,\"height\":344,\"caption\":\"colorante indigo carmin\"},{\"@type\":\"BreadcrumbList\",\"@id\":\"https:\/\/www.alquera.com\/colorante-alimentario-azul\/#breadcrumb\",\"itemListElement\":[{\"@type\":\"ListItem\",\"position\":1,\"name\":\"Inicio\",\"item\":\"https:\/\/www.alquera.com\/\"},{\"@type\":\"ListItem\",\"position\":2,\"name\":\"Alquera.com: Tienda Online de Productos Qu\u00edmicos y Material de Laboratorio\",\"item\":\"https:\/\/www.alquera.com\/en\/tienda\/\"},{\"@type\":\"ListItem\",\"position\":3,\"name\":\"Colorante Alimentario \u00cdndigo Carm\u00edn\"}]},{\"@type\":\"WebSite\",\"@id\":\"https:\/\/www.alquera.com\/en\/#website\",\"url\":\"https:\/\/www.alquera.com\/en\/\",\"name\":\"Alquera.com\",\"description\":\"Tienda Online Productos Qu\u00edmicos y Material de Laboratorio\",\"publisher\":{\"@id\":\"https:\/\/www.alquera.com\/en\/#organization\"},\"potentialAction\":[{\"@type\":\"SearchAction\",\"target\":{\"@type\":\"EntryPoint\",\"urlTemplate\":\"https:\/\/www.alquera.com\/en\/?s={search_term_string}\"},\"query-input\":{\"@type\":\"PropertyValueSpecification\",\"valueRequired\":true,\"valueName\":\"search_term_string\"}}],\"inLanguage\":\"fr-FR\"},{\"@type\":\"Organization\",\"@id\":\"https:\/\/www.alquera.com\/en\/#organization\",\"name\":\"ALQUERA CIENCIA SL\",\"url\":\"https:\/\/www.alquera.com\/en\/\",\"logo\":{\"@type\":\"ImageObject\",\"inLanguage\":\"fr-FR\",\"@id\":\"https:\/\/www.alquera.com\/en\/#\/schema\/logo\/image\/\",\"url\":\"https:\/\/www.alquera.com\/wp-content\/uploads\/2020\/11\/logo_300_ancho.png\",\"contentUrl\":\"https:\/\/www.alquera.com\/wp-content\/uploads\/2020\/11\/logo_300_ancho.png\",\"width\":300,\"height\":86,\"caption\":\"ALQUERA CIENCIA SL\"},\"image\":{\"@id\":\"https:\/\/www.alquera.com\/en\/#\/schema\/logo\/image\/\"},\"sameAs\":[\"https:\/\/www.facebook.com\/alqueraciencia\",\"https:\/\/www.instagram.com\/alquera_ciencia\/\",\"https:\/\/www.youtube.com\/c\/alquera\"]}]}<\/script>\n<meta property=\"og:availability\" content=\"instock\" \/>\n<meta property=\"product:availability\" content=\"instock\" \/>\n<meta property=\"product:condition\" content=\"new\" \/>\n<!-- \/ Yoast SEO Premium plugin. -->","yoast_head_json":{"title":"Colorant alimentaire Carmine Indigo : Acheter en ligne - Alquera.com","description":"LIVRAISON 24\/48H. Acheter le Colorant Alimentaire Indigo Carmin. C.I.73015, Food Blue 1, poudre, diff\u00e9rents formats. Convient \u00e0 l'usage alimentaire et cosm\u00e9tique.","robots":{"index":"index","follow":"follow","max-snippet":"max-snippet:-1","max-image-preview":"max-image-preview:large","max-video-preview":"max-video-preview:-1"},"canonical":"https:\/\/www.alquera.com\/fr\/colorante-alimentario-azul\/","og_locale":"fr_FR","og_type":"article","og_title":"Colorante Alimentario \u00cdndigo Carm\u00edn: Comprar Online - Alquera.com","og_description":"ENV\u00cdOS EN 24\/48H. Comprar Colorante Alimentario \u00cdndigo Carm\u00edn. C.I.73015, Food Blue 1. En polvo, distintos formatos. Apto uso Alimentario y Cosm\u00e9tico.","og_url":"https:\/\/www.alquera.com\/fr\/colorante-alimentario-azul\/","og_site_name":"Alquera.com","article_publisher":"https:\/\/www.facebook.com\/alqueraciencia","article_modified_time":"2023-11-28T10:25:09+00:00","og_image":[{"width":364,"height":344,"url":"https:\/\/www.alquera.com\/wp-content\/uploads\/2023\/03\/colorante-indigo-carmin.png","type":"image\/png"}],"twitter_card":"summary_large_image","twitter_misc":{"Disponibilit\u00e9":"En stock"},"schema":{"@context":"https:\/\/schema.org","@graph":[{"@type":["WebPage","ItemPage"],"@id":"https:\/\/www.alquera.com\/colorante-alimentario-azul\/","url":"https:\/\/www.alquera.com\/colorante-alimentario-azul\/","name":"Colorant alimentaire Carmine Indigo : Acheter en ligne - Alquera.com","isPartOf":{"@id":"https:\/\/www.alquera.com\/en\/#website"},"primaryImageOfPage":{"@id":"https:\/\/www.alquera.com\/colorante-alimentario-azul\/#primaryimage"},"image":{"@id":"https:\/\/www.alquera.com\/colorante-alimentario-azul\/#primaryimage"},"thumbnailUrl":"https:\/\/www.alquera.com\/wp-content\/uploads\/2023\/03\/colorante-indigo-carmin.png","datePublished":"2023-03-29T11:41:49+00:00","dateModified":"2023-11-28T10:25:09+00:00","description":"LIVRAISON 24\/48H. Acheter le Colorant Alimentaire Indigo Carmin. C.I.73015, Food Blue 1, poudre, diff\u00e9rents formats. Convient \u00e0 l'usage alimentaire et cosm\u00e9tique.","breadcrumb":{"@id":"https:\/\/www.alquera.com\/colorante-alimentario-azul\/#breadcrumb"},"inLanguage":"fr-FR","potentialAction":[{"@type":"ReadAction","target":["https:\/\/www.alquera.com\/colorante-alimentario-azul\/"]}]},{"@type":"ImageObject","inLanguage":"fr-FR","@id":"https:\/\/www.alquera.com\/colorante-alimentario-azul\/#primaryimage","url":"https:\/\/www.alquera.com\/wp-content\/uploads\/2023\/03\/colorante-indigo-carmin.png","contentUrl":"https:\/\/www.alquera.com\/wp-content\/uploads\/2023\/03\/colorante-indigo-carmin.png","width":364,"height":344,"caption":"colorante indigo carmin"},{"@type":"BreadcrumbList","@id":"https:\/\/www.alquera.com\/colorante-alimentario-azul\/#breadcrumb","itemListElement":[{"@type":"ListItem","position":1,"name":"Inicio","item":"https:\/\/www.alquera.com\/"},{"@type":"ListItem","position":2,"name":"Alquera.com: Tienda Online de Productos Qu\u00edmicos y Material de Laboratorio","item":"https:\/\/www.alquera.com\/en\/tienda\/"},{"@type":"ListItem","position":3,"name":"Colorante Alimentario \u00cdndigo Carm\u00edn"}]},{"@type":"WebSite","@id":"https:\/\/www.alquera.com\/en\/#website","url":"https:\/\/www.alquera.com\/en\/","name":"Alquera.com","description":"Boutique en ligne Produits chimiques et \u00e9quipements de laboratoire","publisher":{"@id":"https:\/\/www.alquera.com\/en\/#organization"},"potentialAction":[{"@type":"SearchAction","target":{"@type":"EntryPoint","urlTemplate":"https:\/\/www.alquera.com\/en\/?s={search_term_string}"},"query-input":{"@type":"PropertyValueSpecification","valueRequired":true,"valueName":"search_term_string"}}],"inLanguage":"fr-FR"},{"@type":"Organization","@id":"https:\/\/www.alquera.com\/en\/#organization","name":"ALQUERA CIENCIA SL","url":"https:\/\/www.alquera.com\/en\/","logo":{"@type":"ImageObject","inLanguage":"fr-FR","@id":"https:\/\/www.alquera.com\/en\/#\/schema\/logo\/image\/","url":"https:\/\/www.alquera.com\/wp-content\/uploads\/2020\/11\/logo_300_ancho.png","contentUrl":"https:\/\/www.alquera.com\/wp-content\/uploads\/2020\/11\/logo_300_ancho.png","width":300,"height":86,"caption":"ALQUERA CIENCIA SL"},"image":{"@id":"https:\/\/www.alquera.com\/en\/#\/schema\/logo\/image\/"},"sameAs":["https:\/\/www.facebook.com\/alqueraciencia","https:\/\/www.instagram.com\/alquera_ciencia\/","https:\/\/www.youtube.com\/c\/alquera"]}]},"og_availability":"instock","product_availability":"instock","product_condition":"new"},"_links":{"self":[{"href":"https:\/\/www.alquera.com\/fr\/wp-json\/wp\/v2\/product\/41922","targetHints":{"allow":["GET"]}}],"collection":[{"href":"https:\/\/www.alquera.com\/fr\/wp-json\/wp\/v2\/product"}],"about":[{"href":"https:\/\/www.alquera.com\/fr\/wp-json\/wp\/v2\/types\/product"}],"replies":[{"embeddable":true,"href":"https:\/\/www.alquera.com\/fr\/wp-json\/wp\/v2\/comments?post=41922"}],"wp:featuredmedia":[{"embeddable":true,"href":"https:\/\/www.alquera.com\/fr\/wp-json\/wp\/v2\/media\/43194"}],"wp:attachment":[{"href":"https:\/\/www.alquera.com\/fr\/wp-json\/wp\/v2\/media?parent=41922"}],"wp:term":[{"taxonomy":"product_brand","embeddable":true,"href":"https:\/\/www.alquera.com\/fr\/wp-json\/wp\/v2\/product_brand?post=41922"},{"taxonomy":"product_cat","embeddable":true,"href":"https:\/\/www.alquera.com\/fr\/wp-json\/wp\/v2\/product_cat?post=41922"},{"taxonomy":"product_tag","embeddable":true,"href":"https:\/\/www.alquera.com\/fr\/wp-json\/wp\/v2\/product_tag?post=41922"}],"curies":[{"name":"wp","href":"https:\/\/api.w.org\/{rel}","templated":true}]}}