{"id":48939,"date":"2024-08-26T10:25:35","date_gmt":"2024-08-26T10:25:35","guid":{"rendered":"https:\/\/www.alquera.com\/?post_type=product&#038;p=48939"},"modified":"2026-03-26T11:29:48","modified_gmt":"2026-03-26T11:29:48","slug":"tubos-de-ensayo-de-plastico","status":"publish","type":"product","link":"https:\/\/www.alquera.com\/fr\/tubos-de-ensayo-de-plastico\/","title":{"rendered":"Tubes \u00e0 essai en plastique"},"content":{"rendered":"<p><strong>Tubes \u00e0 essai en plastique.<\/strong><br \/>\nFond rond.<br \/>\nTubes \u00e0 essai en polystyr\u00e8ne (PS)<\/p>\n<ul>\n<li>L=100mm<\/li>\n<li>D=16mm<\/li>\n<li>vol=10ml<\/li>\n<\/ul>\n<p>Quantit\u00e9 s\u00e9lectionn\u00e9e : 40 ou 100 pi\u00e8ces.<\/p>\n<p>Id\u00e9al pour les tests en laboratoire ou les exp\u00e9riences avec les enfants.<\/p>\n<p>Vous pouvez le combiner avec le <a href=\"https:\/\/www.alquera.com\/fr\/tapon-para-tubos-de-ensayo\/\">bouchons en plastique pour tubes \u00e0 essai<\/a> et avec le <a href=\"https:\/\/www.alquera.com\/fr\/gradilla-para-tubos-de-ensayo\/\">support pour tubes \u00e0 essai<\/a><\/p>\n<figure id=\"attachment_48955\" aria-describedby=\"caption-attachment-48955\" style=\"width: 150px\" class=\"wp-caption alignnone\"><img loading=\"lazy\" decoding=\"async\" class=\"wp-image-48955 size-thumbnail\" src=\"https:\/\/www.alquera.com\/wp-content\/uploads\/2024\/08\/tapon-azul-150x150.png\" alt=\"\" width=\"150\" height=\"150\" srcset=\"https:\/\/www.alquera.com\/wp-content\/uploads\/2024\/08\/tapon-azul-150x150.png 150w, https:\/\/www.alquera.com\/wp-content\/uploads\/2024\/08\/tapon-azul-300x300.png 300w, https:\/\/www.alquera.com\/wp-content\/uploads\/2024\/08\/tapon-azul-12x12.png 12w, https:\/\/www.alquera.com\/wp-content\/uploads\/2024\/08\/tapon-azul-100x100.png 100w, https:\/\/www.alquera.com\/wp-content\/uploads\/2024\/08\/tapon-azul.png 600w\" sizes=\"auto, (max-width: 150px) 100vw, 150px\" \/><figcaption id=\"caption-attachment-48955\" class=\"wp-caption-text\"><a href=\"https:\/\/www.alquera.com\/fr\/tubos-de-ensayo-de-plastico\/\">Bouchons d'\u00e9prouvette<\/a><\/figcaption><\/figure>\n<figure id=\"attachment_48994\" aria-describedby=\"caption-attachment-48994\" style=\"width: 150px\" class=\"wp-caption alignnone\"><img loading=\"lazy\" decoding=\"async\" class=\"wp-image-48994 size-thumbnail\" src=\"https:\/\/www.alquera.com\/wp-content\/uploads\/2024\/08\/gradilla-150x150.jpg\" alt=\"\" width=\"150\" height=\"150\" srcset=\"https:\/\/www.alquera.com\/wp-content\/uploads\/2024\/08\/gradilla-150x150.jpg 150w, https:\/\/www.alquera.com\/wp-content\/uploads\/2024\/08\/gradilla-300x300.jpg 300w, https:\/\/www.alquera.com\/wp-content\/uploads\/2024\/08\/gradilla-12x12.jpg 12w, https:\/\/www.alquera.com\/wp-content\/uploads\/2024\/08\/gradilla-100x100.jpg 100w, https:\/\/www.alquera.com\/wp-content\/uploads\/2024\/08\/gradilla.jpg 600w\" sizes=\"auto, (max-width: 150px) 100vw, 150px\" \/><figcaption id=\"caption-attachment-48994\" class=\"wp-caption-text\"><a href=\"https:\/\/www.alquera.com\/fr\/gradilla-para-tubos-de-ensayo\/\">Portoir pour tubes \u00e0 essai<\/a><\/figcaption><\/figure>\n<p>&nbsp;<\/p>\n<p>&nbsp;<\/p>\n<p>&nbsp;<\/p>","protected":false},"excerpt":{"rendered":"<p>Achetez des \u00e9prouvettes en plastique par 40 ou 100 pi\u00e8ces. Combinez-les avec les <a href=\"https:\/\/www.alquera.com\/fr\/tapon-para-tubos-de-ensayo\/\">bouchons en plastique pour tubes \u00e0 essai<\/a> et avec le <a href=\"https:\/\/www.alquera.com\/fr\/gradilla-para-tubos-de-ensayo\/\">support pour tubes \u00e0 essai<\/a>. Le prix des diff\u00e9rents formats d'\u00c9prouvettes en plastique peut \u00eatre visualis\u00e9 en s\u00e9lectionnant le format d\u00e9sir\u00e9. La commande est effectu\u00e9e directement sur le Web en suivant les \u00e9tapes indiqu\u00e9es, et la livraison est effectu\u00e9e dans les 24\/48 heures.<\/p>","protected":false},"featured_media":49003,"comment_status":"open","ping_status":"closed","template":"","meta":{"_acf_changed":false,"site-sidebar-layout":"default","site-content-layout":"default","ast-site-content-layout":"default","site-content-style":"default","site-sidebar-style":"default","ast-global-header-display":"","ast-banner-title-visibility":"","ast-main-header-display":"","ast-hfb-above-header-display":"","ast-hfb-below-header-display":"","ast-hfb-mobile-header-display":"","site-post-title":"","ast-breadcrumbs-content":"","ast-featured-img":"","footer-sml-layout":"","ast-disable-related-posts":"","theme-transparent-header-meta":"default","adv-header-id-meta":"","stick-header-meta":"default","header-above-stick-meta":"","header-main-stick-meta":"","header-below-stick-meta":"","astra-migrate-meta-layouts":"set","ast-page-background-enabled":"default","ast-page-background-meta":{"desktop":{"background-color":"var(--ast-global-color-4)","background-image":"","background-repeat":"repeat","background-position":"center center","background-size":"auto","background-attachment":"scroll","background-type":"","background-media":"","overlay-type":"","overlay-color":"","overlay-opacity":"","overlay-gradient":""},"tablet":{"background-color":"","background-image":"","background-repeat":"repeat","background-position":"center center","background-size":"auto","background-attachment":"scroll","background-type":"","background-media":"","overlay-type":"","overlay-color":"","overlay-opacity":"","overlay-gradient":""},"mobile":{"background-color":"","background-image":"","background-repeat":"repeat","background-position":"center center","background-size":"auto","background-attachment":"scroll","background-type":"","background-media":"","overlay-type":"","overlay-color":"","overlay-opacity":"","overlay-gradient":""}},"ast-content-background-meta":{"desktop":{"background-color":"var(--ast-global-color-5)","background-image":"","background-repeat":"repeat","background-position":"center center","background-size":"auto","background-attachment":"scroll","background-type":"","background-media":"","overlay-type":"","overlay-color":"","overlay-opacity":"","overlay-gradient":""},"tablet":{"background-color":"var(--ast-global-color-5)","background-image":"","background-repeat":"repeat","background-position":"center center","background-size":"auto","background-attachment":"scroll","background-type":"","background-media":"","overlay-type":"","overlay-color":"","overlay-opacity":"","overlay-gradient":""},"mobile":{"background-color":"var(--ast-global-color-5)","background-image":"","background-repeat":"repeat","background-position":"center center","background-size":"auto","background-attachment":"scroll","background-type":"","background-media":"","overlay-type":"","overlay-color":"","overlay-opacity":"","overlay-gradient":""}}},"product_brand":[],"product_cat":[21],"product_tag":[],"class_list":{"0":"post-48939","1":"product","2":"type-product","3":"status-publish","4":"has-post-thumbnail","6":"product_cat-productos","7":"desktop-align-left","8":"tablet-align-left","9":"mobile-align-left","10":"ast-product-gallery-layout-horizontal-slider","11":"ast-product-gallery-with-no-image","12":"ast-magnify-disabled","13":"ast-product-single-variable","14":"ast-product-tabs-layout-horizontal","15":"ast-qv-on-image","17":"first","18":"instock","19":"taxable","20":"shipping-taxable","21":"purchasable","22":"product-type-variable","23":"has-default-attributes"},"acf":[],"yoast_head":"<!-- This site is optimized with the Yoast SEO Premium plugin v27.1 (Yoast SEO v27.1.1) - https:\/\/yoast.com\/product\/yoast-seo-premium-wordpress\/ -->\n<title>Tubos de Ensayo de Pl\u00e1stico: Comprar Online - Alquera.com<\/title>\n<meta name=\"description\" content=\"ENV\u00cdOS EN 24\/48H. Comprar Tubos de Ensayo de Pl\u00e1stico en Alquera. Es posible combinarlo con tapones de pl\u00e1stico y otros elementos.\" \/>\n<meta name=\"robots\" content=\"index, follow, max-snippet:-1, max-image-preview:large, max-video-preview:-1\" \/>\n<link rel=\"canonical\" href=\"https:\/\/www.alquera.com\/fr\/tubos-de-ensayo-de-plastico\/\" \/>\n<meta property=\"og:locale\" content=\"fr_FR\" \/>\n<meta property=\"og:type\" content=\"article\" \/>\n<meta property=\"og:title\" content=\"Tubos de Ensayo de Pl\u00e1stico: Comprar Online - Alquera.com\" \/>\n<meta property=\"og:description\" content=\"ENV\u00cdOS EN 24\/48H. Comprar Tubos de Ensayo de Pl\u00e1stico en Alquera. Es posible combinarlo con tapones de pl\u00e1stico y otros elementos.\" \/>\n<meta property=\"og:url\" content=\"https:\/\/www.alquera.com\/fr\/tubos-de-ensayo-de-plastico\/\" \/>\n<meta property=\"og:site_name\" content=\"Alquera.com\" \/>\n<meta property=\"article:publisher\" content=\"https:\/\/www.facebook.com\/alqueraciencia\" \/>\n<meta property=\"article:modified_time\" content=\"2026-03-26T11:29:48+00:00\" \/>\n<meta property=\"og:image\" content=\"https:\/\/www.alquera.com\/wp-content\/uploads\/2024\/08\/Tubos-de-ensayo-de-plastico.png\" \/>\n\t<meta property=\"og:image:width\" content=\"640\" \/>\n\t<meta property=\"og:image:height\" content=\"640\" \/>\n\t<meta property=\"og:image:type\" content=\"image\/png\" \/>\n<meta name=\"twitter:card\" content=\"summary_large_image\" \/>\n<meta name=\"twitter:label1\" content=\"Disponibilit\u00e9\" \/>\n\t<meta name=\"twitter:data1\" content=\"En stock\" \/>\n<script type=\"application\/ld+json\" class=\"yoast-schema-graph\">{\"@context\":\"https:\/\/schema.org\",\"@graph\":[{\"@type\":[\"WebPage\",\"ItemPage\"],\"@id\":\"https:\/\/www.alquera.com\/tubos-de-ensayo-de-plastico\/\",\"url\":\"https:\/\/www.alquera.com\/tubos-de-ensayo-de-plastico\/\",\"name\":\"Tubos de Ensayo de Pl\u00e1stico: Comprar Online - Alquera.com\",\"isPartOf\":{\"@id\":\"https:\/\/www.alquera.com\/en\/#website\"},\"primaryImageOfPage\":{\"@id\":\"https:\/\/www.alquera.com\/tubos-de-ensayo-de-plastico\/#primaryimage\"},\"image\":{\"@id\":\"https:\/\/www.alquera.com\/tubos-de-ensayo-de-plastico\/#primaryimage\"},\"thumbnailUrl\":\"https:\/\/www.alquera.com\/wp-content\/uploads\/2024\/08\/Tubos-de-ensayo-de-plastico.png\",\"datePublished\":\"2024-08-26T10:25:35+00:00\",\"dateModified\":\"2026-03-26T11:29:48+00:00\",\"description\":\"ENV\u00cdOS EN 24\/48H. Comprar Tubos de Ensayo de Pl\u00e1stico en Alquera. Es posible combinarlo con tapones de pl\u00e1stico y otros elementos.\",\"breadcrumb\":{\"@id\":\"https:\/\/www.alquera.com\/tubos-de-ensayo-de-plastico\/#breadcrumb\"},\"inLanguage\":\"fr-FR\",\"potentialAction\":[{\"@type\":\"ReadAction\",\"target\":[\"https:\/\/www.alquera.com\/tubos-de-ensayo-de-plastico\/\"]}]},{\"@type\":\"ImageObject\",\"inLanguage\":\"fr-FR\",\"@id\":\"https:\/\/www.alquera.com\/tubos-de-ensayo-de-plastico\/#primaryimage\",\"url\":\"https:\/\/www.alquera.com\/wp-content\/uploads\/2024\/08\/Tubos-de-ensayo-de-plastico.png\",\"contentUrl\":\"https:\/\/www.alquera.com\/wp-content\/uploads\/2024\/08\/Tubos-de-ensayo-de-plastico.png\",\"width\":640,\"height\":640,\"caption\":\"tubos de ensayo de plastico\"},{\"@type\":\"BreadcrumbList\",\"@id\":\"https:\/\/www.alquera.com\/tubos-de-ensayo-de-plastico\/#breadcrumb\",\"itemListElement\":[{\"@type\":\"ListItem\",\"position\":1,\"name\":\"Inicio\",\"item\":\"https:\/\/www.alquera.com\/\"},{\"@type\":\"ListItem\",\"position\":2,\"name\":\"Alquera.com: Tienda Online de Productos Qu\u00edmicos y Material de Laboratorio\",\"item\":\"https:\/\/www.alquera.com\/en\/tienda\/\"},{\"@type\":\"ListItem\",\"position\":3,\"name\":\"Tubos de Ensayo de Pl\u00e1stico\"}]},{\"@type\":\"WebSite\",\"@id\":\"https:\/\/www.alquera.com\/en\/#website\",\"url\":\"https:\/\/www.alquera.com\/en\/\",\"name\":\"Alquera.com\",\"description\":\"Tienda Online Productos Qu\u00edmicos y Material de Laboratorio\",\"publisher\":{\"@id\":\"https:\/\/www.alquera.com\/en\/#organization\"},\"potentialAction\":[{\"@type\":\"SearchAction\",\"target\":{\"@type\":\"EntryPoint\",\"urlTemplate\":\"https:\/\/www.alquera.com\/en\/?s={search_term_string}\"},\"query-input\":{\"@type\":\"PropertyValueSpecification\",\"valueRequired\":true,\"valueName\":\"search_term_string\"}}],\"inLanguage\":\"fr-FR\"},{\"@type\":\"Organization\",\"@id\":\"https:\/\/www.alquera.com\/en\/#organization\",\"name\":\"ALQUERA CIENCIA SL\",\"url\":\"https:\/\/www.alquera.com\/en\/\",\"logo\":{\"@type\":\"ImageObject\",\"inLanguage\":\"fr-FR\",\"@id\":\"https:\/\/www.alquera.com\/en\/#\/schema\/logo\/image\/\",\"url\":\"https:\/\/www.alquera.com\/wp-content\/uploads\/2020\/11\/logo_300_ancho.png\",\"contentUrl\":\"https:\/\/www.alquera.com\/wp-content\/uploads\/2020\/11\/logo_300_ancho.png\",\"width\":300,\"height\":86,\"caption\":\"ALQUERA CIENCIA SL\"},\"image\":{\"@id\":\"https:\/\/www.alquera.com\/en\/#\/schema\/logo\/image\/\"},\"sameAs\":[\"https:\/\/www.facebook.com\/alqueraciencia\",\"https:\/\/www.instagram.com\/alquera_ciencia\/\",\"https:\/\/www.youtube.com\/c\/alquera\"]}]}<\/script>\n<meta property=\"og:availability\" content=\"instock\" \/>\n<meta property=\"product:availability\" content=\"instock\" \/>\n<meta property=\"product:retailer_item_id\" content=\"ALQ00131\" \/>\n<meta property=\"product:condition\" content=\"new\" \/>\n<!-- \/ Yoast SEO Premium plugin. -->","yoast_head_json":{"title":"Tubes \u00e0 essai en plastique : Acheter en ligne - Alquera.com","description":"LIVRAISON 24\/48H. Acheter Eprouvettes en Plastique \u00e0 Alquera. Il est possible de les combiner avec des bouchons en plastique et d'autres \u00e9l\u00e9ments.","robots":{"index":"index","follow":"follow","max-snippet":"max-snippet:-1","max-image-preview":"max-image-preview:large","max-video-preview":"max-video-preview:-1"},"canonical":"https:\/\/www.alquera.com\/fr\/tubos-de-ensayo-de-plastico\/","og_locale":"fr_FR","og_type":"article","og_title":"Tubos de Ensayo de Pl\u00e1stico: Comprar Online - Alquera.com","og_description":"ENV\u00cdOS EN 24\/48H. Comprar Tubos de Ensayo de Pl\u00e1stico en Alquera. Es posible combinarlo con tapones de pl\u00e1stico y otros elementos.","og_url":"https:\/\/www.alquera.com\/fr\/tubos-de-ensayo-de-plastico\/","og_site_name":"Alquera.com","article_publisher":"https:\/\/www.facebook.com\/alqueraciencia","article_modified_time":"2026-03-26T11:29:48+00:00","og_image":[{"width":640,"height":640,"url":"https:\/\/www.alquera.com\/wp-content\/uploads\/2024\/08\/Tubos-de-ensayo-de-plastico.png","type":"image\/png"}],"twitter_card":"summary_large_image","twitter_misc":{"Disponibilit\u00e9":"En stock"},"schema":{"@context":"https:\/\/schema.org","@graph":[{"@type":["WebPage","ItemPage"],"@id":"https:\/\/www.alquera.com\/tubos-de-ensayo-de-plastico\/","url":"https:\/\/www.alquera.com\/tubos-de-ensayo-de-plastico\/","name":"Tubes \u00e0 essai en plastique : Acheter en ligne - Alquera.com","isPartOf":{"@id":"https:\/\/www.alquera.com\/en\/#website"},"primaryImageOfPage":{"@id":"https:\/\/www.alquera.com\/tubos-de-ensayo-de-plastico\/#primaryimage"},"image":{"@id":"https:\/\/www.alquera.com\/tubos-de-ensayo-de-plastico\/#primaryimage"},"thumbnailUrl":"https:\/\/www.alquera.com\/wp-content\/uploads\/2024\/08\/Tubos-de-ensayo-de-plastico.png","datePublished":"2024-08-26T10:25:35+00:00","dateModified":"2026-03-26T11:29:48+00:00","description":"LIVRAISON 24\/48H. Acheter Eprouvettes en Plastique \u00e0 Alquera. Il est possible de les combiner avec des bouchons en plastique et d'autres \u00e9l\u00e9ments.","breadcrumb":{"@id":"https:\/\/www.alquera.com\/tubos-de-ensayo-de-plastico\/#breadcrumb"},"inLanguage":"fr-FR","potentialAction":[{"@type":"ReadAction","target":["https:\/\/www.alquera.com\/tubos-de-ensayo-de-plastico\/"]}]},{"@type":"ImageObject","inLanguage":"fr-FR","@id":"https:\/\/www.alquera.com\/tubos-de-ensayo-de-plastico\/#primaryimage","url":"https:\/\/www.alquera.com\/wp-content\/uploads\/2024\/08\/Tubos-de-ensayo-de-plastico.png","contentUrl":"https:\/\/www.alquera.com\/wp-content\/uploads\/2024\/08\/Tubos-de-ensayo-de-plastico.png","width":640,"height":640,"caption":"tubos de ensayo de plastico"},{"@type":"BreadcrumbList","@id":"https:\/\/www.alquera.com\/tubos-de-ensayo-de-plastico\/#breadcrumb","itemListElement":[{"@type":"ListItem","position":1,"name":"Inicio","item":"https:\/\/www.alquera.com\/"},{"@type":"ListItem","position":2,"name":"Alquera.com: Tienda Online de Productos Qu\u00edmicos y Material de Laboratorio","item":"https:\/\/www.alquera.com\/en\/tienda\/"},{"@type":"ListItem","position":3,"name":"Tubos de Ensayo de Pl\u00e1stico"}]},{"@type":"WebSite","@id":"https:\/\/www.alquera.com\/en\/#website","url":"https:\/\/www.alquera.com\/en\/","name":"Alquera.com","description":"Boutique en ligne Produits chimiques et \u00e9quipements de laboratoire","publisher":{"@id":"https:\/\/www.alquera.com\/en\/#organization"},"potentialAction":[{"@type":"SearchAction","target":{"@type":"EntryPoint","urlTemplate":"https:\/\/www.alquera.com\/en\/?s={search_term_string}"},"query-input":{"@type":"PropertyValueSpecification","valueRequired":true,"valueName":"search_term_string"}}],"inLanguage":"fr-FR"},{"@type":"Organization","@id":"https:\/\/www.alquera.com\/en\/#organization","name":"ALQUERA CIENCIA SL","url":"https:\/\/www.alquera.com\/en\/","logo":{"@type":"ImageObject","inLanguage":"fr-FR","@id":"https:\/\/www.alquera.com\/en\/#\/schema\/logo\/image\/","url":"https:\/\/www.alquera.com\/wp-content\/uploads\/2020\/11\/logo_300_ancho.png","contentUrl":"https:\/\/www.alquera.com\/wp-content\/uploads\/2020\/11\/logo_300_ancho.png","width":300,"height":86,"caption":"ALQUERA CIENCIA SL"},"image":{"@id":"https:\/\/www.alquera.com\/en\/#\/schema\/logo\/image\/"},"sameAs":["https:\/\/www.facebook.com\/alqueraciencia","https:\/\/www.instagram.com\/alquera_ciencia\/","https:\/\/www.youtube.com\/c\/alquera"]}]},"og_availability":"instock","product_availability":"instock","product_retailer_item_id":"ALQ00131","product_condition":"new"},"_links":{"self":[{"href":"https:\/\/www.alquera.com\/fr\/wp-json\/wp\/v2\/product\/48939","targetHints":{"allow":["GET"]}}],"collection":[{"href":"https:\/\/www.alquera.com\/fr\/wp-json\/wp\/v2\/product"}],"about":[{"href":"https:\/\/www.alquera.com\/fr\/wp-json\/wp\/v2\/types\/product"}],"replies":[{"embeddable":true,"href":"https:\/\/www.alquera.com\/fr\/wp-json\/wp\/v2\/comments?post=48939"}],"wp:featuredmedia":[{"embeddable":true,"href":"https:\/\/www.alquera.com\/fr\/wp-json\/wp\/v2\/media\/49003"}],"wp:attachment":[{"href":"https:\/\/www.alquera.com\/fr\/wp-json\/wp\/v2\/media?parent=48939"}],"wp:term":[{"taxonomy":"product_brand","embeddable":true,"href":"https:\/\/www.alquera.com\/fr\/wp-json\/wp\/v2\/product_brand?post=48939"},{"taxonomy":"product_cat","embeddable":true,"href":"https:\/\/www.alquera.com\/fr\/wp-json\/wp\/v2\/product_cat?post=48939"},{"taxonomy":"product_tag","embeddable":true,"href":"https:\/\/www.alquera.com\/fr\/wp-json\/wp\/v2\/product_tag?post=48939"}],"curies":[{"name":"wp","href":"https:\/\/api.w.org\/{rel}","templated":true}]}}