{"id":48947,"date":"2024-08-26T14:02:46","date_gmt":"2024-08-26T14:02:46","guid":{"rendered":"https:\/\/www.alquera.com\/?post_type=product&#038;p=48947"},"modified":"2026-03-26T11:30:49","modified_gmt":"2026-03-26T11:30:49","slug":"tapon-para-tubos-de-ensayo","status":"publish","type":"product","link":"https:\/\/www.alquera.com\/fr\/tapon-para-tubos-de-ensayo\/","title":{"rendered":"Capuchon pour tubes \u00e0 essai en plastique"},"content":{"rendered":"<p>Ce bouchon en poly\u00e9thyl\u00e8ne \u00e0 ailettes est sp\u00e9cialement con\u00e7u pour les tubes \u00e0 essai en plastique D16, l=100mm, disponibles ici : <a href=\"https:\/\/www.alquera.com\/fr\/tubos-de-ensayo-de-plastico\/\">tubes \u00e0 essai en plastique<\/a>. Il s'agit d'une fermeture s\u00fbre et facile \u00e0 appliquer, garantissant que vos \u00e9chantillons restent intacts et exempts de contaminants. Id\u00e9al pour les applications de laboratoire n\u00e9cessitant durabilit\u00e9 et pr\u00e9cision.<\/p>\n<ul>\n<li>Mat\u00e9riau : poly\u00e9thyl\u00e8ne<\/li>\n<li>Couleur: Bleu<\/li>\n<li>Conditionnement : 40 pi\u00e8ces, 100 pi\u00e8ces.<\/li>\n<\/ul>\n<p>&nbsp;<\/p>","protected":false},"excerpt":{"rendered":"<p>Achetez un bouchon de tube \u00e0 essai en 40 ou 100 pi\u00e8ces. Ce bouchon est id\u00e9al pour <a href=\"https:\/\/www.alquera.com\/fr\/tubos-de-ensayo-de-plastico\/\">tubes \u00e0 essai en plastique D 16mm<\/a>. Vous pouvez voir le prix des diff\u00e9rents formats de bouchons en s\u00e9lectionnant le format d\u00e9sir\u00e9. La commande se fait directement sur le Web en suivant les \u00e9tapes indiqu\u00e9es, et la livraison est effectu\u00e9e dans les 24\/48 heures.<\/p>","protected":false},"featured_media":48955,"comment_status":"open","ping_status":"closed","template":"","meta":{"_acf_changed":false,"site-sidebar-layout":"default","site-content-layout":"default","ast-site-content-layout":"default","site-content-style":"default","site-sidebar-style":"default","ast-global-header-display":"","ast-banner-title-visibility":"","ast-main-header-display":"","ast-hfb-above-header-display":"","ast-hfb-below-header-display":"","ast-hfb-mobile-header-display":"","site-post-title":"","ast-breadcrumbs-content":"","ast-featured-img":"","footer-sml-layout":"","ast-disable-related-posts":"","theme-transparent-header-meta":"default","adv-header-id-meta":"","stick-header-meta":"default","header-above-stick-meta":"","header-main-stick-meta":"","header-below-stick-meta":"","astra-migrate-meta-layouts":"set","ast-page-background-enabled":"default","ast-page-background-meta":{"desktop":{"background-color":"var(--ast-global-color-4)","background-image":"","background-repeat":"repeat","background-position":"center center","background-size":"auto","background-attachment":"scroll","background-type":"","background-media":"","overlay-type":"","overlay-color":"","overlay-opacity":"","overlay-gradient":""},"tablet":{"background-color":"","background-image":"","background-repeat":"repeat","background-position":"center center","background-size":"auto","background-attachment":"scroll","background-type":"","background-media":"","overlay-type":"","overlay-color":"","overlay-opacity":"","overlay-gradient":""},"mobile":{"background-color":"","background-image":"","background-repeat":"repeat","background-position":"center center","background-size":"auto","background-attachment":"scroll","background-type":"","background-media":"","overlay-type":"","overlay-color":"","overlay-opacity":"","overlay-gradient":""}},"ast-content-background-meta":{"desktop":{"background-color":"var(--ast-global-color-5)","background-image":"","background-repeat":"repeat","background-position":"center center","background-size":"auto","background-attachment":"scroll","background-type":"","background-media":"","overlay-type":"","overlay-color":"","overlay-opacity":"","overlay-gradient":""},"tablet":{"background-color":"var(--ast-global-color-5)","background-image":"","background-repeat":"repeat","background-position":"center center","background-size":"auto","background-attachment":"scroll","background-type":"","background-media":"","overlay-type":"","overlay-color":"","overlay-opacity":"","overlay-gradient":""},"mobile":{"background-color":"var(--ast-global-color-5)","background-image":"","background-repeat":"repeat","background-position":"center center","background-size":"auto","background-attachment":"scroll","background-type":"","background-media":"","overlay-type":"","overlay-color":"","overlay-opacity":"","overlay-gradient":""}}},"product_brand":[],"product_cat":[21],"product_tag":[],"class_list":{"0":"post-48947","1":"product","2":"type-product","3":"status-publish","4":"has-post-thumbnail","6":"product_cat-productos","7":"desktop-align-left","8":"tablet-align-left","9":"mobile-align-left","10":"ast-product-gallery-layout-horizontal-slider","11":"ast-product-gallery-with-no-image","12":"ast-magnify-disabled","13":"ast-product-single-variable","14":"ast-product-tabs-layout-horizontal","15":"ast-qv-on-image","17":"first","18":"instock","19":"taxable","20":"shipping-taxable","21":"purchasable","22":"product-type-variable","23":"has-default-attributes"},"acf":[],"yoast_head":"<!-- This site is optimized with the Yoast SEO Premium plugin v27.1 (Yoast SEO v27.1.1) - https:\/\/yoast.com\/product\/yoast-seo-premium-wordpress\/ -->\n<title>Tap\u00f3n para Tubos de Ensayo de Pl\u00e1stico: Comprar Online - Alquera.com<\/title>\n<meta name=\"description\" content=\"ENV\u00cdOS EN 24\/48H. Compra tapones para tubos de ensayo de alta calidad. Perfectos para laboratorios, garantizan un cierre herm\u00e9tico y seguro.\" \/>\n<meta name=\"robots\" content=\"index, follow, max-snippet:-1, max-image-preview:large, max-video-preview:-1\" \/>\n<link rel=\"canonical\" href=\"https:\/\/www.alquera.com\/fr\/tapon-para-tubos-de-ensayo\/\" \/>\n<meta property=\"og:locale\" content=\"fr_FR\" \/>\n<meta property=\"og:type\" content=\"article\" \/>\n<meta property=\"og:title\" content=\"Tap\u00f3n para Tubos de Ensayo de Pl\u00e1stico: Comprar Online - Alquera.com\" \/>\n<meta property=\"og:description\" content=\"ENV\u00cdOS EN 24\/48H. Compra tapones para tubos de ensayo de alta calidad. Perfectos para laboratorios, garantizan un cierre herm\u00e9tico y seguro.\" \/>\n<meta property=\"og:url\" content=\"https:\/\/www.alquera.com\/fr\/tapon-para-tubos-de-ensayo\/\" \/>\n<meta property=\"og:site_name\" content=\"Alquera.com\" \/>\n<meta property=\"article:publisher\" content=\"https:\/\/www.facebook.com\/alqueraciencia\" \/>\n<meta property=\"article:modified_time\" content=\"2026-03-26T11:30:49+00:00\" \/>\n<meta property=\"og:image\" content=\"https:\/\/www.alquera.com\/wp-content\/uploads\/2024\/08\/tapon-azul.png\" \/>\n\t<meta property=\"og:image:width\" content=\"600\" \/>\n\t<meta property=\"og:image:height\" content=\"600\" \/>\n\t<meta property=\"og:image:type\" content=\"image\/png\" \/>\n<meta name=\"twitter:card\" content=\"summary_large_image\" \/>\n<meta name=\"twitter:label1\" content=\"Disponibilit\u00e9\" \/>\n\t<meta name=\"twitter:data1\" content=\"En stock\" \/>\n<script type=\"application\/ld+json\" class=\"yoast-schema-graph\">{\"@context\":\"https:\/\/schema.org\",\"@graph\":[{\"@type\":[\"WebPage\",\"ItemPage\"],\"@id\":\"https:\/\/www.alquera.com\/tapon-para-tubos-de-ensayo\/\",\"url\":\"https:\/\/www.alquera.com\/tapon-para-tubos-de-ensayo\/\",\"name\":\"Tap\u00f3n para Tubos de Ensayo de Pl\u00e1stico: Comprar Online - Alquera.com\",\"isPartOf\":{\"@id\":\"https:\/\/www.alquera.com\/en\/#website\"},\"primaryImageOfPage\":{\"@id\":\"https:\/\/www.alquera.com\/tapon-para-tubos-de-ensayo\/#primaryimage\"},\"image\":{\"@id\":\"https:\/\/www.alquera.com\/tapon-para-tubos-de-ensayo\/#primaryimage\"},\"thumbnailUrl\":\"https:\/\/www.alquera.com\/wp-content\/uploads\/2024\/08\/tapon-azul.png\",\"datePublished\":\"2024-08-26T14:02:46+00:00\",\"dateModified\":\"2026-03-26T11:30:49+00:00\",\"description\":\"ENV\u00cdOS EN 24\/48H. Compra tapones para tubos de ensayo de alta calidad. Perfectos para laboratorios, garantizan un cierre herm\u00e9tico y seguro.\",\"breadcrumb\":{\"@id\":\"https:\/\/www.alquera.com\/tapon-para-tubos-de-ensayo\/#breadcrumb\"},\"inLanguage\":\"fr-FR\",\"potentialAction\":[{\"@type\":\"ReadAction\",\"target\":[\"https:\/\/www.alquera.com\/tapon-para-tubos-de-ensayo\/\"]}]},{\"@type\":\"ImageObject\",\"inLanguage\":\"fr-FR\",\"@id\":\"https:\/\/www.alquera.com\/tapon-para-tubos-de-ensayo\/#primaryimage\",\"url\":\"https:\/\/www.alquera.com\/wp-content\/uploads\/2024\/08\/tapon-azul.png\",\"contentUrl\":\"https:\/\/www.alquera.com\/wp-content\/uploads\/2024\/08\/tapon-azul.png\",\"width\":600,\"height\":600},{\"@type\":\"BreadcrumbList\",\"@id\":\"https:\/\/www.alquera.com\/tapon-para-tubos-de-ensayo\/#breadcrumb\",\"itemListElement\":[{\"@type\":\"ListItem\",\"position\":1,\"name\":\"Inicio\",\"item\":\"https:\/\/www.alquera.com\/\"},{\"@type\":\"ListItem\",\"position\":2,\"name\":\"Alquera.com: Tienda Online de Productos Qu\u00edmicos y Material de Laboratorio\",\"item\":\"https:\/\/www.alquera.com\/en\/tienda\/\"},{\"@type\":\"ListItem\",\"position\":3,\"name\":\"Tap\u00f3n para Tubos de Ensayo de Pl\u00e1stico\"}]},{\"@type\":\"WebSite\",\"@id\":\"https:\/\/www.alquera.com\/en\/#website\",\"url\":\"https:\/\/www.alquera.com\/en\/\",\"name\":\"Alquera.com\",\"description\":\"Tienda Online Productos Qu\u00edmicos y Material de Laboratorio\",\"publisher\":{\"@id\":\"https:\/\/www.alquera.com\/en\/#organization\"},\"potentialAction\":[{\"@type\":\"SearchAction\",\"target\":{\"@type\":\"EntryPoint\",\"urlTemplate\":\"https:\/\/www.alquera.com\/en\/?s={search_term_string}\"},\"query-input\":{\"@type\":\"PropertyValueSpecification\",\"valueRequired\":true,\"valueName\":\"search_term_string\"}}],\"inLanguage\":\"fr-FR\"},{\"@type\":\"Organization\",\"@id\":\"https:\/\/www.alquera.com\/en\/#organization\",\"name\":\"ALQUERA CIENCIA SL\",\"url\":\"https:\/\/www.alquera.com\/en\/\",\"logo\":{\"@type\":\"ImageObject\",\"inLanguage\":\"fr-FR\",\"@id\":\"https:\/\/www.alquera.com\/en\/#\/schema\/logo\/image\/\",\"url\":\"https:\/\/www.alquera.com\/wp-content\/uploads\/2020\/11\/logo_300_ancho.png\",\"contentUrl\":\"https:\/\/www.alquera.com\/wp-content\/uploads\/2020\/11\/logo_300_ancho.png\",\"width\":300,\"height\":86,\"caption\":\"ALQUERA CIENCIA SL\"},\"image\":{\"@id\":\"https:\/\/www.alquera.com\/en\/#\/schema\/logo\/image\/\"},\"sameAs\":[\"https:\/\/www.facebook.com\/alqueraciencia\",\"https:\/\/www.instagram.com\/alquera_ciencia\/\",\"https:\/\/www.youtube.com\/c\/alquera\"]}]}<\/script>\n<meta property=\"og:availability\" content=\"instock\" \/>\n<meta property=\"product:availability\" content=\"instock\" \/>\n<meta property=\"product:condition\" content=\"new\" \/>\n<!-- \/ Yoast SEO Premium plugin. -->","yoast_head_json":{"title":"Bouchons pour \u00e9prouvettes en plastique : Acheter en ligne - Alquera.com","description":"EXP\u00c9DITION 24\/48H. Achetez des bouchons d'\u00e9prouvette de haute qualit\u00e9. Parfaits pour les laboratoires, ils garantissent une fermeture \u00e9tanche et s\u00fbre.","robots":{"index":"index","follow":"follow","max-snippet":"max-snippet:-1","max-image-preview":"max-image-preview:large","max-video-preview":"max-video-preview:-1"},"canonical":"https:\/\/www.alquera.com\/fr\/tapon-para-tubos-de-ensayo\/","og_locale":"fr_FR","og_type":"article","og_title":"Tap\u00f3n para Tubos de Ensayo de Pl\u00e1stico: Comprar Online - Alquera.com","og_description":"ENV\u00cdOS EN 24\/48H. Compra tapones para tubos de ensayo de alta calidad. Perfectos para laboratorios, garantizan un cierre herm\u00e9tico y seguro.","og_url":"https:\/\/www.alquera.com\/fr\/tapon-para-tubos-de-ensayo\/","og_site_name":"Alquera.com","article_publisher":"https:\/\/www.facebook.com\/alqueraciencia","article_modified_time":"2026-03-26T11:30:49+00:00","og_image":[{"width":600,"height":600,"url":"https:\/\/www.alquera.com\/wp-content\/uploads\/2024\/08\/tapon-azul.png","type":"image\/png"}],"twitter_card":"summary_large_image","twitter_misc":{"Disponibilit\u00e9":"En stock"},"schema":{"@context":"https:\/\/schema.org","@graph":[{"@type":["WebPage","ItemPage"],"@id":"https:\/\/www.alquera.com\/tapon-para-tubos-de-ensayo\/","url":"https:\/\/www.alquera.com\/tapon-para-tubos-de-ensayo\/","name":"Bouchons pour \u00e9prouvettes en plastique : Acheter en ligne - Alquera.com","isPartOf":{"@id":"https:\/\/www.alquera.com\/en\/#website"},"primaryImageOfPage":{"@id":"https:\/\/www.alquera.com\/tapon-para-tubos-de-ensayo\/#primaryimage"},"image":{"@id":"https:\/\/www.alquera.com\/tapon-para-tubos-de-ensayo\/#primaryimage"},"thumbnailUrl":"https:\/\/www.alquera.com\/wp-content\/uploads\/2024\/08\/tapon-azul.png","datePublished":"2024-08-26T14:02:46+00:00","dateModified":"2026-03-26T11:30:49+00:00","description":"EXP\u00c9DITION 24\/48H. Achetez des bouchons d'\u00e9prouvette de haute qualit\u00e9. Parfaits pour les laboratoires, ils garantissent une fermeture \u00e9tanche et s\u00fbre.","breadcrumb":{"@id":"https:\/\/www.alquera.com\/tapon-para-tubos-de-ensayo\/#breadcrumb"},"inLanguage":"fr-FR","potentialAction":[{"@type":"ReadAction","target":["https:\/\/www.alquera.com\/tapon-para-tubos-de-ensayo\/"]}]},{"@type":"ImageObject","inLanguage":"fr-FR","@id":"https:\/\/www.alquera.com\/tapon-para-tubos-de-ensayo\/#primaryimage","url":"https:\/\/www.alquera.com\/wp-content\/uploads\/2024\/08\/tapon-azul.png","contentUrl":"https:\/\/www.alquera.com\/wp-content\/uploads\/2024\/08\/tapon-azul.png","width":600,"height":600},{"@type":"BreadcrumbList","@id":"https:\/\/www.alquera.com\/tapon-para-tubos-de-ensayo\/#breadcrumb","itemListElement":[{"@type":"ListItem","position":1,"name":"Inicio","item":"https:\/\/www.alquera.com\/"},{"@type":"ListItem","position":2,"name":"Alquera.com: Tienda Online de Productos Qu\u00edmicos y Material de Laboratorio","item":"https:\/\/www.alquera.com\/en\/tienda\/"},{"@type":"ListItem","position":3,"name":"Tap\u00f3n para Tubos de Ensayo de Pl\u00e1stico"}]},{"@type":"WebSite","@id":"https:\/\/www.alquera.com\/en\/#website","url":"https:\/\/www.alquera.com\/en\/","name":"Alquera.com","description":"Boutique en ligne Produits chimiques et \u00e9quipements de laboratoire","publisher":{"@id":"https:\/\/www.alquera.com\/en\/#organization"},"potentialAction":[{"@type":"SearchAction","target":{"@type":"EntryPoint","urlTemplate":"https:\/\/www.alquera.com\/en\/?s={search_term_string}"},"query-input":{"@type":"PropertyValueSpecification","valueRequired":true,"valueName":"search_term_string"}}],"inLanguage":"fr-FR"},{"@type":"Organization","@id":"https:\/\/www.alquera.com\/en\/#organization","name":"ALQUERA CIENCIA SL","url":"https:\/\/www.alquera.com\/en\/","logo":{"@type":"ImageObject","inLanguage":"fr-FR","@id":"https:\/\/www.alquera.com\/en\/#\/schema\/logo\/image\/","url":"https:\/\/www.alquera.com\/wp-content\/uploads\/2020\/11\/logo_300_ancho.png","contentUrl":"https:\/\/www.alquera.com\/wp-content\/uploads\/2020\/11\/logo_300_ancho.png","width":300,"height":86,"caption":"ALQUERA CIENCIA SL"},"image":{"@id":"https:\/\/www.alquera.com\/en\/#\/schema\/logo\/image\/"},"sameAs":["https:\/\/www.facebook.com\/alqueraciencia","https:\/\/www.instagram.com\/alquera_ciencia\/","https:\/\/www.youtube.com\/c\/alquera"]}]},"og_availability":"instock","product_availability":"instock","product_condition":"new"},"_links":{"self":[{"href":"https:\/\/www.alquera.com\/fr\/wp-json\/wp\/v2\/product\/48947","targetHints":{"allow":["GET"]}}],"collection":[{"href":"https:\/\/www.alquera.com\/fr\/wp-json\/wp\/v2\/product"}],"about":[{"href":"https:\/\/www.alquera.com\/fr\/wp-json\/wp\/v2\/types\/product"}],"replies":[{"embeddable":true,"href":"https:\/\/www.alquera.com\/fr\/wp-json\/wp\/v2\/comments?post=48947"}],"wp:featuredmedia":[{"embeddable":true,"href":"https:\/\/www.alquera.com\/fr\/wp-json\/wp\/v2\/media\/48955"}],"wp:attachment":[{"href":"https:\/\/www.alquera.com\/fr\/wp-json\/wp\/v2\/media?parent=48947"}],"wp:term":[{"taxonomy":"product_brand","embeddable":true,"href":"https:\/\/www.alquera.com\/fr\/wp-json\/wp\/v2\/product_brand?post=48947"},{"taxonomy":"product_cat","embeddable":true,"href":"https:\/\/www.alquera.com\/fr\/wp-json\/wp\/v2\/product_cat?post=48947"},{"taxonomy":"product_tag","embeddable":true,"href":"https:\/\/www.alquera.com\/fr\/wp-json\/wp\/v2\/product_tag?post=48947"}],"curies":[{"name":"wp","href":"https:\/\/api.w.org\/{rel}","templated":true}]}}