{"id":497,"date":"2016-01-28T18:47:14","date_gmt":"2016-01-28T18:47:14","guid":{"rendered":"http:\/\/localhost\/alquera\/productos\/producto\/yoduro-de-potasio-1kg\/"},"modified":"2026-02-23T16:13:00","modified_gmt":"2026-02-23T16:13:00","slug":"yoduro-de-potasio","status":"publish","type":"product","link":"https:\/\/www.alquera.com\/fr\/yoduro-de-potasio\/","title":{"rendered":"Iodure de Potassium"},"content":{"rendered":"<p>L\u2019iodure de potassium est un sel cristallin, avec un pH neutre puisque ses ions iod\u00e9s et potassium ne r\u00e9agissent pas avec l\u2019eau. Le iodure de potassium est utilis\u00e9 en photographie pour pr\u00e9parer des \u00e9mulsions. Il s\u2019agit d\u2019un produit tr\u00e8s utilis\u00e9 dans les exp\u00e9riences scientifiques car il agit comme un catalyseur dans les r\u00e9actions chimiques, acc\u00e9l\u00e9rant la r\u00e9action.<\/p>\n<h2>IDENTIFICATION ET PROPI\u00c9T\u00c9S<\/h2>\n<p><strong>Nom:<\/strong> Iodure de Potassium<br \/>\n<strong>CAS:<\/strong> 7681-11-0<br \/>\n<strong>CE:<\/strong> 231-659-4<br \/>\n<strong>Puret\u00e9<\/strong> &gt;99,9%<\/p>\n<ul>\n<li>Aspect: Solide<\/li>\n<li>Couleur: Blanc<\/li>\n<li>Odeur: Sans odeur<\/li>\n<li>Solution de pH\u00a0: 6-9<\/li>\n<li>Solubilit\u00e9\u00a0: Eau 58,5%<\/li>\n<li>Explosif\u00a0: Non explosif<\/li>\n<\/ul>","protected":false},"excerpt":{"rendered":"<p>Achetez l'iodure de potassium en formats de 20, 100g, 500g et 1Kg. Le prix des diff\u00e9rents formats d'iodure de potassium est indiqu\u00e9 lorsque vous s\u00e9lectionnez le format souhait\u00e9. La commande est effectu\u00e9e directement sur le Web en suivant les \u00e9tapes indiqu\u00e9es, et la livraison est effectu\u00e9e en 24\/48 heures.<\/p>","protected":false},"featured_media":41101,"comment_status":"open","ping_status":"closed","template":"","meta":{"_acf_changed":false,"site-sidebar-layout":"default","site-content-layout":"default","ast-site-content-layout":"default","site-content-style":"default","site-sidebar-style":"default","ast-global-header-display":"","ast-banner-title-visibility":"","ast-main-header-display":"","ast-hfb-above-header-display":"","ast-hfb-below-header-display":"","ast-hfb-mobile-header-display":"","site-post-title":"","ast-breadcrumbs-content":"","ast-featured-img":"","footer-sml-layout":"","ast-disable-related-posts":"","theme-transparent-header-meta":"default","adv-header-id-meta":"","stick-header-meta":"default","header-above-stick-meta":"","header-main-stick-meta":"","header-below-stick-meta":"","astra-migrate-meta-layouts":"set","ast-page-background-enabled":"default","ast-page-background-meta":{"desktop":{"background-color":"var(--ast-global-color-4)","background-image":"","background-repeat":"repeat","background-position":"center center","background-size":"auto","background-attachment":"scroll","background-type":"","background-media":"","overlay-type":"","overlay-color":"","overlay-opacity":"","overlay-gradient":""},"tablet":{"background-color":"","background-image":"","background-repeat":"repeat","background-position":"center center","background-size":"auto","background-attachment":"scroll","background-type":"","background-media":"","overlay-type":"","overlay-color":"","overlay-opacity":"","overlay-gradient":""},"mobile":{"background-color":"","background-image":"","background-repeat":"repeat","background-position":"center center","background-size":"auto","background-attachment":"scroll","background-type":"","background-media":"","overlay-type":"","overlay-color":"","overlay-opacity":"","overlay-gradient":""}},"ast-content-background-meta":{"desktop":{"background-color":"var(--ast-global-color-5)","background-image":"","background-repeat":"repeat","background-position":"center center","background-size":"auto","background-attachment":"scroll","background-type":"","background-media":"","overlay-type":"","overlay-color":"","overlay-opacity":"","overlay-gradient":""},"tablet":{"background-color":"var(--ast-global-color-5)","background-image":"","background-repeat":"repeat","background-position":"center center","background-size":"auto","background-attachment":"scroll","background-type":"","background-media":"","overlay-type":"","overlay-color":"","overlay-opacity":"","overlay-gradient":""},"mobile":{"background-color":"var(--ast-global-color-5)","background-image":"","background-repeat":"repeat","background-position":"center center","background-size":"auto","background-attachment":"scroll","background-type":"","background-media":"","overlay-type":"","overlay-color":"","overlay-opacity":"","overlay-gradient":""}}},"product_brand":[],"product_cat":[206,21],"product_tag":[],"class_list":{"0":"post-497","1":"product","2":"type-product","3":"status-publish","4":"has-post-thumbnail","6":"product_cat-productos-experimentos","7":"product_cat-productos","8":"pa_cantidad-20g","9":"pa_cantidad-100g","10":"pa_cantidad-500g","11":"pa_cantidad-1kg","12":"desktop-align-left","13":"tablet-align-left","14":"mobile-align-left","15":"ast-product-gallery-layout-horizontal-slider","16":"ast-magnify-disabled","17":"ast-product-single-variable","18":"ast-product-tabs-layout-horizontal","19":"ast-qv-on-image","21":"first","22":"instock","23":"taxable","24":"shipping-taxable","25":"purchasable","26":"product-type-variable","27":"has-default-attributes"},"acf":[],"yoast_head":"<!-- This site is optimized with the Yoast SEO Premium plugin v27.1 (Yoast SEO v27.1.1) - https:\/\/yoast.com\/product\/yoast-seo-premium-wordpress\/ -->\n<title>Yoduro de Potasio: Comprar Online - Alquera.com<\/title>\n<meta name=\"description\" content=\"ENV\u00cdOS EN 24\/48H. Comprar Yoduro de Potasio. Yoduro pot\u00e1sico. Hacer experimentos de ciencias, fotograf\u00eda. Env\u00edos a toda la Pen\u00ednsula.\" \/>\n<meta name=\"robots\" content=\"index, follow, max-snippet:-1, max-image-preview:large, max-video-preview:-1\" \/>\n<link rel=\"canonical\" href=\"https:\/\/www.alquera.com\/fr\/yoduro-de-potasio\/\" \/>\n<meta property=\"og:locale\" content=\"fr_FR\" \/>\n<meta property=\"og:type\" content=\"article\" \/>\n<meta property=\"og:title\" content=\"Yoduro de Potasio: Comprar Online - Alquera.com\" \/>\n<meta property=\"og:description\" content=\"ENV\u00cdOS EN 24\/48H. Comprar Yoduro de Potasio. Yoduro pot\u00e1sico. Hacer experimentos de ciencias, fotograf\u00eda. Env\u00edos a toda la Pen\u00ednsula.\" \/>\n<meta property=\"og:url\" content=\"https:\/\/www.alquera.com\/fr\/yoduro-de-potasio\/\" \/>\n<meta property=\"og:site_name\" content=\"Alquera.com\" \/>\n<meta property=\"article:publisher\" content=\"https:\/\/www.facebook.com\/alqueraciencia\" \/>\n<meta property=\"article:modified_time\" content=\"2026-02-23T16:13:00+00:00\" \/>\n<meta property=\"og:image\" content=\"https:\/\/www.alquera.com\/wp-content\/uploads\/2016\/01\/YODURO-DE-POTASIO.png\" \/>\n\t<meta property=\"og:image:width\" content=\"600\" \/>\n\t<meta property=\"og:image:height\" content=\"547\" \/>\n\t<meta property=\"og:image:type\" content=\"image\/png\" \/>\n<meta name=\"twitter:card\" content=\"summary_large_image\" \/>\n<meta name=\"twitter:label1\" content=\"Disponibilit\u00e9\" \/>\n\t<meta name=\"twitter:data1\" content=\"En stock\" \/>\n<script type=\"application\/ld+json\" class=\"yoast-schema-graph\">{\"@context\":\"https:\/\/schema.org\",\"@graph\":[{\"@type\":[\"WebPage\",\"ItemPage\"],\"@id\":\"https:\/\/www.alquera.com\/yoduro-de-potasio\/\",\"url\":\"https:\/\/www.alquera.com\/yoduro-de-potasio\/\",\"name\":\"Yoduro de Potasio: Comprar Online - Alquera.com\",\"isPartOf\":{\"@id\":\"https:\/\/www.alquera.com\/en\/#website\"},\"primaryImageOfPage\":{\"@id\":\"https:\/\/www.alquera.com\/yoduro-de-potasio\/#primaryimage\"},\"image\":{\"@id\":\"https:\/\/www.alquera.com\/yoduro-de-potasio\/#primaryimage\"},\"thumbnailUrl\":\"https:\/\/www.alquera.com\/wp-content\/uploads\/2016\/01\/YODURO-DE-POTASIO.png\",\"datePublished\":\"2016-01-28T18:47:14+00:00\",\"dateModified\":\"2026-02-23T16:13:00+00:00\",\"description\":\"ENV\u00cdOS EN 24\/48H. Comprar Yoduro de Potasio. Yoduro pot\u00e1sico. Hacer experimentos de ciencias, fotograf\u00eda. Env\u00edos a toda la Pen\u00ednsula.\",\"breadcrumb\":{\"@id\":\"https:\/\/www.alquera.com\/yoduro-de-potasio\/#breadcrumb\"},\"inLanguage\":\"fr-FR\",\"potentialAction\":[{\"@type\":\"ReadAction\",\"target\":[\"https:\/\/www.alquera.com\/yoduro-de-potasio\/\"]}]},{\"@type\":\"ImageObject\",\"inLanguage\":\"fr-FR\",\"@id\":\"https:\/\/www.alquera.com\/yoduro-de-potasio\/#primaryimage\",\"url\":\"https:\/\/www.alquera.com\/wp-content\/uploads\/2016\/01\/YODURO-DE-POTASIO.png\",\"contentUrl\":\"https:\/\/www.alquera.com\/wp-content\/uploads\/2016\/01\/YODURO-DE-POTASIO.png\",\"width\":600,\"height\":547},{\"@type\":\"BreadcrumbList\",\"@id\":\"https:\/\/www.alquera.com\/yoduro-de-potasio\/#breadcrumb\",\"itemListElement\":[{\"@type\":\"ListItem\",\"position\":1,\"name\":\"Inicio\",\"item\":\"https:\/\/www.alquera.com\/\"},{\"@type\":\"ListItem\",\"position\":2,\"name\":\"Alquera.com: Tienda Online de Productos Qu\u00edmicos y Material de Laboratorio\",\"item\":\"https:\/\/www.alquera.com\/en\/tienda\/\"},{\"@type\":\"ListItem\",\"position\":3,\"name\":\"Yoduro de Potasio\"}]},{\"@type\":\"WebSite\",\"@id\":\"https:\/\/www.alquera.com\/en\/#website\",\"url\":\"https:\/\/www.alquera.com\/en\/\",\"name\":\"Alquera.com\",\"description\":\"Tienda Online Productos Qu\u00edmicos y Material de Laboratorio\",\"publisher\":{\"@id\":\"https:\/\/www.alquera.com\/en\/#organization\"},\"potentialAction\":[{\"@type\":\"SearchAction\",\"target\":{\"@type\":\"EntryPoint\",\"urlTemplate\":\"https:\/\/www.alquera.com\/en\/?s={search_term_string}\"},\"query-input\":{\"@type\":\"PropertyValueSpecification\",\"valueRequired\":true,\"valueName\":\"search_term_string\"}}],\"inLanguage\":\"fr-FR\"},{\"@type\":\"Organization\",\"@id\":\"https:\/\/www.alquera.com\/en\/#organization\",\"name\":\"ALQUERA CIENCIA SL\",\"url\":\"https:\/\/www.alquera.com\/en\/\",\"logo\":{\"@type\":\"ImageObject\",\"inLanguage\":\"fr-FR\",\"@id\":\"https:\/\/www.alquera.com\/en\/#\/schema\/logo\/image\/\",\"url\":\"https:\/\/www.alquera.com\/wp-content\/uploads\/2020\/11\/logo_300_ancho.png\",\"contentUrl\":\"https:\/\/www.alquera.com\/wp-content\/uploads\/2020\/11\/logo_300_ancho.png\",\"width\":300,\"height\":86,\"caption\":\"ALQUERA CIENCIA SL\"},\"image\":{\"@id\":\"https:\/\/www.alquera.com\/en\/#\/schema\/logo\/image\/\"},\"sameAs\":[\"https:\/\/www.facebook.com\/alqueraciencia\",\"https:\/\/www.instagram.com\/alquera_ciencia\/\",\"https:\/\/www.youtube.com\/c\/alquera\"]}]}<\/script>\n<meta property=\"og:availability\" content=\"instock\" \/>\n<meta property=\"product:availability\" content=\"instock\" \/>\n<meta property=\"product:retailer_item_id\" content=\"AL100191\" \/>\n<meta property=\"product:condition\" content=\"new\" \/>\n<!-- \/ Yoast SEO Premium plugin. -->","yoast_head_json":{"title":"Iodure de potassium : Acheter en ligne - Alquera.com","description":"EXP\u00c9DITION SUR 24\/48H. Acheter iodure de potassium. Iodure de potassium. Faire des exp\u00e9riences scientifiques, photographie.","robots":{"index":"index","follow":"follow","max-snippet":"max-snippet:-1","max-image-preview":"max-image-preview:large","max-video-preview":"max-video-preview:-1"},"canonical":"https:\/\/www.alquera.com\/fr\/yoduro-de-potasio\/","og_locale":"fr_FR","og_type":"article","og_title":"Yoduro de Potasio: Comprar Online - Alquera.com","og_description":"ENV\u00cdOS EN 24\/48H. Comprar Yoduro de Potasio. Yoduro pot\u00e1sico. Hacer experimentos de ciencias, fotograf\u00eda. Env\u00edos a toda la Pen\u00ednsula.","og_url":"https:\/\/www.alquera.com\/fr\/yoduro-de-potasio\/","og_site_name":"Alquera.com","article_publisher":"https:\/\/www.facebook.com\/alqueraciencia","article_modified_time":"2026-02-23T16:13:00+00:00","og_image":[{"width":600,"height":547,"url":"https:\/\/www.alquera.com\/wp-content\/uploads\/2016\/01\/YODURO-DE-POTASIO.png","type":"image\/png"}],"twitter_card":"summary_large_image","twitter_misc":{"Disponibilit\u00e9":"En stock"},"schema":{"@context":"https:\/\/schema.org","@graph":[{"@type":["WebPage","ItemPage"],"@id":"https:\/\/www.alquera.com\/yoduro-de-potasio\/","url":"https:\/\/www.alquera.com\/yoduro-de-potasio\/","name":"Iodure de potassium : Acheter en ligne - Alquera.com","isPartOf":{"@id":"https:\/\/www.alquera.com\/en\/#website"},"primaryImageOfPage":{"@id":"https:\/\/www.alquera.com\/yoduro-de-potasio\/#primaryimage"},"image":{"@id":"https:\/\/www.alquera.com\/yoduro-de-potasio\/#primaryimage"},"thumbnailUrl":"https:\/\/www.alquera.com\/wp-content\/uploads\/2016\/01\/YODURO-DE-POTASIO.png","datePublished":"2016-01-28T18:47:14+00:00","dateModified":"2026-02-23T16:13:00+00:00","description":"EXP\u00c9DITION SUR 24\/48H. Acheter iodure de potassium. Iodure de potassium. Faire des exp\u00e9riences scientifiques, photographie.","breadcrumb":{"@id":"https:\/\/www.alquera.com\/yoduro-de-potasio\/#breadcrumb"},"inLanguage":"fr-FR","potentialAction":[{"@type":"ReadAction","target":["https:\/\/www.alquera.com\/yoduro-de-potasio\/"]}]},{"@type":"ImageObject","inLanguage":"fr-FR","@id":"https:\/\/www.alquera.com\/yoduro-de-potasio\/#primaryimage","url":"https:\/\/www.alquera.com\/wp-content\/uploads\/2016\/01\/YODURO-DE-POTASIO.png","contentUrl":"https:\/\/www.alquera.com\/wp-content\/uploads\/2016\/01\/YODURO-DE-POTASIO.png","width":600,"height":547},{"@type":"BreadcrumbList","@id":"https:\/\/www.alquera.com\/yoduro-de-potasio\/#breadcrumb","itemListElement":[{"@type":"ListItem","position":1,"name":"Inicio","item":"https:\/\/www.alquera.com\/"},{"@type":"ListItem","position":2,"name":"Alquera.com: Tienda Online de Productos Qu\u00edmicos y Material de Laboratorio","item":"https:\/\/www.alquera.com\/en\/tienda\/"},{"@type":"ListItem","position":3,"name":"Yoduro de Potasio"}]},{"@type":"WebSite","@id":"https:\/\/www.alquera.com\/en\/#website","url":"https:\/\/www.alquera.com\/en\/","name":"Alquera.com","description":"Boutique en ligne Produits chimiques et \u00e9quipements de laboratoire","publisher":{"@id":"https:\/\/www.alquera.com\/en\/#organization"},"potentialAction":[{"@type":"SearchAction","target":{"@type":"EntryPoint","urlTemplate":"https:\/\/www.alquera.com\/en\/?s={search_term_string}"},"query-input":{"@type":"PropertyValueSpecification","valueRequired":true,"valueName":"search_term_string"}}],"inLanguage":"fr-FR"},{"@type":"Organization","@id":"https:\/\/www.alquera.com\/en\/#organization","name":"ALQUERA CIENCIA SL","url":"https:\/\/www.alquera.com\/en\/","logo":{"@type":"ImageObject","inLanguage":"fr-FR","@id":"https:\/\/www.alquera.com\/en\/#\/schema\/logo\/image\/","url":"https:\/\/www.alquera.com\/wp-content\/uploads\/2020\/11\/logo_300_ancho.png","contentUrl":"https:\/\/www.alquera.com\/wp-content\/uploads\/2020\/11\/logo_300_ancho.png","width":300,"height":86,"caption":"ALQUERA CIENCIA SL"},"image":{"@id":"https:\/\/www.alquera.com\/en\/#\/schema\/logo\/image\/"},"sameAs":["https:\/\/www.facebook.com\/alqueraciencia","https:\/\/www.instagram.com\/alquera_ciencia\/","https:\/\/www.youtube.com\/c\/alquera"]}]},"og_availability":"instock","product_availability":"instock","product_retailer_item_id":"AL100191","product_condition":"new"},"_links":{"self":[{"href":"https:\/\/www.alquera.com\/fr\/wp-json\/wp\/v2\/product\/497","targetHints":{"allow":["GET"]}}],"collection":[{"href":"https:\/\/www.alquera.com\/fr\/wp-json\/wp\/v2\/product"}],"about":[{"href":"https:\/\/www.alquera.com\/fr\/wp-json\/wp\/v2\/types\/product"}],"replies":[{"embeddable":true,"href":"https:\/\/www.alquera.com\/fr\/wp-json\/wp\/v2\/comments?post=497"}],"wp:featuredmedia":[{"embeddable":true,"href":"https:\/\/www.alquera.com\/fr\/wp-json\/wp\/v2\/media\/41101"}],"wp:attachment":[{"href":"https:\/\/www.alquera.com\/fr\/wp-json\/wp\/v2\/media?parent=497"}],"wp:term":[{"taxonomy":"product_brand","embeddable":true,"href":"https:\/\/www.alquera.com\/fr\/wp-json\/wp\/v2\/product_brand?post=497"},{"taxonomy":"product_cat","embeddable":true,"href":"https:\/\/www.alquera.com\/fr\/wp-json\/wp\/v2\/product_cat?post=497"},{"taxonomy":"product_tag","embeddable":true,"href":"https:\/\/www.alquera.com\/fr\/wp-json\/wp\/v2\/product_tag?post=497"}],"curies":[{"name":"wp","href":"https:\/\/api.w.org\/{rel}","templated":true}]}}