{"id":49790,"date":"2024-11-05T09:06:46","date_gmt":"2024-11-05T09:06:46","guid":{"rendered":"https:\/\/www.alquera.com\/?post_type=product&#038;p=49790"},"modified":"2025-04-09T08:20:18","modified_gmt":"2025-04-09T08:20:18","slug":"activador-para-slime","status":"publish","type":"product","link":"https:\/\/www.alquera.com\/fr\/activador-para-slime\/","title":{"rendered":"Activateur de bave"},"content":{"rendered":"<p>Este producto es un activador para slime, es decir es un componente que quitar\u00e1 la pegajosidad al pegamento, convirti\u00e9ndolo en la masa conocida como slime<\/p>\n<h2>FAIRE DE LA MOUSSE<\/h2>\n<p>La fabrication de slime est une activit\u00e9 tr\u00e8s populaire aupr\u00e8s des enfants. Qu'il s'agisse d'une f\u00eate d'anniversaire, d'une sortie ou d'une r\u00e9union entre amis, le slime est une activit\u00e9 incontournable.<\/p>\n<p>Voici des instructions sur la mani\u00e8re de proc\u00e9der <a href=\"https:\/\/www.experimentoscientificos.es\/hacer-un-slime\/\">faire de la bave<\/a>.<\/p>\n<p>Les ingr\u00e9dients cl\u00e9s \u00e0 ne pas manquer sont les suivants :<\/p>\n<ul>\n<li><a href=\"https:\/\/www.alquera.com\/fr\/pegamento-escolar-blanco\/\">Colle<\/a><\/li>\n<li><a href=\"https:\/\/www.alquera.com\/fr\/activador-para-slime\/\">Activateur de bave.<\/a><\/li>\n<li><a href=\"https:\/\/www.alquera.com\/fr\/colorantes-alimentarios\/\">Colorants<\/a><\/li>\n<\/ul>\n<p>Para el pegamento no hemos encontrado otro <a href=\"https:\/\/www.alquera.com\/fr\/pegamento-escolar-blanco\/\">este pegamento<\/a>. Pour l'activateur, nous n'avons pas trouv\u00e9 mieux que le n\u00f4tre, que nous vous proposons ici. Cet activateur de slime de 500ml suffira pour faire 3 ou 4 slimes. La quantit\u00e9 \u00e0 appliquer d\u00e9pend beaucoup de la quantit\u00e9 de colle que vous utilisez, si vous la voulez plus ou moins dure, etc... Une partie du plaisir du slime est d'appliquer l'activateur pour go\u00fbter et voir comment chaque slime est diff\u00e9rent.<\/p>\n<h2>COMMENT APPLIQUER L'ACTIVATEUR DE SLIME<\/h2>\n<p>L'activateur de slime n'est qu'une \u00e9tape dans la fabrication du slime. Une fois que vous avez la colle et le colorant, appliquez-les petit \u00e0 petit et le slime prendra forme. Plus vous appliquerez d'activateur, plus vous casserez les liens de la colle, ce qui en fera une masse moins collante. Dans cette vid\u00e9o, vous pouvez voir le slime \u00e9tape par \u00e9tape.<\/p>\n<div class=\"ast-oembed-container\" style=\"height: 100%;\"><iframe loading=\"lazy\" title=\"#Exp9 - Comment faire du Slime avec du Borax et de la colle - Alquera.com\" width=\"500\" height=\"281\" src=\"https:\/\/www.youtube.com\/embed\/fj2Z1t6si90?feature=oembed\" frameborder=\"0\" allow=\"accelerometer; autoplay; clipboard-write; encrypted-media; gyroscope; picture-in-picture; web-share\" referrerpolicy=\"strict-origin-when-cross-origin\" allowfullscreen><\/iframe><\/div>\n<h2>TOXICIT\u00c9 DE L'ACTIVATEUR<\/h2>\n<p>L'activateur de slime contient du Borax, bien qu'il soit dissous dans l'eau, il n'est pas d\u00e9clar\u00e9 comme dangereux. Il doit \u00eatre utilis\u00e9 par des adultes, jamais par des enfants, ce n'est pas un jouet et l'exposition directe \u00e0 ce produit doit \u00eatre \u00e9vit\u00e9e.<\/p>\n<p>&nbsp;<\/p>\n<p>&nbsp;<\/p>\n<p>&nbsp;<\/p>","protected":false},"excerpt":{"rendered":"<p>Comprar activador para slime, en formato de 500ml. Uno de los pasos m\u00e1s importantes en la realizaci\u00f3n del slime es la parte donde se quita la pegajosidad al pegamento, utilizando un activador para slime. El pedido se realiza directamente por la Web siguiendo los pasos que se indican, haci\u00e9ndose la entrega en 24\/48 horas.<\/p>","protected":false},"featured_media":49792,"comment_status":"open","ping_status":"closed","template":"","meta":{"_acf_changed":false,"site-sidebar-layout":"default","site-content-layout":"default","ast-site-content-layout":"default","site-content-style":"default","site-sidebar-style":"default","ast-global-header-display":"","ast-banner-title-visibility":"","ast-main-header-display":"","ast-hfb-above-header-display":"","ast-hfb-below-header-display":"","ast-hfb-mobile-header-display":"","site-post-title":"","ast-breadcrumbs-content":"","ast-featured-img":"","footer-sml-layout":"","ast-disable-related-posts":"","theme-transparent-header-meta":"default","adv-header-id-meta":"","stick-header-meta":"default","header-above-stick-meta":"","header-main-stick-meta":"","header-below-stick-meta":"","astra-migrate-meta-layouts":"set","ast-page-background-enabled":"default","ast-page-background-meta":{"desktop":{"background-color":"var(--ast-global-color-4)","background-image":"","background-repeat":"repeat","background-position":"center center","background-size":"auto","background-attachment":"scroll","background-type":"","background-media":"","overlay-type":"","overlay-color":"","overlay-opacity":"","overlay-gradient":""},"tablet":{"background-color":"","background-image":"","background-repeat":"repeat","background-position":"center center","background-size":"auto","background-attachment":"scroll","background-type":"","background-media":"","overlay-type":"","overlay-color":"","overlay-opacity":"","overlay-gradient":""},"mobile":{"background-color":"","background-image":"","background-repeat":"repeat","background-position":"center center","background-size":"auto","background-attachment":"scroll","background-type":"","background-media":"","overlay-type":"","overlay-color":"","overlay-opacity":"","overlay-gradient":""}},"ast-content-background-meta":{"desktop":{"background-color":"var(--ast-global-color-5)","background-image":"","background-repeat":"repeat","background-position":"center center","background-size":"auto","background-attachment":"scroll","background-type":"","background-media":"","overlay-type":"","overlay-color":"","overlay-opacity":"","overlay-gradient":""},"tablet":{"background-color":"var(--ast-global-color-5)","background-image":"","background-repeat":"repeat","background-position":"center center","background-size":"auto","background-attachment":"scroll","background-type":"","background-media":"","overlay-type":"","overlay-color":"","overlay-opacity":"","overlay-gradient":""},"mobile":{"background-color":"var(--ast-global-color-5)","background-image":"","background-repeat":"repeat","background-position":"center center","background-size":"auto","background-attachment":"scroll","background-type":"","background-media":"","overlay-type":"","overlay-color":"","overlay-opacity":"","overlay-gradient":""}}},"product_brand":[],"product_cat":[329],"product_tag":[],"class_list":{"0":"post-49790","1":"product","2":"type-product","3":"status-publish","4":"has-post-thumbnail","6":"product_cat-experimentos-ciencias","7":"pa_cantidad-500ml","8":"desktop-align-left","9":"tablet-align-left","10":"mobile-align-left","11":"ast-product-gallery-layout-horizontal-slider","12":"ast-product-gallery-with-no-image","13":"ast-magnify-disabled","14":"ast-product-single-variable","15":"ast-product-tabs-layout-horizontal","16":"ast-qv-on-image","18":"first","19":"instock","20":"taxable","21":"shipping-taxable","22":"purchasable","23":"product-type-variable","24":"has-default-attributes"},"acf":[],"yoast_head":"<!-- This site is optimized with the Yoast SEO Premium plugin v27.1 (Yoast SEO v27.1.1) - https:\/\/yoast.com\/product\/yoast-seo-premium-wordpress\/ -->\n<title>Activador para Slime: Comprar Online - Alquera.com<\/title>\n<meta name=\"description\" content=\"ENV\u00cdOS EN 24\/48H. Uno de los pasos m\u00e1s importantes en la realizaci\u00f3n del slime es contar con un buen activador de slime. En formato de 500ml.\" \/>\n<meta name=\"robots\" content=\"index, follow, max-snippet:-1, max-image-preview:large, max-video-preview:-1\" \/>\n<link rel=\"canonical\" href=\"https:\/\/www.alquera.com\/fr\/activador-para-slime\/\" \/>\n<meta property=\"og:locale\" content=\"fr_FR\" \/>\n<meta property=\"og:type\" content=\"article\" \/>\n<meta property=\"og:title\" content=\"Activador para Slime: Comprar Online - Alquera.com\" \/>\n<meta property=\"og:description\" content=\"ENV\u00cdOS EN 24\/48H. Uno de los pasos m\u00e1s importantes en la realizaci\u00f3n del slime es contar con un buen activador de slime. En formato de 500ml.\" \/>\n<meta property=\"og:url\" content=\"https:\/\/www.alquera.com\/fr\/activador-para-slime\/\" \/>\n<meta property=\"og:site_name\" content=\"Alquera.com\" \/>\n<meta property=\"article:publisher\" content=\"https:\/\/www.facebook.com\/alqueraciencia\" \/>\n<meta property=\"article:modified_time\" content=\"2025-04-09T08:20:18+00:00\" \/>\n<meta property=\"og:image\" content=\"https:\/\/www.alquera.com\/wp-content\/uploads\/2024\/11\/ACTIVADOR-PARA-SLIME.jpg\" \/>\n\t<meta property=\"og:image:width\" content=\"1208\" \/>\n\t<meta property=\"og:image:height\" content=\"1328\" \/>\n\t<meta property=\"og:image:type\" content=\"image\/jpeg\" \/>\n<meta name=\"twitter:card\" content=\"summary_large_image\" \/>\n<meta name=\"twitter:label1\" content=\"Disponibilit\u00e9\" \/>\n\t<meta name=\"twitter:data1\" content=\"En stock\" \/>\n<script type=\"application\/ld+json\" class=\"yoast-schema-graph\">{\"@context\":\"https:\/\/schema.org\",\"@graph\":[{\"@type\":[\"WebPage\",\"ItemPage\"],\"@id\":\"https:\/\/www.alquera.com\/activador-para-slime\/\",\"url\":\"https:\/\/www.alquera.com\/activador-para-slime\/\",\"name\":\"Activador para Slime: Comprar Online - Alquera.com\",\"isPartOf\":{\"@id\":\"https:\/\/www.alquera.com\/en\/#website\"},\"primaryImageOfPage\":{\"@id\":\"https:\/\/www.alquera.com\/activador-para-slime\/#primaryimage\"},\"image\":{\"@id\":\"https:\/\/www.alquera.com\/activador-para-slime\/#primaryimage\"},\"thumbnailUrl\":\"https:\/\/www.alquera.com\/wp-content\/uploads\/2024\/11\/ACTIVADOR-PARA-SLIME.jpg\",\"datePublished\":\"2024-11-05T09:06:46+00:00\",\"dateModified\":\"2025-04-09T08:20:18+00:00\",\"description\":\"ENV\u00cdOS EN 24\/48H. Uno de los pasos m\u00e1s importantes en la realizaci\u00f3n del slime es contar con un buen activador de slime. En formato de 500ml.\",\"breadcrumb\":{\"@id\":\"https:\/\/www.alquera.com\/activador-para-slime\/#breadcrumb\"},\"inLanguage\":\"fr-FR\",\"potentialAction\":[{\"@type\":\"ReadAction\",\"target\":[\"https:\/\/www.alquera.com\/activador-para-slime\/\"]}]},{\"@type\":\"ImageObject\",\"inLanguage\":\"fr-FR\",\"@id\":\"https:\/\/www.alquera.com\/activador-para-slime\/#primaryimage\",\"url\":\"https:\/\/www.alquera.com\/wp-content\/uploads\/2024\/11\/ACTIVADOR-PARA-SLIME.jpg\",\"contentUrl\":\"https:\/\/www.alquera.com\/wp-content\/uploads\/2024\/11\/ACTIVADOR-PARA-SLIME.jpg\",\"width\":1208,\"height\":1328,\"caption\":\"ACTIVADOR PARA SLIME\"},{\"@type\":\"BreadcrumbList\",\"@id\":\"https:\/\/www.alquera.com\/activador-para-slime\/#breadcrumb\",\"itemListElement\":[{\"@type\":\"ListItem\",\"position\":1,\"name\":\"Inicio\",\"item\":\"https:\/\/www.alquera.com\/\"},{\"@type\":\"ListItem\",\"position\":2,\"name\":\"Alquera.com: Tienda Online de Productos Qu\u00edmicos y Material de Laboratorio\",\"item\":\"https:\/\/www.alquera.com\/en\/tienda\/\"},{\"@type\":\"ListItem\",\"position\":3,\"name\":\"Activador para Slime\"}]},{\"@type\":\"WebSite\",\"@id\":\"https:\/\/www.alquera.com\/en\/#website\",\"url\":\"https:\/\/www.alquera.com\/en\/\",\"name\":\"Alquera.com\",\"description\":\"Tienda Online Productos Qu\u00edmicos y Material de Laboratorio\",\"publisher\":{\"@id\":\"https:\/\/www.alquera.com\/en\/#organization\"},\"potentialAction\":[{\"@type\":\"SearchAction\",\"target\":{\"@type\":\"EntryPoint\",\"urlTemplate\":\"https:\/\/www.alquera.com\/en\/?s={search_term_string}\"},\"query-input\":{\"@type\":\"PropertyValueSpecification\",\"valueRequired\":true,\"valueName\":\"search_term_string\"}}],\"inLanguage\":\"fr-FR\"},{\"@type\":\"Organization\",\"@id\":\"https:\/\/www.alquera.com\/en\/#organization\",\"name\":\"ALQUERA CIENCIA SL\",\"url\":\"https:\/\/www.alquera.com\/en\/\",\"logo\":{\"@type\":\"ImageObject\",\"inLanguage\":\"fr-FR\",\"@id\":\"https:\/\/www.alquera.com\/en\/#\/schema\/logo\/image\/\",\"url\":\"https:\/\/www.alquera.com\/wp-content\/uploads\/2020\/11\/logo_300_ancho.png\",\"contentUrl\":\"https:\/\/www.alquera.com\/wp-content\/uploads\/2020\/11\/logo_300_ancho.png\",\"width\":300,\"height\":86,\"caption\":\"ALQUERA CIENCIA SL\"},\"image\":{\"@id\":\"https:\/\/www.alquera.com\/en\/#\/schema\/logo\/image\/\"},\"sameAs\":[\"https:\/\/www.facebook.com\/alqueraciencia\",\"https:\/\/www.instagram.com\/alquera_ciencia\/\",\"https:\/\/www.youtube.com\/c\/alquera\"]}]}<\/script>\n<meta property=\"og:availability\" content=\"instock\" \/>\n<meta property=\"product:availability\" content=\"instock\" \/>\n<meta property=\"product:condition\" content=\"new\" \/>\n<!-- \/ Yoast SEO Premium plugin. -->","yoast_head_json":{"title":"Slime Activator : Acheter en ligne - Alquera.com","description":"EXP\u00c9DITION EN 24\/48H. L'une des \u00e9tapes les plus importantes dans la fabrication du slime est d'avoir un bon activateur de slime. En format 500ml.","robots":{"index":"index","follow":"follow","max-snippet":"max-snippet:-1","max-image-preview":"max-image-preview:large","max-video-preview":"max-video-preview:-1"},"canonical":"https:\/\/www.alquera.com\/fr\/activador-para-slime\/","og_locale":"fr_FR","og_type":"article","og_title":"Activador para Slime: Comprar Online - Alquera.com","og_description":"ENV\u00cdOS EN 24\/48H. Uno de los pasos m\u00e1s importantes en la realizaci\u00f3n del slime es contar con un buen activador de slime. En formato de 500ml.","og_url":"https:\/\/www.alquera.com\/fr\/activador-para-slime\/","og_site_name":"Alquera.com","article_publisher":"https:\/\/www.facebook.com\/alqueraciencia","article_modified_time":"2025-04-09T08:20:18+00:00","og_image":[{"width":1208,"height":1328,"url":"https:\/\/www.alquera.com\/wp-content\/uploads\/2024\/11\/ACTIVADOR-PARA-SLIME.jpg","type":"image\/jpeg"}],"twitter_card":"summary_large_image","twitter_misc":{"Disponibilit\u00e9":"En stock"},"schema":{"@context":"https:\/\/schema.org","@graph":[{"@type":["WebPage","ItemPage"],"@id":"https:\/\/www.alquera.com\/activador-para-slime\/","url":"https:\/\/www.alquera.com\/activador-para-slime\/","name":"Slime Activator : Acheter en ligne - Alquera.com","isPartOf":{"@id":"https:\/\/www.alquera.com\/en\/#website"},"primaryImageOfPage":{"@id":"https:\/\/www.alquera.com\/activador-para-slime\/#primaryimage"},"image":{"@id":"https:\/\/www.alquera.com\/activador-para-slime\/#primaryimage"},"thumbnailUrl":"https:\/\/www.alquera.com\/wp-content\/uploads\/2024\/11\/ACTIVADOR-PARA-SLIME.jpg","datePublished":"2024-11-05T09:06:46+00:00","dateModified":"2025-04-09T08:20:18+00:00","description":"EXP\u00c9DITION EN 24\/48H. L'une des \u00e9tapes les plus importantes dans la fabrication du slime est d'avoir un bon activateur de slime. En format 500ml.","breadcrumb":{"@id":"https:\/\/www.alquera.com\/activador-para-slime\/#breadcrumb"},"inLanguage":"fr-FR","potentialAction":[{"@type":"ReadAction","target":["https:\/\/www.alquera.com\/activador-para-slime\/"]}]},{"@type":"ImageObject","inLanguage":"fr-FR","@id":"https:\/\/www.alquera.com\/activador-para-slime\/#primaryimage","url":"https:\/\/www.alquera.com\/wp-content\/uploads\/2024\/11\/ACTIVADOR-PARA-SLIME.jpg","contentUrl":"https:\/\/www.alquera.com\/wp-content\/uploads\/2024\/11\/ACTIVADOR-PARA-SLIME.jpg","width":1208,"height":1328,"caption":"ACTIVADOR PARA SLIME"},{"@type":"BreadcrumbList","@id":"https:\/\/www.alquera.com\/activador-para-slime\/#breadcrumb","itemListElement":[{"@type":"ListItem","position":1,"name":"Inicio","item":"https:\/\/www.alquera.com\/"},{"@type":"ListItem","position":2,"name":"Alquera.com: Tienda Online de Productos Qu\u00edmicos y Material de Laboratorio","item":"https:\/\/www.alquera.com\/en\/tienda\/"},{"@type":"ListItem","position":3,"name":"Activador para Slime"}]},{"@type":"WebSite","@id":"https:\/\/www.alquera.com\/en\/#website","url":"https:\/\/www.alquera.com\/en\/","name":"Alquera.com","description":"Boutique en ligne Produits chimiques et \u00e9quipements de laboratoire","publisher":{"@id":"https:\/\/www.alquera.com\/en\/#organization"},"potentialAction":[{"@type":"SearchAction","target":{"@type":"EntryPoint","urlTemplate":"https:\/\/www.alquera.com\/en\/?s={search_term_string}"},"query-input":{"@type":"PropertyValueSpecification","valueRequired":true,"valueName":"search_term_string"}}],"inLanguage":"fr-FR"},{"@type":"Organization","@id":"https:\/\/www.alquera.com\/en\/#organization","name":"ALQUERA CIENCIA SL","url":"https:\/\/www.alquera.com\/en\/","logo":{"@type":"ImageObject","inLanguage":"fr-FR","@id":"https:\/\/www.alquera.com\/en\/#\/schema\/logo\/image\/","url":"https:\/\/www.alquera.com\/wp-content\/uploads\/2020\/11\/logo_300_ancho.png","contentUrl":"https:\/\/www.alquera.com\/wp-content\/uploads\/2020\/11\/logo_300_ancho.png","width":300,"height":86,"caption":"ALQUERA CIENCIA SL"},"image":{"@id":"https:\/\/www.alquera.com\/en\/#\/schema\/logo\/image\/"},"sameAs":["https:\/\/www.facebook.com\/alqueraciencia","https:\/\/www.instagram.com\/alquera_ciencia\/","https:\/\/www.youtube.com\/c\/alquera"]}]},"og_availability":"instock","product_availability":"instock","product_condition":"new"},"_links":{"self":[{"href":"https:\/\/www.alquera.com\/fr\/wp-json\/wp\/v2\/product\/49790","targetHints":{"allow":["GET"]}}],"collection":[{"href":"https:\/\/www.alquera.com\/fr\/wp-json\/wp\/v2\/product"}],"about":[{"href":"https:\/\/www.alquera.com\/fr\/wp-json\/wp\/v2\/types\/product"}],"replies":[{"embeddable":true,"href":"https:\/\/www.alquera.com\/fr\/wp-json\/wp\/v2\/comments?post=49790"}],"wp:featuredmedia":[{"embeddable":true,"href":"https:\/\/www.alquera.com\/fr\/wp-json\/wp\/v2\/media\/49792"}],"wp:attachment":[{"href":"https:\/\/www.alquera.com\/fr\/wp-json\/wp\/v2\/media?parent=49790"}],"wp:term":[{"taxonomy":"product_brand","embeddable":true,"href":"https:\/\/www.alquera.com\/fr\/wp-json\/wp\/v2\/product_brand?post=49790"},{"taxonomy":"product_cat","embeddable":true,"href":"https:\/\/www.alquera.com\/fr\/wp-json\/wp\/v2\/product_cat?post=49790"},{"taxonomy":"product_tag","embeddable":true,"href":"https:\/\/www.alquera.com\/fr\/wp-json\/wp\/v2\/product_tag?post=49790"}],"curies":[{"name":"wp","href":"https:\/\/api.w.org\/{rel}","templated":true}]}}