{"id":507,"date":"2021-04-30T12:54:00","date_gmt":"2021-04-30T12:54:00","guid":{"rendered":"http:\/\/localhost\/alquera\/productos\/?post_type=product&#038;p=507"},"modified":"2026-04-24T18:22:57","modified_gmt":"2026-04-24T18:22:57","slug":"poliacrilamida-cationica","status":"publish","type":"product","link":"https:\/\/www.alquera.com\/fr\/poliacrilamida-cationica\/","title":{"rendered":"Polyacrylamide (Cationique)"},"content":{"rendered":"<p><strong>Polyacrylamide Cationique en Poudre<\/strong><\/p>\n<p>Aspect\u00a0: Solide granulaire blanche<br \/>\nCaract\u00e8re ionique Cationique.<br \/>\nIonicit\u00e9 Faible<br \/>\nDensit\u00e9 ~ 0,80 g\/cm3<br \/>\nSolides &gt;88%<br \/>\nViscosit\u00e9 \u00e0 0,3% 150-250 cp.<br \/>\nPoids mol\u00e9culaire tr\u00e8s \u00e9lev\u00e9.<\/p>\n<p><strong>B\u00c9N\u00c9FICES<\/strong><\/p>\n<p>Utile dans un large \u00e9ventail d\u2019applications. Fournit d\u2019excellents r\u00e9sultats dans les processus de d\u00e9shydratation des boues, en particulier dans les centrifugeuses. Efficace dans une large plage de pH. Il peut fonctionner seul ou en combinaison avec d\u2019autres produits courants dans les traitements de l\u2019eau, tels que\u00a0: sulfate d\u2019alumine, polychlorure d\u2019aluminium, chlorure ferrique, polyamine, chaux, etc. Dans cette combinaison, si un floculant anionique est utilis\u00e9, On obtient une floculation plus compl\u00e8te et r\u00e9sistante (double traitement).<\/p>\n<p>Convient aux applications \u00e0 forte consommation de floculant. Particuli\u00e8rement utile dans les traitements d\u2019effluents o\u00f9 la s\u00e9paration doit se faire par d\u00e9cantation. Produit sans solvants et tensioactifs, \u00e0 tr\u00e8s faible teneur en compos\u00e9s organiques volatils.<\/p>\n<p><strong>PR\u00c9PARATION ET DOSAGE<\/strong><\/p>\n<p>Il est recommand\u00e9 de pr\u00e9parer des solutions \u00e0 une concentration comprise entre 0,1% et 0,5%. Pour sa dissolution correcte, nous conseillons d\u2019utiliser un doseur \u00e0 effet venturi pour disperser efficacement le produit sur l\u2019eau. Apr\u00e8s quelques minutes d\u2019agitation forte, un temps de 45 \u00e0 60 minutes d\u2019agitation lente est n\u00e9cessaire pour compl\u00e9ter la dissolution. La stabilit\u00e9 de la dissolution du produit d\u00e9pend de plusieurs facteurs (qualit\u00e9 de l\u2019eau utilis\u00e9e, pH, temp\u00e9rature, concentration, etc.). Il est recommand\u00e9 de pr\u00e9parer la dissolution et de la consommer dans les heures suivantes. Une perte de viscosit\u00e9 de la dissolution indique que celle-ci se d\u00e9grade. Dans cette situation, la dissolution est encore utile, mais il faudra maintenant surdoser pour obtenir l\u2019effet d\u00e9sir\u00e9. Le point de dosage optimal d\u00e9pend de chaque application et doit \u00eatre d\u00e9termin\u00e9 sur place.<\/p>\n<p>&nbsp;<\/p>","protected":false},"excerpt":{"rendered":"<p>Polyacrylamide Cationique Hyfloc XT343.  Solide granulaire blanc. Disponible en diff\u00e9rentes quantit\u00e9s. Voir plus d\u2019informations dans la description du produit ou la fiche technique<\/p>","protected":false},"featured_media":52312,"comment_status":"open","ping_status":"closed","template":"","meta":{"_acf_changed":false,"site-sidebar-layout":"default","site-content-layout":"default","ast-site-content-layout":"default","site-content-style":"default","site-sidebar-style":"default","ast-global-header-display":"","ast-banner-title-visibility":"","ast-main-header-display":"","ast-hfb-above-header-display":"","ast-hfb-below-header-display":"","ast-hfb-mobile-header-display":"","site-post-title":"","ast-breadcrumbs-content":"","ast-featured-img":"","footer-sml-layout":"","ast-disable-related-posts":"","theme-transparent-header-meta":"default","adv-header-id-meta":"","stick-header-meta":"default","header-above-stick-meta":"","header-main-stick-meta":"","header-below-stick-meta":"","astra-migrate-meta-layouts":"set","ast-page-background-enabled":"default","ast-page-background-meta":{"desktop":{"background-color":"var(--ast-global-color-4)","background-image":"","background-repeat":"repeat","background-position":"center center","background-size":"auto","background-attachment":"scroll","background-type":"","background-media":"","overlay-type":"","overlay-color":"","overlay-opacity":"","overlay-gradient":""},"tablet":{"background-color":"","background-image":"","background-repeat":"repeat","background-position":"center center","background-size":"auto","background-attachment":"scroll","background-type":"","background-media":"","overlay-type":"","overlay-color":"","overlay-opacity":"","overlay-gradient":""},"mobile":{"background-color":"","background-image":"","background-repeat":"repeat","background-position":"center center","background-size":"auto","background-attachment":"scroll","background-type":"","background-media":"","overlay-type":"","overlay-color":"","overlay-opacity":"","overlay-gradient":""}},"ast-content-background-meta":{"desktop":{"background-color":"var(--ast-global-color-5)","background-image":"","background-repeat":"repeat","background-position":"center center","background-size":"auto","background-attachment":"scroll","background-type":"","background-media":"","overlay-type":"","overlay-color":"","overlay-opacity":"","overlay-gradient":""},"tablet":{"background-color":"var(--ast-global-color-5)","background-image":"","background-repeat":"repeat","background-position":"center center","background-size":"auto","background-attachment":"scroll","background-type":"","background-media":"","overlay-type":"","overlay-color":"","overlay-opacity":"","overlay-gradient":""},"mobile":{"background-color":"var(--ast-global-color-5)","background-image":"","background-repeat":"repeat","background-position":"center center","background-size":"auto","background-attachment":"scroll","background-type":"","background-media":"","overlay-type":"","overlay-color":"","overlay-opacity":"","overlay-gradient":""}}},"product_brand":[],"product_cat":[214,21],"product_tag":[],"class_list":{"0":"post-507","1":"product","2":"type-product","3":"status-publish","4":"has-post-thumbnail","6":"product_cat-polimeros-super-absorbentes","7":"product_cat-productos","8":"pa_cantidad-3kg","9":"pa_cantidad-1kg","10":"pa_cantidad-25kg","11":"desktop-align-left","12":"tablet-align-left","13":"mobile-align-left","14":"ast-product-gallery-layout-horizontal-slider","15":"ast-product-gallery-with-no-image","16":"ast-magnify-disabled","17":"ast-product-single-variable","18":"ast-product-tabs-layout-horizontal","19":"ast-qv-on-image","21":"first","22":"instock","23":"taxable","24":"shipping-taxable","25":"purchasable","26":"product-type-variable","27":"has-default-attributes"},"acf":[],"yoast_head":"<!-- This site is optimized with the Yoast SEO Premium plugin v27.1 (Yoast SEO v27.1.1) - https:\/\/yoast.com\/product\/yoast-seo-premium-wordpress\/ -->\n<title>Poliacrilamida (Cati\u00f3nica): Comprar Online - Alquera.com<\/title>\n<meta name=\"description\" content=\"ENV\u00cdOS EN 24\/48H. Comprar Poliacrilamida Cati\u00f3nica. Excelente en procesos de deshidrataci\u00f3n de fangos, especialmente en centr\u00edfugas\" \/>\n<meta name=\"robots\" content=\"index, follow, max-snippet:-1, max-image-preview:large, max-video-preview:-1\" \/>\n<link rel=\"canonical\" href=\"https:\/\/www.alquera.com\/fr\/poliacrilamida-cationica\/\" \/>\n<meta property=\"og:locale\" content=\"fr_FR\" \/>\n<meta property=\"og:type\" content=\"article\" \/>\n<meta property=\"og:title\" content=\"Poliacrilamida (Cati\u00f3nica): Comprar Online - Alquera.com\" \/>\n<meta property=\"og:description\" content=\"ENV\u00cdOS EN 24\/48H. Comprar Poliacrilamida Cati\u00f3nica. Excelente en procesos de deshidrataci\u00f3n de fangos, especialmente en centr\u00edfugas\" \/>\n<meta property=\"og:url\" content=\"https:\/\/www.alquera.com\/fr\/poliacrilamida-cationica\/\" \/>\n<meta property=\"og:site_name\" content=\"Alquera.com\" \/>\n<meta property=\"article:publisher\" content=\"https:\/\/www.facebook.com\/alqueraciencia\" \/>\n<meta property=\"article:modified_time\" content=\"2026-04-24T18:22:57+00:00\" \/>\n<meta property=\"og:image\" content=\"https:\/\/www.alquera.com\/wp-content\/uploads\/2021\/04\/poliacrilamida-cationica-949x1024.png\" \/>\n\t<meta property=\"og:image:width\" content=\"949\" \/>\n\t<meta property=\"og:image:height\" content=\"1024\" \/>\n\t<meta property=\"og:image:type\" content=\"image\/png\" \/>\n<meta name=\"twitter:card\" content=\"summary_large_image\" \/>\n<meta name=\"twitter:label1\" content=\"Disponibilit\u00e9\" \/>\n\t<meta name=\"twitter:data1\" content=\"En stock\" \/>\n<script type=\"application\/ld+json\" class=\"yoast-schema-graph\">{\"@context\":\"https:\/\/schema.org\",\"@graph\":[{\"@type\":[\"WebPage\",\"ItemPage\"],\"@id\":\"https:\/\/www.alquera.com\/poliacrilamida-cationica\/\",\"url\":\"https:\/\/www.alquera.com\/poliacrilamida-cationica\/\",\"name\":\"Poliacrilamida (Cati\u00f3nica): Comprar Online - Alquera.com\",\"isPartOf\":{\"@id\":\"https:\/\/www.alquera.com\/en\/#website\"},\"primaryImageOfPage\":{\"@id\":\"https:\/\/www.alquera.com\/poliacrilamida-cationica\/#primaryimage\"},\"image\":{\"@id\":\"https:\/\/www.alquera.com\/poliacrilamida-cationica\/#primaryimage\"},\"thumbnailUrl\":\"https:\/\/www.alquera.com\/wp-content\/uploads\/2021\/04\/poliacrilamida-cationica.png\",\"datePublished\":\"2021-04-30T12:54:00+00:00\",\"dateModified\":\"2026-04-24T18:22:57+00:00\",\"description\":\"ENV\u00cdOS EN 24\/48H. Comprar Poliacrilamida Cati\u00f3nica. Excelente en procesos de deshidrataci\u00f3n de fangos, especialmente en centr\u00edfugas\",\"breadcrumb\":{\"@id\":\"https:\/\/www.alquera.com\/poliacrilamida-cationica\/#breadcrumb\"},\"inLanguage\":\"fr-FR\",\"potentialAction\":[{\"@type\":\"ReadAction\",\"target\":[\"https:\/\/www.alquera.com\/poliacrilamida-cationica\/\"]}]},{\"@type\":\"ImageObject\",\"inLanguage\":\"fr-FR\",\"@id\":\"https:\/\/www.alquera.com\/poliacrilamida-cationica\/#primaryimage\",\"url\":\"https:\/\/www.alquera.com\/wp-content\/uploads\/2021\/04\/poliacrilamida-cationica.png\",\"contentUrl\":\"https:\/\/www.alquera.com\/wp-content\/uploads\/2021\/04\/poliacrilamida-cationica.png\",\"width\":2403,\"height\":2594},{\"@type\":\"BreadcrumbList\",\"@id\":\"https:\/\/www.alquera.com\/poliacrilamida-cationica\/#breadcrumb\",\"itemListElement\":[{\"@type\":\"ListItem\",\"position\":1,\"name\":\"Inicio\",\"item\":\"https:\/\/www.alquera.com\/\"},{\"@type\":\"ListItem\",\"position\":2,\"name\":\"Alquera.com: Tienda Online de Productos Qu\u00edmicos y Material de Laboratorio\",\"item\":\"https:\/\/www.alquera.com\/en\/tienda\/\"},{\"@type\":\"ListItem\",\"position\":3,\"name\":\"Poliacrilamida (Cati\u00f3nica)\"}]},{\"@type\":\"WebSite\",\"@id\":\"https:\/\/www.alquera.com\/en\/#website\",\"url\":\"https:\/\/www.alquera.com\/en\/\",\"name\":\"Alquera.com\",\"description\":\"Tienda Online Productos Qu\u00edmicos y Material de Laboratorio\",\"publisher\":{\"@id\":\"https:\/\/www.alquera.com\/en\/#organization\"},\"potentialAction\":[{\"@type\":\"SearchAction\",\"target\":{\"@type\":\"EntryPoint\",\"urlTemplate\":\"https:\/\/www.alquera.com\/en\/?s={search_term_string}\"},\"query-input\":{\"@type\":\"PropertyValueSpecification\",\"valueRequired\":true,\"valueName\":\"search_term_string\"}}],\"inLanguage\":\"fr-FR\"},{\"@type\":\"Organization\",\"@id\":\"https:\/\/www.alquera.com\/en\/#organization\",\"name\":\"ALQUERA CIENCIA SL\",\"url\":\"https:\/\/www.alquera.com\/en\/\",\"logo\":{\"@type\":\"ImageObject\",\"inLanguage\":\"fr-FR\",\"@id\":\"https:\/\/www.alquera.com\/en\/#\/schema\/logo\/image\/\",\"url\":\"https:\/\/www.alquera.com\/wp-content\/uploads\/2020\/11\/logo_300_ancho.png\",\"contentUrl\":\"https:\/\/www.alquera.com\/wp-content\/uploads\/2020\/11\/logo_300_ancho.png\",\"width\":300,\"height\":86,\"caption\":\"ALQUERA CIENCIA SL\"},\"image\":{\"@id\":\"https:\/\/www.alquera.com\/en\/#\/schema\/logo\/image\/\"},\"sameAs\":[\"https:\/\/www.facebook.com\/alqueraciencia\",\"https:\/\/www.instagram.com\/alquera_ciencia\/\",\"https:\/\/www.youtube.com\/c\/alquera\"]}]}<\/script>\n<meta property=\"og:availability\" content=\"instock\" \/>\n<meta property=\"product:availability\" content=\"instock\" \/>\n<meta property=\"product:condition\" content=\"new\" \/>\n<!-- \/ Yoast SEO Premium plugin. -->","yoast_head_json":{"title":"Polyacrylamide (Cationique) : Acheter Online - Alquera.com","description":"EXP\u00c9DITION 24\/48H. Acheter Polyacrylamide Cationique. Excellent dans les processus de d\u00e9shydratation des boues, en particulier dans les centrifugeuses","robots":{"index":"index","follow":"follow","max-snippet":"max-snippet:-1","max-image-preview":"max-image-preview:large","max-video-preview":"max-video-preview:-1"},"canonical":"https:\/\/www.alquera.com\/fr\/poliacrilamida-cationica\/","og_locale":"fr_FR","og_type":"article","og_title":"Poliacrilamida (Cati\u00f3nica): Comprar Online - Alquera.com","og_description":"ENV\u00cdOS EN 24\/48H. Comprar Poliacrilamida Cati\u00f3nica. Excelente en procesos de deshidrataci\u00f3n de fangos, especialmente en centr\u00edfugas","og_url":"https:\/\/www.alquera.com\/fr\/poliacrilamida-cationica\/","og_site_name":"Alquera.com","article_publisher":"https:\/\/www.facebook.com\/alqueraciencia","article_modified_time":"2026-04-24T18:22:57+00:00","og_image":[{"width":949,"height":1024,"url":"https:\/\/www.alquera.com\/wp-content\/uploads\/2021\/04\/poliacrilamida-cationica-949x1024.png","type":"image\/png"}],"twitter_card":"summary_large_image","twitter_misc":{"Disponibilit\u00e9":"En stock"},"schema":{"@context":"https:\/\/schema.org","@graph":[{"@type":["WebPage","ItemPage"],"@id":"https:\/\/www.alquera.com\/poliacrilamida-cationica\/","url":"https:\/\/www.alquera.com\/poliacrilamida-cationica\/","name":"Polyacrylamide (Cationique) : Acheter Online - Alquera.com","isPartOf":{"@id":"https:\/\/www.alquera.com\/en\/#website"},"primaryImageOfPage":{"@id":"https:\/\/www.alquera.com\/poliacrilamida-cationica\/#primaryimage"},"image":{"@id":"https:\/\/www.alquera.com\/poliacrilamida-cationica\/#primaryimage"},"thumbnailUrl":"https:\/\/www.alquera.com\/wp-content\/uploads\/2021\/04\/poliacrilamida-cationica.png","datePublished":"2021-04-30T12:54:00+00:00","dateModified":"2026-04-24T18:22:57+00:00","description":"EXP\u00c9DITION 24\/48H. Acheter Polyacrylamide Cationique. Excellent dans les processus de d\u00e9shydratation des boues, en particulier dans les centrifugeuses","breadcrumb":{"@id":"https:\/\/www.alquera.com\/poliacrilamida-cationica\/#breadcrumb"},"inLanguage":"fr-FR","potentialAction":[{"@type":"ReadAction","target":["https:\/\/www.alquera.com\/poliacrilamida-cationica\/"]}]},{"@type":"ImageObject","inLanguage":"fr-FR","@id":"https:\/\/www.alquera.com\/poliacrilamida-cationica\/#primaryimage","url":"https:\/\/www.alquera.com\/wp-content\/uploads\/2021\/04\/poliacrilamida-cationica.png","contentUrl":"https:\/\/www.alquera.com\/wp-content\/uploads\/2021\/04\/poliacrilamida-cationica.png","width":2403,"height":2594},{"@type":"BreadcrumbList","@id":"https:\/\/www.alquera.com\/poliacrilamida-cationica\/#breadcrumb","itemListElement":[{"@type":"ListItem","position":1,"name":"Inicio","item":"https:\/\/www.alquera.com\/"},{"@type":"ListItem","position":2,"name":"Alquera.com: Tienda Online de Productos Qu\u00edmicos y Material de Laboratorio","item":"https:\/\/www.alquera.com\/en\/tienda\/"},{"@type":"ListItem","position":3,"name":"Poliacrilamida (Cati\u00f3nica)"}]},{"@type":"WebSite","@id":"https:\/\/www.alquera.com\/en\/#website","url":"https:\/\/www.alquera.com\/en\/","name":"Alquera.com","description":"Boutique en ligne Produits chimiques et \u00e9quipements de laboratoire","publisher":{"@id":"https:\/\/www.alquera.com\/en\/#organization"},"potentialAction":[{"@type":"SearchAction","target":{"@type":"EntryPoint","urlTemplate":"https:\/\/www.alquera.com\/en\/?s={search_term_string}"},"query-input":{"@type":"PropertyValueSpecification","valueRequired":true,"valueName":"search_term_string"}}],"inLanguage":"fr-FR"},{"@type":"Organization","@id":"https:\/\/www.alquera.com\/en\/#organization","name":"ALQUERA CIENCIA SL","url":"https:\/\/www.alquera.com\/en\/","logo":{"@type":"ImageObject","inLanguage":"fr-FR","@id":"https:\/\/www.alquera.com\/en\/#\/schema\/logo\/image\/","url":"https:\/\/www.alquera.com\/wp-content\/uploads\/2020\/11\/logo_300_ancho.png","contentUrl":"https:\/\/www.alquera.com\/wp-content\/uploads\/2020\/11\/logo_300_ancho.png","width":300,"height":86,"caption":"ALQUERA CIENCIA SL"},"image":{"@id":"https:\/\/www.alquera.com\/en\/#\/schema\/logo\/image\/"},"sameAs":["https:\/\/www.facebook.com\/alqueraciencia","https:\/\/www.instagram.com\/alquera_ciencia\/","https:\/\/www.youtube.com\/c\/alquera"]}]},"og_availability":"instock","product_availability":"instock","product_condition":"new"},"_links":{"self":[{"href":"https:\/\/www.alquera.com\/fr\/wp-json\/wp\/v2\/product\/507","targetHints":{"allow":["GET"]}}],"collection":[{"href":"https:\/\/www.alquera.com\/fr\/wp-json\/wp\/v2\/product"}],"about":[{"href":"https:\/\/www.alquera.com\/fr\/wp-json\/wp\/v2\/types\/product"}],"replies":[{"embeddable":true,"href":"https:\/\/www.alquera.com\/fr\/wp-json\/wp\/v2\/comments?post=507"}],"wp:featuredmedia":[{"embeddable":true,"href":"https:\/\/www.alquera.com\/fr\/wp-json\/wp\/v2\/media\/52312"}],"wp:attachment":[{"href":"https:\/\/www.alquera.com\/fr\/wp-json\/wp\/v2\/media?parent=507"}],"wp:term":[{"taxonomy":"product_brand","embeddable":true,"href":"https:\/\/www.alquera.com\/fr\/wp-json\/wp\/v2\/product_brand?post=507"},{"taxonomy":"product_cat","embeddable":true,"href":"https:\/\/www.alquera.com\/fr\/wp-json\/wp\/v2\/product_cat?post=507"},{"taxonomy":"product_tag","embeddable":true,"href":"https:\/\/www.alquera.com\/fr\/wp-json\/wp\/v2\/product_tag?post=507"}],"curies":[{"name":"wp","href":"https:\/\/api.w.org\/{rel}","templated":true}]}}