{"id":523,"date":"2016-02-22T16:48:43","date_gmt":"2016-02-22T16:48:43","guid":{"rendered":"http:\/\/localhost\/alquera\/productos\/producto\/poliacrilato-de-potasio-1kg\/"},"modified":"2026-02-23T16:11:35","modified_gmt":"2026-02-23T16:11:35","slug":"poliacrilato-de-potasio","status":"publish","type":"product","link":"https:\/\/www.alquera.com\/fr\/poliacrilato-de-potasio\/","title":{"rendered":"Polyacrylate de Potassium"},"content":{"rendered":"<h2><strong>Polyacrylate de Potassium<\/strong><\/h2>\n<p>Acheter Polyacrylate de potassium, hydrogel. L\u2019hydrogel est appliqu\u00e9 pour la r\u00e9tention d\u2019eau et de nutriments dans les sols, am\u00e9liorant la gestion de l\u2019eau et la croissance des plantes, agissant comme une r\u00e9serve d\u2019eau et la lib\u00e9rant selon les besoins des plantes.<\/p>\n<p><strong>R\u00e9duit la fr\u00e9quence d\u2019arrosage jusqu\u2019\u00e0 50%\u00a0<\/strong>et\u00a0<strong>r\u00e9duit les besoins en engrais<\/strong>. \u00c9cologiquement s\u00fbr et biod\u00e9gradable.<\/p>\n<p>Apr\u00e8s 50 cycles mouill\u00e9-s\u00e9ch\u00e9, la capacit\u00e9 d'absorption de cette r\u00e9tention d'eau est sup\u00e9rieure \u00e0 celle du 80%.<\/p>\n<p><span style=\"text-decoration: underline;\"><strong>informations techniques<\/strong><\/span><\/p>\n<p>Num\u00e9ro CAS : 25608-12-2<\/p>\n<p>T\u00e9l\u00e9chargez la fiche technique et la fiche de s\u00e9curit\u00e9 dans la section documentation.<\/p>\n<h2>TAILLE DU GRAIN<\/h2>\n<p>Grain fin : taille s\u00e8che comprise entre 0,8 et 1,2 mm.<br \/>\nGrain moyen : taille s\u00e8che entre 1,2 et 1,8mm. Hydrat\u00e9s, ils ont une taille irr\u00e9guli\u00e8re en cristaux de 10-20mm.<\/p>\n<p>Vous pouvez choisir entre une granulom\u00e9trie s\u00e8che de 0,8-1,2 mm ou de 1,2-2 mm. Les caract\u00e9ristiques techniques des deux sont les m\u00eames, la plus petite granulom\u00e9trie est destin\u00e9e aux petites plantes ou aux semis.<\/p>\n<h2>CAPACIT\u00c9 DE R\u00c9TENTION HYDROGEL - POLYACRYLATE DE POTASSIUM<\/h2>\n<p>Dans cette vid\u00e9o, vous pouvez voir la capacit\u00e9 de r\u00e9tention d\u2019eau de l\u2019hydrogel Alquera<\/p>\n<div class=\"container-youtube\"><iframe loading=\"lazy\" class=\"video\" src=\"https:\/\/www.youtube.com\/embed\/mxRaAunpiN4\" width=\"300\" height=\"150\" frameborder=\"0\"><\/iframe><\/div>","protected":false},"excerpt":{"rendered":"<p><strong>Acheter Polyacrylate de potassium<\/strong> dans Alquera. Le polyacrylate de potassium \u00e9galement connu sous le nom acrylate de potassium, pluie solide, hydrogel, est un polym\u00e8re superabsorbant (SAP - Super Absorbent Polymer) et retentif d\u2019eau qui, lorsqu\u2019il est incorpor\u00e9 au sol ou au substrat, absorbe et retient l\u2019eau et les nutriments en grande quantit\u00e9. Le polyacrylate de potassium a la propri\u00e9t\u00e9 de lib\u00e9rer facilement l\u2019eau et les nutriments absorb\u00e9s, permettant \u00e0 ceux-ci d\u2019\u00eatre disponibles pour les plantes en fonction de leurs cycles d\u2019absorption-lib\u00e9ration. Vous pouvez acheter du polyacrylate de potassium dans diff\u00e9rents formats allant de 200 grammes \u00e0 20kg.<\/p>","protected":false},"featured_media":521,"comment_status":"open","ping_status":"closed","template":"","meta":{"_acf_changed":false,"site-sidebar-layout":"default","site-content-layout":"default","ast-site-content-layout":"default","site-content-style":"default","site-sidebar-style":"default","ast-global-header-display":"","ast-banner-title-visibility":"","ast-main-header-display":"","ast-hfb-above-header-display":"","ast-hfb-below-header-display":"","ast-hfb-mobile-header-display":"","site-post-title":"","ast-breadcrumbs-content":"","ast-featured-img":"","footer-sml-layout":"","ast-disable-related-posts":"","theme-transparent-header-meta":"default","adv-header-id-meta":"","stick-header-meta":"default","header-above-stick-meta":"","header-main-stick-meta":"","header-below-stick-meta":"","astra-migrate-meta-layouts":"default","ast-page-background-enabled":"default","ast-page-background-meta":{"desktop":{"background-color":"var(--ast-global-color-4)","background-image":"","background-repeat":"repeat","background-position":"center center","background-size":"auto","background-attachment":"scroll","background-type":"","background-media":"","overlay-type":"","overlay-color":"","overlay-opacity":"","overlay-gradient":""},"tablet":{"background-color":"","background-image":"","background-repeat":"repeat","background-position":"center center","background-size":"auto","background-attachment":"scroll","background-type":"","background-media":"","overlay-type":"","overlay-color":"","overlay-opacity":"","overlay-gradient":""},"mobile":{"background-color":"","background-image":"","background-repeat":"repeat","background-position":"center center","background-size":"auto","background-attachment":"scroll","background-type":"","background-media":"","overlay-type":"","overlay-color":"","overlay-opacity":"","overlay-gradient":""}},"ast-content-background-meta":{"desktop":{"background-color":"var(--ast-global-color-5)","background-image":"","background-repeat":"repeat","background-position":"center center","background-size":"auto","background-attachment":"scroll","background-type":"","background-media":"","overlay-type":"","overlay-color":"","overlay-opacity":"","overlay-gradient":""},"tablet":{"background-color":"var(--ast-global-color-5)","background-image":"","background-repeat":"repeat","background-position":"center center","background-size":"auto","background-attachment":"scroll","background-type":"","background-media":"","overlay-type":"","overlay-color":"","overlay-opacity":"","overlay-gradient":""},"mobile":{"background-color":"var(--ast-global-color-5)","background-image":"","background-repeat":"repeat","background-position":"center center","background-size":"auto","background-attachment":"scroll","background-type":"","background-media":"","overlay-type":"","overlay-color":"","overlay-opacity":"","overlay-gradient":""}}},"product_brand":[],"product_cat":[214],"product_tag":[],"class_list":{"0":"post-523","1":"product","2":"type-product","3":"status-publish","4":"has-post-thumbnail","6":"product_cat-polimeros-super-absorbentes","7":"pa_cantidad-200g","8":"pa_cantidad-1kg","9":"pa_cantidad-5kg","10":"pa_cantidad-20kg","11":"desktop-align-left","12":"tablet-align-left","13":"mobile-align-left","14":"ast-product-gallery-layout-horizontal-slider","15":"ast-magnify-disabled","16":"ast-product-single-variable","17":"ast-product-tabs-layout-horizontal","18":"ast-qv-on-image","20":"first","21":"instock","22":"taxable","23":"shipping-taxable","24":"purchasable","25":"product-type-variable","26":"has-default-attributes"},"acf":[],"yoast_head":"<!-- This site is optimized with the Yoast SEO Premium plugin v27.1 (Yoast SEO v27.1.1) - https:\/\/yoast.com\/product\/yoast-seo-premium-wordpress\/ -->\n<title>Poliacrilato de Potasio: Comprar Online - Alquera.com<\/title>\n<meta name=\"description\" content=\"ENV\u00cdOS 24\/48H. Pol\u00edmero super absorbente para plantas con capacidad de absorber y retener el agua y liberarla.\" \/>\n<meta name=\"robots\" content=\"index, follow, max-snippet:-1, max-image-preview:large, max-video-preview:-1\" \/>\n<link rel=\"canonical\" href=\"https:\/\/www.alquera.com\/fr\/poliacrilato-de-potasio\/\" \/>\n<meta property=\"og:locale\" content=\"fr_FR\" \/>\n<meta property=\"og:type\" content=\"article\" \/>\n<meta property=\"og:title\" content=\"Poliacrilato de Potasio: Comprar Online - Alquera.com\" \/>\n<meta property=\"og:description\" content=\"ENV\u00cdOS 24\/48H. Pol\u00edmero super absorbente para plantas con capacidad de absorber y retener el agua y liberarla.\" \/>\n<meta property=\"og:url\" content=\"https:\/\/www.alquera.com\/fr\/poliacrilato-de-potasio\/\" \/>\n<meta property=\"og:site_name\" content=\"Alquera.com\" \/>\n<meta property=\"article:publisher\" content=\"https:\/\/www.facebook.com\/alqueraciencia\" \/>\n<meta property=\"article:modified_time\" content=\"2026-02-23T16:11:35+00:00\" \/>\n<meta property=\"og:image\" content=\"https:\/\/www.alquera.com\/wp-content\/uploads\/2016\/02\/968-thickbox_default-Poliacrilato-de-Potasio-1Kg.jpg\" \/>\n\t<meta property=\"og:image:width\" content=\"800\" \/>\n\t<meta property=\"og:image:height\" content=\"800\" \/>\n\t<meta property=\"og:image:type\" content=\"image\/jpeg\" \/>\n<meta name=\"twitter:card\" content=\"summary_large_image\" \/>\n<meta name=\"twitter:label1\" content=\"Disponibilit\u00e9\" \/>\n\t<meta name=\"twitter:data1\" content=\"En stock\" \/>\n<script type=\"application\/ld+json\" class=\"yoast-schema-graph\">{\"@context\":\"https:\/\/schema.org\",\"@graph\":[{\"@type\":[\"WebPage\",\"ItemPage\"],\"@id\":\"https:\/\/www.alquera.com\/poliacrilato-de-potasio\/\",\"url\":\"https:\/\/www.alquera.com\/poliacrilato-de-potasio\/\",\"name\":\"Poliacrilato de Potasio: Comprar Online - Alquera.com\",\"isPartOf\":{\"@id\":\"https:\/\/www.alquera.com\/en\/#website\"},\"primaryImageOfPage\":{\"@id\":\"https:\/\/www.alquera.com\/poliacrilato-de-potasio\/#primaryimage\"},\"image\":{\"@id\":\"https:\/\/www.alquera.com\/poliacrilato-de-potasio\/#primaryimage\"},\"thumbnailUrl\":\"https:\/\/www.alquera.com\/wp-content\/uploads\/2016\/02\/968-thickbox_default-Poliacrilato-de-Potasio-1Kg.jpg\",\"datePublished\":\"2016-02-22T16:48:43+00:00\",\"dateModified\":\"2026-02-23T16:11:35+00:00\",\"description\":\"ENV\u00cdOS 24\/48H. Pol\u00edmero super absorbente para plantas con capacidad de absorber y retener el agua y liberarla.\",\"breadcrumb\":{\"@id\":\"https:\/\/www.alquera.com\/poliacrilato-de-potasio\/#breadcrumb\"},\"inLanguage\":\"fr-FR\",\"potentialAction\":[{\"@type\":\"ReadAction\",\"target\":[\"https:\/\/www.alquera.com\/poliacrilato-de-potasio\/\"]}]},{\"@type\":\"ImageObject\",\"inLanguage\":\"fr-FR\",\"@id\":\"https:\/\/www.alquera.com\/poliacrilato-de-potasio\/#primaryimage\",\"url\":\"https:\/\/www.alquera.com\/wp-content\/uploads\/2016\/02\/968-thickbox_default-Poliacrilato-de-Potasio-1Kg.jpg\",\"contentUrl\":\"https:\/\/www.alquera.com\/wp-content\/uploads\/2016\/02\/968-thickbox_default-Poliacrilato-de-Potasio-1Kg.jpg\",\"width\":800,\"height\":800,\"caption\":\"Poliacrilato de Potasio 1Kg\"},{\"@type\":\"BreadcrumbList\",\"@id\":\"https:\/\/www.alquera.com\/poliacrilato-de-potasio\/#breadcrumb\",\"itemListElement\":[{\"@type\":\"ListItem\",\"position\":1,\"name\":\"Inicio\",\"item\":\"https:\/\/www.alquera.com\/\"},{\"@type\":\"ListItem\",\"position\":2,\"name\":\"Alquera.com: Tienda Online de Productos Qu\u00edmicos y Material de Laboratorio\",\"item\":\"https:\/\/www.alquera.com\/en\/tienda\/\"},{\"@type\":\"ListItem\",\"position\":3,\"name\":\"Poliacrilato de Potasio\"}]},{\"@type\":\"WebSite\",\"@id\":\"https:\/\/www.alquera.com\/en\/#website\",\"url\":\"https:\/\/www.alquera.com\/en\/\",\"name\":\"Alquera.com\",\"description\":\"Tienda Online Productos Qu\u00edmicos y Material de Laboratorio\",\"publisher\":{\"@id\":\"https:\/\/www.alquera.com\/en\/#organization\"},\"potentialAction\":[{\"@type\":\"SearchAction\",\"target\":{\"@type\":\"EntryPoint\",\"urlTemplate\":\"https:\/\/www.alquera.com\/en\/?s={search_term_string}\"},\"query-input\":{\"@type\":\"PropertyValueSpecification\",\"valueRequired\":true,\"valueName\":\"search_term_string\"}}],\"inLanguage\":\"fr-FR\"},{\"@type\":\"Organization\",\"@id\":\"https:\/\/www.alquera.com\/en\/#organization\",\"name\":\"ALQUERA CIENCIA SL\",\"url\":\"https:\/\/www.alquera.com\/en\/\",\"logo\":{\"@type\":\"ImageObject\",\"inLanguage\":\"fr-FR\",\"@id\":\"https:\/\/www.alquera.com\/en\/#\/schema\/logo\/image\/\",\"url\":\"https:\/\/www.alquera.com\/wp-content\/uploads\/2020\/11\/logo_300_ancho.png\",\"contentUrl\":\"https:\/\/www.alquera.com\/wp-content\/uploads\/2020\/11\/logo_300_ancho.png\",\"width\":300,\"height\":86,\"caption\":\"ALQUERA CIENCIA SL\"},\"image\":{\"@id\":\"https:\/\/www.alquera.com\/en\/#\/schema\/logo\/image\/\"},\"sameAs\":[\"https:\/\/www.facebook.com\/alqueraciencia\",\"https:\/\/www.instagram.com\/alquera_ciencia\/\",\"https:\/\/www.youtube.com\/c\/alquera\"]}]}<\/script>\n<meta property=\"og:availability\" content=\"instock\" \/>\n<meta property=\"product:availability\" content=\"instock\" \/>\n<meta property=\"product:condition\" content=\"new\" \/>\n<!-- \/ Yoast SEO Premium plugin. -->","yoast_head_json":{"title":"Polyacrylate de potassium : Acheter en ligne - Alquera.com","description":"ENVOIS 24\/48H. Polym\u00e8re super absorbant pour les plantes capables d\u2019absorber et de retenir l\u2019eau et de la lib\u00e9rer.","robots":{"index":"index","follow":"follow","max-snippet":"max-snippet:-1","max-image-preview":"max-image-preview:large","max-video-preview":"max-video-preview:-1"},"canonical":"https:\/\/www.alquera.com\/fr\/poliacrilato-de-potasio\/","og_locale":"fr_FR","og_type":"article","og_title":"Poliacrilato de Potasio: Comprar Online - Alquera.com","og_description":"ENV\u00cdOS 24\/48H. Pol\u00edmero super absorbente para plantas con capacidad de absorber y retener el agua y liberarla.","og_url":"https:\/\/www.alquera.com\/fr\/poliacrilato-de-potasio\/","og_site_name":"Alquera.com","article_publisher":"https:\/\/www.facebook.com\/alqueraciencia","article_modified_time":"2026-02-23T16:11:35+00:00","og_image":[{"width":800,"height":800,"url":"https:\/\/www.alquera.com\/wp-content\/uploads\/2016\/02\/968-thickbox_default-Poliacrilato-de-Potasio-1Kg.jpg","type":"image\/jpeg"}],"twitter_card":"summary_large_image","twitter_misc":{"Disponibilit\u00e9":"En stock"},"schema":{"@context":"https:\/\/schema.org","@graph":[{"@type":["WebPage","ItemPage"],"@id":"https:\/\/www.alquera.com\/poliacrilato-de-potasio\/","url":"https:\/\/www.alquera.com\/poliacrilato-de-potasio\/","name":"Polyacrylate de potassium : Acheter en ligne - Alquera.com","isPartOf":{"@id":"https:\/\/www.alquera.com\/en\/#website"},"primaryImageOfPage":{"@id":"https:\/\/www.alquera.com\/poliacrilato-de-potasio\/#primaryimage"},"image":{"@id":"https:\/\/www.alquera.com\/poliacrilato-de-potasio\/#primaryimage"},"thumbnailUrl":"https:\/\/www.alquera.com\/wp-content\/uploads\/2016\/02\/968-thickbox_default-Poliacrilato-de-Potasio-1Kg.jpg","datePublished":"2016-02-22T16:48:43+00:00","dateModified":"2026-02-23T16:11:35+00:00","description":"ENVOIS 24\/48H. Polym\u00e8re super absorbant pour les plantes capables d\u2019absorber et de retenir l\u2019eau et de la lib\u00e9rer.","breadcrumb":{"@id":"https:\/\/www.alquera.com\/poliacrilato-de-potasio\/#breadcrumb"},"inLanguage":"fr-FR","potentialAction":[{"@type":"ReadAction","target":["https:\/\/www.alquera.com\/poliacrilato-de-potasio\/"]}]},{"@type":"ImageObject","inLanguage":"fr-FR","@id":"https:\/\/www.alquera.com\/poliacrilato-de-potasio\/#primaryimage","url":"https:\/\/www.alquera.com\/wp-content\/uploads\/2016\/02\/968-thickbox_default-Poliacrilato-de-Potasio-1Kg.jpg","contentUrl":"https:\/\/www.alquera.com\/wp-content\/uploads\/2016\/02\/968-thickbox_default-Poliacrilato-de-Potasio-1Kg.jpg","width":800,"height":800,"caption":"Poliacrilato de Potasio 1Kg"},{"@type":"BreadcrumbList","@id":"https:\/\/www.alquera.com\/poliacrilato-de-potasio\/#breadcrumb","itemListElement":[{"@type":"ListItem","position":1,"name":"Inicio","item":"https:\/\/www.alquera.com\/"},{"@type":"ListItem","position":2,"name":"Alquera.com: Tienda Online de Productos Qu\u00edmicos y Material de Laboratorio","item":"https:\/\/www.alquera.com\/en\/tienda\/"},{"@type":"ListItem","position":3,"name":"Poliacrilato de Potasio"}]},{"@type":"WebSite","@id":"https:\/\/www.alquera.com\/en\/#website","url":"https:\/\/www.alquera.com\/en\/","name":"Alquera.com","description":"Boutique en ligne Produits chimiques et \u00e9quipements de laboratoire","publisher":{"@id":"https:\/\/www.alquera.com\/en\/#organization"},"potentialAction":[{"@type":"SearchAction","target":{"@type":"EntryPoint","urlTemplate":"https:\/\/www.alquera.com\/en\/?s={search_term_string}"},"query-input":{"@type":"PropertyValueSpecification","valueRequired":true,"valueName":"search_term_string"}}],"inLanguage":"fr-FR"},{"@type":"Organization","@id":"https:\/\/www.alquera.com\/en\/#organization","name":"ALQUERA CIENCIA SL","url":"https:\/\/www.alquera.com\/en\/","logo":{"@type":"ImageObject","inLanguage":"fr-FR","@id":"https:\/\/www.alquera.com\/en\/#\/schema\/logo\/image\/","url":"https:\/\/www.alquera.com\/wp-content\/uploads\/2020\/11\/logo_300_ancho.png","contentUrl":"https:\/\/www.alquera.com\/wp-content\/uploads\/2020\/11\/logo_300_ancho.png","width":300,"height":86,"caption":"ALQUERA CIENCIA SL"},"image":{"@id":"https:\/\/www.alquera.com\/en\/#\/schema\/logo\/image\/"},"sameAs":["https:\/\/www.facebook.com\/alqueraciencia","https:\/\/www.instagram.com\/alquera_ciencia\/","https:\/\/www.youtube.com\/c\/alquera"]}]},"og_availability":"instock","product_availability":"instock","product_condition":"new"},"_links":{"self":[{"href":"https:\/\/www.alquera.com\/fr\/wp-json\/wp\/v2\/product\/523","targetHints":{"allow":["GET"]}}],"collection":[{"href":"https:\/\/www.alquera.com\/fr\/wp-json\/wp\/v2\/product"}],"about":[{"href":"https:\/\/www.alquera.com\/fr\/wp-json\/wp\/v2\/types\/product"}],"replies":[{"embeddable":true,"href":"https:\/\/www.alquera.com\/fr\/wp-json\/wp\/v2\/comments?post=523"}],"wp:featuredmedia":[{"embeddable":true,"href":"https:\/\/www.alquera.com\/fr\/wp-json\/wp\/v2\/media\/521"}],"wp:attachment":[{"href":"https:\/\/www.alquera.com\/fr\/wp-json\/wp\/v2\/media?parent=523"}],"wp:term":[{"taxonomy":"product_brand","embeddable":true,"href":"https:\/\/www.alquera.com\/fr\/wp-json\/wp\/v2\/product_brand?post=523"},{"taxonomy":"product_cat","embeddable":true,"href":"https:\/\/www.alquera.com\/fr\/wp-json\/wp\/v2\/product_cat?post=523"},{"taxonomy":"product_tag","embeddable":true,"href":"https:\/\/www.alquera.com\/fr\/wp-json\/wp\/v2\/product_tag?post=523"}],"curies":[{"name":"wp","href":"https:\/\/api.w.org\/{rel}","templated":true}]}}