{"id":546,"date":"2016-03-10T15:54:06","date_gmt":"2016-03-10T15:54:06","guid":{"rendered":"http:\/\/localhost\/alquera\/productos\/producto\/sulfato-de-aluminio-1kg\/"},"modified":"2026-04-14T15:11:21","modified_gmt":"2026-04-14T15:11:21","slug":"sulfato-de-aluminio","status":"publish","type":"product","link":"https:\/\/www.alquera.com\/fr\/sulfato-de-aluminio\/","title":{"rendered":"Sulfate d'Aluminium"},"content":{"rendered":"<p>Le sulfate d\u2019aluminium est un produit chimique d\u2019apparence en poudre blanche. Il s\u2019agit d\u2019un coagulant inorganique pour le traitement des eaux potables et des eaux us\u00e9es. Cette substance est utilis\u00e9e dans les produits suivants\u00a0: r\u00e9gulateurs de pH et produits pour le traitement et la purification de l\u2019eau, produits chimiques pour le traitement de l\u2019eau, engrais, cosm\u00e9tiques et produits de soins personnels et produits de lavage et de nettoyage.<\/p>\n<h2>IDENTIFICATION ET PROPI\u00c9T\u00c9S<\/h2>\n<p><strong>Nom:<\/strong> Sulfate d'Aluminium<br \/>\n<strong>CAS:<\/strong> 10043-01-3<br \/>\n<strong>CE:<\/strong> 233-135-0<br \/>\n<strong>Composition:<\/strong> 99-100%<\/p>\n<ul>\n<li>Aspect (1013 hPa, 20\u00baC): Solide, Poudre blanche<\/li>\n<li>Odeur: Sans odeur<\/li>\n<li>pH (1% en solution aqueuse; 20\u00baC)\u00a0: 3,2<\/li>\n<li>Point de fusion\u00a0: &gt;300\u00baC (de la substance pure solide)<\/li>\n<li>Point d'\u00e9bullition: environ 100\u00baC<\/li>\n<li>Inflammabilit\u00e9 (solide\/gaz): Non inflammable<\/li>\n<li>Densit\u00e9 relative: 1,79 g\/cm3<\/li>\n<li>Solubilit\u00e9 dans l'eau (20\u00baC): &gt;1000 g\/l<\/li>\n<li>Propi\u00e9t\u00e9s explosives: Non explosif<\/li>\n<li>Propri\u00e9t\u00e9s comburantes\u00a0: Non oxydant.<\/li>\n<\/ul>\n<h2>USAGES<\/h2>\n<p>Le sulfate d\u2019aluminium est utilis\u00e9 dans une vari\u00e9t\u00e9 de produits li\u00e9s \u00e0 la r\u00e9gulation du pH de l\u2019eau. Il est aussi tr\u00e8s utilis\u00e9 comme <a href=\"https:\/\/www.alquera.com\/fr\/sulfato-de-aluminio\/piscinas\/\">floculant dans les piscines<\/a>, pour <a href=\"https:\/\/www.alquera.com\/fr\/sulfato-de-aluminio\/potabilizacion-agua\/\">traitement de l'eau potable<\/a>, dans les engrais, les cosm\u00e9tiques et les produits de soins personnels et les produits de lavage et de nettoyage.<\/p>\n<p>Traitement des eaux:<br \/>\n- POTABLES. Agent coagulant dans la clarification de l\u2019eau.<br \/>\n- R\u00c9SIDUS. Agent coagulant<br \/>\n\u2022 Industries du papier. Apport d\u2019aluminium dans le processus de<br \/>\ncollage du papier.<br \/>\n\u2022 Industrie sucri\u00e8re. Agent clarifiant dans le traitement de la<br \/>\npulpe de betterave avant pressage.<br \/>\n\u2022 Engrais. Additif dans le processus de fabrication d\u2019<br \/>\nengrais azot\u00e9s (par exemple\u00a0: nitrate d\u2019ammonium).<br \/>\n\u2022 Construction. Acc\u00e9l\u00e9rateur de prise pour mortiers et<br \/>\nb\u00e9ton.<br \/>\n\u2022 Mati\u00e8re premi\u00e8re pour l\u2019industrie chimique.<br \/>\n\u2022 Industries du tannage des peaux.<\/p>\n<p>&nbsp;<\/p>\n<p>&nbsp;<\/p>","protected":false},"excerpt":{"rendered":"<p>Acheter Sulfate de aluminium dans sachets de 1Kg jusqu'\u00e0 sacs de 25Kg. Le prix des diff\u00e9rents formats de sulfate de aluminium vous pouvez le voir en s\u00e9lectionnant le format que vous souhaitez. La commande se r\u00e9alise directement par la web et vous devez suivre les \u00e9tapes indiqu\u00e9es. L'envoie se fait par UPS et vous le recevrez dans 4-5 jours.<\/p>","protected":false},"featured_media":8872,"comment_status":"open","ping_status":"closed","template":"","meta":{"_acf_changed":false,"site-sidebar-layout":"default","site-content-layout":"default","ast-site-content-layout":"default","site-content-style":"default","site-sidebar-style":"default","ast-global-header-display":"","ast-banner-title-visibility":"","ast-main-header-display":"","ast-hfb-above-header-display":"","ast-hfb-below-header-display":"","ast-hfb-mobile-header-display":"","site-post-title":"","ast-breadcrumbs-content":"","ast-featured-img":"","footer-sml-layout":"","ast-disable-related-posts":"","theme-transparent-header-meta":"default","adv-header-id-meta":"","stick-header-meta":"default","header-above-stick-meta":"","header-main-stick-meta":"","header-below-stick-meta":"","astra-migrate-meta-layouts":"set","ast-page-background-enabled":"default","ast-page-background-meta":{"desktop":{"background-color":"var(--ast-global-color-4)","background-image":"","background-repeat":"repeat","background-position":"center center","background-size":"auto","background-attachment":"scroll","background-type":"","background-media":"","overlay-type":"","overlay-color":"","overlay-opacity":"","overlay-gradient":""},"tablet":{"background-color":"","background-image":"","background-repeat":"repeat","background-position":"center center","background-size":"auto","background-attachment":"scroll","background-type":"","background-media":"","overlay-type":"","overlay-color":"","overlay-opacity":"","overlay-gradient":""},"mobile":{"background-color":"","background-image":"","background-repeat":"repeat","background-position":"center center","background-size":"auto","background-attachment":"scroll","background-type":"","background-media":"","overlay-type":"","overlay-color":"","overlay-opacity":"","overlay-gradient":""}},"ast-content-background-meta":{"desktop":{"background-color":"var(--ast-global-color-5)","background-image":"","background-repeat":"repeat","background-position":"center center","background-size":"auto","background-attachment":"scroll","background-type":"","background-media":"","overlay-type":"","overlay-color":"","overlay-opacity":"","overlay-gradient":""},"tablet":{"background-color":"var(--ast-global-color-5)","background-image":"","background-repeat":"repeat","background-position":"center center","background-size":"auto","background-attachment":"scroll","background-type":"","background-media":"","overlay-type":"","overlay-color":"","overlay-opacity":"","overlay-gradient":""},"mobile":{"background-color":"var(--ast-global-color-5)","background-image":"","background-repeat":"repeat","background-position":"center center","background-size":"auto","background-attachment":"scroll","background-type":"","background-media":"","overlay-type":"","overlay-color":"","overlay-opacity":"","overlay-gradient":""}}},"product_brand":[],"product_cat":[21],"product_tag":[],"class_list":{"0":"post-546","1":"product","2":"type-product","3":"status-publish","4":"has-post-thumbnail","6":"product_cat-productos","7":"pa_cantidad-1kg","8":"pa_cantidad-5kg","9":"pa_cantidad-25kg","10":"desktop-align-left","11":"tablet-align-left","12":"mobile-align-left","13":"ast-product-gallery-layout-horizontal-slider","14":"ast-magnify-disabled","15":"ast-product-single-variable","16":"ast-product-tabs-layout-horizontal","17":"ast-qv-on-image","19":"first","20":"instock","21":"taxable","22":"shipping-taxable","23":"purchasable","24":"product-type-variable","25":"has-default-attributes"},"acf":[],"yoast_head":"<!-- This site is optimized with the Yoast SEO Premium plugin v27.1 (Yoast SEO v27.1.1) - https:\/\/yoast.com\/product\/yoast-seo-premium-wordpress\/ -->\n<title>Sulfato de Aluminio: Comprar Online - Alquera.com<\/title>\n<meta name=\"description\" content=\"ENV\u00cdOS EN 24\/48H. Comprar Sulfato de Aluminio en Alquera. Utilizado como floculante para tratamiento de aguas residuales y de agua potable.\" \/>\n<meta name=\"robots\" content=\"index, follow, max-snippet:-1, max-image-preview:large, max-video-preview:-1\" \/>\n<link rel=\"canonical\" href=\"https:\/\/www.alquera.com\/fr\/sulfato-de-aluminio\/\" \/>\n<meta property=\"og:locale\" content=\"fr_FR\" \/>\n<meta property=\"og:type\" content=\"article\" \/>\n<meta property=\"og:title\" content=\"Sulfato de Aluminio: Comprar Online - Alquera.com\" \/>\n<meta property=\"og:description\" content=\"ENV\u00cdOS EN 24\/48H. Comprar Sulfato de Aluminio en Alquera. Utilizado como floculante para tratamiento de aguas residuales y de agua potable.\" \/>\n<meta property=\"og:url\" content=\"https:\/\/www.alquera.com\/fr\/sulfato-de-aluminio\/\" \/>\n<meta property=\"og:site_name\" content=\"Alquera.com\" \/>\n<meta property=\"article:publisher\" content=\"https:\/\/www.facebook.com\/alqueraciencia\" \/>\n<meta property=\"article:modified_time\" content=\"2026-04-14T15:11:21+00:00\" \/>\n<meta property=\"og:image\" content=\"https:\/\/www.alquera.com\/wp-content\/uploads\/2016\/03\/SULFATO-DE-ALUMINIO_AMAZON.jpg\" \/>\n\t<meta property=\"og:image:width\" content=\"800\" \/>\n\t<meta property=\"og:image:height\" content=\"785\" \/>\n\t<meta property=\"og:image:type\" content=\"image\/jpeg\" \/>\n<meta name=\"twitter:card\" content=\"summary_large_image\" \/>\n<meta name=\"twitter:label1\" content=\"Disponibilit\u00e9\" \/>\n\t<meta name=\"twitter:data1\" content=\"En stock\" \/>\n<script type=\"application\/ld+json\" class=\"yoast-schema-graph\">{\"@context\":\"https:\/\/schema.org\",\"@graph\":[{\"@type\":[\"WebPage\",\"ItemPage\"],\"@id\":\"https:\/\/www.alquera.com\/sulfato-de-aluminio\/\",\"url\":\"https:\/\/www.alquera.com\/sulfato-de-aluminio\/\",\"name\":\"Sulfato de Aluminio: Comprar Online - Alquera.com\",\"isPartOf\":{\"@id\":\"https:\/\/www.alquera.com\/en\/#website\"},\"primaryImageOfPage\":{\"@id\":\"https:\/\/www.alquera.com\/sulfato-de-aluminio\/#primaryimage\"},\"image\":{\"@id\":\"https:\/\/www.alquera.com\/sulfato-de-aluminio\/#primaryimage\"},\"thumbnailUrl\":\"https:\/\/www.alquera.com\/wp-content\/uploads\/2016\/03\/SULFATO-DE-ALUMINIO_AMAZON.jpg\",\"datePublished\":\"2016-03-10T15:54:06+00:00\",\"dateModified\":\"2026-04-14T15:11:21+00:00\",\"description\":\"ENV\u00cdOS EN 24\/48H. Comprar Sulfato de Aluminio en Alquera. Utilizado como floculante para tratamiento de aguas residuales y de agua potable.\",\"breadcrumb\":{\"@id\":\"https:\/\/www.alquera.com\/sulfato-de-aluminio\/#breadcrumb\"},\"inLanguage\":\"fr-FR\",\"potentialAction\":[{\"@type\":\"ReadAction\",\"target\":[\"https:\/\/www.alquera.com\/sulfato-de-aluminio\/\"]}]},{\"@type\":\"ImageObject\",\"inLanguage\":\"fr-FR\",\"@id\":\"https:\/\/www.alquera.com\/sulfato-de-aluminio\/#primaryimage\",\"url\":\"https:\/\/www.alquera.com\/wp-content\/uploads\/2016\/03\/SULFATO-DE-ALUMINIO_AMAZON.jpg\",\"contentUrl\":\"https:\/\/www.alquera.com\/wp-content\/uploads\/2016\/03\/SULFATO-DE-ALUMINIO_AMAZON.jpg\",\"width\":800,\"height\":785,\"caption\":\"Sulfato de Aluminio\"},{\"@type\":\"BreadcrumbList\",\"@id\":\"https:\/\/www.alquera.com\/sulfato-de-aluminio\/#breadcrumb\",\"itemListElement\":[{\"@type\":\"ListItem\",\"position\":1,\"name\":\"Inicio\",\"item\":\"https:\/\/www.alquera.com\/\"},{\"@type\":\"ListItem\",\"position\":2,\"name\":\"Alquera.com: Tienda Online de Productos Qu\u00edmicos y Material de Laboratorio\",\"item\":\"https:\/\/www.alquera.com\/en\/tienda\/\"},{\"@type\":\"ListItem\",\"position\":3,\"name\":\"Sulfato de Aluminio\"}]},{\"@type\":\"WebSite\",\"@id\":\"https:\/\/www.alquera.com\/en\/#website\",\"url\":\"https:\/\/www.alquera.com\/en\/\",\"name\":\"Alquera.com\",\"description\":\"Tienda Online Productos Qu\u00edmicos y Material de Laboratorio\",\"publisher\":{\"@id\":\"https:\/\/www.alquera.com\/en\/#organization\"},\"potentialAction\":[{\"@type\":\"SearchAction\",\"target\":{\"@type\":\"EntryPoint\",\"urlTemplate\":\"https:\/\/www.alquera.com\/en\/?s={search_term_string}\"},\"query-input\":{\"@type\":\"PropertyValueSpecification\",\"valueRequired\":true,\"valueName\":\"search_term_string\"}}],\"inLanguage\":\"fr-FR\"},{\"@type\":\"Organization\",\"@id\":\"https:\/\/www.alquera.com\/en\/#organization\",\"name\":\"ALQUERA CIENCIA SL\",\"url\":\"https:\/\/www.alquera.com\/en\/\",\"logo\":{\"@type\":\"ImageObject\",\"inLanguage\":\"fr-FR\",\"@id\":\"https:\/\/www.alquera.com\/en\/#\/schema\/logo\/image\/\",\"url\":\"https:\/\/www.alquera.com\/wp-content\/uploads\/2020\/11\/logo_300_ancho.png\",\"contentUrl\":\"https:\/\/www.alquera.com\/wp-content\/uploads\/2020\/11\/logo_300_ancho.png\",\"width\":300,\"height\":86,\"caption\":\"ALQUERA CIENCIA SL\"},\"image\":{\"@id\":\"https:\/\/www.alquera.com\/en\/#\/schema\/logo\/image\/\"},\"sameAs\":[\"https:\/\/www.facebook.com\/alqueraciencia\",\"https:\/\/www.instagram.com\/alquera_ciencia\/\",\"https:\/\/www.youtube.com\/c\/alquera\"]}]}<\/script>\n<meta property=\"og:availability\" content=\"instock\" \/>\n<meta property=\"product:availability\" content=\"instock\" \/>\n<meta property=\"product:condition\" content=\"new\" \/>\n<!-- \/ Yoast SEO Premium plugin. -->","yoast_head_json":{"title":"Sulfate d'aluminium : Acheter en ligne - Alquera.com","description":"EXP\u00c9DITION EN 24\/48H. Acheter du sulfate d\u2019aluminium \u00e0 Alquera. Utilis\u00e9 comme floculant pour le traitement des eaux us\u00e9es et de l\u2019eau potable.","robots":{"index":"index","follow":"follow","max-snippet":"max-snippet:-1","max-image-preview":"max-image-preview:large","max-video-preview":"max-video-preview:-1"},"canonical":"https:\/\/www.alquera.com\/fr\/sulfato-de-aluminio\/","og_locale":"fr_FR","og_type":"article","og_title":"Sulfato de Aluminio: Comprar Online - Alquera.com","og_description":"ENV\u00cdOS EN 24\/48H. Comprar Sulfato de Aluminio en Alquera. Utilizado como floculante para tratamiento de aguas residuales y de agua potable.","og_url":"https:\/\/www.alquera.com\/fr\/sulfato-de-aluminio\/","og_site_name":"Alquera.com","article_publisher":"https:\/\/www.facebook.com\/alqueraciencia","article_modified_time":"2026-04-14T15:11:21+00:00","og_image":[{"width":800,"height":785,"url":"https:\/\/www.alquera.com\/wp-content\/uploads\/2016\/03\/SULFATO-DE-ALUMINIO_AMAZON.jpg","type":"image\/jpeg"}],"twitter_card":"summary_large_image","twitter_misc":{"Disponibilit\u00e9":"En stock"},"schema":{"@context":"https:\/\/schema.org","@graph":[{"@type":["WebPage","ItemPage"],"@id":"https:\/\/www.alquera.com\/sulfato-de-aluminio\/","url":"https:\/\/www.alquera.com\/sulfato-de-aluminio\/","name":"Sulfate d'aluminium : Acheter en ligne - Alquera.com","isPartOf":{"@id":"https:\/\/www.alquera.com\/en\/#website"},"primaryImageOfPage":{"@id":"https:\/\/www.alquera.com\/sulfato-de-aluminio\/#primaryimage"},"image":{"@id":"https:\/\/www.alquera.com\/sulfato-de-aluminio\/#primaryimage"},"thumbnailUrl":"https:\/\/www.alquera.com\/wp-content\/uploads\/2016\/03\/SULFATO-DE-ALUMINIO_AMAZON.jpg","datePublished":"2016-03-10T15:54:06+00:00","dateModified":"2026-04-14T15:11:21+00:00","description":"EXP\u00c9DITION EN 24\/48H. Acheter du sulfate d\u2019aluminium \u00e0 Alquera. Utilis\u00e9 comme floculant pour le traitement des eaux us\u00e9es et de l\u2019eau potable.","breadcrumb":{"@id":"https:\/\/www.alquera.com\/sulfato-de-aluminio\/#breadcrumb"},"inLanguage":"fr-FR","potentialAction":[{"@type":"ReadAction","target":["https:\/\/www.alquera.com\/sulfato-de-aluminio\/"]}]},{"@type":"ImageObject","inLanguage":"fr-FR","@id":"https:\/\/www.alquera.com\/sulfato-de-aluminio\/#primaryimage","url":"https:\/\/www.alquera.com\/wp-content\/uploads\/2016\/03\/SULFATO-DE-ALUMINIO_AMAZON.jpg","contentUrl":"https:\/\/www.alquera.com\/wp-content\/uploads\/2016\/03\/SULFATO-DE-ALUMINIO_AMAZON.jpg","width":800,"height":785,"caption":"Sulfato de Aluminio"},{"@type":"BreadcrumbList","@id":"https:\/\/www.alquera.com\/sulfato-de-aluminio\/#breadcrumb","itemListElement":[{"@type":"ListItem","position":1,"name":"Inicio","item":"https:\/\/www.alquera.com\/"},{"@type":"ListItem","position":2,"name":"Alquera.com: Tienda Online de Productos Qu\u00edmicos y Material de Laboratorio","item":"https:\/\/www.alquera.com\/en\/tienda\/"},{"@type":"ListItem","position":3,"name":"Sulfato de Aluminio"}]},{"@type":"WebSite","@id":"https:\/\/www.alquera.com\/en\/#website","url":"https:\/\/www.alquera.com\/en\/","name":"Alquera.com","description":"Boutique en ligne Produits chimiques et \u00e9quipements de laboratoire","publisher":{"@id":"https:\/\/www.alquera.com\/en\/#organization"},"potentialAction":[{"@type":"SearchAction","target":{"@type":"EntryPoint","urlTemplate":"https:\/\/www.alquera.com\/en\/?s={search_term_string}"},"query-input":{"@type":"PropertyValueSpecification","valueRequired":true,"valueName":"search_term_string"}}],"inLanguage":"fr-FR"},{"@type":"Organization","@id":"https:\/\/www.alquera.com\/en\/#organization","name":"ALQUERA CIENCIA SL","url":"https:\/\/www.alquera.com\/en\/","logo":{"@type":"ImageObject","inLanguage":"fr-FR","@id":"https:\/\/www.alquera.com\/en\/#\/schema\/logo\/image\/","url":"https:\/\/www.alquera.com\/wp-content\/uploads\/2020\/11\/logo_300_ancho.png","contentUrl":"https:\/\/www.alquera.com\/wp-content\/uploads\/2020\/11\/logo_300_ancho.png","width":300,"height":86,"caption":"ALQUERA CIENCIA SL"},"image":{"@id":"https:\/\/www.alquera.com\/en\/#\/schema\/logo\/image\/"},"sameAs":["https:\/\/www.facebook.com\/alqueraciencia","https:\/\/www.instagram.com\/alquera_ciencia\/","https:\/\/www.youtube.com\/c\/alquera"]}]},"og_availability":"instock","product_availability":"instock","product_condition":"new"},"_links":{"self":[{"href":"https:\/\/www.alquera.com\/fr\/wp-json\/wp\/v2\/product\/546","targetHints":{"allow":["GET"]}}],"collection":[{"href":"https:\/\/www.alquera.com\/fr\/wp-json\/wp\/v2\/product"}],"about":[{"href":"https:\/\/www.alquera.com\/fr\/wp-json\/wp\/v2\/types\/product"}],"replies":[{"embeddable":true,"href":"https:\/\/www.alquera.com\/fr\/wp-json\/wp\/v2\/comments?post=546"}],"wp:featuredmedia":[{"embeddable":true,"href":"https:\/\/www.alquera.com\/fr\/wp-json\/wp\/v2\/media\/8872"}],"wp:attachment":[{"href":"https:\/\/www.alquera.com\/fr\/wp-json\/wp\/v2\/media?parent=546"}],"wp:term":[{"taxonomy":"product_brand","embeddable":true,"href":"https:\/\/www.alquera.com\/fr\/wp-json\/wp\/v2\/product_brand?post=546"},{"taxonomy":"product_cat","embeddable":true,"href":"https:\/\/www.alquera.com\/fr\/wp-json\/wp\/v2\/product_cat?post=546"},{"taxonomy":"product_tag","embeddable":true,"href":"https:\/\/www.alquera.com\/fr\/wp-json\/wp\/v2\/product_tag?post=546"}],"curies":[{"name":"wp","href":"https:\/\/api.w.org\/{rel}","templated":true}]}}