{"id":555,"date":"2016-03-16T11:48:43","date_gmt":"2016-03-16T11:48:43","guid":{"rendered":"http:\/\/localhost\/alquera\/productos\/producto\/acido-borico-1kg\/"},"modified":"2026-04-09T12:54:45","modified_gmt":"2026-04-09T12:54:45","slug":"acido-borico","status":"publish","type":"product","link":"https:\/\/www.alquera.com\/fr\/acido-borico\/","title":{"rendered":"Acide Borique"},"content":{"rendered":"<p><span style=\"color: #ff0000;\">Vente aux utilisateurs professionnels uniquement<\/span><\/p>\n<p>L'acide borique, \u00e9galement appel\u00e9 acide orthoborique et acide trioxoborique (III), est un compos\u00e9 chimique utilis\u00e9 comme antiseptique, insecticide, retardateur de flamme et pr\u00e9curseur d'autres compos\u00e9s chimiques. Il est couramment utilis\u00e9 pour la r\u00e9gulation du pH et comme composant des engrais foliaires.<\/p>\n<h2>IDENTIFICATION ET PROPI\u00c9T\u00c9S<\/h2>\n<p><strong>Nom:<\/strong> Acide Borique<br \/>\n<strong>Synonyme:<\/strong> Acide Ortoborique, Acide trioxoborique (III)<br \/>\n<strong>CAS:<\/strong> 10043-35-3<br \/>\n<strong>CE:<\/strong> 233-139-2<\/p>\n<ul>\n<li>Aspect (20\u00baC,1013 hPa) : solide cristallin blanc (poudre granuleuse)<\/li>\n<li>Odeur: Sans odeur<\/li>\n<li>pH (20\u00baC): 6,1 (solution au 0,1%) 5,1 (solution au 1,0%) 3,7 (solution au 4,7%)<\/li>\n<li>Point de fusion: &gt;1000\u00baC<\/li>\n<li>Point de inflammation: Non inflammable<\/li>\n<li>Inflammabilit\u00e9 (solide\/gaz): Non inflammable<\/li>\n<li>Presion de vapeur (20\u00baC): N\u00e9gligeable<\/li>\n<li>Densit\u00e9 relative (20\u00baC): 1,51 g\/cm3<\/li>\n<li>Solubilit\u00e9 dans l'eau (20\u00baC): 4,7%<\/li>\n<li>Solubilit\u00e9 dans l'eau (100\u00baC): 27,5%<\/li>\n<li>Coefficient de partage n-octanol\/eau (Log Pow) (22\u00baC): -1,09<\/li>\n<li>Temp\u00e9rature d'auto-inflammation: Non inflammable<\/li>\n<li>Temp\u00e9rature de d\u00e9composition: 169 +\/- 1\u00baC forme HBO2<\/li>\n<li>Viscosit\u00e9: Non applicable aux solides<\/li>\n<li>Propi\u00e9t\u00e9s explosives: Non explosif<\/li>\n<li>Propi\u00e9t\u00e9s comburantes: Non comburant<\/li>\n<\/ul>\n<h2>USAGES<\/h2>\n<ul>\n<li>Fabrication industrielle de c\u00e9ramique<\/li>\n<li>Cosm\u00e9tiques<\/li>\n<li>D\u00e9tergents<\/li>\n<li>Verres \u00e0 base de borosilicate<\/li>\n<li>Fibre de verre textile<\/li>\n<\/ul>\n<p>&nbsp;<\/p>","protected":false},"excerpt":{"rendered":"<p>Acheter de l'acide borique. La commande est effectu\u00e9e directement sur le Web en suivant les \u00e9tapes indiqu\u00e9es, et est livr\u00e9e en 24\/48 heures.<\/p>","protected":false},"featured_media":37764,"comment_status":"open","ping_status":"closed","template":"","meta":{"_acf_changed":false,"site-sidebar-layout":"default","site-content-layout":"default","ast-site-content-layout":"default","site-content-style":"default","site-sidebar-style":"default","ast-global-header-display":"","ast-banner-title-visibility":"","ast-main-header-display":"","ast-hfb-above-header-display":"","ast-hfb-below-header-display":"","ast-hfb-mobile-header-display":"","site-post-title":"","ast-breadcrumbs-content":"","ast-featured-img":"","footer-sml-layout":"","ast-disable-related-posts":"","theme-transparent-header-meta":"default","adv-header-id-meta":"","stick-header-meta":"default","header-above-stick-meta":"","header-main-stick-meta":"","header-below-stick-meta":"","astra-migrate-meta-layouts":"default","ast-page-background-enabled":"default","ast-page-background-meta":{"desktop":{"background-color":"var(--ast-global-color-4)","background-image":"","background-repeat":"repeat","background-position":"center center","background-size":"auto","background-attachment":"scroll","background-type":"","background-media":"","overlay-type":"","overlay-color":"","overlay-opacity":"","overlay-gradient":""},"tablet":{"background-color":"","background-image":"","background-repeat":"repeat","background-position":"center center","background-size":"auto","background-attachment":"scroll","background-type":"","background-media":"","overlay-type":"","overlay-color":"","overlay-opacity":"","overlay-gradient":""},"mobile":{"background-color":"","background-image":"","background-repeat":"repeat","background-position":"center center","background-size":"auto","background-attachment":"scroll","background-type":"","background-media":"","overlay-type":"","overlay-color":"","overlay-opacity":"","overlay-gradient":""}},"ast-content-background-meta":{"desktop":{"background-color":"var(--ast-global-color-5)","background-image":"","background-repeat":"repeat","background-position":"center center","background-size":"auto","background-attachment":"scroll","background-type":"","background-media":"","overlay-type":"","overlay-color":"","overlay-opacity":"","overlay-gradient":""},"tablet":{"background-color":"var(--ast-global-color-5)","background-image":"","background-repeat":"repeat","background-position":"center center","background-size":"auto","background-attachment":"scroll","background-type":"","background-media":"","overlay-type":"","overlay-color":"","overlay-opacity":"","overlay-gradient":""},"mobile":{"background-color":"var(--ast-global-color-5)","background-image":"","background-repeat":"repeat","background-position":"center center","background-size":"auto","background-attachment":"scroll","background-type":"","background-media":"","overlay-type":"","overlay-color":"","overlay-opacity":"","overlay-gradient":""}}},"product_brand":[],"product_cat":[21],"product_tag":[],"class_list":{"0":"post-555","1":"product","2":"type-product","3":"status-publish","4":"has-post-thumbnail","6":"product_cat-productos","7":"pa_cantidad-250g","8":"pa_cantidad-1kg","9":"pa_cantidad-25kg","10":"desktop-align-left","11":"tablet-align-left","12":"mobile-align-left","13":"ast-product-gallery-layout-horizontal-slider","14":"ast-product-gallery-with-no-image","15":"ast-magnify-disabled","16":"ast-product-single-variable","17":"ast-product-tabs-layout-horizontal","18":"ast-qv-on-image","20":"first","21":"instock","22":"taxable","23":"shipping-taxable","24":"purchasable","25":"product-type-variable","26":"has-default-attributes"},"acf":[],"yoast_head":"<!-- This site is optimized with the Yoast SEO Premium plugin v27.1 (Yoast SEO v27.1.1) - https:\/\/yoast.com\/product\/yoast-seo-premium-wordpress\/ -->\n<title>\u00c1cido B\u00f3rico: Comprar Online - Alquera.com<\/title>\n<meta name=\"description\" content=\"ENV\u00cdOS EN 24\/48H. Comprar \u00e1cido b\u00f3rico en polvo en Alquera. Remedio para pies de atleta, fungicida e insecticida para insectos y cucarachas.\" \/>\n<meta name=\"robots\" content=\"index, follow, max-snippet:-1, max-image-preview:large, max-video-preview:-1\" \/>\n<link rel=\"canonical\" href=\"https:\/\/www.alquera.com\/fr\/acido-borico\/\" \/>\n<meta property=\"og:locale\" content=\"fr_FR\" \/>\n<meta property=\"og:type\" content=\"article\" \/>\n<meta property=\"og:title\" content=\"\u00c1cido B\u00f3rico: Comprar Online - Alquera.com\" \/>\n<meta property=\"og:description\" content=\"ENV\u00cdOS EN 24\/48H. Comprar \u00e1cido b\u00f3rico en polvo en Alquera. Remedio para pies de atleta, fungicida e insecticida para insectos y cucarachas.\" \/>\n<meta property=\"og:url\" content=\"https:\/\/www.alquera.com\/fr\/acido-borico\/\" \/>\n<meta property=\"og:site_name\" content=\"Alquera.com\" \/>\n<meta property=\"article:publisher\" content=\"https:\/\/www.facebook.com\/alqueraciencia\" \/>\n<meta property=\"article:modified_time\" content=\"2026-04-09T12:54:45+00:00\" \/>\n<meta property=\"og:image\" content=\"https:\/\/www.alquera.com\/wp-content\/uploads\/2016\/03\/Acido-Borico.png\" \/>\n\t<meta property=\"og:image:width\" content=\"600\" \/>\n\t<meta property=\"og:image:height\" content=\"574\" \/>\n\t<meta property=\"og:image:type\" content=\"image\/png\" \/>\n<meta name=\"twitter:card\" content=\"summary_large_image\" \/>\n<meta name=\"twitter:label1\" content=\"Disponibilit\u00e9\" \/>\n\t<meta name=\"twitter:data1\" content=\"En stock\" \/>\n<script type=\"application\/ld+json\" class=\"yoast-schema-graph\">{\"@context\":\"https:\/\/schema.org\",\"@graph\":[{\"@type\":[\"WebPage\",\"ItemPage\"],\"@id\":\"https:\/\/www.alquera.com\/acido-borico\/\",\"url\":\"https:\/\/www.alquera.com\/acido-borico\/\",\"name\":\"\u00c1cido B\u00f3rico: Comprar Online - Alquera.com\",\"isPartOf\":{\"@id\":\"https:\/\/www.alquera.com\/en\/#website\"},\"primaryImageOfPage\":{\"@id\":\"https:\/\/www.alquera.com\/acido-borico\/#primaryimage\"},\"image\":{\"@id\":\"https:\/\/www.alquera.com\/acido-borico\/#primaryimage\"},\"thumbnailUrl\":\"https:\/\/www.alquera.com\/wp-content\/uploads\/2016\/03\/Acido-Borico.png\",\"datePublished\":\"2016-03-16T11:48:43+00:00\",\"dateModified\":\"2026-04-09T12:54:45+00:00\",\"description\":\"ENV\u00cdOS EN 24\/48H. Comprar \u00e1cido b\u00f3rico en polvo en Alquera. Remedio para pies de atleta, fungicida e insecticida para insectos y cucarachas.\",\"breadcrumb\":{\"@id\":\"https:\/\/www.alquera.com\/acido-borico\/#breadcrumb\"},\"inLanguage\":\"fr-FR\",\"potentialAction\":[{\"@type\":\"ReadAction\",\"target\":[\"https:\/\/www.alquera.com\/acido-borico\/\"]}]},{\"@type\":\"ImageObject\",\"inLanguage\":\"fr-FR\",\"@id\":\"https:\/\/www.alquera.com\/acido-borico\/#primaryimage\",\"url\":\"https:\/\/www.alquera.com\/wp-content\/uploads\/2016\/03\/Acido-Borico.png\",\"contentUrl\":\"https:\/\/www.alquera.com\/wp-content\/uploads\/2016\/03\/Acido-Borico.png\",\"width\":600,\"height\":574,\"caption\":\"Acido Borico\"},{\"@type\":\"BreadcrumbList\",\"@id\":\"https:\/\/www.alquera.com\/acido-borico\/#breadcrumb\",\"itemListElement\":[{\"@type\":\"ListItem\",\"position\":1,\"name\":\"Inicio\",\"item\":\"https:\/\/www.alquera.com\/\"},{\"@type\":\"ListItem\",\"position\":2,\"name\":\"Alquera.com: Tienda Online de Productos Qu\u00edmicos y Material de Laboratorio\",\"item\":\"https:\/\/www.alquera.com\/en\/tienda\/\"},{\"@type\":\"ListItem\",\"position\":3,\"name\":\"\u00c1cido B\u00f3rico\"}]},{\"@type\":\"WebSite\",\"@id\":\"https:\/\/www.alquera.com\/en\/#website\",\"url\":\"https:\/\/www.alquera.com\/en\/\",\"name\":\"Alquera.com\",\"description\":\"Tienda Online Productos Qu\u00edmicos y Material de Laboratorio\",\"publisher\":{\"@id\":\"https:\/\/www.alquera.com\/en\/#organization\"},\"potentialAction\":[{\"@type\":\"SearchAction\",\"target\":{\"@type\":\"EntryPoint\",\"urlTemplate\":\"https:\/\/www.alquera.com\/en\/?s={search_term_string}\"},\"query-input\":{\"@type\":\"PropertyValueSpecification\",\"valueRequired\":true,\"valueName\":\"search_term_string\"}}],\"inLanguage\":\"fr-FR\"},{\"@type\":\"Organization\",\"@id\":\"https:\/\/www.alquera.com\/en\/#organization\",\"name\":\"ALQUERA CIENCIA SL\",\"url\":\"https:\/\/www.alquera.com\/en\/\",\"logo\":{\"@type\":\"ImageObject\",\"inLanguage\":\"fr-FR\",\"@id\":\"https:\/\/www.alquera.com\/en\/#\/schema\/logo\/image\/\",\"url\":\"https:\/\/www.alquera.com\/wp-content\/uploads\/2020\/11\/logo_300_ancho.png\",\"contentUrl\":\"https:\/\/www.alquera.com\/wp-content\/uploads\/2020\/11\/logo_300_ancho.png\",\"width\":300,\"height\":86,\"caption\":\"ALQUERA CIENCIA SL\"},\"image\":{\"@id\":\"https:\/\/www.alquera.com\/en\/#\/schema\/logo\/image\/\"},\"sameAs\":[\"https:\/\/www.facebook.com\/alqueraciencia\",\"https:\/\/www.instagram.com\/alquera_ciencia\/\",\"https:\/\/www.youtube.com\/c\/alquera\"]}]}<\/script>\n<meta property=\"og:availability\" content=\"instock\" \/>\n<meta property=\"product:availability\" content=\"instock\" \/>\n<meta property=\"product:retailer_item_id\" content=\"ALQ500011\" \/>\n<meta property=\"product:condition\" content=\"new\" \/>\n<!-- \/ Yoast SEO Premium plugin. -->","yoast_head_json":{"title":"Acide borique : Acheter en ligne - Alquera.com","description":"ENVOIS EN 24\/48H. Acheter de l\u2019acide borique en poudre \u00e0 Alquera. Rem\u00e8de pour les pieds d\u2019athl\u00e8te, fongicide et insecticide pour les insectes et les cafards.","robots":{"index":"index","follow":"follow","max-snippet":"max-snippet:-1","max-image-preview":"max-image-preview:large","max-video-preview":"max-video-preview:-1"},"canonical":"https:\/\/www.alquera.com\/fr\/acido-borico\/","og_locale":"fr_FR","og_type":"article","og_title":"\u00c1cido B\u00f3rico: Comprar Online - Alquera.com","og_description":"ENV\u00cdOS EN 24\/48H. Comprar \u00e1cido b\u00f3rico en polvo en Alquera. Remedio para pies de atleta, fungicida e insecticida para insectos y cucarachas.","og_url":"https:\/\/www.alquera.com\/fr\/acido-borico\/","og_site_name":"Alquera.com","article_publisher":"https:\/\/www.facebook.com\/alqueraciencia","article_modified_time":"2026-04-09T12:54:45+00:00","og_image":[{"width":600,"height":574,"url":"https:\/\/www.alquera.com\/wp-content\/uploads\/2016\/03\/Acido-Borico.png","type":"image\/png"}],"twitter_card":"summary_large_image","twitter_misc":{"Disponibilit\u00e9":"En stock"},"schema":{"@context":"https:\/\/schema.org","@graph":[{"@type":["WebPage","ItemPage"],"@id":"https:\/\/www.alquera.com\/acido-borico\/","url":"https:\/\/www.alquera.com\/acido-borico\/","name":"Acide borique : Acheter en ligne - Alquera.com","isPartOf":{"@id":"https:\/\/www.alquera.com\/en\/#website"},"primaryImageOfPage":{"@id":"https:\/\/www.alquera.com\/acido-borico\/#primaryimage"},"image":{"@id":"https:\/\/www.alquera.com\/acido-borico\/#primaryimage"},"thumbnailUrl":"https:\/\/www.alquera.com\/wp-content\/uploads\/2016\/03\/Acido-Borico.png","datePublished":"2016-03-16T11:48:43+00:00","dateModified":"2026-04-09T12:54:45+00:00","description":"ENVOIS EN 24\/48H. Acheter de l\u2019acide borique en poudre \u00e0 Alquera. Rem\u00e8de pour les pieds d\u2019athl\u00e8te, fongicide et insecticide pour les insectes et les cafards.","breadcrumb":{"@id":"https:\/\/www.alquera.com\/acido-borico\/#breadcrumb"},"inLanguage":"fr-FR","potentialAction":[{"@type":"ReadAction","target":["https:\/\/www.alquera.com\/acido-borico\/"]}]},{"@type":"ImageObject","inLanguage":"fr-FR","@id":"https:\/\/www.alquera.com\/acido-borico\/#primaryimage","url":"https:\/\/www.alquera.com\/wp-content\/uploads\/2016\/03\/Acido-Borico.png","contentUrl":"https:\/\/www.alquera.com\/wp-content\/uploads\/2016\/03\/Acido-Borico.png","width":600,"height":574,"caption":"Acido Borico"},{"@type":"BreadcrumbList","@id":"https:\/\/www.alquera.com\/acido-borico\/#breadcrumb","itemListElement":[{"@type":"ListItem","position":1,"name":"Inicio","item":"https:\/\/www.alquera.com\/"},{"@type":"ListItem","position":2,"name":"Alquera.com: Tienda Online de Productos Qu\u00edmicos y Material de Laboratorio","item":"https:\/\/www.alquera.com\/en\/tienda\/"},{"@type":"ListItem","position":3,"name":"\u00c1cido B\u00f3rico"}]},{"@type":"WebSite","@id":"https:\/\/www.alquera.com\/en\/#website","url":"https:\/\/www.alquera.com\/en\/","name":"Alquera.com","description":"Boutique en ligne Produits chimiques et \u00e9quipements de laboratoire","publisher":{"@id":"https:\/\/www.alquera.com\/en\/#organization"},"potentialAction":[{"@type":"SearchAction","target":{"@type":"EntryPoint","urlTemplate":"https:\/\/www.alquera.com\/en\/?s={search_term_string}"},"query-input":{"@type":"PropertyValueSpecification","valueRequired":true,"valueName":"search_term_string"}}],"inLanguage":"fr-FR"},{"@type":"Organization","@id":"https:\/\/www.alquera.com\/en\/#organization","name":"ALQUERA CIENCIA SL","url":"https:\/\/www.alquera.com\/en\/","logo":{"@type":"ImageObject","inLanguage":"fr-FR","@id":"https:\/\/www.alquera.com\/en\/#\/schema\/logo\/image\/","url":"https:\/\/www.alquera.com\/wp-content\/uploads\/2020\/11\/logo_300_ancho.png","contentUrl":"https:\/\/www.alquera.com\/wp-content\/uploads\/2020\/11\/logo_300_ancho.png","width":300,"height":86,"caption":"ALQUERA CIENCIA SL"},"image":{"@id":"https:\/\/www.alquera.com\/en\/#\/schema\/logo\/image\/"},"sameAs":["https:\/\/www.facebook.com\/alqueraciencia","https:\/\/www.instagram.com\/alquera_ciencia\/","https:\/\/www.youtube.com\/c\/alquera"]}]},"og_availability":"instock","product_availability":"instock","product_retailer_item_id":"ALQ500011","product_condition":"new"},"_links":{"self":[{"href":"https:\/\/www.alquera.com\/fr\/wp-json\/wp\/v2\/product\/555","targetHints":{"allow":["GET"]}}],"collection":[{"href":"https:\/\/www.alquera.com\/fr\/wp-json\/wp\/v2\/product"}],"about":[{"href":"https:\/\/www.alquera.com\/fr\/wp-json\/wp\/v2\/types\/product"}],"replies":[{"embeddable":true,"href":"https:\/\/www.alquera.com\/fr\/wp-json\/wp\/v2\/comments?post=555"}],"wp:featuredmedia":[{"embeddable":true,"href":"https:\/\/www.alquera.com\/fr\/wp-json\/wp\/v2\/media\/37764"}],"wp:attachment":[{"href":"https:\/\/www.alquera.com\/fr\/wp-json\/wp\/v2\/media?parent=555"}],"wp:term":[{"taxonomy":"product_brand","embeddable":true,"href":"https:\/\/www.alquera.com\/fr\/wp-json\/wp\/v2\/product_brand?post=555"},{"taxonomy":"product_cat","embeddable":true,"href":"https:\/\/www.alquera.com\/fr\/wp-json\/wp\/v2\/product_cat?post=555"},{"taxonomy":"product_tag","embeddable":true,"href":"https:\/\/www.alquera.com\/fr\/wp-json\/wp\/v2\/product_tag?post=555"}],"curies":[{"name":"wp","href":"https:\/\/api.w.org\/{rel}","templated":true}]}}