{"id":579,"date":"2021-08-09T10:02:01","date_gmt":"2021-08-09T10:02:01","guid":{"rendered":"http:\/\/localhost\/alquera\/productos\/?post_type=product&#038;p=579"},"modified":"2026-05-14T18:05:48","modified_gmt":"2026-05-14T18:05:48","slug":"acido-fosforico","status":"publish","type":"product","link":"https:\/\/www.alquera.com\/fr\/acido-fosforico\/","title":{"rendered":"Acido Fosf\u00f3rico 85% CODEX 1L"},"content":{"rendered":"<p>L'acide phosphorique (parfois appel\u00e9 acide ortophosphorique) est un compos\u00e9 chimique inflammable de formule H3PO4. Cet acide a un aspect liquide clair, l\u00e9g\u00e8rement jaun\u00e2tre. Normalement, l'acide phosphorique est stock\u00e9 et distribu\u00e9 en solution. L'acide phosphorique est tr\u00e8s utile en laboratoire en raison de sa r\u00e9sistance \u00e0 l'oxydation, \u00e0 la reduction et \u00e0 l'\u00e9vaporation.\nEntre autres applications, l'acide phosphorique est utilis\u00e9 comme ingr\u00e9dient dans les boissons non alcoolis\u00e9es telles que soda (additif alimentaire E-338), comme colle pour proth\u00e8ses dentaires, comme catalyseur, dans les m\u00e9taux inoxydables et pour les phosphates utilis\u00e9s comme adoucisseurs d'eau, engrais et d\u00e9tergents. Il est tr\u00e8s utilis\u00e9 aussi dans les laboratoires chimiques dans la pr\u00e9paration de solutions tampon ou r\u00e9gulateurs de pH.<\/p>\n<h2>IDENTIFICATION ET PROPI\u00c9T\u00c9S<\/h2>\n<p><strong>Nom:\u00a0<\/strong>Acide phosphorique, Acide phosphorique blanc, phosphate d'hydrog\u00e8ne, ortho.phosphoramide.<br \/>\n<strong>Synonyme:\u00a0<\/strong>Acide orthophosphorique, acide phosphorique blanc, phosphate d\u2019hydrog\u00e8ne, ortho-phosphoramide<br \/>\n<strong>Formule: <\/strong>H3PO4<br \/>\n<strong>CAS:<\/strong> 7664-38-2<\/p>\n<ul>\n<li>Aspect 20\u00baC: Liquide<\/li>\n<li>Couleur: Incolore<\/li>\n<li>Odeur: Sans odeur<\/li>\n<li>Temo\u00e9rature d'\u00e9bullition \u00e0 la pression atmosph\u00e9rique<\/li>\n<li>Presion de vapeur \u00e0 20\u00baC: 4 Pa<\/li>\n<li>Densit\u00e9 a 20\u00baC: 1574-1791 kg\/m3<\/li>\n<li>Viscosit\u00e9 dynamique \u00e0 20\u00baC: 1,1 -600 cP<\/li>\n<li>Temp\u00e9rature de d\u00e9composition: &gt;200\u00baC<\/li>\n<li>Point de fusion\/ point de cong\u00e9lation: -18 -27\u00baC<\/li>\n<li>Point de inflammation: Non inflammable (&gt;60\u00baC)<\/li>\n<\/ul>\n<h2>USAGES<\/h2>\n<ul>\n<li>Additif alimentaire<\/li>\n<li>Inhibiteur de corrosion<\/li>\n<li>D\u00e9sincrustant d'acide<\/li>\n<li>D\u00e9graissant<\/li>\n<li>Engrais<\/li>\n<li>Modificateur de pH<\/li>\n<li>Traitement des surfaces m\u00e9talliques<\/li>\n<li>Utilisation exclusive utilisateur professionel\/ utilisateur industriel<\/li>\n<\/ul>\n<h2><\/h2>\n<p>&nbsp;<\/p>\n<p>&nbsp;<\/p>\n<p>&nbsp;<\/p>\n<p>&nbsp;<\/p>\n<p>&nbsp;<\/p>","protected":false},"excerpt":{"rendered":"<p>Acheter de l'acide phosporique 1L. La commande se r\u00e9alise directement par la web et vous devez suivre les \u00e9tapes indiqu\u00e9es. L'envoie se fait par UPS et vous le recevrez dans 4-5 jours.<\/p>","protected":false},"featured_media":35755,"comment_status":"open","ping_status":"closed","template":"","meta":{"_acf_changed":false,"site-sidebar-layout":"default","site-content-layout":"default","ast-site-content-layout":"default","site-content-style":"default","site-sidebar-style":"default","ast-global-header-display":"","ast-banner-title-visibility":"","ast-main-header-display":"","ast-hfb-above-header-display":"","ast-hfb-below-header-display":"","ast-hfb-mobile-header-display":"","site-post-title":"","ast-breadcrumbs-content":"","ast-featured-img":"","footer-sml-layout":"","ast-disable-related-posts":"","theme-transparent-header-meta":"default","adv-header-id-meta":"","stick-header-meta":"default","header-above-stick-meta":"","header-main-stick-meta":"","header-below-stick-meta":"","astra-migrate-meta-layouts":"set","ast-page-background-enabled":"default","ast-page-background-meta":{"desktop":{"background-color":"var(--ast-global-color-4)","background-image":"","background-repeat":"repeat","background-position":"center center","background-size":"auto","background-attachment":"scroll","background-type":"","background-media":"","overlay-type":"","overlay-color":"","overlay-opacity":"","overlay-gradient":""},"tablet":{"background-color":"","background-image":"","background-repeat":"repeat","background-position":"center center","background-size":"auto","background-attachment":"scroll","background-type":"","background-media":"","overlay-type":"","overlay-color":"","overlay-opacity":"","overlay-gradient":""},"mobile":{"background-color":"","background-image":"","background-repeat":"repeat","background-position":"center center","background-size":"auto","background-attachment":"scroll","background-type":"","background-media":"","overlay-type":"","overlay-color":"","overlay-opacity":"","overlay-gradient":""}},"ast-content-background-meta":{"desktop":{"background-color":"var(--ast-global-color-5)","background-image":"","background-repeat":"repeat","background-position":"center center","background-size":"auto","background-attachment":"scroll","background-type":"","background-media":"","overlay-type":"","overlay-color":"","overlay-opacity":"","overlay-gradient":""},"tablet":{"background-color":"var(--ast-global-color-5)","background-image":"","background-repeat":"repeat","background-position":"center center","background-size":"auto","background-attachment":"scroll","background-type":"","background-media":"","overlay-type":"","overlay-color":"","overlay-opacity":"","overlay-gradient":""},"mobile":{"background-color":"var(--ast-global-color-5)","background-image":"","background-repeat":"repeat","background-position":"center center","background-size":"auto","background-attachment":"scroll","background-type":"","background-media":"","overlay-type":"","overlay-color":"","overlay-opacity":"","overlay-gradient":""}}},"product_brand":[],"product_cat":[290,213,21],"product_tag":[],"class_list":{"0":"post-579","1":"product","2":"type-product","3":"status-publish","4":"has-post-thumbnail","6":"product_cat-reactivos-quimicos","7":"product_cat-agroquimicos","8":"product_cat-productos","9":"pa_unidades-1l","10":"desktop-align-left","11":"tablet-align-left","12":"mobile-align-left","13":"ast-product-gallery-layout-horizontal-slider","14":"ast-product-gallery-with-no-image","15":"ast-magnify-disabled","16":"ast-product-tabs-layout-horizontal","17":"ast-qv-on-image","19":"first","20":"instock","21":"taxable","22":"shipping-taxable","23":"purchasable","24":"product-type-simple"},"acf":[],"yoast_head":"<!-- This site is optimized with the Yoast SEO Premium plugin v27.1 (Yoast SEO v27.1.1) - https:\/\/yoast.com\/product\/yoast-seo-premium-wordpress\/ -->\n<title>Acido Fosf\u00f3rico 85% CODEX 1L :Comprar Online - Alquera.com<\/title>\n<meta name=\"description\" content=\"ENV\u00cdOS EN 24\/48H. Comprar \u00e1cido fosf\u00f3rico en Alquera. Composici\u00f3n al 85% tambi\u00e9n conocido como trihidr\u00f3xido de \u00f3xido fosforoso.\" \/>\n<meta name=\"robots\" content=\"index, follow, max-snippet:-1, max-image-preview:large, max-video-preview:-1\" \/>\n<link rel=\"canonical\" href=\"https:\/\/www.alquera.com\/fr\/acido-fosforico\/\" \/>\n<meta property=\"og:locale\" content=\"fr_FR\" \/>\n<meta property=\"og:type\" content=\"article\" \/>\n<meta property=\"og:title\" content=\"Acido Fosf\u00f3rico 85% CODEX 1L: Comprar Online - Alquera.com\" \/>\n<meta property=\"og:description\" content=\"ENV\u00cdOS EN 24\/48H. Comprar \u00e1cido fosf\u00f3rico en Alquera. Composici\u00f3n al 85% tambi\u00e9n conocido como trihidr\u00f3xido de \u00f3xido fosforoso.\" \/>\n<meta property=\"og:url\" content=\"https:\/\/www.alquera.com\/fr\/acido-fosforico\/\" \/>\n<meta property=\"og:site_name\" content=\"Alquera.com\" \/>\n<meta property=\"article:publisher\" content=\"https:\/\/www.facebook.com\/alqueraciencia\" \/>\n<meta property=\"article:modified_time\" content=\"2026-05-14T18:05:48+00:00\" \/>\n<meta property=\"og:image\" content=\"https:\/\/www.alquera.com\/wp-content\/uploads\/2021\/08\/acido-fosforico-1l_begona.png\" \/>\n\t<meta property=\"og:image:width\" content=\"800\" \/>\n\t<meta property=\"og:image:height\" content=\"800\" \/>\n\t<meta property=\"og:image:type\" content=\"image\/png\" \/>\n<meta name=\"twitter:card\" content=\"summary_large_image\" \/>\n<meta name=\"twitter:label1\" content=\"Prix\" \/>\n\t<meta name=\"twitter:data1\" content=\"24,90&euro;\" \/>\n\t<meta name=\"twitter:label2\" content=\"Disponibilit\u00e9\" \/>\n\t<meta name=\"twitter:data2\" content=\"En stock\" \/>\n<script type=\"application\/ld+json\" class=\"yoast-schema-graph\">{\"@context\":\"https:\/\/schema.org\",\"@graph\":[{\"@type\":[\"WebPage\",\"ItemPage\"],\"@id\":\"https:\/\/www.alquera.com\/acido-fosforico\/\",\"url\":\"https:\/\/www.alquera.com\/acido-fosforico\/\",\"name\":\"Acido Fosf\u00f3rico 85% CODEX 1L :Comprar Online - Alquera.com\",\"isPartOf\":{\"@id\":\"https:\/\/www.alquera.com\/en\/#website\"},\"primaryImageOfPage\":{\"@id\":\"https:\/\/www.alquera.com\/acido-fosforico\/#primaryimage\"},\"image\":{\"@id\":\"https:\/\/www.alquera.com\/acido-fosforico\/#primaryimage\"},\"thumbnailUrl\":\"https:\/\/www.alquera.com\/wp-content\/uploads\/2021\/08\/acido-fosforico-1l_begona.png\",\"datePublished\":\"2021-08-09T10:02:01+00:00\",\"dateModified\":\"2026-05-14T18:05:48+00:00\",\"description\":\"ENV\u00cdOS EN 24\/48H. Comprar \u00e1cido fosf\u00f3rico en Alquera. Composici\u00f3n al 85% tambi\u00e9n conocido como trihidr\u00f3xido de \u00f3xido fosforoso.\",\"breadcrumb\":{\"@id\":\"https:\/\/www.alquera.com\/acido-fosforico\/#breadcrumb\"},\"inLanguage\":\"fr-FR\",\"potentialAction\":[{\"@type\":\"ReadAction\",\"target\":[\"https:\/\/www.alquera.com\/acido-fosforico\/\"]}]},{\"@type\":\"ImageObject\",\"inLanguage\":\"fr-FR\",\"@id\":\"https:\/\/www.alquera.com\/acido-fosforico\/#primaryimage\",\"url\":\"https:\/\/www.alquera.com\/wp-content\/uploads\/2021\/08\/acido-fosforico-1l_begona.png\",\"contentUrl\":\"https:\/\/www.alquera.com\/wp-content\/uploads\/2021\/08\/acido-fosforico-1l_begona.png\",\"width\":800,\"height\":800,\"caption\":\"\u00e1cido fosf\u00f3rico\"},{\"@type\":\"BreadcrumbList\",\"@id\":\"https:\/\/www.alquera.com\/acido-fosforico\/#breadcrumb\",\"itemListElement\":[{\"@type\":\"ListItem\",\"position\":1,\"name\":\"Inicio\",\"item\":\"https:\/\/www.alquera.com\/\"},{\"@type\":\"ListItem\",\"position\":2,\"name\":\"Alquera.com: Tienda Online de Productos Qu\u00edmicos y Material de Laboratorio\",\"item\":\"https:\/\/www.alquera.com\/en\/tienda\/\"},{\"@type\":\"ListItem\",\"position\":3,\"name\":\"Acido Fosf\u00f3rico 85% CODEX 1L\"}]},{\"@type\":\"WebSite\",\"@id\":\"https:\/\/www.alquera.com\/en\/#website\",\"url\":\"https:\/\/www.alquera.com\/en\/\",\"name\":\"Alquera.com\",\"description\":\"Tienda Online Productos Qu\u00edmicos y Material de Laboratorio\",\"publisher\":{\"@id\":\"https:\/\/www.alquera.com\/en\/#organization\"},\"potentialAction\":[{\"@type\":\"SearchAction\",\"target\":{\"@type\":\"EntryPoint\",\"urlTemplate\":\"https:\/\/www.alquera.com\/en\/?s={search_term_string}\"},\"query-input\":{\"@type\":\"PropertyValueSpecification\",\"valueRequired\":true,\"valueName\":\"search_term_string\"}}],\"inLanguage\":\"fr-FR\"},{\"@type\":\"Organization\",\"@id\":\"https:\/\/www.alquera.com\/en\/#organization\",\"name\":\"ALQUERA CIENCIA SL\",\"url\":\"https:\/\/www.alquera.com\/en\/\",\"logo\":{\"@type\":\"ImageObject\",\"inLanguage\":\"fr-FR\",\"@id\":\"https:\/\/www.alquera.com\/en\/#\/schema\/logo\/image\/\",\"url\":\"https:\/\/www.alquera.com\/wp-content\/uploads\/2020\/11\/logo_300_ancho.png\",\"contentUrl\":\"https:\/\/www.alquera.com\/wp-content\/uploads\/2020\/11\/logo_300_ancho.png\",\"width\":300,\"height\":86,\"caption\":\"ALQUERA CIENCIA SL\"},\"image\":{\"@id\":\"https:\/\/www.alquera.com\/en\/#\/schema\/logo\/image\/\"},\"sameAs\":[\"https:\/\/www.facebook.com\/alqueraciencia\",\"https:\/\/www.instagram.com\/alquera_ciencia\/\",\"https:\/\/www.youtube.com\/c\/alquera\"]}]}<\/script>\n<meta property=\"product:price:amount\" content=\"24.90\" \/>\n<meta property=\"product:price:currency\" content=\"EUR\" \/>\n<meta property=\"og:availability\" content=\"instock\" \/>\n<meta property=\"product:availability\" content=\"instock\" \/>\n<meta property=\"product:retailer_item_id\" content=\"ALCS10\" \/>\n<meta property=\"product:condition\" content=\"new\" \/>\n<!-- \/ Yoast SEO Premium plugin. -->","yoast_head_json":{"title":"Acido Fosf\u00f3rico 85% CODEX 1L :Comprar Online - Alquera.com","description":"ENVOIS EN 34\/48H. Acheter de l\u2019acide phosphorique \u00e0 Alquera. Composition \u00e0 85% \u00e9galement connu sous le nom de trioxyde d\u2019oxyde phosphoreux.","robots":{"index":"index","follow":"follow","max-snippet":"max-snippet:-1","max-image-preview":"max-image-preview:large","max-video-preview":"max-video-preview:-1"},"canonical":"https:\/\/www.alquera.com\/fr\/acido-fosforico\/","og_locale":"fr_FR","og_type":"article","og_title":"Acido Fosf\u00f3rico 85% CODEX 1L: Comprar Online - Alquera.com","og_description":"ENV\u00cdOS EN 24\/48H. Comprar \u00e1cido fosf\u00f3rico en Alquera. Composici\u00f3n al 85% tambi\u00e9n conocido como trihidr\u00f3xido de \u00f3xido fosforoso.","og_url":"https:\/\/www.alquera.com\/fr\/acido-fosforico\/","og_site_name":"Alquera.com","article_publisher":"https:\/\/www.facebook.com\/alqueraciencia","article_modified_time":"2026-05-14T18:05:48+00:00","og_image":[{"width":800,"height":800,"url":"https:\/\/www.alquera.com\/wp-content\/uploads\/2021\/08\/acido-fosforico-1l_begona.png","type":"image\/png"}],"twitter_card":"summary_large_image","twitter_misc":{"Prix":"24,90&euro;","Disponibilit\u00e9":"En stock"},"schema":{"@context":"https:\/\/schema.org","@graph":[{"@type":["WebPage","ItemPage"],"@id":"https:\/\/www.alquera.com\/acido-fosforico\/","url":"https:\/\/www.alquera.com\/acido-fosforico\/","name":"Acido Fosf\u00f3rico 85% CODEX 1L :Comprar Online - Alquera.com","isPartOf":{"@id":"https:\/\/www.alquera.com\/en\/#website"},"primaryImageOfPage":{"@id":"https:\/\/www.alquera.com\/acido-fosforico\/#primaryimage"},"image":{"@id":"https:\/\/www.alquera.com\/acido-fosforico\/#primaryimage"},"thumbnailUrl":"https:\/\/www.alquera.com\/wp-content\/uploads\/2021\/08\/acido-fosforico-1l_begona.png","datePublished":"2021-08-09T10:02:01+00:00","dateModified":"2026-05-14T18:05:48+00:00","description":"ENVOIS EN 34\/48H. Acheter de l\u2019acide phosphorique \u00e0 Alquera. Composition \u00e0 85% \u00e9galement connu sous le nom de trioxyde d\u2019oxyde phosphoreux.","breadcrumb":{"@id":"https:\/\/www.alquera.com\/acido-fosforico\/#breadcrumb"},"inLanguage":"fr-FR","potentialAction":[{"@type":"ReadAction","target":["https:\/\/www.alquera.com\/acido-fosforico\/"]}]},{"@type":"ImageObject","inLanguage":"fr-FR","@id":"https:\/\/www.alquera.com\/acido-fosforico\/#primaryimage","url":"https:\/\/www.alquera.com\/wp-content\/uploads\/2021\/08\/acido-fosforico-1l_begona.png","contentUrl":"https:\/\/www.alquera.com\/wp-content\/uploads\/2021\/08\/acido-fosforico-1l_begona.png","width":800,"height":800,"caption":"\u00e1cido fosf\u00f3rico"},{"@type":"BreadcrumbList","@id":"https:\/\/www.alquera.com\/acido-fosforico\/#breadcrumb","itemListElement":[{"@type":"ListItem","position":1,"name":"Inicio","item":"https:\/\/www.alquera.com\/"},{"@type":"ListItem","position":2,"name":"Alquera.com: Tienda Online de Productos Qu\u00edmicos y Material de Laboratorio","item":"https:\/\/www.alquera.com\/en\/tienda\/"},{"@type":"ListItem","position":3,"name":"Acido Fosf\u00f3rico 85% CODEX 1L"}]},{"@type":"WebSite","@id":"https:\/\/www.alquera.com\/en\/#website","url":"https:\/\/www.alquera.com\/en\/","name":"Alquera.com","description":"Boutique en ligne Produits chimiques et \u00e9quipements de laboratoire","publisher":{"@id":"https:\/\/www.alquera.com\/en\/#organization"},"potentialAction":[{"@type":"SearchAction","target":{"@type":"EntryPoint","urlTemplate":"https:\/\/www.alquera.com\/en\/?s={search_term_string}"},"query-input":{"@type":"PropertyValueSpecification","valueRequired":true,"valueName":"search_term_string"}}],"inLanguage":"fr-FR"},{"@type":"Organization","@id":"https:\/\/www.alquera.com\/en\/#organization","name":"ALQUERA CIENCIA SL","url":"https:\/\/www.alquera.com\/en\/","logo":{"@type":"ImageObject","inLanguage":"fr-FR","@id":"https:\/\/www.alquera.com\/en\/#\/schema\/logo\/image\/","url":"https:\/\/www.alquera.com\/wp-content\/uploads\/2020\/11\/logo_300_ancho.png","contentUrl":"https:\/\/www.alquera.com\/wp-content\/uploads\/2020\/11\/logo_300_ancho.png","width":300,"height":86,"caption":"ALQUERA CIENCIA SL"},"image":{"@id":"https:\/\/www.alquera.com\/en\/#\/schema\/logo\/image\/"},"sameAs":["https:\/\/www.facebook.com\/alqueraciencia","https:\/\/www.instagram.com\/alquera_ciencia\/","https:\/\/www.youtube.com\/c\/alquera"]}]},"product_price_amount":"24.90","product_price_currency":"EUR","og_availability":"instock","product_availability":"instock","product_retailer_item_id":"ALCS10","product_condition":"new"},"_links":{"self":[{"href":"https:\/\/www.alquera.com\/fr\/wp-json\/wp\/v2\/product\/579","targetHints":{"allow":["GET"]}}],"collection":[{"href":"https:\/\/www.alquera.com\/fr\/wp-json\/wp\/v2\/product"}],"about":[{"href":"https:\/\/www.alquera.com\/fr\/wp-json\/wp\/v2\/types\/product"}],"replies":[{"embeddable":true,"href":"https:\/\/www.alquera.com\/fr\/wp-json\/wp\/v2\/comments?post=579"}],"wp:featuredmedia":[{"embeddable":true,"href":"https:\/\/www.alquera.com\/fr\/wp-json\/wp\/v2\/media\/35755"}],"wp:attachment":[{"href":"https:\/\/www.alquera.com\/fr\/wp-json\/wp\/v2\/media?parent=579"}],"wp:term":[{"taxonomy":"product_brand","embeddable":true,"href":"https:\/\/www.alquera.com\/fr\/wp-json\/wp\/v2\/product_brand?post=579"},{"taxonomy":"product_cat","embeddable":true,"href":"https:\/\/www.alquera.com\/fr\/wp-json\/wp\/v2\/product_cat?post=579"},{"taxonomy":"product_tag","embeddable":true,"href":"https:\/\/www.alquera.com\/fr\/wp-json\/wp\/v2\/product_tag?post=579"}],"curies":[{"name":"wp","href":"https:\/\/api.w.org\/{rel}","templated":true}]}}