{"id":580,"date":"2016-05-06T11:15:29","date_gmt":"2016-05-06T11:15:29","guid":{"rendered":"http:\/\/localhost\/alquera\/productos\/producto\/citrato-ferrico-amoniacal-50-gramos\/"},"modified":"2026-05-12T22:57:14","modified_gmt":"2026-05-12T22:57:14","slug":"citrato-ferrico-amoniacal","status":"publish","type":"product","link":"https:\/\/www.alquera.com\/fr\/citrato-ferrico-amoniacal\/","title":{"rendered":"Citrate Ferrique Ammoniacal"},"content":{"rendered":"<p>Le Citrate Ferrique Ammoniacal ou Citrate Ferrique Ammoniac, est un produit chimique utilis\u00e9 dans les techniques photographiques anciennes, qui combin\u00e9 avec d\u2019autres r\u00e9actifs sont utilis\u00e9s pour obtenir des cyanothrites de diff\u00e9rentes couleurs.<\/p>\n<h2>IDENTIFICATION ET PROPI\u00c9T\u00c9S<\/h2>\n<p><strong>Nom:<\/strong> Citrate Ferrique Ammoniacal<br \/>\n<strong>Synonyme:<\/strong> Citrate ferrique ammoniacal, citrate d\u2019ammonium et du Fer (III)<br \/>\n<strong>Formule chimique:<\/strong> C<sub>6<\/sub>H<sub>8<\/sub>O<sub>7<\/sub>\u00a0-xFe<sub>3<\/sub><sup>+<\/sup>\u00a0- yNH<sub>3<\/sub><br \/>\n<strong>CAS:<\/strong> 1185-57-5<br \/>\n<strong>CE: <\/strong>214-686-6<\/p>\n<ul>\n<li>Apparence\u00a0: Poudre couleur verte<\/li>\n<li>Forme\u00a0: solide<\/li>\n<li>Point de inflammation: Non inflammable<\/li>\n<\/ul>\n<h2>USAGES CITRATE FERRIQUE<\/h2>\n<ul>\n<li>R\u00e9actif de laboratoire<\/li>\n<li><a href=\"https:\/\/www.alquera.com\/fr\/set-cianotipia\/\">Cianotipia<\/a><\/li>\n<\/ul>\n<p>&nbsp;<\/p>\n<p>&nbsp;<\/p>\n<p>&nbsp;<\/p>\n<p>&nbsp;<\/p>","protected":false},"excerpt":{"rendered":"<p>Acheter Citrate Ferrique Ammoniacal dans sachets de 50g, 100g et 1Kg. Le prix des diff\u00e9rents formats de Citrate Ferrique Ammoniacal vous pouvez le voir en s\u00e9lectionnant le format que vous souhaitez. La commande se r\u00e9alise directement par la web et vous devez suivre les \u00e9tapes indiqu\u00e9es. L'envoie se fait par UPS et vous le recevrez dans 4-5 jours.<\/p>","protected":false},"featured_media":46863,"comment_status":"open","ping_status":"closed","template":"","meta":{"_acf_changed":false,"site-sidebar-layout":"default","site-content-layout":"default","ast-site-content-layout":"default","site-content-style":"default","site-sidebar-style":"default","ast-global-header-display":"","ast-banner-title-visibility":"","ast-main-header-display":"","ast-hfb-above-header-display":"","ast-hfb-below-header-display":"","ast-hfb-mobile-header-display":"","site-post-title":"","ast-breadcrumbs-content":"","ast-featured-img":"","footer-sml-layout":"","ast-disable-related-posts":"","theme-transparent-header-meta":"default","adv-header-id-meta":"","stick-header-meta":"default","header-above-stick-meta":"","header-main-stick-meta":"","header-below-stick-meta":"","astra-migrate-meta-layouts":"default","ast-page-background-enabled":"default","ast-page-background-meta":{"desktop":{"background-color":"var(--ast-global-color-4)","background-image":"","background-repeat":"repeat","background-position":"center center","background-size":"auto","background-attachment":"scroll","background-type":"","background-media":"","overlay-type":"","overlay-color":"","overlay-opacity":"","overlay-gradient":""},"tablet":{"background-color":"","background-image":"","background-repeat":"repeat","background-position":"center center","background-size":"auto","background-attachment":"scroll","background-type":"","background-media":"","overlay-type":"","overlay-color":"","overlay-opacity":"","overlay-gradient":""},"mobile":{"background-color":"","background-image":"","background-repeat":"repeat","background-position":"center center","background-size":"auto","background-attachment":"scroll","background-type":"","background-media":"","overlay-type":"","overlay-color":"","overlay-opacity":"","overlay-gradient":""}},"ast-content-background-meta":{"desktop":{"background-color":"var(--ast-global-color-5)","background-image":"","background-repeat":"repeat","background-position":"center center","background-size":"auto","background-attachment":"scroll","background-type":"","background-media":"","overlay-type":"","overlay-color":"","overlay-opacity":"","overlay-gradient":""},"tablet":{"background-color":"var(--ast-global-color-5)","background-image":"","background-repeat":"repeat","background-position":"center center","background-size":"auto","background-attachment":"scroll","background-type":"","background-media":"","overlay-type":"","overlay-color":"","overlay-opacity":"","overlay-gradient":""},"mobile":{"background-color":"var(--ast-global-color-5)","background-image":"","background-repeat":"repeat","background-position":"center center","background-size":"auto","background-attachment":"scroll","background-type":"","background-media":"","overlay-type":"","overlay-color":"","overlay-opacity":"","overlay-gradient":""}}},"product_brand":[],"product_cat":[21],"product_tag":[],"class_list":{"0":"post-580","1":"product","2":"type-product","3":"status-publish","4":"has-post-thumbnail","6":"product_cat-productos","7":"pa_cantidad-50g","8":"pa_cantidad-100g","9":"pa_cantidad-250g","10":"pa_cantidad-1kg","11":"desktop-align-left","12":"tablet-align-left","13":"mobile-align-left","14":"ast-product-gallery-layout-horizontal-slider","15":"ast-magnify-disabled","16":"ast-product-single-variable","17":"ast-product-tabs-layout-horizontal","18":"ast-qv-on-image","20":"first","21":"instock","22":"taxable","23":"shipping-taxable","24":"purchasable","25":"product-type-variable","26":"has-default-attributes"},"acf":[],"yoast_head":"<!-- This site is optimized with the Yoast SEO Premium plugin v27.1 (Yoast SEO v27.1.1) - https:\/\/yoast.com\/product\/yoast-seo-premium-wordpress\/ -->\n<title>Citrato F\u00e9rrico Amoniacal: Comprar Online - Alquera.com<\/title>\n<meta name=\"description\" content=\"ENV\u00cdOS EN 24\/48H. Comprar Citrato F\u00e9rrico Amoniacal, en cantidades de 50,100g o 1kg. Uso en fotograf\u00eda, materia prima en cosm\u00e9ticos.\" \/>\n<meta name=\"robots\" content=\"index, follow, max-snippet:-1, max-image-preview:large, max-video-preview:-1\" \/>\n<link rel=\"canonical\" href=\"https:\/\/www.alquera.com\/fr\/citrato-ferrico-amoniacal\/\" \/>\n<meta property=\"og:locale\" content=\"fr_FR\" \/>\n<meta property=\"og:type\" content=\"article\" \/>\n<meta property=\"og:title\" content=\"Citrato F\u00e9rrico Amoniacal: Comprar Online - Alquera.com\" \/>\n<meta property=\"og:description\" content=\"ENV\u00cdOS EN 24\/48H. Comprar Citrato F\u00e9rrico Amoniacal, en cantidades de 50,100g o 1kg. Uso en fotograf\u00eda, materia prima en cosm\u00e9ticos.\" \/>\n<meta property=\"og:url\" content=\"https:\/\/www.alquera.com\/fr\/citrato-ferrico-amoniacal\/\" \/>\n<meta property=\"og:site_name\" content=\"Alquera.com\" \/>\n<meta property=\"article:publisher\" content=\"https:\/\/www.facebook.com\/alqueraciencia\" \/>\n<meta property=\"article:modified_time\" content=\"2026-05-12T22:57:14+00:00\" \/>\n<meta property=\"og:image\" content=\"https:\/\/www.alquera.com\/wp-content\/uploads\/2016\/05\/citrato-ferrico-100g.png\" \/>\n\t<meta property=\"og:image:width\" content=\"1200\" \/>\n\t<meta property=\"og:image:height\" content=\"1200\" \/>\n\t<meta property=\"og:image:type\" content=\"image\/png\" \/>\n<meta name=\"twitter:card\" content=\"summary_large_image\" \/>\n<meta name=\"twitter:label1\" content=\"Disponibilit\u00e9\" \/>\n\t<meta name=\"twitter:data1\" content=\"En stock\" \/>\n<script type=\"application\/ld+json\" class=\"yoast-schema-graph\">{\"@context\":\"https:\/\/schema.org\",\"@graph\":[{\"@type\":[\"WebPage\",\"ItemPage\"],\"@id\":\"https:\/\/www.alquera.com\/citrato-ferrico-amoniacal\/\",\"url\":\"https:\/\/www.alquera.com\/citrato-ferrico-amoniacal\/\",\"name\":\"Citrato F\u00e9rrico Amoniacal: Comprar Online - Alquera.com\",\"isPartOf\":{\"@id\":\"https:\/\/www.alquera.com\/en\/#website\"},\"primaryImageOfPage\":{\"@id\":\"https:\/\/www.alquera.com\/citrato-ferrico-amoniacal\/#primaryimage\"},\"image\":{\"@id\":\"https:\/\/www.alquera.com\/citrato-ferrico-amoniacal\/#primaryimage\"},\"thumbnailUrl\":\"https:\/\/www.alquera.com\/wp-content\/uploads\/2016\/05\/citrato-ferrico-100g.png\",\"datePublished\":\"2016-05-06T11:15:29+00:00\",\"dateModified\":\"2026-05-12T22:57:14+00:00\",\"description\":\"ENV\u00cdOS EN 24\/48H. Comprar Citrato F\u00e9rrico Amoniacal, en cantidades de 50,100g o 1kg. Uso en fotograf\u00eda, materia prima en cosm\u00e9ticos.\",\"breadcrumb\":{\"@id\":\"https:\/\/www.alquera.com\/citrato-ferrico-amoniacal\/#breadcrumb\"},\"inLanguage\":\"fr-FR\",\"potentialAction\":[{\"@type\":\"ReadAction\",\"target\":[\"https:\/\/www.alquera.com\/citrato-ferrico-amoniacal\/\"]}]},{\"@type\":\"ImageObject\",\"inLanguage\":\"fr-FR\",\"@id\":\"https:\/\/www.alquera.com\/citrato-ferrico-amoniacal\/#primaryimage\",\"url\":\"https:\/\/www.alquera.com\/wp-content\/uploads\/2016\/05\/citrato-ferrico-100g.png\",\"contentUrl\":\"https:\/\/www.alquera.com\/wp-content\/uploads\/2016\/05\/citrato-ferrico-100g.png\",\"width\":1200,\"height\":1200,\"caption\":\"citrato ferrico amoniacal\"},{\"@type\":\"BreadcrumbList\",\"@id\":\"https:\/\/www.alquera.com\/citrato-ferrico-amoniacal\/#breadcrumb\",\"itemListElement\":[{\"@type\":\"ListItem\",\"position\":1,\"name\":\"Inicio\",\"item\":\"https:\/\/www.alquera.com\/\"},{\"@type\":\"ListItem\",\"position\":2,\"name\":\"Alquera.com: Tienda Online de Productos Qu\u00edmicos y Material de Laboratorio\",\"item\":\"https:\/\/www.alquera.com\/en\/tienda\/\"},{\"@type\":\"ListItem\",\"position\":3,\"name\":\"Citrato F\u00e9rrico Amoniacal\"}]},{\"@type\":\"WebSite\",\"@id\":\"https:\/\/www.alquera.com\/en\/#website\",\"url\":\"https:\/\/www.alquera.com\/en\/\",\"name\":\"Alquera.com\",\"description\":\"Tienda Online Productos Qu\u00edmicos y Material de Laboratorio\",\"publisher\":{\"@id\":\"https:\/\/www.alquera.com\/en\/#organization\"},\"potentialAction\":[{\"@type\":\"SearchAction\",\"target\":{\"@type\":\"EntryPoint\",\"urlTemplate\":\"https:\/\/www.alquera.com\/en\/?s={search_term_string}\"},\"query-input\":{\"@type\":\"PropertyValueSpecification\",\"valueRequired\":true,\"valueName\":\"search_term_string\"}}],\"inLanguage\":\"fr-FR\"},{\"@type\":\"Organization\",\"@id\":\"https:\/\/www.alquera.com\/en\/#organization\",\"name\":\"ALQUERA CIENCIA SL\",\"url\":\"https:\/\/www.alquera.com\/en\/\",\"logo\":{\"@type\":\"ImageObject\",\"inLanguage\":\"fr-FR\",\"@id\":\"https:\/\/www.alquera.com\/en\/#\/schema\/logo\/image\/\",\"url\":\"https:\/\/www.alquera.com\/wp-content\/uploads\/2020\/11\/logo_300_ancho.png\",\"contentUrl\":\"https:\/\/www.alquera.com\/wp-content\/uploads\/2020\/11\/logo_300_ancho.png\",\"width\":300,\"height\":86,\"caption\":\"ALQUERA CIENCIA SL\"},\"image\":{\"@id\":\"https:\/\/www.alquera.com\/en\/#\/schema\/logo\/image\/\"},\"sameAs\":[\"https:\/\/www.facebook.com\/alqueraciencia\",\"https:\/\/www.instagram.com\/alquera_ciencia\/\",\"https:\/\/www.youtube.com\/c\/alquera\"]}]}<\/script>\n<meta property=\"og:availability\" content=\"instock\" \/>\n<meta property=\"product:availability\" content=\"instock\" \/>\n<meta property=\"product:retailer_item_id\" content=\"ALB0010\" \/>\n<meta property=\"product:condition\" content=\"new\" \/>\n<!-- \/ Yoast SEO Premium plugin. -->","yoast_head_json":{"title":"Citrate d'ammonium ferrique : Acheter en ligne - Alquera.com","description":"EXP\u00c9DITIONS EN 24\/48H. Acheter Citrate Ferrique d'Ammonium, en quantit\u00e9s de 50, 100g ou 1kg. Utilisation en photographie, mati\u00e8re premi\u00e8re en cosm\u00e9tique.","robots":{"index":"index","follow":"follow","max-snippet":"max-snippet:-1","max-image-preview":"max-image-preview:large","max-video-preview":"max-video-preview:-1"},"canonical":"https:\/\/www.alquera.com\/fr\/citrato-ferrico-amoniacal\/","og_locale":"fr_FR","og_type":"article","og_title":"Citrato F\u00e9rrico Amoniacal: Comprar Online - Alquera.com","og_description":"ENV\u00cdOS EN 24\/48H. Comprar Citrato F\u00e9rrico Amoniacal, en cantidades de 50,100g o 1kg. Uso en fotograf\u00eda, materia prima en cosm\u00e9ticos.","og_url":"https:\/\/www.alquera.com\/fr\/citrato-ferrico-amoniacal\/","og_site_name":"Alquera.com","article_publisher":"https:\/\/www.facebook.com\/alqueraciencia","article_modified_time":"2026-05-12T22:57:14+00:00","og_image":[{"width":1200,"height":1200,"url":"https:\/\/www.alquera.com\/wp-content\/uploads\/2016\/05\/citrato-ferrico-100g.png","type":"image\/png"}],"twitter_card":"summary_large_image","twitter_misc":{"Disponibilit\u00e9":"En stock"},"schema":{"@context":"https:\/\/schema.org","@graph":[{"@type":["WebPage","ItemPage"],"@id":"https:\/\/www.alquera.com\/citrato-ferrico-amoniacal\/","url":"https:\/\/www.alquera.com\/citrato-ferrico-amoniacal\/","name":"Citrate d'ammonium ferrique : Acheter en ligne - Alquera.com","isPartOf":{"@id":"https:\/\/www.alquera.com\/en\/#website"},"primaryImageOfPage":{"@id":"https:\/\/www.alquera.com\/citrato-ferrico-amoniacal\/#primaryimage"},"image":{"@id":"https:\/\/www.alquera.com\/citrato-ferrico-amoniacal\/#primaryimage"},"thumbnailUrl":"https:\/\/www.alquera.com\/wp-content\/uploads\/2016\/05\/citrato-ferrico-100g.png","datePublished":"2016-05-06T11:15:29+00:00","dateModified":"2026-05-12T22:57:14+00:00","description":"EXP\u00c9DITIONS EN 24\/48H. Acheter Citrate Ferrique d'Ammonium, en quantit\u00e9s de 50, 100g ou 1kg. Utilisation en photographie, mati\u00e8re premi\u00e8re en cosm\u00e9tique.","breadcrumb":{"@id":"https:\/\/www.alquera.com\/citrato-ferrico-amoniacal\/#breadcrumb"},"inLanguage":"fr-FR","potentialAction":[{"@type":"ReadAction","target":["https:\/\/www.alquera.com\/citrato-ferrico-amoniacal\/"]}]},{"@type":"ImageObject","inLanguage":"fr-FR","@id":"https:\/\/www.alquera.com\/citrato-ferrico-amoniacal\/#primaryimage","url":"https:\/\/www.alquera.com\/wp-content\/uploads\/2016\/05\/citrato-ferrico-100g.png","contentUrl":"https:\/\/www.alquera.com\/wp-content\/uploads\/2016\/05\/citrato-ferrico-100g.png","width":1200,"height":1200,"caption":"citrato ferrico amoniacal"},{"@type":"BreadcrumbList","@id":"https:\/\/www.alquera.com\/citrato-ferrico-amoniacal\/#breadcrumb","itemListElement":[{"@type":"ListItem","position":1,"name":"Inicio","item":"https:\/\/www.alquera.com\/"},{"@type":"ListItem","position":2,"name":"Alquera.com: Tienda Online de Productos Qu\u00edmicos y Material de Laboratorio","item":"https:\/\/www.alquera.com\/en\/tienda\/"},{"@type":"ListItem","position":3,"name":"Citrato F\u00e9rrico Amoniacal"}]},{"@type":"WebSite","@id":"https:\/\/www.alquera.com\/en\/#website","url":"https:\/\/www.alquera.com\/en\/","name":"Alquera.com","description":"Boutique en ligne Produits chimiques et \u00e9quipements de laboratoire","publisher":{"@id":"https:\/\/www.alquera.com\/en\/#organization"},"potentialAction":[{"@type":"SearchAction","target":{"@type":"EntryPoint","urlTemplate":"https:\/\/www.alquera.com\/en\/?s={search_term_string}"},"query-input":{"@type":"PropertyValueSpecification","valueRequired":true,"valueName":"search_term_string"}}],"inLanguage":"fr-FR"},{"@type":"Organization","@id":"https:\/\/www.alquera.com\/en\/#organization","name":"ALQUERA CIENCIA SL","url":"https:\/\/www.alquera.com\/en\/","logo":{"@type":"ImageObject","inLanguage":"fr-FR","@id":"https:\/\/www.alquera.com\/en\/#\/schema\/logo\/image\/","url":"https:\/\/www.alquera.com\/wp-content\/uploads\/2020\/11\/logo_300_ancho.png","contentUrl":"https:\/\/www.alquera.com\/wp-content\/uploads\/2020\/11\/logo_300_ancho.png","width":300,"height":86,"caption":"ALQUERA CIENCIA SL"},"image":{"@id":"https:\/\/www.alquera.com\/en\/#\/schema\/logo\/image\/"},"sameAs":["https:\/\/www.facebook.com\/alqueraciencia","https:\/\/www.instagram.com\/alquera_ciencia\/","https:\/\/www.youtube.com\/c\/alquera"]}]},"og_availability":"instock","product_availability":"instock","product_retailer_item_id":"ALB0010","product_condition":"new"},"_links":{"self":[{"href":"https:\/\/www.alquera.com\/fr\/wp-json\/wp\/v2\/product\/580","targetHints":{"allow":["GET"]}}],"collection":[{"href":"https:\/\/www.alquera.com\/fr\/wp-json\/wp\/v2\/product"}],"about":[{"href":"https:\/\/www.alquera.com\/fr\/wp-json\/wp\/v2\/types\/product"}],"replies":[{"embeddable":true,"href":"https:\/\/www.alquera.com\/fr\/wp-json\/wp\/v2\/comments?post=580"}],"wp:featuredmedia":[{"embeddable":true,"href":"https:\/\/www.alquera.com\/fr\/wp-json\/wp\/v2\/media\/46863"}],"wp:attachment":[{"href":"https:\/\/www.alquera.com\/fr\/wp-json\/wp\/v2\/media?parent=580"}],"wp:term":[{"taxonomy":"product_brand","embeddable":true,"href":"https:\/\/www.alquera.com\/fr\/wp-json\/wp\/v2\/product_brand?post=580"},{"taxonomy":"product_cat","embeddable":true,"href":"https:\/\/www.alquera.com\/fr\/wp-json\/wp\/v2\/product_cat?post=580"},{"taxonomy":"product_tag","embeddable":true,"href":"https:\/\/www.alquera.com\/fr\/wp-json\/wp\/v2\/product_tag?post=580"}],"curies":[{"name":"wp","href":"https:\/\/api.w.org\/{rel}","templated":true}]}}