{"id":584,"date":"2016-05-06T13:21:12","date_gmt":"2016-05-06T13:21:12","guid":{"rendered":"http:\/\/localhost\/alquera\/productos\/producto\/ferricianuro-de-potasa-rojo-1kg\/"},"modified":"2026-05-12T18:38:37","modified_gmt":"2026-05-12T18:38:37","slug":"ferricianuro-de-potasa-rojo","status":"publish","type":"product","link":"https:\/\/www.alquera.com\/fr\/ferricianuro-de-potasa-rojo\/","title":{"rendered":"Ferricyanure de Potassium Rouge"},"content":{"rendered":"<p>El ferricianuro pot\u00e1sico (tambi\u00e9n llamado rojo prusia de potasa) es un compuesto qu\u00edmico con la f\u00f3rmula K3[Fe(CN)6. Utilizado en fotograf\u00eda (cianotipia) y para copias al ferroprusiato, como atemperante de metales, en galvanoplastia y en la fabricaci\u00f3n de pigmentos. Es soluble en agua y su soluci\u00f3n muestra alguna fluorescencia verde-amarilla.<\/p>\n<h2>IDENTIFICACI\u00d3N Y PROPIEDADES FERRICIANURO POT\u00c1SICO ROJO<\/h2>\n<p><strong>Nombre<\/strong>: Ferricianuro de Potasio Rojo<br \/>\n<strong>Sin\u00f3nimos<\/strong>: Potasio Hexacianoferrato (III), Rojo de Prusia<br \/>\n<strong>F\u00f3rmula qu\u00edmica<\/strong>:\u00a0K<sub>3<\/sub>[Fe(CN)]<sub>6<br \/>\n<\/sub><strong>CAS<\/strong>: 13746-66-2<br \/>\n<strong>CE<\/strong>: 237-323-3<\/p>\n<ul>\n<li>Aspecto: S\u00f3lido cristalino de color rojo<\/li>\n<li>Olor: Inoloro<\/li>\n<li>Densidad relativa: 1.89<\/li>\n<li>Hidrosolubilidad: Soluble<\/li>\n<\/ul>\n<h2>USOS FERRICIANURO POTASA ROJO<\/h2>\n<ul>\n<li>Gen\u00e9rico Industrial<\/li>\n<li>Fotograf\u00eda<\/li>\n<li>Cianotipia. Para cianotipia disponemos de un set ya preparado. <a href=\"https:\/\/www.alquera.com\/set-cianotipia\/\">Set cianotipia<\/a><\/li>\n<\/ul>\n","protected":false},"excerpt":{"rendered":"<p>Acheter Ferricyanure de Potassium rouge dans sachets de 100g et 1Kg. Le prix des diff\u00e9rents formats de Ferricyanure de Potassium vous pouvez le voir en s\u00e9lectionnant le format que vous souhaitez. La commande se r\u00e9alise directement par la web et vous devez suivre les \u00e9tapes indiqu\u00e9es. L'envoie se fait par UPS et vous le recevrez dans 4-5 jours.<\/p>","protected":false},"featured_media":52387,"comment_status":"open","ping_status":"closed","template":"","meta":{"_acf_changed":false,"site-sidebar-layout":"default","site-content-layout":"default","ast-site-content-layout":"default","site-content-style":"default","site-sidebar-style":"default","ast-global-header-display":"","ast-banner-title-visibility":"","ast-main-header-display":"","ast-hfb-above-header-display":"","ast-hfb-below-header-display":"","ast-hfb-mobile-header-display":"","site-post-title":"","ast-breadcrumbs-content":"","ast-featured-img":"","footer-sml-layout":"","ast-disable-related-posts":"","theme-transparent-header-meta":"default","adv-header-id-meta":"","stick-header-meta":"default","header-above-stick-meta":"","header-main-stick-meta":"","header-below-stick-meta":"","astra-migrate-meta-layouts":"set","ast-page-background-enabled":"default","ast-page-background-meta":{"desktop":{"background-color":"var(--ast-global-color-4)","background-image":"","background-repeat":"repeat","background-position":"center center","background-size":"auto","background-attachment":"scroll","background-type":"","background-media":"","overlay-type":"","overlay-color":"","overlay-opacity":"","overlay-gradient":""},"tablet":{"background-color":"","background-image":"","background-repeat":"repeat","background-position":"center center","background-size":"auto","background-attachment":"scroll","background-type":"","background-media":"","overlay-type":"","overlay-color":"","overlay-opacity":"","overlay-gradient":""},"mobile":{"background-color":"","background-image":"","background-repeat":"repeat","background-position":"center center","background-size":"auto","background-attachment":"scroll","background-type":"","background-media":"","overlay-type":"","overlay-color":"","overlay-opacity":"","overlay-gradient":""}},"ast-content-background-meta":{"desktop":{"background-color":"var(--ast-global-color-5)","background-image":"","background-repeat":"repeat","background-position":"center center","background-size":"auto","background-attachment":"scroll","background-type":"","background-media":"","overlay-type":"","overlay-color":"","overlay-opacity":"","overlay-gradient":""},"tablet":{"background-color":"var(--ast-global-color-5)","background-image":"","background-repeat":"repeat","background-position":"center center","background-size":"auto","background-attachment":"scroll","background-type":"","background-media":"","overlay-type":"","overlay-color":"","overlay-opacity":"","overlay-gradient":""},"mobile":{"background-color":"var(--ast-global-color-5)","background-image":"","background-repeat":"repeat","background-position":"center center","background-size":"auto","background-attachment":"scroll","background-type":"","background-media":"","overlay-type":"","overlay-color":"","overlay-opacity":"","overlay-gradient":""}}},"product_brand":[],"product_cat":[21],"product_tag":[],"class_list":{"0":"post-584","1":"product","2":"type-product","3":"status-publish","4":"has-post-thumbnail","6":"product_cat-productos","7":"pa_cantidad-100g","8":"pa_cantidad-250g","9":"pa_cantidad-1kg","10":"desktop-align-left","11":"tablet-align-left","12":"mobile-align-left","13":"ast-product-gallery-layout-horizontal-slider","14":"ast-magnify-disabled","15":"ast-product-single-variable","16":"ast-product-tabs-layout-horizontal","17":"ast-qv-on-image","19":"first","20":"instock","21":"taxable","22":"shipping-taxable","23":"purchasable","24":"product-type-variable","25":"has-default-attributes"},"acf":[],"yoast_head":"<!-- This site is optimized with the Yoast SEO Premium plugin v27.1 (Yoast SEO v27.1.1) - https:\/\/yoast.com\/product\/yoast-seo-premium-wordpress\/ -->\n<title>Ferricianuro de Potasa Rojo: Comprar Online - Alquera.com<\/title>\n<meta name=\"description\" content=\"ENV\u00cdOS EN 24\/48H. Comprar Ferricianuro de Potasa Rojo. Utilizado como reactivo en fotograf\u00eda y t\u00e9cnicas de an\u00e1lisis en laboratorio. Distintos formatos.\" \/>\n<meta name=\"robots\" content=\"index, follow, max-snippet:-1, max-image-preview:large, max-video-preview:-1\" \/>\n<link rel=\"canonical\" href=\"https:\/\/www.alquera.com\/fr\/ferricianuro-de-potasa-rojo\/\" \/>\n<meta property=\"og:locale\" content=\"fr_FR\" \/>\n<meta property=\"og:type\" content=\"article\" \/>\n<meta property=\"og:title\" content=\"Ferricianuro de Potasa Rojo: Comprar Online - Alquera.com\" \/>\n<meta property=\"og:description\" content=\"ENV\u00cdOS EN 24\/48H. Comprar Ferricianuro de Potasa Rojo. Utilizado como reactivo en fotograf\u00eda y t\u00e9cnicas de an\u00e1lisis en laboratorio. Distintos formatos.\" \/>\n<meta property=\"og:url\" content=\"https:\/\/www.alquera.com\/fr\/ferricianuro-de-potasa-rojo\/\" \/>\n<meta property=\"og:site_name\" content=\"Alquera.com\" \/>\n<meta property=\"article:publisher\" content=\"https:\/\/www.facebook.com\/alqueraciencia\" \/>\n<meta property=\"article:modified_time\" content=\"2026-05-12T18:38:37+00:00\" \/>\n<meta property=\"og:image\" content=\"https:\/\/www.alquera.com\/wp-content\/uploads\/2016\/05\/ferricianuro-100g-foto-nueva-1024x994.png\" \/>\n\t<meta property=\"og:image:width\" content=\"1024\" \/>\n\t<meta property=\"og:image:height\" content=\"994\" \/>\n\t<meta property=\"og:image:type\" content=\"image\/png\" \/>\n<meta name=\"twitter:card\" content=\"summary_large_image\" \/>\n<meta name=\"twitter:label1\" content=\"Disponibilit\u00e9\" \/>\n\t<meta name=\"twitter:data1\" content=\"En stock\" \/>\n<script type=\"application\/ld+json\" class=\"yoast-schema-graph\">{\"@context\":\"https:\/\/schema.org\",\"@graph\":[{\"@type\":[\"WebPage\",\"ItemPage\"],\"@id\":\"https:\/\/www.alquera.com\/ferricianuro-de-potasa-rojo\/\",\"url\":\"https:\/\/www.alquera.com\/ferricianuro-de-potasa-rojo\/\",\"name\":\"Ferricianuro de Potasa Rojo: Comprar Online - Alquera.com\",\"isPartOf\":{\"@id\":\"https:\/\/www.alquera.com\/en\/#website\"},\"primaryImageOfPage\":{\"@id\":\"https:\/\/www.alquera.com\/ferricianuro-de-potasa-rojo\/#primaryimage\"},\"image\":{\"@id\":\"https:\/\/www.alquera.com\/ferricianuro-de-potasa-rojo\/#primaryimage\"},\"thumbnailUrl\":\"https:\/\/www.alquera.com\/wp-content\/uploads\/2016\/05\/ferricianuro-100g-foto-nueva.png\",\"datePublished\":\"2016-05-06T13:21:12+00:00\",\"dateModified\":\"2026-05-12T18:38:37+00:00\",\"description\":\"ENV\u00cdOS EN 24\/48H. Comprar Ferricianuro de Potasa Rojo. Utilizado como reactivo en fotograf\u00eda y t\u00e9cnicas de an\u00e1lisis en laboratorio. Distintos formatos.\",\"breadcrumb\":{\"@id\":\"https:\/\/www.alquera.com\/ferricianuro-de-potasa-rojo\/#breadcrumb\"},\"inLanguage\":\"fr-FR\",\"potentialAction\":[{\"@type\":\"ReadAction\",\"target\":[\"https:\/\/www.alquera.com\/ferricianuro-de-potasa-rojo\/\"]}]},{\"@type\":\"ImageObject\",\"inLanguage\":\"fr-FR\",\"@id\":\"https:\/\/www.alquera.com\/ferricianuro-de-potasa-rojo\/#primaryimage\",\"url\":\"https:\/\/www.alquera.com\/wp-content\/uploads\/2016\/05\/ferricianuro-100g-foto-nueva.png\",\"contentUrl\":\"https:\/\/www.alquera.com\/wp-content\/uploads\/2016\/05\/ferricianuro-100g-foto-nueva.png\",\"width\":2473,\"height\":2400,\"caption\":\"Ferricianuro 100g\"},{\"@type\":\"BreadcrumbList\",\"@id\":\"https:\/\/www.alquera.com\/ferricianuro-de-potasa-rojo\/#breadcrumb\",\"itemListElement\":[{\"@type\":\"ListItem\",\"position\":1,\"name\":\"Inicio\",\"item\":\"https:\/\/www.alquera.com\/\"},{\"@type\":\"ListItem\",\"position\":2,\"name\":\"Alquera.com: Tienda Online de Productos Qu\u00edmicos y Material de Laboratorio\",\"item\":\"https:\/\/www.alquera.com\/en\/tienda\/\"},{\"@type\":\"ListItem\",\"position\":3,\"name\":\"Ferricianuro de Potasa Rojo\"}]},{\"@type\":\"WebSite\",\"@id\":\"https:\/\/www.alquera.com\/en\/#website\",\"url\":\"https:\/\/www.alquera.com\/en\/\",\"name\":\"Alquera.com\",\"description\":\"Tienda Online Productos Qu\u00edmicos y Material de Laboratorio\",\"publisher\":{\"@id\":\"https:\/\/www.alquera.com\/en\/#organization\"},\"potentialAction\":[{\"@type\":\"SearchAction\",\"target\":{\"@type\":\"EntryPoint\",\"urlTemplate\":\"https:\/\/www.alquera.com\/en\/?s={search_term_string}\"},\"query-input\":{\"@type\":\"PropertyValueSpecification\",\"valueRequired\":true,\"valueName\":\"search_term_string\"}}],\"inLanguage\":\"fr-FR\"},{\"@type\":\"Organization\",\"@id\":\"https:\/\/www.alquera.com\/en\/#organization\",\"name\":\"ALQUERA CIENCIA SL\",\"url\":\"https:\/\/www.alquera.com\/en\/\",\"logo\":{\"@type\":\"ImageObject\",\"inLanguage\":\"fr-FR\",\"@id\":\"https:\/\/www.alquera.com\/en\/#\/schema\/logo\/image\/\",\"url\":\"https:\/\/www.alquera.com\/wp-content\/uploads\/2020\/11\/logo_300_ancho.png\",\"contentUrl\":\"https:\/\/www.alquera.com\/wp-content\/uploads\/2020\/11\/logo_300_ancho.png\",\"width\":300,\"height\":86,\"caption\":\"ALQUERA CIENCIA SL\"},\"image\":{\"@id\":\"https:\/\/www.alquera.com\/en\/#\/schema\/logo\/image\/\"},\"sameAs\":[\"https:\/\/www.facebook.com\/alqueraciencia\",\"https:\/\/www.instagram.com\/alquera_ciencia\/\",\"https:\/\/www.youtube.com\/c\/alquera\"]}]}<\/script>\n<meta property=\"og:availability\" content=\"instock\" \/>\n<meta property=\"product:availability\" content=\"instock\" \/>\n<meta property=\"product:condition\" content=\"new\" \/>\n<!-- \/ Yoast SEO Premium plugin. -->","yoast_head_json":{"title":"Ferricyanure de potasse rouge : Achat en ligne - Alquera.com","description":"EXP\u00c9DITION 24\/48H. Acheter du Ferricyanure de Potassium Rouge. Utilis\u00e9 comme r\u00e9actif dans la photographie et les techniques d'analyse en laboratoire. Diff\u00e9rents formats.","robots":{"index":"index","follow":"follow","max-snippet":"max-snippet:-1","max-image-preview":"max-image-preview:large","max-video-preview":"max-video-preview:-1"},"canonical":"https:\/\/www.alquera.com\/fr\/ferricianuro-de-potasa-rojo\/","og_locale":"fr_FR","og_type":"article","og_title":"Ferricianuro de Potasa Rojo: Comprar Online - Alquera.com","og_description":"ENV\u00cdOS EN 24\/48H. Comprar Ferricianuro de Potasa Rojo. Utilizado como reactivo en fotograf\u00eda y t\u00e9cnicas de an\u00e1lisis en laboratorio. Distintos formatos.","og_url":"https:\/\/www.alquera.com\/fr\/ferricianuro-de-potasa-rojo\/","og_site_name":"Alquera.com","article_publisher":"https:\/\/www.facebook.com\/alqueraciencia","article_modified_time":"2026-05-12T18:38:37+00:00","og_image":[{"width":1024,"height":994,"url":"https:\/\/www.alquera.com\/wp-content\/uploads\/2016\/05\/ferricianuro-100g-foto-nueva-1024x994.png","type":"image\/png"}],"twitter_card":"summary_large_image","twitter_misc":{"Disponibilit\u00e9":"En stock"},"schema":{"@context":"https:\/\/schema.org","@graph":[{"@type":["WebPage","ItemPage"],"@id":"https:\/\/www.alquera.com\/ferricianuro-de-potasa-rojo\/","url":"https:\/\/www.alquera.com\/ferricianuro-de-potasa-rojo\/","name":"Ferricyanure de potasse rouge : Achat en ligne - Alquera.com","isPartOf":{"@id":"https:\/\/www.alquera.com\/en\/#website"},"primaryImageOfPage":{"@id":"https:\/\/www.alquera.com\/ferricianuro-de-potasa-rojo\/#primaryimage"},"image":{"@id":"https:\/\/www.alquera.com\/ferricianuro-de-potasa-rojo\/#primaryimage"},"thumbnailUrl":"https:\/\/www.alquera.com\/wp-content\/uploads\/2016\/05\/ferricianuro-100g-foto-nueva.png","datePublished":"2016-05-06T13:21:12+00:00","dateModified":"2026-05-12T18:38:37+00:00","description":"EXP\u00c9DITION 24\/48H. Acheter du Ferricyanure de Potassium Rouge. Utilis\u00e9 comme r\u00e9actif dans la photographie et les techniques d'analyse en laboratoire. Diff\u00e9rents formats.","breadcrumb":{"@id":"https:\/\/www.alquera.com\/ferricianuro-de-potasa-rojo\/#breadcrumb"},"inLanguage":"fr-FR","potentialAction":[{"@type":"ReadAction","target":["https:\/\/www.alquera.com\/ferricianuro-de-potasa-rojo\/"]}]},{"@type":"ImageObject","inLanguage":"fr-FR","@id":"https:\/\/www.alquera.com\/ferricianuro-de-potasa-rojo\/#primaryimage","url":"https:\/\/www.alquera.com\/wp-content\/uploads\/2016\/05\/ferricianuro-100g-foto-nueva.png","contentUrl":"https:\/\/www.alquera.com\/wp-content\/uploads\/2016\/05\/ferricianuro-100g-foto-nueva.png","width":2473,"height":2400,"caption":"Ferricianuro 100g"},{"@type":"BreadcrumbList","@id":"https:\/\/www.alquera.com\/ferricianuro-de-potasa-rojo\/#breadcrumb","itemListElement":[{"@type":"ListItem","position":1,"name":"Inicio","item":"https:\/\/www.alquera.com\/"},{"@type":"ListItem","position":2,"name":"Alquera.com: Tienda Online de Productos Qu\u00edmicos y Material de Laboratorio","item":"https:\/\/www.alquera.com\/en\/tienda\/"},{"@type":"ListItem","position":3,"name":"Ferricianuro de Potasa Rojo"}]},{"@type":"WebSite","@id":"https:\/\/www.alquera.com\/en\/#website","url":"https:\/\/www.alquera.com\/en\/","name":"Alquera.com","description":"Boutique en ligne Produits chimiques et \u00e9quipements de laboratoire","publisher":{"@id":"https:\/\/www.alquera.com\/en\/#organization"},"potentialAction":[{"@type":"SearchAction","target":{"@type":"EntryPoint","urlTemplate":"https:\/\/www.alquera.com\/en\/?s={search_term_string}"},"query-input":{"@type":"PropertyValueSpecification","valueRequired":true,"valueName":"search_term_string"}}],"inLanguage":"fr-FR"},{"@type":"Organization","@id":"https:\/\/www.alquera.com\/en\/#organization","name":"ALQUERA CIENCIA SL","url":"https:\/\/www.alquera.com\/en\/","logo":{"@type":"ImageObject","inLanguage":"fr-FR","@id":"https:\/\/www.alquera.com\/en\/#\/schema\/logo\/image\/","url":"https:\/\/www.alquera.com\/wp-content\/uploads\/2020\/11\/logo_300_ancho.png","contentUrl":"https:\/\/www.alquera.com\/wp-content\/uploads\/2020\/11\/logo_300_ancho.png","width":300,"height":86,"caption":"ALQUERA CIENCIA SL"},"image":{"@id":"https:\/\/www.alquera.com\/en\/#\/schema\/logo\/image\/"},"sameAs":["https:\/\/www.facebook.com\/alqueraciencia","https:\/\/www.instagram.com\/alquera_ciencia\/","https:\/\/www.youtube.com\/c\/alquera"]}]},"og_availability":"instock","product_availability":"instock","product_condition":"new"},"_links":{"self":[{"href":"https:\/\/www.alquera.com\/fr\/wp-json\/wp\/v2\/product\/584","targetHints":{"allow":["GET"]}}],"collection":[{"href":"https:\/\/www.alquera.com\/fr\/wp-json\/wp\/v2\/product"}],"about":[{"href":"https:\/\/www.alquera.com\/fr\/wp-json\/wp\/v2\/types\/product"}],"replies":[{"embeddable":true,"href":"https:\/\/www.alquera.com\/fr\/wp-json\/wp\/v2\/comments?post=584"}],"wp:featuredmedia":[{"embeddable":true,"href":"https:\/\/www.alquera.com\/fr\/wp-json\/wp\/v2\/media\/52387"}],"wp:attachment":[{"href":"https:\/\/www.alquera.com\/fr\/wp-json\/wp\/v2\/media?parent=584"}],"wp:term":[{"taxonomy":"product_brand","embeddable":true,"href":"https:\/\/www.alquera.com\/fr\/wp-json\/wp\/v2\/product_brand?post=584"},{"taxonomy":"product_cat","embeddable":true,"href":"https:\/\/www.alquera.com\/fr\/wp-json\/wp\/v2\/product_cat?post=584"},{"taxonomy":"product_tag","embeddable":true,"href":"https:\/\/www.alquera.com\/fr\/wp-json\/wp\/v2\/product_tag?post=584"}],"curies":[{"name":"wp","href":"https:\/\/api.w.org\/{rel}","templated":true}]}}