{"id":702,"date":"2017-01-16T10:31:52","date_gmt":"2017-01-16T10:31:52","guid":{"rendered":"http:\/\/localhost\/alquera\/productos\/producto\/carbonato-de-sodio-5kg\/"},"modified":"2026-04-28T19:51:55","modified_gmt":"2026-04-28T19:51:55","slug":"carbonato-de-sodio","status":"publish","type":"product","link":"https:\/\/www.alquera.com\/fr\/carbonato-de-sodio\/","title":{"rendered":"Carbonate de Sodium"},"content":{"rendered":"<p>Le carbonate de sodium est \u00e9galement connu sous le nom de Sosa Solvay. C\u2019est un sel blanc. Les domaines d\u2019utilisation du carbonate de sodium comprennent entre autres la fabrication de savon, de verre et de colorants. Il est \u00e9galement connu comme baril, Natron, soude Solway, soude Solvay, soude Ash, cendres de soude et de la soude. El nombre de Solvay se le da por Eduard Solvay que descubri\u00f3 el <strong>m\u00e9thode Solvay<\/strong> est un utilis\u00e9 pour la fabrication de 95% de carbonate de sodium au niveau industriel. Vous pouvez t\u00e9l\u00e9charger ici la fiche de s\u00e9curit\u00e9 internationale du carbonate de sodium. <a href=\"https:\/\/www.alquera.com\/fr\/?attachment_id=33099\" target=\"_blank\" rel=\"attachment noopener wp-att-33099 noreferrer\">ICSC 1135 \u2013 CARBONATE DE SODIUM<\/a><\/p>\n<h2>IDENTIFICATION ET PROPI\u00c9T\u00c9S<\/h2>\n<p><strong>Nom:<\/strong> Carbonate de Sodium<br \/>\n<strong>CAS:<\/strong> 497-19-8<br \/>\n<strong>CE:<\/strong> 207-838-8<\/p>\n<ul>\n<li>Aspect\u00a0: Poudre cristalline blanche<\/li>\n<li>Odeur: Sans odeur<\/li>\n<li>pH (au 4 g\/l, 25\u00baC): 11,16<\/li>\n<li>pH ( au 10 g\/l, 25\u00baC): &gt;12<\/li>\n<li>Point de fusion\u00a0: 851\u00baC<\/li>\n<li>Presion de vapeur (20\u00baC): N\u00e9gligeable<\/li>\n<li>Densit\u00e9 relative (20\u00baC)\u00a0: 2,53 g\/cm3<\/li>\n<li>Densit\u00e9 apparente\u00a0: 0,5 - 0,6 kg\/dm3 (chute libre) L\u00c9GER 0,97 - 1,1 kg\/dm3 (chute libre) DENSE<\/li>\n<li>Solubilit\u00e9 dans l\u2019eau (0\u00baC)\u00a0: 71 g\/l<\/li>\n<li>Solubilit\u00e9 dans l\u2019eau (20\u00baC)\u00a0: 212,5 g\/l<\/li>\n<li>Temp\u00e9rature de d\u00e9composition: &gt;400\u00baC<\/li>\n<li>Propi\u00e9t\u00e9s comburantes: Non comburant<\/li>\n<\/ul>\n<h2>USAGES<\/h2>\n<ul>\n<li>Industrie du verre<\/li>\n<li>D\u00e9tergents<\/li>\n<li>Industrie chimique<\/li>\n<li>M\u00e9tallurgie<\/li>\n<li>Purification des gaz<\/li>\n<li>Traitement de l'eau<\/li>\n<\/ul>\n<p>&nbsp;<\/p>","protected":false},"excerpt":{"rendered":"<p>Acheter Carbonate de Sodium dans sachets de 1Kg jusqu'\u00e0 sacs de 25Kg. Le prix des diff\u00e9rents formats de Carbonate de Sodium vous pouvez le voir en s\u00e9lectionnant le format que vous souhaitez. La commande se r\u00e9alise directement par la web et vous devez suivre les \u00e9tapes indiqu\u00e9es. L'envoie se fait par UPS et vous le recevrez dans 4-5 jours.<\/p>","protected":false},"featured_media":57435,"comment_status":"open","ping_status":"closed","template":"","meta":{"_acf_changed":false,"site-sidebar-layout":"default","site-content-layout":"default","ast-site-content-layout":"default","site-content-style":"default","site-sidebar-style":"default","ast-global-header-display":"","ast-banner-title-visibility":"","ast-main-header-display":"","ast-hfb-above-header-display":"","ast-hfb-below-header-display":"","ast-hfb-mobile-header-display":"","site-post-title":"","ast-breadcrumbs-content":"","ast-featured-img":"","footer-sml-layout":"","ast-disable-related-posts":"","theme-transparent-header-meta":"default","adv-header-id-meta":"","stick-header-meta":"default","header-above-stick-meta":"","header-main-stick-meta":"","header-below-stick-meta":"","astra-migrate-meta-layouts":"set","ast-page-background-enabled":"default","ast-page-background-meta":{"desktop":{"background-color":"var(--ast-global-color-4)","background-image":"","background-repeat":"repeat","background-position":"center center","background-size":"auto","background-attachment":"scroll","background-type":"","background-media":"","overlay-type":"","overlay-color":"","overlay-opacity":"","overlay-gradient":""},"tablet":{"background-color":"","background-image":"","background-repeat":"repeat","background-position":"center center","background-size":"auto","background-attachment":"scroll","background-type":"","background-media":"","overlay-type":"","overlay-color":"","overlay-opacity":"","overlay-gradient":""},"mobile":{"background-color":"","background-image":"","background-repeat":"repeat","background-position":"center center","background-size":"auto","background-attachment":"scroll","background-type":"","background-media":"","overlay-type":"","overlay-color":"","overlay-opacity":"","overlay-gradient":""}},"ast-content-background-meta":{"desktop":{"background-color":"var(--ast-global-color-5)","background-image":"","background-repeat":"repeat","background-position":"center center","background-size":"auto","background-attachment":"scroll","background-type":"","background-media":"","overlay-type":"","overlay-color":"","overlay-opacity":"","overlay-gradient":""},"tablet":{"background-color":"var(--ast-global-color-5)","background-image":"","background-repeat":"repeat","background-position":"center center","background-size":"auto","background-attachment":"scroll","background-type":"","background-media":"","overlay-type":"","overlay-color":"","overlay-opacity":"","overlay-gradient":""},"mobile":{"background-color":"var(--ast-global-color-5)","background-image":"","background-repeat":"repeat","background-position":"center center","background-size":"auto","background-attachment":"scroll","background-type":"","background-media":"","overlay-type":"","overlay-color":"","overlay-opacity":"","overlay-gradient":""}}},"product_brand":[],"product_cat":[21],"product_tag":[],"class_list":{"0":"post-702","1":"product","2":"type-product","3":"status-publish","4":"has-post-thumbnail","6":"product_cat-productos","7":"pa_cantidad-250g","8":"pa_cantidad-1kg","9":"pa_cantidad-5kg","10":"pa_cantidad-25kg","11":"desktop-align-left","12":"tablet-align-left","13":"mobile-align-left","14":"ast-product-gallery-layout-horizontal-slider","15":"ast-magnify-disabled","16":"ast-product-single-variable","17":"ast-product-tabs-layout-horizontal","18":"ast-qv-on-image","20":"first","21":"instock","22":"taxable","23":"shipping-taxable","24":"purchasable","25":"product-type-variable","26":"has-default-attributes"},"acf":[],"yoast_head":"<!-- This site is optimized with the Yoast SEO Premium plugin v27.1 (Yoast SEO v27.1.1) - https:\/\/yoast.com\/product\/yoast-seo-premium-wordpress\/ -->\n<title>Carbonato de Sodio: Comprar Online - Alquera.com<\/title>\n<meta name=\"description\" content=\"Comprar Carbonato de Sodio, tambi\u00e9n como Sosa Solvay. Utilizado para fabricaci\u00f3n de\u00a0jab\u00f3n,\u00a0vidrio\u00a0y tintes. ENV\u00cdO 24\/48 HORAS.\" \/>\n<meta name=\"robots\" content=\"index, follow, max-snippet:-1, max-image-preview:large, max-video-preview:-1\" \/>\n<link rel=\"canonical\" href=\"https:\/\/www.alquera.com\/fr\/carbonato-de-sodio\/\" \/>\n<meta property=\"og:locale\" content=\"fr_FR\" \/>\n<meta property=\"og:type\" content=\"article\" \/>\n<meta property=\"og:title\" content=\"Carbonato de Sodio: Comprar Online - Alquera.com\" \/>\n<meta property=\"og:description\" content=\"Comprar Carbonato de Sodio, tambi\u00e9n como Sosa Solvay. Utilizado para fabricaci\u00f3n de\u00a0jab\u00f3n,\u00a0vidrio\u00a0y tintes. ENV\u00cdO 24\/48 HORAS.\" \/>\n<meta property=\"og:url\" content=\"https:\/\/www.alquera.com\/fr\/carbonato-de-sodio\/\" \/>\n<meta property=\"og:site_name\" content=\"Alquera.com\" \/>\n<meta property=\"article:publisher\" content=\"https:\/\/www.facebook.com\/alqueraciencia\" \/>\n<meta property=\"article:modified_time\" content=\"2026-04-28T19:51:55+00:00\" \/>\n<meta property=\"og:image\" content=\"https:\/\/www.alquera.com\/wp-content\/uploads\/2017\/01\/Carbonato-de-Sodio-1kg-Amazon-1024x1014.png\" \/>\n\t<meta property=\"og:image:width\" content=\"1024\" \/>\n\t<meta property=\"og:image:height\" content=\"1014\" \/>\n\t<meta property=\"og:image:type\" content=\"image\/png\" \/>\n<meta name=\"twitter:card\" content=\"summary_large_image\" \/>\n<meta name=\"twitter:label1\" content=\"Disponibilit\u00e9\" \/>\n\t<meta name=\"twitter:data1\" content=\"En stock\" \/>\n<script type=\"application\/ld+json\" class=\"yoast-schema-graph\">{\"@context\":\"https:\/\/schema.org\",\"@graph\":[{\"@type\":[\"WebPage\",\"ItemPage\"],\"@id\":\"https:\/\/www.alquera.com\/carbonato-de-sodio\/\",\"url\":\"https:\/\/www.alquera.com\/carbonato-de-sodio\/\",\"name\":\"Carbonato de Sodio: Comprar Online - Alquera.com\",\"isPartOf\":{\"@id\":\"https:\/\/www.alquera.com\/en\/#website\"},\"primaryImageOfPage\":{\"@id\":\"https:\/\/www.alquera.com\/carbonato-de-sodio\/#primaryimage\"},\"image\":{\"@id\":\"https:\/\/www.alquera.com\/carbonato-de-sodio\/#primaryimage\"},\"thumbnailUrl\":\"https:\/\/www.alquera.com\/wp-content\/uploads\/2017\/01\/Carbonato-de-Sodio-1kg-Amazon.png\",\"datePublished\":\"2017-01-16T10:31:52+00:00\",\"dateModified\":\"2026-04-28T19:51:55+00:00\",\"description\":\"Comprar Carbonato de Sodio, tambi\u00e9n como Sosa Solvay. Utilizado para fabricaci\u00f3n de\u00a0jab\u00f3n,\u00a0vidrio\u00a0y tintes. ENV\u00cdO 24\/48 HORAS.\",\"breadcrumb\":{\"@id\":\"https:\/\/www.alquera.com\/carbonato-de-sodio\/#breadcrumb\"},\"inLanguage\":\"fr-FR\",\"potentialAction\":[{\"@type\":\"ReadAction\",\"target\":[\"https:\/\/www.alquera.com\/carbonato-de-sodio\/\"]}]},{\"@type\":\"ImageObject\",\"inLanguage\":\"fr-FR\",\"@id\":\"https:\/\/www.alquera.com\/carbonato-de-sodio\/#primaryimage\",\"url\":\"https:\/\/www.alquera.com\/wp-content\/uploads\/2017\/01\/Carbonato-de-Sodio-1kg-Amazon.png\",\"contentUrl\":\"https:\/\/www.alquera.com\/wp-content\/uploads\/2017\/01\/Carbonato-de-Sodio-1kg-Amazon.png\",\"width\":2268,\"height\":2246,\"caption\":\"Carbonato de Sodio 1kg\"},{\"@type\":\"BreadcrumbList\",\"@id\":\"https:\/\/www.alquera.com\/carbonato-de-sodio\/#breadcrumb\",\"itemListElement\":[{\"@type\":\"ListItem\",\"position\":1,\"name\":\"Inicio\",\"item\":\"https:\/\/www.alquera.com\/\"},{\"@type\":\"ListItem\",\"position\":2,\"name\":\"Alquera.com: Tienda Online de Productos Qu\u00edmicos y Material de Laboratorio\",\"item\":\"https:\/\/www.alquera.com\/en\/tienda\/\"},{\"@type\":\"ListItem\",\"position\":3,\"name\":\"Carbonato de Sodio\"}]},{\"@type\":\"WebSite\",\"@id\":\"https:\/\/www.alquera.com\/en\/#website\",\"url\":\"https:\/\/www.alquera.com\/en\/\",\"name\":\"Alquera.com\",\"description\":\"Tienda Online Productos Qu\u00edmicos y Material de Laboratorio\",\"publisher\":{\"@id\":\"https:\/\/www.alquera.com\/en\/#organization\"},\"potentialAction\":[{\"@type\":\"SearchAction\",\"target\":{\"@type\":\"EntryPoint\",\"urlTemplate\":\"https:\/\/www.alquera.com\/en\/?s={search_term_string}\"},\"query-input\":{\"@type\":\"PropertyValueSpecification\",\"valueRequired\":true,\"valueName\":\"search_term_string\"}}],\"inLanguage\":\"fr-FR\"},{\"@type\":\"Organization\",\"@id\":\"https:\/\/www.alquera.com\/en\/#organization\",\"name\":\"ALQUERA CIENCIA SL\",\"url\":\"https:\/\/www.alquera.com\/en\/\",\"logo\":{\"@type\":\"ImageObject\",\"inLanguage\":\"fr-FR\",\"@id\":\"https:\/\/www.alquera.com\/en\/#\/schema\/logo\/image\/\",\"url\":\"https:\/\/www.alquera.com\/wp-content\/uploads\/2020\/11\/logo_300_ancho.png\",\"contentUrl\":\"https:\/\/www.alquera.com\/wp-content\/uploads\/2020\/11\/logo_300_ancho.png\",\"width\":300,\"height\":86,\"caption\":\"ALQUERA CIENCIA SL\"},\"image\":{\"@id\":\"https:\/\/www.alquera.com\/en\/#\/schema\/logo\/image\/\"},\"sameAs\":[\"https:\/\/www.facebook.com\/alqueraciencia\",\"https:\/\/www.instagram.com\/alquera_ciencia\/\",\"https:\/\/www.youtube.com\/c\/alquera\"]}]}<\/script>\n<meta property=\"og:availability\" content=\"instock\" \/>\n<meta property=\"product:availability\" content=\"instock\" \/>\n<meta property=\"product:condition\" content=\"new\" \/>\n<!-- \/ Yoast SEO Premium plugin. -->","yoast_head_json":{"title":"Carbonate de sodium : Acheter en ligne - Alquera.com","description":"ENVOIS 24\/48H. Acheter Carbonate de Sodium, \u00e9galement comme Sosa Solvay. Utilis\u00e9 pour la fabrication de savon, verre et colorants.","robots":{"index":"index","follow":"follow","max-snippet":"max-snippet:-1","max-image-preview":"max-image-preview:large","max-video-preview":"max-video-preview:-1"},"canonical":"https:\/\/www.alquera.com\/fr\/carbonato-de-sodio\/","og_locale":"fr_FR","og_type":"article","og_title":"Carbonato de Sodio: Comprar Online - Alquera.com","og_description":"Comprar Carbonato de Sodio, tambi\u00e9n como Sosa Solvay. Utilizado para fabricaci\u00f3n de\u00a0jab\u00f3n,\u00a0vidrio\u00a0y tintes. ENV\u00cdO 24\/48 HORAS.","og_url":"https:\/\/www.alquera.com\/fr\/carbonato-de-sodio\/","og_site_name":"Alquera.com","article_publisher":"https:\/\/www.facebook.com\/alqueraciencia","article_modified_time":"2026-04-28T19:51:55+00:00","og_image":[{"width":1024,"height":1014,"url":"https:\/\/www.alquera.com\/wp-content\/uploads\/2017\/01\/Carbonato-de-Sodio-1kg-Amazon-1024x1014.png","type":"image\/png"}],"twitter_card":"summary_large_image","twitter_misc":{"Disponibilit\u00e9":"En stock"},"schema":{"@context":"https:\/\/schema.org","@graph":[{"@type":["WebPage","ItemPage"],"@id":"https:\/\/www.alquera.com\/carbonato-de-sodio\/","url":"https:\/\/www.alquera.com\/carbonato-de-sodio\/","name":"Carbonate de sodium : Acheter en ligne - Alquera.com","isPartOf":{"@id":"https:\/\/www.alquera.com\/en\/#website"},"primaryImageOfPage":{"@id":"https:\/\/www.alquera.com\/carbonato-de-sodio\/#primaryimage"},"image":{"@id":"https:\/\/www.alquera.com\/carbonato-de-sodio\/#primaryimage"},"thumbnailUrl":"https:\/\/www.alquera.com\/wp-content\/uploads\/2017\/01\/Carbonato-de-Sodio-1kg-Amazon.png","datePublished":"2017-01-16T10:31:52+00:00","dateModified":"2026-04-28T19:51:55+00:00","description":"ENVOIS 24\/48H. Acheter Carbonate de Sodium, \u00e9galement comme Sosa Solvay. Utilis\u00e9 pour la fabrication de savon, verre et colorants.","breadcrumb":{"@id":"https:\/\/www.alquera.com\/carbonato-de-sodio\/#breadcrumb"},"inLanguage":"fr-FR","potentialAction":[{"@type":"ReadAction","target":["https:\/\/www.alquera.com\/carbonato-de-sodio\/"]}]},{"@type":"ImageObject","inLanguage":"fr-FR","@id":"https:\/\/www.alquera.com\/carbonato-de-sodio\/#primaryimage","url":"https:\/\/www.alquera.com\/wp-content\/uploads\/2017\/01\/Carbonato-de-Sodio-1kg-Amazon.png","contentUrl":"https:\/\/www.alquera.com\/wp-content\/uploads\/2017\/01\/Carbonato-de-Sodio-1kg-Amazon.png","width":2268,"height":2246,"caption":"Carbonato de Sodio 1kg"},{"@type":"BreadcrumbList","@id":"https:\/\/www.alquera.com\/carbonato-de-sodio\/#breadcrumb","itemListElement":[{"@type":"ListItem","position":1,"name":"Inicio","item":"https:\/\/www.alquera.com\/"},{"@type":"ListItem","position":2,"name":"Alquera.com: Tienda Online de Productos Qu\u00edmicos y Material de Laboratorio","item":"https:\/\/www.alquera.com\/en\/tienda\/"},{"@type":"ListItem","position":3,"name":"Carbonato de Sodio"}]},{"@type":"WebSite","@id":"https:\/\/www.alquera.com\/en\/#website","url":"https:\/\/www.alquera.com\/en\/","name":"Alquera.com","description":"Boutique en ligne Produits chimiques et \u00e9quipements de laboratoire","publisher":{"@id":"https:\/\/www.alquera.com\/en\/#organization"},"potentialAction":[{"@type":"SearchAction","target":{"@type":"EntryPoint","urlTemplate":"https:\/\/www.alquera.com\/en\/?s={search_term_string}"},"query-input":{"@type":"PropertyValueSpecification","valueRequired":true,"valueName":"search_term_string"}}],"inLanguage":"fr-FR"},{"@type":"Organization","@id":"https:\/\/www.alquera.com\/en\/#organization","name":"ALQUERA CIENCIA SL","url":"https:\/\/www.alquera.com\/en\/","logo":{"@type":"ImageObject","inLanguage":"fr-FR","@id":"https:\/\/www.alquera.com\/en\/#\/schema\/logo\/image\/","url":"https:\/\/www.alquera.com\/wp-content\/uploads\/2020\/11\/logo_300_ancho.png","contentUrl":"https:\/\/www.alquera.com\/wp-content\/uploads\/2020\/11\/logo_300_ancho.png","width":300,"height":86,"caption":"ALQUERA CIENCIA SL"},"image":{"@id":"https:\/\/www.alquera.com\/en\/#\/schema\/logo\/image\/"},"sameAs":["https:\/\/www.facebook.com\/alqueraciencia","https:\/\/www.instagram.com\/alquera_ciencia\/","https:\/\/www.youtube.com\/c\/alquera"]}]},"og_availability":"instock","product_availability":"instock","product_condition":"new"},"_links":{"self":[{"href":"https:\/\/www.alquera.com\/fr\/wp-json\/wp\/v2\/product\/702","targetHints":{"allow":["GET"]}}],"collection":[{"href":"https:\/\/www.alquera.com\/fr\/wp-json\/wp\/v2\/product"}],"about":[{"href":"https:\/\/www.alquera.com\/fr\/wp-json\/wp\/v2\/types\/product"}],"replies":[{"embeddable":true,"href":"https:\/\/www.alquera.com\/fr\/wp-json\/wp\/v2\/comments?post=702"}],"wp:featuredmedia":[{"embeddable":true,"href":"https:\/\/www.alquera.com\/fr\/wp-json\/wp\/v2\/media\/57435"}],"wp:attachment":[{"href":"https:\/\/www.alquera.com\/fr\/wp-json\/wp\/v2\/media?parent=702"}],"wp:term":[{"taxonomy":"product_brand","embeddable":true,"href":"https:\/\/www.alquera.com\/fr\/wp-json\/wp\/v2\/product_brand?post=702"},{"taxonomy":"product_cat","embeddable":true,"href":"https:\/\/www.alquera.com\/fr\/wp-json\/wp\/v2\/product_cat?post=702"},{"taxonomy":"product_tag","embeddable":true,"href":"https:\/\/www.alquera.com\/fr\/wp-json\/wp\/v2\/product_tag?post=702"}],"curies":[{"name":"wp","href":"https:\/\/api.w.org\/{rel}","templated":true}]}}