{"id":733,"date":"2017-01-24T13:47:15","date_gmt":"2017-01-24T13:47:15","guid":{"rendered":"http:\/\/localhost\/alquera\/productos\/producto\/nitrato-de-calcio-1kg\/"},"modified":"2026-05-16T23:45:08","modified_gmt":"2026-05-16T23:45:08","slug":"nitrato-de-calcio","status":"publish","type":"product","link":"https:\/\/www.alquera.com\/fr\/nitrato-de-calcio\/","title":{"rendered":"Nitrate de Calcium"},"content":{"rendered":"<p>Le nitrate de calcium trouv\u00e9 dans Alquera est hautement soluble, ne laissant aucun r\u00e9sidu, et est appliqu\u00e9 avec n\u2019importe quelle m\u00e9thode de fertirrigation,  peut \u00eatre m\u00e9lang\u00e9 avec tous les engrais, sauf avec des phosphates et des sulfates. Avec du nitrate de calcium, non seulement vous apportez du calcium \u00e0 la plante, mais c\u2019est aussi une source d\u2019azote. L\u2019azote est enti\u00e8rement disponible pour la plante.<\/p>\n<div><span style=\"font-size: 1.7em; font-weight: bold;\">IDENTIFICATION ET PROPI\u00c9T\u00c9S<\/span><\/div>\n<div>\n<p><strong>Nom:<\/strong> Nitrate de Calcium<br \/>\n<strong>CAS:<\/strong> 15245-12-2<br \/>\n<strong>CE:<\/strong> 239-289-5<\/p>\n<ul>\n<li>Aspect: Solide (granules)<\/li>\n<li>Couleur: Blanc<\/li>\n<li>Odeur: Sans odeur<\/li>\n<li>pH: 5-7 (Conc. (% p\/p: 110 g\/l)<\/li>\n<li>Point de fusion\/ point de cong\u00e9lation: 400\u00baC<\/li>\n<li>Inflammabilit\u00e9 (solide\/gaz): Non inflammable<\/li>\n<li>Densit\u00e9 relative\u00a0: 2,05<\/li>\n<li>Densit\u00e9 apparente\u00a0: 1.100 kg\/m3<\/li>\n<li>Solubilit\u00e9(s)\u00a0: &gt;100 g\/l.\u00a0 Facilement soluble dans les mat\u00e9riaux suivants\u00a0: eau froide<\/li>\n<li>Propi\u00e9t\u00e9s explosives: Non explosif<\/li>\n<li>Propi\u00e9t\u00e9s comburantes: Non comburant<\/li>\n<li>Solubilit\u00e9 dans l'eau: &gt;100 g\/l<\/li>\n<\/ul>\n<h2>UTILISATIONS DU NITRATE DE CALCIUM<\/h2>\n<ul>\n<li>Utilisation industrielle pour la pr\u00e9paration de m\u00e9langes de chimiques<\/li>\n<li>Pr\u00e9paration professionnelle de produits fertilisants<\/li>\n<li>Utilisation professionnelle comme engrais dans une ferme\u00a0: chargement et \u00e9pandage<\/li>\n<li>Utilisation professionnelle comme engrais dans les serres<\/li>\n<li>Utilisation professionnelle comme engrais liquide en plein champ<\/li>\n<\/ul>\n<\/div>\n<p>&nbsp;<\/p>\n<p>&nbsp;<\/p>\n<p>&nbsp;<\/p>\n<p>&nbsp;<\/p>\n<p>&nbsp;<\/p>\n<p>&nbsp;<\/p>\n<p>&nbsp;<\/p>","protected":false},"excerpt":{"rendered":"<p>Acheter Nitrate de calcium dans sachets de 1Kg jusqu'\u00e0 sacs de 25Kg. Le prix des diff\u00e9rents formats de nitrate de calcium vous pouvez le voir en s\u00e9lectionnant le format que vous souhaitez. La commande se r\u00e9alise directement par la web et vous devez suivre les \u00e9tapes indiqu\u00e9es. L'envoie se fait par UPS et vous le recevrez dans 4-5 jours.<\/p>","protected":false},"featured_media":732,"comment_status":"open","ping_status":"closed","template":"","meta":{"_acf_changed":false,"site-sidebar-layout":"default","site-content-layout":"default","ast-site-content-layout":"default","site-content-style":"default","site-sidebar-style":"default","ast-global-header-display":"","ast-banner-title-visibility":"","ast-main-header-display":"","ast-hfb-above-header-display":"","ast-hfb-below-header-display":"","ast-hfb-mobile-header-display":"","site-post-title":"","ast-breadcrumbs-content":"","ast-featured-img":"","footer-sml-layout":"","ast-disable-related-posts":"","theme-transparent-header-meta":"default","adv-header-id-meta":"","stick-header-meta":"default","header-above-stick-meta":"","header-main-stick-meta":"","header-below-stick-meta":"","astra-migrate-meta-layouts":"default","ast-page-background-enabled":"default","ast-page-background-meta":{"desktop":{"background-color":"var(--ast-global-color-4)","background-image":"","background-repeat":"repeat","background-position":"center center","background-size":"auto","background-attachment":"scroll","background-type":"","background-media":"","overlay-type":"","overlay-color":"","overlay-opacity":"","overlay-gradient":""},"tablet":{"background-color":"","background-image":"","background-repeat":"repeat","background-position":"center center","background-size":"auto","background-attachment":"scroll","background-type":"","background-media":"","overlay-type":"","overlay-color":"","overlay-opacity":"","overlay-gradient":""},"mobile":{"background-color":"","background-image":"","background-repeat":"repeat","background-position":"center center","background-size":"auto","background-attachment":"scroll","background-type":"","background-media":"","overlay-type":"","overlay-color":"","overlay-opacity":"","overlay-gradient":""}},"ast-content-background-meta":{"desktop":{"background-color":"var(--ast-global-color-5)","background-image":"","background-repeat":"repeat","background-position":"center center","background-size":"auto","background-attachment":"scroll","background-type":"","background-media":"","overlay-type":"","overlay-color":"","overlay-opacity":"","overlay-gradient":""},"tablet":{"background-color":"var(--ast-global-color-5)","background-image":"","background-repeat":"repeat","background-position":"center center","background-size":"auto","background-attachment":"scroll","background-type":"","background-media":"","overlay-type":"","overlay-color":"","overlay-opacity":"","overlay-gradient":""},"mobile":{"background-color":"var(--ast-global-color-5)","background-image":"","background-repeat":"repeat","background-position":"center center","background-size":"auto","background-attachment":"scroll","background-type":"","background-media":"","overlay-type":"","overlay-color":"","overlay-opacity":"","overlay-gradient":""}}},"product_brand":[],"product_cat":[213],"product_tag":[],"class_list":{"0":"post-733","1":"product","2":"type-product","3":"status-publish","4":"has-post-thumbnail","6":"product_cat-agroquimicos","7":"pa_cantidad-1kg","8":"pa_cantidad-5kg","9":"pa_cantidad-25kg","10":"desktop-align-left","11":"tablet-align-left","12":"mobile-align-left","13":"ast-product-gallery-layout-horizontal-slider","14":"ast-magnify-disabled","15":"ast-product-single-variable","16":"ast-product-tabs-layout-horizontal","17":"ast-qv-on-image","19":"first","20":"instock","21":"taxable","22":"shipping-taxable","23":"purchasable","24":"product-type-variable","25":"has-default-attributes"},"acf":[],"yoast_head":"<!-- This site is optimized with the Yoast SEO Premium plugin v27.1 (Yoast SEO v27.1.1) - https:\/\/yoast.com\/product\/yoast-seo-premium-wordpress\/ -->\n<title>Nitrato de Calcio: Comprar Online - Alquera.com<\/title>\n<meta name=\"description\" content=\"Comprar Nitrato de Calcio en Alquera. El Calcio es uno de los nutrientes que necesitan las plantas para crecer. Formatos de 1 y 5Kg.\" \/>\n<meta name=\"robots\" content=\"index, follow, max-snippet:-1, max-image-preview:large, max-video-preview:-1\" \/>\n<link rel=\"canonical\" href=\"https:\/\/www.alquera.com\/fr\/nitrato-de-calcio\/\" \/>\n<meta property=\"og:locale\" content=\"fr_FR\" \/>\n<meta property=\"og:type\" content=\"article\" \/>\n<meta property=\"og:title\" content=\"Nitrato de Calcio: Comprar Online - Alquera.com\" \/>\n<meta property=\"og:description\" content=\"Comprar Nitrato de Calcio en Alquera. El Calcio es uno de los nutrientes que necesitan las plantas para crecer. Formatos de 1 y 5Kg.\" \/>\n<meta property=\"og:url\" content=\"https:\/\/www.alquera.com\/fr\/nitrato-de-calcio\/\" \/>\n<meta property=\"og:site_name\" content=\"Alquera.com\" \/>\n<meta property=\"article:publisher\" content=\"https:\/\/www.facebook.com\/alqueraciencia\" \/>\n<meta property=\"article:modified_time\" content=\"2026-05-16T23:45:08+00:00\" \/>\n<meta property=\"og:image\" content=\"https:\/\/www.alquera.com\/wp-content\/uploads\/2017\/01\/1138-thickbox_default-Nitrato-de-Calcio-1Kg.jpg\" \/>\n\t<meta property=\"og:image:width\" content=\"800\" \/>\n\t<meta property=\"og:image:height\" content=\"800\" \/>\n\t<meta property=\"og:image:type\" content=\"image\/jpeg\" \/>\n<meta name=\"twitter:card\" content=\"summary_large_image\" \/>\n<meta name=\"twitter:label1\" content=\"Disponibilit\u00e9\" \/>\n\t<meta name=\"twitter:data1\" content=\"En stock\" \/>\n<script type=\"application\/ld+json\" class=\"yoast-schema-graph\">{\"@context\":\"https:\/\/schema.org\",\"@graph\":[{\"@type\":[\"WebPage\",\"ItemPage\"],\"@id\":\"https:\/\/www.alquera.com\/nitrato-de-calcio\/\",\"url\":\"https:\/\/www.alquera.com\/nitrato-de-calcio\/\",\"name\":\"Nitrato de Calcio: Comprar Online - Alquera.com\",\"isPartOf\":{\"@id\":\"https:\/\/www.alquera.com\/en\/#website\"},\"primaryImageOfPage\":{\"@id\":\"https:\/\/www.alquera.com\/nitrato-de-calcio\/#primaryimage\"},\"image\":{\"@id\":\"https:\/\/www.alquera.com\/nitrato-de-calcio\/#primaryimage\"},\"thumbnailUrl\":\"https:\/\/www.alquera.com\/wp-content\/uploads\/2017\/01\/1138-thickbox_default-Nitrato-de-Calcio-1Kg.jpg\",\"datePublished\":\"2017-01-24T13:47:15+00:00\",\"dateModified\":\"2026-05-16T23:45:08+00:00\",\"description\":\"Comprar Nitrato de Calcio en Alquera. El Calcio es uno de los nutrientes que necesitan las plantas para crecer. Formatos de 1 y 5Kg.\",\"breadcrumb\":{\"@id\":\"https:\/\/www.alquera.com\/nitrato-de-calcio\/#breadcrumb\"},\"inLanguage\":\"fr-FR\",\"potentialAction\":[{\"@type\":\"ReadAction\",\"target\":[\"https:\/\/www.alquera.com\/nitrato-de-calcio\/\"]}]},{\"@type\":\"ImageObject\",\"inLanguage\":\"fr-FR\",\"@id\":\"https:\/\/www.alquera.com\/nitrato-de-calcio\/#primaryimage\",\"url\":\"https:\/\/www.alquera.com\/wp-content\/uploads\/2017\/01\/1138-thickbox_default-Nitrato-de-Calcio-1Kg.jpg\",\"contentUrl\":\"https:\/\/www.alquera.com\/wp-content\/uploads\/2017\/01\/1138-thickbox_default-Nitrato-de-Calcio-1Kg.jpg\",\"width\":800,\"height\":800,\"caption\":\"Nitrato de Calcio\"},{\"@type\":\"BreadcrumbList\",\"@id\":\"https:\/\/www.alquera.com\/nitrato-de-calcio\/#breadcrumb\",\"itemListElement\":[{\"@type\":\"ListItem\",\"position\":1,\"name\":\"Inicio\",\"item\":\"https:\/\/www.alquera.com\/\"},{\"@type\":\"ListItem\",\"position\":2,\"name\":\"Alquera.com: Tienda Online de Productos Qu\u00edmicos y Material de Laboratorio\",\"item\":\"https:\/\/www.alquera.com\/en\/tienda\/\"},{\"@type\":\"ListItem\",\"position\":3,\"name\":\"Nitrato de Calcio\"}]},{\"@type\":\"WebSite\",\"@id\":\"https:\/\/www.alquera.com\/en\/#website\",\"url\":\"https:\/\/www.alquera.com\/en\/\",\"name\":\"Alquera.com\",\"description\":\"Tienda Online Productos Qu\u00edmicos y Material de Laboratorio\",\"publisher\":{\"@id\":\"https:\/\/www.alquera.com\/en\/#organization\"},\"potentialAction\":[{\"@type\":\"SearchAction\",\"target\":{\"@type\":\"EntryPoint\",\"urlTemplate\":\"https:\/\/www.alquera.com\/en\/?s={search_term_string}\"},\"query-input\":{\"@type\":\"PropertyValueSpecification\",\"valueRequired\":true,\"valueName\":\"search_term_string\"}}],\"inLanguage\":\"fr-FR\"},{\"@type\":\"Organization\",\"@id\":\"https:\/\/www.alquera.com\/en\/#organization\",\"name\":\"ALQUERA CIENCIA SL\",\"url\":\"https:\/\/www.alquera.com\/en\/\",\"logo\":{\"@type\":\"ImageObject\",\"inLanguage\":\"fr-FR\",\"@id\":\"https:\/\/www.alquera.com\/en\/#\/schema\/logo\/image\/\",\"url\":\"https:\/\/www.alquera.com\/wp-content\/uploads\/2020\/11\/logo_300_ancho.png\",\"contentUrl\":\"https:\/\/www.alquera.com\/wp-content\/uploads\/2020\/11\/logo_300_ancho.png\",\"width\":300,\"height\":86,\"caption\":\"ALQUERA CIENCIA SL\"},\"image\":{\"@id\":\"https:\/\/www.alquera.com\/en\/#\/schema\/logo\/image\/\"},\"sameAs\":[\"https:\/\/www.facebook.com\/alqueraciencia\",\"https:\/\/www.instagram.com\/alquera_ciencia\/\",\"https:\/\/www.youtube.com\/c\/alquera\"]}]}<\/script>\n<meta property=\"og:availability\" content=\"instock\" \/>\n<meta property=\"product:availability\" content=\"instock\" \/>\n<meta property=\"product:condition\" content=\"new\" \/>\n<!-- \/ Yoast SEO Premium plugin. -->","yoast_head_json":{"title":"Nitrate de Calcium : Acheter en ligne - Alquera.com","description":"Acheter Nitrate de Calcium \u00e0 Alquera. Le Calcium est l\u2019un des nutriments dont les plantes ont besoin pour se d\u00e9velopper. Formats de 1 et 5 kg.","robots":{"index":"index","follow":"follow","max-snippet":"max-snippet:-1","max-image-preview":"max-image-preview:large","max-video-preview":"max-video-preview:-1"},"canonical":"https:\/\/www.alquera.com\/fr\/nitrato-de-calcio\/","og_locale":"fr_FR","og_type":"article","og_title":"Nitrato de Calcio: Comprar Online - Alquera.com","og_description":"Comprar Nitrato de Calcio en Alquera. El Calcio es uno de los nutrientes que necesitan las plantas para crecer. Formatos de 1 y 5Kg.","og_url":"https:\/\/www.alquera.com\/fr\/nitrato-de-calcio\/","og_site_name":"Alquera.com","article_publisher":"https:\/\/www.facebook.com\/alqueraciencia","article_modified_time":"2026-05-16T23:45:08+00:00","og_image":[{"width":800,"height":800,"url":"https:\/\/www.alquera.com\/wp-content\/uploads\/2017\/01\/1138-thickbox_default-Nitrato-de-Calcio-1Kg.jpg","type":"image\/jpeg"}],"twitter_card":"summary_large_image","twitter_misc":{"Disponibilit\u00e9":"En stock"},"schema":{"@context":"https:\/\/schema.org","@graph":[{"@type":["WebPage","ItemPage"],"@id":"https:\/\/www.alquera.com\/nitrato-de-calcio\/","url":"https:\/\/www.alquera.com\/nitrato-de-calcio\/","name":"Nitrate de Calcium : Acheter en ligne - Alquera.com","isPartOf":{"@id":"https:\/\/www.alquera.com\/en\/#website"},"primaryImageOfPage":{"@id":"https:\/\/www.alquera.com\/nitrato-de-calcio\/#primaryimage"},"image":{"@id":"https:\/\/www.alquera.com\/nitrato-de-calcio\/#primaryimage"},"thumbnailUrl":"https:\/\/www.alquera.com\/wp-content\/uploads\/2017\/01\/1138-thickbox_default-Nitrato-de-Calcio-1Kg.jpg","datePublished":"2017-01-24T13:47:15+00:00","dateModified":"2026-05-16T23:45:08+00:00","description":"Acheter Nitrate de Calcium \u00e0 Alquera. Le Calcium est l\u2019un des nutriments dont les plantes ont besoin pour se d\u00e9velopper. Formats de 1 et 5 kg.","breadcrumb":{"@id":"https:\/\/www.alquera.com\/nitrato-de-calcio\/#breadcrumb"},"inLanguage":"fr-FR","potentialAction":[{"@type":"ReadAction","target":["https:\/\/www.alquera.com\/nitrato-de-calcio\/"]}]},{"@type":"ImageObject","inLanguage":"fr-FR","@id":"https:\/\/www.alquera.com\/nitrato-de-calcio\/#primaryimage","url":"https:\/\/www.alquera.com\/wp-content\/uploads\/2017\/01\/1138-thickbox_default-Nitrato-de-Calcio-1Kg.jpg","contentUrl":"https:\/\/www.alquera.com\/wp-content\/uploads\/2017\/01\/1138-thickbox_default-Nitrato-de-Calcio-1Kg.jpg","width":800,"height":800,"caption":"Nitrato de Calcio"},{"@type":"BreadcrumbList","@id":"https:\/\/www.alquera.com\/nitrato-de-calcio\/#breadcrumb","itemListElement":[{"@type":"ListItem","position":1,"name":"Inicio","item":"https:\/\/www.alquera.com\/"},{"@type":"ListItem","position":2,"name":"Alquera.com: Tienda Online de Productos Qu\u00edmicos y Material de Laboratorio","item":"https:\/\/www.alquera.com\/en\/tienda\/"},{"@type":"ListItem","position":3,"name":"Nitrato de Calcio"}]},{"@type":"WebSite","@id":"https:\/\/www.alquera.com\/en\/#website","url":"https:\/\/www.alquera.com\/en\/","name":"Alquera.com","description":"Boutique en ligne Produits chimiques et \u00e9quipements de laboratoire","publisher":{"@id":"https:\/\/www.alquera.com\/en\/#organization"},"potentialAction":[{"@type":"SearchAction","target":{"@type":"EntryPoint","urlTemplate":"https:\/\/www.alquera.com\/en\/?s={search_term_string}"},"query-input":{"@type":"PropertyValueSpecification","valueRequired":true,"valueName":"search_term_string"}}],"inLanguage":"fr-FR"},{"@type":"Organization","@id":"https:\/\/www.alquera.com\/en\/#organization","name":"ALQUERA CIENCIA SL","url":"https:\/\/www.alquera.com\/en\/","logo":{"@type":"ImageObject","inLanguage":"fr-FR","@id":"https:\/\/www.alquera.com\/en\/#\/schema\/logo\/image\/","url":"https:\/\/www.alquera.com\/wp-content\/uploads\/2020\/11\/logo_300_ancho.png","contentUrl":"https:\/\/www.alquera.com\/wp-content\/uploads\/2020\/11\/logo_300_ancho.png","width":300,"height":86,"caption":"ALQUERA CIENCIA SL"},"image":{"@id":"https:\/\/www.alquera.com\/en\/#\/schema\/logo\/image\/"},"sameAs":["https:\/\/www.facebook.com\/alqueraciencia","https:\/\/www.instagram.com\/alquera_ciencia\/","https:\/\/www.youtube.com\/c\/alquera"]}]},"og_availability":"instock","product_availability":"instock","product_condition":"new"},"_links":{"self":[{"href":"https:\/\/www.alquera.com\/fr\/wp-json\/wp\/v2\/product\/733","targetHints":{"allow":["GET"]}}],"collection":[{"href":"https:\/\/www.alquera.com\/fr\/wp-json\/wp\/v2\/product"}],"about":[{"href":"https:\/\/www.alquera.com\/fr\/wp-json\/wp\/v2\/types\/product"}],"replies":[{"embeddable":true,"href":"https:\/\/www.alquera.com\/fr\/wp-json\/wp\/v2\/comments?post=733"}],"wp:featuredmedia":[{"embeddable":true,"href":"https:\/\/www.alquera.com\/fr\/wp-json\/wp\/v2\/media\/732"}],"wp:attachment":[{"href":"https:\/\/www.alquera.com\/fr\/wp-json\/wp\/v2\/media?parent=733"}],"wp:term":[{"taxonomy":"product_brand","embeddable":true,"href":"https:\/\/www.alquera.com\/fr\/wp-json\/wp\/v2\/product_brand?post=733"},{"taxonomy":"product_cat","embeddable":true,"href":"https:\/\/www.alquera.com\/fr\/wp-json\/wp\/v2\/product_cat?post=733"},{"taxonomy":"product_tag","embeddable":true,"href":"https:\/\/www.alquera.com\/fr\/wp-json\/wp\/v2\/product_tag?post=733"}],"curies":[{"name":"wp","href":"https:\/\/api.w.org\/{rel}","templated":true}]}}