{"id":744,"date":"2017-01-26T13:19:01","date_gmt":"2017-01-26T13:19:01","guid":{"rendered":"http:\/\/localhost\/alquera\/productos\/producto\/sal-disodica-edta-na2h2-2h2o-250\/"},"modified":"2026-04-15T18:22:50","modified_gmt":"2026-04-15T18:22:50","slug":"sal-edta","status":"publish","type":"product","link":"https:\/\/www.alquera.com\/fr\/sal-edta\/","title":{"rendered":"Sal Disodique EDTA"},"content":{"rendered":"<p>Sel disodique EDTA Na2H2 - 2H2O (dihydrat\u00e9). Le sel disodique EDTA est surtout utilis\u00e9 pour sa capacit\u00e9 \u00e0 se lier aux ions m\u00e9talliques en peignant du plomb et d\u2019autres m\u00e9taux en solution, souvent utilis\u00e9 comme agent ch\u00e9lateur dans les aquariums. Avec le <a href=\"https:\/\/www.alquera.com\/fr\/sulfato-de-hierro\/\">sulfate de fer<\/a>, Il est utilis\u00e9 pour augmenter la quantit\u00e9 de fer dans les aquariums.<\/p>\n<h2>IDENTIFICATION ET PROPI\u00c9T\u00c9S<\/h2>\n<p><strong>Nom:<\/strong> Sal Disodique EDTA<br \/>\n<strong>Formule chimique:<\/strong> C10H14N2Na2P8.2H2O<br \/>\n<strong>Synonyme:<\/strong> EDTA disodique dihydrat\u00e9<br \/>\n<strong>CAS:<\/strong> 6381-92-6<br \/>\n<strong>CE:<\/strong> 205-358-3<\/p>\n<ul>\n<li>Forme physique\u00a0: Cristaux<\/li>\n<li>Couleur: Blanc<\/li>\n<li>Odeur: Sans odeur<\/li>\n<li>pH\u00a0: 4-6 1% USP actuel<\/li>\n<li>Point\/Intervalle de fusion\u00a0: 252\u00baC mesur\u00e9 Se d\u00e9compose<\/li>\n<li>Inflammabilit\u00e9 (solide\/gaz)\u00a0: Non, aucun m\u00e9lange explosif de poussi\u00e8re et d\u2019air n\u2019est attendu.<\/li>\n<li>Pression de vapeur\u00a0: &lt;0,01 mmHg<\/li>\n<li>Solubilit\u00e9 dans l'eau: 10% au 25\u00baC<\/li>\n<li>Viscosit\u00e9 cin\u00e9matique\u00a0: Solide<\/li>\n<li>Propi\u00e9t\u00e9s explosives: Non explosif<\/li>\n<li>Propi\u00e9t\u00e9s comburantes: Non comburant<\/li>\n<\/ul>\n<h2>USAGES<\/h2>\n<ul>\n<li>Fabrication de substances<\/li>\n<li>Substances interm\u00e9diaires formulation<\/li>\n<li>Poudre formulation, liquide<\/li>\n<li>Adh\u00e9sifs, produits d\u2019\u00e9tanch\u00e9it\u00e9<\/li>\n<li>produit biocide<\/li>\n<li>Rev\u00eatements et des peintures<\/li>\n<li>Dissolvants<\/li>\n<li>D\u00e9capants<\/li>\n<li>Produits de traitement des surfaces m\u00e9talliques, y compris les produits de galvanisation et d\u2019\u00e9lectrolyse<\/li>\n<li>Additif photochimique<\/li>\n<li>Teintures pour tissus et produits de finition et d\u2019impr\u00e9gnation<\/li>\n<li>Produits de nettoyage et de lavage<\/li>\n<\/ul>","protected":false},"excerpt":{"rendered":"<p>Acheter Sel disodique EDTA dans sachets de 250g, et 1Kg. Le prix des diff\u00e9rents formats de Sel disodique vous pouvez le voir en s\u00e9lectionnant le format que vous souhaitez. La commande se r\u00e9alise directement par la web et vous devez suivre les \u00e9tapes indiqu\u00e9es. L'envoie se fait par UPS et vous le recevrez dans 4-5 jours.<\/p>","protected":false},"featured_media":8809,"comment_status":"open","ping_status":"closed","template":"","meta":{"_acf_changed":false,"site-sidebar-layout":"default","site-content-layout":"default","ast-site-content-layout":"default","site-content-style":"default","site-sidebar-style":"default","ast-global-header-display":"","ast-banner-title-visibility":"","ast-main-header-display":"","ast-hfb-above-header-display":"","ast-hfb-below-header-display":"","ast-hfb-mobile-header-display":"","site-post-title":"","ast-breadcrumbs-content":"","ast-featured-img":"","footer-sml-layout":"","ast-disable-related-posts":"","theme-transparent-header-meta":"default","adv-header-id-meta":"","stick-header-meta":"default","header-above-stick-meta":"","header-main-stick-meta":"","header-below-stick-meta":"","astra-migrate-meta-layouts":"set","ast-page-background-enabled":"default","ast-page-background-meta":{"desktop":{"background-color":"var(--ast-global-color-4)","background-image":"","background-repeat":"repeat","background-position":"center center","background-size":"auto","background-attachment":"scroll","background-type":"","background-media":"","overlay-type":"","overlay-color":"","overlay-opacity":"","overlay-gradient":""},"tablet":{"background-color":"","background-image":"","background-repeat":"repeat","background-position":"center center","background-size":"auto","background-attachment":"scroll","background-type":"","background-media":"","overlay-type":"","overlay-color":"","overlay-opacity":"","overlay-gradient":""},"mobile":{"background-color":"","background-image":"","background-repeat":"repeat","background-position":"center center","background-size":"auto","background-attachment":"scroll","background-type":"","background-media":"","overlay-type":"","overlay-color":"","overlay-opacity":"","overlay-gradient":""}},"ast-content-background-meta":{"desktop":{"background-color":"var(--ast-global-color-5)","background-image":"","background-repeat":"repeat","background-position":"center center","background-size":"auto","background-attachment":"scroll","background-type":"","background-media":"","overlay-type":"","overlay-color":"","overlay-opacity":"","overlay-gradient":""},"tablet":{"background-color":"var(--ast-global-color-5)","background-image":"","background-repeat":"repeat","background-position":"center center","background-size":"auto","background-attachment":"scroll","background-type":"","background-media":"","overlay-type":"","overlay-color":"","overlay-opacity":"","overlay-gradient":""},"mobile":{"background-color":"var(--ast-global-color-5)","background-image":"","background-repeat":"repeat","background-position":"center center","background-size":"auto","background-attachment":"scroll","background-type":"","background-media":"","overlay-type":"","overlay-color":"","overlay-opacity":"","overlay-gradient":""}}},"product_brand":[],"product_cat":[21],"product_tag":[],"class_list":{"0":"post-744","1":"product","2":"type-product","3":"status-publish","4":"has-post-thumbnail","6":"product_cat-productos","7":"pa_cantidad-250g","8":"pa_cantidad-1kg","9":"desktop-align-left","10":"tablet-align-left","11":"mobile-align-left","12":"ast-product-gallery-layout-horizontal-slider","13":"ast-product-gallery-with-no-image","14":"ast-magnify-disabled","15":"ast-product-single-variable","16":"ast-product-tabs-layout-horizontal","17":"ast-qv-on-image","19":"first","20":"instock","21":"taxable","22":"shipping-taxable","23":"purchasable","24":"product-type-variable","25":"has-default-attributes"},"acf":[],"yoast_head":"<!-- This site is optimized with the Yoast SEO Premium plugin v27.1 (Yoast SEO v27.1.1) - https:\/\/yoast.com\/product\/yoast-seo-premium-wordpress\/ -->\n<title>Sal dis\u00f3dica EDTA: Comprar Online - Alquera.com<\/title>\n<meta name=\"description\" content=\"ENV\u00cdOS EN 24\/48H. Sal dis\u00f3dica EDTA, tambi\u00e9n conocido como EDTA dis\u00f3dico dihidratado. Se usa en la fabricaci\u00f3n de adhesivos, disolventes..\" \/>\n<meta name=\"robots\" content=\"index, follow, max-snippet:-1, max-image-preview:large, max-video-preview:-1\" \/>\n<link rel=\"canonical\" href=\"https:\/\/www.alquera.com\/fr\/sal-edta\/\" \/>\n<meta property=\"og:locale\" content=\"fr_FR\" \/>\n<meta property=\"og:type\" content=\"article\" \/>\n<meta property=\"og:title\" content=\"Sal dis\u00f3dica EDTA: Comprar Online - Alquera.com\" \/>\n<meta property=\"og:description\" content=\"ENV\u00cdOS EN 24\/48H. Sal dis\u00f3dica EDTA, tambi\u00e9n conocido como EDTA dis\u00f3dico dihidratado. Se usa en la fabricaci\u00f3n de adhesivos, disolventes..\" \/>\n<meta property=\"og:url\" content=\"https:\/\/www.alquera.com\/fr\/sal-edta\/\" \/>\n<meta property=\"og:site_name\" content=\"Alquera.com\" \/>\n<meta property=\"article:publisher\" content=\"https:\/\/www.facebook.com\/alqueraciencia\" \/>\n<meta property=\"article:modified_time\" content=\"2026-04-15T18:22:50+00:00\" \/>\n<meta property=\"og:image\" content=\"https:\/\/www.alquera.com\/wp-content\/uploads\/2017\/01\/poliacrilato-de-sodio-250g.jpg\" \/>\n\t<meta property=\"og:image:width\" content=\"458\" \/>\n\t<meta property=\"og:image:height\" content=\"458\" \/>\n\t<meta property=\"og:image:type\" content=\"image\/jpeg\" \/>\n<meta name=\"twitter:card\" content=\"summary_large_image\" \/>\n<meta name=\"twitter:label1\" content=\"Disponibilit\u00e9\" \/>\n\t<meta name=\"twitter:data1\" content=\"En stock\" \/>\n<script type=\"application\/ld+json\" class=\"yoast-schema-graph\">{\"@context\":\"https:\/\/schema.org\",\"@graph\":[{\"@type\":[\"WebPage\",\"ItemPage\"],\"@id\":\"https:\/\/www.alquera.com\/sal-edta\/\",\"url\":\"https:\/\/www.alquera.com\/sal-edta\/\",\"name\":\"Sal dis\u00f3dica EDTA: Comprar Online - Alquera.com\",\"isPartOf\":{\"@id\":\"https:\/\/www.alquera.com\/en\/#website\"},\"primaryImageOfPage\":{\"@id\":\"https:\/\/www.alquera.com\/sal-edta\/#primaryimage\"},\"image\":{\"@id\":\"https:\/\/www.alquera.com\/sal-edta\/#primaryimage\"},\"thumbnailUrl\":\"https:\/\/www.alquera.com\/wp-content\/uploads\/2017\/01\/poliacrilato-de-sodio-250g.jpg\",\"datePublished\":\"2017-01-26T13:19:01+00:00\",\"dateModified\":\"2026-04-15T18:22:50+00:00\",\"description\":\"ENV\u00cdOS EN 24\/48H. Sal dis\u00f3dica EDTA, tambi\u00e9n conocido como EDTA dis\u00f3dico dihidratado. Se usa en la fabricaci\u00f3n de adhesivos, disolventes..\",\"breadcrumb\":{\"@id\":\"https:\/\/www.alquera.com\/sal-edta\/#breadcrumb\"},\"inLanguage\":\"fr-FR\",\"potentialAction\":[{\"@type\":\"ReadAction\",\"target\":[\"https:\/\/www.alquera.com\/sal-edta\/\"]}]},{\"@type\":\"ImageObject\",\"inLanguage\":\"fr-FR\",\"@id\":\"https:\/\/www.alquera.com\/sal-edta\/#primaryimage\",\"url\":\"https:\/\/www.alquera.com\/wp-content\/uploads\/2017\/01\/poliacrilato-de-sodio-250g.jpg\",\"contentUrl\":\"https:\/\/www.alquera.com\/wp-content\/uploads\/2017\/01\/poliacrilato-de-sodio-250g.jpg\",\"width\":458,\"height\":458,\"caption\":\"sal disodica edta\"},{\"@type\":\"BreadcrumbList\",\"@id\":\"https:\/\/www.alquera.com\/sal-edta\/#breadcrumb\",\"itemListElement\":[{\"@type\":\"ListItem\",\"position\":1,\"name\":\"Inicio\",\"item\":\"https:\/\/www.alquera.com\/\"},{\"@type\":\"ListItem\",\"position\":2,\"name\":\"Alquera.com: Tienda Online de Productos Qu\u00edmicos y Material de Laboratorio\",\"item\":\"https:\/\/www.alquera.com\/en\/tienda\/\"},{\"@type\":\"ListItem\",\"position\":3,\"name\":\"Sal dis\u00f3dica EDTA\"}]},{\"@type\":\"WebSite\",\"@id\":\"https:\/\/www.alquera.com\/en\/#website\",\"url\":\"https:\/\/www.alquera.com\/en\/\",\"name\":\"Alquera.com\",\"description\":\"Tienda Online Productos Qu\u00edmicos y Material de Laboratorio\",\"publisher\":{\"@id\":\"https:\/\/www.alquera.com\/en\/#organization\"},\"potentialAction\":[{\"@type\":\"SearchAction\",\"target\":{\"@type\":\"EntryPoint\",\"urlTemplate\":\"https:\/\/www.alquera.com\/en\/?s={search_term_string}\"},\"query-input\":{\"@type\":\"PropertyValueSpecification\",\"valueRequired\":true,\"valueName\":\"search_term_string\"}}],\"inLanguage\":\"fr-FR\"},{\"@type\":\"Organization\",\"@id\":\"https:\/\/www.alquera.com\/en\/#organization\",\"name\":\"ALQUERA CIENCIA SL\",\"url\":\"https:\/\/www.alquera.com\/en\/\",\"logo\":{\"@type\":\"ImageObject\",\"inLanguage\":\"fr-FR\",\"@id\":\"https:\/\/www.alquera.com\/en\/#\/schema\/logo\/image\/\",\"url\":\"https:\/\/www.alquera.com\/wp-content\/uploads\/2020\/11\/logo_300_ancho.png\",\"contentUrl\":\"https:\/\/www.alquera.com\/wp-content\/uploads\/2020\/11\/logo_300_ancho.png\",\"width\":300,\"height\":86,\"caption\":\"ALQUERA CIENCIA SL\"},\"image\":{\"@id\":\"https:\/\/www.alquera.com\/en\/#\/schema\/logo\/image\/\"},\"sameAs\":[\"https:\/\/www.facebook.com\/alqueraciencia\",\"https:\/\/www.instagram.com\/alquera_ciencia\/\",\"https:\/\/www.youtube.com\/c\/alquera\"]}]}<\/script>\n<meta property=\"og:availability\" content=\"instock\" \/>\n<meta property=\"product:availability\" content=\"instock\" \/>\n<meta property=\"product:condition\" content=\"new\" \/>\n<!-- \/ Yoast SEO Premium plugin. -->","yoast_head_json":{"title":"Sel disodique d'EDTA : Acheter en ligne - Alquera.com","description":"ENVOIS EN 24\/48H. Sel disodique EDTA, \u00e9galement connu sous le nom d\u2019EDTA disodique dihydrat\u00e9. Il est utilis\u00e9 dans la fabrication d\u2019adh\u00e9sifs, solvants..","robots":{"index":"index","follow":"follow","max-snippet":"max-snippet:-1","max-image-preview":"max-image-preview:large","max-video-preview":"max-video-preview:-1"},"canonical":"https:\/\/www.alquera.com\/fr\/sal-edta\/","og_locale":"fr_FR","og_type":"article","og_title":"Sal dis\u00f3dica EDTA: Comprar Online - Alquera.com","og_description":"ENV\u00cdOS EN 24\/48H. Sal dis\u00f3dica EDTA, tambi\u00e9n conocido como EDTA dis\u00f3dico dihidratado. Se usa en la fabricaci\u00f3n de adhesivos, disolventes..","og_url":"https:\/\/www.alquera.com\/fr\/sal-edta\/","og_site_name":"Alquera.com","article_publisher":"https:\/\/www.facebook.com\/alqueraciencia","article_modified_time":"2026-04-15T18:22:50+00:00","og_image":[{"width":458,"height":458,"url":"https:\/\/www.alquera.com\/wp-content\/uploads\/2017\/01\/poliacrilato-de-sodio-250g.jpg","type":"image\/jpeg"}],"twitter_card":"summary_large_image","twitter_misc":{"Disponibilit\u00e9":"En stock"},"schema":{"@context":"https:\/\/schema.org","@graph":[{"@type":["WebPage","ItemPage"],"@id":"https:\/\/www.alquera.com\/sal-edta\/","url":"https:\/\/www.alquera.com\/sal-edta\/","name":"Sel disodique d'EDTA : Acheter en ligne - Alquera.com","isPartOf":{"@id":"https:\/\/www.alquera.com\/en\/#website"},"primaryImageOfPage":{"@id":"https:\/\/www.alquera.com\/sal-edta\/#primaryimage"},"image":{"@id":"https:\/\/www.alquera.com\/sal-edta\/#primaryimage"},"thumbnailUrl":"https:\/\/www.alquera.com\/wp-content\/uploads\/2017\/01\/poliacrilato-de-sodio-250g.jpg","datePublished":"2017-01-26T13:19:01+00:00","dateModified":"2026-04-15T18:22:50+00:00","description":"ENVOIS EN 24\/48H. Sel disodique EDTA, \u00e9galement connu sous le nom d\u2019EDTA disodique dihydrat\u00e9. Il est utilis\u00e9 dans la fabrication d\u2019adh\u00e9sifs, solvants..","breadcrumb":{"@id":"https:\/\/www.alquera.com\/sal-edta\/#breadcrumb"},"inLanguage":"fr-FR","potentialAction":[{"@type":"ReadAction","target":["https:\/\/www.alquera.com\/sal-edta\/"]}]},{"@type":"ImageObject","inLanguage":"fr-FR","@id":"https:\/\/www.alquera.com\/sal-edta\/#primaryimage","url":"https:\/\/www.alquera.com\/wp-content\/uploads\/2017\/01\/poliacrilato-de-sodio-250g.jpg","contentUrl":"https:\/\/www.alquera.com\/wp-content\/uploads\/2017\/01\/poliacrilato-de-sodio-250g.jpg","width":458,"height":458,"caption":"sal disodica edta"},{"@type":"BreadcrumbList","@id":"https:\/\/www.alquera.com\/sal-edta\/#breadcrumb","itemListElement":[{"@type":"ListItem","position":1,"name":"Inicio","item":"https:\/\/www.alquera.com\/"},{"@type":"ListItem","position":2,"name":"Alquera.com: Tienda Online de Productos Qu\u00edmicos y Material de Laboratorio","item":"https:\/\/www.alquera.com\/en\/tienda\/"},{"@type":"ListItem","position":3,"name":"Sal dis\u00f3dica EDTA"}]},{"@type":"WebSite","@id":"https:\/\/www.alquera.com\/en\/#website","url":"https:\/\/www.alquera.com\/en\/","name":"Alquera.com","description":"Boutique en ligne Produits chimiques et \u00e9quipements de laboratoire","publisher":{"@id":"https:\/\/www.alquera.com\/en\/#organization"},"potentialAction":[{"@type":"SearchAction","target":{"@type":"EntryPoint","urlTemplate":"https:\/\/www.alquera.com\/en\/?s={search_term_string}"},"query-input":{"@type":"PropertyValueSpecification","valueRequired":true,"valueName":"search_term_string"}}],"inLanguage":"fr-FR"},{"@type":"Organization","@id":"https:\/\/www.alquera.com\/en\/#organization","name":"ALQUERA CIENCIA SL","url":"https:\/\/www.alquera.com\/en\/","logo":{"@type":"ImageObject","inLanguage":"fr-FR","@id":"https:\/\/www.alquera.com\/en\/#\/schema\/logo\/image\/","url":"https:\/\/www.alquera.com\/wp-content\/uploads\/2020\/11\/logo_300_ancho.png","contentUrl":"https:\/\/www.alquera.com\/wp-content\/uploads\/2020\/11\/logo_300_ancho.png","width":300,"height":86,"caption":"ALQUERA CIENCIA SL"},"image":{"@id":"https:\/\/www.alquera.com\/en\/#\/schema\/logo\/image\/"},"sameAs":["https:\/\/www.facebook.com\/alqueraciencia","https:\/\/www.instagram.com\/alquera_ciencia\/","https:\/\/www.youtube.com\/c\/alquera"]}]},"og_availability":"instock","product_availability":"instock","product_condition":"new"},"_links":{"self":[{"href":"https:\/\/www.alquera.com\/fr\/wp-json\/wp\/v2\/product\/744","targetHints":{"allow":["GET"]}}],"collection":[{"href":"https:\/\/www.alquera.com\/fr\/wp-json\/wp\/v2\/product"}],"about":[{"href":"https:\/\/www.alquera.com\/fr\/wp-json\/wp\/v2\/types\/product"}],"replies":[{"embeddable":true,"href":"https:\/\/www.alquera.com\/fr\/wp-json\/wp\/v2\/comments?post=744"}],"wp:featuredmedia":[{"embeddable":true,"href":"https:\/\/www.alquera.com\/fr\/wp-json\/wp\/v2\/media\/8809"}],"wp:attachment":[{"href":"https:\/\/www.alquera.com\/fr\/wp-json\/wp\/v2\/media?parent=744"}],"wp:term":[{"taxonomy":"product_brand","embeddable":true,"href":"https:\/\/www.alquera.com\/fr\/wp-json\/wp\/v2\/product_brand?post=744"},{"taxonomy":"product_cat","embeddable":true,"href":"https:\/\/www.alquera.com\/fr\/wp-json\/wp\/v2\/product_cat?post=744"},{"taxonomy":"product_tag","embeddable":true,"href":"https:\/\/www.alquera.com\/fr\/wp-json\/wp\/v2\/product_tag?post=744"}],"curies":[{"name":"wp","href":"https:\/\/api.w.org\/{rel}","templated":true}]}}