{"id":752,"date":"2017-03-27T12:26:45","date_gmt":"2017-03-27T12:26:45","guid":{"rendered":"http:\/\/localhost\/alquera\/productos\/producto\/kit-experimento-lineas-campo-magnetico\/"},"modified":"2026-01-07T20:40:03","modified_gmt":"2026-01-07T20:40:03","slug":"kit-experimento-lineas-campo-magnetico","status":"publish","type":"product","link":"https:\/\/www.alquera.com\/fr\/kit-experimento-lineas-campo-magnetico\/","title":{"rendered":"Kit d'exp\u00e9rience sur les lignes de champ magn\u00e9tique. #Exp2"},"content":{"rendered":"<p>Le kit lignes de champ magn\u00e9tique est un kit compos\u00e9 d'aimants et de limaille de n\u00e9odyme avec lesquels vous pouvez exp\u00e9rimenter les lignes de champ magn\u00e9tique.<\/p>\n<h2><strong>CONTENU KIT LIGNES DE CHAMP MAGN\u00c9TIQUE<\/strong><\/h2>\n<ul>\n<li><a href=\"https:\/\/www.alquera.com\/fr\/imanes-neodimio\/\">Aimants en n\u00e9odyme<\/a>\u00a0(40 pi\u00e8ces)<\/li>\n<li><a href=\"https:\/\/www.alquera.com\/fr\/limaduras-de-hierro\/\">Limaille de fer<\/a> (1kg)<\/li>\n<\/ul>\n<h2><strong>D\u00c9TAILL\u00c9E, \u00c9TAPE PAR \u00c9TAPE<\/strong><\/h2>\n<div class=\"ast-oembed-container\" style=\"height: 100%;\"><iframe loading=\"lazy\" title=\"#Exp2. Lignes de champ magn\u00e9tique.\" width=\"500\" height=\"281\" src=\"https:\/\/www.youtube.com\/embed\/TPc89fB6zcE?start=2&#038;feature=oembed\" frameborder=\"0\" allow=\"accelerometer; autoplay; clipboard-write; encrypted-media; gyroscope; picture-in-picture; web-share\" referrerpolicy=\"strict-origin-when-cross-origin\" allowfullscreen><\/iframe><\/div>\n<p>&nbsp;<\/p>\n<ol>\n<li>Prenez un morceau de carton et placez un aimant en dessous.<\/li>\n<li>Saupoudrez la limaille de fer sur le carton.<\/li>\n<li>Vous verrez comment les lignes du champ magn\u00e9tique se forment d'un p\u00f4le \u00e0 l'autre !<\/li>\n<\/ol>\n<h2>VOIR D'AUTRES KITS D'EXP\u00c9RIMENTATION<\/h2>\n<div class=\"container-youtube\">Vous pouvez voir d'autres exp\u00e9riences dans cette section :\u00a0<a href=\"https:\/\/www.alquera.com\/fr\/experimentos-de-ciencias\/\" target=\"_blank\" rel=\"noopener\">Exp\u00e9riences Sciences<\/a><\/div>\n<p>&nbsp;<\/p>","protected":false},"excerpt":{"rendered":"<p>Cette pratique simple comprend de la limaille de fer et un aimant avec lequel vous pouvez exp\u00e9rimenter le champ magn\u00e9tique. Regardez la vid\u00e9o et essayez vous-m\u00eame. Pour commander le kit, il suffit de suivre les \u00e9tapes ci-dessous.<\/p>","protected":false},"featured_media":40493,"comment_status":"open","ping_status":"closed","template":"","meta":{"_acf_changed":false,"site-sidebar-layout":"default","site-content-layout":"default","ast-site-content-layout":"default","site-content-style":"default","site-sidebar-style":"default","ast-global-header-display":"","ast-banner-title-visibility":"","ast-main-header-display":"","ast-hfb-above-header-display":"","ast-hfb-below-header-display":"","ast-hfb-mobile-header-display":"","site-post-title":"","ast-breadcrumbs-content":"","ast-featured-img":"","footer-sml-layout":"","ast-disable-related-posts":"","theme-transparent-header-meta":"default","adv-header-id-meta":"","stick-header-meta":"default","header-above-stick-meta":"","header-main-stick-meta":"","header-below-stick-meta":"","astra-migrate-meta-layouts":"default","ast-page-background-enabled":"default","ast-page-background-meta":{"desktop":{"background-color":"var(--ast-global-color-4)","background-image":"","background-repeat":"repeat","background-position":"center center","background-size":"auto","background-attachment":"scroll","background-type":"","background-media":"","overlay-type":"","overlay-color":"","overlay-opacity":"","overlay-gradient":""},"tablet":{"background-color":"","background-image":"","background-repeat":"repeat","background-position":"center center","background-size":"auto","background-attachment":"scroll","background-type":"","background-media":"","overlay-type":"","overlay-color":"","overlay-opacity":"","overlay-gradient":""},"mobile":{"background-color":"","background-image":"","background-repeat":"repeat","background-position":"center center","background-size":"auto","background-attachment":"scroll","background-type":"","background-media":"","overlay-type":"","overlay-color":"","overlay-opacity":"","overlay-gradient":""}},"ast-content-background-meta":{"desktop":{"background-color":"var(--ast-global-color-5)","background-image":"","background-repeat":"repeat","background-position":"center center","background-size":"auto","background-attachment":"scroll","background-type":"","background-media":"","overlay-type":"","overlay-color":"","overlay-opacity":"","overlay-gradient":""},"tablet":{"background-color":"var(--ast-global-color-5)","background-image":"","background-repeat":"repeat","background-position":"center center","background-size":"auto","background-attachment":"scroll","background-type":"","background-media":"","overlay-type":"","overlay-color":"","overlay-opacity":"","overlay-gradient":""},"mobile":{"background-color":"var(--ast-global-color-5)","background-image":"","background-repeat":"repeat","background-position":"center center","background-size":"auto","background-attachment":"scroll","background-type":"","background-media":"","overlay-type":"","overlay-color":"","overlay-opacity":"","overlay-gradient":""}}},"product_brand":[],"product_cat":[329],"product_tag":[],"class_list":{"0":"post-752","1":"product","2":"type-product","3":"status-publish","4":"has-post-thumbnail","6":"product_cat-experimentos-ciencias","7":"desktop-align-left","8":"tablet-align-left","9":"mobile-align-left","10":"ast-product-gallery-layout-horizontal-slider","11":"ast-magnify-disabled","12":"ast-product-tabs-layout-horizontal","13":"ast-qv-on-image","15":"first","16":"instock","17":"taxable","18":"shipping-taxable","19":"purchasable","20":"product-type-simple"},"acf":[],"yoast_head":"<!-- This site is optimized with the Yoast SEO Premium plugin v27.1 (Yoast SEO v27.1.1) - https:\/\/yoast.com\/product\/yoast-seo-premium-wordpress\/ -->\n<title>Kit Experimento Lineas Campo Magn\u00e9tico. #Exp2: Comprar Online - Alquera.com<\/title>\n<meta name=\"robots\" content=\"index, follow, max-snippet:-1, max-image-preview:large, max-video-preview:-1\" \/>\n<link rel=\"canonical\" href=\"https:\/\/www.alquera.com\/fr\/kit-experimento-lineas-campo-magnetico\/\" \/>\n<meta property=\"og:locale\" content=\"fr_FR\" \/>\n<meta property=\"og:type\" content=\"article\" \/>\n<meta property=\"og:title\" content=\"Kit Experimento Lineas Campo Magn\u00e9tico. #Exp2: Comprar Online - Alquera.com\" \/>\n<meta property=\"og:description\" content=\"Esta sencilla pr\u00e1ctica incluye unas limaduras de hierro y un im\u00e1n con el que poder experimentar con el campo magn\u00e9tico. Mira el video y realiza la pr\u00e1ctica tu mismo. Para pedir el kit no hay m\u00e1s que seguir los pasos que se indican.\" \/>\n<meta property=\"og:url\" content=\"https:\/\/www.alquera.com\/fr\/kit-experimento-lineas-campo-magnetico\/\" \/>\n<meta property=\"og:site_name\" content=\"Alquera.com\" \/>\n<meta property=\"article:publisher\" content=\"https:\/\/www.facebook.com\/alqueraciencia\" \/>\n<meta property=\"article:modified_time\" content=\"2026-01-07T20:40:03+00:00\" \/>\n<meta property=\"og:image\" content=\"https:\/\/www.alquera.com\/wp-content\/uploads\/2017\/03\/KIT-LINEAS-CAMPO-MAGNETICO.png\" \/>\n\t<meta property=\"og:image:width\" content=\"900\" \/>\n\t<meta property=\"og:image:height\" content=\"900\" \/>\n\t<meta property=\"og:image:type\" content=\"image\/png\" \/>\n<meta name=\"twitter:card\" content=\"summary_large_image\" \/>\n<meta name=\"twitter:label1\" content=\"Prix\" \/>\n\t<meta name=\"twitter:data1\" content=\"15,90&euro;\" \/>\n\t<meta name=\"twitter:label2\" content=\"Disponibilit\u00e9\" \/>\n\t<meta name=\"twitter:data2\" content=\"En stock\" \/>\n<script type=\"application\/ld+json\" class=\"yoast-schema-graph\">{\"@context\":\"https:\/\/schema.org\",\"@graph\":[{\"@type\":[\"WebPage\",\"ItemPage\"],\"@id\":\"https:\/\/www.alquera.com\/kit-experimento-lineas-campo-magnetico\/\",\"url\":\"https:\/\/www.alquera.com\/kit-experimento-lineas-campo-magnetico\/\",\"name\":\"Kit Experimento Lineas Campo Magn\u00e9tico. #Exp2: Comprar Online - Alquera.com\",\"isPartOf\":{\"@id\":\"https:\/\/www.alquera.com\/en\/#website\"},\"primaryImageOfPage\":{\"@id\":\"https:\/\/www.alquera.com\/kit-experimento-lineas-campo-magnetico\/#primaryimage\"},\"image\":{\"@id\":\"https:\/\/www.alquera.com\/kit-experimento-lineas-campo-magnetico\/#primaryimage\"},\"thumbnailUrl\":\"https:\/\/www.alquera.com\/wp-content\/uploads\/2017\/03\/KIT-LINEAS-CAMPO-MAGNETICO.png\",\"datePublished\":\"2017-03-27T12:26:45+00:00\",\"dateModified\":\"2026-01-07T20:40:03+00:00\",\"breadcrumb\":{\"@id\":\"https:\/\/www.alquera.com\/kit-experimento-lineas-campo-magnetico\/#breadcrumb\"},\"inLanguage\":\"fr-FR\",\"potentialAction\":[{\"@type\":\"ReadAction\",\"target\":[\"https:\/\/www.alquera.com\/kit-experimento-lineas-campo-magnetico\/\"]}]},{\"@type\":\"ImageObject\",\"inLanguage\":\"fr-FR\",\"@id\":\"https:\/\/www.alquera.com\/kit-experimento-lineas-campo-magnetico\/#primaryimage\",\"url\":\"https:\/\/www.alquera.com\/wp-content\/uploads\/2017\/03\/KIT-LINEAS-CAMPO-MAGNETICO.png\",\"contentUrl\":\"https:\/\/www.alquera.com\/wp-content\/uploads\/2017\/03\/KIT-LINEAS-CAMPO-MAGNETICO.png\",\"width\":900,\"height\":900,\"caption\":\"kit lineas campo magnetico\"},{\"@type\":\"BreadcrumbList\",\"@id\":\"https:\/\/www.alquera.com\/kit-experimento-lineas-campo-magnetico\/#breadcrumb\",\"itemListElement\":[{\"@type\":\"ListItem\",\"position\":1,\"name\":\"Inicio\",\"item\":\"https:\/\/www.alquera.com\/\"},{\"@type\":\"ListItem\",\"position\":2,\"name\":\"Alquera.com: Tienda Online de Productos Qu\u00edmicos y Material de Laboratorio\",\"item\":\"https:\/\/www.alquera.com\/en\/tienda\/\"},{\"@type\":\"ListItem\",\"position\":3,\"name\":\"Kit Experimento Lineas Campo Magn\u00e9tico. #Exp2\"}]},{\"@type\":\"WebSite\",\"@id\":\"https:\/\/www.alquera.com\/en\/#website\",\"url\":\"https:\/\/www.alquera.com\/en\/\",\"name\":\"Alquera.com\",\"description\":\"Tienda Online Productos Qu\u00edmicos y Material de Laboratorio\",\"publisher\":{\"@id\":\"https:\/\/www.alquera.com\/en\/#organization\"},\"potentialAction\":[{\"@type\":\"SearchAction\",\"target\":{\"@type\":\"EntryPoint\",\"urlTemplate\":\"https:\/\/www.alquera.com\/en\/?s={search_term_string}\"},\"query-input\":{\"@type\":\"PropertyValueSpecification\",\"valueRequired\":true,\"valueName\":\"search_term_string\"}}],\"inLanguage\":\"fr-FR\"},{\"@type\":\"Organization\",\"@id\":\"https:\/\/www.alquera.com\/en\/#organization\",\"name\":\"ALQUERA CIENCIA SL\",\"url\":\"https:\/\/www.alquera.com\/en\/\",\"logo\":{\"@type\":\"ImageObject\",\"inLanguage\":\"fr-FR\",\"@id\":\"https:\/\/www.alquera.com\/en\/#\/schema\/logo\/image\/\",\"url\":\"https:\/\/www.alquera.com\/wp-content\/uploads\/2020\/11\/logo_300_ancho.png\",\"contentUrl\":\"https:\/\/www.alquera.com\/wp-content\/uploads\/2020\/11\/logo_300_ancho.png\",\"width\":300,\"height\":86,\"caption\":\"ALQUERA CIENCIA SL\"},\"image\":{\"@id\":\"https:\/\/www.alquera.com\/en\/#\/schema\/logo\/image\/\"},\"sameAs\":[\"https:\/\/www.facebook.com\/alqueraciencia\",\"https:\/\/www.instagram.com\/alquera_ciencia\/\",\"https:\/\/www.youtube.com\/c\/alquera\"]}]}<\/script>\n<meta property=\"product:price:amount\" content=\"15.90\" \/>\n<meta property=\"product:price:currency\" content=\"EUR\" \/>\n<meta property=\"og:availability\" content=\"instock\" \/>\n<meta property=\"product:availability\" content=\"instock\" \/>\n<meta property=\"product:condition\" content=\"new\" \/>\n<!-- \/ Yoast SEO Premium plugin. -->","yoast_head_json":{"title":"Kit d'exp\u00e9riences sur les lignes de champ magn\u00e9tique. #Exp2 : Acheter en ligne - Alquera.com","robots":{"index":"index","follow":"follow","max-snippet":"max-snippet:-1","max-image-preview":"max-image-preview:large","max-video-preview":"max-video-preview:-1"},"canonical":"https:\/\/www.alquera.com\/fr\/kit-experimento-lineas-campo-magnetico\/","og_locale":"fr_FR","og_type":"article","og_title":"Kit Experimento Lineas Campo Magn\u00e9tico. #Exp2: Comprar Online - Alquera.com","og_description":"Esta sencilla pr\u00e1ctica incluye unas limaduras de hierro y un im\u00e1n con el que poder experimentar con el campo magn\u00e9tico. Mira el video y realiza la pr\u00e1ctica tu mismo. Para pedir el kit no hay m\u00e1s que seguir los pasos que se indican.","og_url":"https:\/\/www.alquera.com\/fr\/kit-experimento-lineas-campo-magnetico\/","og_site_name":"Alquera.com","article_publisher":"https:\/\/www.facebook.com\/alqueraciencia","article_modified_time":"2026-01-07T20:40:03+00:00","og_image":[{"width":900,"height":900,"url":"https:\/\/www.alquera.com\/wp-content\/uploads\/2017\/03\/KIT-LINEAS-CAMPO-MAGNETICO.png","type":"image\/png"}],"twitter_card":"summary_large_image","twitter_misc":{"Prix":"15,90&euro;","Disponibilit\u00e9":"En stock"},"schema":{"@context":"https:\/\/schema.org","@graph":[{"@type":["WebPage","ItemPage"],"@id":"https:\/\/www.alquera.com\/kit-experimento-lineas-campo-magnetico\/","url":"https:\/\/www.alquera.com\/kit-experimento-lineas-campo-magnetico\/","name":"Kit d'exp\u00e9riences sur les lignes de champ magn\u00e9tique. #Exp2 : Acheter en ligne - Alquera.com","isPartOf":{"@id":"https:\/\/www.alquera.com\/en\/#website"},"primaryImageOfPage":{"@id":"https:\/\/www.alquera.com\/kit-experimento-lineas-campo-magnetico\/#primaryimage"},"image":{"@id":"https:\/\/www.alquera.com\/kit-experimento-lineas-campo-magnetico\/#primaryimage"},"thumbnailUrl":"https:\/\/www.alquera.com\/wp-content\/uploads\/2017\/03\/KIT-LINEAS-CAMPO-MAGNETICO.png","datePublished":"2017-03-27T12:26:45+00:00","dateModified":"2026-01-07T20:40:03+00:00","breadcrumb":{"@id":"https:\/\/www.alquera.com\/kit-experimento-lineas-campo-magnetico\/#breadcrumb"},"inLanguage":"fr-FR","potentialAction":[{"@type":"ReadAction","target":["https:\/\/www.alquera.com\/kit-experimento-lineas-campo-magnetico\/"]}]},{"@type":"ImageObject","inLanguage":"fr-FR","@id":"https:\/\/www.alquera.com\/kit-experimento-lineas-campo-magnetico\/#primaryimage","url":"https:\/\/www.alquera.com\/wp-content\/uploads\/2017\/03\/KIT-LINEAS-CAMPO-MAGNETICO.png","contentUrl":"https:\/\/www.alquera.com\/wp-content\/uploads\/2017\/03\/KIT-LINEAS-CAMPO-MAGNETICO.png","width":900,"height":900,"caption":"kit lineas campo magnetico"},{"@type":"BreadcrumbList","@id":"https:\/\/www.alquera.com\/kit-experimento-lineas-campo-magnetico\/#breadcrumb","itemListElement":[{"@type":"ListItem","position":1,"name":"Inicio","item":"https:\/\/www.alquera.com\/"},{"@type":"ListItem","position":2,"name":"Alquera.com: Tienda Online de Productos Qu\u00edmicos y Material de Laboratorio","item":"https:\/\/www.alquera.com\/en\/tienda\/"},{"@type":"ListItem","position":3,"name":"Kit Experimento Lineas Campo Magn\u00e9tico. #Exp2"}]},{"@type":"WebSite","@id":"https:\/\/www.alquera.com\/en\/#website","url":"https:\/\/www.alquera.com\/en\/","name":"Alquera.com","description":"Boutique en ligne Produits chimiques et \u00e9quipements de laboratoire","publisher":{"@id":"https:\/\/www.alquera.com\/en\/#organization"},"potentialAction":[{"@type":"SearchAction","target":{"@type":"EntryPoint","urlTemplate":"https:\/\/www.alquera.com\/en\/?s={search_term_string}"},"query-input":{"@type":"PropertyValueSpecification","valueRequired":true,"valueName":"search_term_string"}}],"inLanguage":"fr-FR"},{"@type":"Organization","@id":"https:\/\/www.alquera.com\/en\/#organization","name":"ALQUERA CIENCIA SL","url":"https:\/\/www.alquera.com\/en\/","logo":{"@type":"ImageObject","inLanguage":"fr-FR","@id":"https:\/\/www.alquera.com\/en\/#\/schema\/logo\/image\/","url":"https:\/\/www.alquera.com\/wp-content\/uploads\/2020\/11\/logo_300_ancho.png","contentUrl":"https:\/\/www.alquera.com\/wp-content\/uploads\/2020\/11\/logo_300_ancho.png","width":300,"height":86,"caption":"ALQUERA CIENCIA SL"},"image":{"@id":"https:\/\/www.alquera.com\/en\/#\/schema\/logo\/image\/"},"sameAs":["https:\/\/www.facebook.com\/alqueraciencia","https:\/\/www.instagram.com\/alquera_ciencia\/","https:\/\/www.youtube.com\/c\/alquera"]}]},"product_price_amount":"15.90","product_price_currency":"EUR","og_availability":"instock","product_availability":"instock","product_condition":"new"},"_links":{"self":[{"href":"https:\/\/www.alquera.com\/fr\/wp-json\/wp\/v2\/product\/752","targetHints":{"allow":["GET"]}}],"collection":[{"href":"https:\/\/www.alquera.com\/fr\/wp-json\/wp\/v2\/product"}],"about":[{"href":"https:\/\/www.alquera.com\/fr\/wp-json\/wp\/v2\/types\/product"}],"replies":[{"embeddable":true,"href":"https:\/\/www.alquera.com\/fr\/wp-json\/wp\/v2\/comments?post=752"}],"wp:featuredmedia":[{"embeddable":true,"href":"https:\/\/www.alquera.com\/fr\/wp-json\/wp\/v2\/media\/40493"}],"wp:attachment":[{"href":"https:\/\/www.alquera.com\/fr\/wp-json\/wp\/v2\/media?parent=752"}],"wp:term":[{"taxonomy":"product_brand","embeddable":true,"href":"https:\/\/www.alquera.com\/fr\/wp-json\/wp\/v2\/product_brand?post=752"},{"taxonomy":"product_cat","embeddable":true,"href":"https:\/\/www.alquera.com\/fr\/wp-json\/wp\/v2\/product_cat?post=752"},{"taxonomy":"product_tag","embeddable":true,"href":"https:\/\/www.alquera.com\/fr\/wp-json\/wp\/v2\/product_tag?post=752"}],"curies":[{"name":"wp","href":"https:\/\/api.w.org\/{rel}","templated":true}]}}