{"id":823,"date":"2017-06-26T19:52:23","date_gmt":"2017-06-26T19:52:23","guid":{"rendered":"http:\/\/localhost\/alquera\/productos\/producto\/bisulfito-de-sodio-1kg\/"},"modified":"2026-04-21T19:37:31","modified_gmt":"2026-04-21T19:37:31","slug":"bisulfito-de-sodio","status":"publish","type":"product","link":"https:\/\/www.alquera.com\/fr\/bisulfito-de-sodio\/","title":{"rendered":"Bisulfite de Sodium Liquide 38-40%"},"content":{"rendered":"<p>Le bisulfite de sodium est un produit chimique \u00e9galement connu sous le nom de sulfite acide de sodium. Le bisulfite de sodium est un agent r\u00e9ducteur et c\u2019est \u00e0 cela que ses multiples applications\u00a0: de la r\u00e9duction du chlore en photographie, \u00e0 l\u2019\u00e9limination de l\u2019oxyg\u00e8ne dissous dans les syst\u00e8mes de transport d\u2019eau. Il a \u00e9galement de nombreuses utilisations comme conservateur gr\u00e2ce \u00e0 sa capacit\u00e9 r\u00e9ductrice, utilis\u00e9 dans la conservation des oignons, vin, jus de fruits et produits \u00e0 base de pain.<\/p>\n<h2>IDENTIFICATION ET PROPI\u00c9T\u00c9S<\/h2>\n<p><strong>Nom:<\/strong> Bisulfite de Sodium<br \/>\n<strong>Synonyme:<\/strong> Hydrog\u00e9nosulfite de sodium, Bisulfite de sodium liquide, Sulfite acide de sodium<br \/>\n<strong>CAS:<\/strong> 7631-90-5<br \/>\n<strong>CE:<\/strong> 231-548-0<\/p>\n<ul>\n<li>Aspect\u00a0: Liquide l\u00e9g\u00e8rement jaune<\/li>\n<li>Odeur\u00a0: Faible, piquant, \u00e2cre<\/li>\n<li>pH (solution au 100%, 20\u00baC): 3,5-4,5<\/li>\n<li>Point de cong\u00e9lation\u00a0: &lt;-5\u00baC<\/li>\n<li>Point d'\u00e9bullition: 105\u00baC<\/li>\n<li>Point de inflammation: Non inflammable<\/li>\n<li>Inflammabilit\u00e9 (solide\/gaz): Non inflammable<\/li>\n<li>Limites d'explosivit\u00e9: Non explosif<\/li>\n<li>Presion de vapeur (20\u00baC): &lt;110 kPa<\/li>\n<li>Densit\u00e9 (20\u00baC): 1,3 \u2013 1,35 g\/cm3<\/li>\n<li>Solubilit\u00e9 dans l'eau (20\u00baC): 540 g\/l<\/li>\n<li>Coefficient de partage n-octanol\/eau (Log Pow): -3,7<\/li>\n<li>Temp\u00e9rature de d\u00e9composition: 150\u00baC<\/li>\n<li>Viscosit\u00e9, dinamique (20\u00baC): 3,64 mPas<\/li>\n<li>Propi\u00e9t\u00e9s explosives: Non explosif<\/li>\n<li>Propi\u00e9t\u00e9s comburantes: Non comburant<\/li>\n<\/ul>\n<h2>USAGES<\/h2>\n<ul>\n<li>Industrie alimentaire<\/li>\n<li>D\u00e9tergence<\/li>\n<li>Industrie sucri\u00e8re<\/li>\n<li>Papier<\/li>\n<li>P\u00e9trole<\/li>\n<li>Photographie<\/li>\n<li>Tannerie<\/li>\n<li>Textile<\/li>\n<li>Bois<\/li>\n<li>Agent r\u00e9ducteur dans le traitement de l\u2019eau potable<\/li>\n<\/ul>\n<p>&nbsp;<\/p>\n<p>&nbsp;<\/p>\n<p>&nbsp;<\/p>\n<p>&nbsp;<\/p>\n<p>&nbsp;<\/p>\n<p>&nbsp;<\/p>","protected":false},"excerpt":{"rendered":"<p>Comprar Bisulfito de Sodio, tambi\u00e9n llamado Hidrogenosulfito de Sodio, NaHSO3,\u00a0(en formatos de 1L y de 5L. El precio de los diferentes formatos de bisulfito de sodio lo puedes ver al seleccionar el formato que deseas. El pedido se realiza directamente por la Web siguiendo los pasos que se indican, haci\u00e9ndose la entrega en 24\/48 horas.<\/p>","protected":false},"featured_media":51707,"comment_status":"open","ping_status":"closed","template":"","meta":{"_acf_changed":false,"site-sidebar-layout":"default","site-content-layout":"default","ast-site-content-layout":"default","site-content-style":"default","site-sidebar-style":"default","ast-global-header-display":"","ast-banner-title-visibility":"","ast-main-header-display":"","ast-hfb-above-header-display":"","ast-hfb-below-header-display":"","ast-hfb-mobile-header-display":"","site-post-title":"","ast-breadcrumbs-content":"","ast-featured-img":"","footer-sml-layout":"","ast-disable-related-posts":"","theme-transparent-header-meta":"default","adv-header-id-meta":"","stick-header-meta":"default","header-above-stick-meta":"","header-main-stick-meta":"","header-below-stick-meta":"","astra-migrate-meta-layouts":"set","ast-page-background-enabled":"default","ast-page-background-meta":{"desktop":{"background-color":"var(--ast-global-color-4)","background-image":"","background-repeat":"repeat","background-position":"center center","background-size":"auto","background-attachment":"scroll","background-type":"","background-media":"","overlay-type":"","overlay-color":"","overlay-opacity":"","overlay-gradient":""},"tablet":{"background-color":"","background-image":"","background-repeat":"repeat","background-position":"center center","background-size":"auto","background-attachment":"scroll","background-type":"","background-media":"","overlay-type":"","overlay-color":"","overlay-opacity":"","overlay-gradient":""},"mobile":{"background-color":"","background-image":"","background-repeat":"repeat","background-position":"center center","background-size":"auto","background-attachment":"scroll","background-type":"","background-media":"","overlay-type":"","overlay-color":"","overlay-opacity":"","overlay-gradient":""}},"ast-content-background-meta":{"desktop":{"background-color":"var(--ast-global-color-5)","background-image":"","background-repeat":"repeat","background-position":"center center","background-size":"auto","background-attachment":"scroll","background-type":"","background-media":"","overlay-type":"","overlay-color":"","overlay-opacity":"","overlay-gradient":""},"tablet":{"background-color":"var(--ast-global-color-5)","background-image":"","background-repeat":"repeat","background-position":"center center","background-size":"auto","background-attachment":"scroll","background-type":"","background-media":"","overlay-type":"","overlay-color":"","overlay-opacity":"","overlay-gradient":""},"mobile":{"background-color":"var(--ast-global-color-5)","background-image":"","background-repeat":"repeat","background-position":"center center","background-size":"auto","background-attachment":"scroll","background-type":"","background-media":"","overlay-type":"","overlay-color":"","overlay-opacity":"","overlay-gradient":""}}},"product_brand":[],"product_cat":[21],"product_tag":[],"class_list":{"0":"post-823","1":"product","2":"type-product","3":"status-publish","4":"has-post-thumbnail","6":"product_cat-productos","7":"pa_cantidad-125ml","8":"pa_cantidad-1l","9":"pa_cantidad-5l","10":"desktop-align-left","11":"tablet-align-left","12":"mobile-align-left","13":"ast-product-gallery-layout-horizontal-slider","14":"ast-product-gallery-with-no-image","15":"ast-magnify-disabled","16":"ast-product-single-variable","17":"ast-product-tabs-layout-horizontal","18":"ast-qv-on-image","20":"first","21":"instock","22":"taxable","23":"shipping-taxable","24":"purchasable","25":"product-type-variable","26":"has-default-attributes"},"acf":[],"yoast_head":"<!-- This site is optimized with the Yoast SEO Premium plugin v27.1 (Yoast SEO v27.1.1) - https:\/\/yoast.com\/product\/yoast-seo-premium-wordpress\/ -->\n<title>Bisulfito de Sodio L\u00edquido 38-40%: Comprar Online - Alquera.com<\/title>\n<meta name=\"description\" content=\"ENV\u00cdOS EN 24\/48H. Comprar Bisulfito de Sodio Hidrogenosulfito de Sodio, NaHSO3 en Alquera. Usado en industria alimentaria, detergencia, textil, madera..\" \/>\n<meta name=\"robots\" content=\"index, follow, max-snippet:-1, max-image-preview:large, max-video-preview:-1\" \/>\n<link rel=\"canonical\" href=\"https:\/\/www.alquera.com\/fr\/bisulfito-de-sodio\/\" \/>\n<meta property=\"og:locale\" content=\"fr_FR\" \/>\n<meta property=\"og:type\" content=\"article\" \/>\n<meta property=\"og:title\" content=\"Bisulfito de Sodio L\u00edquido 38-40%: Comprar Online - Alquera.com\" \/>\n<meta property=\"og:description\" content=\"ENV\u00cdOS EN 24\/48H. Comprar Bisulfito de Sodio Hidrogenosulfito de Sodio, NaHSO3 en Alquera. Usado en industria alimentaria, detergencia, textil, madera..\" \/>\n<meta property=\"og:url\" content=\"https:\/\/www.alquera.com\/fr\/bisulfito-de-sodio\/\" \/>\n<meta property=\"og:site_name\" content=\"Alquera.com\" \/>\n<meta property=\"article:publisher\" content=\"https:\/\/www.facebook.com\/alqueraciencia\" \/>\n<meta property=\"article:modified_time\" content=\"2026-04-21T19:37:31+00:00\" \/>\n<meta property=\"og:image\" content=\"https:\/\/www.alquera.com\/wp-content\/uploads\/2017\/06\/bisulfito-de-SODIO-1L-1-1014x1024.png\" \/>\n\t<meta property=\"og:image:width\" content=\"1014\" \/>\n\t<meta property=\"og:image:height\" content=\"1024\" \/>\n\t<meta property=\"og:image:type\" content=\"image\/png\" \/>\n<meta name=\"twitter:card\" content=\"summary_large_image\" \/>\n<meta name=\"twitter:label1\" content=\"Disponibilit\u00e9\" \/>\n\t<meta name=\"twitter:data1\" content=\"En stock\" \/>\n<script type=\"application\/ld+json\" class=\"yoast-schema-graph\">{\"@context\":\"https:\/\/schema.org\",\"@graph\":[{\"@type\":[\"WebPage\",\"ItemPage\"],\"@id\":\"https:\/\/www.alquera.com\/bisulfito-de-sodio\/\",\"url\":\"https:\/\/www.alquera.com\/bisulfito-de-sodio\/\",\"name\":\"Bisulfito de Sodio L\u00edquido 38-40%: Comprar Online - Alquera.com\",\"isPartOf\":{\"@id\":\"https:\/\/www.alquera.com\/en\/#website\"},\"primaryImageOfPage\":{\"@id\":\"https:\/\/www.alquera.com\/bisulfito-de-sodio\/#primaryimage\"},\"image\":{\"@id\":\"https:\/\/www.alquera.com\/bisulfito-de-sodio\/#primaryimage\"},\"thumbnailUrl\":\"https:\/\/www.alquera.com\/wp-content\/uploads\/2017\/06\/bisulfito-de-SODIO-1L-1.png\",\"datePublished\":\"2017-06-26T19:52:23+00:00\",\"dateModified\":\"2026-04-21T19:37:31+00:00\",\"description\":\"ENV\u00cdOS EN 24\/48H. Comprar Bisulfito de Sodio Hidrogenosulfito de Sodio, NaHSO3 en Alquera. Usado en industria alimentaria, detergencia, textil, madera..\",\"breadcrumb\":{\"@id\":\"https:\/\/www.alquera.com\/bisulfito-de-sodio\/#breadcrumb\"},\"inLanguage\":\"fr-FR\",\"potentialAction\":[{\"@type\":\"ReadAction\",\"target\":[\"https:\/\/www.alquera.com\/bisulfito-de-sodio\/\"]}]},{\"@type\":\"ImageObject\",\"inLanguage\":\"fr-FR\",\"@id\":\"https:\/\/www.alquera.com\/bisulfito-de-sodio\/#primaryimage\",\"url\":\"https:\/\/www.alquera.com\/wp-content\/uploads\/2017\/06\/bisulfito-de-SODIO-1L-1.png\",\"contentUrl\":\"https:\/\/www.alquera.com\/wp-content\/uploads\/2017\/06\/bisulfito-de-SODIO-1L-1.png\",\"width\":2520,\"height\":2544,\"caption\":\"bisulfito de SODIO 1L\"},{\"@type\":\"BreadcrumbList\",\"@id\":\"https:\/\/www.alquera.com\/bisulfito-de-sodio\/#breadcrumb\",\"itemListElement\":[{\"@type\":\"ListItem\",\"position\":1,\"name\":\"Inicio\",\"item\":\"https:\/\/www.alquera.com\/\"},{\"@type\":\"ListItem\",\"position\":2,\"name\":\"Alquera.com: Tienda Online de Productos Qu\u00edmicos y Material de Laboratorio\",\"item\":\"https:\/\/www.alquera.com\/en\/tienda\/\"},{\"@type\":\"ListItem\",\"position\":3,\"name\":\"Bisulfito de Sodio L\u00edquido 38-40%\"}]},{\"@type\":\"WebSite\",\"@id\":\"https:\/\/www.alquera.com\/en\/#website\",\"url\":\"https:\/\/www.alquera.com\/en\/\",\"name\":\"Alquera.com\",\"description\":\"Tienda Online Productos Qu\u00edmicos y Material de Laboratorio\",\"publisher\":{\"@id\":\"https:\/\/www.alquera.com\/en\/#organization\"},\"potentialAction\":[{\"@type\":\"SearchAction\",\"target\":{\"@type\":\"EntryPoint\",\"urlTemplate\":\"https:\/\/www.alquera.com\/en\/?s={search_term_string}\"},\"query-input\":{\"@type\":\"PropertyValueSpecification\",\"valueRequired\":true,\"valueName\":\"search_term_string\"}}],\"inLanguage\":\"fr-FR\"},{\"@type\":\"Organization\",\"@id\":\"https:\/\/www.alquera.com\/en\/#organization\",\"name\":\"ALQUERA CIENCIA SL\",\"url\":\"https:\/\/www.alquera.com\/en\/\",\"logo\":{\"@type\":\"ImageObject\",\"inLanguage\":\"fr-FR\",\"@id\":\"https:\/\/www.alquera.com\/en\/#\/schema\/logo\/image\/\",\"url\":\"https:\/\/www.alquera.com\/wp-content\/uploads\/2020\/11\/logo_300_ancho.png\",\"contentUrl\":\"https:\/\/www.alquera.com\/wp-content\/uploads\/2020\/11\/logo_300_ancho.png\",\"width\":300,\"height\":86,\"caption\":\"ALQUERA CIENCIA SL\"},\"image\":{\"@id\":\"https:\/\/www.alquera.com\/en\/#\/schema\/logo\/image\/\"},\"sameAs\":[\"https:\/\/www.facebook.com\/alqueraciencia\",\"https:\/\/www.instagram.com\/alquera_ciencia\/\",\"https:\/\/www.youtube.com\/c\/alquera\"]}]}<\/script>\n<meta property=\"og:availability\" content=\"instock\" \/>\n<meta property=\"product:availability\" content=\"instock\" \/>\n<meta property=\"product:retailer_item_id\" content=\"ALCS6\" \/>\n<meta property=\"product:condition\" content=\"new\" \/>\n<!-- \/ Yoast SEO Premium plugin. -->","yoast_head_json":{"title":"Bisulfite de sodium liquide 38-40% : Acheter en ligne - Alquera.com","description":"ENV\u00cdOS EN 24\/48H. Comprar Bisulfito de Sodio Hidrogenosulfito de Sodio, NaHSO3 en Alquera. Usado en industria alimentaria, detergencia, textil, madera..","robots":{"index":"index","follow":"follow","max-snippet":"max-snippet:-1","max-image-preview":"max-image-preview:large","max-video-preview":"max-video-preview:-1"},"canonical":"https:\/\/www.alquera.com\/fr\/bisulfito-de-sodio\/","og_locale":"fr_FR","og_type":"article","og_title":"Bisulfito de Sodio L\u00edquido 38-40%: Comprar Online - Alquera.com","og_description":"ENV\u00cdOS EN 24\/48H. Comprar Bisulfito de Sodio Hidrogenosulfito de Sodio, NaHSO3 en Alquera. Usado en industria alimentaria, detergencia, textil, madera..","og_url":"https:\/\/www.alquera.com\/fr\/bisulfito-de-sodio\/","og_site_name":"Alquera.com","article_publisher":"https:\/\/www.facebook.com\/alqueraciencia","article_modified_time":"2026-04-21T19:37:31+00:00","og_image":[{"width":1014,"height":1024,"url":"https:\/\/www.alquera.com\/wp-content\/uploads\/2017\/06\/bisulfito-de-SODIO-1L-1-1014x1024.png","type":"image\/png"}],"twitter_card":"summary_large_image","twitter_misc":{"Disponibilit\u00e9":"En stock"},"schema":{"@context":"https:\/\/schema.org","@graph":[{"@type":["WebPage","ItemPage"],"@id":"https:\/\/www.alquera.com\/bisulfito-de-sodio\/","url":"https:\/\/www.alquera.com\/bisulfito-de-sodio\/","name":"Bisulfite de sodium liquide 38-40% : Acheter en ligne - Alquera.com","isPartOf":{"@id":"https:\/\/www.alquera.com\/en\/#website"},"primaryImageOfPage":{"@id":"https:\/\/www.alquera.com\/bisulfito-de-sodio\/#primaryimage"},"image":{"@id":"https:\/\/www.alquera.com\/bisulfito-de-sodio\/#primaryimage"},"thumbnailUrl":"https:\/\/www.alquera.com\/wp-content\/uploads\/2017\/06\/bisulfito-de-SODIO-1L-1.png","datePublished":"2017-06-26T19:52:23+00:00","dateModified":"2026-04-21T19:37:31+00:00","description":"ENV\u00cdOS EN 24\/48H. Comprar Bisulfito de Sodio Hidrogenosulfito de Sodio, NaHSO3 en Alquera. Usado en industria alimentaria, detergencia, textil, madera..","breadcrumb":{"@id":"https:\/\/www.alquera.com\/bisulfito-de-sodio\/#breadcrumb"},"inLanguage":"fr-FR","potentialAction":[{"@type":"ReadAction","target":["https:\/\/www.alquera.com\/bisulfito-de-sodio\/"]}]},{"@type":"ImageObject","inLanguage":"fr-FR","@id":"https:\/\/www.alquera.com\/bisulfito-de-sodio\/#primaryimage","url":"https:\/\/www.alquera.com\/wp-content\/uploads\/2017\/06\/bisulfito-de-SODIO-1L-1.png","contentUrl":"https:\/\/www.alquera.com\/wp-content\/uploads\/2017\/06\/bisulfito-de-SODIO-1L-1.png","width":2520,"height":2544,"caption":"bisulfito de SODIO 1L"},{"@type":"BreadcrumbList","@id":"https:\/\/www.alquera.com\/bisulfito-de-sodio\/#breadcrumb","itemListElement":[{"@type":"ListItem","position":1,"name":"Inicio","item":"https:\/\/www.alquera.com\/"},{"@type":"ListItem","position":2,"name":"Alquera.com: Tienda Online de Productos Qu\u00edmicos y Material de Laboratorio","item":"https:\/\/www.alquera.com\/en\/tienda\/"},{"@type":"ListItem","position":3,"name":"Bisulfito de Sodio L\u00edquido 38-40%"}]},{"@type":"WebSite","@id":"https:\/\/www.alquera.com\/en\/#website","url":"https:\/\/www.alquera.com\/en\/","name":"Alquera.com","description":"Boutique en ligne Produits chimiques et \u00e9quipements de laboratoire","publisher":{"@id":"https:\/\/www.alquera.com\/en\/#organization"},"potentialAction":[{"@type":"SearchAction","target":{"@type":"EntryPoint","urlTemplate":"https:\/\/www.alquera.com\/en\/?s={search_term_string}"},"query-input":{"@type":"PropertyValueSpecification","valueRequired":true,"valueName":"search_term_string"}}],"inLanguage":"fr-FR"},{"@type":"Organization","@id":"https:\/\/www.alquera.com\/en\/#organization","name":"ALQUERA CIENCIA SL","url":"https:\/\/www.alquera.com\/en\/","logo":{"@type":"ImageObject","inLanguage":"fr-FR","@id":"https:\/\/www.alquera.com\/en\/#\/schema\/logo\/image\/","url":"https:\/\/www.alquera.com\/wp-content\/uploads\/2020\/11\/logo_300_ancho.png","contentUrl":"https:\/\/www.alquera.com\/wp-content\/uploads\/2020\/11\/logo_300_ancho.png","width":300,"height":86,"caption":"ALQUERA CIENCIA SL"},"image":{"@id":"https:\/\/www.alquera.com\/en\/#\/schema\/logo\/image\/"},"sameAs":["https:\/\/www.facebook.com\/alqueraciencia","https:\/\/www.instagram.com\/alquera_ciencia\/","https:\/\/www.youtube.com\/c\/alquera"]}]},"og_availability":"instock","product_availability":"instock","product_retailer_item_id":"ALCS6","product_condition":"new"},"_links":{"self":[{"href":"https:\/\/www.alquera.com\/fr\/wp-json\/wp\/v2\/product\/823","targetHints":{"allow":["GET"]}}],"collection":[{"href":"https:\/\/www.alquera.com\/fr\/wp-json\/wp\/v2\/product"}],"about":[{"href":"https:\/\/www.alquera.com\/fr\/wp-json\/wp\/v2\/types\/product"}],"replies":[{"embeddable":true,"href":"https:\/\/www.alquera.com\/fr\/wp-json\/wp\/v2\/comments?post=823"}],"wp:featuredmedia":[{"embeddable":true,"href":"https:\/\/www.alquera.com\/fr\/wp-json\/wp\/v2\/media\/51707"}],"wp:attachment":[{"href":"https:\/\/www.alquera.com\/fr\/wp-json\/wp\/v2\/media?parent=823"}],"wp:term":[{"taxonomy":"product_brand","embeddable":true,"href":"https:\/\/www.alquera.com\/fr\/wp-json\/wp\/v2\/product_brand?post=823"},{"taxonomy":"product_cat","embeddable":true,"href":"https:\/\/www.alquera.com\/fr\/wp-json\/wp\/v2\/product_cat?post=823"},{"taxonomy":"product_tag","embeddable":true,"href":"https:\/\/www.alquera.com\/fr\/wp-json\/wp\/v2\/product_tag?post=823"}],"curies":[{"name":"wp","href":"https:\/\/api.w.org\/{rel}","templated":true}]}}