{"id":853,"date":"2017-06-29T13:42:49","date_gmt":"2017-06-29T13:42:49","guid":{"rendered":"http:\/\/localhost\/alquera\/productos\/producto\/azufre-micronizado-tecnico-5kg\/"},"modified":"2026-05-10T11:10:56","modified_gmt":"2026-05-10T11:10:56","slug":"azufre-micronizado-tecnico","status":"publish","type":"product","link":"https:\/\/www.alquera.com\/fr\/azufre-micronizado-tecnico\/","title":{"rendered":"Soufre Micronis\u00e9 Technique"},"content":{"rendered":"<p>Le soufre est un \u00e9l\u00e9ment chimique non m\u00e9tallique de couleur jaune vif, qui br\u00fble avec une flamme bleue d\u00e9gageant du dioxyde de soufre. Il est insoluble dans l'eau mais se dissout dans le disulfure de carbone<\/p>\n<h2>IDENTIFICATION ET PROPI\u00c9T\u00c9S<\/h2>\n<p><strong>Nom:<\/strong> Soufre Micronis\u00e9 Technique<br \/>\n<strong>CAS:<\/strong> 7704-34-9<br \/>\n<strong>CE:<\/strong> 231-722-6<br \/>\n<strong>Composition:<\/strong> Soufre 98,5 % p\/p<\/p>\n<ul>\n<li>Aspect: Solide, poudre jaune<\/li>\n<li>Odeur: Piquant<\/li>\n<li>Point de fusion: 119\u00baC<\/li>\n<li>T\u00e9mperature d'inflammabilit\u00e9: Verre ferm\u00e9: 207\u00baC<\/li>\n<li>Inflammabilit\u00e9 (Solide\/gaz): Inflammable en pr\u00e9sence de flammes ouvertes, d'\u00e9tincelles et de d\u00e9charges statiques et de chaleur.<\/li>\n<li>Temps de combustion: &gt;4 minutes<\/li>\n<li>Vitesse de combustion: &lt;200 mm\/s<\/li>\n<li>Limites d'inflammabilit\u00e9: Point minimum: 0,17% Point Maximum: 6,83%<\/li>\n<li>Presion de vapeur (20\u00baC): &lt;0,000013 kPa<\/li>\n<li>Densit\u00e9 de vapeur (air=1) : 1790<\/li>\n<li>Densit\u00e9 relatif: 1,8<\/li>\n<li>Densit\u00e9: 2,1 g\/cm3<\/li>\n<li>Solubilit\u00e9 dans l'eau (20\u00baC): Insoluble<\/li>\n<li>T\u00e9mperature d'auto-inflammation: 232\u00baC<\/li>\n<li>Poids mol\u00e9culaire: 32,6 g\/mol<\/li>\n<\/ul>\n<h2>USAGES<\/h2>\n<ul>\n<li>Utilisation en Agrochimie<\/li>\n<li>Utilisation comme interm\u00e9diaire<\/li>\n<li>Distribution de la substance<\/li>\n<li>Production et traitement du caoutchouc<\/li>\n<li>Utilisation comme combustible<\/li>\n<li>Fabrication et utilisation d'explosifs<\/li>\n<li>Fabrication de substances<\/li>\n<li>Formulation et (re)emballage<\/li>\n<li>Utilisations dans les applications routi\u00e8res et de construction<\/li>\n<li>Utilisation comme liant et agent desmoldant<\/li>\n<\/ul>\n<p>&nbsp;<\/p>\n<p>&nbsp;<\/p>\n<p>&nbsp;<\/p>\n<p>&nbsp;<\/p>\n<p>&nbsp;<\/p>\n<p>&nbsp;<\/p>\n<p>&nbsp;<\/p>\n<p>&nbsp;<\/p>\n<p>&nbsp;<\/p>\n<p>&nbsp;<\/p>\n<p>&nbsp;<\/p>\n<p>&nbsp;<\/p>\n<p>&nbsp;<\/p>\n<p>&nbsp;<\/p>\n<p>&nbsp;<\/p>\n<p>&nbsp;<\/p>\n<p>&nbsp;<\/p>\n<p>&nbsp;<\/p>\n<p>&nbsp;<\/p>\n<p>&nbsp;<\/p>\n<p>&nbsp;<\/p>\n<p>&nbsp;<\/p>\n<p>&nbsp;<\/p>","protected":false},"excerpt":{"rendered":"<p>Acheter Soufre Micronis\u00e9 Technique dans sachets de 100g jusqu'\u00e0 sacs de 25Kg. Le prix des diff\u00e9rents formats de Soufre Micronis\u00e9 Technique vous pouvez le voir en s\u00e9lectionnant le format que vous souhaitez. La commande se r\u00e9alise directement par la web et vous devez suivre les \u00e9tapes indiqu\u00e9es. L'envoie se fait par UPS et vous le recevrez dans 4-5 jours.<\/p>","protected":false},"featured_media":851,"comment_status":"open","ping_status":"closed","template":"","meta":{"_acf_changed":false,"site-sidebar-layout":"default","site-content-layout":"default","ast-site-content-layout":"default","site-content-style":"default","site-sidebar-style":"default","ast-global-header-display":"","ast-banner-title-visibility":"","ast-main-header-display":"","ast-hfb-above-header-display":"","ast-hfb-below-header-display":"","ast-hfb-mobile-header-display":"","site-post-title":"","ast-breadcrumbs-content":"","ast-featured-img":"","footer-sml-layout":"","ast-disable-related-posts":"","theme-transparent-header-meta":"default","adv-header-id-meta":"","stick-header-meta":"default","header-above-stick-meta":"","header-main-stick-meta":"","header-below-stick-meta":"","astra-migrate-meta-layouts":"set","ast-page-background-enabled":"default","ast-page-background-meta":{"desktop":{"background-color":"var(--ast-global-color-4)","background-image":"","background-repeat":"repeat","background-position":"center center","background-size":"auto","background-attachment":"scroll","background-type":"","background-media":"","overlay-type":"","overlay-color":"","overlay-opacity":"","overlay-gradient":""},"tablet":{"background-color":"","background-image":"","background-repeat":"repeat","background-position":"center center","background-size":"auto","background-attachment":"scroll","background-type":"","background-media":"","overlay-type":"","overlay-color":"","overlay-opacity":"","overlay-gradient":""},"mobile":{"background-color":"","background-image":"","background-repeat":"repeat","background-position":"center center","background-size":"auto","background-attachment":"scroll","background-type":"","background-media":"","overlay-type":"","overlay-color":"","overlay-opacity":"","overlay-gradient":""}},"ast-content-background-meta":{"desktop":{"background-color":"var(--ast-global-color-5)","background-image":"","background-repeat":"repeat","background-position":"center center","background-size":"auto","background-attachment":"scroll","background-type":"","background-media":"","overlay-type":"","overlay-color":"","overlay-opacity":"","overlay-gradient":""},"tablet":{"background-color":"var(--ast-global-color-5)","background-image":"","background-repeat":"repeat","background-position":"center center","background-size":"auto","background-attachment":"scroll","background-type":"","background-media":"","overlay-type":"","overlay-color":"","overlay-opacity":"","overlay-gradient":""},"mobile":{"background-color":"var(--ast-global-color-5)","background-image":"","background-repeat":"repeat","background-position":"center center","background-size":"auto","background-attachment":"scroll","background-type":"","background-media":"","overlay-type":"","overlay-color":"","overlay-opacity":"","overlay-gradient":""}}},"product_brand":[],"product_cat":[213,21],"product_tag":[],"class_list":{"0":"post-853","1":"product","2":"type-product","3":"status-publish","4":"has-post-thumbnail","6":"product_cat-agroquimicos","7":"product_cat-productos","8":"pa_cantidad-100g","9":"pa_cantidad-1kg","10":"pa_cantidad-5kg","11":"pa_cantidad-25kg","12":"desktop-align-left","13":"tablet-align-left","14":"mobile-align-left","15":"ast-product-gallery-layout-horizontal-slider","16":"ast-magnify-disabled","17":"ast-product-single-variable","18":"ast-product-tabs-layout-horizontal","19":"ast-qv-on-image","21":"first","22":"instock","23":"taxable","24":"shipping-taxable","25":"purchasable","26":"product-type-variable","27":"has-default-attributes"},"acf":[],"yoast_head":"<!-- This site is optimized with the Yoast SEO Premium plugin v27.1 (Yoast SEO v27.1.1) - https:\/\/yoast.com\/product\/yoast-seo-premium-wordpress\/ -->\n<title>Azufre Micronizado Tecnico : Comprar Online - Alquera.com<\/title>\n<meta name=\"description\" content=\"Comprar Azufre Micronizado T\u00e9cnico en Alquera. Uso como Fungicida - Acaricida. Env\u00edos en 24\/48h a toda la Pen\u00ednsula.\" \/>\n<meta name=\"robots\" content=\"index, follow, max-snippet:-1, max-image-preview:large, max-video-preview:-1\" \/>\n<link rel=\"canonical\" href=\"https:\/\/www.alquera.com\/fr\/azufre-micronizado-tecnico\/\" \/>\n<meta property=\"og:locale\" content=\"fr_FR\" \/>\n<meta property=\"og:type\" content=\"article\" \/>\n<meta property=\"og:title\" content=\"Azufre Micronizado Tecnico: Comprar Online - Alquera.com\" \/>\n<meta property=\"og:description\" content=\"Comprar Azufre Micronizado T\u00e9cnico en Alquera. Uso como Fungicida - Acaricida. Env\u00edos en 24\/48h a toda la Pen\u00ednsula.\" \/>\n<meta property=\"og:url\" content=\"https:\/\/www.alquera.com\/fr\/azufre-micronizado-tecnico\/\" \/>\n<meta property=\"og:site_name\" content=\"Alquera.com\" \/>\n<meta property=\"article:publisher\" content=\"https:\/\/www.facebook.com\/alqueraciencia\" \/>\n<meta property=\"article:modified_time\" content=\"2026-05-10T11:10:56+00:00\" \/>\n<meta property=\"og:image\" content=\"https:\/\/www.alquera.com\/wp-content\/uploads\/2017\/06\/1137-thickbox_default-Azufre-Micronizado-Tecnico-5Kg.jpg\" \/>\n\t<meta property=\"og:image:width\" content=\"800\" \/>\n\t<meta property=\"og:image:height\" content=\"800\" \/>\n\t<meta property=\"og:image:type\" content=\"image\/jpeg\" \/>\n<meta name=\"twitter:card\" content=\"summary_large_image\" \/>\n<meta name=\"twitter:label1\" content=\"Disponibilit\u00e9\" \/>\n\t<meta name=\"twitter:data1\" content=\"En stock\" \/>\n<script type=\"application\/ld+json\" class=\"yoast-schema-graph\">{\"@context\":\"https:\/\/schema.org\",\"@graph\":[{\"@type\":[\"WebPage\",\"ItemPage\"],\"@id\":\"https:\/\/www.alquera.com\/azufre-micronizado-tecnico\/\",\"url\":\"https:\/\/www.alquera.com\/azufre-micronizado-tecnico\/\",\"name\":\"Azufre Micronizado Tecnico : Comprar Online - Alquera.com\",\"isPartOf\":{\"@id\":\"https:\/\/www.alquera.com\/en\/#website\"},\"primaryImageOfPage\":{\"@id\":\"https:\/\/www.alquera.com\/azufre-micronizado-tecnico\/#primaryimage\"},\"image\":{\"@id\":\"https:\/\/www.alquera.com\/azufre-micronizado-tecnico\/#primaryimage\"},\"thumbnailUrl\":\"https:\/\/www.alquera.com\/wp-content\/uploads\/2017\/06\/1137-thickbox_default-Azufre-Micronizado-Tecnico-5Kg.jpg\",\"datePublished\":\"2017-06-29T13:42:49+00:00\",\"dateModified\":\"2026-05-10T11:10:56+00:00\",\"description\":\"Comprar Azufre Micronizado T\u00e9cnico en Alquera. Uso como Fungicida - Acaricida. Env\u00edos en 24\/48h a toda la Pen\u00ednsula.\",\"breadcrumb\":{\"@id\":\"https:\/\/www.alquera.com\/azufre-micronizado-tecnico\/#breadcrumb\"},\"inLanguage\":\"fr-FR\",\"potentialAction\":[{\"@type\":\"ReadAction\",\"target\":[\"https:\/\/www.alquera.com\/azufre-micronizado-tecnico\/\"]}]},{\"@type\":\"ImageObject\",\"inLanguage\":\"fr-FR\",\"@id\":\"https:\/\/www.alquera.com\/azufre-micronizado-tecnico\/#primaryimage\",\"url\":\"https:\/\/www.alquera.com\/wp-content\/uploads\/2017\/06\/1137-thickbox_default-Azufre-Micronizado-Tecnico-5Kg.jpg\",\"contentUrl\":\"https:\/\/www.alquera.com\/wp-content\/uploads\/2017\/06\/1137-thickbox_default-Azufre-Micronizado-Tecnico-5Kg.jpg\",\"width\":800,\"height\":800,\"caption\":\"Azufre Micronizado Tecnico\"},{\"@type\":\"BreadcrumbList\",\"@id\":\"https:\/\/www.alquera.com\/azufre-micronizado-tecnico\/#breadcrumb\",\"itemListElement\":[{\"@type\":\"ListItem\",\"position\":1,\"name\":\"Inicio\",\"item\":\"https:\/\/www.alquera.com\/\"},{\"@type\":\"ListItem\",\"position\":2,\"name\":\"Alquera.com: Tienda Online de Productos Qu\u00edmicos y Material de Laboratorio\",\"item\":\"https:\/\/www.alquera.com\/en\/tienda\/\"},{\"@type\":\"ListItem\",\"position\":3,\"name\":\"Azufre Micronizado Tecnico\"}]},{\"@type\":\"WebSite\",\"@id\":\"https:\/\/www.alquera.com\/en\/#website\",\"url\":\"https:\/\/www.alquera.com\/en\/\",\"name\":\"Alquera.com\",\"description\":\"Tienda Online Productos Qu\u00edmicos y Material de Laboratorio\",\"publisher\":{\"@id\":\"https:\/\/www.alquera.com\/en\/#organization\"},\"potentialAction\":[{\"@type\":\"SearchAction\",\"target\":{\"@type\":\"EntryPoint\",\"urlTemplate\":\"https:\/\/www.alquera.com\/en\/?s={search_term_string}\"},\"query-input\":{\"@type\":\"PropertyValueSpecification\",\"valueRequired\":true,\"valueName\":\"search_term_string\"}}],\"inLanguage\":\"fr-FR\"},{\"@type\":\"Organization\",\"@id\":\"https:\/\/www.alquera.com\/en\/#organization\",\"name\":\"ALQUERA CIENCIA SL\",\"url\":\"https:\/\/www.alquera.com\/en\/\",\"logo\":{\"@type\":\"ImageObject\",\"inLanguage\":\"fr-FR\",\"@id\":\"https:\/\/www.alquera.com\/en\/#\/schema\/logo\/image\/\",\"url\":\"https:\/\/www.alquera.com\/wp-content\/uploads\/2020\/11\/logo_300_ancho.png\",\"contentUrl\":\"https:\/\/www.alquera.com\/wp-content\/uploads\/2020\/11\/logo_300_ancho.png\",\"width\":300,\"height\":86,\"caption\":\"ALQUERA CIENCIA SL\"},\"image\":{\"@id\":\"https:\/\/www.alquera.com\/en\/#\/schema\/logo\/image\/\"},\"sameAs\":[\"https:\/\/www.facebook.com\/alqueraciencia\",\"https:\/\/www.instagram.com\/alquera_ciencia\/\",\"https:\/\/www.youtube.com\/c\/alquera\"]}]}<\/script>\n<meta property=\"og:availability\" content=\"instock\" \/>\n<meta property=\"product:availability\" content=\"instock\" \/>\n<meta property=\"product:retailer_item_id\" content=\"ALCS15_5\" \/>\n<meta property=\"product:condition\" content=\"new\" \/>\n<!-- \/ Yoast SEO Premium plugin. -->","yoast_head_json":{"title":"Soufre technique micronis\u00e9 : Acheter en ligne - Alquera.com","description":"Acheter Soufre Micronis\u00e9 Technique \u00e0 Alquera. Utilisation comme Fongicide - Acaricide. Exp\u00e9dition en 24\/48h \u00e0 toute la p\u00e9ninsule.","robots":{"index":"index","follow":"follow","max-snippet":"max-snippet:-1","max-image-preview":"max-image-preview:large","max-video-preview":"max-video-preview:-1"},"canonical":"https:\/\/www.alquera.com\/fr\/azufre-micronizado-tecnico\/","og_locale":"fr_FR","og_type":"article","og_title":"Azufre Micronizado Tecnico: Comprar Online - Alquera.com","og_description":"Comprar Azufre Micronizado T\u00e9cnico en Alquera. Uso como Fungicida - Acaricida. Env\u00edos en 24\/48h a toda la Pen\u00ednsula.","og_url":"https:\/\/www.alquera.com\/fr\/azufre-micronizado-tecnico\/","og_site_name":"Alquera.com","article_publisher":"https:\/\/www.facebook.com\/alqueraciencia","article_modified_time":"2026-05-10T11:10:56+00:00","og_image":[{"width":800,"height":800,"url":"https:\/\/www.alquera.com\/wp-content\/uploads\/2017\/06\/1137-thickbox_default-Azufre-Micronizado-Tecnico-5Kg.jpg","type":"image\/jpeg"}],"twitter_card":"summary_large_image","twitter_misc":{"Disponibilit\u00e9":"En stock"},"schema":{"@context":"https:\/\/schema.org","@graph":[{"@type":["WebPage","ItemPage"],"@id":"https:\/\/www.alquera.com\/azufre-micronizado-tecnico\/","url":"https:\/\/www.alquera.com\/azufre-micronizado-tecnico\/","name":"Soufre technique micronis\u00e9 : Acheter en ligne - Alquera.com","isPartOf":{"@id":"https:\/\/www.alquera.com\/en\/#website"},"primaryImageOfPage":{"@id":"https:\/\/www.alquera.com\/azufre-micronizado-tecnico\/#primaryimage"},"image":{"@id":"https:\/\/www.alquera.com\/azufre-micronizado-tecnico\/#primaryimage"},"thumbnailUrl":"https:\/\/www.alquera.com\/wp-content\/uploads\/2017\/06\/1137-thickbox_default-Azufre-Micronizado-Tecnico-5Kg.jpg","datePublished":"2017-06-29T13:42:49+00:00","dateModified":"2026-05-10T11:10:56+00:00","description":"Acheter Soufre Micronis\u00e9 Technique \u00e0 Alquera. Utilisation comme Fongicide - Acaricide. Exp\u00e9dition en 24\/48h \u00e0 toute la p\u00e9ninsule.","breadcrumb":{"@id":"https:\/\/www.alquera.com\/azufre-micronizado-tecnico\/#breadcrumb"},"inLanguage":"fr-FR","potentialAction":[{"@type":"ReadAction","target":["https:\/\/www.alquera.com\/azufre-micronizado-tecnico\/"]}]},{"@type":"ImageObject","inLanguage":"fr-FR","@id":"https:\/\/www.alquera.com\/azufre-micronizado-tecnico\/#primaryimage","url":"https:\/\/www.alquera.com\/wp-content\/uploads\/2017\/06\/1137-thickbox_default-Azufre-Micronizado-Tecnico-5Kg.jpg","contentUrl":"https:\/\/www.alquera.com\/wp-content\/uploads\/2017\/06\/1137-thickbox_default-Azufre-Micronizado-Tecnico-5Kg.jpg","width":800,"height":800,"caption":"Azufre Micronizado Tecnico"},{"@type":"BreadcrumbList","@id":"https:\/\/www.alquera.com\/azufre-micronizado-tecnico\/#breadcrumb","itemListElement":[{"@type":"ListItem","position":1,"name":"Inicio","item":"https:\/\/www.alquera.com\/"},{"@type":"ListItem","position":2,"name":"Alquera.com: Tienda Online de Productos Qu\u00edmicos y Material de Laboratorio","item":"https:\/\/www.alquera.com\/en\/tienda\/"},{"@type":"ListItem","position":3,"name":"Azufre Micronizado Tecnico"}]},{"@type":"WebSite","@id":"https:\/\/www.alquera.com\/en\/#website","url":"https:\/\/www.alquera.com\/en\/","name":"Alquera.com","description":"Boutique en ligne Produits chimiques et \u00e9quipements de laboratoire","publisher":{"@id":"https:\/\/www.alquera.com\/en\/#organization"},"potentialAction":[{"@type":"SearchAction","target":{"@type":"EntryPoint","urlTemplate":"https:\/\/www.alquera.com\/en\/?s={search_term_string}"},"query-input":{"@type":"PropertyValueSpecification","valueRequired":true,"valueName":"search_term_string"}}],"inLanguage":"fr-FR"},{"@type":"Organization","@id":"https:\/\/www.alquera.com\/en\/#organization","name":"ALQUERA CIENCIA SL","url":"https:\/\/www.alquera.com\/en\/","logo":{"@type":"ImageObject","inLanguage":"fr-FR","@id":"https:\/\/www.alquera.com\/en\/#\/schema\/logo\/image\/","url":"https:\/\/www.alquera.com\/wp-content\/uploads\/2020\/11\/logo_300_ancho.png","contentUrl":"https:\/\/www.alquera.com\/wp-content\/uploads\/2020\/11\/logo_300_ancho.png","width":300,"height":86,"caption":"ALQUERA CIENCIA SL"},"image":{"@id":"https:\/\/www.alquera.com\/en\/#\/schema\/logo\/image\/"},"sameAs":["https:\/\/www.facebook.com\/alqueraciencia","https:\/\/www.instagram.com\/alquera_ciencia\/","https:\/\/www.youtube.com\/c\/alquera"]}]},"og_availability":"instock","product_availability":"instock","product_retailer_item_id":"ALCS15_5","product_condition":"new"},"_links":{"self":[{"href":"https:\/\/www.alquera.com\/fr\/wp-json\/wp\/v2\/product\/853","targetHints":{"allow":["GET"]}}],"collection":[{"href":"https:\/\/www.alquera.com\/fr\/wp-json\/wp\/v2\/product"}],"about":[{"href":"https:\/\/www.alquera.com\/fr\/wp-json\/wp\/v2\/types\/product"}],"replies":[{"embeddable":true,"href":"https:\/\/www.alquera.com\/fr\/wp-json\/wp\/v2\/comments?post=853"}],"wp:featuredmedia":[{"embeddable":true,"href":"https:\/\/www.alquera.com\/fr\/wp-json\/wp\/v2\/media\/851"}],"wp:attachment":[{"href":"https:\/\/www.alquera.com\/fr\/wp-json\/wp\/v2\/media?parent=853"}],"wp:term":[{"taxonomy":"product_brand","embeddable":true,"href":"https:\/\/www.alquera.com\/fr\/wp-json\/wp\/v2\/product_brand?post=853"},{"taxonomy":"product_cat","embeddable":true,"href":"https:\/\/www.alquera.com\/fr\/wp-json\/wp\/v2\/product_cat?post=853"},{"taxonomy":"product_tag","embeddable":true,"href":"https:\/\/www.alquera.com\/fr\/wp-json\/wp\/v2\/product_tag?post=853"}],"curies":[{"name":"wp","href":"https:\/\/api.w.org\/{rel}","templated":true}]}}