{"id":865,"date":"2017-06-29T14:36:30","date_gmt":"2017-06-29T14:36:30","guid":{"rendered":"http:\/\/localhost\/alquera\/productos\/producto\/bicarbonato-de-sodio-5kg\/"},"modified":"2026-04-06T20:42:14","modified_gmt":"2026-04-06T20:42:14","slug":"bicarbonato-de-sodio","status":"publish","type":"product","link":"https:\/\/www.alquera.com\/fr\/bicarbonato-de-sodio\/","title":{"rendered":"Bicarbonate de Sodium"},"content":{"rendered":"<p>Le bicarbonate de sodium, \u00e9galement appel\u00e9 bicarbonate de sodium ou bicarbonate alimentaire, est une poudre cristalline blanche, inodore. C'est un sel \u00e0 caract\u00e8re alcalin, ce qui lui conf\u00e8re les multiples applications du bicarbonate de sodium : c'est l'antiacide le plus r\u00e9pandu, il est tr\u00e8s utilis\u00e9 en boulangerie car il g\u00e9n\u00e8re du CO2 lorsqu'il est combin\u00e9 \u00e0 un acide. Au niveau domestique, il est \u00e9galement utilis\u00e9 pour \u00e9liminer les odeurs et pour nettoyer l'argenterie.<\/p>\n<h2><\/h2>\n<h2>IDENTIFICATION ET PROPI\u00c9T\u00c9S<\/h2>\n<p><strong>Nom:<\/strong> Bicarbonate de Sodium<br \/>\n<strong>Synonyme:<\/strong> Carbonate de soude acide, bicarbonate de soude<br \/>\n<strong>CAS:<\/strong> 144-55-8<br \/>\n<strong>CE:<\/strong> 205-633-8<\/p>\n<ul>\n<li>Aspect: Cristallin, poudre de couleur blanc<\/li>\n<li>Odeur: Sans odeur<\/li>\n<li>pH (solution au 1% H2O, 20\u00baC): 8,4<\/li>\n<li>Densit\u00e9 relatif (20\u00baC): 0.98-2,23 g\/ ml<\/li>\n<li>Densit\u00e9 apparente: 0,5 -1,3 kg\/m3<\/li>\n<li>Solubilit\u00e9 dans l'eau (20\u00baC): 9,3 \u2013 9,5 g\/l, Soluble dans l'eau<\/li>\n<li>Solubilit\u00e9 dans d'autres: Insoluble dans l'alcool<\/li>\n<li>Temp\u00e9rature d'auto-inflammation: Non inflammable<\/li>\n<li>Temp\u00e9rature de d\u00e9composition: &gt;50\u00baC<\/li>\n<li>Viscosit\u00e9: 1,2 mPa.s<\/li>\n<li>Propi\u00e9t\u00e9s explosives: Non explosif<\/li>\n<li>Propi\u00e9t\u00e9s comburantes: Non comburant<\/li>\n<\/ul>\n<h2>USAGES<\/h2>\n<ul>\n<li>Additif pour l'alimentation animale<\/li>\n<li>Additif pour l'alimentation humaine<\/li>\n<li>Traitement de l'eau<\/li>\n<li>M\u00e9dicaments<\/li>\n<li>Ingr\u00e9dient cosm\u00e9tique<\/li>\n<li>Traitement des gaz<\/li>\n<li>Formulation dans les produits de nettoyage<\/li>\n<li>Adjuvant de traitement dans l'industrie m\u00e9tallurgique et mini\u00e8re<\/li>\n<li>Production de p\u00e2te et de papier<\/li>\n<\/ul>\n<p>&nbsp;<\/p>","protected":false},"excerpt":{"rendered":"<p>Acheter Bicarbonate de Sodium dans sachets de 250g, 1kg, et 5Kg. Le prix des diff\u00e9rents formats de Bicarbonate de Sodium vous pouvez le voir en s\u00e9lectionnant le format que vous souhaitez. La commande se r\u00e9alise directement par la web et vous devez suivre les \u00e9tapes indiqu\u00e9es. L'envoie se fait par UPS et vous le recevrez dans 4-5 jours.<\/p>","protected":false},"featured_media":51711,"comment_status":"open","ping_status":"closed","template":"","meta":{"_acf_changed":false,"site-sidebar-layout":"default","site-content-layout":"default","ast-site-content-layout":"default","site-content-style":"default","site-sidebar-style":"default","ast-global-header-display":"","ast-banner-title-visibility":"","ast-main-header-display":"","ast-hfb-above-header-display":"","ast-hfb-below-header-display":"","ast-hfb-mobile-header-display":"","site-post-title":"","ast-breadcrumbs-content":"","ast-featured-img":"","footer-sml-layout":"","ast-disable-related-posts":"","theme-transparent-header-meta":"default","adv-header-id-meta":"","stick-header-meta":"default","header-above-stick-meta":"","header-main-stick-meta":"","header-below-stick-meta":"","astra-migrate-meta-layouts":"set","ast-page-background-enabled":"default","ast-page-background-meta":{"desktop":{"background-color":"var(--ast-global-color-4)","background-image":"","background-repeat":"repeat","background-position":"center center","background-size":"auto","background-attachment":"scroll","background-type":"","background-media":"","overlay-type":"","overlay-color":"","overlay-opacity":"","overlay-gradient":""},"tablet":{"background-color":"","background-image":"","background-repeat":"repeat","background-position":"center center","background-size":"auto","background-attachment":"scroll","background-type":"","background-media":"","overlay-type":"","overlay-color":"","overlay-opacity":"","overlay-gradient":""},"mobile":{"background-color":"","background-image":"","background-repeat":"repeat","background-position":"center center","background-size":"auto","background-attachment":"scroll","background-type":"","background-media":"","overlay-type":"","overlay-color":"","overlay-opacity":"","overlay-gradient":""}},"ast-content-background-meta":{"desktop":{"background-color":"var(--ast-global-color-5)","background-image":"","background-repeat":"repeat","background-position":"center center","background-size":"auto","background-attachment":"scroll","background-type":"","background-media":"","overlay-type":"","overlay-color":"","overlay-opacity":"","overlay-gradient":""},"tablet":{"background-color":"var(--ast-global-color-5)","background-image":"","background-repeat":"repeat","background-position":"center center","background-size":"auto","background-attachment":"scroll","background-type":"","background-media":"","overlay-type":"","overlay-color":"","overlay-opacity":"","overlay-gradient":""},"mobile":{"background-color":"var(--ast-global-color-5)","background-image":"","background-repeat":"repeat","background-position":"center center","background-size":"auto","background-attachment":"scroll","background-type":"","background-media":"","overlay-type":"","overlay-color":"","overlay-opacity":"","overlay-gradient":""}}},"product_brand":[],"product_cat":[21],"product_tag":[],"class_list":{"0":"post-865","1":"product","2":"type-product","3":"status-publish","4":"has-post-thumbnail","6":"product_cat-productos","7":"pa_cantidad-1kg","8":"pa_cantidad-5kg","9":"pa_cantidad-25kg","10":"desktop-align-left","11":"tablet-align-left","12":"mobile-align-left","13":"ast-product-gallery-layout-horizontal-slider","14":"ast-product-gallery-with-no-image","15":"ast-magnify-disabled","16":"ast-product-single-variable","17":"ast-product-tabs-layout-horizontal","18":"ast-qv-on-image","20":"first","21":"instock","22":"taxable","23":"shipping-taxable","24":"purchasable","25":"product-type-variable","26":"has-default-attributes"},"acf":[],"yoast_head":"<!-- This site is optimized with the Yoast SEO Premium plugin v27.1 (Yoast SEO v27.1.1) - https:\/\/yoast.com\/product\/yoast-seo-premium-wordpress\/ -->\n<title>Bicarbonato de Sodio - Comprar Online - Alquera.com<\/title>\n<meta name=\"description\" content=\"Comprar Bicarbonato de Sodio en Alquera. Comprar bicarbonato de sodio en diferentes formatos y con env\u00edos en 24\/48horas.\" \/>\n<meta name=\"robots\" content=\"index, follow, max-snippet:-1, max-image-preview:large, max-video-preview:-1\" \/>\n<link rel=\"canonical\" href=\"https:\/\/www.alquera.com\/fr\/bicarbonato-de-sodio\/\" \/>\n<meta property=\"og:locale\" content=\"fr_FR\" \/>\n<meta property=\"og:type\" content=\"article\" \/>\n<meta property=\"og:title\" content=\"Bicarbonato de Sodio: Comprar Online - Alquera.com\" \/>\n<meta property=\"og:description\" content=\"Comprar Bicarbonato de Sodio en Alquera. Comprar bicarbonato de sodio en diferentes formatos y con env\u00edos en 24\/48horas.\" \/>\n<meta property=\"og:url\" content=\"https:\/\/www.alquera.com\/fr\/bicarbonato-de-sodio\/\" \/>\n<meta property=\"og:site_name\" content=\"Alquera.com\" \/>\n<meta property=\"article:publisher\" content=\"https:\/\/www.facebook.com\/alqueraciencia\" \/>\n<meta property=\"article:modified_time\" content=\"2026-04-06T20:42:14+00:00\" \/>\n<meta property=\"og:image\" content=\"https:\/\/www.alquera.com\/wp-content\/uploads\/2017\/06\/BICARBONATO-DE-SODIO-1-970x1024.png\" \/>\n\t<meta property=\"og:image:width\" content=\"970\" \/>\n\t<meta property=\"og:image:height\" content=\"1024\" \/>\n\t<meta property=\"og:image:type\" content=\"image\/png\" \/>\n<meta name=\"twitter:card\" content=\"summary_large_image\" \/>\n<meta name=\"twitter:label1\" content=\"Disponibilit\u00e9\" \/>\n\t<meta name=\"twitter:data1\" content=\"En stock\" \/>\n<script type=\"application\/ld+json\" class=\"yoast-schema-graph\">{\"@context\":\"https:\/\/schema.org\",\"@graph\":[{\"@type\":[\"WebPage\",\"ItemPage\"],\"@id\":\"https:\/\/www.alquera.com\/bicarbonato-de-sodio\/\",\"url\":\"https:\/\/www.alquera.com\/bicarbonato-de-sodio\/\",\"name\":\"Bicarbonato de Sodio - Comprar Online - Alquera.com\",\"isPartOf\":{\"@id\":\"https:\/\/www.alquera.com\/en\/#website\"},\"primaryImageOfPage\":{\"@id\":\"https:\/\/www.alquera.com\/bicarbonato-de-sodio\/#primaryimage\"},\"image\":{\"@id\":\"https:\/\/www.alquera.com\/bicarbonato-de-sodio\/#primaryimage\"},\"thumbnailUrl\":\"https:\/\/www.alquera.com\/wp-content\/uploads\/2017\/06\/BICARBONATO-DE-SODIO-1.png\",\"datePublished\":\"2017-06-29T14:36:30+00:00\",\"dateModified\":\"2026-04-06T20:42:14+00:00\",\"description\":\"Comprar Bicarbonato de Sodio en Alquera. Comprar bicarbonato de sodio en diferentes formatos y con env\u00edos en 24\/48horas.\",\"breadcrumb\":{\"@id\":\"https:\/\/www.alquera.com\/bicarbonato-de-sodio\/#breadcrumb\"},\"inLanguage\":\"fr-FR\",\"potentialAction\":[{\"@type\":\"ReadAction\",\"target\":[\"https:\/\/www.alquera.com\/bicarbonato-de-sodio\/\"]}]},{\"@type\":\"ImageObject\",\"inLanguage\":\"fr-FR\",\"@id\":\"https:\/\/www.alquera.com\/bicarbonato-de-sodio\/#primaryimage\",\"url\":\"https:\/\/www.alquera.com\/wp-content\/uploads\/2017\/06\/BICARBONATO-DE-SODIO-1.png\",\"contentUrl\":\"https:\/\/www.alquera.com\/wp-content\/uploads\/2017\/06\/BICARBONATO-DE-SODIO-1.png\",\"width\":1956,\"height\":2064,\"caption\":\"BICARBONATO DE SODIO\"},{\"@type\":\"BreadcrumbList\",\"@id\":\"https:\/\/www.alquera.com\/bicarbonato-de-sodio\/#breadcrumb\",\"itemListElement\":[{\"@type\":\"ListItem\",\"position\":1,\"name\":\"Inicio\",\"item\":\"https:\/\/www.alquera.com\/\"},{\"@type\":\"ListItem\",\"position\":2,\"name\":\"Alquera.com: Tienda Online de Productos Qu\u00edmicos y Material de Laboratorio\",\"item\":\"https:\/\/www.alquera.com\/en\/tienda\/\"},{\"@type\":\"ListItem\",\"position\":3,\"name\":\"Bicarbonato de Sodio\"}]},{\"@type\":\"WebSite\",\"@id\":\"https:\/\/www.alquera.com\/en\/#website\",\"url\":\"https:\/\/www.alquera.com\/en\/\",\"name\":\"Alquera.com\",\"description\":\"Tienda Online Productos Qu\u00edmicos y Material de Laboratorio\",\"publisher\":{\"@id\":\"https:\/\/www.alquera.com\/en\/#organization\"},\"potentialAction\":[{\"@type\":\"SearchAction\",\"target\":{\"@type\":\"EntryPoint\",\"urlTemplate\":\"https:\/\/www.alquera.com\/en\/?s={search_term_string}\"},\"query-input\":{\"@type\":\"PropertyValueSpecification\",\"valueRequired\":true,\"valueName\":\"search_term_string\"}}],\"inLanguage\":\"fr-FR\"},{\"@type\":\"Organization\",\"@id\":\"https:\/\/www.alquera.com\/en\/#organization\",\"name\":\"ALQUERA CIENCIA SL\",\"url\":\"https:\/\/www.alquera.com\/en\/\",\"logo\":{\"@type\":\"ImageObject\",\"inLanguage\":\"fr-FR\",\"@id\":\"https:\/\/www.alquera.com\/en\/#\/schema\/logo\/image\/\",\"url\":\"https:\/\/www.alquera.com\/wp-content\/uploads\/2020\/11\/logo_300_ancho.png\",\"contentUrl\":\"https:\/\/www.alquera.com\/wp-content\/uploads\/2020\/11\/logo_300_ancho.png\",\"width\":300,\"height\":86,\"caption\":\"ALQUERA CIENCIA SL\"},\"image\":{\"@id\":\"https:\/\/www.alquera.com\/en\/#\/schema\/logo\/image\/\"},\"sameAs\":[\"https:\/\/www.facebook.com\/alqueraciencia\",\"https:\/\/www.instagram.com\/alquera_ciencia\/\",\"https:\/\/www.youtube.com\/c\/alquera\"]}]}<\/script>\n<meta property=\"og:availability\" content=\"instock\" \/>\n<meta property=\"product:availability\" content=\"instock\" \/>\n<meta property=\"product:retailer_item_id\" content=\"ALCS17_5\" \/>\n<meta property=\"product:condition\" content=\"new\" \/>\n<!-- \/ Yoast SEO Premium plugin. -->","yoast_head_json":{"title":"Bicarbonate de sodium - Acheter en ligne - Alquera.com","description":"Acheter Bicarbonate de soude \u00e0 Alquera. Acheter du bicarbonate de soude dans diff\u00e9rents formats et avec exp\u00e9dition en 24\/48heures.","robots":{"index":"index","follow":"follow","max-snippet":"max-snippet:-1","max-image-preview":"max-image-preview:large","max-video-preview":"max-video-preview:-1"},"canonical":"https:\/\/www.alquera.com\/fr\/bicarbonato-de-sodio\/","og_locale":"fr_FR","og_type":"article","og_title":"Bicarbonato de Sodio: Comprar Online - Alquera.com","og_description":"Comprar Bicarbonato de Sodio en Alquera. Comprar bicarbonato de sodio en diferentes formatos y con env\u00edos en 24\/48horas.","og_url":"https:\/\/www.alquera.com\/fr\/bicarbonato-de-sodio\/","og_site_name":"Alquera.com","article_publisher":"https:\/\/www.facebook.com\/alqueraciencia","article_modified_time":"2026-04-06T20:42:14+00:00","og_image":[{"width":970,"height":1024,"url":"https:\/\/www.alquera.com\/wp-content\/uploads\/2017\/06\/BICARBONATO-DE-SODIO-1-970x1024.png","type":"image\/png"}],"twitter_card":"summary_large_image","twitter_misc":{"Disponibilit\u00e9":"En stock"},"schema":{"@context":"https:\/\/schema.org","@graph":[{"@type":["WebPage","ItemPage"],"@id":"https:\/\/www.alquera.com\/bicarbonato-de-sodio\/","url":"https:\/\/www.alquera.com\/bicarbonato-de-sodio\/","name":"Bicarbonate de sodium - Acheter en ligne - Alquera.com","isPartOf":{"@id":"https:\/\/www.alquera.com\/en\/#website"},"primaryImageOfPage":{"@id":"https:\/\/www.alquera.com\/bicarbonato-de-sodio\/#primaryimage"},"image":{"@id":"https:\/\/www.alquera.com\/bicarbonato-de-sodio\/#primaryimage"},"thumbnailUrl":"https:\/\/www.alquera.com\/wp-content\/uploads\/2017\/06\/BICARBONATO-DE-SODIO-1.png","datePublished":"2017-06-29T14:36:30+00:00","dateModified":"2026-04-06T20:42:14+00:00","description":"Acheter Bicarbonate de soude \u00e0 Alquera. Acheter du bicarbonate de soude dans diff\u00e9rents formats et avec exp\u00e9dition en 24\/48heures.","breadcrumb":{"@id":"https:\/\/www.alquera.com\/bicarbonato-de-sodio\/#breadcrumb"},"inLanguage":"fr-FR","potentialAction":[{"@type":"ReadAction","target":["https:\/\/www.alquera.com\/bicarbonato-de-sodio\/"]}]},{"@type":"ImageObject","inLanguage":"fr-FR","@id":"https:\/\/www.alquera.com\/bicarbonato-de-sodio\/#primaryimage","url":"https:\/\/www.alquera.com\/wp-content\/uploads\/2017\/06\/BICARBONATO-DE-SODIO-1.png","contentUrl":"https:\/\/www.alquera.com\/wp-content\/uploads\/2017\/06\/BICARBONATO-DE-SODIO-1.png","width":1956,"height":2064,"caption":"BICARBONATO DE SODIO"},{"@type":"BreadcrumbList","@id":"https:\/\/www.alquera.com\/bicarbonato-de-sodio\/#breadcrumb","itemListElement":[{"@type":"ListItem","position":1,"name":"Inicio","item":"https:\/\/www.alquera.com\/"},{"@type":"ListItem","position":2,"name":"Alquera.com: Tienda Online de Productos Qu\u00edmicos y Material de Laboratorio","item":"https:\/\/www.alquera.com\/en\/tienda\/"},{"@type":"ListItem","position":3,"name":"Bicarbonato de Sodio"}]},{"@type":"WebSite","@id":"https:\/\/www.alquera.com\/en\/#website","url":"https:\/\/www.alquera.com\/en\/","name":"Alquera.com","description":"Boutique en ligne Produits chimiques et \u00e9quipements de laboratoire","publisher":{"@id":"https:\/\/www.alquera.com\/en\/#organization"},"potentialAction":[{"@type":"SearchAction","target":{"@type":"EntryPoint","urlTemplate":"https:\/\/www.alquera.com\/en\/?s={search_term_string}"},"query-input":{"@type":"PropertyValueSpecification","valueRequired":true,"valueName":"search_term_string"}}],"inLanguage":"fr-FR"},{"@type":"Organization","@id":"https:\/\/www.alquera.com\/en\/#organization","name":"ALQUERA CIENCIA SL","url":"https:\/\/www.alquera.com\/en\/","logo":{"@type":"ImageObject","inLanguage":"fr-FR","@id":"https:\/\/www.alquera.com\/en\/#\/schema\/logo\/image\/","url":"https:\/\/www.alquera.com\/wp-content\/uploads\/2020\/11\/logo_300_ancho.png","contentUrl":"https:\/\/www.alquera.com\/wp-content\/uploads\/2020\/11\/logo_300_ancho.png","width":300,"height":86,"caption":"ALQUERA CIENCIA SL"},"image":{"@id":"https:\/\/www.alquera.com\/en\/#\/schema\/logo\/image\/"},"sameAs":["https:\/\/www.facebook.com\/alqueraciencia","https:\/\/www.instagram.com\/alquera_ciencia\/","https:\/\/www.youtube.com\/c\/alquera"]}]},"og_availability":"instock","product_availability":"instock","product_retailer_item_id":"ALCS17_5","product_condition":"new"},"_links":{"self":[{"href":"https:\/\/www.alquera.com\/fr\/wp-json\/wp\/v2\/product\/865","targetHints":{"allow":["GET"]}}],"collection":[{"href":"https:\/\/www.alquera.com\/fr\/wp-json\/wp\/v2\/product"}],"about":[{"href":"https:\/\/www.alquera.com\/fr\/wp-json\/wp\/v2\/types\/product"}],"replies":[{"embeddable":true,"href":"https:\/\/www.alquera.com\/fr\/wp-json\/wp\/v2\/comments?post=865"}],"wp:featuredmedia":[{"embeddable":true,"href":"https:\/\/www.alquera.com\/fr\/wp-json\/wp\/v2\/media\/51711"}],"wp:attachment":[{"href":"https:\/\/www.alquera.com\/fr\/wp-json\/wp\/v2\/media?parent=865"}],"wp:term":[{"taxonomy":"product_brand","embeddable":true,"href":"https:\/\/www.alquera.com\/fr\/wp-json\/wp\/v2\/product_brand?post=865"},{"taxonomy":"product_cat","embeddable":true,"href":"https:\/\/www.alquera.com\/fr\/wp-json\/wp\/v2\/product_cat?post=865"},{"taxonomy":"product_tag","embeddable":true,"href":"https:\/\/www.alquera.com\/fr\/wp-json\/wp\/v2\/product_tag?post=865"}],"curies":[{"name":"wp","href":"https:\/\/api.w.org\/{rel}","templated":true}]}}