{"id":872,"date":"2017-07-05T09:33:42","date_gmt":"2017-07-05T09:33:42","guid":{"rendered":"http:\/\/localhost\/alquera\/productos\/producto\/poliacrilato-de-sodio-250g\/"},"modified":"2026-03-30T09:46:29","modified_gmt":"2026-03-30T09:46:29","slug":"poliacrilato-de-sodio","status":"publish","type":"product","link":"https:\/\/www.alquera.com\/fr\/poliacrilato-de-sodio\/","title":{"rendered":"Polyacrylate de Sodium"},"content":{"rendered":"<p>Le polyacrylate de sodium, \u00e9galement appel\u00e9 polym\u00e8re super absorbant, SAP, est un polym\u00e8re capable d\u2019absorber de grandes quantit\u00e9s d\u2019eau. L\u2019absorption du polyacrylate de sodium est jusqu\u2019\u00e0 100 fois son poids dans l\u2019eau. En absorbant l\u2019eau acquiert une texture de gel comme vous pouvez le voir dans les images du produit<\/p>\n<h2>IDENTIFICATION ET PROPRI\u00c9T\u00c9S DU POLYACRYLATE DE SODIUM<\/h2>\n<p>Nom: Polyacrylate de Sodium<br \/>\nSynonymes\u00a0: Polyacrylate de sodium. Sel d\u2019acide polyacrylique.<br \/>\nCAS : 9003-04-7<br \/>\nEC : Polym\u00e8re<br \/>\nApparence\u00a0: Poudre couleur blanc<\/p>\n<p>Vous trouverez d'autres propri\u00e9t\u00e9s dans cette section : <a href=\"https:\/\/www.alquera.com\/fr\/poliacrilato-de-sodio\/propiedades\/\" target=\"_blank\" rel=\"noopener noreferrer\">Propri\u00e9t\u00e9s Polyacrylate de sodium<\/a>.<\/p>\n<h2>ASPECT DU POLYACRYLATE<\/h2>\n<p>Pour voir le d\u00e9tail du polyacrylate de sodium que vous recevez lorsque vous passez votre commande, vous pouvez regarder cette vid\u00e9o : <a href=\"https:\/\/www.youtube.com\/watch?v=qVzwgdTgMUQ\" target=\"_blank\" rel=\"noopener noreferrer\">Vid\u00e9o Polyacrylate de sodium<\/a><\/p>\n<h2>UTILISATIONS DU POLYACRYLATE DE SODIUM<\/h2>\n<p>Le polyacrylate a une multitude d'utilisations telles que :<\/p>\n<ul>\n<li>Fabrication de neige artificielle. La substance g\u00e9n\u00e9r\u00e9e lorsqu'elle est m\u00e9lang\u00e9e \u00e0 de l'eau acquiert la texture de la neige artificielle, ce qui en fait un jeu tr\u00e8s amusant pour les enfants, ainsi que pour la d\u00e9coration des magasins.<\/li>\n<li>Augmentation de la viscosit\u00e9 de l\u2019eau, jardinage\u00a0: Pour augmenter la viscosit\u00e9 de l\u2019eau dans certaines applications.<\/li>\n<li>Le polyacrylate de sodium est \u00e9galement utilis\u00e9 dans les couches pour b\u00e9b\u00e9s (c'est lui qui leur conf\u00e8re leur capacit\u00e9 d'absorption) ou dans les serviettes hygi\u00e9niques.<\/li>\n<li>Filtres \u00e0 eau<\/li>\n<li>Compresses de chaleur\/froid<\/li>\n<li>Cosm\u00e9tique (approuv\u00e9 jusqu\u2019\u00e0 une composition de 1%)<\/li>\n<li>\u00c9limination des d\u00e9chets d\u2019eau<\/li>\n<li>Transport alimentation. Approuv\u00e9 et certifi\u00e9 pour le sac 20kg.<\/li>\n<\/ul>\n<p>Voir d\u00e9tail des <a href=\"https:\/\/www.alquera.com\/fr\/poliacrilato-de-sodio\/usos\/\" target=\"_blank\" rel=\"noopener noreferrer\">utilise du polyacrylate de sodium\u00a0<\/a><\/p>\n<div><\/div>\n<h2><\/h2>\n<p>&nbsp;<\/p>\n<div><\/div>","protected":false},"excerpt":{"rendered":"<p>Acheter du Polyacrylate de Sodium \u00e0 Alquera. A Alquera, vous pouvez acheter du Polyacrylate de Sodium en quantit\u00e9s de 250 grammes, 1Kg, 5Kg ou en sacs de 20Kg. Si vous cherchez du polyacrylate de sodium pour fabriquer de la neige artificielle, nous vous recommandons d'utiliser ce produit : <a href=\"https:\/\/www.alquera.com\/fr\/nieve-artificial\/\">neige artificielle<\/a>Parce que le polym\u00e8re est un peu modifi\u00e9 et vous obtenez un aspect de neige encore plus r\u00e9el.<\/p>","protected":false},"featured_media":868,"comment_status":"open","ping_status":"closed","template":"","meta":{"_acf_changed":false,"site-sidebar-layout":"default","site-content-layout":"default","ast-site-content-layout":"default","site-content-style":"default","site-sidebar-style":"default","ast-global-header-display":"","ast-banner-title-visibility":"","ast-main-header-display":"","ast-hfb-above-header-display":"","ast-hfb-below-header-display":"","ast-hfb-mobile-header-display":"","site-post-title":"","ast-breadcrumbs-content":"","ast-featured-img":"","footer-sml-layout":"","ast-disable-related-posts":"","theme-transparent-header-meta":"default","adv-header-id-meta":"","stick-header-meta":"default","header-above-stick-meta":"","header-main-stick-meta":"","header-below-stick-meta":"","astra-migrate-meta-layouts":"set","ast-page-background-enabled":"default","ast-page-background-meta":{"desktop":{"background-color":"var(--ast-global-color-4)","background-image":"","background-repeat":"repeat","background-position":"center center","background-size":"auto","background-attachment":"scroll","background-type":"","background-media":"","overlay-type":"","overlay-color":"","overlay-opacity":"","overlay-gradient":""},"tablet":{"background-color":"","background-image":"","background-repeat":"repeat","background-position":"center center","background-size":"auto","background-attachment":"scroll","background-type":"","background-media":"","overlay-type":"","overlay-color":"","overlay-opacity":"","overlay-gradient":""},"mobile":{"background-color":"","background-image":"","background-repeat":"repeat","background-position":"center center","background-size":"auto","background-attachment":"scroll","background-type":"","background-media":"","overlay-type":"","overlay-color":"","overlay-opacity":"","overlay-gradient":""}},"ast-content-background-meta":{"desktop":{"background-color":"var(--ast-global-color-5)","background-image":"","background-repeat":"repeat","background-position":"center center","background-size":"auto","background-attachment":"scroll","background-type":"","background-media":"","overlay-type":"","overlay-color":"","overlay-opacity":"","overlay-gradient":""},"tablet":{"background-color":"var(--ast-global-color-5)","background-image":"","background-repeat":"repeat","background-position":"center center","background-size":"auto","background-attachment":"scroll","background-type":"","background-media":"","overlay-type":"","overlay-color":"","overlay-opacity":"","overlay-gradient":""},"mobile":{"background-color":"var(--ast-global-color-5)","background-image":"","background-repeat":"repeat","background-position":"center center","background-size":"auto","background-attachment":"scroll","background-type":"","background-media":"","overlay-type":"","overlay-color":"","overlay-opacity":"","overlay-gradient":""}}},"product_brand":[],"product_cat":[214,21],"product_tag":[],"class_list":{"0":"post-872","1":"product","2":"type-product","3":"status-publish","4":"has-post-thumbnail","6":"product_cat-polimeros-super-absorbentes","7":"product_cat-productos","8":"pa_cantidad-250g","9":"pa_cantidad-1kg","10":"pa_cantidad-5kg","11":"pa_cantidad-20kg","12":"desktop-align-left","13":"tablet-align-left","14":"mobile-align-left","15":"ast-product-gallery-layout-horizontal-slider","16":"ast-magnify-disabled","17":"ast-product-single-variable","18":"ast-product-tabs-layout-horizontal","19":"ast-qv-on-image","21":"first","22":"instock","23":"taxable","24":"shipping-taxable","25":"purchasable","26":"product-type-variable","27":"has-default-attributes"},"acf":[],"yoast_head":"<!-- This site is optimized with the Yoast SEO Premium plugin v27.1 (Yoast SEO v27.1.1) - https:\/\/yoast.com\/product\/yoast-seo-premium-wordpress\/ -->\n<title>Poliacrilato de Sodio: Comprar Online - Alquera.com<\/title>\n<meta name=\"description\" content=\"ENV\u00cdOS 24\/48h. Comprar poliacrilato de sodio, pol\u00edmero con aplicaciones gracias a su capacidad de absorci\u00f3n de agua, hacer nieve artificial.\" \/>\n<meta name=\"robots\" content=\"index, follow, max-snippet:-1, max-image-preview:large, max-video-preview:-1\" \/>\n<link rel=\"canonical\" href=\"https:\/\/www.alquera.com\/fr\/poliacrilato-de-sodio\/\" \/>\n<meta property=\"og:locale\" content=\"fr_FR\" \/>\n<meta property=\"og:type\" content=\"article\" \/>\n<meta property=\"og:title\" content=\"Poliacrilato de Sodio: Comprar Online - Alquera.com\" \/>\n<meta property=\"og:description\" content=\"ENV\u00cdOS 24\/48h. Comprar poliacrilato de sodio, pol\u00edmero con aplicaciones gracias a su capacidad de absorci\u00f3n de agua, hacer nieve artificial.\" \/>\n<meta property=\"og:url\" content=\"https:\/\/www.alquera.com\/fr\/poliacrilato-de-sodio\/\" \/>\n<meta property=\"og:site_name\" content=\"Alquera.com\" \/>\n<meta property=\"article:publisher\" content=\"https:\/\/www.facebook.com\/alqueraciencia\" \/>\n<meta property=\"article:modified_time\" content=\"2026-03-30T09:46:29+00:00\" \/>\n<meta property=\"og:image\" content=\"https:\/\/www.alquera.com\/wp-content\/uploads\/2017\/07\/932-thickbox_default-Poliacrilato-de-sodio-1Kg.jpg\" \/>\n\t<meta property=\"og:image:width\" content=\"800\" \/>\n\t<meta property=\"og:image:height\" content=\"800\" \/>\n\t<meta property=\"og:image:type\" content=\"image\/jpeg\" \/>\n<meta name=\"twitter:card\" content=\"summary_large_image\" \/>\n<meta name=\"twitter:label1\" content=\"Disponibilit\u00e9\" \/>\n\t<meta name=\"twitter:data1\" content=\"En stock\" \/>\n<script type=\"application\/ld+json\" class=\"yoast-schema-graph\">{\"@context\":\"https:\/\/schema.org\",\"@graph\":[{\"@type\":[\"WebPage\",\"ItemPage\"],\"@id\":\"https:\/\/www.alquera.com\/poliacrilato-de-sodio\/\",\"url\":\"https:\/\/www.alquera.com\/poliacrilato-de-sodio\/\",\"name\":\"Poliacrilato de Sodio: Comprar Online - Alquera.com\",\"isPartOf\":{\"@id\":\"https:\/\/www.alquera.com\/en\/#website\"},\"primaryImageOfPage\":{\"@id\":\"https:\/\/www.alquera.com\/poliacrilato-de-sodio\/#primaryimage\"},\"image\":{\"@id\":\"https:\/\/www.alquera.com\/poliacrilato-de-sodio\/#primaryimage\"},\"thumbnailUrl\":\"https:\/\/www.alquera.com\/wp-content\/uploads\/2017\/07\/932-thickbox_default-Poliacrilato-de-sodio-1Kg.jpg\",\"datePublished\":\"2017-07-05T09:33:42+00:00\",\"dateModified\":\"2026-03-30T09:46:29+00:00\",\"description\":\"ENV\u00cdOS 24\/48h. Comprar poliacrilato de sodio, pol\u00edmero con aplicaciones gracias a su capacidad de absorci\u00f3n de agua, hacer nieve artificial.\",\"breadcrumb\":{\"@id\":\"https:\/\/www.alquera.com\/poliacrilato-de-sodio\/#breadcrumb\"},\"inLanguage\":\"fr-FR\",\"potentialAction\":[{\"@type\":\"ReadAction\",\"target\":[\"https:\/\/www.alquera.com\/poliacrilato-de-sodio\/\"]}]},{\"@type\":\"ImageObject\",\"inLanguage\":\"fr-FR\",\"@id\":\"https:\/\/www.alquera.com\/poliacrilato-de-sodio\/#primaryimage\",\"url\":\"https:\/\/www.alquera.com\/wp-content\/uploads\/2017\/07\/932-thickbox_default-Poliacrilato-de-sodio-1Kg.jpg\",\"contentUrl\":\"https:\/\/www.alquera.com\/wp-content\/uploads\/2017\/07\/932-thickbox_default-Poliacrilato-de-sodio-1Kg.jpg\",\"width\":800,\"height\":800,\"caption\":\"Poliacrilato de sodio\"},{\"@type\":\"BreadcrumbList\",\"@id\":\"https:\/\/www.alquera.com\/poliacrilato-de-sodio\/#breadcrumb\",\"itemListElement\":[{\"@type\":\"ListItem\",\"position\":1,\"name\":\"Inicio\",\"item\":\"https:\/\/www.alquera.com\/\"},{\"@type\":\"ListItem\",\"position\":2,\"name\":\"Alquera.com: Tienda Online de Productos Qu\u00edmicos y Material de Laboratorio\",\"item\":\"https:\/\/www.alquera.com\/en\/tienda\/\"},{\"@type\":\"ListItem\",\"position\":3,\"name\":\"Poliacrilato de Sodio\"}]},{\"@type\":\"WebSite\",\"@id\":\"https:\/\/www.alquera.com\/en\/#website\",\"url\":\"https:\/\/www.alquera.com\/en\/\",\"name\":\"Alquera.com\",\"description\":\"Tienda Online Productos Qu\u00edmicos y Material de Laboratorio\",\"publisher\":{\"@id\":\"https:\/\/www.alquera.com\/en\/#organization\"},\"potentialAction\":[{\"@type\":\"SearchAction\",\"target\":{\"@type\":\"EntryPoint\",\"urlTemplate\":\"https:\/\/www.alquera.com\/en\/?s={search_term_string}\"},\"query-input\":{\"@type\":\"PropertyValueSpecification\",\"valueRequired\":true,\"valueName\":\"search_term_string\"}}],\"inLanguage\":\"fr-FR\"},{\"@type\":\"Organization\",\"@id\":\"https:\/\/www.alquera.com\/en\/#organization\",\"name\":\"ALQUERA CIENCIA SL\",\"url\":\"https:\/\/www.alquera.com\/en\/\",\"logo\":{\"@type\":\"ImageObject\",\"inLanguage\":\"fr-FR\",\"@id\":\"https:\/\/www.alquera.com\/en\/#\/schema\/logo\/image\/\",\"url\":\"https:\/\/www.alquera.com\/wp-content\/uploads\/2020\/11\/logo_300_ancho.png\",\"contentUrl\":\"https:\/\/www.alquera.com\/wp-content\/uploads\/2020\/11\/logo_300_ancho.png\",\"width\":300,\"height\":86,\"caption\":\"ALQUERA CIENCIA SL\"},\"image\":{\"@id\":\"https:\/\/www.alquera.com\/en\/#\/schema\/logo\/image\/\"},\"sameAs\":[\"https:\/\/www.facebook.com\/alqueraciencia\",\"https:\/\/www.instagram.com\/alquera_ciencia\/\",\"https:\/\/www.youtube.com\/c\/alquera\"]}]}<\/script>\n<meta property=\"og:availability\" content=\"instock\" \/>\n<meta property=\"product:availability\" content=\"instock\" \/>\n<meta property=\"product:retailer_item_id\" content=\"AL10003_250\" \/>\n<meta property=\"product:condition\" content=\"new\" \/>\n<!-- \/ Yoast SEO Premium plugin. -->","yoast_head_json":{"title":"Polyacrylate de sodium : Acheter en ligne - Alquera.com","description":"ENVOIS 24\/48h. Acheter polyacrylate de sodium, polym\u00e8re avec des applications gr\u00e2ce \u00e0 sa capacit\u00e9 d\u2019absorption d\u2019eau, faire de la neige artificielle.","robots":{"index":"index","follow":"follow","max-snippet":"max-snippet:-1","max-image-preview":"max-image-preview:large","max-video-preview":"max-video-preview:-1"},"canonical":"https:\/\/www.alquera.com\/fr\/poliacrilato-de-sodio\/","og_locale":"fr_FR","og_type":"article","og_title":"Poliacrilato de Sodio: Comprar Online - Alquera.com","og_description":"ENV\u00cdOS 24\/48h. Comprar poliacrilato de sodio, pol\u00edmero con aplicaciones gracias a su capacidad de absorci\u00f3n de agua, hacer nieve artificial.","og_url":"https:\/\/www.alquera.com\/fr\/poliacrilato-de-sodio\/","og_site_name":"Alquera.com","article_publisher":"https:\/\/www.facebook.com\/alqueraciencia","article_modified_time":"2026-03-30T09:46:29+00:00","og_image":[{"width":800,"height":800,"url":"https:\/\/www.alquera.com\/wp-content\/uploads\/2017\/07\/932-thickbox_default-Poliacrilato-de-sodio-1Kg.jpg","type":"image\/jpeg"}],"twitter_card":"summary_large_image","twitter_misc":{"Disponibilit\u00e9":"En stock"},"schema":{"@context":"https:\/\/schema.org","@graph":[{"@type":["WebPage","ItemPage"],"@id":"https:\/\/www.alquera.com\/poliacrilato-de-sodio\/","url":"https:\/\/www.alquera.com\/poliacrilato-de-sodio\/","name":"Polyacrylate de sodium : Acheter en ligne - Alquera.com","isPartOf":{"@id":"https:\/\/www.alquera.com\/en\/#website"},"primaryImageOfPage":{"@id":"https:\/\/www.alquera.com\/poliacrilato-de-sodio\/#primaryimage"},"image":{"@id":"https:\/\/www.alquera.com\/poliacrilato-de-sodio\/#primaryimage"},"thumbnailUrl":"https:\/\/www.alquera.com\/wp-content\/uploads\/2017\/07\/932-thickbox_default-Poliacrilato-de-sodio-1Kg.jpg","datePublished":"2017-07-05T09:33:42+00:00","dateModified":"2026-03-30T09:46:29+00:00","description":"ENVOIS 24\/48h. Acheter polyacrylate de sodium, polym\u00e8re avec des applications gr\u00e2ce \u00e0 sa capacit\u00e9 d\u2019absorption d\u2019eau, faire de la neige artificielle.","breadcrumb":{"@id":"https:\/\/www.alquera.com\/poliacrilato-de-sodio\/#breadcrumb"},"inLanguage":"fr-FR","potentialAction":[{"@type":"ReadAction","target":["https:\/\/www.alquera.com\/poliacrilato-de-sodio\/"]}]},{"@type":"ImageObject","inLanguage":"fr-FR","@id":"https:\/\/www.alquera.com\/poliacrilato-de-sodio\/#primaryimage","url":"https:\/\/www.alquera.com\/wp-content\/uploads\/2017\/07\/932-thickbox_default-Poliacrilato-de-sodio-1Kg.jpg","contentUrl":"https:\/\/www.alquera.com\/wp-content\/uploads\/2017\/07\/932-thickbox_default-Poliacrilato-de-sodio-1Kg.jpg","width":800,"height":800,"caption":"Poliacrilato de sodio"},{"@type":"BreadcrumbList","@id":"https:\/\/www.alquera.com\/poliacrilato-de-sodio\/#breadcrumb","itemListElement":[{"@type":"ListItem","position":1,"name":"Inicio","item":"https:\/\/www.alquera.com\/"},{"@type":"ListItem","position":2,"name":"Alquera.com: Tienda Online de Productos Qu\u00edmicos y Material de Laboratorio","item":"https:\/\/www.alquera.com\/en\/tienda\/"},{"@type":"ListItem","position":3,"name":"Poliacrilato de Sodio"}]},{"@type":"WebSite","@id":"https:\/\/www.alquera.com\/en\/#website","url":"https:\/\/www.alquera.com\/en\/","name":"Alquera.com","description":"Boutique en ligne Produits chimiques et \u00e9quipements de laboratoire","publisher":{"@id":"https:\/\/www.alquera.com\/en\/#organization"},"potentialAction":[{"@type":"SearchAction","target":{"@type":"EntryPoint","urlTemplate":"https:\/\/www.alquera.com\/en\/?s={search_term_string}"},"query-input":{"@type":"PropertyValueSpecification","valueRequired":true,"valueName":"search_term_string"}}],"inLanguage":"fr-FR"},{"@type":"Organization","@id":"https:\/\/www.alquera.com\/en\/#organization","name":"ALQUERA CIENCIA SL","url":"https:\/\/www.alquera.com\/en\/","logo":{"@type":"ImageObject","inLanguage":"fr-FR","@id":"https:\/\/www.alquera.com\/en\/#\/schema\/logo\/image\/","url":"https:\/\/www.alquera.com\/wp-content\/uploads\/2020\/11\/logo_300_ancho.png","contentUrl":"https:\/\/www.alquera.com\/wp-content\/uploads\/2020\/11\/logo_300_ancho.png","width":300,"height":86,"caption":"ALQUERA CIENCIA SL"},"image":{"@id":"https:\/\/www.alquera.com\/en\/#\/schema\/logo\/image\/"},"sameAs":["https:\/\/www.facebook.com\/alqueraciencia","https:\/\/www.instagram.com\/alquera_ciencia\/","https:\/\/www.youtube.com\/c\/alquera"]}]},"og_availability":"instock","product_availability":"instock","product_retailer_item_id":"AL10003_250","product_condition":"new"},"_links":{"self":[{"href":"https:\/\/www.alquera.com\/fr\/wp-json\/wp\/v2\/product\/872","targetHints":{"allow":["GET"]}}],"collection":[{"href":"https:\/\/www.alquera.com\/fr\/wp-json\/wp\/v2\/product"}],"about":[{"href":"https:\/\/www.alquera.com\/fr\/wp-json\/wp\/v2\/types\/product"}],"replies":[{"embeddable":true,"href":"https:\/\/www.alquera.com\/fr\/wp-json\/wp\/v2\/comments?post=872"}],"wp:featuredmedia":[{"embeddable":true,"href":"https:\/\/www.alquera.com\/fr\/wp-json\/wp\/v2\/media\/868"}],"wp:attachment":[{"href":"https:\/\/www.alquera.com\/fr\/wp-json\/wp\/v2\/media?parent=872"}],"wp:term":[{"taxonomy":"product_brand","embeddable":true,"href":"https:\/\/www.alquera.com\/fr\/wp-json\/wp\/v2\/product_brand?post=872"},{"taxonomy":"product_cat","embeddable":true,"href":"https:\/\/www.alquera.com\/fr\/wp-json\/wp\/v2\/product_cat?post=872"},{"taxonomy":"product_tag","embeddable":true,"href":"https:\/\/www.alquera.com\/fr\/wp-json\/wp\/v2\/product_tag?post=872"}],"curies":[{"name":"wp","href":"https:\/\/api.w.org\/{rel}","templated":true}]}}