{"id":950,"date":"2017-09-26T11:45:26","date_gmt":"2017-09-26T11:45:26","guid":{"rendered":"http:\/\/localhost\/alquera\/productos\/producto\/sulfato-de-hierro-5-kg\/"},"modified":"2026-04-11T22:06:50","modified_gmt":"2026-04-11T22:06:50","slug":"sulfato-de-hierro","status":"publish","type":"product","link":"https:\/\/www.alquera.com\/fr\/sulfato-de-hierro\/","title":{"rendered":"Sulfate de Fer"},"content":{"rendered":"<p>Sulfate de fer Heptadratate, formule chimique FeSO4\u20227 H2O. Le sulfate de fer a plusieurs applications, principalement comme ENGRAIS CE, \u00e9galement en nutrition. Il est \u00e9galement utilis\u00e9 comme colorant, en particulier pour les b\u00e9tons pour donner la couleur de la rouille.\u00a0 En horticulture comme conditionneur de pelouse, ou dans la coloration de la laine.<\/p>\n<h2>IDENTIFICACI\u00d3N Y PROPIEDADES SULFATO DE HIERRO<\/h2>\n<p><strong>Nom:<\/strong> Sulfate de Fer<br \/>\n<strong>Synonyme:<\/strong> Sulfate ferreux, Tetraoxosulfate (VI) de hierro (II), Vitriol vert, Vitriol de hierro, Caparrosa verde.<br \/>\n<strong>Formule chimique:<\/strong> FeSO4-7 H2O<br \/>\n<strong>CAS:<\/strong> 7782-63-0<br \/>\n<strong>CE:<\/strong> 231-753-5<br \/>\n<strong>Composition:<\/strong> &gt;90% FeSO4\u20227 H2O<\/p>\n<ul>\n<li>Aspect: Solide cristallin<\/li>\n<li>Couleur\u00a0: Vert bleut\u00e9<\/li>\n<li>Odeur: Sans odeur<\/li>\n<li>pH : 4,6 (10%)<\/li>\n<li>Point de fusion\u00a0: \u00e0 60\u00baC, perte partielle d\u2019eau \u00baC<\/li>\n<li>Point\/intervalle d\u2019\u00e9bullition\u00a0: d\u00e9shydratation \u00e0 300\u00baC<\/li>\n<li>Densit\u00e9 relative\u00a0: 2.97<\/li>\n<li>Hydrosolubilit\u00e9\u00a0: &gt;100 g\/l (20\u00baC, pH 3.7)<\/li>\n<li>Temp\u00e9rature de d\u00e9composition\u00a0: &gt;300\u00baC<\/li>\n<li>Propi\u00e9t\u00e9s explosives: Non explosif<\/li>\n<li>Propi\u00e9t\u00e9s comburantes: Non comburant<\/li>\n<\/ul>\n<h2>USAGES<\/h2>\n<p>Il est particuli\u00e8rement utilis\u00e9 dans l'agriculture pour abaisser le pH du sol et lib\u00e9rer ainsi les micronutriments qui peuvent avoir \u00e9t\u00e9 pi\u00e9g\u00e9s, insolubilis\u00e9s. Il est \u00e9galement largement utilis\u00e9 pour teinter les surfaces en b\u00e9ton, en leur donnant un aspect rouge\u00e2tre ou rouill\u00e9. Pour en savoir plus, consultez cette section : <a href=\"https:\/\/www.alquera.com\/fr\/sulfato-de-hierro\/usos\/\">Usos del Sulfato Ferroso<\/a><\/p>","protected":false},"excerpt":{"rendered":"<p>Acheter Sulfate de fer dans sachets de 1kg, 5Kg jusqu'\u00e0 sacs de 25Kg. Le prix des diff\u00e9rents formats de Sulfate de Fer vous pouvez le voir en s\u00e9lectionnant le format que vous souhaitez. La commande se r\u00e9alise directement par la web et vous devez suivre les \u00e9tapes indiqu\u00e9es. L'envoie se fait par UPS et vous le recevrez dans 4-5 jours.<\/p>","protected":false},"featured_media":948,"comment_status":"open","ping_status":"closed","template":"","meta":{"_acf_changed":false,"site-sidebar-layout":"default","site-content-layout":"default","ast-site-content-layout":"default","site-content-style":"default","site-sidebar-style":"default","ast-global-header-display":"","ast-banner-title-visibility":"","ast-main-header-display":"","ast-hfb-above-header-display":"","ast-hfb-below-header-display":"","ast-hfb-mobile-header-display":"","site-post-title":"","ast-breadcrumbs-content":"","ast-featured-img":"","footer-sml-layout":"","ast-disable-related-posts":"","theme-transparent-header-meta":"default","adv-header-id-meta":"","stick-header-meta":"default","header-above-stick-meta":"","header-main-stick-meta":"","header-below-stick-meta":"","astra-migrate-meta-layouts":"set","ast-page-background-enabled":"default","ast-page-background-meta":{"desktop":{"background-color":"var(--ast-global-color-4)","background-image":"","background-repeat":"repeat","background-position":"center center","background-size":"auto","background-attachment":"scroll","background-type":"","background-media":"","overlay-type":"","overlay-color":"","overlay-opacity":"","overlay-gradient":""},"tablet":{"background-color":"","background-image":"","background-repeat":"repeat","background-position":"center center","background-size":"auto","background-attachment":"scroll","background-type":"","background-media":"","overlay-type":"","overlay-color":"","overlay-opacity":"","overlay-gradient":""},"mobile":{"background-color":"","background-image":"","background-repeat":"repeat","background-position":"center center","background-size":"auto","background-attachment":"scroll","background-type":"","background-media":"","overlay-type":"","overlay-color":"","overlay-opacity":"","overlay-gradient":""}},"ast-content-background-meta":{"desktop":{"background-color":"var(--ast-global-color-5)","background-image":"","background-repeat":"repeat","background-position":"center center","background-size":"auto","background-attachment":"scroll","background-type":"","background-media":"","overlay-type":"","overlay-color":"","overlay-opacity":"","overlay-gradient":""},"tablet":{"background-color":"var(--ast-global-color-5)","background-image":"","background-repeat":"repeat","background-position":"center center","background-size":"auto","background-attachment":"scroll","background-type":"","background-media":"","overlay-type":"","overlay-color":"","overlay-opacity":"","overlay-gradient":""},"mobile":{"background-color":"var(--ast-global-color-5)","background-image":"","background-repeat":"repeat","background-position":"center center","background-size":"auto","background-attachment":"scroll","background-type":"","background-media":"","overlay-type":"","overlay-color":"","overlay-opacity":"","overlay-gradient":""}}},"product_brand":[],"product_cat":[213],"product_tag":[],"class_list":{"0":"post-950","1":"product","2":"type-product","3":"status-publish","4":"has-post-thumbnail","6":"product_cat-agroquimicos","7":"pa_cantidad-1kg","8":"pa_cantidad-5kg","9":"pa_cantidad-25kg","10":"desktop-align-left","11":"tablet-align-left","12":"mobile-align-left","13":"ast-product-gallery-layout-horizontal-slider","14":"ast-magnify-disabled","15":"ast-product-single-variable","16":"ast-product-tabs-layout-horizontal","17":"ast-qv-on-image","19":"first","20":"instock","21":"taxable","22":"shipping-taxable","23":"purchasable","24":"product-type-variable","25":"has-default-attributes"},"acf":[],"yoast_head":"<!-- This site is optimized with the Yoast SEO Premium plugin v27.1 (Yoast SEO v27.1.1) - https:\/\/yoast.com\/product\/yoast-seo-premium-wordpress\/ -->\n<title>Sulfato de Hierro : Comprar Online - Alquera.com<\/title>\n<meta name=\"description\" content=\"ENV\u00cdOS EN 24\/48H - Comprar Sulfato de Hierro Heptahidratado en Alquera. Abono ecol\u00f3gico, subida pH. Formatos de 1Kg a 25Kg.\" \/>\n<meta name=\"robots\" content=\"index, follow, max-snippet:-1, max-image-preview:large, max-video-preview:-1\" \/>\n<link rel=\"canonical\" href=\"https:\/\/www.alquera.com\/fr\/sulfato-de-hierro\/\" \/>\n<meta property=\"og:locale\" content=\"fr_FR\" \/>\n<meta property=\"og:type\" content=\"article\" \/>\n<meta property=\"og:title\" content=\"Sulfato de Hierro: Comprar Online - Alquera.com\" \/>\n<meta property=\"og:description\" content=\"ENV\u00cdOS EN 24\/48H - Comprar Sulfato de Hierro Heptahidratado en Alquera. Abono ecol\u00f3gico, subida pH. Formatos de 1Kg a 25Kg.\" \/>\n<meta property=\"og:url\" content=\"https:\/\/www.alquera.com\/fr\/sulfato-de-hierro\/\" \/>\n<meta property=\"og:site_name\" content=\"Alquera.com\" \/>\n<meta property=\"article:publisher\" content=\"https:\/\/www.facebook.com\/alqueraciencia\" \/>\n<meta property=\"article:modified_time\" content=\"2026-04-11T22:06:50+00:00\" \/>\n<meta property=\"og:image\" content=\"https:\/\/www.alquera.com\/wp-content\/uploads\/2017\/09\/992-thickbox_default-Sulfato-de-Hierro-5Kg.jpg\" \/>\n\t<meta property=\"og:image:width\" content=\"800\" \/>\n\t<meta property=\"og:image:height\" content=\"800\" \/>\n\t<meta property=\"og:image:type\" content=\"image\/jpeg\" \/>\n<meta name=\"twitter:card\" content=\"summary_large_image\" \/>\n<meta name=\"twitter:label1\" content=\"Disponibilit\u00e9\" \/>\n\t<meta name=\"twitter:data1\" content=\"En stock\" \/>\n<script type=\"application\/ld+json\" class=\"yoast-schema-graph\">{\"@context\":\"https:\/\/schema.org\",\"@graph\":[{\"@type\":[\"WebPage\",\"ItemPage\"],\"@id\":\"https:\/\/www.alquera.com\/sulfato-de-hierro\/\",\"url\":\"https:\/\/www.alquera.com\/sulfato-de-hierro\/\",\"name\":\"Sulfato de Hierro : Comprar Online - Alquera.com\",\"isPartOf\":{\"@id\":\"https:\/\/www.alquera.com\/en\/#website\"},\"primaryImageOfPage\":{\"@id\":\"https:\/\/www.alquera.com\/sulfato-de-hierro\/#primaryimage\"},\"image\":{\"@id\":\"https:\/\/www.alquera.com\/sulfato-de-hierro\/#primaryimage\"},\"thumbnailUrl\":\"https:\/\/www.alquera.com\/wp-content\/uploads\/2017\/09\/992-thickbox_default-Sulfato-de-Hierro-5Kg.jpg\",\"datePublished\":\"2017-09-26T11:45:26+00:00\",\"dateModified\":\"2026-04-11T22:06:50+00:00\",\"description\":\"ENV\u00cdOS EN 24\/48H - Comprar Sulfato de Hierro Heptahidratado en Alquera. Abono ecol\u00f3gico, subida pH. Formatos de 1Kg a 25Kg.\",\"breadcrumb\":{\"@id\":\"https:\/\/www.alquera.com\/sulfato-de-hierro\/#breadcrumb\"},\"inLanguage\":\"fr-FR\",\"potentialAction\":[{\"@type\":\"ReadAction\",\"target\":[\"https:\/\/www.alquera.com\/sulfato-de-hierro\/\"]}]},{\"@type\":\"ImageObject\",\"inLanguage\":\"fr-FR\",\"@id\":\"https:\/\/www.alquera.com\/sulfato-de-hierro\/#primaryimage\",\"url\":\"https:\/\/www.alquera.com\/wp-content\/uploads\/2017\/09\/992-thickbox_default-Sulfato-de-Hierro-5Kg.jpg\",\"contentUrl\":\"https:\/\/www.alquera.com\/wp-content\/uploads\/2017\/09\/992-thickbox_default-Sulfato-de-Hierro-5Kg.jpg\",\"width\":800,\"height\":800,\"caption\":\"Comprar Sulfato de Hierro\"},{\"@type\":\"BreadcrumbList\",\"@id\":\"https:\/\/www.alquera.com\/sulfato-de-hierro\/#breadcrumb\",\"itemListElement\":[{\"@type\":\"ListItem\",\"position\":1,\"name\":\"Inicio\",\"item\":\"https:\/\/www.alquera.com\/\"},{\"@type\":\"ListItem\",\"position\":2,\"name\":\"Alquera.com: Tienda Online de Productos Qu\u00edmicos y Material de Laboratorio\",\"item\":\"https:\/\/www.alquera.com\/en\/tienda\/\"},{\"@type\":\"ListItem\",\"position\":3,\"name\":\"Sulfato de Hierro\"}]},{\"@type\":\"WebSite\",\"@id\":\"https:\/\/www.alquera.com\/en\/#website\",\"url\":\"https:\/\/www.alquera.com\/en\/\",\"name\":\"Alquera.com\",\"description\":\"Tienda Online Productos Qu\u00edmicos y Material de Laboratorio\",\"publisher\":{\"@id\":\"https:\/\/www.alquera.com\/en\/#organization\"},\"potentialAction\":[{\"@type\":\"SearchAction\",\"target\":{\"@type\":\"EntryPoint\",\"urlTemplate\":\"https:\/\/www.alquera.com\/en\/?s={search_term_string}\"},\"query-input\":{\"@type\":\"PropertyValueSpecification\",\"valueRequired\":true,\"valueName\":\"search_term_string\"}}],\"inLanguage\":\"fr-FR\"},{\"@type\":\"Organization\",\"@id\":\"https:\/\/www.alquera.com\/en\/#organization\",\"name\":\"ALQUERA CIENCIA SL\",\"url\":\"https:\/\/www.alquera.com\/en\/\",\"logo\":{\"@type\":\"ImageObject\",\"inLanguage\":\"fr-FR\",\"@id\":\"https:\/\/www.alquera.com\/en\/#\/schema\/logo\/image\/\",\"url\":\"https:\/\/www.alquera.com\/wp-content\/uploads\/2020\/11\/logo_300_ancho.png\",\"contentUrl\":\"https:\/\/www.alquera.com\/wp-content\/uploads\/2020\/11\/logo_300_ancho.png\",\"width\":300,\"height\":86,\"caption\":\"ALQUERA CIENCIA SL\"},\"image\":{\"@id\":\"https:\/\/www.alquera.com\/en\/#\/schema\/logo\/image\/\"},\"sameAs\":[\"https:\/\/www.facebook.com\/alqueraciencia\",\"https:\/\/www.instagram.com\/alquera_ciencia\/\",\"https:\/\/www.youtube.com\/c\/alquera\"]}]}<\/script>\n<meta property=\"product:brand\" content=\"Alquera\" \/>\n<meta property=\"og:availability\" content=\"instock\" \/>\n<meta property=\"product:availability\" content=\"instock\" \/>\n<meta property=\"product:retailer_item_id\" content=\"AL100161\" \/>\n<meta property=\"product:condition\" content=\"new\" \/>\n<!-- \/ Yoast SEO Premium plugin. -->","yoast_head_json":{"title":"Sulfate de fer : Acheter en ligne - Alquera.com","description":"EXP\u00c9DITION EN 24\/48H - Acheter Sulfate de Fer Heptahydrat\u00e9 \u00e0 Alquera. Engrais \u00e9cologique, augmentation du pH. Formats de 1kg \u00e0 25kg.","robots":{"index":"index","follow":"follow","max-snippet":"max-snippet:-1","max-image-preview":"max-image-preview:large","max-video-preview":"max-video-preview:-1"},"canonical":"https:\/\/www.alquera.com\/fr\/sulfato-de-hierro\/","og_locale":"fr_FR","og_type":"article","og_title":"Sulfato de Hierro: Comprar Online - Alquera.com","og_description":"ENV\u00cdOS EN 24\/48H - Comprar Sulfato de Hierro Heptahidratado en Alquera. Abono ecol\u00f3gico, subida pH. Formatos de 1Kg a 25Kg.","og_url":"https:\/\/www.alquera.com\/fr\/sulfato-de-hierro\/","og_site_name":"Alquera.com","article_publisher":"https:\/\/www.facebook.com\/alqueraciencia","article_modified_time":"2026-04-11T22:06:50+00:00","og_image":[{"width":800,"height":800,"url":"https:\/\/www.alquera.com\/wp-content\/uploads\/2017\/09\/992-thickbox_default-Sulfato-de-Hierro-5Kg.jpg","type":"image\/jpeg"}],"twitter_card":"summary_large_image","twitter_misc":{"Disponibilit\u00e9":"En stock"},"schema":{"@context":"https:\/\/schema.org","@graph":[{"@type":["WebPage","ItemPage"],"@id":"https:\/\/www.alquera.com\/sulfato-de-hierro\/","url":"https:\/\/www.alquera.com\/sulfato-de-hierro\/","name":"Sulfate de fer : Acheter en ligne - Alquera.com","isPartOf":{"@id":"https:\/\/www.alquera.com\/en\/#website"},"primaryImageOfPage":{"@id":"https:\/\/www.alquera.com\/sulfato-de-hierro\/#primaryimage"},"image":{"@id":"https:\/\/www.alquera.com\/sulfato-de-hierro\/#primaryimage"},"thumbnailUrl":"https:\/\/www.alquera.com\/wp-content\/uploads\/2017\/09\/992-thickbox_default-Sulfato-de-Hierro-5Kg.jpg","datePublished":"2017-09-26T11:45:26+00:00","dateModified":"2026-04-11T22:06:50+00:00","description":"EXP\u00c9DITION EN 24\/48H - Acheter Sulfate de Fer Heptahydrat\u00e9 \u00e0 Alquera. Engrais \u00e9cologique, augmentation du pH. Formats de 1kg \u00e0 25kg.","breadcrumb":{"@id":"https:\/\/www.alquera.com\/sulfato-de-hierro\/#breadcrumb"},"inLanguage":"fr-FR","potentialAction":[{"@type":"ReadAction","target":["https:\/\/www.alquera.com\/sulfato-de-hierro\/"]}]},{"@type":"ImageObject","inLanguage":"fr-FR","@id":"https:\/\/www.alquera.com\/sulfato-de-hierro\/#primaryimage","url":"https:\/\/www.alquera.com\/wp-content\/uploads\/2017\/09\/992-thickbox_default-Sulfato-de-Hierro-5Kg.jpg","contentUrl":"https:\/\/www.alquera.com\/wp-content\/uploads\/2017\/09\/992-thickbox_default-Sulfato-de-Hierro-5Kg.jpg","width":800,"height":800,"caption":"Comprar Sulfato de Hierro"},{"@type":"BreadcrumbList","@id":"https:\/\/www.alquera.com\/sulfato-de-hierro\/#breadcrumb","itemListElement":[{"@type":"ListItem","position":1,"name":"Inicio","item":"https:\/\/www.alquera.com\/"},{"@type":"ListItem","position":2,"name":"Alquera.com: Tienda Online de Productos Qu\u00edmicos y Material de Laboratorio","item":"https:\/\/www.alquera.com\/en\/tienda\/"},{"@type":"ListItem","position":3,"name":"Sulfato de Hierro"}]},{"@type":"WebSite","@id":"https:\/\/www.alquera.com\/en\/#website","url":"https:\/\/www.alquera.com\/en\/","name":"Alquera.com","description":"Boutique en ligne Produits chimiques et \u00e9quipements de laboratoire","publisher":{"@id":"https:\/\/www.alquera.com\/en\/#organization"},"potentialAction":[{"@type":"SearchAction","target":{"@type":"EntryPoint","urlTemplate":"https:\/\/www.alquera.com\/en\/?s={search_term_string}"},"query-input":{"@type":"PropertyValueSpecification","valueRequired":true,"valueName":"search_term_string"}}],"inLanguage":"fr-FR"},{"@type":"Organization","@id":"https:\/\/www.alquera.com\/en\/#organization","name":"ALQUERA CIENCIA SL","url":"https:\/\/www.alquera.com\/en\/","logo":{"@type":"ImageObject","inLanguage":"fr-FR","@id":"https:\/\/www.alquera.com\/en\/#\/schema\/logo\/image\/","url":"https:\/\/www.alquera.com\/wp-content\/uploads\/2020\/11\/logo_300_ancho.png","contentUrl":"https:\/\/www.alquera.com\/wp-content\/uploads\/2020\/11\/logo_300_ancho.png","width":300,"height":86,"caption":"ALQUERA CIENCIA SL"},"image":{"@id":"https:\/\/www.alquera.com\/en\/#\/schema\/logo\/image\/"},"sameAs":["https:\/\/www.facebook.com\/alqueraciencia","https:\/\/www.instagram.com\/alquera_ciencia\/","https:\/\/www.youtube.com\/c\/alquera"]}]},"product_brand":"Alquera","og_availability":"instock","product_availability":"instock","product_retailer_item_id":"AL100161","product_condition":"new"},"_links":{"self":[{"href":"https:\/\/www.alquera.com\/fr\/wp-json\/wp\/v2\/product\/950","targetHints":{"allow":["GET"]}}],"collection":[{"href":"https:\/\/www.alquera.com\/fr\/wp-json\/wp\/v2\/product"}],"about":[{"href":"https:\/\/www.alquera.com\/fr\/wp-json\/wp\/v2\/types\/product"}],"replies":[{"embeddable":true,"href":"https:\/\/www.alquera.com\/fr\/wp-json\/wp\/v2\/comments?post=950"}],"wp:featuredmedia":[{"embeddable":true,"href":"https:\/\/www.alquera.com\/fr\/wp-json\/wp\/v2\/media\/948"}],"wp:attachment":[{"href":"https:\/\/www.alquera.com\/fr\/wp-json\/wp\/v2\/media?parent=950"}],"wp:term":[{"taxonomy":"product_brand","embeddable":true,"href":"https:\/\/www.alquera.com\/fr\/wp-json\/wp\/v2\/product_brand?post=950"},{"taxonomy":"product_cat","embeddable":true,"href":"https:\/\/www.alquera.com\/fr\/wp-json\/wp\/v2\/product_cat?post=950"},{"taxonomy":"product_tag","embeddable":true,"href":"https:\/\/www.alquera.com\/fr\/wp-json\/wp\/v2\/product_tag?post=950"}],"curies":[{"name":"wp","href":"https:\/\/api.w.org\/{rel}","templated":true}]}}