{"id":306,"date":"2020-09-24T09:17:47","date_gmt":"2020-09-24T09:17:47","guid":{"rendered":"https:\/\/www.alquera.com\/productos\/?page_id=306"},"modified":"2021-11-27T09:32:56","modified_gmt":"2021-11-27T09:32:56","slug":"que-es-carbon-activo","status":"publish","type":"page","link":"https:\/\/www.alquera.com\/it\/carbon-activo-en-polvo\/que-es-carbon-activo\/","title":{"rendered":"Carbone attivo. Usi e applicazioni"},"content":{"rendered":"<p>Il <a href=\"https:\/\/www.alquera.com\/it\/carbon-activo-en-polvo\/\">carbone attivo<\/a>\u00a0\u00e8 un termine che rappresenta una grande famiglia di adsorbenti basati sull'elemento chimico carbonio, sotto forma di carbone, che sono altamente cristallini e hanno una grande porosit\u00e0 interna. Questa elevata porosit\u00e0 interna \u00e8 ci\u00f2 che conferisce al carbone attivo le sue grandi applicazioni. <\/p>\n\n\n\n<figure class=\"wp-block-image size-large\"><img loading=\"lazy\" decoding=\"async\" width=\"300\" height=\"186\" src=\"https:\/\/www.alquera.com\/wp-content\/uploads\/2020\/11\/carbon-activo-en-grano.jpg\" alt=\"\" class=\"wp-image-10282\" srcset=\"https:\/\/www.alquera.com\/wp-content\/uploads\/2020\/11\/carbon-activo-en-grano.jpg 300w, https:\/\/www.alquera.com\/wp-content\/uploads\/2020\/11\/carbon-activo-en-grano-64x40.jpg 64w\" sizes=\"auto, (max-width: 300px) 100vw, 300px\" \/><\/figure>\n\n\n\n<p>\nIl carbone attivo \u00e8 caratterizzato da un numero molto elevato di micropori. I micropori hanno un raggio inferiore a 2 nanometri (1 nanometro=1e-9 m). Grazie a questa elevata microporosit\u00e0, la loro area superficiale aumenta fino a centinaia di m2 e pu\u00f2 raggiungere valori di 2500m2\/g.\n\nLa struttura del carbone attivo presenta un gran numero di vuoti, rientranze e fessure. \u00c8 in tutti questi micropori che avviene l'adsorbimento, caratteristica che conferisce al carbone attivo le sue applicazioni.\n\nAttivando un carbone si aumenta l'area superficiale e la sua capacit\u00e0 di adsorbimento.  Il carbone pu\u00f2 essere attivato chimicamente o termicamente. L'attivazione termica si ottiene ossidando parti del carbone, creando pori, ma evitando che il carbone evapori e perda pi\u00f9 carbonio del necessario. Il processo termico avviene a temperature comprese tra 600 e 1000\u00baC.\n<\/p>\n\n\n\n<h2 class=\"wp-block-heading\">ADSORBIMENTO DEL CARBONE ATTIVO<\/h2>\n\n\n\n<p>La caratteristica principale del carbone attivo \u00e8 l'adsorbimento. L'adsorbimento non deve essere confuso con l'assorbimento. Nell'adsorbimento, il solido adsorbente (in questo caso il carbone attivo) viene utilizzato per rimuovere le sostanze dall'acqua o dall'aria. Il carbone attivo ha un'ampia superficie interna, grazie ai micropori, compresa tra 500 e 1500m2\/grammo.<\/p>\n\n\n\n<p>Il carbone granulato \u00e8 utilizzato soprattutto nel trattamento delle acque e pu\u00f2 adsorbire le seguenti particelle:<\/p>\n\n\n\n<ul class=\"wp-block-list\"><li>Olio vegetale<\/li><li>Sostanze alogenate: I, Br, Cl, H e F<\/li><li>Il gusto<\/li><li>Odori<\/li><li>Lievito<\/li><li>Sostanze non solubili in acqua<\/li><\/ul>\n\n\n\n<h2 class=\"wp-block-heading\">APPLICAZIONI DEL CARBONE ATTIVO<\/h2>\n\n\n\n<ul class=\"wp-block-list\"><li>Filtri per acqua a carbone attivo. Per rendere l'acqua potabile (grazie al carbone \u00e8 possibile trattenere grassi, oli, odori, tossine, insetticidi, composti organici derivanti dalla decomposizione di vegetali o animali...).<\/li><li>Filtri dell'aria a carboni attivi. Eliminazione degli odori nell'aria. Il carbone attivo viene utilizzato, ad esempio, nei sistemi di ricircolo dell'aria o nelle bocchette di scarico.<\/li><li>Carbone attivo in acquario. Carbone attivo per la rimozione di sostanze tossiche in acquario.<\/li><li>Per trattare le persone con intossicazione acuta. \u00c8 un antidoto universale per l'assorbimento di sostanze tossiche anche all'interno del nostro organismo.<\/li><li>Decolorazione di oli vegetali, glucosio di mais e altri liquidi destinati all'uso nei prodotti alimentari<\/li><li>Il carbone attivo viene utilizzato anche per decolorare le bevande alcoliche (ad esempio il vino).<\/li><li>Recupero dell'oro<\/li><\/ul>\n\n\n\n<h2 class=\"wp-block-heading\">CARATTERISTICHE E TIPI DI CARBONE ATTIVO<\/h2>\n\n\n\n<p> Esistono diversi modi per classificare il carbone attivo, in base ad alcune delle sue caratteristiche, tra cui: <span id=\".C3.81rea_superficial\" class=\"mw-headline\"><strong>Superficie.<\/strong> L'area superficiale \u00e8 la superficie totale del carbone attivo tenendo conto di tutti i micropori. \u00c8 il principale indicatore dell'attivit\u00e0 del carbone attivo.&nbsp;<\/span><strong><span id=\"Radios_porales\" class=\"mw-headline\">Radio porale. <\/span><\/strong><span id=\"Radios_porales\" class=\"mw-headline\">La dimensione dei raggi dei pori \u00e8 un altro modo per conoscere le prestazioni del materiale. *&nbsp;<\/span>Micropori di raggio inferiore 2 nm * Mesopori r \u2248 2-50 nm *Macropori r pi\u00f9 grandi 50 nm <span id=\"N.C3.BAmero_de_yodo\" class=\"mw-headline\"><strong>Numero di iodio.<\/strong>&nbsp;Viene comunemente utilizzato per caratterizzare l'adsorbimento del carbonio, attraverso la capacit\u00e0 di adsorbimento dello iodio in soluzione.&nbsp;<\/span><strong><span id=\"Dureza\" class=\"mw-headline\">Durezza.&nbsp;<\/span><\/strong>La durezza \u00e8 un fattore molto importante, in quanto determina la durata dei filtri e il modo in cui vengono trattati. Le variazioni di durezza possono essere molteplici. <strong><span id=\"Tama.C3.B1o_de_las_part.C3.ADculas\" class=\"mw-headline\">Dimensione delle particelle. <\/span><\/strong><span id=\"Tama.C3.B1o_de_las_part.C3.ADculas\" class=\"mw-headline\">Pi\u00f9 fini sono le particelle, migliore \u00e8 l'accesso alla superficie e pi\u00f9 veloce \u00e8 l'adsorbimento.&nbsp;<\/span><\/p>\n\n\n\n<h3 class=\"widget-title\">Acquista <\/h3><div><div class=\"woocommerce\"><ul class=\"products columns-4\">\n<li class=\"desktop-align-left tablet-align-left mobile-align-left ast-product-gallery-layout-horizontal-slider ast-magnify-disabled ast-product-single-variable ast-product-tabs-layout-horizontal ast-qv-on-image product type-product post-495 status-publish first instock product_cat-productos-experimentos product_cat-productos has-post-thumbnail taxable shipping-taxable purchasable product-type-variable has-default-attributes\">\n\t<a href=\"https:\/\/www.alquera.com\/it\/permanganato-de-potasio\/\" class=\"woocommerce-LoopProduct-link woocommerce-loop-product__link\"><img loading=\"lazy\" decoding=\"async\" width=\"300\" height=\"300\" src=\"https:\/\/www.alquera.com\/wp-content\/uploads\/2016\/01\/permanganato-200g-foto-nueva-300x300.png\" class=\"attachment-woocommerce_thumbnail size-woocommerce_thumbnail\" alt=\"permanganato 200g\" srcset=\"https:\/\/www.alquera.com\/wp-content\/uploads\/2016\/01\/permanganato-200g-foto-nueva-300x300.png 300w, https:\/\/www.alquera.com\/wp-content\/uploads\/2016\/01\/permanganato-200g-foto-nueva-150x150.png 150w, https:\/\/www.alquera.com\/wp-content\/uploads\/2016\/01\/permanganato-200g-foto-nueva-12x12.png 12w, https:\/\/www.alquera.com\/wp-content\/uploads\/2016\/01\/permanganato-200g-foto-nueva-100x100.png 100w\" sizes=\"auto, (max-width: 300px) 100vw, 300px\" \/><h2 class=\"woocommerce-loop-product__title\">Permanganato di Potassio<\/h2><div class=\"review-rating\"><div class=\"star-rating\"><span style=\"width:100%\" data-no-translation=\"\" data-trp-gettext=\"\">Valutato <strong class=\"rating\">5.00<\/strong> su 5<\/span><\/div><\/div>\n<\/a><a href=\"https:\/\/www.alquera.com\/it\/permanganato-de-potasio\/\" aria-describedby=\"woocommerce_loop_add_to_cart_link_describedby_495\" data-quantity=\"1\" class=\"button product_type_variable add_to_cart_button\" data-product_id=\"495\" data-product_sku=\"AL100111\" aria-label=\"Seleziona le opzioni per \u201cPermanganato de Potasio\u201d\" rel=\"nofollow\" data-no-translation=\"\" data-trp-gettext=\"\" data-no-translation-aria-label=\"\">Scegli<\/a>\t<span id=\"woocommerce_loop_add_to_cart_link_describedby_495\" class=\"screen-reader-text\">\n\t\tQuesto prodotto ha pi\u00f9 varianti. Le opzioni possono essere scelte nella pagina del prodotto\t<\/span>\n<\/li>\n<\/ul>\n<\/div><\/div>\n\n\n\n<p class=\"widget-title\">Per saperne di pi\u00f9<\/p><a href=\"https:\/\/www.alquera.com\/it\/carbon-activo-en-polvo\/\">Carbone Attivo<\/a>\n<!-- Page-list plugin v.5.9 wordpress.org\/plugins\/page-list\/ -->\n<ul class=\"page-list siblings-page-list\">\n<li class=\"page_item page-item-313 menu-item\"><a href=\"https:\/\/www.alquera.com\/it\/carbon-activo-en-polvo\/acuarios\/\" class=\"menu-link\">Carbone attivo in acquario<\/a><\/li>\n<li class=\"page_item page-item-306 menu-item\"><a href=\"https:\/\/www.alquera.com\/it\/carbon-activo-en-polvo\/que-es-carbon-activo\/\" class=\"menu-link\">Carbone attivo. Usi e applicazioni<\/a><\/li>\n<li class=\"page_item page-item-316 menu-item\"><a href=\"https:\/\/www.alquera.com\/it\/carbon-activo-en-polvo\/filtros-agua\/\" class=\"menu-link\">Filtri per acqua a carbone attivo<\/a><\/li>\n<li class=\"page_item page-item-321 menu-item\"><a href=\"https:\/\/www.alquera.com\/it\/carbon-activo-en-polvo\/filtros-aire\/\" class=\"menu-link\">Filtri aria a carbone attivo<\/a><\/li>\n\n<\/ul>","protected":false},"excerpt":{"rendered":"<p>El carb\u00f3n activo\u00a0es un t\u00e9rmino que representa a una gran familia de adsorbentes de base del elemento qu\u00edmico carbono, en forma de carb\u00f3n, que son altamente cristalinos y tienen una gran porosidad interna. Esta gran porosidad interna es lo que le da las grandes aplicaciones al carb\u00f3n activo. El carb\u00f3n activo se caracteriza por tener [&hellip;]<\/p>\n","protected":false},"author":1,"featured_media":0,"parent":32604,"menu_order":0,"comment_status":"open","ping_status":"closed","template":"","meta":{"_acf_changed":false,"site-sidebar-layout":"default","site-content-layout":"default","ast-site-content-layout":"default","site-content-style":"default","site-sidebar-style":"default","ast-global-header-display":"","ast-banner-title-visibility":"","ast-main-header-display":"","ast-hfb-above-header-display":"","ast-hfb-below-header-display":"","ast-hfb-mobile-header-display":"","site-post-title":"","ast-breadcrumbs-content":"","ast-featured-img":"","footer-sml-layout":"","ast-disable-related-posts":"","theme-transparent-header-meta":"default","adv-header-id-meta":"","stick-header-meta":"default","header-above-stick-meta":"","header-main-stick-meta":"","header-below-stick-meta":"","astra-migrate-meta-layouts":"default","ast-page-background-enabled":"default","ast-page-background-meta":{"desktop":{"background-color":"var(--ast-global-color-4)","background-image":"","background-repeat":"repeat","background-position":"center center","background-size":"auto","background-attachment":"scroll","background-type":"","background-media":"","overlay-type":"","overlay-color":"","overlay-opacity":"","overlay-gradient":""},"tablet":{"background-color":"","background-image":"","background-repeat":"repeat","background-position":"center center","background-size":"auto","background-attachment":"scroll","background-type":"","background-media":"","overlay-type":"","overlay-color":"","overlay-opacity":"","overlay-gradient":""},"mobile":{"background-color":"","background-image":"","background-repeat":"repeat","background-position":"center center","background-size":"auto","background-attachment":"scroll","background-type":"","background-media":"","overlay-type":"","overlay-color":"","overlay-opacity":"","overlay-gradient":""}},"ast-content-background-meta":{"desktop":{"background-color":"var(--ast-global-color-5)","background-image":"","background-repeat":"repeat","background-position":"center center","background-size":"auto","background-attachment":"scroll","background-type":"","background-media":"","overlay-type":"","overlay-color":"","overlay-opacity":"","overlay-gradient":""},"tablet":{"background-color":"var(--ast-global-color-5)","background-image":"","background-repeat":"repeat","background-position":"center center","background-size":"auto","background-attachment":"scroll","background-type":"","background-media":"","overlay-type":"","overlay-color":"","overlay-opacity":"","overlay-gradient":""},"mobile":{"background-color":"var(--ast-global-color-5)","background-image":"","background-repeat":"repeat","background-position":"center center","background-size":"auto","background-attachment":"scroll","background-type":"","background-media":"","overlay-type":"","overlay-color":"","overlay-opacity":"","overlay-gradient":""}},"footnotes":""},"class_list":["post-306","page","type-page","status-publish","hentry"],"acf":[],"yoast_head":"<!-- This site is optimized with the Yoast SEO Premium plugin v27.1 (Yoast SEO v27.1.1) - https:\/\/yoast.com\/product\/yoast-seo-premium-wordpress\/ -->\n<title>Carb\u00f3n Activo. Usos y Aplicaciones - Alquera.com<\/title>\n<meta name=\"robots\" content=\"index, follow, max-snippet:-1, max-image-preview:large, max-video-preview:-1\" \/>\n<link rel=\"canonical\" href=\"https:\/\/www.alquera.com\/it\/carbon-activo-en-polvo\/que-es-carbon-activo\/\" \/>\n<meta property=\"og:locale\" content=\"it_IT\" \/>\n<meta property=\"og:type\" content=\"article\" \/>\n<meta property=\"og:title\" content=\"Carb\u00f3n Activo. Usos y Aplicaciones\" \/>\n<meta property=\"og:description\" content=\"El carb\u00f3n activo\u00a0es un t\u00e9rmino que representa a una gran familia de adsorbentes de base del elemento qu\u00edmico carbono, en forma de carb\u00f3n, que son altamente cristalinos y tienen una gran porosidad interna. Esta gran porosidad interna es lo que le da las grandes aplicaciones al carb\u00f3n activo. El carb\u00f3n activo se caracteriza por tener [&hellip;]\" \/>\n<meta property=\"og:url\" content=\"https:\/\/www.alquera.com\/it\/carbon-activo-en-polvo\/que-es-carbon-activo\/\" \/>\n<meta property=\"og:site_name\" content=\"Alquera.com\" \/>\n<meta property=\"article:publisher\" content=\"https:\/\/www.facebook.com\/alqueraciencia\" \/>\n<meta property=\"article:modified_time\" content=\"2021-11-27T09:32:56+00:00\" \/>\n<meta property=\"og:image\" content=\"https:\/\/www.alquera.com\/wp-content\/uploads\/2020\/11\/carbon-activo-en-grano.jpg\" \/>\n<meta name=\"twitter:card\" content=\"summary_large_image\" \/>\n<meta name=\"twitter:label1\" content=\"Tempo di lettura stimato\" \/>\n\t<meta name=\"twitter:data1\" content=\"3 minuti\" \/>\n<script type=\"application\/ld+json\" class=\"yoast-schema-graph\">{\"@context\":\"https:\/\/schema.org\",\"@graph\":[{\"@type\":\"WebPage\",\"@id\":\"https:\/\/www.alquera.com\/carbon-activo-en-polvo\/que-es-carbon-activo\/\",\"url\":\"https:\/\/www.alquera.com\/carbon-activo-en-polvo\/que-es-carbon-activo\/\",\"name\":\"Carb\u00f3n Activo. Usos y Aplicaciones - Alquera.com\",\"isPartOf\":{\"@id\":\"https:\/\/www.alquera.com\/en\/#website\"},\"primaryImageOfPage\":{\"@id\":\"https:\/\/www.alquera.com\/carbon-activo-en-polvo\/que-es-carbon-activo\/#primaryimage\"},\"image\":{\"@id\":\"https:\/\/www.alquera.com\/carbon-activo-en-polvo\/que-es-carbon-activo\/#primaryimage\"},\"thumbnailUrl\":\"https:\/\/www.alquera.com\/wp-content\/uploads\/2020\/11\/carbon-activo-en-grano.jpg\",\"datePublished\":\"2020-09-24T09:17:47+00:00\",\"dateModified\":\"2021-11-27T09:32:56+00:00\",\"breadcrumb\":{\"@id\":\"https:\/\/www.alquera.com\/carbon-activo-en-polvo\/que-es-carbon-activo\/#breadcrumb\"},\"inLanguage\":\"it-IT\",\"potentialAction\":[{\"@type\":\"ReadAction\",\"target\":[\"https:\/\/www.alquera.com\/carbon-activo-en-polvo\/que-es-carbon-activo\/\"]}]},{\"@type\":\"ImageObject\",\"inLanguage\":\"it-IT\",\"@id\":\"https:\/\/www.alquera.com\/carbon-activo-en-polvo\/que-es-carbon-activo\/#primaryimage\",\"url\":\"https:\/\/www.alquera.com\/wp-content\/uploads\/2020\/11\/carbon-activo-en-grano.jpg\",\"contentUrl\":\"https:\/\/www.alquera.com\/wp-content\/uploads\/2020\/11\/carbon-activo-en-grano.jpg\"},{\"@type\":\"BreadcrumbList\",\"@id\":\"https:\/\/www.alquera.com\/carbon-activo-en-polvo\/que-es-carbon-activo\/#breadcrumb\",\"itemListElement\":[{\"@type\":\"ListItem\",\"position\":1,\"name\":\"Inicio\",\"item\":\"https:\/\/www.alquera.com\/\"},{\"@type\":\"ListItem\",\"position\":2,\"name\":\"Carb\u00f3n Activo\",\"item\":\"https:\/\/www.alquera.com\/carbon-activo-en-polvo\/\"},{\"@type\":\"ListItem\",\"position\":3,\"name\":\"Carb\u00f3n Activo. Usos y Aplicaciones\"}]},{\"@type\":\"WebSite\",\"@id\":\"https:\/\/www.alquera.com\/en\/#website\",\"url\":\"https:\/\/www.alquera.com\/en\/\",\"name\":\"Alquera.com\",\"description\":\"Tienda Online Productos Qu\u00edmicos y Material de Laboratorio\",\"publisher\":{\"@id\":\"https:\/\/www.alquera.com\/en\/#organization\"},\"potentialAction\":[{\"@type\":\"SearchAction\",\"target\":{\"@type\":\"EntryPoint\",\"urlTemplate\":\"https:\/\/www.alquera.com\/en\/?s={search_term_string}\"},\"query-input\":{\"@type\":\"PropertyValueSpecification\",\"valueRequired\":true,\"valueName\":\"search_term_string\"}}],\"inLanguage\":\"it-IT\"},{\"@type\":\"Organization\",\"@id\":\"https:\/\/www.alquera.com\/en\/#organization\",\"name\":\"ALQUERA CIENCIA SL\",\"url\":\"https:\/\/www.alquera.com\/en\/\",\"logo\":{\"@type\":\"ImageObject\",\"inLanguage\":\"it-IT\",\"@id\":\"https:\/\/www.alquera.com\/en\/#\/schema\/logo\/image\/\",\"url\":\"https:\/\/www.alquera.com\/wp-content\/uploads\/2020\/11\/logo_300_ancho.png\",\"contentUrl\":\"https:\/\/www.alquera.com\/wp-content\/uploads\/2020\/11\/logo_300_ancho.png\",\"width\":300,\"height\":86,\"caption\":\"ALQUERA CIENCIA SL\"},\"image\":{\"@id\":\"https:\/\/www.alquera.com\/en\/#\/schema\/logo\/image\/\"},\"sameAs\":[\"https:\/\/www.facebook.com\/alqueraciencia\",\"https:\/\/www.instagram.com\/alquera_ciencia\/\",\"https:\/\/www.youtube.com\/c\/alquera\"]}]}<\/script>\n<!-- \/ Yoast SEO Premium plugin. -->","yoast_head_json":{"title":"Carbone attivo. Usi e applicazioni - Alquera.com","robots":{"index":"index","follow":"follow","max-snippet":"max-snippet:-1","max-image-preview":"max-image-preview:large","max-video-preview":"max-video-preview:-1"},"canonical":"https:\/\/www.alquera.com\/it\/carbon-activo-en-polvo\/que-es-carbon-activo\/","og_locale":"it_IT","og_type":"article","og_title":"Carb\u00f3n Activo. Usos y Aplicaciones","og_description":"El carb\u00f3n activo\u00a0es un t\u00e9rmino que representa a una gran familia de adsorbentes de base del elemento qu\u00edmico carbono, en forma de carb\u00f3n, que son altamente cristalinos y tienen una gran porosidad interna. Esta gran porosidad interna es lo que le da las grandes aplicaciones al carb\u00f3n activo. El carb\u00f3n activo se caracteriza por tener [&hellip;]","og_url":"https:\/\/www.alquera.com\/it\/carbon-activo-en-polvo\/que-es-carbon-activo\/","og_site_name":"Alquera.com","article_publisher":"https:\/\/www.facebook.com\/alqueraciencia","article_modified_time":"2021-11-27T09:32:56+00:00","og_image":[{"url":"https:\/\/www.alquera.com\/wp-content\/uploads\/2020\/11\/carbon-activo-en-grano.jpg","type":"","width":"","height":""}],"twitter_card":"summary_large_image","twitter_misc":{"Tempo di lettura stimato":"3 minuti"},"schema":{"@context":"https:\/\/schema.org","@graph":[{"@type":"WebPage","@id":"https:\/\/www.alquera.com\/carbon-activo-en-polvo\/que-es-carbon-activo\/","url":"https:\/\/www.alquera.com\/carbon-activo-en-polvo\/que-es-carbon-activo\/","name":"Carbone attivo. Usi e applicazioni - Alquera.com","isPartOf":{"@id":"https:\/\/www.alquera.com\/en\/#website"},"primaryImageOfPage":{"@id":"https:\/\/www.alquera.com\/carbon-activo-en-polvo\/que-es-carbon-activo\/#primaryimage"},"image":{"@id":"https:\/\/www.alquera.com\/carbon-activo-en-polvo\/que-es-carbon-activo\/#primaryimage"},"thumbnailUrl":"https:\/\/www.alquera.com\/wp-content\/uploads\/2020\/11\/carbon-activo-en-grano.jpg","datePublished":"2020-09-24T09:17:47+00:00","dateModified":"2021-11-27T09:32:56+00:00","breadcrumb":{"@id":"https:\/\/www.alquera.com\/carbon-activo-en-polvo\/que-es-carbon-activo\/#breadcrumb"},"inLanguage":"it-IT","potentialAction":[{"@type":"ReadAction","target":["https:\/\/www.alquera.com\/carbon-activo-en-polvo\/que-es-carbon-activo\/"]}]},{"@type":"ImageObject","inLanguage":"it-IT","@id":"https:\/\/www.alquera.com\/carbon-activo-en-polvo\/que-es-carbon-activo\/#primaryimage","url":"https:\/\/www.alquera.com\/wp-content\/uploads\/2020\/11\/carbon-activo-en-grano.jpg","contentUrl":"https:\/\/www.alquera.com\/wp-content\/uploads\/2020\/11\/carbon-activo-en-grano.jpg"},{"@type":"BreadcrumbList","@id":"https:\/\/www.alquera.com\/carbon-activo-en-polvo\/que-es-carbon-activo\/#breadcrumb","itemListElement":[{"@type":"ListItem","position":1,"name":"Inicio","item":"https:\/\/www.alquera.com\/"},{"@type":"ListItem","position":2,"name":"Carb\u00f3n Activo","item":"https:\/\/www.alquera.com\/carbon-activo-en-polvo\/"},{"@type":"ListItem","position":3,"name":"Carb\u00f3n Activo. Usos y Aplicaciones"}]},{"@type":"WebSite","@id":"https:\/\/www.alquera.com\/en\/#website","url":"https:\/\/www.alquera.com\/en\/","name":"Alquera.com","description":"Negozio online di prodotti chimici e forniture di laboratorio","publisher":{"@id":"https:\/\/www.alquera.com\/en\/#organization"},"potentialAction":[{"@type":"SearchAction","target":{"@type":"EntryPoint","urlTemplate":"https:\/\/www.alquera.com\/en\/?s={search_term_string}"},"query-input":{"@type":"PropertyValueSpecification","valueRequired":true,"valueName":"search_term_string"}}],"inLanguage":"it-IT"},{"@type":"Organization","@id":"https:\/\/www.alquera.com\/en\/#organization","name":"ALQUERA CIENCIA SL","url":"https:\/\/www.alquera.com\/en\/","logo":{"@type":"ImageObject","inLanguage":"it-IT","@id":"https:\/\/www.alquera.com\/en\/#\/schema\/logo\/image\/","url":"https:\/\/www.alquera.com\/wp-content\/uploads\/2020\/11\/logo_300_ancho.png","contentUrl":"https:\/\/www.alquera.com\/wp-content\/uploads\/2020\/11\/logo_300_ancho.png","width":300,"height":86,"caption":"ALQUERA CIENCIA SL"},"image":{"@id":"https:\/\/www.alquera.com\/en\/#\/schema\/logo\/image\/"},"sameAs":["https:\/\/www.facebook.com\/alqueraciencia","https:\/\/www.instagram.com\/alquera_ciencia\/","https:\/\/www.youtube.com\/c\/alquera"]}]}},"_links":{"self":[{"href":"https:\/\/www.alquera.com\/it\/wp-json\/wp\/v2\/pages\/306","targetHints":{"allow":["GET"]}}],"collection":[{"href":"https:\/\/www.alquera.com\/it\/wp-json\/wp\/v2\/pages"}],"about":[{"href":"https:\/\/www.alquera.com\/it\/wp-json\/wp\/v2\/types\/page"}],"author":[{"embeddable":true,"href":"https:\/\/www.alquera.com\/it\/wp-json\/wp\/v2\/users\/1"}],"replies":[{"embeddable":true,"href":"https:\/\/www.alquera.com\/it\/wp-json\/wp\/v2\/comments?post=306"}],"version-history":[{"count":8,"href":"https:\/\/www.alquera.com\/it\/wp-json\/wp\/v2\/pages\/306\/revisions"}],"predecessor-version":[{"id":36199,"href":"https:\/\/www.alquera.com\/it\/wp-json\/wp\/v2\/pages\/306\/revisions\/36199"}],"up":[{"embeddable":true,"href":"https:\/\/www.alquera.com\/it\/wp-json\/wp\/v2\/pages\/32604"}],"wp:attachment":[{"href":"https:\/\/www.alquera.com\/it\/wp-json\/wp\/v2\/media?parent=306"}],"curies":[{"name":"wp","href":"https:\/\/api.w.org\/{rel}","templated":true}]}}