{"id":313,"date":"2020-09-24T10:50:46","date_gmt":"2020-09-24T10:50:46","guid":{"rendered":"https:\/\/www.alquera.com\/productos\/?page_id=313"},"modified":"2021-11-27T09:39:46","modified_gmt":"2021-11-27T09:39:46","slug":"acuarios","status":"publish","type":"page","link":"https:\/\/www.alquera.com\/it\/carbon-activo-en-polvo\/acuarios\/","title":{"rendered":"Carbone attivo in acquario"},"content":{"rendered":"<p>Il carbone attivo in acquario svolge il compito di purificare l'acqua. Il <a href=\"https:\/\/www.alquera.com\/it\/carbon-activo-en-polvo\/\">carbone attivo<\/a> Il carbone attivo funziona legando le particelle tossiche presenti nell'acqua, per cui la presenza di carbone attivo nell'acquario porter\u00e0 a un'acqua pi\u00f9 limpida.<\/p>\n\n\n\n<figure class=\"wp-block-image size-large\"><img loading=\"lazy\" decoding=\"async\" width=\"226\" height=\"223\" src=\"https:\/\/www.alquera.com\/wp-content\/uploads\/2020\/11\/en-grano.jpg\" alt=\"\" class=\"wp-image-10291\" srcset=\"https:\/\/www.alquera.com\/wp-content\/uploads\/2020\/11\/en-grano.jpg 226w, https:\/\/www.alquera.com\/wp-content\/uploads\/2020\/11\/en-grano-100x100.jpg 100w, https:\/\/www.alquera.com\/wp-content\/uploads\/2020\/11\/en-grano-64x63.jpg 64w\" sizes=\"auto, (max-width: 226px) 100vw, 226px\" \/><\/figure>\n\n\n\n<h2 class=\"wp-block-heading\">IN ACQUA DOLCE<\/h2>\n\n\n\n<p>Viene utilizzato per due scopi principali:<\/p>\n\n\n\n<ul class=\"wp-block-list\"><li>Smaltimento dei farmaci nell'acquario. Al termine del processo con il farmaco, si utilizza il carbone attivo per rimuovere eventuali residui. Si prende il carbone attivo in polvere, lo si mette in una calza o in una rete e lo si pone nell'acquario per 24 ore. Dopo 24 ore avr\u00e0 assorbito tutto il farmaco e l'acqua sar\u00e0 pura.<\/li><li>Se le piante sono state piantate e il substrato \u00e8 stato spostato, l'uso di carbone attivo \u00e8 utile anche per rimuovere i resti del substrato.<\/li><\/ul>\n\n\n\n<h2 class=\"wp-block-heading\">IN ACQUA MARINA<\/h2>\n\n\n\n<p>Negli acquari marini sono presenti molte tracce di elementi chimici nell'acqua. Il carbone attivo, nella sua capacit\u00e0 di assorbire le particelle presenti nell'acqua, rischia di mangiare i sali presenti nell'acqua di mare, compreso il calcio di cui i coralli hanno bisogno per il loro sviluppo.<\/p>\n\n\n\n<p>Ci sono due casi in cui il carbone attivo \u00e8 necessario nell'acquario.<\/p>\n\n\n\n<ul class=\"wp-block-list\"><li>Se, ad esempio, in un acquario marino, il substrato e le pietre vengono spostati e fuoriescono, ad esempio, le alghe diatomee, queste rimarranno galleggianti e potranno trasferirsi ai coralli, distruggendoli. Per questo motivo sarebbe necessario utilizzare il carbone attivo per almeno 24 ore.<\/li><li>Nel caso degli anemoni, \u00e8 necessario anche un filtro a carbone attivo. Un anemone, quando muore, \u00e8 in grado di uccidere tutto ci\u00f2 che avete nell'acquario. Anche in questo caso \u00e8 necessario installare immediatamente un filtro a carbone attivo.<\/li><\/ul>\n\n\n\n<h2 class=\"wp-block-heading\">ALTRI USI DEL CARBONE ATTIVO<\/h2>\n\n\n\n<p><a href=\"https:\/\/www.alquera.com\/it\/carbon-activo-en-polvo\/filtros-agua\/\">Filtri per acqua a carbone attivo<\/a><br><a href=\"https:\/\/www.alquera.com\/it\/carbon-activo-en-polvo\/filtros-aire\/\">Filtri dell'aria a carbone attivo<\/a><\/p>\n\n\n\n<h2 class=\"wp-block-heading\"><\/h2>\n\n\n\n<h3 class=\"widget-title\">Acquista <\/h3><div><div class=\"woocommerce\"><ul class=\"products columns-4\">\n<li class=\"desktop-align-left tablet-align-left mobile-align-left ast-product-gallery-layout-horizontal-slider ast-magnify-disabled ast-product-single-variable ast-product-tabs-layout-horizontal ast-qv-on-image product type-product post-495 status-publish first instock product_cat-productos-experimentos product_cat-productos has-post-thumbnail taxable shipping-taxable purchasable product-type-variable has-default-attributes\">\n\t<a href=\"https:\/\/www.alquera.com\/it\/permanganato-de-potasio\/\" class=\"woocommerce-LoopProduct-link woocommerce-loop-product__link\"><img loading=\"lazy\" decoding=\"async\" width=\"300\" height=\"300\" src=\"https:\/\/www.alquera.com\/wp-content\/uploads\/2016\/01\/permanganato-200g-foto-nueva-300x300.png\" class=\"attachment-woocommerce_thumbnail size-woocommerce_thumbnail\" alt=\"permanganato 200g\" srcset=\"https:\/\/www.alquera.com\/wp-content\/uploads\/2016\/01\/permanganato-200g-foto-nueva-300x300.png 300w, https:\/\/www.alquera.com\/wp-content\/uploads\/2016\/01\/permanganato-200g-foto-nueva-150x150.png 150w, https:\/\/www.alquera.com\/wp-content\/uploads\/2016\/01\/permanganato-200g-foto-nueva-12x12.png 12w, https:\/\/www.alquera.com\/wp-content\/uploads\/2016\/01\/permanganato-200g-foto-nueva-100x100.png 100w\" sizes=\"auto, (max-width: 300px) 100vw, 300px\" \/><h2 class=\"woocommerce-loop-product__title\">Permanganato di Potassio<\/h2><div class=\"review-rating\"><div class=\"star-rating\"><span style=\"width:100%\" data-no-translation=\"\" data-trp-gettext=\"\">Valutato <strong class=\"rating\">5.00<\/strong> su 5<\/span><\/div><\/div>\n<\/a><a href=\"https:\/\/www.alquera.com\/it\/permanganato-de-potasio\/\" aria-describedby=\"woocommerce_loop_add_to_cart_link_describedby_495\" data-quantity=\"1\" class=\"button product_type_variable add_to_cart_button\" data-product_id=\"495\" data-product_sku=\"AL100111\" aria-label=\"Seleziona le opzioni per \u201cPermanganato de Potasio\u201d\" rel=\"nofollow\" data-no-translation=\"\" data-trp-gettext=\"\" data-no-translation-aria-label=\"\">Scegli<\/a>\t<span id=\"woocommerce_loop_add_to_cart_link_describedby_495\" class=\"screen-reader-text\">\n\t\tQuesto prodotto ha pi\u00f9 varianti. Le opzioni possono essere scelte nella pagina del prodotto\t<\/span>\n<\/li>\n<\/ul>\n<\/div><\/div>\n\n\n\n<p class=\"widget-title\">Per saperne di pi\u00f9<\/p><a href=\"https:\/\/www.alquera.com\/it\/carbon-activo-en-polvo\/\">Carbone Attivo<\/a>\n<!-- Page-list plugin v.5.9 wordpress.org\/plugins\/page-list\/ -->\n<ul class=\"page-list siblings-page-list\">\n<li class=\"page_item page-item-313 menu-item\"><a href=\"https:\/\/www.alquera.com\/it\/carbon-activo-en-polvo\/acuarios\/\" class=\"menu-link\">Carbone attivo in acquario<\/a><\/li>\n<li class=\"page_item page-item-306 menu-item\"><a href=\"https:\/\/www.alquera.com\/it\/carbon-activo-en-polvo\/que-es-carbon-activo\/\" class=\"menu-link\">Carbone attivo. Usi e applicazioni<\/a><\/li>\n<li class=\"page_item page-item-316 menu-item\"><a href=\"https:\/\/www.alquera.com\/it\/carbon-activo-en-polvo\/filtros-agua\/\" class=\"menu-link\">Filtri per acqua a carbone attivo<\/a><\/li>\n<li class=\"page_item page-item-321 menu-item\"><a href=\"https:\/\/www.alquera.com\/it\/carbon-activo-en-polvo\/filtros-aire\/\" class=\"menu-link\">Filtri aria a carbone attivo<\/a><\/li>\n\n<\/ul>","protected":false},"excerpt":{"rendered":"<p>El carb\u00f3n activo en acuarios cumple la misi\u00f3n de purificaci\u00f3n del agua. El carb\u00f3n activo funciona adheriendo part\u00edculas t\u00f3xicas del agua, por lo que el carb\u00f3n activo en el acuario permitir\u00e1 tener aguas m\u00e1s cristalinas. EN AGUA DULCE Se utiliza para 2 cosas fundamentalmente: Eliminaci\u00f3n de medicamento en el acuario. Al terminar el proceso con [&hellip;]<\/p>\n","protected":false},"author":1,"featured_media":0,"parent":32604,"menu_order":0,"comment_status":"open","ping_status":"closed","template":"","meta":{"_acf_changed":false,"site-sidebar-layout":"default","site-content-layout":"default","ast-site-content-layout":"default","site-content-style":"default","site-sidebar-style":"default","ast-global-header-display":"","ast-banner-title-visibility":"","ast-main-header-display":"","ast-hfb-above-header-display":"","ast-hfb-below-header-display":"","ast-hfb-mobile-header-display":"","site-post-title":"","ast-breadcrumbs-content":"","ast-featured-img":"","footer-sml-layout":"","ast-disable-related-posts":"","theme-transparent-header-meta":"default","adv-header-id-meta":"","stick-header-meta":"default","header-above-stick-meta":"","header-main-stick-meta":"","header-below-stick-meta":"","astra-migrate-meta-layouts":"default","ast-page-background-enabled":"default","ast-page-background-meta":{"desktop":{"background-color":"var(--ast-global-color-4)","background-image":"","background-repeat":"repeat","background-position":"center center","background-size":"auto","background-attachment":"scroll","background-type":"","background-media":"","overlay-type":"","overlay-color":"","overlay-opacity":"","overlay-gradient":""},"tablet":{"background-color":"","background-image":"","background-repeat":"repeat","background-position":"center center","background-size":"auto","background-attachment":"scroll","background-type":"","background-media":"","overlay-type":"","overlay-color":"","overlay-opacity":"","overlay-gradient":""},"mobile":{"background-color":"","background-image":"","background-repeat":"repeat","background-position":"center center","background-size":"auto","background-attachment":"scroll","background-type":"","background-media":"","overlay-type":"","overlay-color":"","overlay-opacity":"","overlay-gradient":""}},"ast-content-background-meta":{"desktop":{"background-color":"var(--ast-global-color-5)","background-image":"","background-repeat":"repeat","background-position":"center center","background-size":"auto","background-attachment":"scroll","background-type":"","background-media":"","overlay-type":"","overlay-color":"","overlay-opacity":"","overlay-gradient":""},"tablet":{"background-color":"var(--ast-global-color-5)","background-image":"","background-repeat":"repeat","background-position":"center center","background-size":"auto","background-attachment":"scroll","background-type":"","background-media":"","overlay-type":"","overlay-color":"","overlay-opacity":"","overlay-gradient":""},"mobile":{"background-color":"var(--ast-global-color-5)","background-image":"","background-repeat":"repeat","background-position":"center center","background-size":"auto","background-attachment":"scroll","background-type":"","background-media":"","overlay-type":"","overlay-color":"","overlay-opacity":"","overlay-gradient":""}},"footnotes":""},"class_list":["post-313","page","type-page","status-publish","hentry"],"acf":[],"yoast_head":"<!-- This site is optimized with the Yoast SEO Premium plugin v27.1 (Yoast SEO v27.1.1) - https:\/\/yoast.com\/product\/yoast-seo-premium-wordpress\/ -->\n<title>Carb\u00f3n Activo en Acuarios - Alquera.com<\/title>\n<meta name=\"robots\" content=\"index, follow, max-snippet:-1, max-image-preview:large, max-video-preview:-1\" \/>\n<link rel=\"canonical\" href=\"https:\/\/www.alquera.com\/it\/carbon-activo-en-polvo\/acuarios\/\" \/>\n<meta property=\"og:locale\" content=\"it_IT\" \/>\n<meta property=\"og:type\" content=\"article\" \/>\n<meta property=\"og:title\" content=\"Carb\u00f3n Activo en Acuarios\" \/>\n<meta property=\"og:description\" content=\"El carb\u00f3n activo en acuarios cumple la misi\u00f3n de purificaci\u00f3n del agua. El carb\u00f3n activo funciona adheriendo part\u00edculas t\u00f3xicas del agua, por lo que el carb\u00f3n activo en el acuario permitir\u00e1 tener aguas m\u00e1s cristalinas. EN AGUA DULCE Se utiliza para 2 cosas fundamentalmente: Eliminaci\u00f3n de medicamento en el acuario. Al terminar el proceso con [&hellip;]\" \/>\n<meta property=\"og:url\" content=\"https:\/\/www.alquera.com\/it\/carbon-activo-en-polvo\/acuarios\/\" \/>\n<meta property=\"og:site_name\" content=\"Alquera.com\" \/>\n<meta property=\"article:publisher\" content=\"https:\/\/www.facebook.com\/alqueraciencia\" \/>\n<meta property=\"article:modified_time\" content=\"2021-11-27T09:39:46+00:00\" \/>\n<meta property=\"og:image\" content=\"https:\/\/www.alquera.com\/wp-content\/uploads\/2020\/11\/en-grano.jpg\" \/>\n<meta name=\"twitter:card\" content=\"summary_large_image\" \/>\n<meta name=\"twitter:label1\" content=\"Tempo di lettura stimato\" \/>\n\t<meta name=\"twitter:data1\" content=\"2 minuti\" \/>\n<script type=\"application\/ld+json\" class=\"yoast-schema-graph\">{\"@context\":\"https:\/\/schema.org\",\"@graph\":[{\"@type\":\"WebPage\",\"@id\":\"https:\/\/www.alquera.com\/carbon-activo-en-polvo\/acuarios\/\",\"url\":\"https:\/\/www.alquera.com\/carbon-activo-en-polvo\/acuarios\/\",\"name\":\"Carb\u00f3n Activo en Acuarios - Alquera.com\",\"isPartOf\":{\"@id\":\"https:\/\/www.alquera.com\/en\/#website\"},\"primaryImageOfPage\":{\"@id\":\"https:\/\/www.alquera.com\/carbon-activo-en-polvo\/acuarios\/#primaryimage\"},\"image\":{\"@id\":\"https:\/\/www.alquera.com\/carbon-activo-en-polvo\/acuarios\/#primaryimage\"},\"thumbnailUrl\":\"https:\/\/www.alquera.com\/wp-content\/uploads\/2020\/11\/en-grano.jpg\",\"datePublished\":\"2020-09-24T10:50:46+00:00\",\"dateModified\":\"2021-11-27T09:39:46+00:00\",\"breadcrumb\":{\"@id\":\"https:\/\/www.alquera.com\/carbon-activo-en-polvo\/acuarios\/#breadcrumb\"},\"inLanguage\":\"it-IT\",\"potentialAction\":[{\"@type\":\"ReadAction\",\"target\":[\"https:\/\/www.alquera.com\/carbon-activo-en-polvo\/acuarios\/\"]}]},{\"@type\":\"ImageObject\",\"inLanguage\":\"it-IT\",\"@id\":\"https:\/\/www.alquera.com\/carbon-activo-en-polvo\/acuarios\/#primaryimage\",\"url\":\"https:\/\/www.alquera.com\/wp-content\/uploads\/2020\/11\/en-grano.jpg\",\"contentUrl\":\"https:\/\/www.alquera.com\/wp-content\/uploads\/2020\/11\/en-grano.jpg\"},{\"@type\":\"BreadcrumbList\",\"@id\":\"https:\/\/www.alquera.com\/carbon-activo-en-polvo\/acuarios\/#breadcrumb\",\"itemListElement\":[{\"@type\":\"ListItem\",\"position\":1,\"name\":\"Inicio\",\"item\":\"https:\/\/www.alquera.com\/\"},{\"@type\":\"ListItem\",\"position\":2,\"name\":\"Carb\u00f3n Activo\",\"item\":\"https:\/\/www.alquera.com\/carbon-activo-en-polvo\/\"},{\"@type\":\"ListItem\",\"position\":3,\"name\":\"Carb\u00f3n Activo en Acuarios\"}]},{\"@type\":\"WebSite\",\"@id\":\"https:\/\/www.alquera.com\/en\/#website\",\"url\":\"https:\/\/www.alquera.com\/en\/\",\"name\":\"Alquera.com\",\"description\":\"Tienda Online Productos Qu\u00edmicos y Material de Laboratorio\",\"publisher\":{\"@id\":\"https:\/\/www.alquera.com\/en\/#organization\"},\"potentialAction\":[{\"@type\":\"SearchAction\",\"target\":{\"@type\":\"EntryPoint\",\"urlTemplate\":\"https:\/\/www.alquera.com\/en\/?s={search_term_string}\"},\"query-input\":{\"@type\":\"PropertyValueSpecification\",\"valueRequired\":true,\"valueName\":\"search_term_string\"}}],\"inLanguage\":\"it-IT\"},{\"@type\":\"Organization\",\"@id\":\"https:\/\/www.alquera.com\/en\/#organization\",\"name\":\"ALQUERA CIENCIA SL\",\"url\":\"https:\/\/www.alquera.com\/en\/\",\"logo\":{\"@type\":\"ImageObject\",\"inLanguage\":\"it-IT\",\"@id\":\"https:\/\/www.alquera.com\/en\/#\/schema\/logo\/image\/\",\"url\":\"https:\/\/www.alquera.com\/wp-content\/uploads\/2020\/11\/logo_300_ancho.png\",\"contentUrl\":\"https:\/\/www.alquera.com\/wp-content\/uploads\/2020\/11\/logo_300_ancho.png\",\"width\":300,\"height\":86,\"caption\":\"ALQUERA CIENCIA SL\"},\"image\":{\"@id\":\"https:\/\/www.alquera.com\/en\/#\/schema\/logo\/image\/\"},\"sameAs\":[\"https:\/\/www.facebook.com\/alqueraciencia\",\"https:\/\/www.instagram.com\/alquera_ciencia\/\",\"https:\/\/www.youtube.com\/c\/alquera\"]}]}<\/script>\n<!-- \/ Yoast SEO Premium plugin. -->","yoast_head_json":{"title":"Carbone attivo in acquario - Alquera.com","robots":{"index":"index","follow":"follow","max-snippet":"max-snippet:-1","max-image-preview":"max-image-preview:large","max-video-preview":"max-video-preview:-1"},"canonical":"https:\/\/www.alquera.com\/it\/carbon-activo-en-polvo\/acuarios\/","og_locale":"it_IT","og_type":"article","og_title":"Carb\u00f3n Activo en Acuarios","og_description":"El carb\u00f3n activo en acuarios cumple la misi\u00f3n de purificaci\u00f3n del agua. El carb\u00f3n activo funciona adheriendo part\u00edculas t\u00f3xicas del agua, por lo que el carb\u00f3n activo en el acuario permitir\u00e1 tener aguas m\u00e1s cristalinas. EN AGUA DULCE Se utiliza para 2 cosas fundamentalmente: Eliminaci\u00f3n de medicamento en el acuario. Al terminar el proceso con [&hellip;]","og_url":"https:\/\/www.alquera.com\/it\/carbon-activo-en-polvo\/acuarios\/","og_site_name":"Alquera.com","article_publisher":"https:\/\/www.facebook.com\/alqueraciencia","article_modified_time":"2021-11-27T09:39:46+00:00","og_image":[{"url":"https:\/\/www.alquera.com\/wp-content\/uploads\/2020\/11\/en-grano.jpg","type":"","width":"","height":""}],"twitter_card":"summary_large_image","twitter_misc":{"Tempo di lettura stimato":"2 minuti"},"schema":{"@context":"https:\/\/schema.org","@graph":[{"@type":"WebPage","@id":"https:\/\/www.alquera.com\/carbon-activo-en-polvo\/acuarios\/","url":"https:\/\/www.alquera.com\/carbon-activo-en-polvo\/acuarios\/","name":"Carbone attivo in acquario - Alquera.com","isPartOf":{"@id":"https:\/\/www.alquera.com\/en\/#website"},"primaryImageOfPage":{"@id":"https:\/\/www.alquera.com\/carbon-activo-en-polvo\/acuarios\/#primaryimage"},"image":{"@id":"https:\/\/www.alquera.com\/carbon-activo-en-polvo\/acuarios\/#primaryimage"},"thumbnailUrl":"https:\/\/www.alquera.com\/wp-content\/uploads\/2020\/11\/en-grano.jpg","datePublished":"2020-09-24T10:50:46+00:00","dateModified":"2021-11-27T09:39:46+00:00","breadcrumb":{"@id":"https:\/\/www.alquera.com\/carbon-activo-en-polvo\/acuarios\/#breadcrumb"},"inLanguage":"it-IT","potentialAction":[{"@type":"ReadAction","target":["https:\/\/www.alquera.com\/carbon-activo-en-polvo\/acuarios\/"]}]},{"@type":"ImageObject","inLanguage":"it-IT","@id":"https:\/\/www.alquera.com\/carbon-activo-en-polvo\/acuarios\/#primaryimage","url":"https:\/\/www.alquera.com\/wp-content\/uploads\/2020\/11\/en-grano.jpg","contentUrl":"https:\/\/www.alquera.com\/wp-content\/uploads\/2020\/11\/en-grano.jpg"},{"@type":"BreadcrumbList","@id":"https:\/\/www.alquera.com\/carbon-activo-en-polvo\/acuarios\/#breadcrumb","itemListElement":[{"@type":"ListItem","position":1,"name":"Inicio","item":"https:\/\/www.alquera.com\/"},{"@type":"ListItem","position":2,"name":"Carb\u00f3n Activo","item":"https:\/\/www.alquera.com\/carbon-activo-en-polvo\/"},{"@type":"ListItem","position":3,"name":"Carb\u00f3n Activo en Acuarios"}]},{"@type":"WebSite","@id":"https:\/\/www.alquera.com\/en\/#website","url":"https:\/\/www.alquera.com\/en\/","name":"Alquera.com","description":"Negozio online di prodotti chimici e forniture di laboratorio","publisher":{"@id":"https:\/\/www.alquera.com\/en\/#organization"},"potentialAction":[{"@type":"SearchAction","target":{"@type":"EntryPoint","urlTemplate":"https:\/\/www.alquera.com\/en\/?s={search_term_string}"},"query-input":{"@type":"PropertyValueSpecification","valueRequired":true,"valueName":"search_term_string"}}],"inLanguage":"it-IT"},{"@type":"Organization","@id":"https:\/\/www.alquera.com\/en\/#organization","name":"ALQUERA CIENCIA SL","url":"https:\/\/www.alquera.com\/en\/","logo":{"@type":"ImageObject","inLanguage":"it-IT","@id":"https:\/\/www.alquera.com\/en\/#\/schema\/logo\/image\/","url":"https:\/\/www.alquera.com\/wp-content\/uploads\/2020\/11\/logo_300_ancho.png","contentUrl":"https:\/\/www.alquera.com\/wp-content\/uploads\/2020\/11\/logo_300_ancho.png","width":300,"height":86,"caption":"ALQUERA CIENCIA SL"},"image":{"@id":"https:\/\/www.alquera.com\/en\/#\/schema\/logo\/image\/"},"sameAs":["https:\/\/www.facebook.com\/alqueraciencia","https:\/\/www.instagram.com\/alquera_ciencia\/","https:\/\/www.youtube.com\/c\/alquera"]}]}},"_links":{"self":[{"href":"https:\/\/www.alquera.com\/it\/wp-json\/wp\/v2\/pages\/313","targetHints":{"allow":["GET"]}}],"collection":[{"href":"https:\/\/www.alquera.com\/it\/wp-json\/wp\/v2\/pages"}],"about":[{"href":"https:\/\/www.alquera.com\/it\/wp-json\/wp\/v2\/types\/page"}],"author":[{"embeddable":true,"href":"https:\/\/www.alquera.com\/it\/wp-json\/wp\/v2\/users\/1"}],"replies":[{"embeddable":true,"href":"https:\/\/www.alquera.com\/it\/wp-json\/wp\/v2\/comments?post=313"}],"version-history":[{"count":7,"href":"https:\/\/www.alquera.com\/it\/wp-json\/wp\/v2\/pages\/313\/revisions"}],"predecessor-version":[{"id":36207,"href":"https:\/\/www.alquera.com\/it\/wp-json\/wp\/v2\/pages\/313\/revisions\/36207"}],"up":[{"embeddable":true,"href":"https:\/\/www.alquera.com\/it\/wp-json\/wp\/v2\/pages\/32604"}],"wp:attachment":[{"href":"https:\/\/www.alquera.com\/it\/wp-json\/wp\/v2\/media?parent=313"}],"curies":[{"name":"wp","href":"https:\/\/api.w.org\/{rel}","templated":true}]}}