{"id":316,"date":"2020-09-24T11:27:19","date_gmt":"2020-09-24T11:27:19","guid":{"rendered":"https:\/\/www.alquera.com\/productos\/?page_id=316"},"modified":"2021-11-27T09:50:29","modified_gmt":"2021-11-27T09:50:29","slug":"filtros-agua","status":"publish","type":"page","link":"https:\/\/www.alquera.com\/it\/carbon-activo-en-polvo\/filtros-agua\/","title":{"rendered":"Filtri per acqua a carbone attivo"},"content":{"rendered":"<p><span id=\"Filtros_para_aire.2C_gas_comprimido_y_purificar_el_agua\" class=\"mw-headline\"><\/span>Filtrazione attraverso <a href=\"https:\/\/www.alquera.com\/it\/carbon-activo-en-polvo\/\">carbone attivo<\/a> \u00e8 uno dei processi pi\u00f9 utilizzati nel trattamento delle acque. Il carbone attivo \u00e8 un materiale che rimuove contaminanti come la materia organica, elimina gli odori e rende l'acqua potabile pi\u00f9 gradevole.<\/p>\n<h3>SOSTANZE RIMOSSE DAL CARBONE ATTIVO<\/h3>\n<p>I filtri per l'acqua a carbone attivo sono utilizzati in modo molto efficace per rimuovere le sostanze chimiche nocive.  Il carbone attivo viene utilizzato per rimuovere le impurit\u00e0 e le sostanze tossiche per la purificazione dell'acqua. Alcune delle sostanze che vengono rimosse con il carbone attivo sono:<\/p>\n<ul type=\"circle\">\n<li>Sostanze non polari come:\n<ul>\n<li>Olio minerale<\/li>\n<li>BTEX. Il benzene, il toluene, l'etilbenzene e lo xilene sono composti volatili presenti nei prodotti petroliferi come la benzina.<\/li>\n<li>Idrocarburi poliaromatici (PAC) - come il benzene e i suoi derivati. Il benzene \u00e8 una sostanza chimica, detta aromatica. \u00c8 un prodotto altamente tossico, noto per essere cancerogeno e per avere gravi effetti sulla salute.<\/li>\n<li>(Cloruro) Fenolo. I fenoli sono sostanze dall'odore caratteristico, poco solubili in acqua e molto solubili in alcol o etere.   Alcuni sono utilizzati come disinfettanti e altri si formano naturalmente, ad esempio la tirosina.<\/li>\n<\/ul>\n<\/li>\n<\/ul>\n<ul>\n<li>Adsorbimento di sostanze alogenate: I, Br, Cl, H e F. Gli alogeni sono elementi situati nel gruppo 17 della tavola periodica. I sali degli alogeni sono, ad esempio, cloruri, ioduri, fluoruri e bromuri.<\/li>\n<li>Odori e sapori. Prodotti dalle sostanze chimiche di cui sopra.<\/li>\n<li>Lievito<\/li>\n<li>Vari prodotti di fermentazione<\/li>\n<\/ul>\n<h3>PRODOTTI NON RIMOSSI DAL CARBONE ATTIVO<\/h3>\n<p>Il filtro a carboni attivi non trattiene tutti i metalli pesanti e i nitrati nocivi. \u00c8 importante cambiare il filtro alle scadenze indicate dal produttore, altrimenti il carbone attivo perde la sua efficacia.<\/p>\n<h2>FILTRI PER L'ACQUA DOMESTICA<\/h2>\n<p>Un filtro domestico a carboni attivi pu\u00f2 essere molto utile per la rimozione dei detriti e la purificazione dell'acqua. \u00c8 particolarmente indicato per la rimozione del cloro e del calcare, quando entrambi gli elementi rappresentano un problema. Esistono diversi filtri, da quelli piccoli da installare direttamente all'uscita del rubinetto a quelli pi\u00f9 grandi per la purificazione dell'acqua in casa.<\/p>\n<p>I filtri a carbone attivo collocati all'estremit\u00e0 del rubinetto hanno prestazioni inferiori rispetto a quelli collocati sotto il lavello o il bacino, a causa del basso volume di carbone attivo che contengono. Si raccomanda inoltre di sostituire i filtri a carbone attivo a una frequenza doppia rispetto a quella raccomandata dai produttori. I filtri che \"avvisano\" quando \u00e8 il momento di sostituirli sono imprecisi e la saturazione e la conseguente contaminazione dell'acqua possono avvenire molto prima dell'avviso.<\/p>\n<p>In ogni caso, prima di acquistare un filtro a carboni attivi, \u00e8 consigliabile sapere perch\u00e9 lo si sta acquistando e cosa si vuole ottenere con il filtro.<\/p>\n<h2>FILTRI PER L'ACQUA PURIFICAZIONE DELL'ACQUA<\/h2>\n<p>I filtri dell'acqua a carboni attivi non sono utilizzati solo nel settore domestico, ma anche in quello industriale per la filtrazione dell'acqua.<\/p>\n<p>I filtri a carbone attivo sono molto efficaci nel rimuovere diverse sostanze chimiche nocive. Queste sostanze chimiche comprendono il cloro, il benzene, il radon, i composti solventi tri-alo-metanici, le sostanze chimiche organiche volatili come i pesticidi e gli erbicidi e centinaia di altre sostanze chimiche prodotte dall'uomo che possono entrare in contatto con l'acqua del rubinetto mentre scorre nel sistema.<\/p>\n<p>La forma di progettazione dei filtri a carbone attivo \u00e8 a uno o due stadi, in cui il carbone attivo \u00e8 il mezzo filtrante. I progetti pi\u00f9 comuni utilizzano filtri a uno o due stadi, in cui il carbone attivo viene introdotto come mezzo filtrante.<\/p>\n<p>A livello industriale, la quantit\u00e0 di carbone attivo necessaria sarebbe di circa 1 o 3 piedi cubi di carbone attivo per il trattamento di 1 milione di litri d'acqua. Questi dati si riferiscono a concentrazioni di cloro libero inferiori a 1ppm.<\/p>\n<p>Per quanto riguarda il comportamento del filtro a carbone, il carattere acido e la temperatura influenzano il comportamento del filtro a carbone attivo. Il carbone attivo migliora con un pH pi\u00f9 basso (maggiore acidit\u00e0) e una temperatura dell'acqua pi\u00f9 bassa.<\/p>\n<p>La durata di un filtro a carbone attivo deve essere specificata dal produttore, ma pu\u00f2 variare approssimativamente tra 2500 e 4000 litri d'acqua. Ci sono diversi fattori che influenzano direttamente la durata del filtro, come la dimensione dei pori e le dimensioni delle particelle da filtrare.<\/p>\n<h3 class=\"widget-title\">Acquista <\/h3><div><div class=\"woocommerce\"><ul class=\"products columns-4\">\n<li class=\"desktop-align-left tablet-align-left mobile-align-left ast-product-gallery-layout-horizontal-slider ast-magnify-disabled ast-product-single-variable ast-product-tabs-layout-horizontal ast-qv-on-image product type-product post-495 status-publish first instock product_cat-productos-experimentos product_cat-productos has-post-thumbnail taxable shipping-taxable purchasable product-type-variable has-default-attributes\">\n\t<a href=\"https:\/\/www.alquera.com\/it\/permanganato-de-potasio\/\" class=\"woocommerce-LoopProduct-link woocommerce-loop-product__link\"><img loading=\"lazy\" decoding=\"async\" width=\"300\" height=\"300\" src=\"https:\/\/www.alquera.com\/wp-content\/uploads\/2016\/01\/permanganato-200g-foto-nueva-300x300.png\" class=\"attachment-woocommerce_thumbnail size-woocommerce_thumbnail\" alt=\"permanganato 200g\" srcset=\"https:\/\/www.alquera.com\/wp-content\/uploads\/2016\/01\/permanganato-200g-foto-nueva-300x300.png 300w, https:\/\/www.alquera.com\/wp-content\/uploads\/2016\/01\/permanganato-200g-foto-nueva-150x150.png 150w, https:\/\/www.alquera.com\/wp-content\/uploads\/2016\/01\/permanganato-200g-foto-nueva-12x12.png 12w, https:\/\/www.alquera.com\/wp-content\/uploads\/2016\/01\/permanganato-200g-foto-nueva-100x100.png 100w\" sizes=\"auto, (max-width: 300px) 100vw, 300px\" \/><h2 class=\"woocommerce-loop-product__title\">Permanganato di Potassio<\/h2><div class=\"review-rating\"><div class=\"star-rating\"><span style=\"width:100%\" data-no-translation=\"\" data-trp-gettext=\"\">Valutato <strong class=\"rating\">5.00<\/strong> su 5<\/span><\/div><\/div>\n<\/a><a href=\"https:\/\/www.alquera.com\/it\/permanganato-de-potasio\/\" aria-describedby=\"woocommerce_loop_add_to_cart_link_describedby_495\" data-quantity=\"1\" class=\"button product_type_variable add_to_cart_button\" data-product_id=\"495\" data-product_sku=\"AL100111\" aria-label=\"Seleziona le opzioni per \u201cPermanganato de Potasio\u201d\" rel=\"nofollow\" data-no-translation=\"\" data-trp-gettext=\"\" data-no-translation-aria-label=\"\">Scegli<\/a>\t<span id=\"woocommerce_loop_add_to_cart_link_describedby_495\" class=\"screen-reader-text\">\n\t\tQuesto prodotto ha pi\u00f9 varianti. Le opzioni possono essere scelte nella pagina del prodotto\t<\/span>\n<\/li>\n<\/ul>\n<\/div><\/div>\n<p class=\"widget-title\">Per saperne di pi\u00f9<\/p><a href=\"https:\/\/www.alquera.com\/it\/carbon-activo-en-polvo\/\">Carbone Attivo<\/a>\n<!-- Page-list plugin v.5.9 wordpress.org\/plugins\/page-list\/ -->\n<ul class=\"page-list siblings-page-list\">\n<li class=\"page_item page-item-313 menu-item\"><a href=\"https:\/\/www.alquera.com\/it\/carbon-activo-en-polvo\/acuarios\/\" class=\"menu-link\">Carbone attivo in acquario<\/a><\/li>\n<li class=\"page_item page-item-306 menu-item\"><a href=\"https:\/\/www.alquera.com\/it\/carbon-activo-en-polvo\/que-es-carbon-activo\/\" class=\"menu-link\">Carbone attivo. Usi e applicazioni<\/a><\/li>\n<li class=\"page_item page-item-316 menu-item\"><a href=\"https:\/\/www.alquera.com\/it\/carbon-activo-en-polvo\/filtros-agua\/\" class=\"menu-link\">Filtri per acqua a carbone attivo<\/a><\/li>\n<li class=\"page_item page-item-321 menu-item\"><a href=\"https:\/\/www.alquera.com\/it\/carbon-activo-en-polvo\/filtros-aire\/\" class=\"menu-link\">Filtri aria a carbone attivo<\/a><\/li>\n\n<\/ul>","protected":false},"excerpt":{"rendered":"<p>La filtraci\u00f3n a trav\u00e9s de carb\u00f3n activo es uno de los procesos utilizados comunmente en el tratamiento de agua. El carb\u00f3n activo es un material que elimina los contaminantes como la materia org\u00e1nica, y elimina los olores y se consigue que el agua potable tenga un mejor sabor. SUSTANCIAS ELIMINADAS CON EL CARB\u00d3N ACTIVO Los [&hellip;]<\/p>\n","protected":false},"author":1,"featured_media":0,"parent":32604,"menu_order":0,"comment_status":"open","ping_status":"closed","template":"","meta":{"_acf_changed":false,"site-sidebar-layout":"default","site-content-layout":"default","ast-site-content-layout":"default","site-content-style":"default","site-sidebar-style":"default","ast-global-header-display":"","ast-banner-title-visibility":"","ast-main-header-display":"","ast-hfb-above-header-display":"","ast-hfb-below-header-display":"","ast-hfb-mobile-header-display":"","site-post-title":"","ast-breadcrumbs-content":"","ast-featured-img":"","footer-sml-layout":"","ast-disable-related-posts":"","theme-transparent-header-meta":"default","adv-header-id-meta":"","stick-header-meta":"default","header-above-stick-meta":"","header-main-stick-meta":"","header-below-stick-meta":"","astra-migrate-meta-layouts":"default","ast-page-background-enabled":"default","ast-page-background-meta":{"desktop":{"background-color":"var(--ast-global-color-4)","background-image":"","background-repeat":"repeat","background-position":"center center","background-size":"auto","background-attachment":"scroll","background-type":"","background-media":"","overlay-type":"","overlay-color":"","overlay-opacity":"","overlay-gradient":""},"tablet":{"background-color":"","background-image":"","background-repeat":"repeat","background-position":"center center","background-size":"auto","background-attachment":"scroll","background-type":"","background-media":"","overlay-type":"","overlay-color":"","overlay-opacity":"","overlay-gradient":""},"mobile":{"background-color":"","background-image":"","background-repeat":"repeat","background-position":"center center","background-size":"auto","background-attachment":"scroll","background-type":"","background-media":"","overlay-type":"","overlay-color":"","overlay-opacity":"","overlay-gradient":""}},"ast-content-background-meta":{"desktop":{"background-color":"var(--ast-global-color-5)","background-image":"","background-repeat":"repeat","background-position":"center center","background-size":"auto","background-attachment":"scroll","background-type":"","background-media":"","overlay-type":"","overlay-color":"","overlay-opacity":"","overlay-gradient":""},"tablet":{"background-color":"var(--ast-global-color-5)","background-image":"","background-repeat":"repeat","background-position":"center center","background-size":"auto","background-attachment":"scroll","background-type":"","background-media":"","overlay-type":"","overlay-color":"","overlay-opacity":"","overlay-gradient":""},"mobile":{"background-color":"var(--ast-global-color-5)","background-image":"","background-repeat":"repeat","background-position":"center center","background-size":"auto","background-attachment":"scroll","background-type":"","background-media":"","overlay-type":"","overlay-color":"","overlay-opacity":"","overlay-gradient":""}},"footnotes":""},"class_list":["post-316","page","type-page","status-publish","hentry"],"acf":[],"yoast_head":"<!-- This site is optimized with the Yoast SEO Premium plugin v27.1 (Yoast SEO v27.1.1) - https:\/\/yoast.com\/product\/yoast-seo-premium-wordpress\/ -->\n<title>Filtros de Agua de Carb\u00f3n Activo - Alquera.com<\/title>\n<meta name=\"robots\" content=\"index, follow, max-snippet:-1, max-image-preview:large, max-video-preview:-1\" \/>\n<link rel=\"canonical\" href=\"https:\/\/www.alquera.com\/it\/carbon-activo-en-polvo\/filtros-agua\/\" \/>\n<meta property=\"og:locale\" content=\"it_IT\" \/>\n<meta property=\"og:type\" content=\"article\" \/>\n<meta property=\"og:title\" content=\"Filtros de Agua de Carb\u00f3n Activo\" \/>\n<meta property=\"og:description\" content=\"La filtraci\u00f3n a trav\u00e9s de carb\u00f3n activo es uno de los procesos utilizados comunmente en el tratamiento de agua. El carb\u00f3n activo es un material que elimina los contaminantes como la materia org\u00e1nica, y elimina los olores y se consigue que el agua potable tenga un mejor sabor. SUSTANCIAS ELIMINADAS CON EL CARB\u00d3N ACTIVO Los [&hellip;]\" \/>\n<meta property=\"og:url\" content=\"https:\/\/www.alquera.com\/it\/carbon-activo-en-polvo\/filtros-agua\/\" \/>\n<meta property=\"og:site_name\" content=\"Alquera.com\" \/>\n<meta property=\"article:publisher\" content=\"https:\/\/www.facebook.com\/alqueraciencia\" \/>\n<meta property=\"article:modified_time\" content=\"2021-11-27T09:50:29+00:00\" \/>\n<meta name=\"twitter:card\" content=\"summary_large_image\" \/>\n<meta name=\"twitter:label1\" content=\"Tempo di lettura stimato\" \/>\n\t<meta name=\"twitter:data1\" content=\"4 minuti\" \/>\n<script type=\"application\/ld+json\" class=\"yoast-schema-graph\">{\"@context\":\"https:\/\/schema.org\",\"@graph\":[{\"@type\":\"WebPage\",\"@id\":\"https:\/\/www.alquera.com\/carbon-activo-en-polvo\/filtros-agua\/\",\"url\":\"https:\/\/www.alquera.com\/carbon-activo-en-polvo\/filtros-agua\/\",\"name\":\"Filtros de Agua de Carb\u00f3n Activo - Alquera.com\",\"isPartOf\":{\"@id\":\"https:\/\/www.alquera.com\/en\/#website\"},\"datePublished\":\"2020-09-24T11:27:19+00:00\",\"dateModified\":\"2021-11-27T09:50:29+00:00\",\"breadcrumb\":{\"@id\":\"https:\/\/www.alquera.com\/carbon-activo-en-polvo\/filtros-agua\/#breadcrumb\"},\"inLanguage\":\"it-IT\",\"potentialAction\":[{\"@type\":\"ReadAction\",\"target\":[\"https:\/\/www.alquera.com\/carbon-activo-en-polvo\/filtros-agua\/\"]}]},{\"@type\":\"BreadcrumbList\",\"@id\":\"https:\/\/www.alquera.com\/carbon-activo-en-polvo\/filtros-agua\/#breadcrumb\",\"itemListElement\":[{\"@type\":\"ListItem\",\"position\":1,\"name\":\"Inicio\",\"item\":\"https:\/\/www.alquera.com\/\"},{\"@type\":\"ListItem\",\"position\":2,\"name\":\"Carb\u00f3n Activo\",\"item\":\"https:\/\/www.alquera.com\/carbon-activo-en-polvo\/\"},{\"@type\":\"ListItem\",\"position\":3,\"name\":\"Filtros de Agua de Carb\u00f3n Activo\"}]},{\"@type\":\"WebSite\",\"@id\":\"https:\/\/www.alquera.com\/en\/#website\",\"url\":\"https:\/\/www.alquera.com\/en\/\",\"name\":\"Alquera.com\",\"description\":\"Tienda Online Productos Qu\u00edmicos y Material de Laboratorio\",\"publisher\":{\"@id\":\"https:\/\/www.alquera.com\/en\/#organization\"},\"potentialAction\":[{\"@type\":\"SearchAction\",\"target\":{\"@type\":\"EntryPoint\",\"urlTemplate\":\"https:\/\/www.alquera.com\/en\/?s={search_term_string}\"},\"query-input\":{\"@type\":\"PropertyValueSpecification\",\"valueRequired\":true,\"valueName\":\"search_term_string\"}}],\"inLanguage\":\"it-IT\"},{\"@type\":\"Organization\",\"@id\":\"https:\/\/www.alquera.com\/en\/#organization\",\"name\":\"ALQUERA CIENCIA SL\",\"url\":\"https:\/\/www.alquera.com\/en\/\",\"logo\":{\"@type\":\"ImageObject\",\"inLanguage\":\"it-IT\",\"@id\":\"https:\/\/www.alquera.com\/en\/#\/schema\/logo\/image\/\",\"url\":\"https:\/\/www.alquera.com\/wp-content\/uploads\/2020\/11\/logo_300_ancho.png\",\"contentUrl\":\"https:\/\/www.alquera.com\/wp-content\/uploads\/2020\/11\/logo_300_ancho.png\",\"width\":300,\"height\":86,\"caption\":\"ALQUERA CIENCIA SL\"},\"image\":{\"@id\":\"https:\/\/www.alquera.com\/en\/#\/schema\/logo\/image\/\"},\"sameAs\":[\"https:\/\/www.facebook.com\/alqueraciencia\",\"https:\/\/www.instagram.com\/alquera_ciencia\/\",\"https:\/\/www.youtube.com\/c\/alquera\"]}]}<\/script>\n<!-- \/ Yoast SEO Premium plugin. -->","yoast_head_json":{"title":"Filtri per acqua a carbone attivo - Alquera.com","robots":{"index":"index","follow":"follow","max-snippet":"max-snippet:-1","max-image-preview":"max-image-preview:large","max-video-preview":"max-video-preview:-1"},"canonical":"https:\/\/www.alquera.com\/it\/carbon-activo-en-polvo\/filtros-agua\/","og_locale":"it_IT","og_type":"article","og_title":"Filtros de Agua de Carb\u00f3n Activo","og_description":"La filtraci\u00f3n a trav\u00e9s de carb\u00f3n activo es uno de los procesos utilizados comunmente en el tratamiento de agua. El carb\u00f3n activo es un material que elimina los contaminantes como la materia org\u00e1nica, y elimina los olores y se consigue que el agua potable tenga un mejor sabor. SUSTANCIAS ELIMINADAS CON EL CARB\u00d3N ACTIVO Los [&hellip;]","og_url":"https:\/\/www.alquera.com\/it\/carbon-activo-en-polvo\/filtros-agua\/","og_site_name":"Alquera.com","article_publisher":"https:\/\/www.facebook.com\/alqueraciencia","article_modified_time":"2021-11-27T09:50:29+00:00","twitter_card":"summary_large_image","twitter_misc":{"Tempo di lettura stimato":"4 minuti"},"schema":{"@context":"https:\/\/schema.org","@graph":[{"@type":"WebPage","@id":"https:\/\/www.alquera.com\/carbon-activo-en-polvo\/filtros-agua\/","url":"https:\/\/www.alquera.com\/carbon-activo-en-polvo\/filtros-agua\/","name":"Filtri per acqua a carbone attivo - Alquera.com","isPartOf":{"@id":"https:\/\/www.alquera.com\/en\/#website"},"datePublished":"2020-09-24T11:27:19+00:00","dateModified":"2021-11-27T09:50:29+00:00","breadcrumb":{"@id":"https:\/\/www.alquera.com\/carbon-activo-en-polvo\/filtros-agua\/#breadcrumb"},"inLanguage":"it-IT","potentialAction":[{"@type":"ReadAction","target":["https:\/\/www.alquera.com\/carbon-activo-en-polvo\/filtros-agua\/"]}]},{"@type":"BreadcrumbList","@id":"https:\/\/www.alquera.com\/carbon-activo-en-polvo\/filtros-agua\/#breadcrumb","itemListElement":[{"@type":"ListItem","position":1,"name":"Inicio","item":"https:\/\/www.alquera.com\/"},{"@type":"ListItem","position":2,"name":"Carb\u00f3n Activo","item":"https:\/\/www.alquera.com\/carbon-activo-en-polvo\/"},{"@type":"ListItem","position":3,"name":"Filtros de Agua de Carb\u00f3n Activo"}]},{"@type":"WebSite","@id":"https:\/\/www.alquera.com\/en\/#website","url":"https:\/\/www.alquera.com\/en\/","name":"Alquera.com","description":"Negozio online di prodotti chimici e forniture di laboratorio","publisher":{"@id":"https:\/\/www.alquera.com\/en\/#organization"},"potentialAction":[{"@type":"SearchAction","target":{"@type":"EntryPoint","urlTemplate":"https:\/\/www.alquera.com\/en\/?s={search_term_string}"},"query-input":{"@type":"PropertyValueSpecification","valueRequired":true,"valueName":"search_term_string"}}],"inLanguage":"it-IT"},{"@type":"Organization","@id":"https:\/\/www.alquera.com\/en\/#organization","name":"ALQUERA CIENCIA SL","url":"https:\/\/www.alquera.com\/en\/","logo":{"@type":"ImageObject","inLanguage":"it-IT","@id":"https:\/\/www.alquera.com\/en\/#\/schema\/logo\/image\/","url":"https:\/\/www.alquera.com\/wp-content\/uploads\/2020\/11\/logo_300_ancho.png","contentUrl":"https:\/\/www.alquera.com\/wp-content\/uploads\/2020\/11\/logo_300_ancho.png","width":300,"height":86,"caption":"ALQUERA CIENCIA SL"},"image":{"@id":"https:\/\/www.alquera.com\/en\/#\/schema\/logo\/image\/"},"sameAs":["https:\/\/www.facebook.com\/alqueraciencia","https:\/\/www.instagram.com\/alquera_ciencia\/","https:\/\/www.youtube.com\/c\/alquera"]}]}},"_links":{"self":[{"href":"https:\/\/www.alquera.com\/it\/wp-json\/wp\/v2\/pages\/316","targetHints":{"allow":["GET"]}}],"collection":[{"href":"https:\/\/www.alquera.com\/it\/wp-json\/wp\/v2\/pages"}],"about":[{"href":"https:\/\/www.alquera.com\/it\/wp-json\/wp\/v2\/types\/page"}],"author":[{"embeddable":true,"href":"https:\/\/www.alquera.com\/it\/wp-json\/wp\/v2\/users\/1"}],"replies":[{"embeddable":true,"href":"https:\/\/www.alquera.com\/it\/wp-json\/wp\/v2\/comments?post=316"}],"version-history":[{"count":3,"href":"https:\/\/www.alquera.com\/it\/wp-json\/wp\/v2\/pages\/316\/revisions"}],"predecessor-version":[{"id":36212,"href":"https:\/\/www.alquera.com\/it\/wp-json\/wp\/v2\/pages\/316\/revisions\/36212"}],"up":[{"embeddable":true,"href":"https:\/\/www.alquera.com\/it\/wp-json\/wp\/v2\/pages\/32604"}],"wp:attachment":[{"href":"https:\/\/www.alquera.com\/it\/wp-json\/wp\/v2\/media?parent=316"}],"curies":[{"name":"wp","href":"https:\/\/api.w.org\/{rel}","templated":true}]}}