{"id":324,"date":"2020-09-24T13:05:24","date_gmt":"2020-09-24T13:05:24","guid":{"rendered":"https:\/\/www.alquera.com\/productos\/?page_id=324"},"modified":"2021-09-20T12:06:06","modified_gmt":"2021-09-20T12:06:06","slug":"usos","status":"publish","type":"page","link":"https:\/\/www.alquera.com\/it\/sulfato-de-cobre\/usos\/","title":{"rendered":"Utilizza il solfato di rame"},"content":{"rendered":"<p id=\"block-a814ef8b-32ae-4eb4-aa60-fea792b81234\">Il&nbsp;<a href=\"https:\/\/www.alquera.com\/it\/sulfato-de-cobre\/\"><strong>Solfato di rame<\/strong><\/a>&nbsp;o solfato rameico \u00e8 un composto chimico con formula&nbsp;<strong>CuSO4<\/strong>. Pu\u00f2 presentarsi in due forme principali: come solfato di rame (II) pentaidrato e come solfato di rame (I), (chiamato anche solfato rameoso o solfato di rame), a seconda dello stato di ossidazione dell'atomo di rame.<\/p>\n\n\n\n<p id=\"block-e50f9826-f47b-4d92-af85-6b4e09973f53\">Il pi\u00f9 comune disponibile in commercio \u00e8 il&nbsp;<strong>Solfato di rame (II) pentaidrato,<\/strong>&nbsp;utilizzato come fungicida per uccidere i funghi, come pulitore di alghe nelle piscine e come integratore nei mangimi per animali.<\/p>\n\n\n\n<figure class=\"wp-block-image size-large\"><img loading=\"lazy\" decoding=\"async\" width=\"470\" height=\"300\" src=\"https:\/\/www.alquera.com\/wp-content\/uploads\/2020\/11\/polvo-sulfato-de-cobre.png\" alt=\"\" class=\"wp-image-10278\" srcset=\"https:\/\/www.alquera.com\/wp-content\/uploads\/2020\/11\/polvo-sulfato-de-cobre.png 470w, https:\/\/www.alquera.com\/wp-content\/uploads\/2020\/11\/polvo-sulfato-de-cobre-300x191.png 300w, https:\/\/www.alquera.com\/wp-content\/uploads\/2020\/11\/polvo-sulfato-de-cobre-64x41.png 64w\" sizes=\"auto, (max-width: 470px) 100vw, 470px\" \/><\/figure>\n\n\n\n<p>&nbsp;<\/p>\n\n\n\n<h2 class=\"wp-block-heading\">UTILIZZA IL SOLFATO DI RAME<\/h2>\n\n\n\n<p id=\"block-f704dc61-02c0-43d0-bb9d-9a2480d38532\">Ecco gli usi principali. Facendo clic su ciascuno dei punti \u00e8 possibile vedere maggiori dettagli su ciascuna applicazione del solfato di rame..:<\/p>\n\n\n\n<p id=\"block-2403e771-3ff6-4339-9768-f890e3e609cf\"><strong><a href=\"https:\/\/www.alquera.com\/it\/sulfato-de-cobre\/fungicida\/\">Fungicida<\/a>&nbsp;-&nbsp;<\/strong>Viene utilizzato come fungicida grazie alla sua azione disinfettante (elimina i microrganismi).  Previene e cura lo sviluppo di un certo gruppo di funghi che attaccano le piante e possono causarne la morte o la perdita del raccolto. A volte viene utilizzato come fungicida nell'ambito della&nbsp;<a href=\"https:\/\/www.alquera.com\/it\/sulfato-de-cobre\/caldo-bordeles-agricultura\/\">brodo bordolese<\/a>.<\/p>\n\n\n\n<p id=\"block-f27c291f-ff3a-4722-b231-b9e8d3d83742\"><strong><a href=\"https:\/\/www.alquera.com\/it\/sulfato-de-cobre\/piscinas\/\">Alghicida per piscine<\/a>&nbsp;-&nbsp;<\/strong>L'acqua conservata, sia in piscina durante l'inverno, sia in serbatoi o vasche all'aperto, \u00e8 un terreno ideale per la comparsa delle alghe e deve essere eliminata. \u00c8 un alghicida molto efficace per la preparazione delle piscine.<\/p>\n\n\n\n<p id=\"block-0bb2d065-5d64-4138-b5d6-a8a713221723\"><strong><a href=\"https:\/\/www.alquera.com\/it\/sulfato-de-cobre\/alimentacion-animal\/\">Integratore alimentare per animali<\/a>&nbsp;-&nbsp;<\/strong>La carenza di rame negli animali pu\u00f2 causare una moltitudine di problemi. Per questo motivo \u00e8 un additivo importante nei mangimi.<\/p>\n\n\n\n<p id=\"block-c4aa804d-b70d-42b9-9aa6-62b1b7ac78ba\">\u00a0<\/p>\n\n\n\n<h3 class=\"widget-title\">Acquista <\/h3><div><div class=\"woocommerce\"><ul class=\"products columns-4\">\n<li class=\"desktop-align-left tablet-align-left mobile-align-left ast-product-gallery-layout-horizontal-slider ast-magnify-disabled ast-product-single-variable ast-product-tabs-layout-horizontal ast-qv-on-image product type-product post-495 status-publish first instock product_cat-productos-experimentos product_cat-productos has-post-thumbnail taxable shipping-taxable purchasable product-type-variable has-default-attributes\">\n\t<a href=\"https:\/\/www.alquera.com\/it\/permanganato-de-potasio\/\" class=\"woocommerce-LoopProduct-link woocommerce-loop-product__link\"><img loading=\"lazy\" decoding=\"async\" width=\"300\" height=\"300\" src=\"https:\/\/www.alquera.com\/wp-content\/uploads\/2016\/01\/permanganato-200g-foto-nueva-300x300.png\" class=\"attachment-woocommerce_thumbnail size-woocommerce_thumbnail\" alt=\"permanganato 200g\" srcset=\"https:\/\/www.alquera.com\/wp-content\/uploads\/2016\/01\/permanganato-200g-foto-nueva-300x300.png 300w, https:\/\/www.alquera.com\/wp-content\/uploads\/2016\/01\/permanganato-200g-foto-nueva-150x150.png 150w, https:\/\/www.alquera.com\/wp-content\/uploads\/2016\/01\/permanganato-200g-foto-nueva-12x12.png 12w, https:\/\/www.alquera.com\/wp-content\/uploads\/2016\/01\/permanganato-200g-foto-nueva-100x100.png 100w\" sizes=\"auto, (max-width: 300px) 100vw, 300px\" \/><h2 class=\"woocommerce-loop-product__title\">Permanganato di Potassio<\/h2><div class=\"review-rating\"><div class=\"star-rating\"><span style=\"width:100%\" data-no-translation=\"\" data-trp-gettext=\"\">Valutato <strong class=\"rating\">5.00<\/strong> su 5<\/span><\/div><\/div>\n<\/a><a href=\"https:\/\/www.alquera.com\/it\/permanganato-de-potasio\/\" aria-describedby=\"woocommerce_loop_add_to_cart_link_describedby_495\" data-quantity=\"1\" class=\"button product_type_variable add_to_cart_button\" data-product_id=\"495\" data-product_sku=\"AL100111\" aria-label=\"Seleziona le opzioni per \u201cPermanganato de Potasio\u201d\" rel=\"nofollow\" data-no-translation=\"\" data-trp-gettext=\"\" data-no-translation-aria-label=\"\">Scegli<\/a>\t<span id=\"woocommerce_loop_add_to_cart_link_describedby_495\" class=\"screen-reader-text\">\n\t\tQuesto prodotto ha pi\u00f9 varianti. Le opzioni possono essere scelte nella pagina del prodotto\t<\/span>\n<\/li>\n<\/ul>\n<\/div><\/div>","protected":false},"excerpt":{"rendered":"<p>El&nbsp;Sulfato de Cobre&nbsp;o sulfato c\u00faprico es un compuesto qu\u00edmico de f\u00f3rmula&nbsp;CuSO4. Se puede presentar en 2 formas principalmente: como sulfato de cobre (II) pentahidratado y como sulfato de cobre (I), (tambi\u00e9n llamado sulfato cuproso o sulfato de dicobre), seg\u00fan el estado de oxidaci\u00f3n del \u00e1tomo de cobre. El disponible comercialmente m\u00e1s com\u00fan es el&nbsp;Sulfato de [&hellip;]<\/p>\n","protected":false},"author":1,"featured_media":0,"parent":32602,"menu_order":0,"comment_status":"open","ping_status":"closed","template":"","meta":{"_acf_changed":false,"site-sidebar-layout":"default","site-content-layout":"default","ast-site-content-layout":"default","site-content-style":"default","site-sidebar-style":"default","ast-global-header-display":"","ast-banner-title-visibility":"","ast-main-header-display":"","ast-hfb-above-header-display":"","ast-hfb-below-header-display":"","ast-hfb-mobile-header-display":"","site-post-title":"","ast-breadcrumbs-content":"","ast-featured-img":"","footer-sml-layout":"","ast-disable-related-posts":"","theme-transparent-header-meta":"default","adv-header-id-meta":"","stick-header-meta":"default","header-above-stick-meta":"","header-main-stick-meta":"","header-below-stick-meta":"","astra-migrate-meta-layouts":"default","ast-page-background-enabled":"default","ast-page-background-meta":{"desktop":{"background-color":"var(--ast-global-color-4)","background-image":"","background-repeat":"repeat","background-position":"center center","background-size":"auto","background-attachment":"scroll","background-type":"","background-media":"","overlay-type":"","overlay-color":"","overlay-opacity":"","overlay-gradient":""},"tablet":{"background-color":"","background-image":"","background-repeat":"repeat","background-position":"center center","background-size":"auto","background-attachment":"scroll","background-type":"","background-media":"","overlay-type":"","overlay-color":"","overlay-opacity":"","overlay-gradient":""},"mobile":{"background-color":"","background-image":"","background-repeat":"repeat","background-position":"center center","background-size":"auto","background-attachment":"scroll","background-type":"","background-media":"","overlay-type":"","overlay-color":"","overlay-opacity":"","overlay-gradient":""}},"ast-content-background-meta":{"desktop":{"background-color":"var(--ast-global-color-5)","background-image":"","background-repeat":"repeat","background-position":"center center","background-size":"auto","background-attachment":"scroll","background-type":"","background-media":"","overlay-type":"","overlay-color":"","overlay-opacity":"","overlay-gradient":""},"tablet":{"background-color":"var(--ast-global-color-5)","background-image":"","background-repeat":"repeat","background-position":"center center","background-size":"auto","background-attachment":"scroll","background-type":"","background-media":"","overlay-type":"","overlay-color":"","overlay-opacity":"","overlay-gradient":""},"mobile":{"background-color":"var(--ast-global-color-5)","background-image":"","background-repeat":"repeat","background-position":"center center","background-size":"auto","background-attachment":"scroll","background-type":"","background-media":"","overlay-type":"","overlay-color":"","overlay-opacity":"","overlay-gradient":""}},"footnotes":""},"class_list":["post-324","page","type-page","status-publish","hentry"],"acf":[],"yoast_head":"<!-- This site is optimized with the Yoast SEO Premium plugin v27.1 (Yoast SEO v27.1.1) - https:\/\/yoast.com\/product\/yoast-seo-premium-wordpress\/ -->\n<title>Usos Sulfato de Cobre - Alquera.com<\/title>\n<meta name=\"description\" content=\"Usos y Propiedades del Sulfato de Cobre, donde comprar y diferentes usos: como Fungicida, Alguicida y Alimentaci\u00f3n Animal.\" \/>\n<meta name=\"robots\" content=\"index, follow, max-snippet:-1, max-image-preview:large, max-video-preview:-1\" \/>\n<link rel=\"canonical\" href=\"https:\/\/www.alquera.com\/it\/sulfato-de-cobre\/usos\/\" \/>\n<meta property=\"og:locale\" content=\"it_IT\" \/>\n<meta property=\"og:type\" content=\"article\" \/>\n<meta property=\"og:title\" content=\"Usos Sulfato de Cobre\" \/>\n<meta property=\"og:description\" content=\"Usos y Propiedades del Sulfato de Cobre, donde comprar y diferentes usos: como Fungicida, Alguicida y Alimentaci\u00f3n Animal.\" \/>\n<meta property=\"og:url\" content=\"https:\/\/www.alquera.com\/it\/sulfato-de-cobre\/usos\/\" \/>\n<meta property=\"og:site_name\" content=\"Alquera.com\" \/>\n<meta property=\"article:publisher\" content=\"https:\/\/www.facebook.com\/alqueraciencia\" \/>\n<meta property=\"article:modified_time\" content=\"2021-09-20T12:06:06+00:00\" \/>\n<meta property=\"og:image\" content=\"https:\/\/www.alquera.com\/wp-content\/uploads\/2020\/11\/polvo-sulfato-de-cobre.png\" \/>\n<meta name=\"twitter:card\" content=\"summary_large_image\" \/>\n<meta name=\"twitter:label1\" content=\"Tempo di lettura stimato\" \/>\n\t<meta name=\"twitter:data1\" content=\"2 minuti\" \/>\n<script type=\"application\/ld+json\" class=\"yoast-schema-graph\">{\"@context\":\"https:\/\/schema.org\",\"@graph\":[{\"@type\":\"WebPage\",\"@id\":\"https:\/\/www.alquera.com\/sulfato-de-cobre\/usos\/\",\"url\":\"https:\/\/www.alquera.com\/sulfato-de-cobre\/usos\/\",\"name\":\"Usos Sulfato de Cobre - Alquera.com\",\"isPartOf\":{\"@id\":\"https:\/\/www.alquera.com\/en\/#website\"},\"primaryImageOfPage\":{\"@id\":\"https:\/\/www.alquera.com\/sulfato-de-cobre\/usos\/#primaryimage\"},\"image\":{\"@id\":\"https:\/\/www.alquera.com\/sulfato-de-cobre\/usos\/#primaryimage\"},\"thumbnailUrl\":\"https:\/\/www.alquera.com\/wp-content\/uploads\/2020\/11\/polvo-sulfato-de-cobre.png\",\"datePublished\":\"2020-09-24T13:05:24+00:00\",\"dateModified\":\"2021-09-20T12:06:06+00:00\",\"description\":\"Usos y Propiedades del Sulfato de Cobre, donde comprar y diferentes usos: como Fungicida, Alguicida y Alimentaci\u00f3n Animal.\",\"breadcrumb\":{\"@id\":\"https:\/\/www.alquera.com\/sulfato-de-cobre\/usos\/#breadcrumb\"},\"inLanguage\":\"it-IT\",\"potentialAction\":[{\"@type\":\"ReadAction\",\"target\":[\"https:\/\/www.alquera.com\/sulfato-de-cobre\/usos\/\"]}]},{\"@type\":\"ImageObject\",\"inLanguage\":\"it-IT\",\"@id\":\"https:\/\/www.alquera.com\/sulfato-de-cobre\/usos\/#primaryimage\",\"url\":\"https:\/\/www.alquera.com\/wp-content\/uploads\/2020\/11\/polvo-sulfato-de-cobre.png\",\"contentUrl\":\"https:\/\/www.alquera.com\/wp-content\/uploads\/2020\/11\/polvo-sulfato-de-cobre.png\"},{\"@type\":\"BreadcrumbList\",\"@id\":\"https:\/\/www.alquera.com\/sulfato-de-cobre\/usos\/#breadcrumb\",\"itemListElement\":[{\"@type\":\"ListItem\",\"position\":1,\"name\":\"Inicio\",\"item\":\"https:\/\/www.alquera.com\/\"},{\"@type\":\"ListItem\",\"position\":2,\"name\":\"Sulfato de Cobre\",\"item\":\"https:\/\/www.alquera.com\/sulfato-de-cobre\/\"},{\"@type\":\"ListItem\",\"position\":3,\"name\":\"Usos Sulfato de Cobre\"}]},{\"@type\":\"WebSite\",\"@id\":\"https:\/\/www.alquera.com\/en\/#website\",\"url\":\"https:\/\/www.alquera.com\/en\/\",\"name\":\"Alquera.com\",\"description\":\"Tienda Online Productos Qu\u00edmicos y Material de Laboratorio\",\"publisher\":{\"@id\":\"https:\/\/www.alquera.com\/en\/#organization\"},\"potentialAction\":[{\"@type\":\"SearchAction\",\"target\":{\"@type\":\"EntryPoint\",\"urlTemplate\":\"https:\/\/www.alquera.com\/en\/?s={search_term_string}\"},\"query-input\":{\"@type\":\"PropertyValueSpecification\",\"valueRequired\":true,\"valueName\":\"search_term_string\"}}],\"inLanguage\":\"it-IT\"},{\"@type\":\"Organization\",\"@id\":\"https:\/\/www.alquera.com\/en\/#organization\",\"name\":\"ALQUERA CIENCIA SL\",\"url\":\"https:\/\/www.alquera.com\/en\/\",\"logo\":{\"@type\":\"ImageObject\",\"inLanguage\":\"it-IT\",\"@id\":\"https:\/\/www.alquera.com\/en\/#\/schema\/logo\/image\/\",\"url\":\"https:\/\/www.alquera.com\/wp-content\/uploads\/2020\/11\/logo_300_ancho.png\",\"contentUrl\":\"https:\/\/www.alquera.com\/wp-content\/uploads\/2020\/11\/logo_300_ancho.png\",\"width\":300,\"height\":86,\"caption\":\"ALQUERA CIENCIA SL\"},\"image\":{\"@id\":\"https:\/\/www.alquera.com\/en\/#\/schema\/logo\/image\/\"},\"sameAs\":[\"https:\/\/www.facebook.com\/alqueraciencia\",\"https:\/\/www.instagram.com\/alquera_ciencia\/\",\"https:\/\/www.youtube.com\/c\/alquera\"]}]}<\/script>\n<!-- \/ Yoast SEO Premium plugin. -->","yoast_head_json":{"title":"Usi del solfato di rame - Alquera.com","description":"Usi e propriet\u00e0 del solfato di rame, dove acquistarlo e diversi usi: come fungicida, alghicida e mangime per animali.","robots":{"index":"index","follow":"follow","max-snippet":"max-snippet:-1","max-image-preview":"max-image-preview:large","max-video-preview":"max-video-preview:-1"},"canonical":"https:\/\/www.alquera.com\/it\/sulfato-de-cobre\/usos\/","og_locale":"it_IT","og_type":"article","og_title":"Usos Sulfato de Cobre","og_description":"Usos y Propiedades del Sulfato de Cobre, donde comprar y diferentes usos: como Fungicida, Alguicida y Alimentaci\u00f3n Animal.","og_url":"https:\/\/www.alquera.com\/it\/sulfato-de-cobre\/usos\/","og_site_name":"Alquera.com","article_publisher":"https:\/\/www.facebook.com\/alqueraciencia","article_modified_time":"2021-09-20T12:06:06+00:00","og_image":[{"url":"https:\/\/www.alquera.com\/wp-content\/uploads\/2020\/11\/polvo-sulfato-de-cobre.png","type":"","width":"","height":""}],"twitter_card":"summary_large_image","twitter_misc":{"Tempo di lettura stimato":"2 minuti"},"schema":{"@context":"https:\/\/schema.org","@graph":[{"@type":"WebPage","@id":"https:\/\/www.alquera.com\/sulfato-de-cobre\/usos\/","url":"https:\/\/www.alquera.com\/sulfato-de-cobre\/usos\/","name":"Usi del solfato di rame - Alquera.com","isPartOf":{"@id":"https:\/\/www.alquera.com\/en\/#website"},"primaryImageOfPage":{"@id":"https:\/\/www.alquera.com\/sulfato-de-cobre\/usos\/#primaryimage"},"image":{"@id":"https:\/\/www.alquera.com\/sulfato-de-cobre\/usos\/#primaryimage"},"thumbnailUrl":"https:\/\/www.alquera.com\/wp-content\/uploads\/2020\/11\/polvo-sulfato-de-cobre.png","datePublished":"2020-09-24T13:05:24+00:00","dateModified":"2021-09-20T12:06:06+00:00","description":"Usi e propriet\u00e0 del solfato di rame, dove acquistarlo e diversi usi: come fungicida, alghicida e mangime per animali.","breadcrumb":{"@id":"https:\/\/www.alquera.com\/sulfato-de-cobre\/usos\/#breadcrumb"},"inLanguage":"it-IT","potentialAction":[{"@type":"ReadAction","target":["https:\/\/www.alquera.com\/sulfato-de-cobre\/usos\/"]}]},{"@type":"ImageObject","inLanguage":"it-IT","@id":"https:\/\/www.alquera.com\/sulfato-de-cobre\/usos\/#primaryimage","url":"https:\/\/www.alquera.com\/wp-content\/uploads\/2020\/11\/polvo-sulfato-de-cobre.png","contentUrl":"https:\/\/www.alquera.com\/wp-content\/uploads\/2020\/11\/polvo-sulfato-de-cobre.png"},{"@type":"BreadcrumbList","@id":"https:\/\/www.alquera.com\/sulfato-de-cobre\/usos\/#breadcrumb","itemListElement":[{"@type":"ListItem","position":1,"name":"Inicio","item":"https:\/\/www.alquera.com\/"},{"@type":"ListItem","position":2,"name":"Sulfato de Cobre","item":"https:\/\/www.alquera.com\/sulfato-de-cobre\/"},{"@type":"ListItem","position":3,"name":"Usos Sulfato de Cobre"}]},{"@type":"WebSite","@id":"https:\/\/www.alquera.com\/en\/#website","url":"https:\/\/www.alquera.com\/en\/","name":"Alquera.com","description":"Negozio online di prodotti chimici e forniture di laboratorio","publisher":{"@id":"https:\/\/www.alquera.com\/en\/#organization"},"potentialAction":[{"@type":"SearchAction","target":{"@type":"EntryPoint","urlTemplate":"https:\/\/www.alquera.com\/en\/?s={search_term_string}"},"query-input":{"@type":"PropertyValueSpecification","valueRequired":true,"valueName":"search_term_string"}}],"inLanguage":"it-IT"},{"@type":"Organization","@id":"https:\/\/www.alquera.com\/en\/#organization","name":"ALQUERA CIENCIA SL","url":"https:\/\/www.alquera.com\/en\/","logo":{"@type":"ImageObject","inLanguage":"it-IT","@id":"https:\/\/www.alquera.com\/en\/#\/schema\/logo\/image\/","url":"https:\/\/www.alquera.com\/wp-content\/uploads\/2020\/11\/logo_300_ancho.png","contentUrl":"https:\/\/www.alquera.com\/wp-content\/uploads\/2020\/11\/logo_300_ancho.png","width":300,"height":86,"caption":"ALQUERA CIENCIA SL"},"image":{"@id":"https:\/\/www.alquera.com\/en\/#\/schema\/logo\/image\/"},"sameAs":["https:\/\/www.facebook.com\/alqueraciencia","https:\/\/www.instagram.com\/alquera_ciencia\/","https:\/\/www.youtube.com\/c\/alquera"]}]}},"_links":{"self":[{"href":"https:\/\/www.alquera.com\/it\/wp-json\/wp\/v2\/pages\/324","targetHints":{"allow":["GET"]}}],"collection":[{"href":"https:\/\/www.alquera.com\/it\/wp-json\/wp\/v2\/pages"}],"about":[{"href":"https:\/\/www.alquera.com\/it\/wp-json\/wp\/v2\/types\/page"}],"author":[{"embeddable":true,"href":"https:\/\/www.alquera.com\/it\/wp-json\/wp\/v2\/users\/1"}],"replies":[{"embeddable":true,"href":"https:\/\/www.alquera.com\/it\/wp-json\/wp\/v2\/comments?post=324"}],"version-history":[{"count":12,"href":"https:\/\/www.alquera.com\/it\/wp-json\/wp\/v2\/pages\/324\/revisions"}],"predecessor-version":[{"id":34955,"href":"https:\/\/www.alquera.com\/it\/wp-json\/wp\/v2\/pages\/324\/revisions\/34955"}],"up":[{"embeddable":true,"href":"https:\/\/www.alquera.com\/it\/wp-json\/wp\/v2\/pages\/32602"}],"wp:attachment":[{"href":"https:\/\/www.alquera.com\/it\/wp-json\/wp\/v2\/media?parent=324"}],"curies":[{"name":"wp","href":"https:\/\/api.w.org\/{rel}","templated":true}]}}