{"id":32517,"date":"2020-12-31T10:55:52","date_gmt":"2020-12-31T10:55:52","guid":{"rendered":"https:\/\/www.alquera.com\/?page_id=32517"},"modified":"2026-03-14T15:59:18","modified_gmt":"2026-03-14T15:59:18","slug":"productos-quimicos","status":"publish","type":"page","link":"https:\/\/www.alquera.com\/it\/productos-quimicos\/","title":{"rendered":"Tutti i prodotti"},"content":{"rendered":"<p>Encuentra en Alquera un amplio cat\u00e1logo de productos qu\u00edmicos. Puedes encontrar el producto qu\u00edmico que buscas, navegando aqu\u00ed abajo a trav\u00e9s del nombre. Encontrar\u00e1s diferentes formatos. Realiza la compra directamente online siguiendo los pasos que se indican. Los env\u00edos se realizan en 24\/48h de recibir el pedido. Para cualquier duda sobre el funcionamiento de Alquera escr\u00edbenos a info@alquera.com o a trav\u00e9s de alguno de los <a href=\"https:\/\/www.alquera.com\/it\/contactenos\/\">medios de contacto<\/a>. Puedes buscar tambi\u00e9n todos los productos a trav\u00e9s del <a href=\"https:\/\/www.alquera.com\/it\/msds\/\">CAS, MSDS, Ficha T\u00e9cnica<\/a>.<\/p>\n<div class=\"rte3\">\n<div class=\"gloslistrow\">\n<div class=\"gloslist\">\n<p class=\"glostitle\">A<\/p>\n<ul class=\"gloslista\">\n<li><a href=\"https:\/\/www.alquera.com\/it\/acetato-de-sodio\/\">Acetato di sodio<\/a><\/li>\n<li><a href=\"https:\/\/www.alquera.com\/it\/acido-citrico\/\">Acido citrico<\/a><\/li>\n<li><a href=\"https:\/\/www.alquera.com\/it\/acido-oxalico\/\">Acido Ossalico<\/a><\/li>\n<li><a href=\"https:\/\/www.alquera.com\/it\/acido-fosforico\/\">Acido fosforico<\/a><\/li>\n<li><a href=\"https:\/\/www.alquera.com\/it\/alcohol-isopropilico\/\">Alcool Isopropilico<\/a><\/li>\n<li><a href=\"https:\/\/www.alquera.com\/it\/alcohol-polivinilico\/\">Alcool polivinilico<\/a><\/li>\n<li><a href=\"https:\/\/www.alquera.com\/it\/alumbre-en-polvo\/\">Allume in polvere<\/a><\/li>\n<li><a href=\"https:\/\/www.alquera.com\/it\/azufre-micronizado-tecnico\/\">Zolfo micronizzato in polvere<\/a><\/li>\n<li><a href=\"https:\/\/www.alquera.com\/it\/azul-de-metileno\/\">Blu di metilene in polvere<\/a><\/li>\n<li><a href=\"https:\/\/www.alquera.com\/it\/azul-de-metileno-1\/\">Blu di metilene 1%\/\/ Blu di metilene 1%\/<\/a><\/li>\n<li><a href=\"https:\/\/www.alquera.com\/it\/azul-de-bromotimol-solucion-004\/\">Azul de Bromotimol 0,04%<\/a><\/li>\n<\/ul>\n<\/div>\n<div class=\"gloslist\">\n<p class=\"glostitle\">B<\/p>\n<ul class=\"gloslista\">\n<li><a href=\"https:\/\/www.alquera.com\/it\/bicarbonato-de-potasio\/\">Bicarbonato di Potassio<\/a><\/li>\n<li><a href=\"https:\/\/www.alquera.com\/it\/bicarbonato-de-sodio\/\">Bicarbonato di Sodio<\/a><\/li>\n<li><a href=\"https:\/\/www.alquera.com\/it\/bisulfito-de-sodio\/\">Sodio bisolfito liquido<\/a><\/li>\n<li><a href=\"https:\/\/www.alquera.com\/it\/bisulfato-de-sodio\/\">Bisolfato di Sodio<\/a><\/li>\n<li><a href=\"https:\/\/www.alquera.com\/it\/bolas-gel\/\">Palline in gel<\/a><\/li>\n<li><a href=\"https:\/\/www.alquera.com\/it\/borax\/\">Borace<\/a><\/li>\n<li><a href=\"https:\/\/www.alquera.com\/it\/brilliant-blue-fcf-granular\/\">Blu brillante FCF<\/a><\/li>\n<\/ul>\n<\/div>\n<div class=\"gloslist\">\n<p class=\"glostitle\">C<\/p>\n<ul class=\"gloslista\">\n<li><a href=\"https:\/\/www.alquera.com\/it\/carbon-activo\/\">Carbone attivo (grani, polvere e pellet)<\/a><\/li>\n<li><a href=\"https:\/\/www.alquera.com\/it\/carbonato-de-calcio\/\">Carbonato di Calcio<\/a><\/li>\n<li><a href=\"https:\/\/www.alquera.com\/it\/carbonato-potasio\/\">Carbonato di Potassio<\/a><\/li>\n<li><a href=\"https:\/\/www.alquera.com\/it\/carbonato-de-sodio\/\">Carbonato di Sodio<\/a><\/li>\n<li><a href=\"https:\/\/www.alquera.com\/it\/chapas-de-hierro\/\">Piastre di ferro<\/a><\/li>\n<li><a href=\"https:\/\/www.alquera.com\/it\/citrato-ferrico-amoniacal\/\">Citrato Ammonico Ferrico<\/a><\/li>\n<li><a href=\"https:\/\/www.alquera.com\/it\/cloruro-de-calcio\/\">Cloruro di Calcio<\/a><\/li>\n<li><a href=\"https:\/\/www.alquera.com\/it\/cloruro-de-magnesio\/\">Cloruro di magesio<\/a><\/li>\n<li><a href=\"https:\/\/www.alquera.com\/it\/cloruro-sodio\/\">Cloruro di sodio<\/a><\/li>\n<li><a href=\"https:\/\/www.alquera.com\/it\/colorantes-alimentarios\/\">Colori alimentari<\/a><\/li>\n<li><a href=\"https:\/\/www.alquera.com\/it\/colorantes-pigmentos\/\">Coloranti e Pigmenti<\/a><\/li>\n<li><a href=\"https:\/\/www.alquera.com\/it\/cucharas-medidoras-de-plastico-10ml\/\">Cucchiai dosatori Plastica<\/a><\/li>\n<\/ul>\n<\/div>\n<\/div>\n<div class=\"gloslistrow\">\n<div class=\"gloslist\">\n<p class=\"glostitle\">D-E<\/p>\n<ul class=\"gloslista\">\n<li><a href=\"https:\/\/www.alquera.com\/it\/desmoldeante-moldes-de-silicona\/\">Agente di rilascio<\/a><\/li>\n<li><a href=\"https:\/\/www.alquera.com\/it\/polidimetilsiloxano-dimeticona\/\">Dimeticone - Dimetilsilossano<\/a><\/li>\n<li><a href=\"https:\/\/www.alquera.com\/it\/microespatula-cuchara-acero-inox-l-200-mm\/\">Imbuto in borosilicato<\/a><\/li>\n<li><a href=\"https:\/\/www.alquera.com\/it\/embudo-vidrio\/\">Spatola da laboratorio<\/a><\/li>\n<li><a href=\"https:\/\/www.alquera.com\/it\/quelato-de-hierro-eddha\/\">EDDHA 6% - Chelato di ferro<\/a><\/li>\n<li><a href=\"https:\/\/www.alquera.com\/it\/edta-sal-disodica-001-mol\/\">EDTA Sale disodico 0,01 mol\/l (0,01M) soluzione titolata<\/a> (LAB)<\/li>\n<\/ul>\n<\/div>\n<div class=\"gloslist\">\n<p class=\"glostitle\">F<\/p>\n<ul class=\"gloslista\">\n<li><a href=\"https:\/\/www.alquera.com\/it\/ferricianuro-de-potasa-rojo\/\">Rosso Ferricianuro di Potassio<\/a><\/li>\n<li><a href=\"https:\/\/www.alquera.com\/it\/fenoftaleina-02\/\">Fenoftale\u00edna al 0,02%en metanol<\/a><\/li>\n<li><a href=\"https:\/\/www.alquera.com\/it\/fluoresceina-sodica\/\">Fluoresceina sodica in polvere<\/a><\/li>\n<li><a href=\"https:\/\/www.alquera.com\/it\/fluoresceina-sodica-al-1\/\">Fluoresceina sodica 1%<\/a><\/li>\n<li><a href=\"https:\/\/www.alquera.com\/it\/fosfato-monoamonico\/\">Fosfato Monoammonico<\/a><\/li>\n<li><a href=\"https:\/\/www.alquera.com\/it\/fosfato-monopotasico\/\">Fosfato Monopotassico<\/a><\/li>\n<\/ul>\n<\/div>\n<div class=\"gloslist\">\n<p class=\"glostitle\">G<\/p>\n<ul class=\"gloslista\">\n<li><a href=\"https:\/\/www.alquera.com\/it\/glicerina\/\">Glicerina<\/a><\/li>\n<li><a href=\"https:\/\/www.alquera.com\/it\/gradilla-blanca-plastico-8-agujeros\/\">Cestello in Plastica Bianca 8 fori<\/a><\/li>\n<li><a href=\"https:\/\/www.alquera.com\/it\/goma-arabiga-en-polvo\/\">Gomma arabica in polvere<\/a><\/li>\n<\/ul>\n<\/div>\n<\/div>\n<div class=\"gloslistrow\">\n<div class=\"gloslist\">\n<p class=\"glostitle\">H<\/p>\n<ul class=\"gloslista\">\n<li><a href=\"https:\/\/www.alquera.com\/it\/hidrogel\/\">Idrogel<\/a><\/li>\n<li><a href=\"https:\/\/www.alquera.com\/it\/hidroxido-de-potasio-1kg\/\">Idrossido di Potassio<\/a><\/li>\n<li><a href=\"https:\/\/www.alquera.com\/it\/hiposulfito-de-sodio\/\">Iposolfito di Sodio<\/a><\/li>\n<li><a href=\"https:\/\/www.alquera.com\/it\/hidroxido-de-sodio\/\">Idrossido di Sodio<\/a><\/li>\n<li>Ferro (<a href=\"https:\/\/www.alquera.com\/it\/chapas-de-hierro\/\">Distintivi<\/a>, <a href=\"https:\/\/www.alquera.com\/it\/limaduras-de-hierro\/\">Archivi<\/a>, <a href=\"https:\/\/www.alquera.com\/it\/polvos-de-hierro\/\">Polvere<\/a>)<\/li>\n<\/ul>\n<\/div>\n<div class=\"gloslist\">\n<p class=\"glostitle\">I-J-K<\/p>\n<ul class=\"gloslista\">\n<li><a href=\"https:\/\/www.alquera.com\/it\/imanes-neodimio\/\">Magneti al neodimio<\/a><\/li>\n<li><a href=\"https:\/\/www.alquera.com\/it\/jarra-medidora-de-polipropileno\/\">Vaso in polipropilene<\/a><\/li>\n<li><a href=\"https:\/\/www.alquera.com\/it\/jeringas-para-medicion-liquidos\/\">Siringhe per la misurazione dei liquidi<\/a><\/li>\n<li><a href=\"https:\/\/www.alquera.com\/it\/kelamix-complex\/\">Kelamix<\/a><\/li>\n<li><a href=\"https:\/\/www.alquera.com\/it\/kit-escolar-electrico\/\">Kit scuola elettrica<\/a><\/li>\n<\/ul>\n<\/div>\n<div class=\"gloslistrow\">\n<div class=\"gloslist\">\n<p class=\"glostitle\">M<\/p>\n<ul>\n<li><a href=\"https:\/\/www.alquera.com\/it\/material-de-laboratorio\/\">Apparecchiature di laboratorio<\/a><\/li>\n<li><a href=\"https:\/\/www.alquera.com\/it\/matraz-aforado\/\">Pallone volumetrico (con tappo)<\/a><\/li>\n<li><a href=\"https:\/\/www.alquera.com\/it\/matraz-erlenmeyer-cuello-estrecho\/\">Matraccio Erlenmeyer<\/a><\/li>\n<li><a href=\"https:\/\/www.alquera.com\/it\/medidor-de-ph\/\">Misuratore di pH<\/a><\/li>\n<li><a href=\"https:\/\/www.alquera.com\/it\/medidor-de-tds-solidos-disueltos\/\">TDS - Misuratore di solidi disciolti<\/a><\/li>\n<li><a href=\"https:\/\/www.alquera.com\/it\/metabisulfito-de-sodio\/\">Metabisolfito di Sodio<\/a><\/li>\n<li><a href=\"https:\/\/www.alquera.com\/it\/micorrizas\/\">Micorrize in compresse<\/a><\/li>\n<li><a href=\"https:\/\/www.alquera.com\/it\/micorrizas-polvo\/\">Polvere Micorrizica<\/a><\/li>\n<\/ul>\n<\/div>\n<div class=\"gloslist\">\n<p class=\"glostitle\">N<\/p>\n<ul class=\"gloslista\">\n<li><a href=\"https:\/\/www.alquera.com\/it\/negro-de-eriocromo\/\">Nero erocromatico 1%<\/a> (LAB)<\/li>\n<li><a href=\"https:\/\/www.alquera.com\/it\/nieve-artificial\/\">Neve artificiale<\/a><\/li>\n<li><a href=\"https:\/\/www.alquera.com\/it\/nitrato-de-calcio\/\">Nitrato di calcio<\/a><\/li>\n<li><a href=\"https:\/\/www.alquera.com\/it\/nitrato-de-cobre\/\">Nitrato di Rame<\/a><\/li>\n<li><a href=\"https:\/\/www.alquera.com\/it\/nitrato-de-hierro\/\">Nitrato di Ferro<\/a><\/li>\n<li><a href=\"https:\/\/www.alquera.com\/it\/nitrato-de-plata\/\">Nitrato d'argento<\/a><\/li>\n<li><a href=\"https:\/\/www.alquera.com\/it\/nitrato-de-potasio\/\">Nitrato di Potassio<\/a><\/li>\n<\/ul>\n<\/div>\n<div class=\"gloslist\">\n<p class=\"glostitle\">L<\/p>\n<ul class=\"gloslista\">\n<li><a href=\"https:\/\/www.alquera.com\/it\/limaduras-de-hierro\/\"> Limatura di Ferro<\/a><\/li>\n<li><a href=\"https:\/\/www.alquera.com\/it\/linterna-luz-ultravioleta\/\"> Torcia a raggi ultravioletti<\/a><\/li>\n<\/ul>\n<\/div>\n<\/div>\n<div class=\"gloslistrow\">\n<div class=\"gloslist\">\n<p class=\"glostitle\">O<\/p>\n<ul class=\"gloslista\">\n<li><a href=\"https:\/\/www.alquera.com\/it\/oxido-de-cerio\/\">Ossido di Cerio<\/a><\/li>\n<li><a href=\"https:\/\/www.alquera.com\/it\/oxido-de-aluminio\/\">Ossido di Alluminio<\/a><\/li>\n<\/ul>\n<\/div>\n<div class=\"gloslist\">\n<p class=\"glostitle\">P<\/p>\n<ul class=\"gloslista\">\n<li><a href=\"https:\/\/www.alquera.com\/it\/parafina-para-velas\/\">Cera di Paraffina per Candele<\/a><\/li>\n<li><a href=\"https:\/\/www.alquera.com\/it\/permanganato-de-potasio\/\">Permanganato di Potassio<\/a><\/li>\n<li><a href=\"https:\/\/www.alquera.com\/it\/peroxido-de-hidrogeno-30\/\">Per\u00f3xido de Hidrog\u00e9no 30%\u00a0<\/a><\/li>\n<li><a href=\"https:\/\/www.alquera.com\/it\/poliacrilamida\/\"> Poliacrilammide anionica<\/a><\/li>\n<li><a href=\"https:\/\/www.alquera.com\/it\/poliacrilamida-cationica\/\">Poliacrilammide cationica<\/a><\/li>\n<li><a href=\"https:\/\/www.alquera.com\/it\/poliacrilato-de-potasio\/\"> Poliacrilato di Potassio <\/a><\/li>\n<li><a href=\"https:\/\/www.alquera.com\/it\/poliacrilato-de-sodio\/\"> Poliacrilato di Sodio<\/a><\/li>\n<li><a href=\"https:\/\/www.alquera.com\/it\/polidimetilsiloxano-dimeticona\/\">Polidimetilsilossano - Dimeticone<\/a><\/li>\n<li><a href=\"https:\/\/www.alquera.com\/it\/polvos-de-hierro\/\"> Polveri di ferro<\/a><\/li>\n<li><a href=\"https:\/\/www.alquera.com\/it\/polvo-de-zinc\/\">Polveri di zinco<\/a><\/li>\n<\/ul>\n<\/div>\n<div class=\"gloslist\">\n<p class=\"glostitle\">Q<\/p>\n<ul>\n<li><a href=\"https:\/\/www.alquera.com\/it\/quelato-de-hierro-eddha\/\">Chelato di ferro. EDDHA 6%<\/a><\/li>\n<\/ul>\n<\/div>\n<\/div>\n<div class=\"gloslistrow\">\n<div class=\"gloslist\">\n<p class=\"glostitle\">R<\/p>\n<ul class=\"gloslista\">\n<li><a href=\"https:\/\/www.alquera.com\/it\/rodamina-b\/\">Rodamina<\/a><\/li>\n<\/ul>\n<\/div>\n<div class=\"gloslist\">\n<p class=\"glostitle\">S<\/p>\n<ul class=\"gloslista\">\n<li><a href=\"https:\/\/www.alquera.com\/it\/silicato-de-potasio\/\">Silicato di Potassio<\/a><\/li>\n<li><a href=\"https:\/\/www.alquera.com\/it\/silicato-de-sodio\/\">Silicato di Sodio<\/a><\/li>\n<li><a href=\"https:\/\/www.alquera.com\/it\/silicona-para-moldes-catalizador\/\">Silicone per Stampi + Catalizzatore<\/a><\/li>\n<li><a href=\"https:\/\/www.alquera.com\/it\/sulfato-de-aluminio\/\">Solfato di Alluminio<\/a><\/li>\n<li><a href=\"https:\/\/www.alquera.com\/it\/sulfato-de-calcio\/\">Solfato di Calcio<\/a><\/li>\n<li><a href=\"https:\/\/www.alquera.com\/it\/sulfato-de-cobre\/\">Solfato di Rame in Polvere<\/a><\/li>\n<li><a href=\"https:\/\/www.alquera.com\/it\/sulfato-de-cobre-piedra\/\">Solfato di rame di pietra<\/a><\/li>\n<li><a href=\"https:\/\/www.alquera.com\/it\/sulfato-de-hierro\/\">Solfato di Ferro<\/a><\/li>\n<li><a href=\"https:\/\/www.alquera.com\/it\/sulfato-magnesio\/\">Solfato di Magnesio <\/a><\/li>\n<li><a href=\"https:\/\/www.alquera.com\/it\/sulfato-de-manganeso\/\">Solfato di Manganese <\/a><\/li>\n<li><a href=\"https:\/\/www.alquera.com\/it\/sulfato-de-potasio\/\">Solfato di Potassio<\/a><\/li>\n<li><a href=\"https:\/\/www.alquera.com\/it\/sulfato-de-sodio\/\">Solfato di Sodio<\/a><\/li>\n<li><a href=\"https:\/\/www.alquera.com\/it\/sulfato-de-zinc\/\">Solfato di zinco<\/a><\/li>\n<li><a href=\"https:\/\/www.alquera.com\/it\/sulfato-de-niquel\/\">Solfato di nichel <\/a><\/li>\n<\/ul>\n<\/div>\n<div class=\"gloslist\">\n<p class=\"glostitle\">T-U-V-V-Y<\/p>\n<ul class=\"gloslista\">\n<li><a href=\"https:\/\/www.alquera.com\/it\/termometro-de-varilla\/\">Termometro ad Asta<\/a><\/li>\n<li><a href=\"https:\/\/www.alquera.com\/it\/tierra-de-diatomeas\/\">Terra Diatomacea<\/a><\/li>\n<li><a href=\"https:\/\/www.alquera.com\/it\/tripolifosfato-de-sodio\/\">Tripolifosfato di Sodio<\/a><\/li>\n<li><a href=\"https:\/\/www.alquera.com\/it\/tubos-de-ensayo-de-vidrio\/\">Provette<\/a><\/li>\n<li><a href=\"https:\/\/www.alquera.com\/it\/urea\/\">Urea 46%N<\/a><\/li>\n<li><a href=\"https:\/\/www.alquera.com\/it\/vaselina-filante\/\">Vaselina Filante<\/a><\/li>\n<li><a href=\"https:\/\/www.alquera.com\/it\/vaso-de-precipitado\/\">Bicchieri in vetro precipitato<\/a><\/li>\n<li><a href=\"https:\/\/www.alquera.com\/it\/vaso-precipitados-polipropileno\/\">Tazze per precipitati in polipropilene<\/a><\/li>\n<li><a href=\"https:\/\/www.alquera.com\/it\/yoduro-de-potasio\/\">Ioduro di Potassio<\/a><\/li>\n<\/ul>\n<\/div>\n<\/div>\n<div class=\"clear\"><\/div>\n<\/div>\n<\/div>","protected":false},"excerpt":{"rendered":"<p>Encuentra en Alquera un amplio cat\u00e1logo de productos qu\u00edmicos. Puedes encontrar el producto qu\u00edmico que buscas, navegando aqu\u00ed abajo a trav\u00e9s del nombre. Encontrar\u00e1s diferentes formatos. Realiza la compra directamente online siguiendo los pasos que se indican. Los env\u00edos se realizan en 24\/48h de recibir el pedido. Para cualquier duda sobre el funcionamiento de Alquera [&hellip;]<\/p>\n","protected":false},"author":1,"featured_media":0,"parent":0,"menu_order":0,"comment_status":"closed","ping_status":"closed","template":"","meta":{"_acf_changed":false,"site-sidebar-layout":"left-sidebar","site-content-layout":"default","ast-site-content-layout":"default","site-content-style":"default","site-sidebar-style":"default","ast-global-header-display":"","ast-banner-title-visibility":"","ast-main-header-display":"","ast-hfb-above-header-display":"","ast-hfb-below-header-display":"","ast-hfb-mobile-header-display":"","site-post-title":"","ast-breadcrumbs-content":"","ast-featured-img":"","footer-sml-layout":"","ast-disable-related-posts":"","theme-transparent-header-meta":"default","adv-header-id-meta":"","stick-header-meta":"default","header-above-stick-meta":"","header-main-stick-meta":"","header-below-stick-meta":"","astra-migrate-meta-layouts":"set","ast-page-background-enabled":"default","ast-page-background-meta":{"desktop":{"background-color":"var(--ast-global-color-4)","background-image":"","background-repeat":"repeat","background-position":"center center","background-size":"auto","background-attachment":"scroll","background-type":"","background-media":"","overlay-type":"","overlay-color":"","overlay-opacity":"","overlay-gradient":""},"tablet":{"background-color":"","background-image":"","background-repeat":"repeat","background-position":"center center","background-size":"auto","background-attachment":"scroll","background-type":"","background-media":"","overlay-type":"","overlay-color":"","overlay-opacity":"","overlay-gradient":""},"mobile":{"background-color":"","background-image":"","background-repeat":"repeat","background-position":"center center","background-size":"auto","background-attachment":"scroll","background-type":"","background-media":"","overlay-type":"","overlay-color":"","overlay-opacity":"","overlay-gradient":""}},"ast-content-background-meta":{"desktop":{"background-color":"var(--ast-global-color-5)","background-image":"","background-repeat":"repeat","background-position":"center center","background-size":"auto","background-attachment":"scroll","background-type":"","background-media":"","overlay-type":"","overlay-color":"","overlay-opacity":"","overlay-gradient":""},"tablet":{"background-color":"var(--ast-global-color-5)","background-image":"","background-repeat":"repeat","background-position":"center center","background-size":"auto","background-attachment":"scroll","background-type":"","background-media":"","overlay-type":"","overlay-color":"","overlay-opacity":"","overlay-gradient":""},"mobile":{"background-color":"var(--ast-global-color-5)","background-image":"","background-repeat":"repeat","background-position":"center center","background-size":"auto","background-attachment":"scroll","background-type":"","background-media":"","overlay-type":"","overlay-color":"","overlay-opacity":"","overlay-gradient":""}},"footnotes":""},"class_list":["post-32517","page","type-page","status-publish","hentry"],"acf":[],"yoast_head":"<!-- This site is optimized with the Yoast SEO Premium plugin v27.1 (Yoast SEO v27.1.1) - https:\/\/yoast.com\/product\/yoast-seo-premium-wordpress\/ -->\n<title>Todos los Productos - Alquera.com<\/title>\n<meta name=\"robots\" content=\"index, follow, max-snippet:-1, max-image-preview:large, max-video-preview:-1\" \/>\n<link rel=\"canonical\" href=\"https:\/\/www.alquera.com\/it\/productos-quimicos\/\" \/>\n<meta property=\"og:locale\" content=\"it_IT\" \/>\n<meta property=\"og:type\" content=\"article\" \/>\n<meta property=\"og:title\" content=\"Todos los Productos\" \/>\n<meta property=\"og:description\" content=\"Encuentra en Alquera un amplio cat\u00e1logo de productos qu\u00edmicos. Puedes encontrar el producto qu\u00edmico que buscas, navegando aqu\u00ed abajo a trav\u00e9s del nombre. Encontrar\u00e1s diferentes formatos. Realiza la compra directamente online siguiendo los pasos que se indican. Los env\u00edos se realizan en 24\/48h de recibir el pedido. Para cualquier duda sobre el funcionamiento de Alquera [&hellip;]\" \/>\n<meta property=\"og:url\" content=\"https:\/\/www.alquera.com\/it\/productos-quimicos\/\" \/>\n<meta property=\"og:site_name\" content=\"Alquera.com\" \/>\n<meta property=\"article:publisher\" content=\"https:\/\/www.facebook.com\/alqueraciencia\" \/>\n<meta property=\"article:modified_time\" content=\"2026-03-14T15:59:18+00:00\" \/>\n<meta name=\"twitter:card\" content=\"summary_large_image\" \/>\n<meta name=\"twitter:label1\" content=\"Tempo di lettura stimato\" \/>\n\t<meta name=\"twitter:data1\" content=\"2 minuti\" \/>\n<script type=\"application\/ld+json\" class=\"yoast-schema-graph\">{\"@context\":\"https:\/\/schema.org\",\"@graph\":[{\"@type\":\"WebPage\",\"@id\":\"https:\/\/www.alquera.com\/productos-quimicos\/\",\"url\":\"https:\/\/www.alquera.com\/productos-quimicos\/\",\"name\":\"Todos los Productos - Alquera.com\",\"isPartOf\":{\"@id\":\"https:\/\/www.alquera.com\/en\/#website\"},\"datePublished\":\"2020-12-31T10:55:52+00:00\",\"dateModified\":\"2026-03-14T15:59:18+00:00\",\"breadcrumb\":{\"@id\":\"https:\/\/www.alquera.com\/productos-quimicos\/#breadcrumb\"},\"inLanguage\":\"it-IT\",\"potentialAction\":[{\"@type\":\"ReadAction\",\"target\":[\"https:\/\/www.alquera.com\/productos-quimicos\/\"]}]},{\"@type\":\"BreadcrumbList\",\"@id\":\"https:\/\/www.alquera.com\/productos-quimicos\/#breadcrumb\",\"itemListElement\":[{\"@type\":\"ListItem\",\"position\":1,\"name\":\"Inicio\",\"item\":\"https:\/\/www.alquera.com\/\"},{\"@type\":\"ListItem\",\"position\":2,\"name\":\"Todos los Productos\"}]},{\"@type\":\"WebSite\",\"@id\":\"https:\/\/www.alquera.com\/en\/#website\",\"url\":\"https:\/\/www.alquera.com\/en\/\",\"name\":\"Alquera.com\",\"description\":\"Tienda Online Productos Qu\u00edmicos y Material de Laboratorio\",\"publisher\":{\"@id\":\"https:\/\/www.alquera.com\/en\/#organization\"},\"potentialAction\":[{\"@type\":\"SearchAction\",\"target\":{\"@type\":\"EntryPoint\",\"urlTemplate\":\"https:\/\/www.alquera.com\/en\/?s={search_term_string}\"},\"query-input\":{\"@type\":\"PropertyValueSpecification\",\"valueRequired\":true,\"valueName\":\"search_term_string\"}}],\"inLanguage\":\"it-IT\"},{\"@type\":\"Organization\",\"@id\":\"https:\/\/www.alquera.com\/en\/#organization\",\"name\":\"ALQUERA CIENCIA SL\",\"url\":\"https:\/\/www.alquera.com\/en\/\",\"logo\":{\"@type\":\"ImageObject\",\"inLanguage\":\"it-IT\",\"@id\":\"https:\/\/www.alquera.com\/en\/#\/schema\/logo\/image\/\",\"url\":\"https:\/\/www.alquera.com\/wp-content\/uploads\/2020\/11\/logo_300_ancho.png\",\"contentUrl\":\"https:\/\/www.alquera.com\/wp-content\/uploads\/2020\/11\/logo_300_ancho.png\",\"width\":300,\"height\":86,\"caption\":\"ALQUERA CIENCIA SL\"},\"image\":{\"@id\":\"https:\/\/www.alquera.com\/en\/#\/schema\/logo\/image\/\"},\"sameAs\":[\"https:\/\/www.facebook.com\/alqueraciencia\",\"https:\/\/www.instagram.com\/alquera_ciencia\/\",\"https:\/\/www.youtube.com\/c\/alquera\"]}]}<\/script>\n<!-- \/ Yoast SEO Premium plugin. -->","yoast_head_json":{"title":"Tutti i prodotti - Alquera.com","robots":{"index":"index","follow":"follow","max-snippet":"max-snippet:-1","max-image-preview":"max-image-preview:large","max-video-preview":"max-video-preview:-1"},"canonical":"https:\/\/www.alquera.com\/it\/productos-quimicos\/","og_locale":"it_IT","og_type":"article","og_title":"Todos los Productos","og_description":"Encuentra en Alquera un amplio cat\u00e1logo de productos qu\u00edmicos. Puedes encontrar el producto qu\u00edmico que buscas, navegando aqu\u00ed abajo a trav\u00e9s del nombre. Encontrar\u00e1s diferentes formatos. Realiza la compra directamente online siguiendo los pasos que se indican. Los env\u00edos se realizan en 24\/48h de recibir el pedido. Para cualquier duda sobre el funcionamiento de Alquera [&hellip;]","og_url":"https:\/\/www.alquera.com\/it\/productos-quimicos\/","og_site_name":"Alquera.com","article_publisher":"https:\/\/www.facebook.com\/alqueraciencia","article_modified_time":"2026-03-14T15:59:18+00:00","twitter_card":"summary_large_image","twitter_misc":{"Tempo di lettura stimato":"2 minuti"},"schema":{"@context":"https:\/\/schema.org","@graph":[{"@type":"WebPage","@id":"https:\/\/www.alquera.com\/productos-quimicos\/","url":"https:\/\/www.alquera.com\/productos-quimicos\/","name":"Tutti i prodotti - Alquera.com","isPartOf":{"@id":"https:\/\/www.alquera.com\/en\/#website"},"datePublished":"2020-12-31T10:55:52+00:00","dateModified":"2026-03-14T15:59:18+00:00","breadcrumb":{"@id":"https:\/\/www.alquera.com\/productos-quimicos\/#breadcrumb"},"inLanguage":"it-IT","potentialAction":[{"@type":"ReadAction","target":["https:\/\/www.alquera.com\/productos-quimicos\/"]}]},{"@type":"BreadcrumbList","@id":"https:\/\/www.alquera.com\/productos-quimicos\/#breadcrumb","itemListElement":[{"@type":"ListItem","position":1,"name":"Inicio","item":"https:\/\/www.alquera.com\/"},{"@type":"ListItem","position":2,"name":"Todos los Productos"}]},{"@type":"WebSite","@id":"https:\/\/www.alquera.com\/en\/#website","url":"https:\/\/www.alquera.com\/en\/","name":"Alquera.com","description":"Negozio online di prodotti chimici e forniture di laboratorio","publisher":{"@id":"https:\/\/www.alquera.com\/en\/#organization"},"potentialAction":[{"@type":"SearchAction","target":{"@type":"EntryPoint","urlTemplate":"https:\/\/www.alquera.com\/en\/?s={search_term_string}"},"query-input":{"@type":"PropertyValueSpecification","valueRequired":true,"valueName":"search_term_string"}}],"inLanguage":"it-IT"},{"@type":"Organization","@id":"https:\/\/www.alquera.com\/en\/#organization","name":"ALQUERA CIENCIA SL","url":"https:\/\/www.alquera.com\/en\/","logo":{"@type":"ImageObject","inLanguage":"it-IT","@id":"https:\/\/www.alquera.com\/en\/#\/schema\/logo\/image\/","url":"https:\/\/www.alquera.com\/wp-content\/uploads\/2020\/11\/logo_300_ancho.png","contentUrl":"https:\/\/www.alquera.com\/wp-content\/uploads\/2020\/11\/logo_300_ancho.png","width":300,"height":86,"caption":"ALQUERA CIENCIA SL"},"image":{"@id":"https:\/\/www.alquera.com\/en\/#\/schema\/logo\/image\/"},"sameAs":["https:\/\/www.facebook.com\/alqueraciencia","https:\/\/www.instagram.com\/alquera_ciencia\/","https:\/\/www.youtube.com\/c\/alquera"]}]}},"_links":{"self":[{"href":"https:\/\/www.alquera.com\/it\/wp-json\/wp\/v2\/pages\/32517","targetHints":{"allow":["GET"]}}],"collection":[{"href":"https:\/\/www.alquera.com\/it\/wp-json\/wp\/v2\/pages"}],"about":[{"href":"https:\/\/www.alquera.com\/it\/wp-json\/wp\/v2\/types\/page"}],"author":[{"embeddable":true,"href":"https:\/\/www.alquera.com\/it\/wp-json\/wp\/v2\/users\/1"}],"replies":[{"embeddable":true,"href":"https:\/\/www.alquera.com\/it\/wp-json\/wp\/v2\/comments?post=32517"}],"version-history":[{"count":97,"href":"https:\/\/www.alquera.com\/it\/wp-json\/wp\/v2\/pages\/32517\/revisions"}],"predecessor-version":[{"id":53504,"href":"https:\/\/www.alquera.com\/it\/wp-json\/wp\/v2\/pages\/32517\/revisions\/53504"}],"wp:attachment":[{"href":"https:\/\/www.alquera.com\/it\/wp-json\/wp\/v2\/media?parent=32517"}],"curies":[{"name":"wp","href":"https:\/\/api.w.org\/{rel}","templated":true}]}}