{"id":331,"date":"2020-09-24T13:33:10","date_gmt":"2020-09-24T13:33:10","guid":{"rendered":"https:\/\/www.alquera.com\/productos\/?page_id=331"},"modified":"2021-09-20T12:05:05","modified_gmt":"2021-09-20T12:05:05","slug":"fungicida","status":"publish","type":"page","link":"https:\/\/www.alquera.com\/it\/sulfato-de-cobre\/fungicida\/","title":{"rendered":"Fungicida a base di solfato di rame"},"content":{"rendered":"<p>Il fungicida solfato di rame viene utilizzato in agricoltura biologica grazie alla sua azione disinfettante (elimina i microrganismi), in quanto previene e cura lo sviluppo di un certo gruppo di funghi che attaccano le piante e possono causarne la morte o la perdita del raccolto.<\/p>\n\n\n\n<h2 class=\"wp-block-heading\">Funghi su cui il solfato di rame agisce come fungicida<\/h2>\n\n\n\n<p>Come fungicida agisce sui funghi che causano la malattia:<\/p>\n\n\n\n<p><p>Muffa grigia (<em>Botrytis cinerea<\/em>): si manifesta con la formazione di una massa cotonosa di colore marrone o grigio e con la marcescenza di fiori, frutti o tessuti teneri. Questo fungo si presenta su: <strong>fragola, broccoli, vaniglia, rosa, ecc.<\/strong><\/p>\n<p><img loading=\"lazy\" decoding=\"async\" class=\"size-medium wp-image-32300 aligncenter\" src=\"https:\/\/www.alquera.com\/wp-content\/uploads\/2020\/12\/fresas_mohogris-300x226.png\" alt=\"Sulfato de Cobre Fungicida\" width=\"300\" height=\"226\" srcset=\"https:\/\/www.alquera.com\/wp-content\/uploads\/2020\/12\/fresas_mohogris-300x226.png 300w, https:\/\/www.alquera.com\/wp-content\/uploads\/2020\/12\/fresas_mohogris.png 516w\" sizes=\"auto, (max-width: 300px) 100vw, 300px\" \/><\/p><\/p>\n\n\n\n<p><p>Chupadera (<em>Rizoctonia<\/em> spp.): si manifesta con un danno o una lesione alla base del fusto (collo della pianta) quando la pianta \u00e8 nella sua fase tenera (prime settimane di vita), che causa la rottura del fusto e la morte della pianta. Si verifica in<strong> fagioli, peperoncino, spinaci, barbabietole, bietole, ecc.<\/strong><\/p>\n<p><img loading=\"lazy\" decoding=\"async\" class=\"size-medium wp-image-32301 aligncenter\" src=\"https:\/\/www.alquera.com\/wp-content\/uploads\/2020\/12\/Fungicida-300x191.png\" alt=\"sulfato de cobre como fungicida\" width=\"300\" height=\"191\" srcset=\"https:\/\/www.alquera.com\/wp-content\/uploads\/2020\/12\/Fungicida-300x191.png 300w, https:\/\/www.alquera.com\/wp-content\/uploads\/2020\/12\/Fungicida.png 519w\" sizes=\"auto, (max-width: 300px) 100vw, 300px\" \/><\/p>\n<p>&nbsp;<\/p><\/p>\n\n\n\n\n\n<h2 class=\"wp-block-heading\">Come si applica il solfato di rame alle piante<\/h2>\n\n\n\n\n\n<p>L'applicazione del solfato di rame alle piante \u00e8 molto semplice; sono necessari solo i seguenti materiali, l'unico che potreste non avere in casa \u00e8 il solfato di rame:<\/p>\n\n\n\n<h3 class=\"wp-block-heading\"><strong>I materiali<\/strong><\/h3>\n\n\n\n<ul class=\"wp-block-list\"><li>1 litro di acqua<\/li><li>10 grammi di solfato di rame.&nbsp;<\/li><li>Un cucchiaio<\/li><li>1 irrigatore<\/li><\/ul>\n\n\n\n<h3 class=\"wp-block-heading\"><strong>Preparazione<\/strong><\/h3>\n\n\n\n<p>La proporzione da utilizzare \u00e8 di 10 grammi di solfato di rame per litro d'acqua. Mescolare i due elementi e mescolare fino a quando il solfato di rame \u00e8 completamente sciolto. L'acqua avr\u00e0 un colore blu, tipico del solfato di rame.<\/p>\n\n\n\n<h3 class=\"wp-block-heading\"><strong>Raccomandazioni per l'applicazione<\/strong><\/h3>\n\n\n\n<p>Il solfato di rame deve essere applicato disperdendo gocce molto fini con un irrigatore (manuale o automatico). Va applicato sia sulla parte superiore che inferiore delle foglie. Nelle colture in crescita \u00e8 consigliabile effettuare due applicazioni settimanali nei periodi di basse temperature e alta umidit\u00e0 (inverno), poich\u00e9 \u00e8 in queste condizioni che si creano le condizioni favorevoli allo sviluppo dei funghi sopra citati.<\/p>\n\n\n\n<p><strong>Applicazione nelle piante di lattuga<\/strong><\/p>\n\n\n\n<p>Non ci sono problemi di tossicit\u00e0 sulle piante, cio\u00e8 non provoca l'appassimento o la morte della coltura, a meno che non si superi il dosaggio consigliato o le temperature ambientali siano elevate.<\/p>\n\n\n\n<p>Il solfato di rame viene talvolta utilizzato all'interno del <a href=\"https:\/\/www.alquera.com\/it\/sulfato-de-cobre\/caldo-bordeles-agricultura\/\">Brodo Bordeles<\/a> per l'uso come fungicida.<\/p>\n\n\n\n<p>Altri impieghi del solfato di rame sono anche come <a href=\"https:\/\/www.alquera.com\/it\/sulfato-de-cobre\/piscinas\/\">alghicida nelle piscine<\/a> e come <a href=\"https:\/\/www.alquera.com\/it\/sulfato-de-cobre\/alimentacion-animal\/\">integrazione dei mangimi per animali<\/a>.<\/p>\n\n\n\n<h3 class=\"widget-title\">Acquista <\/h3><div><div class=\"woocommerce\"><ul class=\"products columns-4\">\n<li class=\"desktop-align-left tablet-align-left mobile-align-left ast-product-gallery-layout-horizontal-slider ast-magnify-disabled ast-product-single-variable ast-product-tabs-layout-horizontal ast-qv-on-image product type-product post-495 status-publish first instock product_cat-productos-experimentos product_cat-productos has-post-thumbnail taxable shipping-taxable purchasable product-type-variable has-default-attributes\">\n\t<a href=\"https:\/\/www.alquera.com\/it\/permanganato-de-potasio\/\" class=\"woocommerce-LoopProduct-link woocommerce-loop-product__link\"><img loading=\"lazy\" decoding=\"async\" width=\"300\" height=\"300\" src=\"https:\/\/www.alquera.com\/wp-content\/uploads\/2016\/01\/permanganato-200g-foto-nueva-300x300.png\" class=\"attachment-woocommerce_thumbnail size-woocommerce_thumbnail\" alt=\"permanganato 200g\" srcset=\"https:\/\/www.alquera.com\/wp-content\/uploads\/2016\/01\/permanganato-200g-foto-nueva-300x300.png 300w, https:\/\/www.alquera.com\/wp-content\/uploads\/2016\/01\/permanganato-200g-foto-nueva-150x150.png 150w, https:\/\/www.alquera.com\/wp-content\/uploads\/2016\/01\/permanganato-200g-foto-nueva-12x12.png 12w, https:\/\/www.alquera.com\/wp-content\/uploads\/2016\/01\/permanganato-200g-foto-nueva-100x100.png 100w\" sizes=\"auto, (max-width: 300px) 100vw, 300px\" \/><h2 class=\"woocommerce-loop-product__title\">Permanganato di Potassio<\/h2><div class=\"review-rating\"><div class=\"star-rating\"><span style=\"width:100%\" data-no-translation=\"\" data-trp-gettext=\"\">Valutato <strong class=\"rating\">5.00<\/strong> su 5<\/span><\/div><\/div>\n<\/a><a href=\"https:\/\/www.alquera.com\/it\/permanganato-de-potasio\/\" aria-describedby=\"woocommerce_loop_add_to_cart_link_describedby_495\" data-quantity=\"1\" class=\"button product_type_variable add_to_cart_button\" data-product_id=\"495\" data-product_sku=\"AL100111\" aria-label=\"Seleziona le opzioni per \u201cPermanganato de Potasio\u201d\" rel=\"nofollow\" data-no-translation=\"\" data-trp-gettext=\"\" data-no-translation-aria-label=\"\">Scegli<\/a>\t<span id=\"woocommerce_loop_add_to_cart_link_describedby_495\" class=\"screen-reader-text\">\n\t\tQuesto prodotto ha pi\u00f9 varianti. Le opzioni possono essere scelte nella pagina del prodotto\t<\/span>\n<\/li>\n<\/ul>\n<\/div><\/div>\n\n\n\n<p class=\"widget-title\">Per saperne di pi\u00f9<\/p><a href=\"https:\/\/www.alquera.com\/it\/sulfato-de-cobre\/\">Solfato di rame<\/a>\n<!-- Page-list plugin v.5.9 wordpress.org\/plugins\/page-list\/ -->\n<ul class=\"page-list siblings-page-list\">\n<li class=\"page_item page-item-9998 menu-item\"><a href=\"https:\/\/www.alquera.com\/it\/sulfato-de-cobre\/caldo-bordeles-agricultura\/\" class=\"menu-link\">Brodo Bordelaise<\/a><\/li>\n<li class=\"page_item page-item-9989 menu-item\"><a href=\"https:\/\/www.alquera.com\/it\/sulfato-de-cobre\/alimentacion-animal\/\" class=\"menu-link\">Solfato di rame per mangimi<\/a><\/li>\n<li class=\"page_item page-item-331 menu-item\"><a href=\"https:\/\/www.alquera.com\/it\/sulfato-de-cobre\/fungicida\/\" class=\"menu-link\">Fungicida a base di solfato di rame<\/a><\/li>\n<li class=\"page_item page-item-9992 menu-item\"><a href=\"https:\/\/www.alquera.com\/it\/sulfato-de-cobre\/piscinas\/\" class=\"menu-link\">Piscine con solfato di rame<\/a><\/li>\n<li class=\"page_item page-item-324 menu-item\"><a href=\"https:\/\/www.alquera.com\/it\/sulfato-de-cobre\/usos\/\" class=\"menu-link\">Utilizza il solfato di rame<\/a><\/li>\n\n<\/ul>","protected":false},"excerpt":{"rendered":"<p>El Sulfato de Cobre&nbsp;fungicida es utilizado en la agricultura ecol\u00f3gica gracias a su acci\u00f3n desinfectante (elimina microorganismos), ya que&nbsp;previene y cura el desarrollo de cierto grupo de hongos que atacan a las plantas y puede causar su muerte o p\u00e9rdida de la cosecha. Hongos sobre los que act\u00faa el Sulfato de Cobre Fungicida Como fungicida [&hellip;]<\/p>\n","protected":false},"author":1,"featured_media":0,"parent":32602,"menu_order":0,"comment_status":"open","ping_status":"closed","template":"","meta":{"_acf_changed":false,"site-sidebar-layout":"left-sidebar","site-content-layout":"default","ast-site-content-layout":"default","site-content-style":"default","site-sidebar-style":"default","ast-global-header-display":"","ast-banner-title-visibility":"","ast-main-header-display":"","ast-hfb-above-header-display":"","ast-hfb-below-header-display":"","ast-hfb-mobile-header-display":"","site-post-title":"","ast-breadcrumbs-content":"","ast-featured-img":"","footer-sml-layout":"","ast-disable-related-posts":"","theme-transparent-header-meta":"default","adv-header-id-meta":"","stick-header-meta":"default","header-above-stick-meta":"","header-main-stick-meta":"","header-below-stick-meta":"","astra-migrate-meta-layouts":"default","ast-page-background-enabled":"default","ast-page-background-meta":{"desktop":{"background-color":"var(--ast-global-color-4)","background-image":"","background-repeat":"repeat","background-position":"center center","background-size":"auto","background-attachment":"scroll","background-type":"","background-media":"","overlay-type":"","overlay-color":"","overlay-opacity":"","overlay-gradient":""},"tablet":{"background-color":"","background-image":"","background-repeat":"repeat","background-position":"center center","background-size":"auto","background-attachment":"scroll","background-type":"","background-media":"","overlay-type":"","overlay-color":"","overlay-opacity":"","overlay-gradient":""},"mobile":{"background-color":"","background-image":"","background-repeat":"repeat","background-position":"center center","background-size":"auto","background-attachment":"scroll","background-type":"","background-media":"","overlay-type":"","overlay-color":"","overlay-opacity":"","overlay-gradient":""}},"ast-content-background-meta":{"desktop":{"background-color":"var(--ast-global-color-5)","background-image":"","background-repeat":"repeat","background-position":"center center","background-size":"auto","background-attachment":"scroll","background-type":"","background-media":"","overlay-type":"","overlay-color":"","overlay-opacity":"","overlay-gradient":""},"tablet":{"background-color":"var(--ast-global-color-5)","background-image":"","background-repeat":"repeat","background-position":"center center","background-size":"auto","background-attachment":"scroll","background-type":"","background-media":"","overlay-type":"","overlay-color":"","overlay-opacity":"","overlay-gradient":""},"mobile":{"background-color":"var(--ast-global-color-5)","background-image":"","background-repeat":"repeat","background-position":"center center","background-size":"auto","background-attachment":"scroll","background-type":"","background-media":"","overlay-type":"","overlay-color":"","overlay-opacity":"","overlay-gradient":""}},"footnotes":""},"class_list":["post-331","page","type-page","status-publish","hentry"],"acf":[],"yoast_head":"<!-- This site is optimized with the Yoast SEO Premium plugin v27.1 (Yoast SEO v27.1.1) - https:\/\/yoast.com\/product\/yoast-seo-premium-wordpress\/ -->\n<title>Sulfato de Cobre Fungicida - Alquera.com<\/title>\n<meta name=\"robots\" content=\"index, follow, max-snippet:-1, max-image-preview:large, max-video-preview:-1\" \/>\n<link rel=\"canonical\" href=\"https:\/\/www.alquera.com\/it\/sulfato-de-cobre\/fungicida\/\" \/>\n<meta property=\"og:locale\" content=\"it_IT\" \/>\n<meta property=\"og:type\" content=\"article\" \/>\n<meta property=\"og:title\" content=\"Sulfato de Cobre Fungicida\" \/>\n<meta property=\"og:description\" content=\"El Sulfato de Cobre&nbsp;fungicida es utilizado en la agricultura ecol\u00f3gica gracias a su acci\u00f3n desinfectante (elimina microorganismos), ya que&nbsp;previene y cura el desarrollo de cierto grupo de hongos que atacan a las plantas y puede causar su muerte o p\u00e9rdida de la cosecha. Hongos sobre los que act\u00faa el Sulfato de Cobre Fungicida Como fungicida [&hellip;]\" \/>\n<meta property=\"og:url\" content=\"https:\/\/www.alquera.com\/it\/sulfato-de-cobre\/fungicida\/\" \/>\n<meta property=\"og:site_name\" content=\"Alquera.com\" \/>\n<meta property=\"article:publisher\" content=\"https:\/\/www.facebook.com\/alqueraciencia\" \/>\n<meta property=\"article:modified_time\" content=\"2021-09-20T12:05:05+00:00\" \/>\n<meta property=\"og:image\" content=\"https:\/\/www.alquera.com\/wp-content\/uploads\/2020\/12\/fresas_mohogris-300x226.png\" \/>\n<meta name=\"twitter:card\" content=\"summary_large_image\" \/>\n<meta name=\"twitter:label1\" content=\"Tempo di lettura stimato\" \/>\n\t<meta name=\"twitter:data1\" content=\"3 minuti\" \/>\n<script type=\"application\/ld+json\" class=\"yoast-schema-graph\">{\"@context\":\"https:\/\/schema.org\",\"@graph\":[{\"@type\":\"WebPage\",\"@id\":\"https:\/\/www.alquera.com\/sulfato-de-cobre\/fungicida\/\",\"url\":\"https:\/\/www.alquera.com\/sulfato-de-cobre\/fungicida\/\",\"name\":\"Sulfato de Cobre Fungicida - Alquera.com\",\"isPartOf\":{\"@id\":\"https:\/\/www.alquera.com\/en\/#website\"},\"primaryImageOfPage\":{\"@id\":\"https:\/\/www.alquera.com\/sulfato-de-cobre\/fungicida\/#primaryimage\"},\"image\":{\"@id\":\"https:\/\/www.alquera.com\/sulfato-de-cobre\/fungicida\/#primaryimage\"},\"thumbnailUrl\":\"https:\/\/www.alquera.com\/wp-content\/uploads\/2020\/12\/fresas_mohogris-300x226.png\",\"datePublished\":\"2020-09-24T13:33:10+00:00\",\"dateModified\":\"2021-09-20T12:05:05+00:00\",\"breadcrumb\":{\"@id\":\"https:\/\/www.alquera.com\/sulfato-de-cobre\/fungicida\/#breadcrumb\"},\"inLanguage\":\"it-IT\",\"potentialAction\":[{\"@type\":\"ReadAction\",\"target\":[\"https:\/\/www.alquera.com\/sulfato-de-cobre\/fungicida\/\"]}]},{\"@type\":\"ImageObject\",\"inLanguage\":\"it-IT\",\"@id\":\"https:\/\/www.alquera.com\/sulfato-de-cobre\/fungicida\/#primaryimage\",\"url\":\"https:\/\/www.alquera.com\/wp-content\/uploads\/2020\/12\/fresas_mohogris-300x226.png\",\"contentUrl\":\"https:\/\/www.alquera.com\/wp-content\/uploads\/2020\/12\/fresas_mohogris-300x226.png\"},{\"@type\":\"BreadcrumbList\",\"@id\":\"https:\/\/www.alquera.com\/sulfato-de-cobre\/fungicida\/#breadcrumb\",\"itemListElement\":[{\"@type\":\"ListItem\",\"position\":1,\"name\":\"Inicio\",\"item\":\"https:\/\/www.alquera.com\/\"},{\"@type\":\"ListItem\",\"position\":2,\"name\":\"Sulfato de Cobre\",\"item\":\"https:\/\/www.alquera.com\/sulfato-de-cobre\/\"},{\"@type\":\"ListItem\",\"position\":3,\"name\":\"Sulfato de Cobre Fungicida\"}]},{\"@type\":\"WebSite\",\"@id\":\"https:\/\/www.alquera.com\/en\/#website\",\"url\":\"https:\/\/www.alquera.com\/en\/\",\"name\":\"Alquera.com\",\"description\":\"Tienda Online Productos Qu\u00edmicos y Material de Laboratorio\",\"publisher\":{\"@id\":\"https:\/\/www.alquera.com\/en\/#organization\"},\"potentialAction\":[{\"@type\":\"SearchAction\",\"target\":{\"@type\":\"EntryPoint\",\"urlTemplate\":\"https:\/\/www.alquera.com\/en\/?s={search_term_string}\"},\"query-input\":{\"@type\":\"PropertyValueSpecification\",\"valueRequired\":true,\"valueName\":\"search_term_string\"}}],\"inLanguage\":\"it-IT\"},{\"@type\":\"Organization\",\"@id\":\"https:\/\/www.alquera.com\/en\/#organization\",\"name\":\"ALQUERA CIENCIA SL\",\"url\":\"https:\/\/www.alquera.com\/en\/\",\"logo\":{\"@type\":\"ImageObject\",\"inLanguage\":\"it-IT\",\"@id\":\"https:\/\/www.alquera.com\/en\/#\/schema\/logo\/image\/\",\"url\":\"https:\/\/www.alquera.com\/wp-content\/uploads\/2020\/11\/logo_300_ancho.png\",\"contentUrl\":\"https:\/\/www.alquera.com\/wp-content\/uploads\/2020\/11\/logo_300_ancho.png\",\"width\":300,\"height\":86,\"caption\":\"ALQUERA CIENCIA SL\"},\"image\":{\"@id\":\"https:\/\/www.alquera.com\/en\/#\/schema\/logo\/image\/\"},\"sameAs\":[\"https:\/\/www.facebook.com\/alqueraciencia\",\"https:\/\/www.instagram.com\/alquera_ciencia\/\",\"https:\/\/www.youtube.com\/c\/alquera\"]}]}<\/script>\n<!-- \/ Yoast SEO Premium plugin. -->","yoast_head_json":{"title":"Fungicida a base di solfato di rame - Alquera.com","robots":{"index":"index","follow":"follow","max-snippet":"max-snippet:-1","max-image-preview":"max-image-preview:large","max-video-preview":"max-video-preview:-1"},"canonical":"https:\/\/www.alquera.com\/it\/sulfato-de-cobre\/fungicida\/","og_locale":"it_IT","og_type":"article","og_title":"Sulfato de Cobre Fungicida","og_description":"El Sulfato de Cobre&nbsp;fungicida es utilizado en la agricultura ecol\u00f3gica gracias a su acci\u00f3n desinfectante (elimina microorganismos), ya que&nbsp;previene y cura el desarrollo de cierto grupo de hongos que atacan a las plantas y puede causar su muerte o p\u00e9rdida de la cosecha. Hongos sobre los que act\u00faa el Sulfato de Cobre Fungicida Como fungicida [&hellip;]","og_url":"https:\/\/www.alquera.com\/it\/sulfato-de-cobre\/fungicida\/","og_site_name":"Alquera.com","article_publisher":"https:\/\/www.facebook.com\/alqueraciencia","article_modified_time":"2021-09-20T12:05:05+00:00","og_image":[{"url":"https:\/\/www.alquera.com\/wp-content\/uploads\/2020\/12\/fresas_mohogris-300x226.png","type":"","width":"","height":""}],"twitter_card":"summary_large_image","twitter_misc":{"Tempo di lettura stimato":"3 minuti"},"schema":{"@context":"https:\/\/schema.org","@graph":[{"@type":"WebPage","@id":"https:\/\/www.alquera.com\/sulfato-de-cobre\/fungicida\/","url":"https:\/\/www.alquera.com\/sulfato-de-cobre\/fungicida\/","name":"Fungicida a base di solfato di rame - Alquera.com","isPartOf":{"@id":"https:\/\/www.alquera.com\/en\/#website"},"primaryImageOfPage":{"@id":"https:\/\/www.alquera.com\/sulfato-de-cobre\/fungicida\/#primaryimage"},"image":{"@id":"https:\/\/www.alquera.com\/sulfato-de-cobre\/fungicida\/#primaryimage"},"thumbnailUrl":"https:\/\/www.alquera.com\/wp-content\/uploads\/2020\/12\/fresas_mohogris-300x226.png","datePublished":"2020-09-24T13:33:10+00:00","dateModified":"2021-09-20T12:05:05+00:00","breadcrumb":{"@id":"https:\/\/www.alquera.com\/sulfato-de-cobre\/fungicida\/#breadcrumb"},"inLanguage":"it-IT","potentialAction":[{"@type":"ReadAction","target":["https:\/\/www.alquera.com\/sulfato-de-cobre\/fungicida\/"]}]},{"@type":"ImageObject","inLanguage":"it-IT","@id":"https:\/\/www.alquera.com\/sulfato-de-cobre\/fungicida\/#primaryimage","url":"https:\/\/www.alquera.com\/wp-content\/uploads\/2020\/12\/fresas_mohogris-300x226.png","contentUrl":"https:\/\/www.alquera.com\/wp-content\/uploads\/2020\/12\/fresas_mohogris-300x226.png"},{"@type":"BreadcrumbList","@id":"https:\/\/www.alquera.com\/sulfato-de-cobre\/fungicida\/#breadcrumb","itemListElement":[{"@type":"ListItem","position":1,"name":"Inicio","item":"https:\/\/www.alquera.com\/"},{"@type":"ListItem","position":2,"name":"Sulfato de Cobre","item":"https:\/\/www.alquera.com\/sulfato-de-cobre\/"},{"@type":"ListItem","position":3,"name":"Sulfato de Cobre Fungicida"}]},{"@type":"WebSite","@id":"https:\/\/www.alquera.com\/en\/#website","url":"https:\/\/www.alquera.com\/en\/","name":"Alquera.com","description":"Negozio online di prodotti chimici e forniture di laboratorio","publisher":{"@id":"https:\/\/www.alquera.com\/en\/#organization"},"potentialAction":[{"@type":"SearchAction","target":{"@type":"EntryPoint","urlTemplate":"https:\/\/www.alquera.com\/en\/?s={search_term_string}"},"query-input":{"@type":"PropertyValueSpecification","valueRequired":true,"valueName":"search_term_string"}}],"inLanguage":"it-IT"},{"@type":"Organization","@id":"https:\/\/www.alquera.com\/en\/#organization","name":"ALQUERA CIENCIA SL","url":"https:\/\/www.alquera.com\/en\/","logo":{"@type":"ImageObject","inLanguage":"it-IT","@id":"https:\/\/www.alquera.com\/en\/#\/schema\/logo\/image\/","url":"https:\/\/www.alquera.com\/wp-content\/uploads\/2020\/11\/logo_300_ancho.png","contentUrl":"https:\/\/www.alquera.com\/wp-content\/uploads\/2020\/11\/logo_300_ancho.png","width":300,"height":86,"caption":"ALQUERA CIENCIA SL"},"image":{"@id":"https:\/\/www.alquera.com\/en\/#\/schema\/logo\/image\/"},"sameAs":["https:\/\/www.facebook.com\/alqueraciencia","https:\/\/www.instagram.com\/alquera_ciencia\/","https:\/\/www.youtube.com\/c\/alquera"]}]}},"_links":{"self":[{"href":"https:\/\/www.alquera.com\/it\/wp-json\/wp\/v2\/pages\/331","targetHints":{"allow":["GET"]}}],"collection":[{"href":"https:\/\/www.alquera.com\/it\/wp-json\/wp\/v2\/pages"}],"about":[{"href":"https:\/\/www.alquera.com\/it\/wp-json\/wp\/v2\/types\/page"}],"author":[{"embeddable":true,"href":"https:\/\/www.alquera.com\/it\/wp-json\/wp\/v2\/users\/1"}],"replies":[{"embeddable":true,"href":"https:\/\/www.alquera.com\/it\/wp-json\/wp\/v2\/comments?post=331"}],"version-history":[{"count":15,"href":"https:\/\/www.alquera.com\/it\/wp-json\/wp\/v2\/pages\/331\/revisions"}],"predecessor-version":[{"id":35144,"href":"https:\/\/www.alquera.com\/it\/wp-json\/wp\/v2\/pages\/331\/revisions\/35144"}],"up":[{"embeddable":true,"href":"https:\/\/www.alquera.com\/it\/wp-json\/wp\/v2\/pages\/32602"}],"wp:attachment":[{"href":"https:\/\/www.alquera.com\/it\/wp-json\/wp\/v2\/media?parent=331"}],"curies":[{"name":"wp","href":"https:\/\/api.w.org\/{rel}","templated":true}]}}