{"id":33262,"date":"2021-03-16T11:50:43","date_gmt":"2021-03-16T11:50:43","guid":{"rendered":"https:\/\/www.alquera.com\/?page_id=33262"},"modified":"2021-09-12T13:55:37","modified_gmt":"2021-09-12T13:55:37","slug":"piscinas","status":"publish","type":"page","link":"https:\/\/www.alquera.com\/it\/sulfato-de-aluminio\/piscinas\/","title":{"rendered":"Solfato di alluminio nelle piscine"},"content":{"rendered":"<p>Il <a href=\"https:\/\/www.alquera.com\/it\/sulfato-de-aluminio\/\">Solfato di Alluminio<\/a>\u00e8 un prodotto chimico di formula Al2(SO4)3. Si presenta sotto forma di polvere granulare bianca. Uno dei suoi usi principali \u00e8 come <strong>flocculante<\/strong> nel trattamento delle alghe nelle piscine. Un flocculante \u00e8 un prodotto che attira le particelle in sospensione nell'acqua e le fa precipitare, consentendone la rimozione mediante aspirazione, filtrazione o spazzamento.<\/p>\n<p><a href=\"https:\/\/www.alquera.com\/it\/sulfato-de-aluminio\/piscinas\/untitled-design-4\/\" rel=\"attachment wp-att-33290\"><img loading=\"lazy\" decoding=\"async\" class=\"size-medium wp-image-33290 aligncenter\" src=\"https:\/\/www.alquera.com\/wp-content\/uploads\/2021\/03\/Untitled-design-4-300x300.png\" alt=\"\" width=\"300\" height=\"300\" srcset=\"https:\/\/www.alquera.com\/wp-content\/uploads\/2021\/03\/Untitled-design-4-300x300.png 300w, https:\/\/www.alquera.com\/wp-content\/uploads\/2021\/03\/Untitled-design-4-150x150.png 150w, https:\/\/www.alquera.com\/wp-content\/uploads\/2021\/03\/Untitled-design-4-768x768.png 768w, https:\/\/www.alquera.com\/wp-content\/uploads\/2021\/03\/Untitled-design-4-600x600.png 600w, https:\/\/www.alquera.com\/wp-content\/uploads\/2021\/03\/Untitled-design-4-100x100.png 100w, https:\/\/www.alquera.com\/wp-content\/uploads\/2021\/03\/Untitled-design-4.png 800w\" sizes=\"auto, (max-width: 300px) 100vw, 300px\" \/><\/a><\/p>\n<h2>PROCESSO DI RIMOZIONE DELLE PARTICELLE IN ACQUA<\/h2>\n<p>Sia per la preparazione della piscina in estate che per la sua manutenzione quotidiana \u00e8 necessario rimuovere alghe, microrganismi e impurit\u00e0 che si generano nell'acqua della piscina. Queste possono essere notate in particolare quando la piscina diventa verde, il che \u00e8 caratteristico di una moltiplicazione delle alghe nella piscina.<\/p>\n<h2>RIMOZIONE DELLE ALGHE IN CASO DI ACQUA VERDE<\/h2>\n<p><a href=\"https:\/\/www.alquera.com\/it\/sulfato-de-cobre\/piscinas\/piscina-agua-algas\/\" rel=\"attachment wp-att-33242\"><img loading=\"lazy\" decoding=\"async\" class=\"aligncenter wp-image-33242 size-full\" src=\"https:\/\/www.alquera.com\/wp-content\/uploads\/2021\/03\/piscina-agua-ALGAS.png\" alt=\"Piscina con algas\" width=\"600\" height=\"300\" srcset=\"https:\/\/www.alquera.com\/wp-content\/uploads\/2021\/03\/piscina-agua-ALGAS.png 600w, https:\/\/www.alquera.com\/wp-content\/uploads\/2021\/03\/piscina-agua-ALGAS-300x150.png 300w\" sizes=\"auto, (max-width: 600px) 100vw, 600px\" \/><\/a><\/p>\n<p>Se l'acqua \u00e8 verde, significa che ci sono alghe e microrganismi nell'acqua. L'eliminazione di alghe e microrganismi viene effettuata da una <strong>biocida<\/strong>che ucciderebbe letteralmente questi microrganismi e una <strong>flocculante<\/strong> che ne consente la precipitazione e la facile rimozione. Uno dei biocidi pi\u00f9 comunemente utilizzati \u00e8 <a href=\"https:\/\/www.alquera.com\/it\/sulfato-de-cobre\/\">solfato di rame pentaidrato<\/a>. In questa sezione \u00e8 possibile vedere come applicare <a href=\"https:\/\/www.alquera.com\/it\/sulfato-de-cobre\/piscinas\/\">solfato di rame nelle piscine<\/a>Le abbiamo riassunte qui:<\/p>\n<ul>\n<li>Distribuire il solfato di rame in base alle indicazioni del\u00a0<a href=\"https:\/\/www.alquera.com\/it\/sulfato-de-cobre\/piscinas\/\">dose adeguata<\/a>\u00a0(il dosaggio del solfato di rame \u00e8: 10 grammi per m3 di acqua)<\/li>\n<li>Far circolare l'acqua per 1-2 ore e poi lasciarla riposare per diverse ore.<\/li>\n<li>Il giorno successivo aggiungere <a href=\"https:\/\/www.alquera.com\/it\/sulfato-de-aluminio\/\">solfato di alluminio<\/a> che agisce come flocculante. Il solfato di alluminio attira le particelle solide che causano la torbidit\u00e0 dell'acqua e le fa precipitare sul fondo della piscina.<\/li>\n<li>Il\u00a0<strong>Dosaggio del solfato di alluminio<\/strong>\u00a0in acqua \u00e8 di 10 grammi per m3 di acqua. Prima di essere versato nella piscina, il solfato di alluminio deve essere diluito in acqua e ben disciolto. Date le dimensioni delle piscine, con centinaia di m3 d'acqua, il solfato di alluminio disciolto verr\u00e0 versato in tutta la vasca.<\/li>\n<li>Lasciare riposare e agire per almeno 2 ore.<\/li>\n<li>Pulire le impurit\u00e0 che si sono depositate sul fondo della piscina con un aspiratore per piscine.<\/li>\n<li>Ricircolare l'acqua della piscina.<\/li>\n<li>Misurare il pH dell'acqua e il livello di cloro e verificare che tutti i valori siano corretti.<\/li>\n<\/ul>\n<h2><span id=\"Agua_TurbiaAmarilla_o_Ennegrecida\">ACQUA TORBIDA\/ANNERITA<\/span><\/h2>\n<p><a href=\"https:\/\/www.alquera.com\/it\/sulfato-de-aluminio\/piscinas\/agua-muy-turbia\/\" rel=\"attachment wp-att-33292\"><img loading=\"lazy\" decoding=\"async\" class=\"aligncenter wp-image-33292 size-full\" src=\"https:\/\/www.alquera.com\/wp-content\/uploads\/2021\/03\/AGUA-MUY-TURBIA.jpg\" alt=\"AGUA MUY TURBIA\" width=\"450\" height=\"350\" srcset=\"https:\/\/www.alquera.com\/wp-content\/uploads\/2021\/03\/AGUA-MUY-TURBIA.jpg 450w, https:\/\/www.alquera.com\/wp-content\/uploads\/2021\/03\/AGUA-MUY-TURBIA-300x233.jpg 300w\" sizes=\"auto, (max-width: 450px) 100vw, 450px\" \/><\/a><\/p>\n<p>Se l'acqua \u00e8 giallastra, annerita, \u00e8 possibile che la torbidit\u00e0 sia causata da un eccesso di ferro o manganese organico. In questo caso, prima di applicare il flocculante, \u00e8 necessario applicare quanto segue <strong>disinfettante a base di cloro.<\/strong><\/p>\n<ul>\n<li>Applicare 10 gr. per m\u00b3 di cloro granulare; questa applicazione deve essere effettuata una sola volta.<\/li>\n<li>Applicare la circolazione dell'acqua per 24 ore.<\/li>\n<li>Interrompere il ricircolo<\/li>\n<li>Aggiungere 10 gr. per m\u00b3 di solfato di alluminio. Il modo per aggiungere il solfato di alluminio \u00e8 di scioglierlo preventivamente in acqua. Verr\u00e0 applicato a poco a poco in tutta la piscina.<\/li>\n<li>Attendere 2 ore o pi\u00f9, in particolare finch\u00e9 le impurit\u00e0 non precipitano sul fondo.<\/li>\n<li>Pulire le impurit\u00e0 dal fondo con un aspirapolvere per piscine.<\/li>\n<li>Attivare il filtro e la circolazione dell'acqua.<\/li>\n<li>Misurare il pH dell'acqua e il livello di cloro e verificare che tutti i valori siano corretti.<\/li>\n<\/ul>\n<h2><span id=\"Agua_Turbia\">ACQUA LEGGERMENTE TORBIDA<\/span><\/h2>\n<p>Se si vuole agire solo contro la torbidit\u00e0 dell'acqua della piscina, applicare il solfato di alluminio direttamente nella piscina.<\/p>\n<ul>\n<li>Aggiungere 10 gr. per m\u00b3 di solfato di alluminio. Il modo per aggiungere il solfato di alluminio \u00e8 di scioglierlo preventivamente in acqua. Verr\u00e0 applicato a poco a poco in tutta la piscina.<\/li>\n<li>Attendere 2 ore o pi\u00f9, in particolare finch\u00e9 le impurit\u00e0 non precipitano sul fondo.<\/li>\n<li>Pulire le impurit\u00e0 dal fondo con un aspirapolvere per piscine.<\/li>\n<li>Attivare il filtro e la circolazione dell'acqua.<\/li>\n<li>Misurare il pH dell'acqua e il livello di cloro e verificare che tutti i valori siano corretti.<\/li>\n<\/ul>\n<p>Il solfato di alluminio viene utilizzato anche per\u00a0<a href=\"https:\/\/www.alquera.com\/it\/sulfato-de-aluminio\/potabilizacion-agua\/\">purificazione dell'acqua<\/a>.<\/p>\n<h2>FONTI E DOCUMENTAZIONE APPLICABILE<\/h2>\n<ul>\n<li><a href=\"https:\/\/www.alquera.com\/it\/sulfato-de-cobre\/piscinas\/ntp_690\/\" rel=\"attachment wp-att-33230\">Guida alle buone pratiche di manipolazione dei prodotti chimici nelle piscine.\u00a0<\/a><\/li>\n<li><a href=\"https:\/\/www.alquera.com\/it\/sulfato-de-cobre\/piscinas\/boe-a-2013-10580-consolidado\/\" rel=\"attachment wp-att-33231\">Decreto reale 742\/2013, del 27 settembre, che stabilisce i criteri tecnico-sanitari per le piscine.<\/a><\/li>\n<li><a href=\"http:\/\/www.madrid.org\/cs\/Satellite?blobcol=urldata&amp;blobheader=application%2Fpdf&amp;blobheadername1=Content-Disposition&amp;blobheadervalue1=filename%3D3._MANUAL_PISCINAS_ENCARGADOS_MANTENIMIENTO_2010%5B1%5D.pdf&amp;blobkey=id&amp;blobtable=MungoBlobs&amp;blobwhere=1352885284227&amp;ssbinary=true\">Guida alla manutenzione delle piscine - Comunit\u00e0 sanitaria di Madrid<\/a>.<\/li>\n<\/ul>\n<h3 class=\"widget-title\">Acquista <\/h3><div><div class=\"woocommerce\"><ul class=\"products columns-4\">\n<li class=\"desktop-align-left tablet-align-left mobile-align-left ast-product-gallery-layout-horizontal-slider ast-magnify-disabled ast-product-single-variable ast-product-tabs-layout-horizontal ast-qv-on-image product type-product post-495 status-publish first instock product_cat-productos-experimentos product_cat-productos has-post-thumbnail taxable shipping-taxable purchasable product-type-variable has-default-attributes\">\n\t<a href=\"https:\/\/www.alquera.com\/it\/permanganato-de-potasio\/\" class=\"woocommerce-LoopProduct-link woocommerce-loop-product__link\"><img loading=\"lazy\" decoding=\"async\" width=\"300\" height=\"300\" src=\"https:\/\/www.alquera.com\/wp-content\/uploads\/2016\/01\/permanganato-200g-foto-nueva-300x300.png\" class=\"attachment-woocommerce_thumbnail size-woocommerce_thumbnail\" alt=\"permanganato 200g\" srcset=\"https:\/\/www.alquera.com\/wp-content\/uploads\/2016\/01\/permanganato-200g-foto-nueva-300x300.png 300w, https:\/\/www.alquera.com\/wp-content\/uploads\/2016\/01\/permanganato-200g-foto-nueva-150x150.png 150w, https:\/\/www.alquera.com\/wp-content\/uploads\/2016\/01\/permanganato-200g-foto-nueva-12x12.png 12w, https:\/\/www.alquera.com\/wp-content\/uploads\/2016\/01\/permanganato-200g-foto-nueva-100x100.png 100w\" sizes=\"auto, (max-width: 300px) 100vw, 300px\" \/><h2 class=\"woocommerce-loop-product__title\">Permanganato di Potassio<\/h2><div class=\"review-rating\"><div class=\"star-rating\"><span style=\"width:100%\" data-no-translation=\"\" data-trp-gettext=\"\">Valutato <strong class=\"rating\">5.00<\/strong> su 5<\/span><\/div><\/div>\n<\/a><a href=\"https:\/\/www.alquera.com\/it\/permanganato-de-potasio\/\" aria-describedby=\"woocommerce_loop_add_to_cart_link_describedby_495\" data-quantity=\"1\" class=\"button product_type_variable add_to_cart_button\" data-product_id=\"495\" data-product_sku=\"AL100111\" aria-label=\"Seleziona le opzioni per \u201cPermanganato de Potasio\u201d\" rel=\"nofollow\" data-no-translation=\"\" data-trp-gettext=\"\" data-no-translation-aria-label=\"\">Scegli<\/a>\t<span id=\"woocommerce_loop_add_to_cart_link_describedby_495\" class=\"screen-reader-text\">\n\t\tQuesto prodotto ha pi\u00f9 varianti. Le opzioni possono essere scelte nella pagina del prodotto\t<\/span>\n<\/li>\n<\/ul>\n<\/div><\/div>\n<p class=\"widget-title\">Per saperne di pi\u00f9<\/p><a href=\"https:\/\/www.alquera.com\/it\/sulfato-de-aluminio\/\">Solfato di Alluminio<\/a>\n<!-- Page-list plugin v.5.9 wordpress.org\/plugins\/page-list\/ -->\n<ul class=\"page-list siblings-page-list\">\n<li class=\"page_item page-item-33262 menu-item\"><a href=\"https:\/\/www.alquera.com\/it\/sulfato-de-aluminio\/piscinas\/\" class=\"menu-link\">Solfato di alluminio nelle piscine<\/a><\/li>\n<li class=\"page_item page-item-33267 menu-item\"><a href=\"https:\/\/www.alquera.com\/it\/sulfato-de-aluminio\/potabilizacion-agua\/\" class=\"menu-link\">Solfato di alluminio per la potabilizzazione dell'acqua<\/a><\/li>\n\n<\/ul>\n<p>&nbsp;<\/p>","protected":false},"excerpt":{"rendered":"<p>El Sulfato de Aluminio, es un producto qu\u00edmico de f\u00f3rmula Al2(SO4)3. Se presenta en forma de polvo granulado de color blanco. Uno de sus usos principales es como floculante en el tratamiento en las piscinas para algas. Un floculante es un producto que atrae part\u00edculas suspendidas en agua y las precipita, posibilitando de esta forma [&hellip;]<\/p>\n","protected":false},"author":1,"featured_media":0,"parent":33260,"menu_order":0,"comment_status":"closed","ping_status":"closed","template":"","meta":{"_acf_changed":false,"site-sidebar-layout":"default","site-content-layout":"","ast-site-content-layout":"default","site-content-style":"default","site-sidebar-style":"default","ast-global-header-display":"","ast-banner-title-visibility":"","ast-main-header-display":"","ast-hfb-above-header-display":"","ast-hfb-below-header-display":"","ast-hfb-mobile-header-display":"","site-post-title":"","ast-breadcrumbs-content":"","ast-featured-img":"","footer-sml-layout":"","ast-disable-related-posts":"","theme-transparent-header-meta":"","adv-header-id-meta":"","stick-header-meta":"","header-above-stick-meta":"","header-main-stick-meta":"","header-below-stick-meta":"","astra-migrate-meta-layouts":"default","ast-page-background-enabled":"default","ast-page-background-meta":{"desktop":{"background-color":"var(--ast-global-color-4)","background-image":"","background-repeat":"repeat","background-position":"center center","background-size":"auto","background-attachment":"scroll","background-type":"","background-media":"","overlay-type":"","overlay-color":"","overlay-opacity":"","overlay-gradient":""},"tablet":{"background-color":"","background-image":"","background-repeat":"repeat","background-position":"center center","background-size":"auto","background-attachment":"scroll","background-type":"","background-media":"","overlay-type":"","overlay-color":"","overlay-opacity":"","overlay-gradient":""},"mobile":{"background-color":"","background-image":"","background-repeat":"repeat","background-position":"center center","background-size":"auto","background-attachment":"scroll","background-type":"","background-media":"","overlay-type":"","overlay-color":"","overlay-opacity":"","overlay-gradient":""}},"ast-content-background-meta":{"desktop":{"background-color":"var(--ast-global-color-5)","background-image":"","background-repeat":"repeat","background-position":"center center","background-size":"auto","background-attachment":"scroll","background-type":"","background-media":"","overlay-type":"","overlay-color":"","overlay-opacity":"","overlay-gradient":""},"tablet":{"background-color":"var(--ast-global-color-5)","background-image":"","background-repeat":"repeat","background-position":"center center","background-size":"auto","background-attachment":"scroll","background-type":"","background-media":"","overlay-type":"","overlay-color":"","overlay-opacity":"","overlay-gradient":""},"mobile":{"background-color":"var(--ast-global-color-5)","background-image":"","background-repeat":"repeat","background-position":"center center","background-size":"auto","background-attachment":"scroll","background-type":"","background-media":"","overlay-type":"","overlay-color":"","overlay-opacity":"","overlay-gradient":""}},"footnotes":""},"class_list":["post-33262","page","type-page","status-publish","hentry"],"acf":[],"yoast_head":"<!-- This site is optimized with the Yoast SEO Premium plugin v27.1 (Yoast SEO v27.1.1) - https:\/\/yoast.com\/product\/yoast-seo-premium-wordpress\/ -->\n<title>Sulfato de Aluminio en Piscinas - Alquera.com<\/title>\n<meta name=\"robots\" content=\"index, follow, max-snippet:-1, max-image-preview:large, max-video-preview:-1\" \/>\n<link rel=\"canonical\" href=\"https:\/\/www.alquera.com\/it\/sulfato-de-aluminio\/piscinas\/\" \/>\n<meta property=\"og:locale\" content=\"it_IT\" \/>\n<meta property=\"og:type\" content=\"article\" \/>\n<meta property=\"og:title\" content=\"Sulfato de Aluminio en Piscinas\" \/>\n<meta property=\"og:description\" content=\"El Sulfato de Aluminio, es un producto qu\u00edmico de f\u00f3rmula Al2(SO4)3. Se presenta en forma de polvo granulado de color blanco. Uno de sus usos principales es como floculante en el tratamiento en las piscinas para algas. Un floculante es un producto que atrae part\u00edculas suspendidas en agua y las precipita, posibilitando de esta forma [&hellip;]\" \/>\n<meta property=\"og:url\" content=\"https:\/\/www.alquera.com\/it\/sulfato-de-aluminio\/piscinas\/\" \/>\n<meta property=\"og:site_name\" content=\"Alquera.com\" \/>\n<meta property=\"article:publisher\" content=\"https:\/\/www.facebook.com\/alqueraciencia\" \/>\n<meta property=\"article:modified_time\" content=\"2021-09-12T13:55:37+00:00\" \/>\n<meta property=\"og:image\" content=\"https:\/\/www.alquera.com\/wp-content\/uploads\/2021\/03\/Untitled-design-4-300x300.png\" \/>\n<meta name=\"twitter:card\" content=\"summary_large_image\" \/>\n<meta name=\"twitter:label1\" content=\"Tempo di lettura stimato\" \/>\n\t<meta name=\"twitter:data1\" content=\"4 minuti\" \/>\n<script type=\"application\/ld+json\" class=\"yoast-schema-graph\">{\"@context\":\"https:\/\/schema.org\",\"@graph\":[{\"@type\":\"WebPage\",\"@id\":\"https:\/\/www.alquera.com\/sulfato-de-aluminio\/piscinas\/\",\"url\":\"https:\/\/www.alquera.com\/sulfato-de-aluminio\/piscinas\/\",\"name\":\"Sulfato de Aluminio en Piscinas - Alquera.com\",\"isPartOf\":{\"@id\":\"https:\/\/www.alquera.com\/en\/#website\"},\"primaryImageOfPage\":{\"@id\":\"https:\/\/www.alquera.com\/sulfato-de-aluminio\/piscinas\/#primaryimage\"},\"image\":{\"@id\":\"https:\/\/www.alquera.com\/sulfato-de-aluminio\/piscinas\/#primaryimage\"},\"thumbnailUrl\":\"https:\/\/www.alquera.com\/wp-content\/uploads\/2021\/03\/Untitled-design-4-300x300.png\",\"datePublished\":\"2021-03-16T11:50:43+00:00\",\"dateModified\":\"2021-09-12T13:55:37+00:00\",\"breadcrumb\":{\"@id\":\"https:\/\/www.alquera.com\/sulfato-de-aluminio\/piscinas\/#breadcrumb\"},\"inLanguage\":\"it-IT\",\"potentialAction\":[{\"@type\":\"ReadAction\",\"target\":[\"https:\/\/www.alquera.com\/sulfato-de-aluminio\/piscinas\/\"]}]},{\"@type\":\"ImageObject\",\"inLanguage\":\"it-IT\",\"@id\":\"https:\/\/www.alquera.com\/sulfato-de-aluminio\/piscinas\/#primaryimage\",\"url\":\"https:\/\/www.alquera.com\/wp-content\/uploads\/2021\/03\/Untitled-design-4-300x300.png\",\"contentUrl\":\"https:\/\/www.alquera.com\/wp-content\/uploads\/2021\/03\/Untitled-design-4-300x300.png\"},{\"@type\":\"BreadcrumbList\",\"@id\":\"https:\/\/www.alquera.com\/sulfato-de-aluminio\/piscinas\/#breadcrumb\",\"itemListElement\":[{\"@type\":\"ListItem\",\"position\":1,\"name\":\"Inicio\",\"item\":\"https:\/\/www.alquera.com\/\"},{\"@type\":\"ListItem\",\"position\":2,\"name\":\"Sulfato de Aluminio\",\"item\":\"https:\/\/www.alquera.com\/sulfato-de-aluminio\/\"},{\"@type\":\"ListItem\",\"position\":3,\"name\":\"Sulfato de Aluminio en Piscinas\"}]},{\"@type\":\"WebSite\",\"@id\":\"https:\/\/www.alquera.com\/en\/#website\",\"url\":\"https:\/\/www.alquera.com\/en\/\",\"name\":\"Alquera.com\",\"description\":\"Tienda Online Productos Qu\u00edmicos y Material de Laboratorio\",\"publisher\":{\"@id\":\"https:\/\/www.alquera.com\/en\/#organization\"},\"potentialAction\":[{\"@type\":\"SearchAction\",\"target\":{\"@type\":\"EntryPoint\",\"urlTemplate\":\"https:\/\/www.alquera.com\/en\/?s={search_term_string}\"},\"query-input\":{\"@type\":\"PropertyValueSpecification\",\"valueRequired\":true,\"valueName\":\"search_term_string\"}}],\"inLanguage\":\"it-IT\"},{\"@type\":\"Organization\",\"@id\":\"https:\/\/www.alquera.com\/en\/#organization\",\"name\":\"ALQUERA CIENCIA SL\",\"url\":\"https:\/\/www.alquera.com\/en\/\",\"logo\":{\"@type\":\"ImageObject\",\"inLanguage\":\"it-IT\",\"@id\":\"https:\/\/www.alquera.com\/en\/#\/schema\/logo\/image\/\",\"url\":\"https:\/\/www.alquera.com\/wp-content\/uploads\/2020\/11\/logo_300_ancho.png\",\"contentUrl\":\"https:\/\/www.alquera.com\/wp-content\/uploads\/2020\/11\/logo_300_ancho.png\",\"width\":300,\"height\":86,\"caption\":\"ALQUERA CIENCIA SL\"},\"image\":{\"@id\":\"https:\/\/www.alquera.com\/en\/#\/schema\/logo\/image\/\"},\"sameAs\":[\"https:\/\/www.facebook.com\/alqueraciencia\",\"https:\/\/www.instagram.com\/alquera_ciencia\/\",\"https:\/\/www.youtube.com\/c\/alquera\"]}]}<\/script>\n<!-- \/ Yoast SEO Premium plugin. -->","yoast_head_json":{"title":"Solfato di alluminio nelle piscine - Alquera.com","robots":{"index":"index","follow":"follow","max-snippet":"max-snippet:-1","max-image-preview":"max-image-preview:large","max-video-preview":"max-video-preview:-1"},"canonical":"https:\/\/www.alquera.com\/it\/sulfato-de-aluminio\/piscinas\/","og_locale":"it_IT","og_type":"article","og_title":"Sulfato de Aluminio en Piscinas","og_description":"El Sulfato de Aluminio, es un producto qu\u00edmico de f\u00f3rmula Al2(SO4)3. Se presenta en forma de polvo granulado de color blanco. Uno de sus usos principales es como floculante en el tratamiento en las piscinas para algas. Un floculante es un producto que atrae part\u00edculas suspendidas en agua y las precipita, posibilitando de esta forma [&hellip;]","og_url":"https:\/\/www.alquera.com\/it\/sulfato-de-aluminio\/piscinas\/","og_site_name":"Alquera.com","article_publisher":"https:\/\/www.facebook.com\/alqueraciencia","article_modified_time":"2021-09-12T13:55:37+00:00","og_image":[{"url":"https:\/\/www.alquera.com\/wp-content\/uploads\/2021\/03\/Untitled-design-4-300x300.png","type":"","width":"","height":""}],"twitter_card":"summary_large_image","twitter_misc":{"Tempo di lettura stimato":"4 minuti"},"schema":{"@context":"https:\/\/schema.org","@graph":[{"@type":"WebPage","@id":"https:\/\/www.alquera.com\/sulfato-de-aluminio\/piscinas\/","url":"https:\/\/www.alquera.com\/sulfato-de-aluminio\/piscinas\/","name":"Solfato di alluminio nelle piscine - Alquera.com","isPartOf":{"@id":"https:\/\/www.alquera.com\/en\/#website"},"primaryImageOfPage":{"@id":"https:\/\/www.alquera.com\/sulfato-de-aluminio\/piscinas\/#primaryimage"},"image":{"@id":"https:\/\/www.alquera.com\/sulfato-de-aluminio\/piscinas\/#primaryimage"},"thumbnailUrl":"https:\/\/www.alquera.com\/wp-content\/uploads\/2021\/03\/Untitled-design-4-300x300.png","datePublished":"2021-03-16T11:50:43+00:00","dateModified":"2021-09-12T13:55:37+00:00","breadcrumb":{"@id":"https:\/\/www.alquera.com\/sulfato-de-aluminio\/piscinas\/#breadcrumb"},"inLanguage":"it-IT","potentialAction":[{"@type":"ReadAction","target":["https:\/\/www.alquera.com\/sulfato-de-aluminio\/piscinas\/"]}]},{"@type":"ImageObject","inLanguage":"it-IT","@id":"https:\/\/www.alquera.com\/sulfato-de-aluminio\/piscinas\/#primaryimage","url":"https:\/\/www.alquera.com\/wp-content\/uploads\/2021\/03\/Untitled-design-4-300x300.png","contentUrl":"https:\/\/www.alquera.com\/wp-content\/uploads\/2021\/03\/Untitled-design-4-300x300.png"},{"@type":"BreadcrumbList","@id":"https:\/\/www.alquera.com\/sulfato-de-aluminio\/piscinas\/#breadcrumb","itemListElement":[{"@type":"ListItem","position":1,"name":"Inicio","item":"https:\/\/www.alquera.com\/"},{"@type":"ListItem","position":2,"name":"Sulfato de Aluminio","item":"https:\/\/www.alquera.com\/sulfato-de-aluminio\/"},{"@type":"ListItem","position":3,"name":"Sulfato de Aluminio en Piscinas"}]},{"@type":"WebSite","@id":"https:\/\/www.alquera.com\/en\/#website","url":"https:\/\/www.alquera.com\/en\/","name":"Alquera.com","description":"Negozio online di prodotti chimici e forniture di laboratorio","publisher":{"@id":"https:\/\/www.alquera.com\/en\/#organization"},"potentialAction":[{"@type":"SearchAction","target":{"@type":"EntryPoint","urlTemplate":"https:\/\/www.alquera.com\/en\/?s={search_term_string}"},"query-input":{"@type":"PropertyValueSpecification","valueRequired":true,"valueName":"search_term_string"}}],"inLanguage":"it-IT"},{"@type":"Organization","@id":"https:\/\/www.alquera.com\/en\/#organization","name":"ALQUERA CIENCIA SL","url":"https:\/\/www.alquera.com\/en\/","logo":{"@type":"ImageObject","inLanguage":"it-IT","@id":"https:\/\/www.alquera.com\/en\/#\/schema\/logo\/image\/","url":"https:\/\/www.alquera.com\/wp-content\/uploads\/2020\/11\/logo_300_ancho.png","contentUrl":"https:\/\/www.alquera.com\/wp-content\/uploads\/2020\/11\/logo_300_ancho.png","width":300,"height":86,"caption":"ALQUERA CIENCIA SL"},"image":{"@id":"https:\/\/www.alquera.com\/en\/#\/schema\/logo\/image\/"},"sameAs":["https:\/\/www.facebook.com\/alqueraciencia","https:\/\/www.instagram.com\/alquera_ciencia\/","https:\/\/www.youtube.com\/c\/alquera"]}]}},"_links":{"self":[{"href":"https:\/\/www.alquera.com\/it\/wp-json\/wp\/v2\/pages\/33262","targetHints":{"allow":["GET"]}}],"collection":[{"href":"https:\/\/www.alquera.com\/it\/wp-json\/wp\/v2\/pages"}],"about":[{"href":"https:\/\/www.alquera.com\/it\/wp-json\/wp\/v2\/types\/page"}],"author":[{"embeddable":true,"href":"https:\/\/www.alquera.com\/it\/wp-json\/wp\/v2\/users\/1"}],"replies":[{"embeddable":true,"href":"https:\/\/www.alquera.com\/it\/wp-json\/wp\/v2\/comments?post=33262"}],"version-history":[{"count":9,"href":"https:\/\/www.alquera.com\/it\/wp-json\/wp\/v2\/pages\/33262\/revisions"}],"predecessor-version":[{"id":33303,"href":"https:\/\/www.alquera.com\/it\/wp-json\/wp\/v2\/pages\/33262\/revisions\/33303"}],"up":[{"embeddable":true,"href":"https:\/\/www.alquera.com\/it\/wp-json\/wp\/v2\/pages\/33260"}],"wp:attachment":[{"href":"https:\/\/www.alquera.com\/it\/wp-json\/wp\/v2\/media?parent=33262"}],"curies":[{"name":"wp","href":"https:\/\/api.w.org\/{rel}","templated":true}]}}