{"id":33275,"date":"2021-03-16T12:51:23","date_gmt":"2021-03-16T12:51:23","guid":{"rendered":"https:\/\/www.alquera.com\/?page_id=33275"},"modified":"2021-09-12T13:46:10","modified_gmt":"2021-09-12T13:46:10","slug":"usos","status":"publish","type":"page","link":"https:\/\/www.alquera.com\/it\/acido-oxalico\/usos\/","title":{"rendered":"Utilizza l'acido ossalico"},"content":{"rendered":"<p>Il\u00a0<a href=\"https:\/\/www.alquera.com\/it\/acido-oxalico\/\"><strong>acido ossalico<\/strong><\/a>\u00a0\u00e8 un acido carbossilico con formula H<sub>2<\/sub>C<sub>2<\/sub>O<sub>4<\/sub>\u00a0pu\u00f2 essere descritto anche come HOOCCOOH, \u00e8 un acido organico saturo, a catena normale, considerato molto forte. Tra le sue propriet\u00e0 pi\u00f9 importanti vi sono la solubilit\u00e0 in alcol e acqua, la cristallizzazione in acqua in forma diidratazione con la formula C<sub>2<\/sub>H<sub>2<\/sub>O<sub>4<\/sub>.2H<sub>2<\/sub>O, il suo punto di fusione idrato \u00e8 101,5\u00a0<sup>0<\/sup>C. Se riscaldato, si decompone, rilasciando anidride carbonica (CO<sub>2<\/sub>), monossido di carbonio (CO) e acqua.<\/p>\n<p><a href=\"https:\/\/www.alquera.com\/it\/acido-oxalico\/usos\/acido-oxalico-2\/\" rel=\"attachment wp-att-33305\"><img loading=\"lazy\" decoding=\"async\" class=\"size-full wp-image-33305 aligncenter\" src=\"https:\/\/www.alquera.com\/wp-content\/uploads\/2021\/03\/ACIDO-OXALICO.png\" alt=\"usos \u00e1cido ox\u00e1lico\" width=\"300\" height=\"214\" \/><\/a><\/p>\n<p>Si trova in natura sotto forma di ossalato di calcio o di potassio, nelle radici e nei rizomi di molte piante, \u00e8 presente in piccole quantit\u00e0 in molti alimenti, come cacao, noci, fagioli e anche nelle foglie di molte piante come spinaci, prezzemolo, bietole, ecc....<\/p>\n<p>Esistono diversi modi per produrre l'acido ossalico a livello industriale, uno di questi \u00e8 l'ossidazione dei carboidrati come l'amido; pu\u00f2 essere prodotto anche con il monossido di carbonio e l'idrossido di sodio, ma i pi\u00f9 utilizzati a livello industriale sono il primo con due ossidazioni successive, utilizzando l'acido nitrico e l'ossigeno dell'aria, e il secondo dal metanoato di sodio.<\/p>\n<p>Le sue principali caratteristiche fisiche sono: sapore amaro, solido cristallino incolore, parzialmente solubile in acqua, etanolo e solventi.<\/p>\n<h2>Usi dell'acido ossalico<\/h2>\n<p>Tra i principali usi e applicazioni di\u00a0<b>acido ossalico diidrato<\/b>\u00a0sono:<\/p>\n<ul>\n<li>Trattamento delle superfici metalliche.<\/li>\n<li><a href=\"https:\/\/www.alquera.com\/it\/acido-oxalico\/quitar-oxido\/\">Rimozione della ruggine sui metalli<\/a>soprattutto sulle parti cromate, ampiamente utilizzate nelle biciclette.<\/li>\n<li>In edilizia viene utilizzato per\u00a0<a href=\"https:\/\/www.alquera.com\/it\/acido-oxalico\/pulir-suelos\/\">lucidatura dei pavimenti<\/a>marmo e altre superfici.<\/li>\n<li>Nella navigazione, per <a href=\"https:\/\/www.alquera.com\/it\/acido-oxalico\/limpieza-fibra-vidrio\/\">pulizia della vetroresina<\/a>.<\/li>\n<li>A\u00a0<a href=\"https:\/\/www.alquera.com\/it\/acido-oxalico\/apicultura\/\">apicoltura<\/a>\u00a0eradica l'acaro varroa che attacca le api.<\/li>\n<li>Sbiancamento e protezione di tessuti, legno e pelle.<\/li>\n<li>Fissazione dei coloranti nel tessuto di lana.<\/li>\n<li>Produzione di materie plastiche.<\/li>\n<li>In gravimetria, viene utilizzato per la precipitazione di argento, oro, rame, mercurio, ecc.<\/li>\n<li>Come detergente per bagni, cucine, piastrelle, pavimenti, ecc. in ambito domestico e industriale.<\/li>\n<li>In lavanderia viene utilizzato per smacchiare e sbiancare.<\/li>\n<\/ul>\n<h2>Propriet\u00e0 fisico-chimiche<\/h2>\n<table>\n<tbody>\n<tr>\n<th class=\"cabecera qu\u00edmica\" colspan=\"3\">\n<div class=\"noprint\"><\/div>\n<div class=\"noprint\"><\/div>\n<p>ACIDO OSSALICO O ACIDO ETANEDIOICO<\/th>\n<\/tr>\n<tr>\n<th colspan=\"3\">FORMULA CHIMICA<\/th>\n<\/tr>\n<tr>\n<th scope=\"row\">FORMULA SEMI-SVILUPPATA<\/th>\n<td colspan=\"2\">HOOC-COOH<\/td>\n<\/tr>\n<tr>\n<th scope=\"row\">FORMULA MOLECOLARE<\/th>\n<td colspan=\"2\">C<sub>2<\/sub>H<sub>2<\/sub>O<sub>4<\/sub><\/td>\n<\/tr>\n<tr>\n<th colspan=\"3\">IDENTIFICATORI<\/th>\n<\/tr>\n<tr>\n<th scope=\"row\">NUMERO CAS<\/th>\n<td colspan=\"2\">144-62-7<\/td>\n<\/tr>\n<tr>\n<th colspan=\"3\">PROPRIET\u00c0 FISICHE<\/th>\n<\/tr>\n<tr>\n<th scope=\"row\">ASPETTO<\/th>\n<td colspan=\"2\">Cristalli bianchi\/polvere<\/td>\n<\/tr>\n<tr>\n<th scope=\"row\">DENSIT\u00c0<\/th>\n<td colspan=\"2\">1900 kg\/m<sup>3<\/sup>1,9 g\/cm<sup>3<\/sup><\/td>\n<\/tr>\n<tr>\n<th scope=\"row\">MASSA MOLARE<\/th>\n<td colspan=\"2\">90,03 g\/mol<\/td>\n<\/tr>\n<tr>\n<th scope=\"row\">PUNTO DI FUSIONE<\/th>\n<td colspan=\"2\">374,65 K (102 \u00b0C)<\/td>\n<\/tr>\n<tr>\n<th scope=\"row\">PUNTO DI EBOLLIZIONE<\/th>\n<td colspan=\"2\">638,15 K (365 \u00b0C)<\/td>\n<\/tr>\n<tr>\n<th scope=\"row\">PUNTO DI DECOMPOSIZIONE<\/th>\n<td colspan=\"2\">462,65 K (190 \u00b0C)<\/td>\n<\/tr>\n<tr>\n<th colspan=\"3\">PROPRIET\u00c0 CHIMICHE<\/th>\n<\/tr>\n<tr>\n<th scope=\"row\">ACIDIT\u00c0<\/th>\n<td colspan=\"2\">1,19 pK<sub>a<\/sub><\/td>\n<\/tr>\n<tr>\n<th scope=\"row\">SOLUBILIT\u00c0 IN ACQUA<\/th>\n<td colspan=\"2\">9,5 g\/100 mL (15 \u00b0C)<\/td>\n<\/tr>\n<tr>\n<th colspan=\"3\"><\/th>\n<\/tr>\n<\/tbody>\n<\/table>\n<p>&nbsp;<\/p>\n<h2>Precauzioni per l'uso\u00a0<strong>di acido ossalico diidrato<\/strong><\/h2>\n<p>Sebbene il suo uso sia molto comune, bisogna tenere conto che stiamo parlando di un acido, e quindi bisogna prendere tutte le precauzioni necessarie nella sua manipolazione, indossando sempre i guanti ed evitando qualsiasi contatto con il materiale. Provoca forti irritazioni alla bocca, all'esofago, allo stomaco e provoca danni renali, ad alte dosi \u00e8 letale perch\u00e9 crea ostruzione renale e convulsioni, \u00e8 il principale componente dei calcoli renali. Viene facilmente assorbito attraverso le mucose e la pelle, causando disturbi della circolazione sanguigna e danni renali. \u00c8 un grave irritante per gli occhi e il contatto prolungato provoca danni irreversibili.<\/p>\n<h3 class=\"widget-title\">Acquista <\/h3><div><div class=\"woocommerce\"><ul class=\"products columns-4\">\n<li class=\"desktop-align-left tablet-align-left mobile-align-left ast-product-gallery-layout-horizontal-slider ast-magnify-disabled ast-product-single-variable ast-product-tabs-layout-horizontal ast-qv-on-image product type-product post-495 status-publish first instock product_cat-productos-experimentos product_cat-productos has-post-thumbnail taxable shipping-taxable purchasable product-type-variable has-default-attributes\">\n\t<a href=\"https:\/\/www.alquera.com\/it\/permanganato-de-potasio\/\" class=\"woocommerce-LoopProduct-link woocommerce-loop-product__link\"><img loading=\"lazy\" decoding=\"async\" width=\"300\" height=\"300\" src=\"https:\/\/www.alquera.com\/wp-content\/uploads\/2016\/01\/permanganato-200g-foto-nueva-300x300.png\" class=\"attachment-woocommerce_thumbnail size-woocommerce_thumbnail\" alt=\"permanganato 200g\" srcset=\"https:\/\/www.alquera.com\/wp-content\/uploads\/2016\/01\/permanganato-200g-foto-nueva-300x300.png 300w, https:\/\/www.alquera.com\/wp-content\/uploads\/2016\/01\/permanganato-200g-foto-nueva-150x150.png 150w, https:\/\/www.alquera.com\/wp-content\/uploads\/2016\/01\/permanganato-200g-foto-nueva-12x12.png 12w, https:\/\/www.alquera.com\/wp-content\/uploads\/2016\/01\/permanganato-200g-foto-nueva-100x100.png 100w\" sizes=\"auto, (max-width: 300px) 100vw, 300px\" \/><h2 class=\"woocommerce-loop-product__title\">Permanganato di Potassio<\/h2><div class=\"review-rating\"><div class=\"star-rating\"><span style=\"width:100%\" data-no-translation=\"\" data-trp-gettext=\"\">Valutato <strong class=\"rating\">5.00<\/strong> su 5<\/span><\/div><\/div>\n<\/a><a href=\"https:\/\/www.alquera.com\/it\/permanganato-de-potasio\/\" aria-describedby=\"woocommerce_loop_add_to_cart_link_describedby_495\" data-quantity=\"1\" class=\"button product_type_variable add_to_cart_button\" data-product_id=\"495\" data-product_sku=\"AL100111\" aria-label=\"Seleziona le opzioni per \u201cPermanganato de Potasio\u201d\" rel=\"nofollow\" data-no-translation=\"\" data-trp-gettext=\"\" data-no-translation-aria-label=\"\">Scegli<\/a>\t<span id=\"woocommerce_loop_add_to_cart_link_describedby_495\" class=\"screen-reader-text\">\n\t\tQuesto prodotto ha pi\u00f9 varianti. Le opzioni possono essere scelte nella pagina del prodotto\t<\/span>\n<\/li>\n<\/ul>\n<\/div><\/div>\n<p class=\"widget-title\">Per saperne di pi\u00f9<\/p><a href=\"https:\/\/www.alquera.com\/it\/acido-oxalico\/\">Acido ossalico<\/a>\n<!-- Page-list plugin v.5.9 wordpress.org\/plugins\/page-list\/ -->\n<ul class=\"page-list siblings-page-list\">\n<li class=\"page_item page-item-33282 menu-item\"><a href=\"https:\/\/www.alquera.com\/it\/acido-oxalico\/apicultura\/\" class=\"menu-link\">L'acido ossalico in apicoltura<\/a><\/li>\n<li class=\"page_item page-item-33336 menu-item\"><a href=\"https:\/\/www.alquera.com\/it\/acido-oxalico\/limpieza-fibra-vidrio\/\" class=\"menu-link\">Pulizia della vetroresina<\/a><\/li>\n<li class=\"page_item page-item-33280 menu-item\"><a href=\"https:\/\/www.alquera.com\/it\/acido-oxalico\/pulir-suelos\/\" class=\"menu-link\">Lucidatura dei pavimenti con acido ossalico<\/a><\/li>\n<li class=\"page_item page-item-33277 menu-item\"><a href=\"https:\/\/www.alquera.com\/it\/acido-oxalico\/quitar-oxido\/\" class=\"menu-link\">Rimozione della ruggine con acido ossalico<\/a><\/li>\n<li class=\"page_item page-item-33275 menu-item\"><a href=\"https:\/\/www.alquera.com\/it\/acido-oxalico\/usos\/\" class=\"menu-link\">Utilizza l'acido ossalico<\/a><\/li>\n\n<\/ul>","protected":false},"excerpt":{"rendered":"<p>El\u00a0acido ox\u00e1lico\u00a0es un acido carbox\u00edlico cuya f\u00f3rmula es H2C2O4\u00a0tambi\u00e9n se le puede describir como HOOCCOOH, es un \u00e1cido org\u00e1nico saturado, de cadena normal, considerado muy fuerte. Entre sus propiedades m\u00e1s importantes tenemos que es soluble en el alcohol y agua, cristaliza en el agua en forma dihidratada cuya f\u00f3rmula es C2H2O4.2H2O, su punto de fusi\u00f3n [&hellip;]<\/p>\n","protected":false},"author":1,"featured_media":0,"parent":33273,"menu_order":0,"comment_status":"closed","ping_status":"closed","template":"","meta":{"_acf_changed":false,"site-sidebar-layout":"default","site-content-layout":"","ast-site-content-layout":"default","site-content-style":"default","site-sidebar-style":"default","ast-global-header-display":"","ast-banner-title-visibility":"","ast-main-header-display":"","ast-hfb-above-header-display":"","ast-hfb-below-header-display":"","ast-hfb-mobile-header-display":"","site-post-title":"","ast-breadcrumbs-content":"","ast-featured-img":"","footer-sml-layout":"","ast-disable-related-posts":"","theme-transparent-header-meta":"","adv-header-id-meta":"","stick-header-meta":"","header-above-stick-meta":"","header-main-stick-meta":"","header-below-stick-meta":"","astra-migrate-meta-layouts":"default","ast-page-background-enabled":"default","ast-page-background-meta":{"desktop":{"background-color":"var(--ast-global-color-4)","background-image":"","background-repeat":"repeat","background-position":"center center","background-size":"auto","background-attachment":"scroll","background-type":"","background-media":"","overlay-type":"","overlay-color":"","overlay-opacity":"","overlay-gradient":""},"tablet":{"background-color":"","background-image":"","background-repeat":"repeat","background-position":"center center","background-size":"auto","background-attachment":"scroll","background-type":"","background-media":"","overlay-type":"","overlay-color":"","overlay-opacity":"","overlay-gradient":""},"mobile":{"background-color":"","background-image":"","background-repeat":"repeat","background-position":"center center","background-size":"auto","background-attachment":"scroll","background-type":"","background-media":"","overlay-type":"","overlay-color":"","overlay-opacity":"","overlay-gradient":""}},"ast-content-background-meta":{"desktop":{"background-color":"var(--ast-global-color-5)","background-image":"","background-repeat":"repeat","background-position":"center center","background-size":"auto","background-attachment":"scroll","background-type":"","background-media":"","overlay-type":"","overlay-color":"","overlay-opacity":"","overlay-gradient":""},"tablet":{"background-color":"var(--ast-global-color-5)","background-image":"","background-repeat":"repeat","background-position":"center center","background-size":"auto","background-attachment":"scroll","background-type":"","background-media":"","overlay-type":"","overlay-color":"","overlay-opacity":"","overlay-gradient":""},"mobile":{"background-color":"var(--ast-global-color-5)","background-image":"","background-repeat":"repeat","background-position":"center center","background-size":"auto","background-attachment":"scroll","background-type":"","background-media":"","overlay-type":"","overlay-color":"","overlay-opacity":"","overlay-gradient":""}},"footnotes":""},"class_list":["post-33275","page","type-page","status-publish","hentry"],"acf":[],"yoast_head":"<!-- This site is optimized with the Yoast SEO Premium plugin v27.1 (Yoast SEO v27.1.1) - https:\/\/yoast.com\/product\/yoast-seo-premium-wordpress\/ -->\n<title>Usos \u00c1cido Ox\u00e1lico - Alquera.com<\/title>\n<meta name=\"description\" content=\"Usos del \u00e1cido ox\u00e1lico, adem\u00e1s de los usos industriales tiene varias aplicaciones pr\u00e1cticas que te explicamos a continuaci\u00f3n.\" \/>\n<meta name=\"robots\" content=\"index, follow, max-snippet:-1, max-image-preview:large, max-video-preview:-1\" \/>\n<link rel=\"canonical\" href=\"https:\/\/www.alquera.com\/it\/acido-oxalico\/usos\/\" \/>\n<meta property=\"og:locale\" content=\"it_IT\" \/>\n<meta property=\"og:type\" content=\"article\" \/>\n<meta property=\"og:title\" content=\"Usos \u00c1cido Ox\u00e1lico\" \/>\n<meta property=\"og:description\" content=\"Usos del \u00e1cido ox\u00e1lico, adem\u00e1s de los usos industriales tiene varias aplicaciones pr\u00e1cticas que te explicamos a continuaci\u00f3n.\" \/>\n<meta property=\"og:url\" content=\"https:\/\/www.alquera.com\/it\/acido-oxalico\/usos\/\" \/>\n<meta property=\"og:site_name\" content=\"Alquera.com\" \/>\n<meta property=\"article:publisher\" content=\"https:\/\/www.facebook.com\/alqueraciencia\" \/>\n<meta property=\"article:modified_time\" content=\"2021-09-12T13:46:10+00:00\" \/>\n<meta property=\"og:image\" content=\"https:\/\/www.alquera.com\/wp-content\/uploads\/2021\/03\/ACIDO-OXALICO.png\" \/>\n<meta name=\"twitter:card\" content=\"summary_large_image\" \/>\n<meta name=\"twitter:label1\" content=\"Tempo di lettura stimato\" \/>\n\t<meta name=\"twitter:data1\" content=\"3 minuti\" \/>\n<script type=\"application\/ld+json\" class=\"yoast-schema-graph\">{\"@context\":\"https:\/\/schema.org\",\"@graph\":[{\"@type\":\"WebPage\",\"@id\":\"https:\/\/www.alquera.com\/acido-oxalico\/usos\/\",\"url\":\"https:\/\/www.alquera.com\/acido-oxalico\/usos\/\",\"name\":\"Usos \u00c1cido Ox\u00e1lico - Alquera.com\",\"isPartOf\":{\"@id\":\"https:\/\/www.alquera.com\/en\/#website\"},\"primaryImageOfPage\":{\"@id\":\"https:\/\/www.alquera.com\/acido-oxalico\/usos\/#primaryimage\"},\"image\":{\"@id\":\"https:\/\/www.alquera.com\/acido-oxalico\/usos\/#primaryimage\"},\"thumbnailUrl\":\"https:\/\/www.alquera.com\/wp-content\/uploads\/2021\/03\/ACIDO-OXALICO.png\",\"datePublished\":\"2021-03-16T12:51:23+00:00\",\"dateModified\":\"2021-09-12T13:46:10+00:00\",\"description\":\"Usos del \u00e1cido ox\u00e1lico, adem\u00e1s de los usos industriales tiene varias aplicaciones pr\u00e1cticas que te explicamos a continuaci\u00f3n.\",\"breadcrumb\":{\"@id\":\"https:\/\/www.alquera.com\/acido-oxalico\/usos\/#breadcrumb\"},\"inLanguage\":\"it-IT\",\"potentialAction\":[{\"@type\":\"ReadAction\",\"target\":[\"https:\/\/www.alquera.com\/acido-oxalico\/usos\/\"]}]},{\"@type\":\"ImageObject\",\"inLanguage\":\"it-IT\",\"@id\":\"https:\/\/www.alquera.com\/acido-oxalico\/usos\/#primaryimage\",\"url\":\"https:\/\/www.alquera.com\/wp-content\/uploads\/2021\/03\/ACIDO-OXALICO.png\",\"contentUrl\":\"https:\/\/www.alquera.com\/wp-content\/uploads\/2021\/03\/ACIDO-OXALICO.png\"},{\"@type\":\"BreadcrumbList\",\"@id\":\"https:\/\/www.alquera.com\/acido-oxalico\/usos\/#breadcrumb\",\"itemListElement\":[{\"@type\":\"ListItem\",\"position\":1,\"name\":\"Inicio\",\"item\":\"https:\/\/www.alquera.com\/\"},{\"@type\":\"ListItem\",\"position\":2,\"name\":\"Acido Ox\u00e1lico\",\"item\":\"https:\/\/www.alquera.com\/acido-oxalico\/\"},{\"@type\":\"ListItem\",\"position\":3,\"name\":\"Usos \u00c1cido Ox\u00e1lico\"}]},{\"@type\":\"WebSite\",\"@id\":\"https:\/\/www.alquera.com\/en\/#website\",\"url\":\"https:\/\/www.alquera.com\/en\/\",\"name\":\"Alquera.com\",\"description\":\"Tienda Online Productos Qu\u00edmicos y Material de Laboratorio\",\"publisher\":{\"@id\":\"https:\/\/www.alquera.com\/en\/#organization\"},\"potentialAction\":[{\"@type\":\"SearchAction\",\"target\":{\"@type\":\"EntryPoint\",\"urlTemplate\":\"https:\/\/www.alquera.com\/en\/?s={search_term_string}\"},\"query-input\":{\"@type\":\"PropertyValueSpecification\",\"valueRequired\":true,\"valueName\":\"search_term_string\"}}],\"inLanguage\":\"it-IT\"},{\"@type\":\"Organization\",\"@id\":\"https:\/\/www.alquera.com\/en\/#organization\",\"name\":\"ALQUERA CIENCIA SL\",\"url\":\"https:\/\/www.alquera.com\/en\/\",\"logo\":{\"@type\":\"ImageObject\",\"inLanguage\":\"it-IT\",\"@id\":\"https:\/\/www.alquera.com\/en\/#\/schema\/logo\/image\/\",\"url\":\"https:\/\/www.alquera.com\/wp-content\/uploads\/2020\/11\/logo_300_ancho.png\",\"contentUrl\":\"https:\/\/www.alquera.com\/wp-content\/uploads\/2020\/11\/logo_300_ancho.png\",\"width\":300,\"height\":86,\"caption\":\"ALQUERA CIENCIA SL\"},\"image\":{\"@id\":\"https:\/\/www.alquera.com\/en\/#\/schema\/logo\/image\/\"},\"sameAs\":[\"https:\/\/www.facebook.com\/alqueraciencia\",\"https:\/\/www.instagram.com\/alquera_ciencia\/\",\"https:\/\/www.youtube.com\/c\/alquera\"]}]}<\/script>\n<!-- \/ Yoast SEO Premium plugin. -->","yoast_head_json":{"title":"Usi dell'acido ossalico - Alquera.com","description":"Oltre ai suoi usi industriali, l'acido ossalico ha diverse applicazioni pratiche, che vengono illustrate di seguito.","robots":{"index":"index","follow":"follow","max-snippet":"max-snippet:-1","max-image-preview":"max-image-preview:large","max-video-preview":"max-video-preview:-1"},"canonical":"https:\/\/www.alquera.com\/it\/acido-oxalico\/usos\/","og_locale":"it_IT","og_type":"article","og_title":"Usos \u00c1cido Ox\u00e1lico","og_description":"Usos del \u00e1cido ox\u00e1lico, adem\u00e1s de los usos industriales tiene varias aplicaciones pr\u00e1cticas que te explicamos a continuaci\u00f3n.","og_url":"https:\/\/www.alquera.com\/it\/acido-oxalico\/usos\/","og_site_name":"Alquera.com","article_publisher":"https:\/\/www.facebook.com\/alqueraciencia","article_modified_time":"2021-09-12T13:46:10+00:00","og_image":[{"url":"https:\/\/www.alquera.com\/wp-content\/uploads\/2021\/03\/ACIDO-OXALICO.png","type":"","width":"","height":""}],"twitter_card":"summary_large_image","twitter_misc":{"Tempo di lettura stimato":"3 minuti"},"schema":{"@context":"https:\/\/schema.org","@graph":[{"@type":"WebPage","@id":"https:\/\/www.alquera.com\/acido-oxalico\/usos\/","url":"https:\/\/www.alquera.com\/acido-oxalico\/usos\/","name":"Usi dell'acido ossalico - Alquera.com","isPartOf":{"@id":"https:\/\/www.alquera.com\/en\/#website"},"primaryImageOfPage":{"@id":"https:\/\/www.alquera.com\/acido-oxalico\/usos\/#primaryimage"},"image":{"@id":"https:\/\/www.alquera.com\/acido-oxalico\/usos\/#primaryimage"},"thumbnailUrl":"https:\/\/www.alquera.com\/wp-content\/uploads\/2021\/03\/ACIDO-OXALICO.png","datePublished":"2021-03-16T12:51:23+00:00","dateModified":"2021-09-12T13:46:10+00:00","description":"Oltre ai suoi usi industriali, l'acido ossalico ha diverse applicazioni pratiche, che vengono illustrate di seguito.","breadcrumb":{"@id":"https:\/\/www.alquera.com\/acido-oxalico\/usos\/#breadcrumb"},"inLanguage":"it-IT","potentialAction":[{"@type":"ReadAction","target":["https:\/\/www.alquera.com\/acido-oxalico\/usos\/"]}]},{"@type":"ImageObject","inLanguage":"it-IT","@id":"https:\/\/www.alquera.com\/acido-oxalico\/usos\/#primaryimage","url":"https:\/\/www.alquera.com\/wp-content\/uploads\/2021\/03\/ACIDO-OXALICO.png","contentUrl":"https:\/\/www.alquera.com\/wp-content\/uploads\/2021\/03\/ACIDO-OXALICO.png"},{"@type":"BreadcrumbList","@id":"https:\/\/www.alquera.com\/acido-oxalico\/usos\/#breadcrumb","itemListElement":[{"@type":"ListItem","position":1,"name":"Inicio","item":"https:\/\/www.alquera.com\/"},{"@type":"ListItem","position":2,"name":"Acido Ox\u00e1lico","item":"https:\/\/www.alquera.com\/acido-oxalico\/"},{"@type":"ListItem","position":3,"name":"Usos \u00c1cido Ox\u00e1lico"}]},{"@type":"WebSite","@id":"https:\/\/www.alquera.com\/en\/#website","url":"https:\/\/www.alquera.com\/en\/","name":"Alquera.com","description":"Negozio online di prodotti chimici e forniture di laboratorio","publisher":{"@id":"https:\/\/www.alquera.com\/en\/#organization"},"potentialAction":[{"@type":"SearchAction","target":{"@type":"EntryPoint","urlTemplate":"https:\/\/www.alquera.com\/en\/?s={search_term_string}"},"query-input":{"@type":"PropertyValueSpecification","valueRequired":true,"valueName":"search_term_string"}}],"inLanguage":"it-IT"},{"@type":"Organization","@id":"https:\/\/www.alquera.com\/en\/#organization","name":"ALQUERA CIENCIA SL","url":"https:\/\/www.alquera.com\/en\/","logo":{"@type":"ImageObject","inLanguage":"it-IT","@id":"https:\/\/www.alquera.com\/en\/#\/schema\/logo\/image\/","url":"https:\/\/www.alquera.com\/wp-content\/uploads\/2020\/11\/logo_300_ancho.png","contentUrl":"https:\/\/www.alquera.com\/wp-content\/uploads\/2020\/11\/logo_300_ancho.png","width":300,"height":86,"caption":"ALQUERA CIENCIA SL"},"image":{"@id":"https:\/\/www.alquera.com\/en\/#\/schema\/logo\/image\/"},"sameAs":["https:\/\/www.facebook.com\/alqueraciencia","https:\/\/www.instagram.com\/alquera_ciencia\/","https:\/\/www.youtube.com\/c\/alquera"]}]}},"_links":{"self":[{"href":"https:\/\/www.alquera.com\/it\/wp-json\/wp\/v2\/pages\/33275","targetHints":{"allow":["GET"]}}],"collection":[{"href":"https:\/\/www.alquera.com\/it\/wp-json\/wp\/v2\/pages"}],"about":[{"href":"https:\/\/www.alquera.com\/it\/wp-json\/wp\/v2\/types\/page"}],"author":[{"embeddable":true,"href":"https:\/\/www.alquera.com\/it\/wp-json\/wp\/v2\/users\/1"}],"replies":[{"embeddable":true,"href":"https:\/\/www.alquera.com\/it\/wp-json\/wp\/v2\/comments?post=33275"}],"version-history":[{"count":8,"href":"https:\/\/www.alquera.com\/it\/wp-json\/wp\/v2\/pages\/33275\/revisions"}],"predecessor-version":[{"id":33341,"href":"https:\/\/www.alquera.com\/it\/wp-json\/wp\/v2\/pages\/33275\/revisions\/33341"}],"up":[{"embeddable":true,"href":"https:\/\/www.alquera.com\/it\/wp-json\/wp\/v2\/pages\/33273"}],"wp:attachment":[{"href":"https:\/\/www.alquera.com\/it\/wp-json\/wp\/v2\/media?parent=33275"}],"curies":[{"name":"wp","href":"https:\/\/api.w.org\/{rel}","templated":true}]}}