{"id":33277,"date":"2021-03-16T12:49:52","date_gmt":"2021-03-16T12:49:52","guid":{"rendered":"https:\/\/www.alquera.com\/?page_id=33277"},"modified":"2021-09-12T13:44:52","modified_gmt":"2021-09-12T13:44:52","slug":"quitar-oxido","status":"publish","type":"page","link":"https:\/\/www.alquera.com\/it\/acido-oxalico\/quitar-oxido\/","title":{"rendered":"Rimozione della ruggine con acido ossalico"},"content":{"rendered":"<p>Una delle applicazioni del\u00a0<a href=\"https:\/\/www.alquera.com\/it\/acido-oxalico\/\">acido ossalico<\/a>\u00a0\u00e8 quello di rimuovere la ruggine dalle parti metalliche. \u00c8 particolarmente indicato per le parti in acciaio cromate, come quelle delle biciclette. Il motivo per cui si usa sulle parti cromate \u00e8 che l'acido ossalico non consuma il cromo come avviene con altri prodotti per la pulizia dei metalli, che contengono acidi pi\u00f9 forti come l'acido cloridrico.<\/p>\n<div id=\"attachment_87\" class=\"wp-caption aligncenter\">\n<p><a href=\"https:\/\/www.alquera.com\/it\/acido-oxalico\/quitar-oxido\/piezas-oxidadas\/\" rel=\"attachment wp-att-33315\"><img loading=\"lazy\" decoding=\"async\" class=\"aligncenter wp-image-33315 size-full\" src=\"https:\/\/www.alquera.com\/wp-content\/uploads\/2021\/03\/piezas-oxidadas.png\" alt=\"quitar \u00f3xido \u00e1cido ox\u00e1lico\" width=\"600\" height=\"300\" srcset=\"https:\/\/www.alquera.com\/wp-content\/uploads\/2021\/03\/piezas-oxidadas.png 600w, https:\/\/www.alquera.com\/wp-content\/uploads\/2021\/03\/piezas-oxidadas-300x150.png 300w\" sizes=\"auto, (max-width: 600px) 100vw, 600px\" \/><\/a><\/p>\n<\/div>\n<h2><span id=\"Que_es_una_pieza_cromada\">Che cos'\u00e8 una parte cromata?<\/span><\/h2>\n<p>Vediamo come rimuovere la ruggine con l'acido ossalico. Come abbiamo gi\u00e0 detto, questo metodo \u00e8 ottimo per tutte le parti metalliche, e particolarmente utile nel caso di parti cromate, poich\u00e9 l'acido ossalico rispetter\u00e0 lo strato di cromo, senza consumarlo.<\/p>\n<p>Una parte metallica cromata \u00e8 un pezzo di acciaio sottoposto a un trattamento di cromatura per conferirgli un aspetto pi\u00f9 brillante. Ha un effetto estetico sulle parti. Si pu\u00f2 vedere su posate e ferramenta. In questa immagine si possono vedere esempi di parti cromate.<\/p>\n<div id=\"attachment_88\" class=\"wp-caption aligncenter\"><\/div>\n<p><a href=\"https:\/\/www.alquera.com\/it\/acido-oxalico\/quitar-oxido\/piezas-cromadas\/\" rel=\"attachment wp-att-33316\"><img loading=\"lazy\" decoding=\"async\" class=\"size-full wp-image-33316 aligncenter\" src=\"https:\/\/www.alquera.com\/wp-content\/uploads\/2021\/03\/piezas-cromadas.png\" alt=\"quitar \u00f3xido en piezas cromadas\" width=\"600\" height=\"300\" srcset=\"https:\/\/www.alquera.com\/wp-content\/uploads\/2021\/03\/piezas-cromadas.png 600w, https:\/\/www.alquera.com\/wp-content\/uploads\/2021\/03\/piezas-cromadas-300x150.png 300w\" sizes=\"auto, (max-width: 600px) 100vw, 600px\" \/><\/a><\/p>\n<h2><span id=\"Como_quitar_el_oxido_con_acido_oxalico\">Come rimuovere la ruggine con l'acido ossalico<\/span><\/h2>\n<ol>\n<li>Pulire le parti da arrugginire con acqua e sapone per rimuovere polvere e altre particelle.<\/li>\n<li>Prendere l'acido ossalico (in polvere) e diluirlo per qualche minuto. <strong>100 grammi per litro d'acqua<\/strong> in una bacinella o in un secchio<\/li>\n<li>Introdurre le parti ossidate. A seconda del grado di ossidazione, sar\u00e0 necessario lasciarle pi\u00f9 o meno a lungo. In media 2-3 ore dovrebbero essere sufficienti.<\/li>\n<li>Rimuovere le parti e sciacquarle accuratamente con acqua per rimuovere la ruggine.<\/li>\n<li>Asciugare accuratamente le parti. L'asciugatura \u00e8 importante per evitare che si arrugginiscano di nuovo.<\/li>\n<li>Per farli durare pi\u00f9 a lungo, si pu\u00f2 applicare uno strato di grasso o di lubrificante. In questo modo i componenti si manterranno in buone condizioni per un periodo di tempo pi\u00f9 lungo.<\/li>\n<\/ol>\n<p>Questo prodotto \u00e8 particolarmente utilizzato per i componenti delle biciclette. Analizziamo questo caso particolare di parti di bicicletta.<\/p>\n<h2><strong>Come rimuovere la ruggine dalle biciclette<\/strong><\/h2>\n<p><strong>Materiali:<\/strong>\u00a0Sono necessari da 200 a 300 grammi di\u00a0<a href=\"https:\/\/www.alquera.com\/it\/acido-oxalico\/\">acido ossalico<\/a>Carta vetrata 400 a grana fine, lana d'acciaio 00, attrezzi per lo smontaggio della moto, detergente sgrassante, spazzola, ecc.<\/p>\n<ol>\n<li><strong>Smontare la bicicletta :<\/strong> \u00c8 possibile eseguire il lavoro senza smontare, ma non si otterr\u00e0 un buon risultato, quindi \u00e8 meglio smontare l'intera moto. Una volta smontata completamente la bicicletta, separare le parti arrugginite. Le parti arrugginite saranno in acciaio o in ferro, mentre quelle in alluminio non arrugginiscono. \u00c8 importante non mettere le parti in alluminio a contatto con l'acido a causa della reazione che potrebbero provocare. Successivamente, rimuovere tutto il grasso e l'olio dalle parti arrugginite in ferro o acciaio che sono state separate.<\/li>\n<li><b>Preparazione della soluzione di acido ossalico:<\/b>\u00a0Indossare guanti e occhiali di protezione per evitare il contatto diretto con l'acido.<strong>. In un cubo<\/strong> preparare due cucchiai (circa 100 grammi) di acido ossalico per litro d'acqua.<\/li>\n<li><strong>Introdurre le parti arrugginite nella soluzione:<\/strong> Mettere le parti arrugginite e pulite della bicicletta nella soluzione. Le parti devono essere posizionate in modo da essere completamente sommerse.  Lasciatele nel secchio per 24-48 ore.  L'acido ossalico agisce sciogliendo lo strato di sporco al contatto, non \u00e8 necessario strofinare le parti.<\/li>\n<li>Dopo un ammollo di 24-48 ore, rimuovere i pezzi. I pezzi saranno ricoperti da uno strato bianco che dovr\u00e0 essere rimosso direttamente con acqua e sapone.<\/li>\n<\/ol>\n<p><strong>Recensione:<\/strong>\u00a0Controllare ogni pezzo e cercare di correggere eventuali piccoli difetti come i graffi.  Rimuoverli con carta vetrata a grana fine.<\/p>\n<p><strong>In bicicletta:<\/strong>\u00a0Una volta che tutte le parti sono pulite e asciutte, \u00e8 il momento di rimontarle con la massima cura. La vostra bicicletta sar\u00e0 come nuova.<\/p>\n<h3 class=\"widget-title\">Acquista <\/h3><div><div class=\"woocommerce\"><ul class=\"products columns-4\">\n<li class=\"desktop-align-left tablet-align-left mobile-align-left ast-product-gallery-layout-horizontal-slider ast-magnify-disabled ast-product-single-variable ast-product-tabs-layout-horizontal ast-qv-on-image product type-product post-495 status-publish first instock product_cat-productos-experimentos product_cat-productos has-post-thumbnail taxable shipping-taxable purchasable product-type-variable has-default-attributes\">\n\t<a href=\"https:\/\/www.alquera.com\/it\/permanganato-de-potasio\/\" class=\"woocommerce-LoopProduct-link woocommerce-loop-product__link\"><img loading=\"lazy\" decoding=\"async\" width=\"300\" height=\"300\" src=\"https:\/\/www.alquera.com\/wp-content\/uploads\/2016\/01\/permanganato-200g-foto-nueva-300x300.png\" class=\"attachment-woocommerce_thumbnail size-woocommerce_thumbnail\" alt=\"permanganato 200g\" srcset=\"https:\/\/www.alquera.com\/wp-content\/uploads\/2016\/01\/permanganato-200g-foto-nueva-300x300.png 300w, https:\/\/www.alquera.com\/wp-content\/uploads\/2016\/01\/permanganato-200g-foto-nueva-150x150.png 150w, https:\/\/www.alquera.com\/wp-content\/uploads\/2016\/01\/permanganato-200g-foto-nueva-12x12.png 12w, https:\/\/www.alquera.com\/wp-content\/uploads\/2016\/01\/permanganato-200g-foto-nueva-100x100.png 100w\" sizes=\"auto, (max-width: 300px) 100vw, 300px\" \/><h2 class=\"woocommerce-loop-product__title\">Permanganato di Potassio<\/h2><div class=\"review-rating\"><div class=\"star-rating\"><span style=\"width:100%\" data-no-translation=\"\" data-trp-gettext=\"\">Valutato <strong class=\"rating\">5.00<\/strong> su 5<\/span><\/div><\/div>\n<\/a><a href=\"https:\/\/www.alquera.com\/it\/permanganato-de-potasio\/\" aria-describedby=\"woocommerce_loop_add_to_cart_link_describedby_495\" data-quantity=\"1\" class=\"button product_type_variable add_to_cart_button\" data-product_id=\"495\" data-product_sku=\"AL100111\" aria-label=\"Seleziona le opzioni per \u201cPermanganato de Potasio\u201d\" rel=\"nofollow\" data-no-translation=\"\" data-trp-gettext=\"\" data-no-translation-aria-label=\"\">Scegli<\/a>\t<span id=\"woocommerce_loop_add_to_cart_link_describedby_495\" class=\"screen-reader-text\">\n\t\tQuesto prodotto ha pi\u00f9 varianti. Le opzioni possono essere scelte nella pagina del prodotto\t<\/span>\n<\/li>\n<\/ul>\n<\/div><\/div>\n<p class=\"widget-title\">Per saperne di pi\u00f9<\/p><a href=\"https:\/\/www.alquera.com\/it\/acido-oxalico\/\">Acido ossalico<\/a>\n<!-- Page-list plugin v.5.9 wordpress.org\/plugins\/page-list\/ -->\n<ul class=\"page-list siblings-page-list\">\n<li class=\"page_item page-item-33282 menu-item\"><a href=\"https:\/\/www.alquera.com\/it\/acido-oxalico\/apicultura\/\" class=\"menu-link\">L'acido ossalico in apicoltura<\/a><\/li>\n<li class=\"page_item page-item-33336 menu-item\"><a href=\"https:\/\/www.alquera.com\/it\/acido-oxalico\/limpieza-fibra-vidrio\/\" class=\"menu-link\">Pulizia della vetroresina<\/a><\/li>\n<li class=\"page_item page-item-33280 menu-item\"><a href=\"https:\/\/www.alquera.com\/it\/acido-oxalico\/pulir-suelos\/\" class=\"menu-link\">Lucidatura dei pavimenti con acido ossalico<\/a><\/li>\n<li class=\"page_item page-item-33277 menu-item\"><a href=\"https:\/\/www.alquera.com\/it\/acido-oxalico\/quitar-oxido\/\" class=\"menu-link\">Rimozione della ruggine con acido ossalico<\/a><\/li>\n<li class=\"page_item page-item-33275 menu-item\"><a href=\"https:\/\/www.alquera.com\/it\/acido-oxalico\/usos\/\" class=\"menu-link\">Utilizza l'acido ossalico<\/a><\/li>\n\n<\/ul>\n<div><\/div>","protected":false},"excerpt":{"rendered":"<p>Una de las aplicaciones del\u00a0\u00e1cido ox\u00e1lico\u00a0es la de quitar \u00f3xido en piezas met\u00e1licas. Est\u00e1 especialmente indicado para piezas de acero que han sido cromadas, como ser\u00edan las piezas de la bicicleta. El motivo de utilizarlo en piezas cromadas es porque el \u00e1cido ox\u00e1lico no se va a comer el cromo como si ocurre con otros [&hellip;]<\/p>\n","protected":false},"author":1,"featured_media":0,"parent":33273,"menu_order":0,"comment_status":"closed","ping_status":"closed","template":"","meta":{"_acf_changed":false,"site-sidebar-layout":"default","site-content-layout":"","ast-site-content-layout":"default","site-content-style":"default","site-sidebar-style":"default","ast-global-header-display":"","ast-banner-title-visibility":"","ast-main-header-display":"","ast-hfb-above-header-display":"","ast-hfb-below-header-display":"","ast-hfb-mobile-header-display":"","site-post-title":"","ast-breadcrumbs-content":"","ast-featured-img":"","footer-sml-layout":"","ast-disable-related-posts":"","theme-transparent-header-meta":"","adv-header-id-meta":"","stick-header-meta":"","header-above-stick-meta":"","header-main-stick-meta":"","header-below-stick-meta":"","astra-migrate-meta-layouts":"default","ast-page-background-enabled":"default","ast-page-background-meta":{"desktop":{"background-color":"var(--ast-global-color-4)","background-image":"","background-repeat":"repeat","background-position":"center center","background-size":"auto","background-attachment":"scroll","background-type":"","background-media":"","overlay-type":"","overlay-color":"","overlay-opacity":"","overlay-gradient":""},"tablet":{"background-color":"","background-image":"","background-repeat":"repeat","background-position":"center center","background-size":"auto","background-attachment":"scroll","background-type":"","background-media":"","overlay-type":"","overlay-color":"","overlay-opacity":"","overlay-gradient":""},"mobile":{"background-color":"","background-image":"","background-repeat":"repeat","background-position":"center center","background-size":"auto","background-attachment":"scroll","background-type":"","background-media":"","overlay-type":"","overlay-color":"","overlay-opacity":"","overlay-gradient":""}},"ast-content-background-meta":{"desktop":{"background-color":"var(--ast-global-color-5)","background-image":"","background-repeat":"repeat","background-position":"center center","background-size":"auto","background-attachment":"scroll","background-type":"","background-media":"","overlay-type":"","overlay-color":"","overlay-opacity":"","overlay-gradient":""},"tablet":{"background-color":"var(--ast-global-color-5)","background-image":"","background-repeat":"repeat","background-position":"center center","background-size":"auto","background-attachment":"scroll","background-type":"","background-media":"","overlay-type":"","overlay-color":"","overlay-opacity":"","overlay-gradient":""},"mobile":{"background-color":"var(--ast-global-color-5)","background-image":"","background-repeat":"repeat","background-position":"center center","background-size":"auto","background-attachment":"scroll","background-type":"","background-media":"","overlay-type":"","overlay-color":"","overlay-opacity":"","overlay-gradient":""}},"footnotes":""},"class_list":["post-33277","page","type-page","status-publish","hentry"],"acf":[],"yoast_head":"<!-- This site is optimized with the Yoast SEO Premium plugin v27.1 (Yoast SEO v27.1.1) - https:\/\/yoast.com\/product\/yoast-seo-premium-wordpress\/ -->\n<title>Quitar \u00d3xido con \u00c1cido Ox\u00e1lico - Alquera.com<\/title>\n<meta name=\"description\" content=\"Vamos a ver como quitar el \u00f3xido especialmente en piezas cromadas utilizando \u00e1cido ox\u00e1lico. Deja tus piezas como nuevas!\" \/>\n<meta name=\"robots\" content=\"index, follow, max-snippet:-1, max-image-preview:large, max-video-preview:-1\" \/>\n<link rel=\"canonical\" href=\"https:\/\/www.alquera.com\/it\/acido-oxalico\/quitar-oxido\/\" \/>\n<meta property=\"og:locale\" content=\"it_IT\" \/>\n<meta property=\"og:type\" content=\"article\" \/>\n<meta property=\"og:title\" content=\"Quitar \u00d3xido con \u00c1cido Ox\u00e1lico\" \/>\n<meta property=\"og:description\" content=\"Vamos a ver como quitar el \u00f3xido especialmente en piezas cromadas utilizando \u00e1cido ox\u00e1lico. Deja tus piezas como nuevas!\" \/>\n<meta property=\"og:url\" content=\"https:\/\/www.alquera.com\/it\/acido-oxalico\/quitar-oxido\/\" \/>\n<meta property=\"og:site_name\" content=\"Alquera.com\" \/>\n<meta property=\"article:publisher\" content=\"https:\/\/www.facebook.com\/alqueraciencia\" \/>\n<meta property=\"article:modified_time\" content=\"2021-09-12T13:44:52+00:00\" \/>\n<meta property=\"og:image\" content=\"https:\/\/www.alquera.com\/wp-content\/uploads\/2021\/03\/piezas-oxidadas.png\" \/>\n<meta name=\"twitter:card\" content=\"summary_large_image\" \/>\n<meta name=\"twitter:label1\" content=\"Tempo di lettura stimato\" \/>\n\t<meta name=\"twitter:data1\" content=\"3 minuti\" \/>\n<script type=\"application\/ld+json\" class=\"yoast-schema-graph\">{\"@context\":\"https:\/\/schema.org\",\"@graph\":[{\"@type\":\"WebPage\",\"@id\":\"https:\/\/www.alquera.com\/acido-oxalico\/quitar-oxido\/\",\"url\":\"https:\/\/www.alquera.com\/acido-oxalico\/quitar-oxido\/\",\"name\":\"Quitar \u00d3xido con \u00c1cido Ox\u00e1lico - Alquera.com\",\"isPartOf\":{\"@id\":\"https:\/\/www.alquera.com\/en\/#website\"},\"primaryImageOfPage\":{\"@id\":\"https:\/\/www.alquera.com\/acido-oxalico\/quitar-oxido\/#primaryimage\"},\"image\":{\"@id\":\"https:\/\/www.alquera.com\/acido-oxalico\/quitar-oxido\/#primaryimage\"},\"thumbnailUrl\":\"https:\/\/www.alquera.com\/wp-content\/uploads\/2021\/03\/piezas-oxidadas.png\",\"datePublished\":\"2021-03-16T12:49:52+00:00\",\"dateModified\":\"2021-09-12T13:44:52+00:00\",\"description\":\"Vamos a ver como quitar el \u00f3xido especialmente en piezas cromadas utilizando \u00e1cido ox\u00e1lico. Deja tus piezas como nuevas!\",\"breadcrumb\":{\"@id\":\"https:\/\/www.alquera.com\/acido-oxalico\/quitar-oxido\/#breadcrumb\"},\"inLanguage\":\"it-IT\",\"potentialAction\":[{\"@type\":\"ReadAction\",\"target\":[\"https:\/\/www.alquera.com\/acido-oxalico\/quitar-oxido\/\"]}]},{\"@type\":\"ImageObject\",\"inLanguage\":\"it-IT\",\"@id\":\"https:\/\/www.alquera.com\/acido-oxalico\/quitar-oxido\/#primaryimage\",\"url\":\"https:\/\/www.alquera.com\/wp-content\/uploads\/2021\/03\/piezas-oxidadas.png\",\"contentUrl\":\"https:\/\/www.alquera.com\/wp-content\/uploads\/2021\/03\/piezas-oxidadas.png\"},{\"@type\":\"BreadcrumbList\",\"@id\":\"https:\/\/www.alquera.com\/acido-oxalico\/quitar-oxido\/#breadcrumb\",\"itemListElement\":[{\"@type\":\"ListItem\",\"position\":1,\"name\":\"Inicio\",\"item\":\"https:\/\/www.alquera.com\/\"},{\"@type\":\"ListItem\",\"position\":2,\"name\":\"Acido Ox\u00e1lico\",\"item\":\"https:\/\/www.alquera.com\/acido-oxalico\/\"},{\"@type\":\"ListItem\",\"position\":3,\"name\":\"Quitar \u00d3xido con \u00c1cido Ox\u00e1lico\"}]},{\"@type\":\"WebSite\",\"@id\":\"https:\/\/www.alquera.com\/en\/#website\",\"url\":\"https:\/\/www.alquera.com\/en\/\",\"name\":\"Alquera.com\",\"description\":\"Tienda Online Productos Qu\u00edmicos y Material de Laboratorio\",\"publisher\":{\"@id\":\"https:\/\/www.alquera.com\/en\/#organization\"},\"potentialAction\":[{\"@type\":\"SearchAction\",\"target\":{\"@type\":\"EntryPoint\",\"urlTemplate\":\"https:\/\/www.alquera.com\/en\/?s={search_term_string}\"},\"query-input\":{\"@type\":\"PropertyValueSpecification\",\"valueRequired\":true,\"valueName\":\"search_term_string\"}}],\"inLanguage\":\"it-IT\"},{\"@type\":\"Organization\",\"@id\":\"https:\/\/www.alquera.com\/en\/#organization\",\"name\":\"ALQUERA CIENCIA SL\",\"url\":\"https:\/\/www.alquera.com\/en\/\",\"logo\":{\"@type\":\"ImageObject\",\"inLanguage\":\"it-IT\",\"@id\":\"https:\/\/www.alquera.com\/en\/#\/schema\/logo\/image\/\",\"url\":\"https:\/\/www.alquera.com\/wp-content\/uploads\/2020\/11\/logo_300_ancho.png\",\"contentUrl\":\"https:\/\/www.alquera.com\/wp-content\/uploads\/2020\/11\/logo_300_ancho.png\",\"width\":300,\"height\":86,\"caption\":\"ALQUERA CIENCIA SL\"},\"image\":{\"@id\":\"https:\/\/www.alquera.com\/en\/#\/schema\/logo\/image\/\"},\"sameAs\":[\"https:\/\/www.facebook.com\/alqueraciencia\",\"https:\/\/www.instagram.com\/alquera_ciencia\/\",\"https:\/\/www.youtube.com\/c\/alquera\"]}]}<\/script>\n<!-- \/ Yoast SEO Premium plugin. -->","yoast_head_json":{"title":"Rimozione della ruggine con l'acido ossalico - Alquera.com","description":"Vediamo come rimuovere la ruggine, soprattutto sulle parti cromate, utilizzando l'acido ossalico. Lasciate i vostri pezzi come nuovi!","robots":{"index":"index","follow":"follow","max-snippet":"max-snippet:-1","max-image-preview":"max-image-preview:large","max-video-preview":"max-video-preview:-1"},"canonical":"https:\/\/www.alquera.com\/it\/acido-oxalico\/quitar-oxido\/","og_locale":"it_IT","og_type":"article","og_title":"Quitar \u00d3xido con \u00c1cido Ox\u00e1lico","og_description":"Vamos a ver como quitar el \u00f3xido especialmente en piezas cromadas utilizando \u00e1cido ox\u00e1lico. Deja tus piezas como nuevas!","og_url":"https:\/\/www.alquera.com\/it\/acido-oxalico\/quitar-oxido\/","og_site_name":"Alquera.com","article_publisher":"https:\/\/www.facebook.com\/alqueraciencia","article_modified_time":"2021-09-12T13:44:52+00:00","og_image":[{"url":"https:\/\/www.alquera.com\/wp-content\/uploads\/2021\/03\/piezas-oxidadas.png","type":"","width":"","height":""}],"twitter_card":"summary_large_image","twitter_misc":{"Tempo di lettura stimato":"3 minuti"},"schema":{"@context":"https:\/\/schema.org","@graph":[{"@type":"WebPage","@id":"https:\/\/www.alquera.com\/acido-oxalico\/quitar-oxido\/","url":"https:\/\/www.alquera.com\/acido-oxalico\/quitar-oxido\/","name":"Rimozione della ruggine con l'acido ossalico - Alquera.com","isPartOf":{"@id":"https:\/\/www.alquera.com\/en\/#website"},"primaryImageOfPage":{"@id":"https:\/\/www.alquera.com\/acido-oxalico\/quitar-oxido\/#primaryimage"},"image":{"@id":"https:\/\/www.alquera.com\/acido-oxalico\/quitar-oxido\/#primaryimage"},"thumbnailUrl":"https:\/\/www.alquera.com\/wp-content\/uploads\/2021\/03\/piezas-oxidadas.png","datePublished":"2021-03-16T12:49:52+00:00","dateModified":"2021-09-12T13:44:52+00:00","description":"Vediamo come rimuovere la ruggine, soprattutto sulle parti cromate, utilizzando l'acido ossalico. Lasciate i vostri pezzi come nuovi!","breadcrumb":{"@id":"https:\/\/www.alquera.com\/acido-oxalico\/quitar-oxido\/#breadcrumb"},"inLanguage":"it-IT","potentialAction":[{"@type":"ReadAction","target":["https:\/\/www.alquera.com\/acido-oxalico\/quitar-oxido\/"]}]},{"@type":"ImageObject","inLanguage":"it-IT","@id":"https:\/\/www.alquera.com\/acido-oxalico\/quitar-oxido\/#primaryimage","url":"https:\/\/www.alquera.com\/wp-content\/uploads\/2021\/03\/piezas-oxidadas.png","contentUrl":"https:\/\/www.alquera.com\/wp-content\/uploads\/2021\/03\/piezas-oxidadas.png"},{"@type":"BreadcrumbList","@id":"https:\/\/www.alquera.com\/acido-oxalico\/quitar-oxido\/#breadcrumb","itemListElement":[{"@type":"ListItem","position":1,"name":"Inicio","item":"https:\/\/www.alquera.com\/"},{"@type":"ListItem","position":2,"name":"Acido Ox\u00e1lico","item":"https:\/\/www.alquera.com\/acido-oxalico\/"},{"@type":"ListItem","position":3,"name":"Quitar \u00d3xido con \u00c1cido Ox\u00e1lico"}]},{"@type":"WebSite","@id":"https:\/\/www.alquera.com\/en\/#website","url":"https:\/\/www.alquera.com\/en\/","name":"Alquera.com","description":"Negozio online di prodotti chimici e forniture di laboratorio","publisher":{"@id":"https:\/\/www.alquera.com\/en\/#organization"},"potentialAction":[{"@type":"SearchAction","target":{"@type":"EntryPoint","urlTemplate":"https:\/\/www.alquera.com\/en\/?s={search_term_string}"},"query-input":{"@type":"PropertyValueSpecification","valueRequired":true,"valueName":"search_term_string"}}],"inLanguage":"it-IT"},{"@type":"Organization","@id":"https:\/\/www.alquera.com\/en\/#organization","name":"ALQUERA CIENCIA SL","url":"https:\/\/www.alquera.com\/en\/","logo":{"@type":"ImageObject","inLanguage":"it-IT","@id":"https:\/\/www.alquera.com\/en\/#\/schema\/logo\/image\/","url":"https:\/\/www.alquera.com\/wp-content\/uploads\/2020\/11\/logo_300_ancho.png","contentUrl":"https:\/\/www.alquera.com\/wp-content\/uploads\/2020\/11\/logo_300_ancho.png","width":300,"height":86,"caption":"ALQUERA CIENCIA SL"},"image":{"@id":"https:\/\/www.alquera.com\/en\/#\/schema\/logo\/image\/"},"sameAs":["https:\/\/www.facebook.com\/alqueraciencia","https:\/\/www.instagram.com\/alquera_ciencia\/","https:\/\/www.youtube.com\/c\/alquera"]}]}},"_links":{"self":[{"href":"https:\/\/www.alquera.com\/it\/wp-json\/wp\/v2\/pages\/33277","targetHints":{"allow":["GET"]}}],"collection":[{"href":"https:\/\/www.alquera.com\/it\/wp-json\/wp\/v2\/pages"}],"about":[{"href":"https:\/\/www.alquera.com\/it\/wp-json\/wp\/v2\/types\/page"}],"author":[{"embeddable":true,"href":"https:\/\/www.alquera.com\/it\/wp-json\/wp\/v2\/users\/1"}],"replies":[{"embeddable":true,"href":"https:\/\/www.alquera.com\/it\/wp-json\/wp\/v2\/comments?post=33277"}],"version-history":[{"count":9,"href":"https:\/\/www.alquera.com\/it\/wp-json\/wp\/v2\/pages\/33277\/revisions"}],"predecessor-version":[{"id":33329,"href":"https:\/\/www.alquera.com\/it\/wp-json\/wp\/v2\/pages\/33277\/revisions\/33329"}],"up":[{"embeddable":true,"href":"https:\/\/www.alquera.com\/it\/wp-json\/wp\/v2\/pages\/33273"}],"wp:attachment":[{"href":"https:\/\/www.alquera.com\/it\/wp-json\/wp\/v2\/media?parent=33277"}],"curies":[{"name":"wp","href":"https:\/\/api.w.org\/{rel}","templated":true}]}}