{"id":33280,"date":"2021-03-16T13:28:29","date_gmt":"2021-03-16T13:28:29","guid":{"rendered":"https:\/\/www.alquera.com\/?page_id=33280"},"modified":"2021-09-12T13:44:35","modified_gmt":"2021-09-12T13:44:35","slug":"pulir-suelos","status":"publish","type":"page","link":"https:\/\/www.alquera.com\/it\/acido-oxalico\/pulir-suelos\/","title":{"rendered":"Lucidatura dei pavimenti con acido ossalico"},"content":{"rendered":"<p>I pavimenti in marmo, granito, terrazzo o qualsiasi altra pietra levigata conferiscono una bellezza e un'eleganza senza pari a qualsiasi edificio. Sono pavimenti molto resistenti, ma con il passare del tempo subiscono usura, maltrattamenti, graffi e macchie, che devono essere trattati. \u00c8 necessario effettuare un <strong>lucidatura di questi pavimenti<\/strong>soprattutto nel marmo e nel granito.<\/p>\n<p>A causa della durezza di questi materiali, i processi di lucidatura sono difficili, la\u00a0<a href=\"https:\/\/www.alquera.com\/it\/acido-oxalico\/\">acido ossalico<\/a> vi aiuter\u00e0 in questo compito di lucidatura, essendo un prodotto molto economico e facile da applicare. Qui spieghiamo l'uso dell'acido ossalico per la lucidatura dei pavimenti.<\/p>\n<h2><span id=\"PISOS_DE_MARMOL\">PAVIMENTI IN MARMO<\/span><\/h2>\n<p>Il marmo \u00e8 uno dei materiali pi\u00f9 apprezzati nella decorazione di una casa. Il\u00a0<strong>marmo<\/strong>\u00a0\u00e8 molto elegante e luminoso. Va notato che, pur essendo un ottimo materiale, \u00e8 anche molto poroso. Porosit\u00e0 significa che \u00e8 in grado di assorbire molte sostanze, perdendo la sua lucentezza. \u00c8 quindi importante pulirli frequentemente e prendersene cura con regolarit\u00e0.<\/p>\n<p>Il marmo non deve essere pulito con prodotti abrasivi come la candeggina, perch\u00e9 potrebbe danneggiarlo. E deve essere mantenuto il pi\u00f9 possibile asciutto. Dopo lo straccio, \u00e8 necessario asciugarlo accuratamente per mantenerlo asciutto. Per ridurre al minimo la porosit\u00e0, \u00e8 opportuno applicare uno strato di cera. Ogni 4-5 anni si consiglia di lucidare il pavimento in marmo. Uno dei prodotti utilizzati per lucidare i pavimenti in marmo \u00e8 l'acido ossalico. Nella sezione seguente vi spieghiamo come lucidare i pavimenti con l'acido ossalico.<\/p>\n<h2><span id=\"COMO_PULIR_PISOS_DE_MARMOL_Y_GRANITO_CON_ACIDO_OXALICO\"><strong>COME LUCIDARE I PAVIMENTI IN MARMO E GRANITO CON L'ACIDO OSSALICO<\/strong><\/span><\/h2>\n<ol>\n<li>Per la pulizia di un\u00a0<strong>pavimento in marmo con acido ossalico<\/strong>\u00a0(come per qualsiasi altro acido), iniziare a rimuovere grasso, cera o qualsiasi altro tipo di sporco dal pavimento. A tale scopo si possono utilizzare i prodotti di pulizia antigrasso disponibili in commercio. Pulite soprattutto le zone di maggior passaggio, i bordi dove si accumulano grasso e sporcizia e sotto i mobili che sono rimasti nello stesso posto per molto tempo.<\/li>\n<\/ol>\n<div id=\"attachment_19\" class=\"wp-caption aligncenter\">\n<p class=\"wp-caption-text\"><img loading=\"lazy\" decoding=\"async\" class=\"alignnone size-full wp-image-33318\" src=\"https:\/\/www.alquera.com\/wp-content\/uploads\/2021\/03\/desengrasar.png\" alt=\"limpieza suelos marmol primer paso\" width=\"600\" height=\"286\" srcset=\"https:\/\/www.alquera.com\/wp-content\/uploads\/2021\/03\/desengrasar.png 600w, https:\/\/www.alquera.com\/wp-content\/uploads\/2021\/03\/desengrasar-300x143.png 300w\" sizes=\"auto, (max-width: 600px) 100vw, 600px\" \/><\/p>\n<\/div>\n<p>&nbsp;<\/p>\n<p>2. Se il danno al pavimento non \u00e8 esteso e occorre solo evidenziare lo smalto esistente, l'intero processo di lucidatura pu\u00f2 essere eseguito a mano. Utilizzate lana d'acciaio 00 molto fine e movimenti circolari. \u00c8 sufficiente aggiungere l'acido ossalico con un po' d'acqua e iniziare a levigare le aree danneggiate.<\/p>\n<p>Se il pavimento \u00e8 molto consumato e macchiato, \u00e8 meglio usare una lucidatrice automatica.<\/p>\n<p><img loading=\"lazy\" decoding=\"async\" class=\"size-full wp-image-33319 aligncenter\" src=\"https:\/\/www.alquera.com\/wp-content\/uploads\/2021\/03\/unnamed.jpg\" alt=\"pulir suelos con acido ox\" width=\"512\" height=\"341\" srcset=\"https:\/\/www.alquera.com\/wp-content\/uploads\/2021\/03\/unnamed.jpg 512w, https:\/\/www.alquera.com\/wp-content\/uploads\/2021\/03\/unnamed-300x200.jpg 300w\" sizes=\"auto, (max-width: 512px) 100vw, 512px\" \/><\/p>\n<p>3. Sciacquare e pulire con acqua per rimuovere eventuali residui.<\/p>\n<div id=\"attachment_20\" class=\"wp-caption aligncenter\">\n<p class=\"wp-caption-text\">\n<\/div>\n<p>4. Completare il lavoro di <strong>lucidatura di pavimenti, marmo, pietra, ecc.<\/strong>... ,... , \u00e8 necessario applicare uno speciale prodotto di lucidatura.<\/p>\n<h3><span id=\"Mantenimiento_del_suelo_de_marmol_y_granito\">Manutenzione di pavimenti in marmo e granito.<\/span><\/h3>\n<p>\u00c8 importante eseguire un lavoro di manutenzione per garantire che lo smalto all'acido ossalico duri a lungo. A tal fine, \u00e8 sufficiente pulire regolarmente la polvere ed evitare l'uso di limone o aceto. In caso di fuoriuscita di qualsiasi liquido o sostanza, \u00e8 necessario pulirla immediatamente, poich\u00e9 i pavimenti in marmo e granito sono porosi e i liquidi possono penetrare molto facilmente.<\/p>\n<div><h3 class=\"widget-title\">Acquista <\/h3><div><div class=\"woocommerce\"><ul class=\"products columns-4\">\n<li class=\"desktop-align-left tablet-align-left mobile-align-left ast-product-gallery-layout-horizontal-slider ast-magnify-disabled ast-product-single-variable ast-product-tabs-layout-horizontal ast-qv-on-image product type-product post-495 status-publish first instock product_cat-productos-experimentos product_cat-productos has-post-thumbnail taxable shipping-taxable purchasable product-type-variable has-default-attributes\">\n\t<a href=\"https:\/\/www.alquera.com\/it\/permanganato-de-potasio\/\" class=\"woocommerce-LoopProduct-link woocommerce-loop-product__link\"><img loading=\"lazy\" decoding=\"async\" width=\"300\" height=\"300\" src=\"https:\/\/www.alquera.com\/wp-content\/uploads\/2016\/01\/permanganato-200g-foto-nueva-300x300.png\" class=\"attachment-woocommerce_thumbnail size-woocommerce_thumbnail\" alt=\"permanganato 200g\" srcset=\"https:\/\/www.alquera.com\/wp-content\/uploads\/2016\/01\/permanganato-200g-foto-nueva-300x300.png 300w, https:\/\/www.alquera.com\/wp-content\/uploads\/2016\/01\/permanganato-200g-foto-nueva-150x150.png 150w, https:\/\/www.alquera.com\/wp-content\/uploads\/2016\/01\/permanganato-200g-foto-nueva-12x12.png 12w, https:\/\/www.alquera.com\/wp-content\/uploads\/2016\/01\/permanganato-200g-foto-nueva-100x100.png 100w\" sizes=\"auto, (max-width: 300px) 100vw, 300px\" \/><h2 class=\"woocommerce-loop-product__title\">Permanganato di Potassio<\/h2><div class=\"review-rating\"><div class=\"star-rating\"><span style=\"width:100%\" data-no-translation=\"\" data-trp-gettext=\"\">Valutato <strong class=\"rating\">5.00<\/strong> su 5<\/span><\/div><\/div>\n<\/a><a href=\"https:\/\/www.alquera.com\/it\/permanganato-de-potasio\/\" aria-describedby=\"woocommerce_loop_add_to_cart_link_describedby_495\" data-quantity=\"1\" class=\"button product_type_variable add_to_cart_button\" data-product_id=\"495\" data-product_sku=\"AL100111\" aria-label=\"Seleziona le opzioni per \u201cPermanganato de Potasio\u201d\" rel=\"nofollow\" data-no-translation=\"\" data-trp-gettext=\"\" data-no-translation-aria-label=\"\">Scegli<\/a>\t<span id=\"woocommerce_loop_add_to_cart_link_describedby_495\" class=\"screen-reader-text\">\n\t\tQuesto prodotto ha pi\u00f9 varianti. Le opzioni possono essere scelte nella pagina del prodotto\t<\/span>\n<\/li>\n<\/ul>\n<\/div><\/div><\/div>\n<div><p class=\"widget-title\">Per saperne di pi\u00f9<\/p><a href=\"https:\/\/www.alquera.com\/it\/acido-oxalico\/\">Acido ossalico<\/a>\n<!-- Page-list plugin v.5.9 wordpress.org\/plugins\/page-list\/ -->\n<ul class=\"page-list siblings-page-list\">\n<li class=\"page_item page-item-33282 menu-item\"><a href=\"https:\/\/www.alquera.com\/it\/acido-oxalico\/apicultura\/\" class=\"menu-link\">L'acido ossalico in apicoltura<\/a><\/li>\n<li class=\"page_item page-item-33336 menu-item\"><a href=\"https:\/\/www.alquera.com\/it\/acido-oxalico\/limpieza-fibra-vidrio\/\" class=\"menu-link\">Pulizia della vetroresina<\/a><\/li>\n<li class=\"page_item page-item-33280 menu-item\"><a href=\"https:\/\/www.alquera.com\/it\/acido-oxalico\/pulir-suelos\/\" class=\"menu-link\">Lucidatura dei pavimenti con acido ossalico<\/a><\/li>\n<li class=\"page_item page-item-33277 menu-item\"><a href=\"https:\/\/www.alquera.com\/it\/acido-oxalico\/quitar-oxido\/\" class=\"menu-link\">Rimozione della ruggine con acido ossalico<\/a><\/li>\n<li class=\"page_item page-item-33275 menu-item\"><a href=\"https:\/\/www.alquera.com\/it\/acido-oxalico\/usos\/\" class=\"menu-link\">Utilizza l'acido ossalico<\/a><\/li>\n\n<\/ul><\/div>","protected":false},"excerpt":{"rendered":"<p>Los suelos de m\u00e1rmol, granito, terrazo o cualquier piedra pulida, le proporcionan una belleza y elegancia sin igual a cualquier edificaci\u00f3n. Son pisos muy duraderos, pero al pasar el tiempo, sufren desgaste, maltratos, rayados y manchas, que son necesarios de tratar. Es necesario realizar un pulido de estos suelos o pisos, especialmente en los m\u00e1rmol [&hellip;]<\/p>\n","protected":false},"author":1,"featured_media":0,"parent":33273,"menu_order":0,"comment_status":"closed","ping_status":"closed","template":"","meta":{"_acf_changed":false,"site-sidebar-layout":"default","site-content-layout":"","ast-site-content-layout":"default","site-content-style":"default","site-sidebar-style":"default","ast-global-header-display":"","ast-banner-title-visibility":"","ast-main-header-display":"","ast-hfb-above-header-display":"","ast-hfb-below-header-display":"","ast-hfb-mobile-header-display":"","site-post-title":"","ast-breadcrumbs-content":"","ast-featured-img":"","footer-sml-layout":"","ast-disable-related-posts":"","theme-transparent-header-meta":"","adv-header-id-meta":"","stick-header-meta":"","header-above-stick-meta":"","header-main-stick-meta":"","header-below-stick-meta":"","astra-migrate-meta-layouts":"default","ast-page-background-enabled":"default","ast-page-background-meta":{"desktop":{"background-color":"var(--ast-global-color-4)","background-image":"","background-repeat":"repeat","background-position":"center center","background-size":"auto","background-attachment":"scroll","background-type":"","background-media":"","overlay-type":"","overlay-color":"","overlay-opacity":"","overlay-gradient":""},"tablet":{"background-color":"","background-image":"","background-repeat":"repeat","background-position":"center center","background-size":"auto","background-attachment":"scroll","background-type":"","background-media":"","overlay-type":"","overlay-color":"","overlay-opacity":"","overlay-gradient":""},"mobile":{"background-color":"","background-image":"","background-repeat":"repeat","background-position":"center center","background-size":"auto","background-attachment":"scroll","background-type":"","background-media":"","overlay-type":"","overlay-color":"","overlay-opacity":"","overlay-gradient":""}},"ast-content-background-meta":{"desktop":{"background-color":"var(--ast-global-color-5)","background-image":"","background-repeat":"repeat","background-position":"center center","background-size":"auto","background-attachment":"scroll","background-type":"","background-media":"","overlay-type":"","overlay-color":"","overlay-opacity":"","overlay-gradient":""},"tablet":{"background-color":"var(--ast-global-color-5)","background-image":"","background-repeat":"repeat","background-position":"center center","background-size":"auto","background-attachment":"scroll","background-type":"","background-media":"","overlay-type":"","overlay-color":"","overlay-opacity":"","overlay-gradient":""},"mobile":{"background-color":"var(--ast-global-color-5)","background-image":"","background-repeat":"repeat","background-position":"center center","background-size":"auto","background-attachment":"scroll","background-type":"","background-media":"","overlay-type":"","overlay-color":"","overlay-opacity":"","overlay-gradient":""}},"footnotes":""},"class_list":["post-33280","page","type-page","status-publish","hentry"],"acf":[],"yoast_head":"<!-- This site is optimized with the Yoast SEO Premium plugin v27.1 (Yoast SEO v27.1.1) - https:\/\/yoast.com\/product\/yoast-seo-premium-wordpress\/ -->\n<title>Pulir Suelos con \u00c1cido Ox\u00e1lico - Alquera.com<\/title>\n<meta name=\"description\" content=\"Vamos a ver c\u00f3mo pulir los suelos de m\u00e1rmol y de granito utilizando \u00e1cido ox\u00e1lico para el pulido. El \u00e1cido ox\u00e1lico es un \u00e1cido org\u00e1nico.\" \/>\n<meta name=\"robots\" content=\"index, follow, max-snippet:-1, max-image-preview:large, max-video-preview:-1\" \/>\n<link rel=\"canonical\" href=\"https:\/\/www.alquera.com\/it\/acido-oxalico\/pulir-suelos\/\" \/>\n<meta property=\"og:locale\" content=\"it_IT\" \/>\n<meta property=\"og:type\" content=\"article\" \/>\n<meta property=\"og:title\" content=\"Pulir Suelos con \u00c1cido Ox\u00e1lico\" \/>\n<meta property=\"og:description\" content=\"Vamos a ver c\u00f3mo pulir los suelos de m\u00e1rmol y de granito utilizando \u00e1cido ox\u00e1lico para el pulido. El \u00e1cido ox\u00e1lico es un \u00e1cido org\u00e1nico.\" \/>\n<meta property=\"og:url\" content=\"https:\/\/www.alquera.com\/it\/acido-oxalico\/pulir-suelos\/\" \/>\n<meta property=\"og:site_name\" content=\"Alquera.com\" \/>\n<meta property=\"article:publisher\" content=\"https:\/\/www.facebook.com\/alqueraciencia\" \/>\n<meta property=\"article:modified_time\" content=\"2021-09-12T13:44:35+00:00\" \/>\n<meta property=\"og:image\" content=\"https:\/\/www.alquera.com\/wp-content\/uploads\/2021\/03\/desengrasar.png\" \/>\n<meta name=\"twitter:card\" content=\"summary_large_image\" \/>\n<meta name=\"twitter:label1\" content=\"Tempo di lettura stimato\" \/>\n\t<meta name=\"twitter:data1\" content=\"3 minuti\" \/>\n<script type=\"application\/ld+json\" class=\"yoast-schema-graph\">{\"@context\":\"https:\/\/schema.org\",\"@graph\":[{\"@type\":\"WebPage\",\"@id\":\"https:\/\/www.alquera.com\/acido-oxalico\/pulir-suelos\/\",\"url\":\"https:\/\/www.alquera.com\/acido-oxalico\/pulir-suelos\/\",\"name\":\"Pulir Suelos con \u00c1cido Ox\u00e1lico - Alquera.com\",\"isPartOf\":{\"@id\":\"https:\/\/www.alquera.com\/en\/#website\"},\"primaryImageOfPage\":{\"@id\":\"https:\/\/www.alquera.com\/acido-oxalico\/pulir-suelos\/#primaryimage\"},\"image\":{\"@id\":\"https:\/\/www.alquera.com\/acido-oxalico\/pulir-suelos\/#primaryimage\"},\"thumbnailUrl\":\"https:\/\/www.alquera.com\/wp-content\/uploads\/2021\/03\/desengrasar.png\",\"datePublished\":\"2021-03-16T13:28:29+00:00\",\"dateModified\":\"2021-09-12T13:44:35+00:00\",\"description\":\"Vamos a ver c\u00f3mo pulir los suelos de m\u00e1rmol y de granito utilizando \u00e1cido ox\u00e1lico para el pulido. El \u00e1cido ox\u00e1lico es un \u00e1cido org\u00e1nico.\",\"breadcrumb\":{\"@id\":\"https:\/\/www.alquera.com\/acido-oxalico\/pulir-suelos\/#breadcrumb\"},\"inLanguage\":\"it-IT\",\"potentialAction\":[{\"@type\":\"ReadAction\",\"target\":[\"https:\/\/www.alquera.com\/acido-oxalico\/pulir-suelos\/\"]}]},{\"@type\":\"ImageObject\",\"inLanguage\":\"it-IT\",\"@id\":\"https:\/\/www.alquera.com\/acido-oxalico\/pulir-suelos\/#primaryimage\",\"url\":\"https:\/\/www.alquera.com\/wp-content\/uploads\/2021\/03\/desengrasar.png\",\"contentUrl\":\"https:\/\/www.alquera.com\/wp-content\/uploads\/2021\/03\/desengrasar.png\"},{\"@type\":\"BreadcrumbList\",\"@id\":\"https:\/\/www.alquera.com\/acido-oxalico\/pulir-suelos\/#breadcrumb\",\"itemListElement\":[{\"@type\":\"ListItem\",\"position\":1,\"name\":\"Inicio\",\"item\":\"https:\/\/www.alquera.com\/\"},{\"@type\":\"ListItem\",\"position\":2,\"name\":\"Acido Ox\u00e1lico\",\"item\":\"https:\/\/www.alquera.com\/acido-oxalico\/\"},{\"@type\":\"ListItem\",\"position\":3,\"name\":\"Pulir Suelos con \u00c1cido Ox\u00e1lico\"}]},{\"@type\":\"WebSite\",\"@id\":\"https:\/\/www.alquera.com\/en\/#website\",\"url\":\"https:\/\/www.alquera.com\/en\/\",\"name\":\"Alquera.com\",\"description\":\"Tienda Online Productos Qu\u00edmicos y Material de Laboratorio\",\"publisher\":{\"@id\":\"https:\/\/www.alquera.com\/en\/#organization\"},\"potentialAction\":[{\"@type\":\"SearchAction\",\"target\":{\"@type\":\"EntryPoint\",\"urlTemplate\":\"https:\/\/www.alquera.com\/en\/?s={search_term_string}\"},\"query-input\":{\"@type\":\"PropertyValueSpecification\",\"valueRequired\":true,\"valueName\":\"search_term_string\"}}],\"inLanguage\":\"it-IT\"},{\"@type\":\"Organization\",\"@id\":\"https:\/\/www.alquera.com\/en\/#organization\",\"name\":\"ALQUERA CIENCIA SL\",\"url\":\"https:\/\/www.alquera.com\/en\/\",\"logo\":{\"@type\":\"ImageObject\",\"inLanguage\":\"it-IT\",\"@id\":\"https:\/\/www.alquera.com\/en\/#\/schema\/logo\/image\/\",\"url\":\"https:\/\/www.alquera.com\/wp-content\/uploads\/2020\/11\/logo_300_ancho.png\",\"contentUrl\":\"https:\/\/www.alquera.com\/wp-content\/uploads\/2020\/11\/logo_300_ancho.png\",\"width\":300,\"height\":86,\"caption\":\"ALQUERA CIENCIA SL\"},\"image\":{\"@id\":\"https:\/\/www.alquera.com\/en\/#\/schema\/logo\/image\/\"},\"sameAs\":[\"https:\/\/www.facebook.com\/alqueraciencia\",\"https:\/\/www.instagram.com\/alquera_ciencia\/\",\"https:\/\/www.youtube.com\/c\/alquera\"]}]}<\/script>\n<!-- \/ Yoast SEO Premium plugin. -->","yoast_head_json":{"title":"Lucidatura dei pavimenti con acido ossalico - Alquera.com","description":"Vediamo come lucidare i pavimenti in marmo e granito utilizzando l'acido ossalico per la lucidatura. L'acido ossalico \u00e8 un acido organico.","robots":{"index":"index","follow":"follow","max-snippet":"max-snippet:-1","max-image-preview":"max-image-preview:large","max-video-preview":"max-video-preview:-1"},"canonical":"https:\/\/www.alquera.com\/it\/acido-oxalico\/pulir-suelos\/","og_locale":"it_IT","og_type":"article","og_title":"Pulir Suelos con \u00c1cido Ox\u00e1lico","og_description":"Vamos a ver c\u00f3mo pulir los suelos de m\u00e1rmol y de granito utilizando \u00e1cido ox\u00e1lico para el pulido. El \u00e1cido ox\u00e1lico es un \u00e1cido org\u00e1nico.","og_url":"https:\/\/www.alquera.com\/it\/acido-oxalico\/pulir-suelos\/","og_site_name":"Alquera.com","article_publisher":"https:\/\/www.facebook.com\/alqueraciencia","article_modified_time":"2021-09-12T13:44:35+00:00","og_image":[{"url":"https:\/\/www.alquera.com\/wp-content\/uploads\/2021\/03\/desengrasar.png","type":"","width":"","height":""}],"twitter_card":"summary_large_image","twitter_misc":{"Tempo di lettura stimato":"3 minuti"},"schema":{"@context":"https:\/\/schema.org","@graph":[{"@type":"WebPage","@id":"https:\/\/www.alquera.com\/acido-oxalico\/pulir-suelos\/","url":"https:\/\/www.alquera.com\/acido-oxalico\/pulir-suelos\/","name":"Lucidatura dei pavimenti con acido ossalico - Alquera.com","isPartOf":{"@id":"https:\/\/www.alquera.com\/en\/#website"},"primaryImageOfPage":{"@id":"https:\/\/www.alquera.com\/acido-oxalico\/pulir-suelos\/#primaryimage"},"image":{"@id":"https:\/\/www.alquera.com\/acido-oxalico\/pulir-suelos\/#primaryimage"},"thumbnailUrl":"https:\/\/www.alquera.com\/wp-content\/uploads\/2021\/03\/desengrasar.png","datePublished":"2021-03-16T13:28:29+00:00","dateModified":"2021-09-12T13:44:35+00:00","description":"Vediamo come lucidare i pavimenti in marmo e granito utilizzando l'acido ossalico per la lucidatura. L'acido ossalico \u00e8 un acido organico.","breadcrumb":{"@id":"https:\/\/www.alquera.com\/acido-oxalico\/pulir-suelos\/#breadcrumb"},"inLanguage":"it-IT","potentialAction":[{"@type":"ReadAction","target":["https:\/\/www.alquera.com\/acido-oxalico\/pulir-suelos\/"]}]},{"@type":"ImageObject","inLanguage":"it-IT","@id":"https:\/\/www.alquera.com\/acido-oxalico\/pulir-suelos\/#primaryimage","url":"https:\/\/www.alquera.com\/wp-content\/uploads\/2021\/03\/desengrasar.png","contentUrl":"https:\/\/www.alquera.com\/wp-content\/uploads\/2021\/03\/desengrasar.png"},{"@type":"BreadcrumbList","@id":"https:\/\/www.alquera.com\/acido-oxalico\/pulir-suelos\/#breadcrumb","itemListElement":[{"@type":"ListItem","position":1,"name":"Inicio","item":"https:\/\/www.alquera.com\/"},{"@type":"ListItem","position":2,"name":"Acido Ox\u00e1lico","item":"https:\/\/www.alquera.com\/acido-oxalico\/"},{"@type":"ListItem","position":3,"name":"Pulir Suelos con \u00c1cido Ox\u00e1lico"}]},{"@type":"WebSite","@id":"https:\/\/www.alquera.com\/en\/#website","url":"https:\/\/www.alquera.com\/en\/","name":"Alquera.com","description":"Negozio online di prodotti chimici e forniture di laboratorio","publisher":{"@id":"https:\/\/www.alquera.com\/en\/#organization"},"potentialAction":[{"@type":"SearchAction","target":{"@type":"EntryPoint","urlTemplate":"https:\/\/www.alquera.com\/en\/?s={search_term_string}"},"query-input":{"@type":"PropertyValueSpecification","valueRequired":true,"valueName":"search_term_string"}}],"inLanguage":"it-IT"},{"@type":"Organization","@id":"https:\/\/www.alquera.com\/en\/#organization","name":"ALQUERA CIENCIA SL","url":"https:\/\/www.alquera.com\/en\/","logo":{"@type":"ImageObject","inLanguage":"it-IT","@id":"https:\/\/www.alquera.com\/en\/#\/schema\/logo\/image\/","url":"https:\/\/www.alquera.com\/wp-content\/uploads\/2020\/11\/logo_300_ancho.png","contentUrl":"https:\/\/www.alquera.com\/wp-content\/uploads\/2020\/11\/logo_300_ancho.png","width":300,"height":86,"caption":"ALQUERA CIENCIA SL"},"image":{"@id":"https:\/\/www.alquera.com\/en\/#\/schema\/logo\/image\/"},"sameAs":["https:\/\/www.facebook.com\/alqueraciencia","https:\/\/www.instagram.com\/alquera_ciencia\/","https:\/\/www.youtube.com\/c\/alquera"]}]}},"_links":{"self":[{"href":"https:\/\/www.alquera.com\/it\/wp-json\/wp\/v2\/pages\/33280","targetHints":{"allow":["GET"]}}],"collection":[{"href":"https:\/\/www.alquera.com\/it\/wp-json\/wp\/v2\/pages"}],"about":[{"href":"https:\/\/www.alquera.com\/it\/wp-json\/wp\/v2\/types\/page"}],"author":[{"embeddable":true,"href":"https:\/\/www.alquera.com\/it\/wp-json\/wp\/v2\/users\/1"}],"replies":[{"embeddable":true,"href":"https:\/\/www.alquera.com\/it\/wp-json\/wp\/v2\/comments?post=33280"}],"version-history":[{"count":4,"href":"https:\/\/www.alquera.com\/it\/wp-json\/wp\/v2\/pages\/33280\/revisions"}],"predecessor-version":[{"id":33328,"href":"https:\/\/www.alquera.com\/it\/wp-json\/wp\/v2\/pages\/33280\/revisions\/33328"}],"up":[{"embeddable":true,"href":"https:\/\/www.alquera.com\/it\/wp-json\/wp\/v2\/pages\/33273"}],"wp:attachment":[{"href":"https:\/\/www.alquera.com\/it\/wp-json\/wp\/v2\/media?parent=33280"}],"curies":[{"name":"wp","href":"https:\/\/api.w.org\/{rel}","templated":true}]}}