{"id":33360,"date":"2021-03-17T13:18:29","date_gmt":"2021-03-17T13:18:29","guid":{"rendered":"https:\/\/www.alquera.com\/?page_id=33360"},"modified":"2026-02-23T14:42:28","modified_gmt":"2026-02-23T14:42:28","slug":"plantas","status":"publish","type":"page","link":"https:\/\/www.alquera.com\/it\/sulfato-de-hierro\/plantas\/","title":{"rendered":"Solfato di ferro per piante"},"content":{"rendered":"<p>Le piante hanno bisogno di 12 nutrienti per il loro corretto sviluppo; di questi 12 nutrienti fanno parte i cosiddetti macronutrienti, di cui hanno bisogno in quantit\u00e0 elevate, e i micronutrienti, di cui hanno bisogno in quantit\u00e0 minori. Il\u00a0<strong>solfato di ferro per piante<\/strong>\u00a0\u00e8 legata alla carenza di ferro. Il ferro fa parte dei micronutrienti. In alcuni terreni, soprattutto in quelli con un pH elevato, accade che i micronutrienti diventino insolubili, ad esempio il ferro \u00e8 insolubile nel terreno.\u00a0<strong>ferro<\/strong>.<\/p>\n<h2>ABBASSARE IL PH DEL TERRENO CON SOLFATO DI FERRO EPTAIDRATO<\/h2>\n<p>Il <a href=\"https:\/\/www.alquera.com\/it\/sulfato-de-hierro\/\">sulfato de hierro<\/a> Il solfato di ferro \u00e8 un prodotto chimico, con formula FeSO4, disponibile in polvere e in forma granulare. Il solfato di ferro \u00e8 un sale che, se mescolato al terreno, lo acidifica, cio\u00e8 il pH si abbassa a valori inferiori a 7.\u00a0<strong>ferro<\/strong>.<a href=\"https:\/\/www.alquera.com\/it\/?attachment_id=949\" rel=\"attachment wp-att-949\"><img loading=\"lazy\" decoding=\"async\" class=\"wp-image-949 size-medium aligncenter\" src=\"https:\/\/www.alquera.com\/wp-content\/uploads\/2017\/09\/993-thickbox_default-Sulfato-de-Hierro-5Kg-300x300.jpg\" alt=\"Sulfato de Hierro\" width=\"300\" height=\"300\" srcset=\"https:\/\/www.alquera.com\/wp-content\/uploads\/2017\/09\/993-thickbox_default-Sulfato-de-Hierro-5Kg-300x300.jpg 300w, https:\/\/www.alquera.com\/wp-content\/uploads\/2017\/09\/993-thickbox_default-Sulfato-de-Hierro-5Kg-100x100.jpg 100w, https:\/\/www.alquera.com\/wp-content\/uploads\/2017\/09\/993-thickbox_default-Sulfato-de-Hierro-5Kg-600x600.jpg 600w, https:\/\/www.alquera.com\/wp-content\/uploads\/2017\/09\/993-thickbox_default-Sulfato-de-Hierro-5Kg-150x150.jpg 150w, https:\/\/www.alquera.com\/wp-content\/uploads\/2017\/09\/993-thickbox_default-Sulfato-de-Hierro-5Kg-768x768.jpg 768w, https:\/\/www.alquera.com\/wp-content\/uploads\/2017\/09\/993-thickbox_default-Sulfato-de-Hierro-5Kg.jpg 800w\" sizes=\"auto, (max-width: 300px) 100vw, 300px\" \/><\/a>La forma in cui si presenta il solfato di ferro pu\u00f2 essere in forma particellare, che \u00e8 il formato pi\u00f9 adatto per scioglierlo in acqua. In agricoltura si usa anche la forma granulare, che in questo caso viene mescolata al terreno, senza scioglierla in acqua. Si consiglia di utilizzare la forma particolata e di scioglierla in acqua.<\/p>\n<h2>COMPRAR SULFATO DE HIERRO<\/h2>\n<p>Si est\u00e1s buscando comprar sulfato de hierro para pintar, en Alquera puedes encontrarlo en diferentes formatos: desde 1kg, 5kg y 25kg. Podr\u00e1s descarte la ficha t\u00e9cnica y la MSDS sobre el propio producto en el apartado documentaci\u00f3n.<\/p>\n<div style=\"text-align: center;\"><div class=\"woocommerce\"><ul class=\"products columns-4\">\n<li class=\"desktop-align-left tablet-align-left mobile-align-left ast-product-gallery-layout-horizontal-slider ast-magnify-disabled ast-product-single-variable ast-product-tabs-layout-horizontal ast-qv-on-image product type-product post-950 status-publish first instock product_cat-agroquimicos has-post-thumbnail taxable shipping-taxable purchasable product-type-variable has-default-attributes\">\n\t<a href=\"https:\/\/www.alquera.com\/it\/sulfato-de-hierro\/\" class=\"woocommerce-LoopProduct-link woocommerce-loop-product__link\"><img loading=\"lazy\" decoding=\"async\" width=\"300\" height=\"300\" src=\"https:\/\/www.alquera.com\/wp-content\/uploads\/2017\/09\/992-thickbox_default-Sulfato-de-Hierro-5Kg-300x300.jpg\" class=\"attachment-woocommerce_thumbnail size-woocommerce_thumbnail\" alt=\"Comprar Sulfato de Hierro\" srcset=\"https:\/\/www.alquera.com\/wp-content\/uploads\/2017\/09\/992-thickbox_default-Sulfato-de-Hierro-5Kg-300x300.jpg 300w, https:\/\/www.alquera.com\/wp-content\/uploads\/2017\/09\/992-thickbox_default-Sulfato-de-Hierro-5Kg-100x100.jpg 100w, https:\/\/www.alquera.com\/wp-content\/uploads\/2017\/09\/992-thickbox_default-Sulfato-de-Hierro-5Kg-600x600.jpg 600w, https:\/\/www.alquera.com\/wp-content\/uploads\/2017\/09\/992-thickbox_default-Sulfato-de-Hierro-5Kg-150x150.jpg 150w, https:\/\/www.alquera.com\/wp-content\/uploads\/2017\/09\/992-thickbox_default-Sulfato-de-Hierro-5Kg-768x768.jpg 768w, https:\/\/www.alquera.com\/wp-content\/uploads\/2017\/09\/992-thickbox_default-Sulfato-de-Hierro-5Kg.jpg 800w\" sizes=\"auto, (max-width: 300px) 100vw, 300px\" \/><h2 class=\"woocommerce-loop-product__title\">Solfato di Ferro<\/h2><div class=\"review-rating\"><div class=\"star-rating\"><span style=\"width:100%\" data-no-translation=\"\" data-trp-gettext=\"\">Valutato <strong class=\"rating\">5.00<\/strong> su 5<\/span><\/div><\/div>\n<\/a><a href=\"https:\/\/www.alquera.com\/it\/sulfato-de-hierro\/\" aria-describedby=\"woocommerce_loop_add_to_cart_link_describedby_950\" data-quantity=\"1\" class=\"button product_type_variable add_to_cart_button\" data-product_id=\"950\" data-product_sku=\"AL100161\" aria-label=\"Seleziona le opzioni per \u201cSulfato de Hierro\u201d\" rel=\"nofollow\" data-no-translation=\"\" data-trp-gettext=\"\" data-no-translation-aria-label=\"\">Scegli<\/a>\t<span id=\"woocommerce_loop_add_to_cart_link_describedby_950\" class=\"screen-reader-text\">\n\t\tQuesto prodotto ha pi\u00f9 varianti. Le opzioni possono essere scelte nella pagina del prodotto\t<\/span>\n<\/li>\n<\/ul>\n<\/div><\/div>\n<h2>COME FORNIRE SOLFATO DI FERRO AL TERRENO<\/h2>\n<p>Per fornire solfato di ferro al terreno, <strong>l'area sarebbe stata irrigata con acqua contenente 3 grammi di solfato di ferro disciolti per litro.<\/strong>. Innaffiare una volta al mese con quest'acqua. Nei vasi non usare solfato di ferro ma acido citrico.<\/p>\n<p>Come suggerimento, \u00e8 possibile integrare il trattamento con solfato di ferro aggiungendo 3 grammi per litro di chelati di ferro a un'altra acqua. Anche questo va applicato una volta al mese, in una settimana diversa da quella in cui \u00e8 stata aggiunta l'acqua con solfato di ferro.<\/p>\n<p>Con questi due prodotti (solfato di ferro e chelati di ferro) le piante acidofile del giardino avranno ferro a sufficienza e altri micronutrienti come il manganese o il rame grazie al rilascio causato dal solfato con l'abbassamento del pH del terreno.<\/p>\n<p>Rimane da fornire il resto dei nutrienti per la completa fertilizzazione delle piante, in particolare i macronutrienti: azoto, fosforo e potassio.  Nei terreni alcalini, il dosaggio di fosforo e potassio va aumentato, poich\u00e9 una parte viene persa perch\u00e9 diventa insolubile.<\/p>\n<h2>FERRO NELLE PIANTE<\/h2>\n<p>Il<strong>\u00a0ferro\u00a0<\/strong>\u00e8 un ricostituente di alcuni enzimi e pigmenti per ridurre nitrati e solfati; \u00e8 anche un\u00a0<strong>generatore di energia<\/strong>\u00a0che non viene utilizzato nella sintesi della clorofilla ma \u00e8 essenziale nella sua formazione, per la nutrizione delle colture, la crescita e la salute delle piante.<\/p>\n<div class=\"imgCat\">\n<p><a href=\"https:\/\/www.alquera.com\/it\/sulfato-de-hierro\/plantas\/hierro-en-plantas_clorosis\/\" rel=\"attachment wp-att-33361\"><img loading=\"lazy\" decoding=\"async\" class=\"size-full wp-image-33361 aligncenter\" src=\"https:\/\/www.alquera.com\/wp-content\/uploads\/2021\/03\/Hierro-en-plantas_clorosis.png\" alt=\"falta de hierro en plantas\" width=\"554\" height=\"253\" srcset=\"https:\/\/www.alquera.com\/wp-content\/uploads\/2021\/03\/Hierro-en-plantas_clorosis.png 554w, https:\/\/www.alquera.com\/wp-content\/uploads\/2021\/03\/Hierro-en-plantas_clorosis-300x137.png 300w\" sizes=\"auto, (max-width: 554px) 100vw, 554px\" \/><\/a><\/p>\n<\/div>\n<div class=\"rte3\">\n<h3>Carenza di ferro nelle piante<\/h3>\n<p>La carenza di ferro nelle piante si manifesta nelle foglie giovani, che diventano gialle, a causa di uno squilibrio tra clorofilla e carotene. Allo stesso modo, si riduce il trasporto fotosintetico, con conseguente diminuzione di zuccheri, amido e alcuni aminoacidi.<\/p>\n<p>Inoltre, quando le piante soffrono di carenza di ferro, si accumulano altri elementi che alterano la sintesi delle proteine e l'arricchimento di lipidi e acidi grassi insaturi, mentre i nervi rimangono verdi, producendo la clorosi ferrica, che pu\u00f2 attaccare solo alcuni rami, anche se gli altri possono rimanere sani.<\/p>\n<p>La prima cosa da fare \u00e8 esaminare le radici della pianta malata, poich\u00e9 potrebbe essere eccessivamente annaffiata e quindi incapace di assorbire correttamente le sostanze nutritive. Pu\u00f2 anche darsi che le radici siano malate e quindi abbiano difficolt\u00e0 ad assorbire il ferro.<\/p>\n<h3>Assunzione eccessiva di ferro<\/h3>\n<p>La carenza di ferro produce cambiamenti morfologici e fisiologici; nella radice si verifica un aumento del diametro della zona apicale e la formazione di abbondanti peli radicali. Se il problema non riguarda la radice, \u00e8 consigliabile controllare il pH o il grado di acidit\u00e0 del terreno.<\/p>\n<p>Il contrario accade quando la pianta si trova di fronte a un eccessivo assorbimento di ferro, che si verifica raramente a causa della rapida conversione del ferro solubile in composti insolubili e quasi del tutto privi di tossicit\u00e0 per le colture che vi crescono, a disposizione delle piante. L'eccesso di ferro provoca un'alterazione della fluorescenza della clorofilla. Di conseguenza, la pianta avr\u00e0 difficolt\u00e0 ad assorbire correttamente l'energia solare.<\/p>\n<p><\/p>\n<h2 id=\"h-mas-informacion-sulfato-ferrico\" class=\"wp-block-heading\">M\u00c1S INFORMACI\u00d3N SULFATO F\u00c9RRICO<\/h2>\n<p> <\/p>\n<p>Puedes ver m\u00e1s informaci\u00f3n sobre el sulfato f\u00e9rrico en estas p\u00e1ginas<\/p>\n<p> <\/p>\n<ul class=\"wp-block-list\">\n<li><a href=\"https:\/\/www.alquera.com\/it\/sulfato-de-hierro\/pintar\/\">Solfato di ferro per la pittura<\/a><\/li>\n \n<li><a href=\"https:\/\/www.alquera.com\/it\/sulfato-de-hierro\/usos\/\">Utilizza il solfato di ferro<\/a><\/li>\n \n<li><a href=\"https:\/\/www.alquera.com\/it\/sulfato-de-hierro\/\">Acquistare il solfato di ferro<\/a><\/li>\n<\/ul>\n<p><\/p>\n<\/div>\n\n\n<p><\/p>","protected":false},"excerpt":{"rendered":"<p>Las plantas necesitan 12 nutrientes para su correcto desarrollo, de estos 12 nutrientes est\u00e1n los llamados macronutrientes que necesitan en cantidades altas y los micronutrientes que necesitan en cantidades menores. El\u00a0sulfato de hierro para plantas\u00a0est\u00e1 relacionado con la falta de hierro. El hierro forma parte de los micronutrientes. En algunos suelos, especialmente en suelos que [&hellip;]<\/p>\n","protected":false},"author":1,"featured_media":0,"parent":33351,"menu_order":0,"comment_status":"closed","ping_status":"closed","template":"","meta":{"_acf_changed":false,"site-sidebar-layout":"left-sidebar","site-content-layout":"","ast-site-content-layout":"default","site-content-style":"default","site-sidebar-style":"default","ast-global-header-display":"","ast-banner-title-visibility":"","ast-main-header-display":"","ast-hfb-above-header-display":"","ast-hfb-below-header-display":"","ast-hfb-mobile-header-display":"","site-post-title":"","ast-breadcrumbs-content":"","ast-featured-img":"","footer-sml-layout":"","ast-disable-related-posts":"","theme-transparent-header-meta":"","adv-header-id-meta":"","stick-header-meta":"","header-above-stick-meta":"","header-main-stick-meta":"","header-below-stick-meta":"","astra-migrate-meta-layouts":"set","ast-page-background-enabled":"default","ast-page-background-meta":{"desktop":{"background-color":"var(--ast-global-color-4)","background-image":"","background-repeat":"repeat","background-position":"center center","background-size":"auto","background-attachment":"scroll","background-type":"","background-media":"","overlay-type":"","overlay-color":"","overlay-opacity":"","overlay-gradient":""},"tablet":{"background-color":"","background-image":"","background-repeat":"repeat","background-position":"center center","background-size":"auto","background-attachment":"scroll","background-type":"","background-media":"","overlay-type":"","overlay-color":"","overlay-opacity":"","overlay-gradient":""},"mobile":{"background-color":"","background-image":"","background-repeat":"repeat","background-position":"center center","background-size":"auto","background-attachment":"scroll","background-type":"","background-media":"","overlay-type":"","overlay-color":"","overlay-opacity":"","overlay-gradient":""}},"ast-content-background-meta":{"desktop":{"background-color":"var(--ast-global-color-5)","background-image":"","background-repeat":"repeat","background-position":"center center","background-size":"auto","background-attachment":"scroll","background-type":"","background-media":"","overlay-type":"","overlay-color":"","overlay-opacity":"","overlay-gradient":""},"tablet":{"background-color":"var(--ast-global-color-5)","background-image":"","background-repeat":"repeat","background-position":"center center","background-size":"auto","background-attachment":"scroll","background-type":"","background-media":"","overlay-type":"","overlay-color":"","overlay-opacity":"","overlay-gradient":""},"mobile":{"background-color":"var(--ast-global-color-5)","background-image":"","background-repeat":"repeat","background-position":"center center","background-size":"auto","background-attachment":"scroll","background-type":"","background-media":"","overlay-type":"","overlay-color":"","overlay-opacity":"","overlay-gradient":""}},"footnotes":""},"class_list":["post-33360","page","type-page","status-publish","hentry"],"acf":[],"yoast_head":"<!-- This site is optimized with the Yoast SEO Premium plugin v27.1 (Yoast SEO v27.1.1) - https:\/\/yoast.com\/product\/yoast-seo-premium-wordpress\/ -->\n<title>Sulfato de Hierro para Plantas - Alquera.com<\/title>\n<meta name=\"description\" content=\"El hierro es uno de los micronutrientes que necesitan las plantas. Vamos a ver c\u00f3mo aplicar hierro a trav\u00e9s de sulfato de hierro.\" \/>\n<meta name=\"robots\" content=\"index, follow, max-snippet:-1, max-image-preview:large, max-video-preview:-1\" \/>\n<link rel=\"canonical\" href=\"https:\/\/www.alquera.com\/it\/sulfato-de-hierro\/plantas\/\" \/>\n<meta property=\"og:locale\" content=\"it_IT\" \/>\n<meta property=\"og:type\" content=\"article\" \/>\n<meta property=\"og:title\" content=\"Sulfato de Hierro para Plantas\" \/>\n<meta property=\"og:description\" content=\"El hierro es uno de los micronutrientes que necesitan las plantas. Vamos a ver c\u00f3mo aplicar hierro a trav\u00e9s de sulfato de hierro.\" \/>\n<meta property=\"og:url\" content=\"https:\/\/www.alquera.com\/it\/sulfato-de-hierro\/plantas\/\" \/>\n<meta property=\"og:site_name\" content=\"Alquera.com\" \/>\n<meta property=\"article:publisher\" content=\"https:\/\/www.facebook.com\/alqueraciencia\" \/>\n<meta property=\"article:modified_time\" content=\"2026-02-23T14:42:28+00:00\" \/>\n<meta property=\"og:image\" content=\"https:\/\/www.alquera.com\/wp-content\/uploads\/2017\/09\/993-thickbox_default-Sulfato-de-Hierro-5Kg.jpg\" \/>\n\t<meta property=\"og:image:width\" content=\"800\" \/>\n\t<meta property=\"og:image:height\" content=\"800\" \/>\n\t<meta property=\"og:image:type\" content=\"image\/jpeg\" \/>\n<meta name=\"twitter:card\" content=\"summary_large_image\" \/>\n<meta name=\"twitter:label1\" content=\"Tempo di lettura stimato\" \/>\n\t<meta name=\"twitter:data1\" content=\"5 minuti\" \/>\n<script type=\"application\/ld+json\" class=\"yoast-schema-graph\">{\"@context\":\"https:\/\/schema.org\",\"@graph\":[{\"@type\":\"WebPage\",\"@id\":\"https:\/\/www.alquera.com\/sulfato-de-hierro\/plantas\/\",\"url\":\"https:\/\/www.alquera.com\/sulfato-de-hierro\/plantas\/\",\"name\":\"Sulfato de Hierro para Plantas - Alquera.com\",\"isPartOf\":{\"@id\":\"https:\/\/www.alquera.com\/en\/#website\"},\"primaryImageOfPage\":{\"@id\":\"https:\/\/www.alquera.com\/sulfato-de-hierro\/plantas\/#primaryimage\"},\"image\":{\"@id\":\"https:\/\/www.alquera.com\/sulfato-de-hierro\/plantas\/#primaryimage\"},\"thumbnailUrl\":\"https:\/\/www.alquera.com\/wp-content\/uploads\/2017\/09\/993-thickbox_default-Sulfato-de-Hierro-5Kg-300x300.jpg\",\"datePublished\":\"2021-03-17T13:18:29+00:00\",\"dateModified\":\"2026-02-23T14:42:28+00:00\",\"description\":\"El hierro es uno de los micronutrientes que necesitan las plantas. Vamos a ver c\u00f3mo aplicar hierro a trav\u00e9s de sulfato de hierro.\",\"breadcrumb\":{\"@id\":\"https:\/\/www.alquera.com\/sulfato-de-hierro\/plantas\/#breadcrumb\"},\"inLanguage\":\"it-IT\",\"potentialAction\":[{\"@type\":\"ReadAction\",\"target\":[\"https:\/\/www.alquera.com\/sulfato-de-hierro\/plantas\/\"]}]},{\"@type\":\"ImageObject\",\"inLanguage\":\"it-IT\",\"@id\":\"https:\/\/www.alquera.com\/sulfato-de-hierro\/plantas\/#primaryimage\",\"url\":\"https:\/\/www.alquera.com\/wp-content\/uploads\/2017\/09\/993-thickbox_default-Sulfato-de-Hierro-5Kg-300x300.jpg\",\"contentUrl\":\"https:\/\/www.alquera.com\/wp-content\/uploads\/2017\/09\/993-thickbox_default-Sulfato-de-Hierro-5Kg-300x300.jpg\"},{\"@type\":\"BreadcrumbList\",\"@id\":\"https:\/\/www.alquera.com\/sulfato-de-hierro\/plantas\/#breadcrumb\",\"itemListElement\":[{\"@type\":\"ListItem\",\"position\":1,\"name\":\"Inicio\",\"item\":\"https:\/\/www.alquera.com\/\"},{\"@type\":\"ListItem\",\"position\":2,\"name\":\"Sulfato de Hierro\",\"item\":\"https:\/\/www.alquera.com\/sulfato-de-hierro\/\"},{\"@type\":\"ListItem\",\"position\":3,\"name\":\"Sulfato de Hierro para Plantas\"}]},{\"@type\":\"WebSite\",\"@id\":\"https:\/\/www.alquera.com\/en\/#website\",\"url\":\"https:\/\/www.alquera.com\/en\/\",\"name\":\"Alquera.com\",\"description\":\"Tienda Online Productos Qu\u00edmicos y Material de Laboratorio\",\"publisher\":{\"@id\":\"https:\/\/www.alquera.com\/en\/#organization\"},\"potentialAction\":[{\"@type\":\"SearchAction\",\"target\":{\"@type\":\"EntryPoint\",\"urlTemplate\":\"https:\/\/www.alquera.com\/en\/?s={search_term_string}\"},\"query-input\":{\"@type\":\"PropertyValueSpecification\",\"valueRequired\":true,\"valueName\":\"search_term_string\"}}],\"inLanguage\":\"it-IT\"},{\"@type\":\"Organization\",\"@id\":\"https:\/\/www.alquera.com\/en\/#organization\",\"name\":\"ALQUERA CIENCIA SL\",\"url\":\"https:\/\/www.alquera.com\/en\/\",\"logo\":{\"@type\":\"ImageObject\",\"inLanguage\":\"it-IT\",\"@id\":\"https:\/\/www.alquera.com\/en\/#\/schema\/logo\/image\/\",\"url\":\"https:\/\/www.alquera.com\/wp-content\/uploads\/2020\/11\/logo_300_ancho.png\",\"contentUrl\":\"https:\/\/www.alquera.com\/wp-content\/uploads\/2020\/11\/logo_300_ancho.png\",\"width\":300,\"height\":86,\"caption\":\"ALQUERA CIENCIA SL\"},\"image\":{\"@id\":\"https:\/\/www.alquera.com\/en\/#\/schema\/logo\/image\/\"},\"sameAs\":[\"https:\/\/www.facebook.com\/alqueraciencia\",\"https:\/\/www.instagram.com\/alquera_ciencia\/\",\"https:\/\/www.youtube.com\/c\/alquera\"]}]}<\/script>\n<!-- \/ Yoast SEO Premium plugin. -->","yoast_head_json":{"title":"Solfato di ferro per piante - Alquera.com","description":"Il ferro \u00e8 uno dei micronutrienti di cui le piante hanno bisogno. Vediamo come applicare il ferro attraverso il solfato di ferro.","robots":{"index":"index","follow":"follow","max-snippet":"max-snippet:-1","max-image-preview":"max-image-preview:large","max-video-preview":"max-video-preview:-1"},"canonical":"https:\/\/www.alquera.com\/it\/sulfato-de-hierro\/plantas\/","og_locale":"it_IT","og_type":"article","og_title":"Sulfato de Hierro para Plantas","og_description":"El hierro es uno de los micronutrientes que necesitan las plantas. Vamos a ver c\u00f3mo aplicar hierro a trav\u00e9s de sulfato de hierro.","og_url":"https:\/\/www.alquera.com\/it\/sulfato-de-hierro\/plantas\/","og_site_name":"Alquera.com","article_publisher":"https:\/\/www.facebook.com\/alqueraciencia","article_modified_time":"2026-02-23T14:42:28+00:00","og_image":[{"width":800,"height":800,"url":"https:\/\/www.alquera.com\/wp-content\/uploads\/2017\/09\/993-thickbox_default-Sulfato-de-Hierro-5Kg.jpg","type":"image\/jpeg"}],"twitter_card":"summary_large_image","twitter_misc":{"Tempo di lettura stimato":"5 minuti"},"schema":{"@context":"https:\/\/schema.org","@graph":[{"@type":"WebPage","@id":"https:\/\/www.alquera.com\/sulfato-de-hierro\/plantas\/","url":"https:\/\/www.alquera.com\/sulfato-de-hierro\/plantas\/","name":"Solfato di ferro per piante - Alquera.com","isPartOf":{"@id":"https:\/\/www.alquera.com\/en\/#website"},"primaryImageOfPage":{"@id":"https:\/\/www.alquera.com\/sulfato-de-hierro\/plantas\/#primaryimage"},"image":{"@id":"https:\/\/www.alquera.com\/sulfato-de-hierro\/plantas\/#primaryimage"},"thumbnailUrl":"https:\/\/www.alquera.com\/wp-content\/uploads\/2017\/09\/993-thickbox_default-Sulfato-de-Hierro-5Kg-300x300.jpg","datePublished":"2021-03-17T13:18:29+00:00","dateModified":"2026-02-23T14:42:28+00:00","description":"Il ferro \u00e8 uno dei micronutrienti di cui le piante hanno bisogno. Vediamo come applicare il ferro attraverso il solfato di ferro.","breadcrumb":{"@id":"https:\/\/www.alquera.com\/sulfato-de-hierro\/plantas\/#breadcrumb"},"inLanguage":"it-IT","potentialAction":[{"@type":"ReadAction","target":["https:\/\/www.alquera.com\/sulfato-de-hierro\/plantas\/"]}]},{"@type":"ImageObject","inLanguage":"it-IT","@id":"https:\/\/www.alquera.com\/sulfato-de-hierro\/plantas\/#primaryimage","url":"https:\/\/www.alquera.com\/wp-content\/uploads\/2017\/09\/993-thickbox_default-Sulfato-de-Hierro-5Kg-300x300.jpg","contentUrl":"https:\/\/www.alquera.com\/wp-content\/uploads\/2017\/09\/993-thickbox_default-Sulfato-de-Hierro-5Kg-300x300.jpg"},{"@type":"BreadcrumbList","@id":"https:\/\/www.alquera.com\/sulfato-de-hierro\/plantas\/#breadcrumb","itemListElement":[{"@type":"ListItem","position":1,"name":"Inicio","item":"https:\/\/www.alquera.com\/"},{"@type":"ListItem","position":2,"name":"Sulfato de Hierro","item":"https:\/\/www.alquera.com\/sulfato-de-hierro\/"},{"@type":"ListItem","position":3,"name":"Sulfato de Hierro para Plantas"}]},{"@type":"WebSite","@id":"https:\/\/www.alquera.com\/en\/#website","url":"https:\/\/www.alquera.com\/en\/","name":"Alquera.com","description":"Negozio online di prodotti chimici e forniture di laboratorio","publisher":{"@id":"https:\/\/www.alquera.com\/en\/#organization"},"potentialAction":[{"@type":"SearchAction","target":{"@type":"EntryPoint","urlTemplate":"https:\/\/www.alquera.com\/en\/?s={search_term_string}"},"query-input":{"@type":"PropertyValueSpecification","valueRequired":true,"valueName":"search_term_string"}}],"inLanguage":"it-IT"},{"@type":"Organization","@id":"https:\/\/www.alquera.com\/en\/#organization","name":"ALQUERA CIENCIA SL","url":"https:\/\/www.alquera.com\/en\/","logo":{"@type":"ImageObject","inLanguage":"it-IT","@id":"https:\/\/www.alquera.com\/en\/#\/schema\/logo\/image\/","url":"https:\/\/www.alquera.com\/wp-content\/uploads\/2020\/11\/logo_300_ancho.png","contentUrl":"https:\/\/www.alquera.com\/wp-content\/uploads\/2020\/11\/logo_300_ancho.png","width":300,"height":86,"caption":"ALQUERA CIENCIA SL"},"image":{"@id":"https:\/\/www.alquera.com\/en\/#\/schema\/logo\/image\/"},"sameAs":["https:\/\/www.facebook.com\/alqueraciencia","https:\/\/www.instagram.com\/alquera_ciencia\/","https:\/\/www.youtube.com\/c\/alquera"]}]}},"_links":{"self":[{"href":"https:\/\/www.alquera.com\/it\/wp-json\/wp\/v2\/pages\/33360","targetHints":{"allow":["GET"]}}],"collection":[{"href":"https:\/\/www.alquera.com\/it\/wp-json\/wp\/v2\/pages"}],"about":[{"href":"https:\/\/www.alquera.com\/it\/wp-json\/wp\/v2\/types\/page"}],"author":[{"embeddable":true,"href":"https:\/\/www.alquera.com\/it\/wp-json\/wp\/v2\/users\/1"}],"replies":[{"embeddable":true,"href":"https:\/\/www.alquera.com\/it\/wp-json\/wp\/v2\/comments?post=33360"}],"version-history":[{"count":7,"href":"https:\/\/www.alquera.com\/it\/wp-json\/wp\/v2\/pages\/33360\/revisions"}],"predecessor-version":[{"id":56858,"href":"https:\/\/www.alquera.com\/it\/wp-json\/wp\/v2\/pages\/33360\/revisions\/56858"}],"up":[{"embeddable":true,"href":"https:\/\/www.alquera.com\/it\/wp-json\/wp\/v2\/pages\/33351"}],"wp:attachment":[{"href":"https:\/\/www.alquera.com\/it\/wp-json\/wp\/v2\/media?parent=33360"}],"curies":[{"name":"wp","href":"https:\/\/api.w.org\/{rel}","templated":true}]}}