{"id":39758,"date":"2022-11-11T09:43:34","date_gmt":"2022-11-11T09:43:34","guid":{"rendered":"https:\/\/www.alquera.com\/?page_id=39758"},"modified":"2023-01-26T15:01:09","modified_gmt":"2023-01-26T15:01:09","slug":"experimentos-de-ciencias","status":"publish","type":"page","link":"https:\/\/www.alquera.com\/it\/experimentos-de-ciencias\/","title":{"rendered":"Esperimenti scientifici"},"content":{"rendered":"<p>In questa sezione proponiamo una serie di pratiche o esperimenti di chimica da svolgere in gruppo. I prodotti utilizzati sono prodotti chimicamente puri o con un grado di purezza sufficiente per la sperimentazione (non analitica). In questa sezione potete trovare prodotti sfusi per completare alcune pratiche: <a href=\"https:\/\/www.alquera.com\/it\/productos-quimicos\/\">tutti i prodotti<\/a>. All'interno di ogni pratica troverete le spiegazioni, l'elenco dei materiali inclusi e non, nonch\u00e9 la documentazione tecnica associata alla pratica. <\/p>\n\n\n\n<div class=\"filter-list\">\n\n  \n<\/div>\n\n\n\n\n\n<h2 class=\"wp-block-heading\" id=\"h-a-quien-va-dirigido-los-experimentos\">A CHI SONO RIVOLTI GLI ESPERIMENTI<\/h2>\n\n\n\n<p>Gli esperimenti di chimica, o esperimenti scientifici, sono rivolti al grande pubblico, anche se sono specificamente progettati per essere eseguiti pi\u00f9 volte o in gruppo. Il motivo \u00e8 il tempo necessario per preparare ogni esperimento. Si tiene anche conto del fatto che la conduzione di esperimenti non \u00e8 una pratica poco costosa ed essere pensati per essere svolti in gruppo o pi\u00f9 volte ottimizza i tempi e i costi di preparazione.<\/p>\n\n\n\n<h2 class=\"wp-block-heading\" id=\"h-como-pedir-un-kit-para-los-experimentos\">COME ORDINARE UN KIT PER ESPERIMENTI<\/h2>\n\n\n\n<p>\u00c8 possibile ordinare un kit direttamente all'interno del prodotto stesso. Le consegne vengono effettuate quotidianamente e si ricevono in 24\/28 ore in Spagna e Portogallo e in 4-5 giorni in Europa. Per qualsiasi domanda non esitate a <a href=\"https:\/\/www.alquera.com\/it\/contactenos\/\">contattateci<\/a>. All'interno di ogni pratica \u00e8 presente un elenco dettagliato dei prodotti, che se si necessita di grandi quantit\u00e0 o di un rifornimento \u00e8 possibile ordinare attraverso il prodotto stesso. <\/p>\n\n\n\n<h2 class=\"wp-block-heading\" id=\"h-que-tipo-de-practicas-se-detallan\">CHE TIPO DI PRATICHE SONO DETTAGLIATE<\/h2>\n\n\n\n<p>Troverete esperimenti di chimica, magnetismo, semplici reazioni acido-base, reazioni di ossido-riduzione e cristallizzazione. <\/p>","protected":false},"excerpt":{"rendered":"<p>En este apartado te proponemos una serie de pr\u00e1cticas de qu\u00edmica o experimentos para realizar en grupo. Los productos utilizados son productos qu\u00edmicamente puros, o con un grado de pureza suficiente para experimentaci\u00f3n (no anal\u00edtica). puedes encontrar los productos sueltos para completar alguna pr\u00e1ctica en este apartado: todos los productos. Dentro de cada pr\u00e1ctica encontrar\u00e1s [&hellip;]<\/p>\n","protected":false},"author":1,"featured_media":0,"parent":0,"menu_order":0,"comment_status":"closed","ping_status":"closed","template":"","meta":{"_acf_changed":false,"site-sidebar-layout":"no-sidebar","site-content-layout":"default","ast-site-content-layout":"default","site-content-style":"default","site-sidebar-style":"default","ast-global-header-display":"","ast-banner-title-visibility":"","ast-main-header-display":"","ast-hfb-above-header-display":"","ast-hfb-below-header-display":"","ast-hfb-mobile-header-display":"","site-post-title":"","ast-breadcrumbs-content":"","ast-featured-img":"","footer-sml-layout":"","ast-disable-related-posts":"","theme-transparent-header-meta":"default","adv-header-id-meta":"","stick-header-meta":"default","header-above-stick-meta":"","header-main-stick-meta":"","header-below-stick-meta":"","astra-migrate-meta-layouts":"default","ast-page-background-enabled":"default","ast-page-background-meta":{"desktop":{"background-color":"var(--ast-global-color-4)","background-image":"","background-repeat":"repeat","background-position":"center center","background-size":"auto","background-attachment":"scroll","background-type":"","background-media":"","overlay-type":"","overlay-color":"","overlay-opacity":"","overlay-gradient":""},"tablet":{"background-color":"","background-image":"","background-repeat":"repeat","background-position":"center center","background-size":"auto","background-attachment":"scroll","background-type":"","background-media":"","overlay-type":"","overlay-color":"","overlay-opacity":"","overlay-gradient":""},"mobile":{"background-color":"","background-image":"","background-repeat":"repeat","background-position":"center center","background-size":"auto","background-attachment":"scroll","background-type":"","background-media":"","overlay-type":"","overlay-color":"","overlay-opacity":"","overlay-gradient":""}},"ast-content-background-meta":{"desktop":{"background-color":"var(--ast-global-color-5)","background-image":"","background-repeat":"repeat","background-position":"center center","background-size":"auto","background-attachment":"scroll","background-type":"","background-media":"","overlay-type":"","overlay-color":"","overlay-opacity":"","overlay-gradient":""},"tablet":{"background-color":"var(--ast-global-color-5)","background-image":"","background-repeat":"repeat","background-position":"center center","background-size":"auto","background-attachment":"scroll","background-type":"","background-media":"","overlay-type":"","overlay-color":"","overlay-opacity":"","overlay-gradient":""},"mobile":{"background-color":"var(--ast-global-color-5)","background-image":"","background-repeat":"repeat","background-position":"center center","background-size":"auto","background-attachment":"scroll","background-type":"","background-media":"","overlay-type":"","overlay-color":"","overlay-opacity":"","overlay-gradient":""}},"footnotes":""},"class_list":["post-39758","page","type-page","status-publish","hentry"],"acf":[],"yoast_head":"<!-- This site is optimized with the Yoast SEO Premium plugin v27.1 (Yoast SEO v27.1.1) - https:\/\/yoast.com\/product\/yoast-seo-premium-wordpress\/ -->\n<title>Experimentos de Ciencias - Alquera.com<\/title>\n<meta name=\"robots\" content=\"index, follow, max-snippet:-1, max-image-preview:large, max-video-preview:-1\" \/>\n<link rel=\"canonical\" href=\"https:\/\/www.alquera.com\/it\/experimentos-de-ciencias\/\" \/>\n<meta property=\"og:locale\" content=\"it_IT\" \/>\n<meta property=\"og:type\" content=\"article\" \/>\n<meta property=\"og:title\" content=\"Experimentos de Ciencias\" \/>\n<meta property=\"og:description\" content=\"En este apartado te proponemos una serie de pr\u00e1cticas de qu\u00edmica o experimentos para realizar en grupo. Los productos utilizados son productos qu\u00edmicamente puros, o con un grado de pureza suficiente para experimentaci\u00f3n (no anal\u00edtica). puedes encontrar los productos sueltos para completar alguna pr\u00e1ctica en este apartado: todos los productos. Dentro de cada pr\u00e1ctica encontrar\u00e1s [&hellip;]\" \/>\n<meta property=\"og:url\" content=\"https:\/\/www.alquera.com\/it\/experimentos-de-ciencias\/\" \/>\n<meta property=\"og:site_name\" content=\"Alquera.com\" \/>\n<meta property=\"article:publisher\" content=\"https:\/\/www.facebook.com\/alqueraciencia\" \/>\n<meta property=\"article:modified_time\" content=\"2023-01-26T15:01:09+00:00\" \/>\n<meta name=\"twitter:card\" content=\"summary_large_image\" \/>\n<meta name=\"twitter:label1\" content=\"Tempo di lettura stimato\" \/>\n\t<meta name=\"twitter:data1\" content=\"2 minuti\" \/>\n<script type=\"application\/ld+json\" class=\"yoast-schema-graph\">{\"@context\":\"https:\/\/schema.org\",\"@graph\":[{\"@type\":\"WebPage\",\"@id\":\"https:\/\/www.alquera.com\/experimentos-de-ciencias\/\",\"url\":\"https:\/\/www.alquera.com\/experimentos-de-ciencias\/\",\"name\":\"Experimentos de Ciencias - Alquera.com\",\"isPartOf\":{\"@id\":\"https:\/\/www.alquera.com\/en\/#website\"},\"datePublished\":\"2022-11-11T09:43:34+00:00\",\"dateModified\":\"2023-01-26T15:01:09+00:00\",\"breadcrumb\":{\"@id\":\"https:\/\/www.alquera.com\/experimentos-de-ciencias\/#breadcrumb\"},\"inLanguage\":\"it-IT\",\"potentialAction\":[{\"@type\":\"ReadAction\",\"target\":[\"https:\/\/www.alquera.com\/experimentos-de-ciencias\/\"]}]},{\"@type\":\"BreadcrumbList\",\"@id\":\"https:\/\/www.alquera.com\/experimentos-de-ciencias\/#breadcrumb\",\"itemListElement\":[{\"@type\":\"ListItem\",\"position\":1,\"name\":\"Inicio\",\"item\":\"https:\/\/www.alquera.com\/\"},{\"@type\":\"ListItem\",\"position\":2,\"name\":\"Experimentos de Ciencias\"}]},{\"@type\":\"WebSite\",\"@id\":\"https:\/\/www.alquera.com\/en\/#website\",\"url\":\"https:\/\/www.alquera.com\/en\/\",\"name\":\"Alquera.com\",\"description\":\"Tienda Online Productos Qu\u00edmicos y Material de Laboratorio\",\"publisher\":{\"@id\":\"https:\/\/www.alquera.com\/en\/#organization\"},\"potentialAction\":[{\"@type\":\"SearchAction\",\"target\":{\"@type\":\"EntryPoint\",\"urlTemplate\":\"https:\/\/www.alquera.com\/en\/?s={search_term_string}\"},\"query-input\":{\"@type\":\"PropertyValueSpecification\",\"valueRequired\":true,\"valueName\":\"search_term_string\"}}],\"inLanguage\":\"it-IT\"},{\"@type\":\"Organization\",\"@id\":\"https:\/\/www.alquera.com\/en\/#organization\",\"name\":\"ALQUERA CIENCIA SL\",\"url\":\"https:\/\/www.alquera.com\/en\/\",\"logo\":{\"@type\":\"ImageObject\",\"inLanguage\":\"it-IT\",\"@id\":\"https:\/\/www.alquera.com\/en\/#\/schema\/logo\/image\/\",\"url\":\"https:\/\/www.alquera.com\/wp-content\/uploads\/2020\/11\/logo_300_ancho.png\",\"contentUrl\":\"https:\/\/www.alquera.com\/wp-content\/uploads\/2020\/11\/logo_300_ancho.png\",\"width\":300,\"height\":86,\"caption\":\"ALQUERA CIENCIA SL\"},\"image\":{\"@id\":\"https:\/\/www.alquera.com\/en\/#\/schema\/logo\/image\/\"},\"sameAs\":[\"https:\/\/www.facebook.com\/alqueraciencia\",\"https:\/\/www.instagram.com\/alquera_ciencia\/\",\"https:\/\/www.youtube.com\/c\/alquera\"]}]}<\/script>\n<!-- \/ Yoast SEO Premium plugin. -->","yoast_head_json":{"title":"Esperimenti scientifici - Alquera.com","robots":{"index":"index","follow":"follow","max-snippet":"max-snippet:-1","max-image-preview":"max-image-preview:large","max-video-preview":"max-video-preview:-1"},"canonical":"https:\/\/www.alquera.com\/it\/experimentos-de-ciencias\/","og_locale":"it_IT","og_type":"article","og_title":"Experimentos de Ciencias","og_description":"En este apartado te proponemos una serie de pr\u00e1cticas de qu\u00edmica o experimentos para realizar en grupo. Los productos utilizados son productos qu\u00edmicamente puros, o con un grado de pureza suficiente para experimentaci\u00f3n (no anal\u00edtica). puedes encontrar los productos sueltos para completar alguna pr\u00e1ctica en este apartado: todos los productos. Dentro de cada pr\u00e1ctica encontrar\u00e1s [&hellip;]","og_url":"https:\/\/www.alquera.com\/it\/experimentos-de-ciencias\/","og_site_name":"Alquera.com","article_publisher":"https:\/\/www.facebook.com\/alqueraciencia","article_modified_time":"2023-01-26T15:01:09+00:00","twitter_card":"summary_large_image","twitter_misc":{"Tempo di lettura stimato":"2 minuti"},"schema":{"@context":"https:\/\/schema.org","@graph":[{"@type":"WebPage","@id":"https:\/\/www.alquera.com\/experimentos-de-ciencias\/","url":"https:\/\/www.alquera.com\/experimentos-de-ciencias\/","name":"Esperimenti scientifici - Alquera.com","isPartOf":{"@id":"https:\/\/www.alquera.com\/en\/#website"},"datePublished":"2022-11-11T09:43:34+00:00","dateModified":"2023-01-26T15:01:09+00:00","breadcrumb":{"@id":"https:\/\/www.alquera.com\/experimentos-de-ciencias\/#breadcrumb"},"inLanguage":"it-IT","potentialAction":[{"@type":"ReadAction","target":["https:\/\/www.alquera.com\/experimentos-de-ciencias\/"]}]},{"@type":"BreadcrumbList","@id":"https:\/\/www.alquera.com\/experimentos-de-ciencias\/#breadcrumb","itemListElement":[{"@type":"ListItem","position":1,"name":"Inicio","item":"https:\/\/www.alquera.com\/"},{"@type":"ListItem","position":2,"name":"Experimentos de Ciencias"}]},{"@type":"WebSite","@id":"https:\/\/www.alquera.com\/en\/#website","url":"https:\/\/www.alquera.com\/en\/","name":"Alquera.com","description":"Negozio online di prodotti chimici e forniture di laboratorio","publisher":{"@id":"https:\/\/www.alquera.com\/en\/#organization"},"potentialAction":[{"@type":"SearchAction","target":{"@type":"EntryPoint","urlTemplate":"https:\/\/www.alquera.com\/en\/?s={search_term_string}"},"query-input":{"@type":"PropertyValueSpecification","valueRequired":true,"valueName":"search_term_string"}}],"inLanguage":"it-IT"},{"@type":"Organization","@id":"https:\/\/www.alquera.com\/en\/#organization","name":"ALQUERA CIENCIA SL","url":"https:\/\/www.alquera.com\/en\/","logo":{"@type":"ImageObject","inLanguage":"it-IT","@id":"https:\/\/www.alquera.com\/en\/#\/schema\/logo\/image\/","url":"https:\/\/www.alquera.com\/wp-content\/uploads\/2020\/11\/logo_300_ancho.png","contentUrl":"https:\/\/www.alquera.com\/wp-content\/uploads\/2020\/11\/logo_300_ancho.png","width":300,"height":86,"caption":"ALQUERA CIENCIA SL"},"image":{"@id":"https:\/\/www.alquera.com\/en\/#\/schema\/logo\/image\/"},"sameAs":["https:\/\/www.facebook.com\/alqueraciencia","https:\/\/www.instagram.com\/alquera_ciencia\/","https:\/\/www.youtube.com\/c\/alquera"]}]}},"_links":{"self":[{"href":"https:\/\/www.alquera.com\/it\/wp-json\/wp\/v2\/pages\/39758","targetHints":{"allow":["GET"]}}],"collection":[{"href":"https:\/\/www.alquera.com\/it\/wp-json\/wp\/v2\/pages"}],"about":[{"href":"https:\/\/www.alquera.com\/it\/wp-json\/wp\/v2\/types\/page"}],"author":[{"embeddable":true,"href":"https:\/\/www.alquera.com\/it\/wp-json\/wp\/v2\/users\/1"}],"replies":[{"embeddable":true,"href":"https:\/\/www.alquera.com\/it\/wp-json\/wp\/v2\/comments?post=39758"}],"version-history":[{"count":57,"href":"https:\/\/www.alquera.com\/it\/wp-json\/wp\/v2\/pages\/39758\/revisions"}],"predecessor-version":[{"id":40847,"href":"https:\/\/www.alquera.com\/it\/wp-json\/wp\/v2\/pages\/39758\/revisions\/40847"}],"wp:attachment":[{"href":"https:\/\/www.alquera.com\/it\/wp-json\/wp\/v2\/media?parent=39758"}],"curies":[{"name":"wp","href":"https:\/\/api.w.org\/{rel}","templated":true}]}}