{"id":44896,"date":"2023-11-03T10:33:37","date_gmt":"2023-11-03T10:33:37","guid":{"rendered":"https:\/\/www.alquera.com\/?page_id=44896"},"modified":"2023-11-03T12:51:21","modified_gmt":"2023-11-03T12:51:21","slug":"tous-les-produits","status":"publish","type":"page","link":"https:\/\/www.alquera.com\/it\/tous-les-produits\/","title":{"rendered":"Tutti i prodotti"},"content":{"rendered":"<p>Trovate un'ampia gamma di prodotti chimici da Alquera. Potete trovare il prodotto chimico che state cercando navigando per nome. Troverete diversi formati. Effettuate l'acquisto direttamente online seguendo i passaggi indicati di seguito. Le consegne vengono effettuate entro 4\/5 giorni dal ricevimento dell'ordine. Se avete domande sul funzionamento di Alquera, scrivete a info@alquera.com o contattateci via Whatsapp a 620887597.<\/p>\n<div class=\"rte3\">\n<div class=\"gloslistrow\">\n<div class=\"gloslist\">\n<p class=\"glostitle\">A<\/p>\n<ul class=\"gloslista\">\n<li><a href=\"https:\/\/www.alquera.com\/fr\/acetato-de-sodio\/\">Acetato di sodio<\/a><\/li>\n<li><a href=\"https:\/\/www.alquera.com\/fr\/acido-citrico\/\">Acido citrico<\/a><\/li>\n<li><a href=\"https:\/\/www.alquera.com\/fr\/acido-oxalico\/\">Acido ossalico<\/a><\/li>\n<li><a href=\"https:\/\/www.alquera.com\/fr\/acido-fosforico\/\">Acido fosforico<\/a><\/li>\n<li><a href=\"https:\/\/www.alquera.com\/fr\/imanes-neodimio\/\">Gli aspiranti al N\u00e9odyme<\/a><\/li>\n<li><a href=\"https:\/\/www.alquera.com\/fr\/alcohol-isopropilico\/\">Alcool Isopropilico<\/a><\/li>\n<li><a href=\"https:\/\/www.alquera.com\/fr\/alcohol-polivinilico\/\">Alcool polivinilico<\/a><\/li>\n<li><a href=\"https:\/\/www.alquera.com\/fr\/alumbre-en-polvo\/\">Alun de Potassium en Poudre<\/a><\/li>\n<\/li>\n<\/ul>\n<\/div>\n<div class=\"gloslist\">\n<p class=\"glostitle\">B<\/p>\n<ul class=\"gloslista\">\n<li><a href=\"https:\/\/www.alquera.com\/fr\/jarra-medidora-de-polipropileno\/\">B\u00e9cher \u00e0 Anse in polipropilene<br \/>\n<\/a><\/li>\n<li><a href=\"https:\/\/www.alquera.com\/fr\/vaso-de-precipitado\/\">B\u00e9chers in borosilicato<\/a><\/li>\n<li><a href=\"https:\/\/www.alquera.com\/fr\/vaso-precipitados-polipropileno\/\">Macchine in polipropilene<\/a><\/li>\n<li><a href=\"https:\/\/www.alquera.com\/fr\/bicarbonato-de-potasio\/\">Bicarbonato di potassio<\/a><\/li>\n<li><a href=\"https:\/\/www.alquera.com\/fr\/bicarbonato-de-sodio\/\">Bicarbonato di sodio<\/a><\/li>\n<li><a href=\"https:\/\/www.alquera.com\/fr\/bisulfito-de-sodio\/\">Bisolfito di sodio liquido<\/a><\/li>\n<li><a href=\"https:\/\/www.alquera.com\/fr\/bisulfato-de-sodio\/\">Bisolfato di sodio<\/a><\/li>\n<li><a href=\"https:\/\/www.alquera.com\/fr\/bolas-gel\/\">Fiale di gel<\/a><\/li>\n<li><a href=\"https:\/\/www.alquera.com\/fr\/borax\/\">Borace<\/a><\/li>\n<li><a href=\"https:\/\/www.alquera.com\/fr\/brilliant-blue-fcf-granular\/\">Bleu Brillant FCF<\/a><\/li>\n<li><a href=\"https:\/\/www.alquera.com\/fr\/azul-de-metileno\/\">Bleu de M\u00e9thyl\u00e8ne en Poudre.<\/a><\/li>\n<li><a href=\"https:\/\/www.alquera.com\/fr\/azul-de-metileno-1\/\">Bleu de M\u00e9thyl\u00e8ne 1%\/\/ Bleu de M\u00e9thyl\u00e8ne 1%\/\/<\/a><\/ul>\n<\/div>\n<div class=\"gloslist\">\n<p class=\"glostitle\">C<\/p>\n<ul class=\"gloslista\">\n<li><a href=\"https:\/\/www.alquera.com\/fr\/carbonato-de-calcio\/\">Carbonato di calcio<\/a><\/li>\n<li><a href=\"https:\/\/www.alquera.com\/fr\/carbonato-potasio\/\">Carbonato di potassio<\/a><\/li>\n<li><a href=\"https:\/\/www.alquera.com\/fr\/carbonato-de-sodio\/\">Carbonato di sodio<\/a><\/li>\n<li><a href=\"https:\/\/www.alquera.com\/fr\/carbon-activo\/\">Charbon Actif (grani, polvere e granuli)<\/a><\/li>\n<li><a href=\"https:\/\/www.alquera.com\/fr\/quelato-de-hierro-eddha\/\">Ch\u00e9late de fer. EDDHA 6%<\/a><\/li>\n<li><a href=\"https:\/\/www.alquera.com\/fr\/cloruro-de-calcio\/\">Cloruro di calcio<\/a><\/li>\n<li><a href=\"https:\/\/www.alquera.com\/fr\/cloruro-de-magnesio\/\">Cloruro di magnesio<\/a><\/li>\n<li><a href=\"https:\/\/www.alquera.com\/fr\/cloruro-sodio\/\">Cloruro di sodio<\/a><\/li>\n<li><a href=\"https:\/\/www.alquera.com\/fr\/citrato-ferrico-amoniacal\/\">Citrato ferrico ammoniacale<\/a><\/li>\n<li><a href=\"https:\/\/www.alquera.com\/fr\/colorantes-alimentarios\/\">Coloranti alimentari<\/a><\/li>\n<li><a href=\"https:\/\/www.alquera.com\/fr\/cucharas-medidoras-de-plastico-10ml\/\">Misurini di plastica<\/a><\/li>\n<\/ul>\n<\/div>\n<div class=\"gloslistrow\">\n<div class=\"gloslist\">\n<p class=\"glostitle\">D-E<\/p>\n<ul class=\"gloslista\">\n<li><a href=\"https:\/\/www.alquera.com\/fr\/polidimetilsiloxano-dimeticona\/\">Dimeticone<\/a><\/li>\n<li><a href=\"https:\/\/www.alquera.com\/fr\/embudo-vidrio\/\">&gt;Entonnoir in borosilicato<\/a><\/li>\n<li><a href=\"https:\/\/www.alquera.com\/fr\/quelato-de-hierro-eddha\/\">EDDHA 6% - Camicia di ferro<\/a><\/li>\n<li><a href=\"https:\/\/www.alquera.com\/fr\/edta-sal-disodica-001-mol\/\">EDTA Sel disodique 0,01 mol\/l (0,01M) soluzione titolata<\/a>\u00a0(LAB)<\/li>\n<\/ul>\n<\/div>\n<div class=\"gloslist\">\n<p class=\"glostitle\">F<\/p>\n<ul class=\"gloslista\">\n<li>\u00a0<a href=\"https:\/\/www.alquera.com\/fr\/limaduras-de-hierro\/\">Fer - Limaille<\/a><\/li>\n<li>\u00a0<a href=\"https:\/\/www.alquera.com\/fr\/polvos-de-hierro\/\">Fer en Poudre<\/a>)<\/li>\n<li><a href=\"https:\/\/www.alquera.com\/fr\/chapas-de-hierro\/\">Fer - T\u00f4les<\/a><\/li>\n<li><a href=\"https:\/\/www.alquera.com\/fr\/ferricianuro-de-potasa-rojo\/\">Ferricianuro di potassio rosso<\/a><\/li>\n<li><a href=\"https:\/\/www.alquera.com\/fr\/matraz-aforado\/\">Fiole Jaug\u00e9e (con bouchon)<\/a><\/li>\n<li><a href=\"https:\/\/www.alquera.com\/fr\/matraz-erlenmeyer-cuello-estrecho\/\">Fiole Erlenmeyer a Col \u00c9troit,<\/a><\/li>\n<li><a href=\"https:\/\/www.alquera.com\/fr\/fluoresceina-sodica\/\">Fluoresceina Sodique en Poudre<\/a><\/li>\n<li><a href=\"https:\/\/www.alquera.com\/fr\/fluoresceina-sodica-al-1\/\">Fluoresceina Sodique 1%<\/a><\/li>\n<\/ul>\n<\/div>\n<div class=\"gloslist\">\n<p class=\"glostitle\">G<\/p>\n<ul class=\"gloslista\">\n<li><a href=\"https:\/\/www.alquera.com\/fr\/glicerina\/\">Glicina<\/a><\/li>\n<li><a href=\"https:\/\/www.alquera.com\/fr\/gradilla-blanca-plastico-8-agujeros\/\">Griglia versa tubi<\/a><\/li>\n<li><a href=\"https:\/\/www.alquera.com\/fr\/goma-arabiga-en-polvo\/\">Gomme arabe in poudre<\/a><\/li>\n<\/ul>\n<\/div>\n<\/div>\n<div class=\"gloslistrow\">\n<div class=\"gloslist\">\n<p class=\"glostitle\">H<\/p>\n<ul class=\"gloslista\">\n<li><a href=\"https:\/\/www.alquera.com\/fr\/hidrogel\/\">Idrogel<\/a><\/li>\n<li><a href=\"https:\/\/www.alquera.com\/fr\/hidroxido-de-potasio-1kg\/\">Idrossido di potassio<\/a><\/li>\n<li><a href=\"https:\/\/www.alquera.com\/fr\/hiposulfito-de-sodio\/\">Iposolfito di sodio<\/a><\/li>\n<li><a href=\"https:\/\/www.alquera.com\/fr\/hidroxido-de-sodio\/\">Idrossido di sodio<\/a><\/li>\n<\/ul>\n<\/div>\n<div class=\"gloslist\">\n<p class=\"glostitle\">I-J-K<\/p>\n<ul class=\"gloslista\">\n<li><a href=\"https:\/\/www.alquera.com\/fr\/yoduro-de-potasio\/\">Ioduro di potassio<\/a><\/li>\n<li><a href=\"https:\/\/www.alquera.com\/fr\/kelamix-complex\/\">Kelamix<\/a><\/li>\n<li><a href=\"https:\/\/www.alquera.com\/fr\/kit-escolar-electrico\/\">Kit scolastico elettrico<\/a><\/li>\n<\/ul>\n<\/div>\n<div class=\"gloslistrow\">\n<div class=\"gloslist\">\n<p class=\"glostitle\">M<\/p>\n<ul>\n<li><a href=\"https:\/\/www.alquera.com\/fr\/material-de-laboratorio\/\">Attrezzature di laboratorio<\/a><\/li>\n<li><a href=\"https:\/\/www.alquera.com\/fr\/medidor-de-tds-solidos-disueltos\/\">TDS - Misuratore di solidi dissipati<\/a><\/li>\n<li><a href=\"https:\/\/www.alquera.com\/fr\/metabisulfito-de-sodio\/\">M\u00e9tabisulfite de Sodium<\/a><\/li>\n<li><a href=\"https:\/\/www.alquera.com\/fr\/micorrizas\/\">Compresse Mycorhize<\/a><\/li>\n<li><a href=\"https:\/\/www.alquera.com\/fr\/micorrizas-polvo\/\">Micorrize in polvere<\/a><\/li>\n<\/ul>\n<\/div>\n<div class=\"gloslist\">\n<p class=\"glostitle\">N<\/p>\n<ul class=\"gloslista\">\n<li><a href=\"https:\/\/www.alquera.com\/fr\/nieve-artificial\/\">Neve artificiale<\/a><\/li>\n<li><a href=\"https:\/\/www.alquera.com\/fr\/nitrato-de-calcio\/\">Nitrato di calcio<\/a><\/li>\n<li><a href=\"https:\/\/www.alquera.com\/fr\/nitrato-de-cobre\/\">Nitrato di Cuivre<\/a><\/li>\n<li><a href=\"https:\/\/www.alquera.com\/fr\/nitrato-de-hierro\/\">Nitrato di ferro<\/a><\/li>\n<li><a href=\"https:\/\/www.alquera.com\/fr\/nitrato-de-plata\/\">Nitrato d'argento<\/a><\/li>\n<li><a href=\"https:\/\/www.alquera.com\/fr\/nitrato-de-potasio\/\">Nitrato di potassio<\/a><\/li>\n<li><a href=\"https:\/\/www.alquera.com\/fr\/negro-de-eriocromo\/\">Noir \u00e9riochrome 1%<\/a>\u00a0(LAB)<\/li>\n<\/ul>\n<\/div>\n<div class=\"gloslist\">\n<p class=\"glostitle\">L<\/p>\n<ul class=\"gloslista\">\n<li><a href=\"https:\/\/www.alquera.com\/fr\/linterna-luz-ultravioleta\/\">Lampada a luce ultravioletta<\/a><\/li>\n<li><a href=\"https:\/\/www.alquera.com\/fr\/limaduras-de-hierro\/\">Limaille de Fer<\/a><\/li>\n<\/ul>\n<\/div>\n<\/div>\n<div class=\"gloslistrow\">\n<div class=\"gloslist\">\n<p class=\"glostitle\">O<\/p>\n<ul class=\"gloslista\">\n<li><a href=\"https:\/\/www.alquera.com\/fr\/oxido-de-cerio\/\">Ossido di carbonio<\/a><\/li>\n<li><a href=\"https:\/\/www.alquera.com\/fr\/oxido-de-aluminio\/\">Ossido di alluminio<\/a><\/li>\n<\/ul>\n<\/div>\n<div class=\"gloslist\">\n<p class=\"glostitle\">P<\/p>\n<ul class=\"gloslista\">\n<li><a href=\"https:\/\/www.alquera.com\/fr\/parafina-para-velas\/\">Paraffina (Cire) per Bougies<\/a><\/li>\n<li><a href=\"https:\/\/www.alquera.com\/fr\/permanganato-de-potasio\/\">Permanganato di potassio<\/a><\/li>\n<li><a href=\"https:\/\/www.alquera.com\/fr\/persulfato-de-sodio\/\">Persolfato di sodio<\/a><\/li>\n<li><a href=\"https:\/\/www.alquera.com\/fr\/fosfato-monoamonico\/\">Fosfato monoammonico<\/a><\/li>\n<li><a href=\"https:\/\/www.alquera.com\/fr\/fosfato-monopotasico\/\">Fosfato monopotassico<\/a><\/li>\n<li><a href=\"https:\/\/www.alquera.com\/fr\/medidor-de-ph\/\">pH-metro<\/a><\/li>\n<li><a href=\"https:\/\/www.alquera.com\/fr\/poliacrilamida\/\">Poliacrilammide anionica<\/a><\/li>\n<li><a href=\"https:\/\/www.alquera.com\/fr\/poliacrilamida-cationica\/\">Poliacrilammide cationica<\/a><\/li>\n<li><a href=\"https:\/\/www.alquera.com\/fr\/poliacrilato-de-potasio\/\">Poliacrilato di potassio<\/a><\/li>\n<li><a href=\"https:\/\/www.alquera.com\/fr\/poliacrilato-de-sodio\/\">Poliacrilato di sodio<\/a><\/li>\n<li><a href=\"https:\/\/www.alquera.com\/fr\/polidimetilsiloxano-dimeticona\/\">Polidimetiletilsilossano - Dimeticone<\/a><\/li>\n<li><a href=\"https:\/\/www.alquera.com\/fr\/polvos-de-hierro\/\">Poudres de fer<\/a><\/li>\n<\/ul>\n<\/div>\n<div class=\"gloslist\">\n<p class=\"glostitle\">Q<\/p>\n<ul><\/ul>\n<\/div>\n<\/div>\n<div class=\"gloslistrow\">\n<div class=\"gloslist\">\n<p class=\"glostitle\">R<\/p>\n<ul class=\"gloslista\">\n<li><a href=\"https:\/\/www.alquera.com\/fr\/rodamina-b\/\">Rodamina<\/a><\/li>\n<\/ul>\n<\/div>\n<div class=\"gloslist\">\n<p class=\"glostitle\">S<\/p>\n<ul class=\"gloslista\">\n<li><a href=\"https:\/\/www.alquera.com\/fr\/jeringas-para-medicion-liquidos\/\">Seringhe per la misurazione dei liquidi<\/a><\/li>\n<li><a href=\"https:\/\/www.alquera.com\/fr\/silicato-de-potasio\/\">Silicato di potassio<\/a><\/li>\n<li><a href=\"https:\/\/www.alquera.com\/fr\/silicato-de-sodio\/\">Silicato di sodio<\/a><\/li>\n<li><a href=\"https:\/\/www.alquera.com\/fr\/silicona-para-moldes-catalizador\/\">Silicone per moules + catalizzatore<\/a><\/li>\n<li><a href=\"https:\/\/www.alquera.com\/fr\/azufre-micronizado-tecnico\/\">Soufre Micronis\u00e9e in Poudre<\/a><\/li>\n<li><a href=\"https:\/\/www.alquera.com\/fr\/microespatula-cuchara-acero-inox-l-200-mm\/\"<\/a>Spatola di laboratorio<\/li>\n<li><a href=\"https:\/\/www.alquera.com\/fr\/sulfato-de-aluminio\/\">Solfato di alluminio<\/a><\/li>\n<li><a href=\"https:\/\/www.alquera.com\/fr\/sulfato-de-calcio\/\">Solfato di calcio<\/a><\/li>\n<li><a href=\"https:\/\/www.alquera.com\/fr\/sulfato-de-cobre\/\">Solfato di quarzo in polvere<\/a><\/li>\n<li><a href=\"https:\/\/www.alquera.com\/fr\/sulfato-de-cobre-piedra\/\">Solfato di Cuivre en Pierre<\/a><\/li>\n<li><a href=\"https:\/\/www.alquera.com\/fr\/sulfato-de-hierro\/\">Solfato di ferro<\/a><\/li>\n<li><a href=\"https:\/\/www.alquera.com\/fr\/sulfato-magnesio\/\">Solfato di magnesio<\/a><\/li>\n<li><a href=\"https:\/\/www.alquera.com\/fr\/sulfato-de-manganeso\/\">Solfato di manganese<\/a><\/li>\n<li><a href=\"https:\/\/www.alquera.com\/fr\/sulfato-de-potasio\/\">Solfato di potassio<\/a><\/li>\n<li><a href=\"https:\/\/www.alquera.com\/fr\/sulfato-de-sodio\/\">Solfato di sodio<\/a><\/li>\n<li><a href=\"https:\/\/www.alquera.com\/fr\/sulfato-de-zinc\/\">Solfato di zinco<\/a><\/li>\n<li><a href=\"https:\/\/www.alquera.com\/fr\/sulfato-de-niquel\/\">Solfato di nichel<\/a><\/li>\n<\/ul>\n<\/div>\n<div class=\"gloslist\">\n<p class=\"glostitle\">T-U-V-V-Y<\/p>\n<ul class=\"gloslista\">\n<li><a href=\"https:\/\/www.alquera.com\/fr\/termometro-de-varilla\/\">Termometro a tige<\/a><\/li>\n<li><a href=\"https:\/\/www.alquera.com\/fr\/tierra-de-diatomeas\/\">Terre di diatomee<\/a><\/li>\n<li><a href=\"https:\/\/www.alquera.com\/fr\/tripolifosfato-de-sodio\/\">Tripolifosfato di sodio<\/a><\/li>\n<li><a href=\"https:\/\/www.alquera.com\/fr\/tubos-de-ensayo-de-vidrio\/\">Provette<\/a><\/li>\n<li><a href=\"https:\/\/www.alquera.com\/fr\/urea\/\">Ur\u00e9e 46%N<\/a><\/li>\n<li><a href=\"https:\/\/www.alquera.com\/fr\/vaselina-filante\/\">Vaselina<\/a><\/li>\n<\/ul>\n<\/div>\n<\/div>\n<\/div>","protected":false},"excerpt":{"rendered":"<p>Trouvez \u00e0 Alquera une large gamme de produits chimiques. Vous pouvez trouver le produit chimique que vous recherchez en naviguant ci-dessous par nom. Vous trouverez diff\u00e9rents formats. Effectuez votre achat directement en ligne en suivant les \u00e9tapes ci-dessous. Les livraisons sont effectu\u00e9es dans les 24\/48 heures suivant la r\u00e9ception de la commande. Si vous avez [&hellip;]<\/p>\n","protected":false},"author":1,"featured_media":0,"parent":0,"menu_order":0,"comment_status":"closed","ping_status":"closed","template":"","meta":{"_acf_changed":false,"site-sidebar-layout":"default","site-content-layout":"default","ast-site-content-layout":"default","site-content-style":"default","site-sidebar-style":"default","ast-global-header-display":"","ast-banner-title-visibility":"","ast-main-header-display":"","ast-hfb-above-header-display":"","ast-hfb-below-header-display":"","ast-hfb-mobile-header-display":"","site-post-title":"","ast-breadcrumbs-content":"","ast-featured-img":"","footer-sml-layout":"","ast-disable-related-posts":"","theme-transparent-header-meta":"default","adv-header-id-meta":"","stick-header-meta":"default","header-above-stick-meta":"","header-main-stick-meta":"","header-below-stick-meta":"","astra-migrate-meta-layouts":"default","ast-page-background-enabled":"default","ast-page-background-meta":{"desktop":{"background-color":"var(--ast-global-color-4)","background-image":"","background-repeat":"repeat","background-position":"center center","background-size":"auto","background-attachment":"scroll","background-type":"","background-media":"","overlay-type":"","overlay-color":"","overlay-opacity":"","overlay-gradient":""},"tablet":{"background-color":"","background-image":"","background-repeat":"repeat","background-position":"center center","background-size":"auto","background-attachment":"scroll","background-type":"","background-media":"","overlay-type":"","overlay-color":"","overlay-opacity":"","overlay-gradient":""},"mobile":{"background-color":"","background-image":"","background-repeat":"repeat","background-position":"center center","background-size":"auto","background-attachment":"scroll","background-type":"","background-media":"","overlay-type":"","overlay-color":"","overlay-opacity":"","overlay-gradient":""}},"ast-content-background-meta":{"desktop":{"background-color":"var(--ast-global-color-5)","background-image":"","background-repeat":"repeat","background-position":"center center","background-size":"auto","background-attachment":"scroll","background-type":"","background-media":"","overlay-type":"","overlay-color":"","overlay-opacity":"","overlay-gradient":""},"tablet":{"background-color":"var(--ast-global-color-5)","background-image":"","background-repeat":"repeat","background-position":"center center","background-size":"auto","background-attachment":"scroll","background-type":"","background-media":"","overlay-type":"","overlay-color":"","overlay-opacity":"","overlay-gradient":""},"mobile":{"background-color":"var(--ast-global-color-5)","background-image":"","background-repeat":"repeat","background-position":"center center","background-size":"auto","background-attachment":"scroll","background-type":"","background-media":"","overlay-type":"","overlay-color":"","overlay-opacity":"","overlay-gradient":""}},"footnotes":""},"class_list":["post-44896","page","type-page","status-publish","hentry"],"acf":[],"yoast_head":"<!-- This site is optimized with the Yoast SEO Premium plugin v27.1 (Yoast SEO v27.1.1) - https:\/\/yoast.com\/product\/yoast-seo-premium-wordpress\/ -->\n<title>Tous les Produits - Alquera.com<\/title>\n<meta name=\"robots\" content=\"index, follow, max-snippet:-1, max-image-preview:large, max-video-preview:-1\" \/>\n<link rel=\"canonical\" href=\"https:\/\/www.alquera.com\/it\/tous-les-produits\/\" \/>\n<meta property=\"og:locale\" content=\"it_IT\" \/>\n<meta property=\"og:type\" content=\"article\" \/>\n<meta property=\"og:title\" content=\"Tous les Produits\" \/>\n<meta property=\"og:description\" content=\"Trouvez \u00e0 Alquera une large gamme de produits chimiques. Vous pouvez trouver le produit chimique que vous recherchez en naviguant ci-dessous par nom. Vous trouverez diff\u00e9rents formats. Effectuez votre achat directement en ligne en suivant les \u00e9tapes ci-dessous. Les livraisons sont effectu\u00e9es dans les 24\/48 heures suivant la r\u00e9ception de la commande. Si vous avez [&hellip;]\" \/>\n<meta property=\"og:url\" content=\"https:\/\/www.alquera.com\/it\/tous-les-produits\/\" \/>\n<meta property=\"og:site_name\" content=\"Alquera.com\" \/>\n<meta property=\"article:publisher\" content=\"https:\/\/www.facebook.com\/alqueraciencia\" \/>\n<meta property=\"article:modified_time\" content=\"2023-11-03T12:51:21+00:00\" \/>\n<meta name=\"twitter:card\" content=\"summary_large_image\" \/>\n<meta name=\"twitter:label1\" content=\"Tempo di lettura stimato\" \/>\n\t<meta name=\"twitter:data1\" content=\"2 minuti\" \/>\n<script type=\"application\/ld+json\" class=\"yoast-schema-graph\">{\"@context\":\"https:\/\/schema.org\",\"@graph\":[{\"@type\":\"WebPage\",\"@id\":\"https:\/\/www.alquera.com\/tous-les-produits\/\",\"url\":\"https:\/\/www.alquera.com\/tous-les-produits\/\",\"name\":\"Tous les Produits - Alquera.com\",\"isPartOf\":{\"@id\":\"https:\/\/www.alquera.com\/en\/#website\"},\"datePublished\":\"2023-11-03T10:33:37+00:00\",\"dateModified\":\"2023-11-03T12:51:21+00:00\",\"breadcrumb\":{\"@id\":\"https:\/\/www.alquera.com\/tous-les-produits\/#breadcrumb\"},\"inLanguage\":\"it-IT\",\"potentialAction\":[{\"@type\":\"ReadAction\",\"target\":[\"https:\/\/www.alquera.com\/tous-les-produits\/\"]}]},{\"@type\":\"BreadcrumbList\",\"@id\":\"https:\/\/www.alquera.com\/tous-les-produits\/#breadcrumb\",\"itemListElement\":[{\"@type\":\"ListItem\",\"position\":1,\"name\":\"Inicio\",\"item\":\"https:\/\/www.alquera.com\/\"},{\"@type\":\"ListItem\",\"position\":2,\"name\":\"Tous les Produits\"}]},{\"@type\":\"WebSite\",\"@id\":\"https:\/\/www.alquera.com\/en\/#website\",\"url\":\"https:\/\/www.alquera.com\/en\/\",\"name\":\"Alquera.com\",\"description\":\"Tienda Online Productos Qu\u00edmicos y Material de Laboratorio\",\"publisher\":{\"@id\":\"https:\/\/www.alquera.com\/en\/#organization\"},\"potentialAction\":[{\"@type\":\"SearchAction\",\"target\":{\"@type\":\"EntryPoint\",\"urlTemplate\":\"https:\/\/www.alquera.com\/en\/?s={search_term_string}\"},\"query-input\":{\"@type\":\"PropertyValueSpecification\",\"valueRequired\":true,\"valueName\":\"search_term_string\"}}],\"inLanguage\":\"it-IT\"},{\"@type\":\"Organization\",\"@id\":\"https:\/\/www.alquera.com\/en\/#organization\",\"name\":\"ALQUERA CIENCIA SL\",\"url\":\"https:\/\/www.alquera.com\/en\/\",\"logo\":{\"@type\":\"ImageObject\",\"inLanguage\":\"it-IT\",\"@id\":\"https:\/\/www.alquera.com\/en\/#\/schema\/logo\/image\/\",\"url\":\"https:\/\/www.alquera.com\/wp-content\/uploads\/2020\/11\/logo_300_ancho.png\",\"contentUrl\":\"https:\/\/www.alquera.com\/wp-content\/uploads\/2020\/11\/logo_300_ancho.png\",\"width\":300,\"height\":86,\"caption\":\"ALQUERA CIENCIA SL\"},\"image\":{\"@id\":\"https:\/\/www.alquera.com\/en\/#\/schema\/logo\/image\/\"},\"sameAs\":[\"https:\/\/www.facebook.com\/alqueraciencia\",\"https:\/\/www.instagram.com\/alquera_ciencia\/\",\"https:\/\/www.youtube.com\/c\/alquera\"]}]}<\/script>\n<!-- \/ Yoast SEO Premium plugin. -->","yoast_head_json":{"title":"Tutti i prodotti - Alquera.com","robots":{"index":"index","follow":"follow","max-snippet":"max-snippet:-1","max-image-preview":"max-image-preview:large","max-video-preview":"max-video-preview:-1"},"canonical":"https:\/\/www.alquera.com\/it\/tous-les-produits\/","og_locale":"it_IT","og_type":"article","og_title":"Tous les Produits","og_description":"Trouvez \u00e0 Alquera une large gamme de produits chimiques. Vous pouvez trouver le produit chimique que vous recherchez en naviguant ci-dessous par nom. Vous trouverez diff\u00e9rents formats. Effectuez votre achat directement en ligne en suivant les \u00e9tapes ci-dessous. Les livraisons sont effectu\u00e9es dans les 24\/48 heures suivant la r\u00e9ception de la commande. Si vous avez [&hellip;]","og_url":"https:\/\/www.alquera.com\/it\/tous-les-produits\/","og_site_name":"Alquera.com","article_publisher":"https:\/\/www.facebook.com\/alqueraciencia","article_modified_time":"2023-11-03T12:51:21+00:00","twitter_card":"summary_large_image","twitter_misc":{"Tempo di lettura stimato":"2 minuti"},"schema":{"@context":"https:\/\/schema.org","@graph":[{"@type":"WebPage","@id":"https:\/\/www.alquera.com\/tous-les-produits\/","url":"https:\/\/www.alquera.com\/tous-les-produits\/","name":"Tutti i prodotti - Alquera.com","isPartOf":{"@id":"https:\/\/www.alquera.com\/en\/#website"},"datePublished":"2023-11-03T10:33:37+00:00","dateModified":"2023-11-03T12:51:21+00:00","breadcrumb":{"@id":"https:\/\/www.alquera.com\/tous-les-produits\/#breadcrumb"},"inLanguage":"it-IT","potentialAction":[{"@type":"ReadAction","target":["https:\/\/www.alquera.com\/tous-les-produits\/"]}]},{"@type":"BreadcrumbList","@id":"https:\/\/www.alquera.com\/tous-les-produits\/#breadcrumb","itemListElement":[{"@type":"ListItem","position":1,"name":"Inicio","item":"https:\/\/www.alquera.com\/"},{"@type":"ListItem","position":2,"name":"Tous les Produits"}]},{"@type":"WebSite","@id":"https:\/\/www.alquera.com\/en\/#website","url":"https:\/\/www.alquera.com\/en\/","name":"Alquera.com","description":"Negozio online di prodotti chimici e forniture di laboratorio","publisher":{"@id":"https:\/\/www.alquera.com\/en\/#organization"},"potentialAction":[{"@type":"SearchAction","target":{"@type":"EntryPoint","urlTemplate":"https:\/\/www.alquera.com\/en\/?s={search_term_string}"},"query-input":{"@type":"PropertyValueSpecification","valueRequired":true,"valueName":"search_term_string"}}],"inLanguage":"it-IT"},{"@type":"Organization","@id":"https:\/\/www.alquera.com\/en\/#organization","name":"ALQUERA CIENCIA SL","url":"https:\/\/www.alquera.com\/en\/","logo":{"@type":"ImageObject","inLanguage":"it-IT","@id":"https:\/\/www.alquera.com\/en\/#\/schema\/logo\/image\/","url":"https:\/\/www.alquera.com\/wp-content\/uploads\/2020\/11\/logo_300_ancho.png","contentUrl":"https:\/\/www.alquera.com\/wp-content\/uploads\/2020\/11\/logo_300_ancho.png","width":300,"height":86,"caption":"ALQUERA CIENCIA SL"},"image":{"@id":"https:\/\/www.alquera.com\/en\/#\/schema\/logo\/image\/"},"sameAs":["https:\/\/www.facebook.com\/alqueraciencia","https:\/\/www.instagram.com\/alquera_ciencia\/","https:\/\/www.youtube.com\/c\/alquera"]}]}},"_links":{"self":[{"href":"https:\/\/www.alquera.com\/it\/wp-json\/wp\/v2\/pages\/44896","targetHints":{"allow":["GET"]}}],"collection":[{"href":"https:\/\/www.alquera.com\/it\/wp-json\/wp\/v2\/pages"}],"about":[{"href":"https:\/\/www.alquera.com\/it\/wp-json\/wp\/v2\/types\/page"}],"author":[{"embeddable":true,"href":"https:\/\/www.alquera.com\/it\/wp-json\/wp\/v2\/users\/1"}],"replies":[{"embeddable":true,"href":"https:\/\/www.alquera.com\/it\/wp-json\/wp\/v2\/comments?post=44896"}],"version-history":[{"count":27,"href":"https:\/\/www.alquera.com\/it\/wp-json\/wp\/v2\/pages\/44896\/revisions"}],"predecessor-version":[{"id":44943,"href":"https:\/\/www.alquera.com\/it\/wp-json\/wp\/v2\/pages\/44896\/revisions\/44943"}],"wp:attachment":[{"href":"https:\/\/www.alquera.com\/it\/wp-json\/wp\/v2\/media?parent=44896"}],"curies":[{"name":"wp","href":"https:\/\/api.w.org\/{rel}","templated":true}]}}