{"id":5,"date":"2016-06-30T08:05:20","date_gmt":"2016-06-30T08:05:20","guid":{"rendered":""},"modified":"2025-01-31T05:51:32","modified_gmt":"2025-01-31T05:51:32","slug":"usos","status":"publish","type":"page","link":"https:\/\/www.alquera.com\/it\/sulfato-de-potasio\/usos\/","title":{"rendered":"Usi del solfato di potassio"},"content":{"rendered":"<p>Il <a href=\"https:\/\/www.alquera.com\/it\/sulfato-de-potasio\/\"><strong>solfato di potassio<\/strong><\/a>&nbsp;o solfato di potassio \u00e8 un composto chimico con formula <strong>K2SO4<\/strong>che si presenta come polvere o granuli bianchi.<\/p>\n<p>Il solfato di potassio viene utilizzato principalmente come fertilizzante per le colture. Il potassio (K) \u00e8 uno dei principali nutrienti delle piante e il solfato di potassio \u00e8 il modo principale per fornirlo. Viene utilizzato anche come additivo alimentare con il codice E515.<\/p>\n<p><img loading=\"lazy\" decoding=\"async\" class=\"size-medium wp-image-32207 aligncenter\" src=\"https:\/\/www.alquera.com\/wp-content\/uploads\/2020\/12\/SULFATO-DE-POTASIO-POLVO-SOP-300x300.jpg\" alt=\"\" width=\"300\" height=\"300\" srcset=\"https:\/\/www.alquera.com\/wp-content\/uploads\/2020\/12\/SULFATO-DE-POTASIO-POLVO-SOP-300x300.jpg 300w, https:\/\/www.alquera.com\/wp-content\/uploads\/2020\/12\/SULFATO-DE-POTASIO-POLVO-SOP-1024x1024.jpg 1024w, https:\/\/www.alquera.com\/wp-content\/uploads\/2020\/12\/SULFATO-DE-POTASIO-POLVO-SOP-150x150.jpg 150w, https:\/\/www.alquera.com\/wp-content\/uploads\/2020\/12\/SULFATO-DE-POTASIO-POLVO-SOP-768x768.jpg 768w, https:\/\/www.alquera.com\/wp-content\/uploads\/2020\/12\/SULFATO-DE-POTASIO-POLVO-SOP-1536x1536.jpg 1536w, https:\/\/www.alquera.com\/wp-content\/uploads\/2020\/12\/SULFATO-DE-POTASIO-POLVO-SOP-600x600.jpg 600w, https:\/\/www.alquera.com\/wp-content\/uploads\/2020\/12\/SULFATO-DE-POTASIO-POLVO-SOP-100x100.jpg 100w, https:\/\/www.alquera.com\/wp-content\/uploads\/2020\/12\/SULFATO-DE-POTASIO-POLVO-SOP-scaled.jpg 800w\" sizes=\"auto, (max-width: 300px) 100vw, 300px\" \/><\/p>\n<h2><strong>Formula chimica del solfato di potassio<\/strong><\/h2>\n<p>Qui possiamo vedere la formula chimica del solfato di potassio e altre propriet\u00e0 chimiche del solfato di potassio:<\/p>\n<table>\n<tbody>\n<tr>\n<th scope=\"row\">Altri nomi<\/th>\n<td colspan=\"2\">Arcanita<br \/>\nSolfato di potassio<br \/>\nSale dipotassico di acido solforico<br \/>\nSolfato di di-potassio<\/td>\n<\/tr>\n<tr>\n<th scope=\"row\">Formula chimica<\/th>\n<td colspan=\"2\">K<sub>2<\/sub>SO<sub>4<\/sub><\/td>\n<\/tr>\n<tr>\n<th scope=\"row\">Numero CAS<\/th>\n<td colspan=\"2\">7778-80-5<\/td>\n<\/tr>\n<tr>\n<th colspan=\"3\">Propriet\u00e0 fisiche<\/th>\n<\/tr>\n<tr>\n<th scope=\"row\">Aspetto<\/th>\n<td colspan=\"2\">solido bianco<\/td>\n<\/tr>\n<tr>\n<th scope=\"row\">Densit\u00e0<\/th>\n<td colspan=\"2\">2,66 g\/cm<sup>3<\/sup><\/td>\n<\/tr>\n<tr>\n<th colspan=\"3\">Propriet\u00e0 chimiche<\/th>\n<\/tr>\n<tr>\n<th scope=\"row\">Solubilit\u00e0 in acqua<\/th>\n<td colspan=\"2\">111 g\/L (20 \u00b0C)<br \/>\n120 g\/L (25 \u00b0C)<br \/>\n240 g\/L (100 \u00b0C)<\/td>\n<\/tr>\n<tr>\n<th scope=\"row\"><\/th>\n<td colspan=\"2\"><\/td>\n<\/tr>\n<tr>\n<th scope=\"row\">Famiglia<\/th>\n<td colspan=\"2\">solfato<\/td>\n<\/tr>\n<\/tbody>\n<\/table>\n<h2>Dove trovare il solfato di potassio<\/h2>\n<p><strong>Fonti naturali:<\/strong> Le fonti naturali di solfato di potassio sono i sali che contengono grandi quantit\u00e0 di magnesio. I minerali sono: kainite, sch\u00f6nite, leonite, langbeinite, glaserite, polialite.<\/p>\n<p><strong>Sintesi:<\/strong> \u00c8 molto comune ottenerlo per sintesi nell'industria. Pu\u00f2 essere sintetizzato attraverso la reazione dell'acido solforico con l'idrossido di potassio; la formula \u00e8 la seguente: H<sub>2<\/sub>SO<sub>4<\/sub> + 2KOH -&gt; K<sub>2<\/sub>SO<sub>4<\/sub> + 2H<sub>2<\/sub>O.<\/p>\n<h2>&nbsp;Usi del solfato di potassio<\/h2>\n<ul>\n<li>L'uso principale sarebbe quello di&nbsp;<a href=\"https:\/\/www.alquera.com\/it\/sulfato-de-potasio\/fertilizante\/\" rel=\"noopener noreferrer\">fertilizzante<\/a>&nbsp;dall'industria agricola, per fornire il potassio di cui le piante hanno bisogno per crescere: vedi concime a base di solfato di potassio.<\/li>\n<li>Nel <a href=\"https:\/\/www.alquera.com\/it\/sulfato-de-potasio\/acuario\/\">acquari<\/a> il ruolo del solfato di potassio individuale \u00e8 particolarmente importante, poich\u00e9 il resto delle sostanze nutritive necessarie alle piante sar\u00e0 fornito dall'acquario stesso (attraverso il cibo per i pesci): per saperne di pi\u00f9 sul solfato di potassio per acquari.<\/li>\n<li>Viene utilizzato anche nell'industria farmaceutica come materia prima per i farmaci, come fornitore di potassio.<\/li>\n<\/ul>\n<p>Il potassio \u00e8 uno dei nutrienti di cui le piante hanno bisogno per crescere. In totale sono 12 i diversi nutrienti di cui le piante hanno bisogno. Oltre al potassio ci sono azoto, fosforo, zolfo, magnesio, calcio, ferro, rame, zinco, boro, manganese, cloro e molibdeno. Esistono concimi combinati che forniscono l'apporto combinato degli elementi nutritivi o concimi specifici che forniscono il componente specifico, come il nitrato di potassio per l'apporto di azoto.<\/p>\n<h3 class=\"widget-title\">Acquista <\/h3><div><div class=\"woocommerce\"><ul class=\"products columns-4\">\n<li class=\"desktop-align-left tablet-align-left mobile-align-left ast-product-gallery-layout-horizontal-slider ast-magnify-disabled ast-product-single-variable ast-product-tabs-layout-horizontal ast-qv-on-image product type-product post-495 status-publish first instock product_cat-productos-experimentos product_cat-productos has-post-thumbnail taxable shipping-taxable purchasable product-type-variable has-default-attributes\">\n\t<a href=\"https:\/\/www.alquera.com\/it\/permanganato-de-potasio\/\" class=\"woocommerce-LoopProduct-link woocommerce-loop-product__link\"><img loading=\"lazy\" decoding=\"async\" width=\"300\" height=\"300\" src=\"https:\/\/www.alquera.com\/wp-content\/uploads\/2016\/01\/permanganato-200g-foto-nueva-300x300.png\" class=\"attachment-woocommerce_thumbnail size-woocommerce_thumbnail\" alt=\"permanganato 200g\" srcset=\"https:\/\/www.alquera.com\/wp-content\/uploads\/2016\/01\/permanganato-200g-foto-nueva-300x300.png 300w, https:\/\/www.alquera.com\/wp-content\/uploads\/2016\/01\/permanganato-200g-foto-nueva-150x150.png 150w, https:\/\/www.alquera.com\/wp-content\/uploads\/2016\/01\/permanganato-200g-foto-nueva-12x12.png 12w, https:\/\/www.alquera.com\/wp-content\/uploads\/2016\/01\/permanganato-200g-foto-nueva-100x100.png 100w\" sizes=\"auto, (max-width: 300px) 100vw, 300px\" \/><h2 class=\"woocommerce-loop-product__title\">Permanganato di Potassio<\/h2><div class=\"review-rating\"><div class=\"star-rating\"><span style=\"width:100%\" data-no-translation=\"\" data-trp-gettext=\"\">Valutato <strong class=\"rating\">5.00<\/strong> su 5<\/span><\/div><\/div>\n<\/a><a href=\"https:\/\/www.alquera.com\/it\/permanganato-de-potasio\/\" aria-describedby=\"woocommerce_loop_add_to_cart_link_describedby_495\" data-quantity=\"1\" class=\"button product_type_variable add_to_cart_button\" data-product_id=\"495\" data-product_sku=\"AL100111\" aria-label=\"Seleziona le opzioni per \u201cPermanganato de Potasio\u201d\" rel=\"nofollow\" data-no-translation=\"\" data-trp-gettext=\"\" data-no-translation-aria-label=\"\">Scegli<\/a>\t<span id=\"woocommerce_loop_add_to_cart_link_describedby_495\" class=\"screen-reader-text\">\n\t\tQuesto prodotto ha pi\u00f9 varianti. Le opzioni possono essere scelte nella pagina del prodotto\t<\/span>\n<\/li>\n<\/ul>\n<\/div><\/div>","protected":false},"excerpt":{"rendered":"<p>El sulfato de potasio&nbsp;o sulfato potasico es un compuesto qu\u00edmico de f\u00f3rmula K2SO4, que se presenta como polvo blanco o en grano. El sulfato de potasio es utilizado principalmente como fertilizante en los cultivos. El potasio (K) es uno de los nutrientes principales de las plantas y&nbsp;el sulfato de potasio es la forma principal de [&hellip;]<\/p>\n","protected":false},"author":1,"featured_media":0,"parent":32591,"menu_order":1,"comment_status":"open","ping_status":"closed","template":"","meta":{"_acf_changed":false,"site-sidebar-layout":"default","site-content-layout":"default","ast-site-content-layout":"narrow-width-container","site-content-style":"default","site-sidebar-style":"default","ast-global-header-display":"","ast-banner-title-visibility":"","ast-main-header-display":"","ast-hfb-above-header-display":"","ast-hfb-below-header-display":"","ast-hfb-mobile-header-display":"","site-post-title":"","ast-breadcrumbs-content":"","ast-featured-img":"","footer-sml-layout":"","ast-disable-related-posts":"","theme-transparent-header-meta":"default","adv-header-id-meta":"","stick-header-meta":"default","header-above-stick-meta":"","header-main-stick-meta":"","header-below-stick-meta":"","astra-migrate-meta-layouts":"set","ast-page-background-enabled":"default","ast-page-background-meta":{"desktop":{"background-color":"var(--ast-global-color-4)","background-image":"","background-repeat":"repeat","background-position":"center center","background-size":"auto","background-attachment":"scroll","background-type":"","background-media":"","overlay-type":"","overlay-color":"","overlay-opacity":"","overlay-gradient":""},"tablet":{"background-color":"","background-image":"","background-repeat":"repeat","background-position":"center center","background-size":"auto","background-attachment":"scroll","background-type":"","background-media":"","overlay-type":"","overlay-color":"","overlay-opacity":"","overlay-gradient":""},"mobile":{"background-color":"","background-image":"","background-repeat":"repeat","background-position":"center center","background-size":"auto","background-attachment":"scroll","background-type":"","background-media":"","overlay-type":"","overlay-color":"","overlay-opacity":"","overlay-gradient":""}},"ast-content-background-meta":{"desktop":{"background-color":"var(--ast-global-color-5)","background-image":"","background-repeat":"repeat","background-position":"center center","background-size":"auto","background-attachment":"scroll","background-type":"","background-media":"","overlay-type":"","overlay-color":"","overlay-opacity":"","overlay-gradient":""},"tablet":{"background-color":"var(--ast-global-color-5)","background-image":"","background-repeat":"repeat","background-position":"center center","background-size":"auto","background-attachment":"scroll","background-type":"","background-media":"","overlay-type":"","overlay-color":"","overlay-opacity":"","overlay-gradient":""},"mobile":{"background-color":"var(--ast-global-color-5)","background-image":"","background-repeat":"repeat","background-position":"center center","background-size":"auto","background-attachment":"scroll","background-type":"","background-media":"","overlay-type":"","overlay-color":"","overlay-opacity":"","overlay-gradient":""}},"footnotes":""},"class_list":["post-5","page","type-page","status-publish","hentry"],"acf":[],"yoast_head":"<!-- This site is optimized with the Yoast SEO Premium plugin v27.1 (Yoast SEO v27.1.1) - https:\/\/yoast.com\/product\/yoast-seo-premium-wordpress\/ -->\n<title>Usos Sulfato de Potasio - Alquera.com<\/title>\n<meta name=\"robots\" content=\"index, follow, max-snippet:-1, max-image-preview:large, max-video-preview:-1\" \/>\n<link rel=\"canonical\" href=\"https:\/\/www.alquera.com\/it\/sulfato-de-potasio\/usos\/\" \/>\n<meta property=\"og:locale\" content=\"it_IT\" \/>\n<meta property=\"og:type\" content=\"article\" \/>\n<meta property=\"og:title\" content=\"Usos Sulfato de Potasio\" \/>\n<meta property=\"og:description\" content=\"El sulfato de potasio&nbsp;o sulfato potasico es un compuesto qu\u00edmico de f\u00f3rmula K2SO4, que se presenta como polvo blanco o en grano. El sulfato de potasio es utilizado principalmente como fertilizante en los cultivos. El potasio (K) es uno de los nutrientes principales de las plantas y&nbsp;el sulfato de potasio es la forma principal de [&hellip;]\" \/>\n<meta property=\"og:url\" content=\"https:\/\/www.alquera.com\/it\/sulfato-de-potasio\/usos\/\" \/>\n<meta property=\"og:site_name\" content=\"Alquera.com\" \/>\n<meta property=\"article:publisher\" content=\"https:\/\/www.facebook.com\/alqueraciencia\" \/>\n<meta property=\"article:modified_time\" content=\"2025-01-31T05:51:32+00:00\" \/>\n<meta property=\"og:image\" content=\"https:\/\/www.alquera.com\/wp-content\/uploads\/2020\/12\/SULFATO-DE-POTASIO-POLVO-SOP-scaled.jpg\" \/>\n\t<meta property=\"og:image:width\" content=\"800\" \/>\n\t<meta property=\"og:image:height\" content=\"800\" \/>\n\t<meta property=\"og:image:type\" content=\"image\/jpeg\" \/>\n<meta name=\"twitter:card\" content=\"summary_large_image\" \/>\n<meta name=\"twitter:label1\" content=\"Tempo di lettura stimato\" \/>\n\t<meta name=\"twitter:data1\" content=\"2 minuti\" \/>\n<script type=\"application\/ld+json\" class=\"yoast-schema-graph\">{\"@context\":\"https:\/\/schema.org\",\"@graph\":[{\"@type\":\"WebPage\",\"@id\":\"https:\/\/www.alquera.com\/sulfato-de-potasio\/usos\/\",\"url\":\"https:\/\/www.alquera.com\/sulfato-de-potasio\/usos\/\",\"name\":\"Usos Sulfato de Potasio - Alquera.com\",\"isPartOf\":{\"@id\":\"https:\/\/www.alquera.com\/en\/#website\"},\"primaryImageOfPage\":{\"@id\":\"https:\/\/www.alquera.com\/sulfato-de-potasio\/usos\/#primaryimage\"},\"image\":{\"@id\":\"https:\/\/www.alquera.com\/sulfato-de-potasio\/usos\/#primaryimage\"},\"thumbnailUrl\":\"https:\/\/www.alquera.com\/wp-content\/uploads\/2020\/12\/SULFATO-DE-POTASIO-POLVO-SOP-300x300.jpg\",\"datePublished\":\"2016-06-30T08:05:20+00:00\",\"dateModified\":\"2025-01-31T05:51:32+00:00\",\"breadcrumb\":{\"@id\":\"https:\/\/www.alquera.com\/sulfato-de-potasio\/usos\/#breadcrumb\"},\"inLanguage\":\"it-IT\",\"potentialAction\":[{\"@type\":\"ReadAction\",\"target\":[\"https:\/\/www.alquera.com\/sulfato-de-potasio\/usos\/\"]}]},{\"@type\":\"ImageObject\",\"inLanguage\":\"it-IT\",\"@id\":\"https:\/\/www.alquera.com\/sulfato-de-potasio\/usos\/#primaryimage\",\"url\":\"https:\/\/www.alquera.com\/wp-content\/uploads\/2020\/12\/SULFATO-DE-POTASIO-POLVO-SOP-300x300.jpg\",\"contentUrl\":\"https:\/\/www.alquera.com\/wp-content\/uploads\/2020\/12\/SULFATO-DE-POTASIO-POLVO-SOP-300x300.jpg\"},{\"@type\":\"BreadcrumbList\",\"@id\":\"https:\/\/www.alquera.com\/sulfato-de-potasio\/usos\/#breadcrumb\",\"itemListElement\":[{\"@type\":\"ListItem\",\"position\":1,\"name\":\"Inicio\",\"item\":\"https:\/\/www.alquera.com\/\"},{\"@type\":\"ListItem\",\"position\":2,\"name\":\"Sulfato de Potasio\",\"item\":\"https:\/\/www.alquera.com\/sulfato-de-potasio\/\"},{\"@type\":\"ListItem\",\"position\":3,\"name\":\"Usos Sulfato de Potasio\"}]},{\"@type\":\"WebSite\",\"@id\":\"https:\/\/www.alquera.com\/en\/#website\",\"url\":\"https:\/\/www.alquera.com\/en\/\",\"name\":\"Alquera.com\",\"description\":\"Tienda Online Productos Qu\u00edmicos y Material de Laboratorio\",\"publisher\":{\"@id\":\"https:\/\/www.alquera.com\/en\/#organization\"},\"potentialAction\":[{\"@type\":\"SearchAction\",\"target\":{\"@type\":\"EntryPoint\",\"urlTemplate\":\"https:\/\/www.alquera.com\/en\/?s={search_term_string}\"},\"query-input\":{\"@type\":\"PropertyValueSpecification\",\"valueRequired\":true,\"valueName\":\"search_term_string\"}}],\"inLanguage\":\"it-IT\"},{\"@type\":\"Organization\",\"@id\":\"https:\/\/www.alquera.com\/en\/#organization\",\"name\":\"ALQUERA CIENCIA SL\",\"url\":\"https:\/\/www.alquera.com\/en\/\",\"logo\":{\"@type\":\"ImageObject\",\"inLanguage\":\"it-IT\",\"@id\":\"https:\/\/www.alquera.com\/en\/#\/schema\/logo\/image\/\",\"url\":\"https:\/\/www.alquera.com\/wp-content\/uploads\/2020\/11\/logo_300_ancho.png\",\"contentUrl\":\"https:\/\/www.alquera.com\/wp-content\/uploads\/2020\/11\/logo_300_ancho.png\",\"width\":300,\"height\":86,\"caption\":\"ALQUERA CIENCIA SL\"},\"image\":{\"@id\":\"https:\/\/www.alquera.com\/en\/#\/schema\/logo\/image\/\"},\"sameAs\":[\"https:\/\/www.facebook.com\/alqueraciencia\",\"https:\/\/www.instagram.com\/alquera_ciencia\/\",\"https:\/\/www.youtube.com\/c\/alquera\"]}]}<\/script>\n<!-- \/ Yoast SEO Premium plugin. -->","yoast_head_json":{"title":"Usi del solfato di potassio - Alquera.com","robots":{"index":"index","follow":"follow","max-snippet":"max-snippet:-1","max-image-preview":"max-image-preview:large","max-video-preview":"max-video-preview:-1"},"canonical":"https:\/\/www.alquera.com\/it\/sulfato-de-potasio\/usos\/","og_locale":"it_IT","og_type":"article","og_title":"Usos Sulfato de Potasio","og_description":"El sulfato de potasio&nbsp;o sulfato potasico es un compuesto qu\u00edmico de f\u00f3rmula K2SO4, que se presenta como polvo blanco o en grano. El sulfato de potasio es utilizado principalmente como fertilizante en los cultivos. El potasio (K) es uno de los nutrientes principales de las plantas y&nbsp;el sulfato de potasio es la forma principal de [&hellip;]","og_url":"https:\/\/www.alquera.com\/it\/sulfato-de-potasio\/usos\/","og_site_name":"Alquera.com","article_publisher":"https:\/\/www.facebook.com\/alqueraciencia","article_modified_time":"2025-01-31T05:51:32+00:00","og_image":[{"width":800,"height":800,"url":"https:\/\/www.alquera.com\/wp-content\/uploads\/2020\/12\/SULFATO-DE-POTASIO-POLVO-SOP-scaled.jpg","type":"image\/jpeg"}],"twitter_card":"summary_large_image","twitter_misc":{"Tempo di lettura stimato":"2 minuti"},"schema":{"@context":"https:\/\/schema.org","@graph":[{"@type":"WebPage","@id":"https:\/\/www.alquera.com\/sulfato-de-potasio\/usos\/","url":"https:\/\/www.alquera.com\/sulfato-de-potasio\/usos\/","name":"Usi del solfato di potassio - Alquera.com","isPartOf":{"@id":"https:\/\/www.alquera.com\/en\/#website"},"primaryImageOfPage":{"@id":"https:\/\/www.alquera.com\/sulfato-de-potasio\/usos\/#primaryimage"},"image":{"@id":"https:\/\/www.alquera.com\/sulfato-de-potasio\/usos\/#primaryimage"},"thumbnailUrl":"https:\/\/www.alquera.com\/wp-content\/uploads\/2020\/12\/SULFATO-DE-POTASIO-POLVO-SOP-300x300.jpg","datePublished":"2016-06-30T08:05:20+00:00","dateModified":"2025-01-31T05:51:32+00:00","breadcrumb":{"@id":"https:\/\/www.alquera.com\/sulfato-de-potasio\/usos\/#breadcrumb"},"inLanguage":"it-IT","potentialAction":[{"@type":"ReadAction","target":["https:\/\/www.alquera.com\/sulfato-de-potasio\/usos\/"]}]},{"@type":"ImageObject","inLanguage":"it-IT","@id":"https:\/\/www.alquera.com\/sulfato-de-potasio\/usos\/#primaryimage","url":"https:\/\/www.alquera.com\/wp-content\/uploads\/2020\/12\/SULFATO-DE-POTASIO-POLVO-SOP-300x300.jpg","contentUrl":"https:\/\/www.alquera.com\/wp-content\/uploads\/2020\/12\/SULFATO-DE-POTASIO-POLVO-SOP-300x300.jpg"},{"@type":"BreadcrumbList","@id":"https:\/\/www.alquera.com\/sulfato-de-potasio\/usos\/#breadcrumb","itemListElement":[{"@type":"ListItem","position":1,"name":"Inicio","item":"https:\/\/www.alquera.com\/"},{"@type":"ListItem","position":2,"name":"Sulfato de Potasio","item":"https:\/\/www.alquera.com\/sulfato-de-potasio\/"},{"@type":"ListItem","position":3,"name":"Usos Sulfato de Potasio"}]},{"@type":"WebSite","@id":"https:\/\/www.alquera.com\/en\/#website","url":"https:\/\/www.alquera.com\/en\/","name":"Alquera.com","description":"Negozio online di prodotti chimici e forniture di laboratorio","publisher":{"@id":"https:\/\/www.alquera.com\/en\/#organization"},"potentialAction":[{"@type":"SearchAction","target":{"@type":"EntryPoint","urlTemplate":"https:\/\/www.alquera.com\/en\/?s={search_term_string}"},"query-input":{"@type":"PropertyValueSpecification","valueRequired":true,"valueName":"search_term_string"}}],"inLanguage":"it-IT"},{"@type":"Organization","@id":"https:\/\/www.alquera.com\/en\/#organization","name":"ALQUERA CIENCIA SL","url":"https:\/\/www.alquera.com\/en\/","logo":{"@type":"ImageObject","inLanguage":"it-IT","@id":"https:\/\/www.alquera.com\/en\/#\/schema\/logo\/image\/","url":"https:\/\/www.alquera.com\/wp-content\/uploads\/2020\/11\/logo_300_ancho.png","contentUrl":"https:\/\/www.alquera.com\/wp-content\/uploads\/2020\/11\/logo_300_ancho.png","width":300,"height":86,"caption":"ALQUERA CIENCIA SL"},"image":{"@id":"https:\/\/www.alquera.com\/en\/#\/schema\/logo\/image\/"},"sameAs":["https:\/\/www.facebook.com\/alqueraciencia","https:\/\/www.instagram.com\/alquera_ciencia\/","https:\/\/www.youtube.com\/c\/alquera"]}]}},"_links":{"self":[{"href":"https:\/\/www.alquera.com\/it\/wp-json\/wp\/v2\/pages\/5","targetHints":{"allow":["GET"]}}],"collection":[{"href":"https:\/\/www.alquera.com\/it\/wp-json\/wp\/v2\/pages"}],"about":[{"href":"https:\/\/www.alquera.com\/it\/wp-json\/wp\/v2\/types\/page"}],"author":[{"embeddable":true,"href":"https:\/\/www.alquera.com\/it\/wp-json\/wp\/v2\/users\/1"}],"replies":[{"embeddable":true,"href":"https:\/\/www.alquera.com\/it\/wp-json\/wp\/v2\/comments?post=5"}],"version-history":[{"count":11,"href":"https:\/\/www.alquera.com\/it\/wp-json\/wp\/v2\/pages\/5\/revisions"}],"predecessor-version":[{"id":51299,"href":"https:\/\/www.alquera.com\/it\/wp-json\/wp\/v2\/pages\/5\/revisions\/51299"}],"up":[{"embeddable":true,"href":"https:\/\/www.alquera.com\/it\/wp-json\/wp\/v2\/pages\/32591"}],"wp:attachment":[{"href":"https:\/\/www.alquera.com\/it\/wp-json\/wp\/v2\/media?parent=5"}],"curies":[{"name":"wp","href":"https:\/\/api.w.org\/{rel}","templated":true}]}}