{"id":9,"date":"2016-06-30T08:28:48","date_gmt":"2016-06-30T08:28:48","guid":{"rendered":"http:\/\/sulfatodro.cluster003.ovh.net\/?page_id=9"},"modified":"2021-09-12T13:59:59","modified_gmt":"2021-09-12T13:59:59","slug":"fertilizante","status":"publish","type":"page","link":"https:\/\/www.alquera.com\/it\/sulfato-de-potasio\/fertilizante\/","title":{"rendered":"Fertilizzante a base di solfato di potassio"},"content":{"rendered":"<p>Il <a href=\"https:\/\/www.alquera.com\/it\/sulfato-de-potasio\/\"><strong>solfato di potassio<\/strong><\/a>\u00a0 o solfato di potassio \u00e8 un composto ampiamente utilizzato come <strong>fertilizzante<\/strong> di varie colture, in quanto \u00e8 una delle principali fonti di <strong>potassio.<\/strong> Il potassio \u00e8 uno dei 12 principali nutrienti di cui le piante hanno bisogno per crescere.<\/p>\n<h2>Solfato di potassio come fertilizzante<\/h2>\n<p>Il potassio \u00e8 un elemento abbastanza comune in natura. Si trova sulla superficie delle argille e nei vari strati di argilla, ma difficilmente viene assorbito dalle radici delle piante in questo modo. Il potassio pu\u00f2 essere ottenuto dal terreno anche attraverso la degradazione batterica, ma questo processo \u00e8 molto lento e insufficiente per i livelli richiesti da una coltura. \u00c8 quindi necessario effettuare una <strong>potassio extra<\/strong>. Uno dei modi pi\u00f9 comuni per farlo \u00e8 attraverso <strong>Solfato di Potassio<\/strong><\/p>\n<h2>Il potassio nelle piante<\/h2>\n<h3>Funzione del potassio nelle piante<\/h3>\n<p>Il <strong>potassio<\/strong> \u00e8 uno dei 12 principali nutrienti di cui le piante hanno bisogno. In particolare, il potassio, insieme all'azoto e al fosforo, \u00e8 uno dei 3 nutrienti di cui hanno bisogno in maggiore quantit\u00e0.<\/p>\n<p>La presenza di potassio nelle piante svolge funzioni importanti come le seguenti:<\/p>\n<ul>\n<li><strong>Forma zuccheri:<\/strong>\u00a0Una buona concentrazione di potassio \u00e8 la caratteristica che permette a un frutto di essere pi\u00f9 dolce di un altro; quindi, se il sapore della frutta o della verdura \u00e8 un po' acido, \u00e8 probabilmente una mancanza di potassio.<\/li>\n<\/ul>\n<ul>\n<li>Stimola la <strong>contenuto d'acqua<\/strong> delle cellule, e questo fatto \u00e8 quindi strettamente legato all'ingrassamento e alla qualit\u00e0 del frutto. Ha anche un effetto di controllo sulla permeabilit\u00e0 delle membrane cellulari. Una minore perdita di acqua significa una migliore conservazione di frutta e verdura. In questo modo, il potassio \u00e8 coinvolto nell'ingrassamento e nella qualit\u00e0 della frutta, oltre che nel suo contenuto di acqua, il che consente una migliore conservazione di frutta e verdura.<\/li>\n<\/ul>\n<ul>\n<li>Il potassio favorisce anche l'assorbimento di altri nutrienti come azoto, fosforo e ferro.<\/li>\n<\/ul>\n<ul>\n<li>Aumento della resistenza delle piante: Il potassio contribuisce alla resistenza della pianta al freddo e al caldo eccessivo; si rafforza anche in presenza di insetti e malattie.<\/li>\n<\/ul>\n<h3>Sintomi di carenza di potassio<\/h3>\n<p>Carenza di potassio\u00a0<strong>pu\u00f2 essere osservato <\/strong>\u00a0Le foglie verdi ingialliscono e i bordi e le punte delle foglie pi\u00f9 vecchie si seccano. Nelle piante carenti di potassio, il contenuto di potassio si riduce. <strong>fioritura<\/strong> e lo sviluppo dell'intera pianta.<\/p>\n<p><img loading=\"lazy\" decoding=\"async\" class=\"size-full wp-image-32217 aligncenter\" src=\"https:\/\/www.alquera.com\/wp-content\/uploads\/2020\/12\/falta-sulfato-de-potasio.jpg\" alt=\"falta de sulfato de potasio\" width=\"275\" height=\"183\" \/><\/p>\n<h2>Quando concimare con il solfato di potassio<\/h2>\n<p>Il solfato di potassio \u00e8 una delle forme di apporto di potassio pi\u00f9 comunemente utilizzate nelle colture. Il suo utilizzo \u00e8 motivato dal rilevamento di una mancanza di potassio nelle piante o su base regolare da una delle seguenti situazioni<\/p>\n<ul>\n<li>Quando la principale carenza del terreno \u00e8 il potassio o i livelli di potassio sono adeguati e occorre reintegrare il potassio consumato dalle piante.<\/li>\n<li>Quando le colture consumano elevate quantit\u00e0 di potassio, come nel caso della coltivazione del pomodoro o della paprika, ad esempio.<\/li>\n<li>Quando si vuole ridurre il pH di un terreno alcalino.<\/li>\n<li>Nel caso di terreni sabbiosi, la carenza di potassio \u00e8 molto comune, perch\u00e9 la pioggia lava via il potassio dalle radici. \u00c8 sempre consigliabile un'indagine costante del terreno.<\/li>\n<li>Nelle piante d'acquario \u00e8 particolarmente importante perch\u00e9 il potassio non pu\u00f2 essere ottenuto da altre fonti. Per saperne di pi\u00f9, leggete Solfato di potassio nelle piante d'acquario.<\/li>\n<\/ul>\n<h2>Costituenti Fertilizzante a base di solfato di potassio<\/h2>\n<table>\n<tbody>\n<tr>\n<td colspan=\"2\" width=\"449\"><strong>Propriet\u00e0 chimiche\u00a0<\/strong><\/td>\n<\/tr>\n<tr>\n<td width=\"224\"><strong>Formula chimica<\/strong><\/td>\n<td width=\"224\">K<sub>2<\/sub>SO<sub>4<\/sub><\/td>\n<\/tr>\n<tr>\n<td width=\"224\"><strong>Contenuto K20<\/strong><\/td>\n<td width=\"224\">48-53%<\/td>\n<\/tr>\n<tr>\n<td width=\"224\"><strong>Contenuto di zolfo<\/strong><\/td>\n<td width=\"224\">17-18%<\/td>\n<\/tr>\n<tr>\n<td width=\"224\"><strong>Solubilit\u00e0 in acqua (25\u00b0C)<\/strong><\/td>\n<td width=\"224\">120 g\/l<\/td>\n<\/tr>\n<tr>\n<td width=\"224\"><strong>pH della soluzione<\/strong><\/td>\n<td width=\"224\">7<\/td>\n<\/tr>\n<\/tbody>\n<\/table>\n<h2>Dosaggio Fertilizzante a base di solfato di potassio<\/h2>\n<p>Per conoscere il fabbisogno di solfato di potassio di un determinato terreno, \u00e8 necessario effettuare uno studio del terreno e ricevere una prescrizione da parte di un tecnico o agronomo. Come linea guida, si pu\u00f2 utilizzare la seguente tabella per la gestione del solfato di potassio:<\/p>\n<table>\n<tbody>\n<tr>\n<td rowspan=\"2\" width=\"150\"><strong>Livello di K e S <\/strong><\/p>\n<p><strong>a terra<\/strong><\/td>\n<td colspan=\"2\" width=\"299\"><strong>Dose necessaria di solfato di potassio<\/strong><\/td>\n<\/tr>\n<tr>\n<td width=\"150\"><strong>Granulare<\/strong><\/td>\n<td width=\"150\"><strong>Polvere solubile<\/strong><\/td>\n<\/tr>\n<tr>\n<td width=\"150\">Molto basso<\/td>\n<td width=\"150\">150-200 Kg\/ha<\/td>\n<td width=\"150\">1 Kg\/200 litri<\/td>\n<\/tr>\n<tr>\n<td width=\"150\">Sotto<\/td>\n<td width=\"150\">100-150 Kg\/ha<\/td>\n<td width=\"150\">750gr\/200litri<\/td>\n<\/tr>\n<tr>\n<td width=\"150\">Medio<\/td>\n<td width=\"150\">50-100Kg\/ha<\/td>\n<td width=\"150\">500gr\/200litri<\/td>\n<\/tr>\n<tr>\n<td width=\"150\">Alto<\/td>\n<td width=\"150\">Non richiede<\/td>\n<td width=\"150\">Non richiede<\/td>\n<\/tr>\n<\/tbody>\n<\/table>\n<p>&nbsp;<\/p>\n<h3 class=\"widget-title\">Acquista <\/h3><div><div class=\"woocommerce\"><ul class=\"products columns-4\">\n<li class=\"desktop-align-left tablet-align-left mobile-align-left ast-product-gallery-layout-horizontal-slider ast-magnify-disabled ast-product-single-variable ast-product-tabs-layout-horizontal ast-qv-on-image product type-product post-495 status-publish first instock product_cat-productos-experimentos product_cat-productos has-post-thumbnail taxable shipping-taxable purchasable product-type-variable has-default-attributes\">\n\t<a href=\"https:\/\/www.alquera.com\/it\/permanganato-de-potasio\/\" class=\"woocommerce-LoopProduct-link woocommerce-loop-product__link\"><img loading=\"lazy\" decoding=\"async\" width=\"300\" height=\"300\" src=\"https:\/\/www.alquera.com\/wp-content\/uploads\/2016\/01\/permanganato-200g-foto-nueva-300x300.png\" class=\"attachment-woocommerce_thumbnail size-woocommerce_thumbnail\" alt=\"permanganato 200g\" srcset=\"https:\/\/www.alquera.com\/wp-content\/uploads\/2016\/01\/permanganato-200g-foto-nueva-300x300.png 300w, https:\/\/www.alquera.com\/wp-content\/uploads\/2016\/01\/permanganato-200g-foto-nueva-150x150.png 150w, https:\/\/www.alquera.com\/wp-content\/uploads\/2016\/01\/permanganato-200g-foto-nueva-12x12.png 12w, https:\/\/www.alquera.com\/wp-content\/uploads\/2016\/01\/permanganato-200g-foto-nueva-100x100.png 100w\" sizes=\"auto, (max-width: 300px) 100vw, 300px\" \/><h2 class=\"woocommerce-loop-product__title\">Permanganato di Potassio<\/h2><div class=\"review-rating\"><div class=\"star-rating\"><span style=\"width:100%\" data-no-translation=\"\" data-trp-gettext=\"\">Valutato <strong class=\"rating\">5.00<\/strong> su 5<\/span><\/div><\/div>\n<\/a><a href=\"https:\/\/www.alquera.com\/it\/permanganato-de-potasio\/\" aria-describedby=\"woocommerce_loop_add_to_cart_link_describedby_495\" data-quantity=\"1\" class=\"button product_type_variable add_to_cart_button\" data-product_id=\"495\" data-product_sku=\"AL100111\" aria-label=\"Seleziona le opzioni per \u201cPermanganato de Potasio\u201d\" rel=\"nofollow\" data-no-translation=\"\" data-trp-gettext=\"\" data-no-translation-aria-label=\"\">Scegli<\/a>\t<span id=\"woocommerce_loop_add_to_cart_link_describedby_495\" class=\"screen-reader-text\">\n\t\tQuesto prodotto ha pi\u00f9 varianti. Le opzioni possono essere scelte nella pagina del prodotto\t<\/span>\n<\/li>\n<\/ul>\n<\/div><\/div>\n<p class=\"widget-title\">Per saperne di pi\u00f9<\/p><a href=\"https:\/\/www.alquera.com\/it\/sulfato-de-potasio\/\">Solfato di Potassio<\/a>\n<!-- Page-list plugin v.5.9 wordpress.org\/plugins\/page-list\/ -->\n<ul class=\"page-list siblings-page-list\">\n<li class=\"page_item page-item-5 menu-item\"><a href=\"https:\/\/www.alquera.com\/it\/sulfato-de-potasio\/usos\/\" class=\"menu-link\">Usi del solfato di potassio<\/a><\/li>\n<li class=\"page_item page-item-9 menu-item\"><a href=\"https:\/\/www.alquera.com\/it\/sulfato-de-potasio\/fertilizante\/\" class=\"menu-link\">Fertilizzante a base di solfato di potassio<\/a><\/li>\n<li class=\"page_item page-item-7 menu-item\"><a href=\"https:\/\/www.alquera.com\/it\/sulfato-de-potasio\/acuario\/\" class=\"menu-link\">Solfato di potassio Acquario<\/a><\/li>\n\n<\/ul>","protected":false},"excerpt":{"rendered":"<p>El sulfato de potasio\u00a0 o sulfato pot\u00e1sico es un compuesto muy utilizado como fertilizante de diversos cultivos, ya que es una\u00a0fuente principal de potasio. El potasio es uno de los 12 nutrientes principales que necesitan las plantas para crecer. Sulfato de potasio como fertilizante El potasio es un elemento bastante com\u00fan en la naturaleza. Se [&hellip;]<\/p>\n","protected":false},"author":1,"featured_media":0,"parent":32591,"menu_order":2,"comment_status":"open","ping_status":"closed","template":"","meta":{"_acf_changed":false,"site-sidebar-layout":"default","site-content-layout":"","ast-site-content-layout":"default","site-content-style":"default","site-sidebar-style":"default","ast-global-header-display":"","ast-banner-title-visibility":"","ast-main-header-display":"","ast-hfb-above-header-display":"","ast-hfb-below-header-display":"","ast-hfb-mobile-header-display":"","site-post-title":"","ast-breadcrumbs-content":"","ast-featured-img":"","footer-sml-layout":"","ast-disable-related-posts":"","theme-transparent-header-meta":"","adv-header-id-meta":"","stick-header-meta":"","header-above-stick-meta":"","header-main-stick-meta":"","header-below-stick-meta":"","astra-migrate-meta-layouts":"default","ast-page-background-enabled":"default","ast-page-background-meta":{"desktop":{"background-color":"var(--ast-global-color-4)","background-image":"","background-repeat":"repeat","background-position":"center center","background-size":"auto","background-attachment":"scroll","background-type":"","background-media":"","overlay-type":"","overlay-color":"","overlay-opacity":"","overlay-gradient":""},"tablet":{"background-color":"","background-image":"","background-repeat":"repeat","background-position":"center center","background-size":"auto","background-attachment":"scroll","background-type":"","background-media":"","overlay-type":"","overlay-color":"","overlay-opacity":"","overlay-gradient":""},"mobile":{"background-color":"","background-image":"","background-repeat":"repeat","background-position":"center center","background-size":"auto","background-attachment":"scroll","background-type":"","background-media":"","overlay-type":"","overlay-color":"","overlay-opacity":"","overlay-gradient":""}},"ast-content-background-meta":{"desktop":{"background-color":"var(--ast-global-color-5)","background-image":"","background-repeat":"repeat","background-position":"center center","background-size":"auto","background-attachment":"scroll","background-type":"","background-media":"","overlay-type":"","overlay-color":"","overlay-opacity":"","overlay-gradient":""},"tablet":{"background-color":"var(--ast-global-color-5)","background-image":"","background-repeat":"repeat","background-position":"center center","background-size":"auto","background-attachment":"scroll","background-type":"","background-media":"","overlay-type":"","overlay-color":"","overlay-opacity":"","overlay-gradient":""},"mobile":{"background-color":"var(--ast-global-color-5)","background-image":"","background-repeat":"repeat","background-position":"center center","background-size":"auto","background-attachment":"scroll","background-type":"","background-media":"","overlay-type":"","overlay-color":"","overlay-opacity":"","overlay-gradient":""}},"footnotes":""},"class_list":["post-9","page","type-page","status-publish","hentry"],"acf":[],"yoast_head":"<!-- This site is optimized with the Yoast SEO Premium plugin v27.1 (Yoast SEO v27.1.1) - https:\/\/yoast.com\/product\/yoast-seo-premium-wordpress\/ -->\n<title>Sulfato de Potasio Fertilizante - Alquera.com<\/title>\n<meta name=\"robots\" content=\"index, follow, max-snippet:-1, max-image-preview:large, max-video-preview:-1\" \/>\n<link rel=\"canonical\" href=\"https:\/\/www.alquera.com\/it\/sulfato-de-potasio\/fertilizante\/\" \/>\n<meta property=\"og:locale\" content=\"it_IT\" \/>\n<meta property=\"og:type\" content=\"article\" \/>\n<meta property=\"og:title\" content=\"Sulfato de Potasio Fertilizante\" \/>\n<meta property=\"og:description\" content=\"El sulfato de potasio\u00a0 o sulfato pot\u00e1sico es un compuesto muy utilizado como fertilizante de diversos cultivos, ya que es una\u00a0fuente principal de potasio. El potasio es uno de los 12 nutrientes principales que necesitan las plantas para crecer. Sulfato de potasio como fertilizante El potasio es un elemento bastante com\u00fan en la naturaleza. Se [&hellip;]\" \/>\n<meta property=\"og:url\" content=\"https:\/\/www.alquera.com\/it\/sulfato-de-potasio\/fertilizante\/\" \/>\n<meta property=\"og:site_name\" content=\"Alquera.com\" \/>\n<meta property=\"article:publisher\" content=\"https:\/\/www.facebook.com\/alqueraciencia\" \/>\n<meta property=\"article:modified_time\" content=\"2021-09-12T13:59:59+00:00\" \/>\n<meta property=\"og:image\" content=\"https:\/\/www.alquera.com\/wp-content\/uploads\/2020\/12\/falta-sulfato-de-potasio.jpg\" \/>\n<meta name=\"twitter:card\" content=\"summary_large_image\" \/>\n<meta name=\"twitter:label1\" content=\"Tempo di lettura stimato\" \/>\n\t<meta name=\"twitter:data1\" content=\"4 minuti\" \/>\n<script type=\"application\/ld+json\" class=\"yoast-schema-graph\">{\"@context\":\"https:\/\/schema.org\",\"@graph\":[{\"@type\":\"WebPage\",\"@id\":\"https:\/\/www.alquera.com\/sulfato-de-potasio\/fertilizante\/\",\"url\":\"https:\/\/www.alquera.com\/sulfato-de-potasio\/fertilizante\/\",\"name\":\"Sulfato de Potasio Fertilizante - Alquera.com\",\"isPartOf\":{\"@id\":\"https:\/\/www.alquera.com\/en\/#website\"},\"primaryImageOfPage\":{\"@id\":\"https:\/\/www.alquera.com\/sulfato-de-potasio\/fertilizante\/#primaryimage\"},\"image\":{\"@id\":\"https:\/\/www.alquera.com\/sulfato-de-potasio\/fertilizante\/#primaryimage\"},\"thumbnailUrl\":\"https:\/\/www.alquera.com\/wp-content\/uploads\/2020\/12\/falta-sulfato-de-potasio.jpg\",\"datePublished\":\"2016-06-30T08:28:48+00:00\",\"dateModified\":\"2021-09-12T13:59:59+00:00\",\"breadcrumb\":{\"@id\":\"https:\/\/www.alquera.com\/sulfato-de-potasio\/fertilizante\/#breadcrumb\"},\"inLanguage\":\"it-IT\",\"potentialAction\":[{\"@type\":\"ReadAction\",\"target\":[\"https:\/\/www.alquera.com\/sulfato-de-potasio\/fertilizante\/\"]}]},{\"@type\":\"ImageObject\",\"inLanguage\":\"it-IT\",\"@id\":\"https:\/\/www.alquera.com\/sulfato-de-potasio\/fertilizante\/#primaryimage\",\"url\":\"https:\/\/www.alquera.com\/wp-content\/uploads\/2020\/12\/falta-sulfato-de-potasio.jpg\",\"contentUrl\":\"https:\/\/www.alquera.com\/wp-content\/uploads\/2020\/12\/falta-sulfato-de-potasio.jpg\"},{\"@type\":\"BreadcrumbList\",\"@id\":\"https:\/\/www.alquera.com\/sulfato-de-potasio\/fertilizante\/#breadcrumb\",\"itemListElement\":[{\"@type\":\"ListItem\",\"position\":1,\"name\":\"Inicio\",\"item\":\"https:\/\/www.alquera.com\/\"},{\"@type\":\"ListItem\",\"position\":2,\"name\":\"Sulfato de Potasio\",\"item\":\"https:\/\/www.alquera.com\/sulfato-de-potasio\/\"},{\"@type\":\"ListItem\",\"position\":3,\"name\":\"Sulfato de Potasio Fertilizante\"}]},{\"@type\":\"WebSite\",\"@id\":\"https:\/\/www.alquera.com\/en\/#website\",\"url\":\"https:\/\/www.alquera.com\/en\/\",\"name\":\"Alquera.com\",\"description\":\"Tienda Online Productos Qu\u00edmicos y Material de Laboratorio\",\"publisher\":{\"@id\":\"https:\/\/www.alquera.com\/en\/#organization\"},\"potentialAction\":[{\"@type\":\"SearchAction\",\"target\":{\"@type\":\"EntryPoint\",\"urlTemplate\":\"https:\/\/www.alquera.com\/en\/?s={search_term_string}\"},\"query-input\":{\"@type\":\"PropertyValueSpecification\",\"valueRequired\":true,\"valueName\":\"search_term_string\"}}],\"inLanguage\":\"it-IT\"},{\"@type\":\"Organization\",\"@id\":\"https:\/\/www.alquera.com\/en\/#organization\",\"name\":\"ALQUERA CIENCIA SL\",\"url\":\"https:\/\/www.alquera.com\/en\/\",\"logo\":{\"@type\":\"ImageObject\",\"inLanguage\":\"it-IT\",\"@id\":\"https:\/\/www.alquera.com\/en\/#\/schema\/logo\/image\/\",\"url\":\"https:\/\/www.alquera.com\/wp-content\/uploads\/2020\/11\/logo_300_ancho.png\",\"contentUrl\":\"https:\/\/www.alquera.com\/wp-content\/uploads\/2020\/11\/logo_300_ancho.png\",\"width\":300,\"height\":86,\"caption\":\"ALQUERA CIENCIA SL\"},\"image\":{\"@id\":\"https:\/\/www.alquera.com\/en\/#\/schema\/logo\/image\/\"},\"sameAs\":[\"https:\/\/www.facebook.com\/alqueraciencia\",\"https:\/\/www.instagram.com\/alquera_ciencia\/\",\"https:\/\/www.youtube.com\/c\/alquera\"]}]}<\/script>\n<!-- \/ Yoast SEO Premium plugin. -->","yoast_head_json":{"title":"Concime a base di solfato di potassio - Alquera.com","robots":{"index":"index","follow":"follow","max-snippet":"max-snippet:-1","max-image-preview":"max-image-preview:large","max-video-preview":"max-video-preview:-1"},"canonical":"https:\/\/www.alquera.com\/it\/sulfato-de-potasio\/fertilizante\/","og_locale":"it_IT","og_type":"article","og_title":"Sulfato de Potasio Fertilizante","og_description":"El sulfato de potasio\u00a0 o sulfato pot\u00e1sico es un compuesto muy utilizado como fertilizante de diversos cultivos, ya que es una\u00a0fuente principal de potasio. El potasio es uno de los 12 nutrientes principales que necesitan las plantas para crecer. Sulfato de potasio como fertilizante El potasio es un elemento bastante com\u00fan en la naturaleza. Se [&hellip;]","og_url":"https:\/\/www.alquera.com\/it\/sulfato-de-potasio\/fertilizante\/","og_site_name":"Alquera.com","article_publisher":"https:\/\/www.facebook.com\/alqueraciencia","article_modified_time":"2021-09-12T13:59:59+00:00","og_image":[{"url":"https:\/\/www.alquera.com\/wp-content\/uploads\/2020\/12\/falta-sulfato-de-potasio.jpg","type":"","width":"","height":""}],"twitter_card":"summary_large_image","twitter_misc":{"Tempo di lettura stimato":"4 minuti"},"schema":{"@context":"https:\/\/schema.org","@graph":[{"@type":"WebPage","@id":"https:\/\/www.alquera.com\/sulfato-de-potasio\/fertilizante\/","url":"https:\/\/www.alquera.com\/sulfato-de-potasio\/fertilizante\/","name":"Concime a base di solfato di potassio - Alquera.com","isPartOf":{"@id":"https:\/\/www.alquera.com\/en\/#website"},"primaryImageOfPage":{"@id":"https:\/\/www.alquera.com\/sulfato-de-potasio\/fertilizante\/#primaryimage"},"image":{"@id":"https:\/\/www.alquera.com\/sulfato-de-potasio\/fertilizante\/#primaryimage"},"thumbnailUrl":"https:\/\/www.alquera.com\/wp-content\/uploads\/2020\/12\/falta-sulfato-de-potasio.jpg","datePublished":"2016-06-30T08:28:48+00:00","dateModified":"2021-09-12T13:59:59+00:00","breadcrumb":{"@id":"https:\/\/www.alquera.com\/sulfato-de-potasio\/fertilizante\/#breadcrumb"},"inLanguage":"it-IT","potentialAction":[{"@type":"ReadAction","target":["https:\/\/www.alquera.com\/sulfato-de-potasio\/fertilizante\/"]}]},{"@type":"ImageObject","inLanguage":"it-IT","@id":"https:\/\/www.alquera.com\/sulfato-de-potasio\/fertilizante\/#primaryimage","url":"https:\/\/www.alquera.com\/wp-content\/uploads\/2020\/12\/falta-sulfato-de-potasio.jpg","contentUrl":"https:\/\/www.alquera.com\/wp-content\/uploads\/2020\/12\/falta-sulfato-de-potasio.jpg"},{"@type":"BreadcrumbList","@id":"https:\/\/www.alquera.com\/sulfato-de-potasio\/fertilizante\/#breadcrumb","itemListElement":[{"@type":"ListItem","position":1,"name":"Inicio","item":"https:\/\/www.alquera.com\/"},{"@type":"ListItem","position":2,"name":"Sulfato de Potasio","item":"https:\/\/www.alquera.com\/sulfato-de-potasio\/"},{"@type":"ListItem","position":3,"name":"Sulfato de Potasio Fertilizante"}]},{"@type":"WebSite","@id":"https:\/\/www.alquera.com\/en\/#website","url":"https:\/\/www.alquera.com\/en\/","name":"Alquera.com","description":"Negozio online di prodotti chimici e forniture di laboratorio","publisher":{"@id":"https:\/\/www.alquera.com\/en\/#organization"},"potentialAction":[{"@type":"SearchAction","target":{"@type":"EntryPoint","urlTemplate":"https:\/\/www.alquera.com\/en\/?s={search_term_string}"},"query-input":{"@type":"PropertyValueSpecification","valueRequired":true,"valueName":"search_term_string"}}],"inLanguage":"it-IT"},{"@type":"Organization","@id":"https:\/\/www.alquera.com\/en\/#organization","name":"ALQUERA CIENCIA SL","url":"https:\/\/www.alquera.com\/en\/","logo":{"@type":"ImageObject","inLanguage":"it-IT","@id":"https:\/\/www.alquera.com\/en\/#\/schema\/logo\/image\/","url":"https:\/\/www.alquera.com\/wp-content\/uploads\/2020\/11\/logo_300_ancho.png","contentUrl":"https:\/\/www.alquera.com\/wp-content\/uploads\/2020\/11\/logo_300_ancho.png","width":300,"height":86,"caption":"ALQUERA CIENCIA SL"},"image":{"@id":"https:\/\/www.alquera.com\/en\/#\/schema\/logo\/image\/"},"sameAs":["https:\/\/www.facebook.com\/alqueraciencia","https:\/\/www.instagram.com\/alquera_ciencia\/","https:\/\/www.youtube.com\/c\/alquera"]}]}},"_links":{"self":[{"href":"https:\/\/www.alquera.com\/it\/wp-json\/wp\/v2\/pages\/9","targetHints":{"allow":["GET"]}}],"collection":[{"href":"https:\/\/www.alquera.com\/it\/wp-json\/wp\/v2\/pages"}],"about":[{"href":"https:\/\/www.alquera.com\/it\/wp-json\/wp\/v2\/types\/page"}],"author":[{"embeddable":true,"href":"https:\/\/www.alquera.com\/it\/wp-json\/wp\/v2\/users\/1"}],"replies":[{"embeddable":true,"href":"https:\/\/www.alquera.com\/it\/wp-json\/wp\/v2\/comments?post=9"}],"version-history":[{"count":4,"href":"https:\/\/www.alquera.com\/it\/wp-json\/wp\/v2\/pages\/9\/revisions"}],"predecessor-version":[{"id":33196,"href":"https:\/\/www.alquera.com\/it\/wp-json\/wp\/v2\/pages\/9\/revisions\/33196"}],"up":[{"embeddable":true,"href":"https:\/\/www.alquera.com\/it\/wp-json\/wp\/v2\/pages\/32591"}],"wp:attachment":[{"href":"https:\/\/www.alquera.com\/it\/wp-json\/wp\/v2\/media?parent=9"}],"curies":[{"name":"wp","href":"https:\/\/api.w.org\/{rel}","templated":true}]}}