{"id":9082,"date":"2020-10-06T11:14:40","date_gmt":"2020-10-06T11:14:40","guid":{"rendered":"http:\/\/localhost\/alquera\/?page_id=9082"},"modified":"2025-01-29T10:22:55","modified_gmt":"2025-01-29T10:22:55","slug":"1-entrega","status":"publish","type":"page","link":"https:\/\/www.alquera.com\/it\/1-entrega\/","title":{"rendered":"Spedizione e restituzione"},"content":{"rendered":"<h2 class=\"wp-block-heading\" id=\"h-quienes-somos\">CHI SIAMO?<\/h2>\n\n\n\n<p>Alquera Ciencia SL \u00e8 una societ\u00e0 di distribuzione e commercializzazione di prodotti chimici e attrezzature da laboratorio. In Alquera lavoriamo con i migliori produttori che offrono alta qualit\u00e0 ai migliori prezzi per ogni prodotto. All'interno di ogni prodotto potrete vedere la sua scheda tecnica con la qualit\u00e0 e la purezza del prodotto e le sue applicazioni, e se avete ulteriori domande non esitate a contattarci a info@alquera.com.<\/p>\n\n\n\n<h2 class=\"wp-block-heading\" id=\"h-como-se-realiza-la-compra\">COME SI EFFETTUA L'ACQUISTO?<\/h2>\n\n\n\n<p>L'acquisto dei prodotti Alquera avviene attraverso il Web. Per impostazione predefinita, gli ordini vengono consegnati tramite il servizio di corriere CorreosExpress. Quando si aggiunge un prodotto al carrello e si inserisce l'indirizzo, vengono visualizzati i costi di spedizione associati. Per le spedizioni superiori a 75 kg la spedizione viene effettuata in forma pallettizzata (salvo diversa indicazione).<\/p>\n\n\n\n<p><\/p>\n\n\n\n<h2 class=\"wp-block-heading\" id=\"h-hay-pedido-minimo\">C'\u00c8 UN ORDINE MINIMO?<\/h2>\n\n\n\n<p>Non c'\u00e8 un ordine minimo. \u00c8 possibile effettuare un ordine per qualsiasi prodotto pubblicizzato sul sito. Le spese di spedizione associate saranno visualizzate nel carrello al momento dell'ordine.&nbsp;<\/p>\n\n\n\n<h2 class=\"wp-block-heading\" id=\"h-como-se-realiza-el-envio\">COME VIENE EFFETTUATA LA SPEDIZIONE?<\/h2>\n\n\n\n<p>Gli ordini di peso inferiore a 80 kg vengono spediti con il corriere CorreosExpress. Non appena il vostro ordine viene preparato, riceverete un'e-mail che vi informa che \u00e8 in fase di preparazione e che lo riceverete entro 24-48 ore. Da CorreosExpress riceverete poi un sms e\/o un'e-mail di notifica dell'avvenuta consegna con il riferimento dell'ordine.<\/p>\n\n\n\n<p>Se la spedizione supera gli 80 kg, viene pallettizzata e la consegna avviene dopo 4-5 giorni.&nbsp;<\/p>\n\n\n\n<h2 class=\"wp-block-heading\" id=\"h-cual-es-el-plazo-de-entrega-de-los-productos\">QUALI SONO I TEMPI DI CONSEGNA DEI PRODOTTI?<\/h2>\n\n\n\n<p>I prodotti Alquera vengono spediti tramite corriere entro 24 ore, a meno che non sia indicato un altro tempo di consegna nella descrizione del prodotto. A queste 24 ore va aggiunta la preparazione dell'ordine, normalmente 1-2 giorni lavorativi. In caso di altri ritardi, vi contatteremo per indicarvi la data di consegna. Se scegliete di ritirare il prodotto, dovrete attendere la nostra conferma, che normalmente avverr\u00e0 il giorno lavorativo successivo all'ordine.&nbsp;<\/p>\n\n\n\n<p>Per qualsiasi domanda \u00e8 possibile consultare il sito 620887597.<\/p>\n\n\n\n<h2 class=\"wp-block-heading\" id=\"h-que-formas-de-pago-se-pueden-usar\">QUALI FORME DI PAGAMENTO POSSONO ESSERE UTILIZZATE?<\/h2>\n\n\n\n<p><strong>BONIFICO BANCARIO<\/strong><\/p>\n\n\n\n<p>Al termine dell'acquisto \u00e8 possibile selezionare l'opzione del bonifico bancario. In questo caso, dovrete effettuare un versamento, per l'importo del vostro ordine, sul conto che Alquera Ciencia SL ha presso BBVA. Tutti i dettagli vi saranno forniti al termine dell'ordine.&nbsp;<\/p>\n\n\n\n<p><strong>Titolare del conto:<\/strong>&nbsp;Alquera Ciencia SL<br><strong>Dettagli del conto:<\/strong>&nbsp;Conto bancario BBVA<br><strong>IBAN:<\/strong>&nbsp;ES76 0182 0192 7702 0163 2437&nbsp;<\/p>\n\n\n\n<p>Si consiglia di indicare il riferimento dell'ordine sul bonifico. Per accelerare la procedura, si consiglia di inviare la ricevuta del bonifico a info@alquera.com via e-mail o in uno dei seguenti modi&nbsp;<a href=\"https:\/\/www.alquera.com\/it\/contactenos\/\">metodi di contatto<\/a>.&nbsp;&nbsp;<\/p>\n\n\n\n<p><strong>CARTA BANCARIA<\/strong><\/p>\n\n\n\n<p>\u00c8 possibile ordinare con carta di credito o di debito. Lavoriamo con Redsys, in un ambiente assolutamente sicuro e senza che i dati della carta di credito vengano registrati in alcun momento. Per motivi di sicurezza Redsys opera inviando un messaggio al vostro cellulare per confermare l'operazione. In caso di problemi o di mancata ricezione del messaggio, \u00e8 possibile pagare con carta di credito tramite Paypal, anche se non si dispone di un conto Paypal registrato.<\/p>\n\n\n\n<p><strong>PAYPAL<\/strong><\/p>\n\n\n\n<p>\u00c8 inoltre possibile effettuare il pagamento tramite PayPal, come di consueto con questo metodo di pagamento. Inoltre, anche se non si dispone di un account paypal, \u00e8 possibile effettuare il pagamento con carta attraverso questa piattaforma (nel caso in cui il gateway Redsys dia un errore, ad esempio). A tal fine, una volta reindirizzati a paypal, vedrete che sotto il pulsante \"crea account\" in paypal, c'\u00e8 un pulsante che dice \"paga con carta\", potendo effettuare il pagamento con carta senza avere un account paypal, semplicemente seguendo i passaggi che sono indicati.&nbsp;<\/p>\n\n\n\n<h2 class=\"wp-block-heading\" id=\"h-los-precios-incluyen-iva\">I PREZZI SONO COMPRENSIVI DI IVA?<\/h2>\n\n\n\n<p>I prezzi indicati sono comprensivi di IVA, pertanto sono da considerarsi prezzi finali. Per le spedizioni alle Isole Canarie, una volta inserito l'indirizzo di spedizione, verr\u00e0 detratta la percentuale di IVA. Per spedizioni alle Isole Canarie superiori a 150\u20ac dovremo calcolare i costi doganali.<\/p>\n\n\n\n<h2 class=\"wp-block-heading\" id=\"h-cuales-son-los-gastos-de-envio\">QUALI SONO I COSTI DI SPEDIZIONE?<\/h2>\n\n\n\n<p>Le spese di spedizione si riflettono gi\u00e0 nella fattura del prodotto, ad eccezione delle Isole Canarie, Ceuta e Melilla, che subiranno un aumento dovuto alla dogana. In caso di restituzione della merce, da noi autorizzata, il cliente si far\u00e0 carico delle spese di spedizione.<\/p>\n\n\n\n<p>Le spese di spedizione variano a seconda che la spedizione sia provinciale (Madrid), peninsulare o delle Isole Canarie. Le spese di spedizione esatte saranno indicate nel carrello una volta effettuato l'ordine.<\/p>\n\n\n\n<p>Per ulteriori informazioni sulle spedizioni, si veda la sezione\u00a0<a href=\"https:\/\/www.alquera.com\/it\/1-entrega\/\">spedizione e restituzione<\/a>\u00a0Per le consegne all'estero, contattare Alquera all'indirizzo info@alquera.com.<\/p>\n\n\n\n<h2 class=\"wp-block-heading\" id=\"h-se-permiten-devoluciones-de-los-productos\">SONO CONSENTITI I RESI DEI PRODOTTI?<\/h2>\n\n\n\n<p>Alquera Ciencia SL accetter\u00e0 la restituzione dei prodotti a condizione che la comunicazione avvenga entro 10 giorni dalla consegna dell'ordine. Nel caso in cui i prodotti non rispondano in modo giustificato alle caratteristiche contrattuali, Alquera si far\u00e0 carico delle spese di spedizione per la restituzione. In caso contrario, le spese di spedizione e restituzione sono a carico dell'acquirente.  Per maggiori dettagli \u00e8 possibile consultare la politica di\u00a0<a href=\"https:\/\/www.alquera.com\/it\/1-entrega\/\">spedizioni e resi<\/a><\/p>\n\n\n\n<h2 class=\"wp-block-heading\" id=\"h-puede-variar-la-presentacion-del-producto-que-recibo\">LA PRESENTAZIONE DEL PRODOTTO CHE RICEVO PU\u00d2 VARIARE?<\/h2>\n\n\n\n<p>La presentazione del prodotto NON \u00e8 sempre quella mostrata nella foto. Cerchiamo di essere il pi\u00f9 precisi possibile con le foto, ma non sempre abbiamo la foto di ogni formato, colore, confezione, ecc...<\/p>\n\n\n\n<p>Pertanto, potremmo mostrare una fotografia generica per presentare un prodotto o una linea di prodotti.<\/p>\n\n\n\n<p>Non ordinare mai in base all'immagine mostrata, ma in base al nome del prodotto. Ricordate che in caso di dubbio potete sempre contattarci.<\/p>","protected":false},"excerpt":{"rendered":"<p>\u00bfQUIENES SOMOS? Alquera Ciencia SL es una empresa de distribuci\u00f3n y comercializaci\u00f3n de productos qu\u00edmicos y material de laboratorio.&nbsp;En Alquera trabajamos con los mejores fabricantes ofreciendo alta calidad al mejor de los precios de cada producto. Dentro de cada producto podr\u00e1s ver su ficha t\u00e9cnica con la calidad y pureza del producto y sus aplicaciones, [&hellip;]<\/p>\n","protected":false},"author":1,"featured_media":0,"parent":0,"menu_order":0,"comment_status":"closed","ping_status":"closed","template":"","meta":{"_acf_changed":false,"site-sidebar-layout":"left-sidebar","site-content-layout":"default","ast-site-content-layout":"default","site-content-style":"default","site-sidebar-style":"default","ast-global-header-display":"","ast-banner-title-visibility":"","ast-main-header-display":"","ast-hfb-above-header-display":"","ast-hfb-below-header-display":"","ast-hfb-mobile-header-display":"","site-post-title":"","ast-breadcrumbs-content":"","ast-featured-img":"","footer-sml-layout":"","ast-disable-related-posts":"","theme-transparent-header-meta":"default","adv-header-id-meta":"","stick-header-meta":"default","header-above-stick-meta":"","header-main-stick-meta":"","header-below-stick-meta":"","astra-migrate-meta-layouts":"set","ast-page-background-enabled":"default","ast-page-background-meta":{"desktop":{"background-color":"var(--ast-global-color-4)","background-image":"","background-repeat":"repeat","background-position":"center center","background-size":"auto","background-attachment":"scroll","background-type":"","background-media":"","overlay-type":"","overlay-color":"","overlay-opacity":"","overlay-gradient":""},"tablet":{"background-color":"","background-image":"","background-repeat":"repeat","background-position":"center center","background-size":"auto","background-attachment":"scroll","background-type":"","background-media":"","overlay-type":"","overlay-color":"","overlay-opacity":"","overlay-gradient":""},"mobile":{"background-color":"","background-image":"","background-repeat":"repeat","background-position":"center center","background-size":"auto","background-attachment":"scroll","background-type":"","background-media":"","overlay-type":"","overlay-color":"","overlay-opacity":"","overlay-gradient":""}},"ast-content-background-meta":{"desktop":{"background-color":"var(--ast-global-color-5)","background-image":"","background-repeat":"repeat","background-position":"center center","background-size":"auto","background-attachment":"scroll","background-type":"","background-media":"","overlay-type":"","overlay-color":"","overlay-opacity":"","overlay-gradient":""},"tablet":{"background-color":"var(--ast-global-color-5)","background-image":"","background-repeat":"repeat","background-position":"center center","background-size":"auto","background-attachment":"scroll","background-type":"","background-media":"","overlay-type":"","overlay-color":"","overlay-opacity":"","overlay-gradient":""},"mobile":{"background-color":"var(--ast-global-color-5)","background-image":"","background-repeat":"repeat","background-position":"center center","background-size":"auto","background-attachment":"scroll","background-type":"","background-media":"","overlay-type":"","overlay-color":"","overlay-opacity":"","overlay-gradient":""}},"footnotes":""},"class_list":["post-9082","page","type-page","status-publish","hentry"],"acf":[],"yoast_head":"<!-- This site is optimized with the Yoast SEO Premium plugin v27.1 (Yoast SEO v27.1.1) - https:\/\/yoast.com\/product\/yoast-seo-premium-wordpress\/ -->\n<title>Env\u00edos y Devoluciones - Alquera.com<\/title>\n<meta name=\"robots\" content=\"index, follow, max-snippet:-1, max-image-preview:large, max-video-preview:-1\" \/>\n<link rel=\"canonical\" href=\"https:\/\/www.alquera.com\/it\/1-entrega\/\" \/>\n<meta property=\"og:locale\" content=\"it_IT\" \/>\n<meta property=\"og:type\" content=\"article\" \/>\n<meta property=\"og:title\" content=\"Env\u00edos y Devoluciones\" \/>\n<meta property=\"og:description\" content=\"\u00bfQUIENES SOMOS? Alquera Ciencia SL es una empresa de distribuci\u00f3n y comercializaci\u00f3n de productos qu\u00edmicos y material de laboratorio.&nbsp;En Alquera trabajamos con los mejores fabricantes ofreciendo alta calidad al mejor de los precios de cada producto. Dentro de cada producto podr\u00e1s ver su ficha t\u00e9cnica con la calidad y pureza del producto y sus aplicaciones, [&hellip;]\" \/>\n<meta property=\"og:url\" content=\"https:\/\/www.alquera.com\/it\/1-entrega\/\" \/>\n<meta property=\"og:site_name\" content=\"Alquera.com\" \/>\n<meta property=\"article:publisher\" content=\"https:\/\/www.facebook.com\/alqueraciencia\" \/>\n<meta property=\"article:modified_time\" content=\"2025-01-29T10:22:55+00:00\" \/>\n<meta name=\"twitter:card\" content=\"summary_large_image\" \/>\n<meta name=\"twitter:label1\" content=\"Tempo di lettura stimato\" \/>\n\t<meta name=\"twitter:data1\" content=\"5 minuti\" \/>\n<script type=\"application\/ld+json\" class=\"yoast-schema-graph\">{\"@context\":\"https:\/\/schema.org\",\"@graph\":[{\"@type\":\"WebPage\",\"@id\":\"https:\/\/www.alquera.com\/1-entrega\/\",\"url\":\"https:\/\/www.alquera.com\/1-entrega\/\",\"name\":\"Env\u00edos y Devoluciones - Alquera.com\",\"isPartOf\":{\"@id\":\"https:\/\/www.alquera.com\/en\/#website\"},\"datePublished\":\"2020-10-06T11:14:40+00:00\",\"dateModified\":\"2025-01-29T10:22:55+00:00\",\"breadcrumb\":{\"@id\":\"https:\/\/www.alquera.com\/1-entrega\/#breadcrumb\"},\"inLanguage\":\"it-IT\",\"potentialAction\":[{\"@type\":\"ReadAction\",\"target\":[\"https:\/\/www.alquera.com\/1-entrega\/\"]}]},{\"@type\":\"BreadcrumbList\",\"@id\":\"https:\/\/www.alquera.com\/1-entrega\/#breadcrumb\",\"itemListElement\":[{\"@type\":\"ListItem\",\"position\":1,\"name\":\"Inicio\",\"item\":\"https:\/\/www.alquera.com\/\"},{\"@type\":\"ListItem\",\"position\":2,\"name\":\"Env\u00edos y Devoluciones\"}]},{\"@type\":\"WebSite\",\"@id\":\"https:\/\/www.alquera.com\/en\/#website\",\"url\":\"https:\/\/www.alquera.com\/en\/\",\"name\":\"Alquera.com\",\"description\":\"Tienda Online Productos Qu\u00edmicos y Material de Laboratorio\",\"publisher\":{\"@id\":\"https:\/\/www.alquera.com\/en\/#organization\"},\"potentialAction\":[{\"@type\":\"SearchAction\",\"target\":{\"@type\":\"EntryPoint\",\"urlTemplate\":\"https:\/\/www.alquera.com\/en\/?s={search_term_string}\"},\"query-input\":{\"@type\":\"PropertyValueSpecification\",\"valueRequired\":true,\"valueName\":\"search_term_string\"}}],\"inLanguage\":\"it-IT\"},{\"@type\":\"Organization\",\"@id\":\"https:\/\/www.alquera.com\/en\/#organization\",\"name\":\"ALQUERA CIENCIA SL\",\"url\":\"https:\/\/www.alquera.com\/en\/\",\"logo\":{\"@type\":\"ImageObject\",\"inLanguage\":\"it-IT\",\"@id\":\"https:\/\/www.alquera.com\/en\/#\/schema\/logo\/image\/\",\"url\":\"https:\/\/www.alquera.com\/wp-content\/uploads\/2020\/11\/logo_300_ancho.png\",\"contentUrl\":\"https:\/\/www.alquera.com\/wp-content\/uploads\/2020\/11\/logo_300_ancho.png\",\"width\":300,\"height\":86,\"caption\":\"ALQUERA CIENCIA SL\"},\"image\":{\"@id\":\"https:\/\/www.alquera.com\/en\/#\/schema\/logo\/image\/\"},\"sameAs\":[\"https:\/\/www.facebook.com\/alqueraciencia\",\"https:\/\/www.instagram.com\/alquera_ciencia\/\",\"https:\/\/www.youtube.com\/c\/alquera\"]}]}<\/script>\n<!-- \/ Yoast SEO Premium plugin. -->","yoast_head_json":{"title":"Spedizione e restituzione - Alquera.com","robots":{"index":"index","follow":"follow","max-snippet":"max-snippet:-1","max-image-preview":"max-image-preview:large","max-video-preview":"max-video-preview:-1"},"canonical":"https:\/\/www.alquera.com\/it\/1-entrega\/","og_locale":"it_IT","og_type":"article","og_title":"Env\u00edos y Devoluciones","og_description":"\u00bfQUIENES SOMOS? Alquera Ciencia SL es una empresa de distribuci\u00f3n y comercializaci\u00f3n de productos qu\u00edmicos y material de laboratorio.&nbsp;En Alquera trabajamos con los mejores fabricantes ofreciendo alta calidad al mejor de los precios de cada producto. Dentro de cada producto podr\u00e1s ver su ficha t\u00e9cnica con la calidad y pureza del producto y sus aplicaciones, [&hellip;]","og_url":"https:\/\/www.alquera.com\/it\/1-entrega\/","og_site_name":"Alquera.com","article_publisher":"https:\/\/www.facebook.com\/alqueraciencia","article_modified_time":"2025-01-29T10:22:55+00:00","twitter_card":"summary_large_image","twitter_misc":{"Tempo di lettura stimato":"5 minuti"},"schema":{"@context":"https:\/\/schema.org","@graph":[{"@type":"WebPage","@id":"https:\/\/www.alquera.com\/1-entrega\/","url":"https:\/\/www.alquera.com\/1-entrega\/","name":"Spedizione e restituzione - Alquera.com","isPartOf":{"@id":"https:\/\/www.alquera.com\/en\/#website"},"datePublished":"2020-10-06T11:14:40+00:00","dateModified":"2025-01-29T10:22:55+00:00","breadcrumb":{"@id":"https:\/\/www.alquera.com\/1-entrega\/#breadcrumb"},"inLanguage":"it-IT","potentialAction":[{"@type":"ReadAction","target":["https:\/\/www.alquera.com\/1-entrega\/"]}]},{"@type":"BreadcrumbList","@id":"https:\/\/www.alquera.com\/1-entrega\/#breadcrumb","itemListElement":[{"@type":"ListItem","position":1,"name":"Inicio","item":"https:\/\/www.alquera.com\/"},{"@type":"ListItem","position":2,"name":"Env\u00edos y Devoluciones"}]},{"@type":"WebSite","@id":"https:\/\/www.alquera.com\/en\/#website","url":"https:\/\/www.alquera.com\/en\/","name":"Alquera.com","description":"Negozio online di prodotti chimici e forniture di laboratorio","publisher":{"@id":"https:\/\/www.alquera.com\/en\/#organization"},"potentialAction":[{"@type":"SearchAction","target":{"@type":"EntryPoint","urlTemplate":"https:\/\/www.alquera.com\/en\/?s={search_term_string}"},"query-input":{"@type":"PropertyValueSpecification","valueRequired":true,"valueName":"search_term_string"}}],"inLanguage":"it-IT"},{"@type":"Organization","@id":"https:\/\/www.alquera.com\/en\/#organization","name":"ALQUERA CIENCIA SL","url":"https:\/\/www.alquera.com\/en\/","logo":{"@type":"ImageObject","inLanguage":"it-IT","@id":"https:\/\/www.alquera.com\/en\/#\/schema\/logo\/image\/","url":"https:\/\/www.alquera.com\/wp-content\/uploads\/2020\/11\/logo_300_ancho.png","contentUrl":"https:\/\/www.alquera.com\/wp-content\/uploads\/2020\/11\/logo_300_ancho.png","width":300,"height":86,"caption":"ALQUERA CIENCIA SL"},"image":{"@id":"https:\/\/www.alquera.com\/en\/#\/schema\/logo\/image\/"},"sameAs":["https:\/\/www.facebook.com\/alqueraciencia","https:\/\/www.instagram.com\/alquera_ciencia\/","https:\/\/www.youtube.com\/c\/alquera"]}]}},"_links":{"self":[{"href":"https:\/\/www.alquera.com\/it\/wp-json\/wp\/v2\/pages\/9082","targetHints":{"allow":["GET"]}}],"collection":[{"href":"https:\/\/www.alquera.com\/it\/wp-json\/wp\/v2\/pages"}],"about":[{"href":"https:\/\/www.alquera.com\/it\/wp-json\/wp\/v2\/types\/page"}],"author":[{"embeddable":true,"href":"https:\/\/www.alquera.com\/it\/wp-json\/wp\/v2\/users\/1"}],"replies":[{"embeddable":true,"href":"https:\/\/www.alquera.com\/it\/wp-json\/wp\/v2\/comments?post=9082"}],"version-history":[{"count":11,"href":"https:\/\/www.alquera.com\/it\/wp-json\/wp\/v2\/pages\/9082\/revisions"}],"predecessor-version":[{"id":51191,"href":"https:\/\/www.alquera.com\/it\/wp-json\/wp\/v2\/pages\/9082\/revisions\/51191"}],"wp:attachment":[{"href":"https:\/\/www.alquera.com\/it\/wp-json\/wp\/v2\/media?parent=9082"}],"curies":[{"name":"wp","href":"https:\/\/api.w.org\/{rel}","templated":true}]}}