{"id":9360,"date":"2020-10-14T15:22:28","date_gmt":"2020-10-14T15:22:28","guid":{"rendered":"http:\/\/localhost\/alquera\/?page_id=9360"},"modified":"2021-09-12T13:49:48","modified_gmt":"2021-09-12T13:49:48","slug":"usos-borax","status":"publish","type":"page","link":"https:\/\/www.alquera.com\/it\/borax\/usos-borax\/","title":{"rendered":"Usi del borace"},"content":{"rendered":"<p>Il <a href=\"https:\/\/www.alquera.com\/it\/borax\/\">borace<\/a>noto anche come borato di sodio o tetraborato di sodio, \u00e8 un sale di boro e ha la formula chimica\u00a0<strong>Na2B4O7-10H2O<\/strong>. \u00c8 uno dei prodotti chimici con il maggior numero di piccole applicazioni, sia a livello domestico che industriale. Si presenta sotto forma di grani fini o polvere, di colore bianco.<\/p>\n<h2>Usi del borace<\/h2>\n<p>Non solo spiegheremo nel dettaglio cos'\u00e8 il borace, ma anche a cosa serve, quali sono i suoi usi e le sue applicazioni:<\/p>\n<ul>\n<li><a href=\"https:\/\/www.alquera.com\/it\/borax\/potenciador-detergente\/\"><span style=\"text-decoration: underline;\">Detergente<\/span><\/a>\u00c8 un ottimo potenziatore di detergenti. Ha propriet\u00e0 che facilitano la rimozione delle macchie e mantengono il pH dell'acqua a un livello ottimale per la pulizia. Per saperne di pi\u00f9 sul suo uso come detergente.<\/li>\n<li><a href=\"https:\/\/www.alquera.com\/it\/borax\/limpieza-hogar\/\">Pulizia<\/a>Il borace pu\u00f2 essere un grande alleato per completare la pulizia della casa. Pu\u00f2 essere utilizzato per eliminare gli odori, rimuovere le macchie, pulire le piastrelle,...continua a leggere.<\/li>\n<li><a href=\"https:\/\/www.alquera.com\/it\/borax\/limpieza-hogar\/\">Elimina gli odori:<\/a> Si pu\u00f2 usare diluito in acqua come deodorante per ambienti o come polvere direttamente sui tappeti o sulle aree in cui si desidera eliminare gli odori.<\/li>\n<li><a href=\"https:\/\/www.alquera.com\/it\/borax\/soldar-plata\/\">Argento per saldatura<\/a>Il borace \u00e8 comunemente usato come fondente per l'argento; qui potete leggere come preparare il fondente borace per la saldatura.<\/li>\n<li><span style=\"text-decoration: underline;\">Melma<\/span>: La realizzazione di uno slime \u00e8 uno degli esperimenti pi\u00f9 popolari che si fanno oggi. Ci sono diversi modi per fare uno slime, con la colla, la schiuma da barba, ...... Senza dubbio il modo migliore per fare uno slime \u00e8 con l'uso del borace. Leggete come fare lo slime. Negli ultimi tempi si aggiunge anche polvere di neve chimica per ottenere uno slime a forma di nuvola.<\/li>\n<li>Cristalli di borace: un altro esperimento molto conosciuto dai bambini \u00e8 la creazione di cristalli. Il borace aumenta la sua solubilit\u00e0 riscaldando il liquido in cui \u00e8 contenuto e, raffreddandosi, cristallizza, creando divertenti cristalli chimici. Leggete come fare i cristalli.<\/li>\n<\/ul>\n<h2>Formula chimica<\/h2>\n<p>La sua formula chimica \u00e8 Na2B4O7-10H2O, da cui il nome tetraborato di sodio o semplicemente borato di sodio. Altre caratteristiche fisico-chimiche sono:<\/p>\n<table class=\"infobox\">\n<tbody>\n<tr>\n<th scope=\"row\">Aspetto<\/th>\n<td colspan=\"2\">bianco<\/td>\n<\/tr>\n<tr>\n<th scope=\"row\">Densit\u00e0<\/th>\n<td colspan=\"2\">1730 kg\/m<sup>3<\/sup>1,73 g\/cm<sup>3<\/sup><\/td>\n<\/tr>\n<tr>\n<th scope=\"row\">Massa molare<\/th>\n<td colspan=\"2\">381,4 g\/mol<\/td>\n<\/tr>\n<tr>\n<th scope=\"row\">Punto di fusione<\/th>\n<td colspan=\"2\">1014 K (741 \u00b0C)<\/td>\n<\/tr>\n<\/tbody>\n<\/table>\n<p>Il borace viene talvolta confuso con il borace. <a href=\"https:\/\/www.alquera.com\/it\/acido-borico\/\">acido borico<\/a>I due prodotti sono complementari, facilmente ottenibili l'uno dall'altro, ma non vanno confusi perch\u00e9 non sono lo stesso prodotto.<\/p>\n<h3 class=\"widget-title\">Acquista <\/h3><div><div class=\"woocommerce\"><ul class=\"products columns-4\">\n<li class=\"desktop-align-left tablet-align-left mobile-align-left ast-product-gallery-layout-horizontal-slider ast-magnify-disabled ast-product-single-variable ast-product-tabs-layout-horizontal ast-qv-on-image product type-product post-495 status-publish first instock product_cat-productos-experimentos product_cat-productos has-post-thumbnail taxable shipping-taxable purchasable product-type-variable has-default-attributes\">\n\t<a href=\"https:\/\/www.alquera.com\/it\/permanganato-de-potasio\/\" class=\"woocommerce-LoopProduct-link woocommerce-loop-product__link\"><img loading=\"lazy\" decoding=\"async\" width=\"300\" height=\"300\" src=\"https:\/\/www.alquera.com\/wp-content\/uploads\/2016\/01\/permanganato-200g-foto-nueva-300x300.png\" class=\"attachment-woocommerce_thumbnail size-woocommerce_thumbnail\" alt=\"permanganato 200g\" srcset=\"https:\/\/www.alquera.com\/wp-content\/uploads\/2016\/01\/permanganato-200g-foto-nueva-300x300.png 300w, https:\/\/www.alquera.com\/wp-content\/uploads\/2016\/01\/permanganato-200g-foto-nueva-150x150.png 150w, https:\/\/www.alquera.com\/wp-content\/uploads\/2016\/01\/permanganato-200g-foto-nueva-12x12.png 12w, https:\/\/www.alquera.com\/wp-content\/uploads\/2016\/01\/permanganato-200g-foto-nueva-100x100.png 100w\" sizes=\"auto, (max-width: 300px) 100vw, 300px\" \/><h2 class=\"woocommerce-loop-product__title\">Permanganato di Potassio<\/h2><div class=\"review-rating\"><div class=\"star-rating\"><span style=\"width:100%\" data-no-translation=\"\" data-trp-gettext=\"\">Valutato <strong class=\"rating\">5.00<\/strong> su 5<\/span><\/div><\/div>\n<\/a><a href=\"https:\/\/www.alquera.com\/it\/permanganato-de-potasio\/\" aria-describedby=\"woocommerce_loop_add_to_cart_link_describedby_495\" data-quantity=\"1\" class=\"button product_type_variable add_to_cart_button\" data-product_id=\"495\" data-product_sku=\"AL100111\" aria-label=\"Seleziona le opzioni per \u201cPermanganato de Potasio\u201d\" rel=\"nofollow\" data-no-translation=\"\" data-trp-gettext=\"\" data-no-translation-aria-label=\"\">Scegli<\/a>\t<span id=\"woocommerce_loop_add_to_cart_link_describedby_495\" class=\"screen-reader-text\">\n\t\tQuesto prodotto ha pi\u00f9 varianti. Le opzioni possono essere scelte nella pagina del prodotto\t<\/span>\n<\/li>\n<\/ul>\n<\/div><\/div>","protected":false},"excerpt":{"rendered":"<p>El borax, tambi\u00e9n conocido como borato de sodio, o tetraborato de sodio, es una sal del boro y tiene de f\u00f3rmula qu\u00edmica\u00a0Na2B4O7\u00b710H2O. Es uno de los productos qu\u00edmicos con mayor n\u00famero de peque\u00f1as aplicaciones, tanto a nivel dom\u00e9stico como a nivel industrial. Se presenta en forma de grano fino o polvo, en color blanco. Usos [&hellip;]<\/p>\n","protected":false},"author":1,"featured_media":0,"parent":32600,"menu_order":0,"comment_status":"open","ping_status":"closed","template":"","meta":{"_acf_changed":false,"site-sidebar-layout":"default","site-content-layout":"","ast-site-content-layout":"default","site-content-style":"default","site-sidebar-style":"default","ast-global-header-display":"","ast-banner-title-visibility":"","ast-main-header-display":"","ast-hfb-above-header-display":"","ast-hfb-below-header-display":"","ast-hfb-mobile-header-display":"","site-post-title":"","ast-breadcrumbs-content":"","ast-featured-img":"","footer-sml-layout":"","ast-disable-related-posts":"","theme-transparent-header-meta":"","adv-header-id-meta":"","stick-header-meta":"","header-above-stick-meta":"","header-main-stick-meta":"","header-below-stick-meta":"","astra-migrate-meta-layouts":"default","ast-page-background-enabled":"default","ast-page-background-meta":{"desktop":{"background-color":"var(--ast-global-color-4)","background-image":"","background-repeat":"repeat","background-position":"center center","background-size":"auto","background-attachment":"scroll","background-type":"","background-media":"","overlay-type":"","overlay-color":"","overlay-opacity":"","overlay-gradient":""},"tablet":{"background-color":"","background-image":"","background-repeat":"repeat","background-position":"center center","background-size":"auto","background-attachment":"scroll","background-type":"","background-media":"","overlay-type":"","overlay-color":"","overlay-opacity":"","overlay-gradient":""},"mobile":{"background-color":"","background-image":"","background-repeat":"repeat","background-position":"center center","background-size":"auto","background-attachment":"scroll","background-type":"","background-media":"","overlay-type":"","overlay-color":"","overlay-opacity":"","overlay-gradient":""}},"ast-content-background-meta":{"desktop":{"background-color":"var(--ast-global-color-5)","background-image":"","background-repeat":"repeat","background-position":"center center","background-size":"auto","background-attachment":"scroll","background-type":"","background-media":"","overlay-type":"","overlay-color":"","overlay-opacity":"","overlay-gradient":""},"tablet":{"background-color":"var(--ast-global-color-5)","background-image":"","background-repeat":"repeat","background-position":"center center","background-size":"auto","background-attachment":"scroll","background-type":"","background-media":"","overlay-type":"","overlay-color":"","overlay-opacity":"","overlay-gradient":""},"mobile":{"background-color":"var(--ast-global-color-5)","background-image":"","background-repeat":"repeat","background-position":"center center","background-size":"auto","background-attachment":"scroll","background-type":"","background-media":"","overlay-type":"","overlay-color":"","overlay-opacity":"","overlay-gradient":""}},"footnotes":""},"class_list":["post-9360","page","type-page","status-publish","hentry"],"acf":[],"yoast_head":"<!-- This site is optimized with the Yoast SEO Premium plugin v27.1 (Yoast SEO v27.1.1) - https:\/\/yoast.com\/product\/yoast-seo-premium-wordpress\/ -->\n<title>Usos del Borax - Alquera.com<\/title>\n<meta name=\"description\" content=\"El borax es un producto qu\u00edmico con multitud de aplicaciones, desde potenciar lavado, soldado plata, hacer slime... Ver sus propiedades.\" \/>\n<meta name=\"robots\" content=\"index, follow, max-snippet:-1, max-image-preview:large, max-video-preview:-1\" \/>\n<link rel=\"canonical\" href=\"https:\/\/www.alquera.com\/it\/borax\/usos-borax\/\" \/>\n<meta property=\"og:locale\" content=\"it_IT\" \/>\n<meta property=\"og:type\" content=\"article\" \/>\n<meta property=\"og:title\" content=\"Usos del Borax\" \/>\n<meta property=\"og:description\" content=\"El borax es un producto qu\u00edmico con multitud de aplicaciones, desde potenciar lavado, soldado plata, hacer slime... Ver sus propiedades.\" \/>\n<meta property=\"og:url\" content=\"https:\/\/www.alquera.com\/it\/borax\/usos-borax\/\" \/>\n<meta property=\"og:site_name\" content=\"Alquera.com\" \/>\n<meta property=\"article:publisher\" content=\"https:\/\/www.facebook.com\/alqueraciencia\" \/>\n<meta property=\"article:modified_time\" content=\"2021-09-12T13:49:48+00:00\" \/>\n<meta name=\"twitter:card\" content=\"summary_large_image\" \/>\n<meta name=\"twitter:label1\" content=\"Tempo di lettura stimato\" \/>\n\t<meta name=\"twitter:data1\" content=\"2 minuti\" \/>\n<script type=\"application\/ld+json\" class=\"yoast-schema-graph\">{\"@context\":\"https:\/\/schema.org\",\"@graph\":[{\"@type\":\"WebPage\",\"@id\":\"https:\/\/www.alquera.com\/borax\/usos-borax\/\",\"url\":\"https:\/\/www.alquera.com\/borax\/usos-borax\/\",\"name\":\"Usos del Borax - Alquera.com\",\"isPartOf\":{\"@id\":\"https:\/\/www.alquera.com\/en\/#website\"},\"datePublished\":\"2020-10-14T15:22:28+00:00\",\"dateModified\":\"2021-09-12T13:49:48+00:00\",\"description\":\"El borax es un producto qu\u00edmico con multitud de aplicaciones, desde potenciar lavado, soldado plata, hacer slime... Ver sus propiedades.\",\"breadcrumb\":{\"@id\":\"https:\/\/www.alquera.com\/borax\/usos-borax\/#breadcrumb\"},\"inLanguage\":\"it-IT\",\"potentialAction\":[{\"@type\":\"ReadAction\",\"target\":[\"https:\/\/www.alquera.com\/borax\/usos-borax\/\"]}]},{\"@type\":\"BreadcrumbList\",\"@id\":\"https:\/\/www.alquera.com\/borax\/usos-borax\/#breadcrumb\",\"itemListElement\":[{\"@type\":\"ListItem\",\"position\":1,\"name\":\"Inicio\",\"item\":\"https:\/\/www.alquera.com\/\"},{\"@type\":\"ListItem\",\"position\":2,\"name\":\"Borax\",\"item\":\"https:\/\/www.alquera.com\/borax\/\"},{\"@type\":\"ListItem\",\"position\":3,\"name\":\"Usos del Borax\"}]},{\"@type\":\"WebSite\",\"@id\":\"https:\/\/www.alquera.com\/en\/#website\",\"url\":\"https:\/\/www.alquera.com\/en\/\",\"name\":\"Alquera.com\",\"description\":\"Tienda Online Productos Qu\u00edmicos y Material de Laboratorio\",\"publisher\":{\"@id\":\"https:\/\/www.alquera.com\/en\/#organization\"},\"potentialAction\":[{\"@type\":\"SearchAction\",\"target\":{\"@type\":\"EntryPoint\",\"urlTemplate\":\"https:\/\/www.alquera.com\/en\/?s={search_term_string}\"},\"query-input\":{\"@type\":\"PropertyValueSpecification\",\"valueRequired\":true,\"valueName\":\"search_term_string\"}}],\"inLanguage\":\"it-IT\"},{\"@type\":\"Organization\",\"@id\":\"https:\/\/www.alquera.com\/en\/#organization\",\"name\":\"ALQUERA CIENCIA SL\",\"url\":\"https:\/\/www.alquera.com\/en\/\",\"logo\":{\"@type\":\"ImageObject\",\"inLanguage\":\"it-IT\",\"@id\":\"https:\/\/www.alquera.com\/en\/#\/schema\/logo\/image\/\",\"url\":\"https:\/\/www.alquera.com\/wp-content\/uploads\/2020\/11\/logo_300_ancho.png\",\"contentUrl\":\"https:\/\/www.alquera.com\/wp-content\/uploads\/2020\/11\/logo_300_ancho.png\",\"width\":300,\"height\":86,\"caption\":\"ALQUERA CIENCIA SL\"},\"image\":{\"@id\":\"https:\/\/www.alquera.com\/en\/#\/schema\/logo\/image\/\"},\"sameAs\":[\"https:\/\/www.facebook.com\/alqueraciencia\",\"https:\/\/www.instagram.com\/alquera_ciencia\/\",\"https:\/\/www.youtube.com\/c\/alquera\"]}]}<\/script>\n<!-- \/ Yoast SEO Premium plugin. -->","yoast_head_json":{"title":"Usi della borace - Alquera.com","description":"Il borace \u00e8 un prodotto chimico con una moltitudine di applicazioni, dal lavaggio potenziato, alla saldatura dell'argento, alla produzione di melma... Vedi le sue propriet\u00e0.","robots":{"index":"index","follow":"follow","max-snippet":"max-snippet:-1","max-image-preview":"max-image-preview:large","max-video-preview":"max-video-preview:-1"},"canonical":"https:\/\/www.alquera.com\/it\/borax\/usos-borax\/","og_locale":"it_IT","og_type":"article","og_title":"Usos del Borax","og_description":"El borax es un producto qu\u00edmico con multitud de aplicaciones, desde potenciar lavado, soldado plata, hacer slime... Ver sus propiedades.","og_url":"https:\/\/www.alquera.com\/it\/borax\/usos-borax\/","og_site_name":"Alquera.com","article_publisher":"https:\/\/www.facebook.com\/alqueraciencia","article_modified_time":"2021-09-12T13:49:48+00:00","twitter_card":"summary_large_image","twitter_misc":{"Tempo di lettura stimato":"2 minuti"},"schema":{"@context":"https:\/\/schema.org","@graph":[{"@type":"WebPage","@id":"https:\/\/www.alquera.com\/borax\/usos-borax\/","url":"https:\/\/www.alquera.com\/borax\/usos-borax\/","name":"Usi della borace - Alquera.com","isPartOf":{"@id":"https:\/\/www.alquera.com\/en\/#website"},"datePublished":"2020-10-14T15:22:28+00:00","dateModified":"2021-09-12T13:49:48+00:00","description":"Il borace \u00e8 un prodotto chimico con una moltitudine di applicazioni, dal lavaggio potenziato, alla saldatura dell'argento, alla produzione di melma... Vedi le sue propriet\u00e0.","breadcrumb":{"@id":"https:\/\/www.alquera.com\/borax\/usos-borax\/#breadcrumb"},"inLanguage":"it-IT","potentialAction":[{"@type":"ReadAction","target":["https:\/\/www.alquera.com\/borax\/usos-borax\/"]}]},{"@type":"BreadcrumbList","@id":"https:\/\/www.alquera.com\/borax\/usos-borax\/#breadcrumb","itemListElement":[{"@type":"ListItem","position":1,"name":"Inicio","item":"https:\/\/www.alquera.com\/"},{"@type":"ListItem","position":2,"name":"Borax","item":"https:\/\/www.alquera.com\/borax\/"},{"@type":"ListItem","position":3,"name":"Usos del Borax"}]},{"@type":"WebSite","@id":"https:\/\/www.alquera.com\/en\/#website","url":"https:\/\/www.alquera.com\/en\/","name":"Alquera.com","description":"Negozio online di prodotti chimici e forniture di laboratorio","publisher":{"@id":"https:\/\/www.alquera.com\/en\/#organization"},"potentialAction":[{"@type":"SearchAction","target":{"@type":"EntryPoint","urlTemplate":"https:\/\/www.alquera.com\/en\/?s={search_term_string}"},"query-input":{"@type":"PropertyValueSpecification","valueRequired":true,"valueName":"search_term_string"}}],"inLanguage":"it-IT"},{"@type":"Organization","@id":"https:\/\/www.alquera.com\/en\/#organization","name":"ALQUERA CIENCIA SL","url":"https:\/\/www.alquera.com\/en\/","logo":{"@type":"ImageObject","inLanguage":"it-IT","@id":"https:\/\/www.alquera.com\/en\/#\/schema\/logo\/image\/","url":"https:\/\/www.alquera.com\/wp-content\/uploads\/2020\/11\/logo_300_ancho.png","contentUrl":"https:\/\/www.alquera.com\/wp-content\/uploads\/2020\/11\/logo_300_ancho.png","width":300,"height":86,"caption":"ALQUERA CIENCIA SL"},"image":{"@id":"https:\/\/www.alquera.com\/en\/#\/schema\/logo\/image\/"},"sameAs":["https:\/\/www.facebook.com\/alqueraciencia","https:\/\/www.instagram.com\/alquera_ciencia\/","https:\/\/www.youtube.com\/c\/alquera"]}]}},"_links":{"self":[{"href":"https:\/\/www.alquera.com\/it\/wp-json\/wp\/v2\/pages\/9360","targetHints":{"allow":["GET"]}}],"collection":[{"href":"https:\/\/www.alquera.com\/it\/wp-json\/wp\/v2\/pages"}],"about":[{"href":"https:\/\/www.alquera.com\/it\/wp-json\/wp\/v2\/types\/page"}],"author":[{"embeddable":true,"href":"https:\/\/www.alquera.com\/it\/wp-json\/wp\/v2\/users\/1"}],"replies":[{"embeddable":true,"href":"https:\/\/www.alquera.com\/it\/wp-json\/wp\/v2\/comments?post=9360"}],"version-history":[{"count":8,"href":"https:\/\/www.alquera.com\/it\/wp-json\/wp\/v2\/pages\/9360\/revisions"}],"predecessor-version":[{"id":33181,"href":"https:\/\/www.alquera.com\/it\/wp-json\/wp\/v2\/pages\/9360\/revisions\/33181"}],"up":[{"embeddable":true,"href":"https:\/\/www.alquera.com\/it\/wp-json\/wp\/v2\/pages\/32600"}],"wp:attachment":[{"href":"https:\/\/www.alquera.com\/it\/wp-json\/wp\/v2\/media?parent=9360"}],"curies":[{"name":"wp","href":"https:\/\/api.w.org\/{rel}","templated":true}]}}