{"id":9391,"date":"2020-10-14T17:03:38","date_gmt":"2020-10-14T17:03:38","guid":{"rendered":"http:\/\/localhost\/alquera\/?page_id=9391"},"modified":"2023-09-18T10:24:59","modified_gmt":"2023-09-18T10:24:59","slug":"usos-acido-borico","status":"publish","type":"page","link":"https:\/\/www.alquera.com\/it\/acido-borico\/usos-acido-borico\/","title":{"rendered":"Utilizza l'acido borico"},"content":{"rendered":"<p>Il <a href=\"https:\/\/www.alquera.com\/it\/acido-borico\/\">acido borico<\/a> o acido triossoborico, \u00e8 un acido con formula chimica H<sub>3<\/sub>BO<sub>3.&nbsp;<\/sub>\u00c8 un composto derivato dall'atomo di boro. L'acido borico si trova in natura, in piccole quantit\u00e0 e principalmente nelle aree vulcaniche. Pu\u00f2 essere ottenuto anche da altri minerali, come il borace e la boracite, attraverso processi chimici. \u00c8 una polvere cristallina bianca che si trova nell'acqua di mare, negli alberi e nella frutta. Potremmo porci la domanda:&nbsp;<strong>A cosa serve l'acido borico?<\/strong>&nbsp; I principali usi e applicazioni dell'acido borico sono i seguenti<\/p>\n\n\n\n<figure class=\"wp-block-image size-large\"><img loading=\"lazy\" decoding=\"async\" width=\"300\" height=\"227\" src=\"https:\/\/www.alquera.com\/wp-content\/uploads\/2020\/11\/acido_borico-300x227-1.png\" alt=\"\" class=\"wp-image-10259\" srcset=\"https:\/\/www.alquera.com\/wp-content\/uploads\/2020\/11\/acido_borico-300x227-1.png 300w, https:\/\/www.alquera.com\/wp-content\/uploads\/2020\/11\/acido_borico-300x227-1-64x48.png 64w\" sizes=\"auto, (max-width: 300px) 100vw, 300px\" \/><\/figure>\n\n\n\n<h2 class=\"wp-block-heading\" id=\"h-principales-usos-y-aplicaciones-del-acido-borico\">Principali usi e applicazioni dell'acido borico:<\/h2>\n\n\n\n<p><strong>Insetticida:<\/strong><\/p>\n\n\n\n<p>Come insetticida \u00e8 molto efficace per il controllo degli insetti in casa, soprattutto in cucina, per eliminare gli scarafaggi.  Qui potete vedere&nbsp;<a href=\"https:\/\/www.alquera.com\/it\/acido-borico\/cucarachas\/\">Come eliminare gli scarafaggi con l'acido borico<\/a>. Viene utilizzato anche il&nbsp;<a href=\"https:\/\/www.alquera.com\/it\/acido-borico\/termitas\/\">Acido borico per eliminare le termiti<\/a>formiche, pulci, ecc. \u00c8 necessario prestare attenzione alla conservazione in casa, per i bambini e gli animali domestici.<\/p>\n\n\n\n<p><strong>Industriale:<\/strong><\/p>\n\n\n\n<p>\u00c8 nell'industria che il&nbsp;<strong>acido borico<\/strong>ha l'applicazione pi\u00f9 ampia, il suo impiego principale \u00e8 nella fabbricazione della fibra di vetro, un prodotto utilizzato nella fabbricazione di un gran numero di prodotti. Grazie alle sue caratteristiche fisico-chimiche, viene utilizzato anche in gioielleria, negli estintori, nella saldatura, nella dinamite, nei detergenti e nei saponi, nella ceramica, nella porcellana, nell'industria nucleare, ecc.<\/p>\n\n\n\n<p><strong>Altre applicazioni:<\/strong><\/p>\n\n\n\n<p>L'acido borico ha anche diversi tipi di applicazioni, come il trattamento del legno, per prevenire i danni causati da funghi e insetti. La sua combinazione con oli minerali e vegetali lo rende un eccellente lubrificante. Nell'industria metallurgica, viene utilizzato per le leghe, il trattamento e l'indurimento di metalli come ferro, acciaio, alluminio, ecc. Nell'industria chimica ha molte applicazioni, soprattutto come regolatore di pH, essendo considerato un acido leggero. \u00c8 anche ampiamente utilizzato nella pulizia della casa, \u00e8 ottimo per la ceramica e le piastrelle, come candeggiante per il lavaggio dei vestiti e per la pulizia degli accessori da cucina.<\/p>\n\n\n\n<h2 class=\"wp-block-heading\" id=\"h-formula-quimica\">Formula chimica<\/h2>\n\n\n\n<p>La formula chimica dell'acido borico \u00e8 H<sub>3<\/sub>BO<sub>3<\/sub>. Il suo numero CAS \u00e8 100043-35-3 e la sua densit\u00e0 \u00e8 1,435g\/cm.<sup>3<\/sup><\/p>\n\n\n\n<h2 class=\"wp-block-heading\" id=\"h-no-confundir-con-borax\">Da non confondere con il borace<\/h2>\n\n\n\n<p>L'acido borico viene spesso confuso con il borace. Sebbene entrambi siano composti il cui elemento principale \u00e8 il boro, non devono essere confusi. In questa sezione vi mostriamo alcune caratteristiche di&nbsp;<a href=\"https:\/\/www.alquera.com\/it\/borax\/\">Borace<\/a>.<\/p>","protected":false},"excerpt":{"rendered":"<p>El \u00e1cido b\u00f3rico o trioxob\u00f3rico, es un \u00e1cido cuya f\u00f3rmula qu\u00edmica es H3BO3.&nbsp;Es un compuesto derivado del&nbsp;\u00e1tomo&nbsp;de boro. El \u00e1cido borico encuentra en la naturaleza, en pocas cantidades y sobre todo en zonas volc\u00e1nicas. Tambi\u00e9n se puede obtener tambi\u00e9n de otros minerales, como el b\u00f3rax y la boracita, a trav\u00e9s de procesos qu\u00edmicos. Es un [&hellip;]<\/p>\n","protected":false},"author":1,"featured_media":0,"parent":32598,"menu_order":0,"comment_status":"open","ping_status":"closed","template":"","meta":{"_acf_changed":false,"site-sidebar-layout":"default","site-content-layout":"default","ast-site-content-layout":"default","site-content-style":"default","site-sidebar-style":"default","ast-global-header-display":"","ast-banner-title-visibility":"","ast-main-header-display":"","ast-hfb-above-header-display":"","ast-hfb-below-header-display":"","ast-hfb-mobile-header-display":"","site-post-title":"","ast-breadcrumbs-content":"","ast-featured-img":"","footer-sml-layout":"","ast-disable-related-posts":"","theme-transparent-header-meta":"default","adv-header-id-meta":"","stick-header-meta":"default","header-above-stick-meta":"","header-main-stick-meta":"","header-below-stick-meta":"","astra-migrate-meta-layouts":"default","ast-page-background-enabled":"default","ast-page-background-meta":{"desktop":{"background-color":"var(--ast-global-color-4)","background-image":"","background-repeat":"repeat","background-position":"center center","background-size":"auto","background-attachment":"scroll","background-type":"","background-media":"","overlay-type":"","overlay-color":"","overlay-opacity":"","overlay-gradient":""},"tablet":{"background-color":"","background-image":"","background-repeat":"repeat","background-position":"center center","background-size":"auto","background-attachment":"scroll","background-type":"","background-media":"","overlay-type":"","overlay-color":"","overlay-opacity":"","overlay-gradient":""},"mobile":{"background-color":"","background-image":"","background-repeat":"repeat","background-position":"center center","background-size":"auto","background-attachment":"scroll","background-type":"","background-media":"","overlay-type":"","overlay-color":"","overlay-opacity":"","overlay-gradient":""}},"ast-content-background-meta":{"desktop":{"background-color":"var(--ast-global-color-5)","background-image":"","background-repeat":"repeat","background-position":"center center","background-size":"auto","background-attachment":"scroll","background-type":"","background-media":"","overlay-type":"","overlay-color":"","overlay-opacity":"","overlay-gradient":""},"tablet":{"background-color":"var(--ast-global-color-5)","background-image":"","background-repeat":"repeat","background-position":"center center","background-size":"auto","background-attachment":"scroll","background-type":"","background-media":"","overlay-type":"","overlay-color":"","overlay-opacity":"","overlay-gradient":""},"mobile":{"background-color":"var(--ast-global-color-5)","background-image":"","background-repeat":"repeat","background-position":"center center","background-size":"auto","background-attachment":"scroll","background-type":"","background-media":"","overlay-type":"","overlay-color":"","overlay-opacity":"","overlay-gradient":""}},"footnotes":""},"class_list":["post-9391","page","type-page","status-publish","hentry"],"acf":[],"yoast_head":"<!-- This site is optimized with the Yoast SEO Premium plugin v27.1 (Yoast SEO v27.1.1) - https:\/\/yoast.com\/product\/yoast-seo-premium-wordpress\/ -->\n<title>Usos \u00c1cido B\u00f3rico - Alquera.com<\/title>\n<meta name=\"description\" content=\"El \u00e1cido b\u00f3rico es un producto qu\u00edmico con muchas aplicaciones a nivel industrial y dom\u00e9stico. Ver usos y propiedades\" \/>\n<meta name=\"robots\" content=\"index, follow, max-snippet:-1, max-image-preview:large, max-video-preview:-1\" \/>\n<link rel=\"canonical\" href=\"https:\/\/www.alquera.com\/it\/acido-borico\/usos-acido-borico\/\" \/>\n<meta property=\"og:locale\" content=\"it_IT\" \/>\n<meta property=\"og:type\" content=\"article\" \/>\n<meta property=\"og:title\" content=\"Usos \u00c1cido B\u00f3rico\" \/>\n<meta property=\"og:description\" content=\"El \u00e1cido b\u00f3rico es un producto qu\u00edmico con muchas aplicaciones a nivel industrial y dom\u00e9stico. Ver usos y propiedades\" \/>\n<meta property=\"og:url\" content=\"https:\/\/www.alquera.com\/it\/acido-borico\/usos-acido-borico\/\" \/>\n<meta property=\"og:site_name\" content=\"Alquera.com\" \/>\n<meta property=\"article:publisher\" content=\"https:\/\/www.facebook.com\/alqueraciencia\" \/>\n<meta property=\"article:modified_time\" content=\"2023-09-18T10:24:59+00:00\" \/>\n<meta property=\"og:image\" content=\"https:\/\/www.alquera.com\/wp-content\/uploads\/2020\/11\/acido_borico-300x227-1.png\" \/>\n<meta name=\"twitter:card\" content=\"summary_large_image\" \/>\n<meta name=\"twitter:label1\" content=\"Tempo di lettura stimato\" \/>\n\t<meta name=\"twitter:data1\" content=\"3 minuti\" \/>\n<script type=\"application\/ld+json\" class=\"yoast-schema-graph\">{\"@context\":\"https:\/\/schema.org\",\"@graph\":[{\"@type\":\"WebPage\",\"@id\":\"https:\/\/www.alquera.com\/acido-borico\/usos-acido-borico\/\",\"url\":\"https:\/\/www.alquera.com\/acido-borico\/usos-acido-borico\/\",\"name\":\"Usos \u00c1cido B\u00f3rico - Alquera.com\",\"isPartOf\":{\"@id\":\"https:\/\/www.alquera.com\/en\/#website\"},\"primaryImageOfPage\":{\"@id\":\"https:\/\/www.alquera.com\/acido-borico\/usos-acido-borico\/#primaryimage\"},\"image\":{\"@id\":\"https:\/\/www.alquera.com\/acido-borico\/usos-acido-borico\/#primaryimage\"},\"thumbnailUrl\":\"https:\/\/www.alquera.com\/wp-content\/uploads\/2020\/11\/acido_borico-300x227-1.png\",\"datePublished\":\"2020-10-14T17:03:38+00:00\",\"dateModified\":\"2023-09-18T10:24:59+00:00\",\"description\":\"El \u00e1cido b\u00f3rico es un producto qu\u00edmico con muchas aplicaciones a nivel industrial y dom\u00e9stico. Ver usos y propiedades\",\"breadcrumb\":{\"@id\":\"https:\/\/www.alquera.com\/acido-borico\/usos-acido-borico\/#breadcrumb\"},\"inLanguage\":\"it-IT\",\"potentialAction\":[{\"@type\":\"ReadAction\",\"target\":[\"https:\/\/www.alquera.com\/acido-borico\/usos-acido-borico\/\"]}]},{\"@type\":\"ImageObject\",\"inLanguage\":\"it-IT\",\"@id\":\"https:\/\/www.alquera.com\/acido-borico\/usos-acido-borico\/#primaryimage\",\"url\":\"https:\/\/www.alquera.com\/wp-content\/uploads\/2020\/11\/acido_borico-300x227-1.png\",\"contentUrl\":\"https:\/\/www.alquera.com\/wp-content\/uploads\/2020\/11\/acido_borico-300x227-1.png\"},{\"@type\":\"BreadcrumbList\",\"@id\":\"https:\/\/www.alquera.com\/acido-borico\/usos-acido-borico\/#breadcrumb\",\"itemListElement\":[{\"@type\":\"ListItem\",\"position\":1,\"name\":\"Inicio\",\"item\":\"https:\/\/www.alquera.com\/\"},{\"@type\":\"ListItem\",\"position\":2,\"name\":\"Acido Borico\",\"item\":\"https:\/\/www.alquera.com\/acido-borico\/\"},{\"@type\":\"ListItem\",\"position\":3,\"name\":\"Usos \u00c1cido B\u00f3rico\"}]},{\"@type\":\"WebSite\",\"@id\":\"https:\/\/www.alquera.com\/en\/#website\",\"url\":\"https:\/\/www.alquera.com\/en\/\",\"name\":\"Alquera.com\",\"description\":\"Tienda Online Productos Qu\u00edmicos y Material de Laboratorio\",\"publisher\":{\"@id\":\"https:\/\/www.alquera.com\/en\/#organization\"},\"potentialAction\":[{\"@type\":\"SearchAction\",\"target\":{\"@type\":\"EntryPoint\",\"urlTemplate\":\"https:\/\/www.alquera.com\/en\/?s={search_term_string}\"},\"query-input\":{\"@type\":\"PropertyValueSpecification\",\"valueRequired\":true,\"valueName\":\"search_term_string\"}}],\"inLanguage\":\"it-IT\"},{\"@type\":\"Organization\",\"@id\":\"https:\/\/www.alquera.com\/en\/#organization\",\"name\":\"ALQUERA CIENCIA SL\",\"url\":\"https:\/\/www.alquera.com\/en\/\",\"logo\":{\"@type\":\"ImageObject\",\"inLanguage\":\"it-IT\",\"@id\":\"https:\/\/www.alquera.com\/en\/#\/schema\/logo\/image\/\",\"url\":\"https:\/\/www.alquera.com\/wp-content\/uploads\/2020\/11\/logo_300_ancho.png\",\"contentUrl\":\"https:\/\/www.alquera.com\/wp-content\/uploads\/2020\/11\/logo_300_ancho.png\",\"width\":300,\"height\":86,\"caption\":\"ALQUERA CIENCIA SL\"},\"image\":{\"@id\":\"https:\/\/www.alquera.com\/en\/#\/schema\/logo\/image\/\"},\"sameAs\":[\"https:\/\/www.facebook.com\/alqueraciencia\",\"https:\/\/www.instagram.com\/alquera_ciencia\/\",\"https:\/\/www.youtube.com\/c\/alquera\"]}]}<\/script>\n<!-- \/ Yoast SEO Premium plugin. -->","yoast_head_json":{"title":"Usi dell'acido borico - Alquera.com","description":"L'acido borico \u00e8 un prodotto chimico con molte applicazioni industriali e domestiche. Vedi usi e propriet\u00e0","robots":{"index":"index","follow":"follow","max-snippet":"max-snippet:-1","max-image-preview":"max-image-preview:large","max-video-preview":"max-video-preview:-1"},"canonical":"https:\/\/www.alquera.com\/it\/acido-borico\/usos-acido-borico\/","og_locale":"it_IT","og_type":"article","og_title":"Usos \u00c1cido B\u00f3rico","og_description":"El \u00e1cido b\u00f3rico es un producto qu\u00edmico con muchas aplicaciones a nivel industrial y dom\u00e9stico. Ver usos y propiedades","og_url":"https:\/\/www.alquera.com\/it\/acido-borico\/usos-acido-borico\/","og_site_name":"Alquera.com","article_publisher":"https:\/\/www.facebook.com\/alqueraciencia","article_modified_time":"2023-09-18T10:24:59+00:00","og_image":[{"url":"https:\/\/www.alquera.com\/wp-content\/uploads\/2020\/11\/acido_borico-300x227-1.png","type":"","width":"","height":""}],"twitter_card":"summary_large_image","twitter_misc":{"Tempo di lettura stimato":"3 minuti"},"schema":{"@context":"https:\/\/schema.org","@graph":[{"@type":"WebPage","@id":"https:\/\/www.alquera.com\/acido-borico\/usos-acido-borico\/","url":"https:\/\/www.alquera.com\/acido-borico\/usos-acido-borico\/","name":"Usi dell'acido borico - Alquera.com","isPartOf":{"@id":"https:\/\/www.alquera.com\/en\/#website"},"primaryImageOfPage":{"@id":"https:\/\/www.alquera.com\/acido-borico\/usos-acido-borico\/#primaryimage"},"image":{"@id":"https:\/\/www.alquera.com\/acido-borico\/usos-acido-borico\/#primaryimage"},"thumbnailUrl":"https:\/\/www.alquera.com\/wp-content\/uploads\/2020\/11\/acido_borico-300x227-1.png","datePublished":"2020-10-14T17:03:38+00:00","dateModified":"2023-09-18T10:24:59+00:00","description":"L'acido borico \u00e8 un prodotto chimico con molte applicazioni industriali e domestiche. Vedi usi e propriet\u00e0","breadcrumb":{"@id":"https:\/\/www.alquera.com\/acido-borico\/usos-acido-borico\/#breadcrumb"},"inLanguage":"it-IT","potentialAction":[{"@type":"ReadAction","target":["https:\/\/www.alquera.com\/acido-borico\/usos-acido-borico\/"]}]},{"@type":"ImageObject","inLanguage":"it-IT","@id":"https:\/\/www.alquera.com\/acido-borico\/usos-acido-borico\/#primaryimage","url":"https:\/\/www.alquera.com\/wp-content\/uploads\/2020\/11\/acido_borico-300x227-1.png","contentUrl":"https:\/\/www.alquera.com\/wp-content\/uploads\/2020\/11\/acido_borico-300x227-1.png"},{"@type":"BreadcrumbList","@id":"https:\/\/www.alquera.com\/acido-borico\/usos-acido-borico\/#breadcrumb","itemListElement":[{"@type":"ListItem","position":1,"name":"Inicio","item":"https:\/\/www.alquera.com\/"},{"@type":"ListItem","position":2,"name":"Acido Borico","item":"https:\/\/www.alquera.com\/acido-borico\/"},{"@type":"ListItem","position":3,"name":"Usos \u00c1cido B\u00f3rico"}]},{"@type":"WebSite","@id":"https:\/\/www.alquera.com\/en\/#website","url":"https:\/\/www.alquera.com\/en\/","name":"Alquera.com","description":"Negozio online di prodotti chimici e forniture di laboratorio","publisher":{"@id":"https:\/\/www.alquera.com\/en\/#organization"},"potentialAction":[{"@type":"SearchAction","target":{"@type":"EntryPoint","urlTemplate":"https:\/\/www.alquera.com\/en\/?s={search_term_string}"},"query-input":{"@type":"PropertyValueSpecification","valueRequired":true,"valueName":"search_term_string"}}],"inLanguage":"it-IT"},{"@type":"Organization","@id":"https:\/\/www.alquera.com\/en\/#organization","name":"ALQUERA CIENCIA SL","url":"https:\/\/www.alquera.com\/en\/","logo":{"@type":"ImageObject","inLanguage":"it-IT","@id":"https:\/\/www.alquera.com\/en\/#\/schema\/logo\/image\/","url":"https:\/\/www.alquera.com\/wp-content\/uploads\/2020\/11\/logo_300_ancho.png","contentUrl":"https:\/\/www.alquera.com\/wp-content\/uploads\/2020\/11\/logo_300_ancho.png","width":300,"height":86,"caption":"ALQUERA CIENCIA SL"},"image":{"@id":"https:\/\/www.alquera.com\/en\/#\/schema\/logo\/image\/"},"sameAs":["https:\/\/www.facebook.com\/alqueraciencia","https:\/\/www.instagram.com\/alquera_ciencia\/","https:\/\/www.youtube.com\/c\/alquera"]}]}},"_links":{"self":[{"href":"https:\/\/www.alquera.com\/it\/wp-json\/wp\/v2\/pages\/9391","targetHints":{"allow":["GET"]}}],"collection":[{"href":"https:\/\/www.alquera.com\/it\/wp-json\/wp\/v2\/pages"}],"about":[{"href":"https:\/\/www.alquera.com\/it\/wp-json\/wp\/v2\/types\/page"}],"author":[{"embeddable":true,"href":"https:\/\/www.alquera.com\/it\/wp-json\/wp\/v2\/users\/1"}],"replies":[{"embeddable":true,"href":"https:\/\/www.alquera.com\/it\/wp-json\/wp\/v2\/comments?post=9391"}],"version-history":[{"count":10,"href":"https:\/\/www.alquera.com\/it\/wp-json\/wp\/v2\/pages\/9391\/revisions"}],"predecessor-version":[{"id":44259,"href":"https:\/\/www.alquera.com\/it\/wp-json\/wp\/v2\/pages\/9391\/revisions\/44259"}],"up":[{"embeddable":true,"href":"https:\/\/www.alquera.com\/it\/wp-json\/wp\/v2\/pages\/32598"}],"wp:attachment":[{"href":"https:\/\/www.alquera.com\/it\/wp-json\/wp\/v2\/media?parent=9391"}],"curies":[{"name":"wp","href":"https:\/\/api.w.org\/{rel}","templated":true}]}}