{"id":9422,"date":"2020-10-20T16:31:39","date_gmt":"2020-10-20T16:31:39","guid":{"rendered":"http:\/\/localhost\/alquera\/?page_id=9422"},"modified":"2023-09-18T10:26:40","modified_gmt":"2023-09-18T10:26:40","slug":"termitas","status":"publish","type":"page","link":"https:\/\/www.alquera.com\/it\/acido-borico\/termitas\/","title":{"rendered":"Acido borico per le termiti"},"content":{"rendered":"<p>Se siete preoccupati per l'aspetto delle termiti nel legno, qui di seguito daremo un'occhiata ad una\u00a0<strong>rimedio per eliminare le termiti<\/strong>. Il rimedio consiste nell'utilizzare<a href=\"https:\/\/www.alquera.com\/it\/acido-borico\/\">\u00a0<strong>acido borico<\/strong><\/a>. L'acido borico \u00e8 un prodotto chimico in polvere di colore bianco, che vi aiuter\u00e0 sia con le termiti che per eliminare scarafaggi e formiche in casa.<\/p>\n<figure class=\"wp-block-image size-large\"><img loading=\"lazy\" decoding=\"async\" width=\"300\" height=\"182\" class=\"wp-image-10264\" src=\"https:\/\/www.alquera.com\/wp-content\/uploads\/2020\/11\/termitas2-300x182-2.jpg\" alt=\"termitas\" srcset=\"https:\/\/www.alquera.com\/wp-content\/uploads\/2020\/11\/termitas2-300x182-2.jpg 300w, https:\/\/www.alquera.com\/wp-content\/uploads\/2020\/11\/termitas2-300x182-2-64x39.jpg 64w\" sizes=\"auto, (max-width: 300px) 100vw, 300px\" \/><\/figure>\n<h2>Cosa sono le termiti?<\/h2>\n<p>Il\u00a0<strong>termiti<\/strong>\u00a0sono insetti bianchi simili a vermi. Sono noti anche come\u00a0<strong>termini<\/strong>,\u00a0<strong>turiros<\/strong>,\u00a0<strong>termiti<\/strong>,\u00a0<strong>falene<\/strong>\u00a0e anche come\u00a0<strong>formiche bianche<\/strong>per la loro somiglianza con le formiche.  Anche le termiti sono insetti che si riuniscono in colonie. Le termiti sono necessarie alla natura e all'ambiente perch\u00e9 decompongono la materia organica, in particolare quella delle piante morte. Il problema delle termiti \u00e8 che si introducono nelle strutture e nei muri senza essere notate. Le termiti vivono mangiando la cellulosa contenuta nel legno, quindi uno dei luoghi preferiti dalle termiti \u00e8 il legno.<\/p>\n<p>Le termiti formano nidi e hanno un'elevata capacit\u00e0 riproduttiva, quindi rischiano di creare una piaga. In quel momento le termiti sono un problema, perch\u00e9 invadono il nostro spazio.<\/p>\n<p>A differenza dei tarli, le termiti praticano un piccolo foro nel legno, simile a una venatura, senza uscire dall'altra parte. Inoltre, non producono alcun rumore.<\/p>\n<h2>Come preparare l'acido borico per eliminare le termiti<\/h2>\n<p>L'acido borico \u00e8 una sostanza chimica che si presenta sotto forma di polvere bianca, a grana fine o pi\u00f9 grossa. Le termiti vengono uccise dall'ingestione di acido borico. Pertanto, se le termiti sono localizzate in una determinata area o in uno spazio chiuso, \u00e8 necessario che le termiti vengano eliminate,\u00a0<strong>cospargere di acido borico<\/strong>\u00a0dall'area in cui si trovano le termiti.<\/p>\n<figure class=\"wp-block-image size-large\"><img loading=\"lazy\" decoding=\"async\" width=\"300\" height=\"200\" class=\"wp-image-10265\" src=\"https:\/\/www.alquera.com\/wp-content\/uploads\/2020\/11\/termitas-300x200-2.jpg\" alt=\"\u00e1cido b\u00f3rico termitas\" srcset=\"https:\/\/www.alquera.com\/wp-content\/uploads\/2020\/11\/termitas-300x200-2.jpg 300w, https:\/\/www.alquera.com\/wp-content\/uploads\/2020\/11\/termitas-300x200-2-64x43.jpg 64w\" sizes=\"auto, (max-width: 300px) 100vw, 300px\" \/><\/figure>\n<p>Se le termiti sono distribuite in tutto il legno, applicare l'acido borico sul legno nei seguenti passaggi:<\/p>\n<ol>\n<li>Preparate una soluzione di acido borico e glicole propilenico. Il glicole propilenico \u00e8 un liquido reperibile nei negozi di piscine o nelle drogherie. Il rapporto tra il glicole propilenico e l'acido borico da applicare \u00e8 compreso tra 1:1 e 8:1.<\/li>\n<li>Con l'aiuto di un pennello o di un vaporizzatore, applicare la soluzione preparata. Applicare la soluzione su tutta l'area colpita dalle termiti e anche sulle aree vicine. \u00c8 necessario che la soluzione attraversi il legno e raggiunga le termiti, deve essere applicata in profondit\u00e0 e bagnare bene tutta la superficie dove possono essere presenti le termiti.<\/li>\n<li>Lasciate agire la soluzione e vedrete come in poche ore le temute termiti scompariranno.<\/li>\n<\/ol>\n<p>Una volta rimosso l'acido borico, asciugare accuratamente il legno e verniciarlo per proteggerlo da futuri attacchi e infestazioni di termiti.<\/p>\n<p class=\"widget-title\">Per saperne di pi\u00f9<\/p><a href=\"https:\/\/www.alquera.com\/it\/acido-borico\/\">Acido borico<\/a>\n<!-- Page-list plugin v.5.9 wordpress.org\/plugins\/page-list\/ -->\n<ul class=\"page-list siblings-page-list\">\n<li class=\"page_item page-item-9420 menu-item\"><a href=\"https:\/\/www.alquera.com\/it\/acido-borico\/cucarachas\/\" class=\"menu-link\">Acido borico per scarafaggi<\/a><\/li>\n<li class=\"page_item page-item-9422 menu-item\"><a href=\"https:\/\/www.alquera.com\/it\/acido-borico\/termitas\/\" class=\"menu-link\">Acido borico per le termiti<\/a><\/li>\n<li class=\"page_item page-item-9391 menu-item\"><a href=\"https:\/\/www.alquera.com\/it\/acido-borico\/usos-acido-borico\/\" class=\"menu-link\">Utilizza l'acido borico<\/a><\/li>\n\n<\/ul>","protected":false},"excerpt":{"rendered":"<p>Si est\u00e1s preocupado con la aparici\u00f3n de termitas en la madera aqu\u00ed vamos a ver un\u00a0remedio para eliminar las termitas. El remedio es utilizando\u00a0\u00e1cido b\u00f3rico. El \u00e1cido b\u00f3rico es un producto qu\u00edmico que se presenta en color blanco, en polvo, que te va a ayudar tanto con las termitas, como a\u00a0eliminar cucarachas\u00a0y hormigas en el [&hellip;]<\/p>\n","protected":false},"author":1,"featured_media":0,"parent":32598,"menu_order":0,"comment_status":"open","ping_status":"closed","template":"","meta":{"_acf_changed":false,"site-sidebar-layout":"default","site-content-layout":"default","ast-site-content-layout":"default","site-content-style":"default","site-sidebar-style":"default","ast-global-header-display":"","ast-banner-title-visibility":"","ast-main-header-display":"","ast-hfb-above-header-display":"","ast-hfb-below-header-display":"","ast-hfb-mobile-header-display":"","site-post-title":"","ast-breadcrumbs-content":"","ast-featured-img":"","footer-sml-layout":"","ast-disable-related-posts":"","theme-transparent-header-meta":"default","adv-header-id-meta":"","stick-header-meta":"default","header-above-stick-meta":"","header-main-stick-meta":"","header-below-stick-meta":"","astra-migrate-meta-layouts":"default","ast-page-background-enabled":"default","ast-page-background-meta":{"desktop":{"background-color":"var(--ast-global-color-4)","background-image":"","background-repeat":"repeat","background-position":"center center","background-size":"auto","background-attachment":"scroll","background-type":"","background-media":"","overlay-type":"","overlay-color":"","overlay-opacity":"","overlay-gradient":""},"tablet":{"background-color":"","background-image":"","background-repeat":"repeat","background-position":"center center","background-size":"auto","background-attachment":"scroll","background-type":"","background-media":"","overlay-type":"","overlay-color":"","overlay-opacity":"","overlay-gradient":""},"mobile":{"background-color":"","background-image":"","background-repeat":"repeat","background-position":"center center","background-size":"auto","background-attachment":"scroll","background-type":"","background-media":"","overlay-type":"","overlay-color":"","overlay-opacity":"","overlay-gradient":""}},"ast-content-background-meta":{"desktop":{"background-color":"var(--ast-global-color-5)","background-image":"","background-repeat":"repeat","background-position":"center center","background-size":"auto","background-attachment":"scroll","background-type":"","background-media":"","overlay-type":"","overlay-color":"","overlay-opacity":"","overlay-gradient":""},"tablet":{"background-color":"var(--ast-global-color-5)","background-image":"","background-repeat":"repeat","background-position":"center center","background-size":"auto","background-attachment":"scroll","background-type":"","background-media":"","overlay-type":"","overlay-color":"","overlay-opacity":"","overlay-gradient":""},"mobile":{"background-color":"var(--ast-global-color-5)","background-image":"","background-repeat":"repeat","background-position":"center center","background-size":"auto","background-attachment":"scroll","background-type":"","background-media":"","overlay-type":"","overlay-color":"","overlay-opacity":"","overlay-gradient":""}},"footnotes":""},"class_list":["post-9422","page","type-page","status-publish","hentry"],"acf":[],"yoast_head":"<!-- This site is optimized with the Yoast SEO Premium plugin v27.1 (Yoast SEO v27.1.1) - https:\/\/yoast.com\/product\/yoast-seo-premium-wordpress\/ -->\n<title>\u00c1cido B\u00f3rico para Termitas - Alquera.com<\/title>\n<meta name=\"description\" content=\"El \u00e1cido b\u00f3rico es un compuesto qu\u00edmico que funciona muy bien para la eliminaci\u00f3n de las temidas termitas en la madera. Ver c\u00f3mo funciona.\" \/>\n<meta name=\"robots\" content=\"index, follow, max-snippet:-1, max-image-preview:large, max-video-preview:-1\" \/>\n<link rel=\"canonical\" href=\"https:\/\/www.alquera.com\/it\/acido-borico\/termitas\/\" \/>\n<meta property=\"og:locale\" content=\"it_IT\" \/>\n<meta property=\"og:type\" content=\"article\" \/>\n<meta property=\"og:title\" content=\"\u00c1cido B\u00f3rico para Termitas\" \/>\n<meta property=\"og:description\" content=\"El \u00e1cido b\u00f3rico es un compuesto qu\u00edmico que funciona muy bien para la eliminaci\u00f3n de las temidas termitas en la madera. Ver c\u00f3mo funciona.\" \/>\n<meta property=\"og:url\" content=\"https:\/\/www.alquera.com\/it\/acido-borico\/termitas\/\" \/>\n<meta property=\"og:site_name\" content=\"Alquera.com\" \/>\n<meta property=\"article:publisher\" content=\"https:\/\/www.facebook.com\/alqueraciencia\" \/>\n<meta property=\"article:modified_time\" content=\"2023-09-18T10:26:40+00:00\" \/>\n<meta property=\"og:image\" content=\"https:\/\/www.alquera.com\/wp-content\/uploads\/2020\/11\/termitas2-300x182-2.jpg\" \/>\n<meta name=\"twitter:card\" content=\"summary_large_image\" \/>\n<meta name=\"twitter:label1\" content=\"Tempo di lettura stimato\" \/>\n\t<meta name=\"twitter:data1\" content=\"3 minuti\" \/>\n<script type=\"application\/ld+json\" class=\"yoast-schema-graph\">{\"@context\":\"https:\/\/schema.org\",\"@graph\":[{\"@type\":\"WebPage\",\"@id\":\"https:\/\/www.alquera.com\/acido-borico\/termitas\/\",\"url\":\"https:\/\/www.alquera.com\/acido-borico\/termitas\/\",\"name\":\"\u00c1cido B\u00f3rico para Termitas - Alquera.com\",\"isPartOf\":{\"@id\":\"https:\/\/www.alquera.com\/en\/#website\"},\"primaryImageOfPage\":{\"@id\":\"https:\/\/www.alquera.com\/acido-borico\/termitas\/#primaryimage\"},\"image\":{\"@id\":\"https:\/\/www.alquera.com\/acido-borico\/termitas\/#primaryimage\"},\"thumbnailUrl\":\"https:\/\/www.alquera.com\/wp-content\/uploads\/2020\/11\/termitas2-300x182-2.jpg\",\"datePublished\":\"2020-10-20T16:31:39+00:00\",\"dateModified\":\"2023-09-18T10:26:40+00:00\",\"description\":\"El \u00e1cido b\u00f3rico es un compuesto qu\u00edmico que funciona muy bien para la eliminaci\u00f3n de las temidas termitas en la madera. Ver c\u00f3mo funciona.\",\"breadcrumb\":{\"@id\":\"https:\/\/www.alquera.com\/acido-borico\/termitas\/#breadcrumb\"},\"inLanguage\":\"it-IT\",\"potentialAction\":[{\"@type\":\"ReadAction\",\"target\":[\"https:\/\/www.alquera.com\/acido-borico\/termitas\/\"]}]},{\"@type\":\"ImageObject\",\"inLanguage\":\"it-IT\",\"@id\":\"https:\/\/www.alquera.com\/acido-borico\/termitas\/#primaryimage\",\"url\":\"https:\/\/www.alquera.com\/wp-content\/uploads\/2020\/11\/termitas2-300x182-2.jpg\",\"contentUrl\":\"https:\/\/www.alquera.com\/wp-content\/uploads\/2020\/11\/termitas2-300x182-2.jpg\"},{\"@type\":\"BreadcrumbList\",\"@id\":\"https:\/\/www.alquera.com\/acido-borico\/termitas\/#breadcrumb\",\"itemListElement\":[{\"@type\":\"ListItem\",\"position\":1,\"name\":\"Inicio\",\"item\":\"https:\/\/www.alquera.com\/\"},{\"@type\":\"ListItem\",\"position\":2,\"name\":\"Acido Borico\",\"item\":\"https:\/\/www.alquera.com\/acido-borico\/\"},{\"@type\":\"ListItem\",\"position\":3,\"name\":\"\u00c1cido B\u00f3rico para Termitas\"}]},{\"@type\":\"WebSite\",\"@id\":\"https:\/\/www.alquera.com\/en\/#website\",\"url\":\"https:\/\/www.alquera.com\/en\/\",\"name\":\"Alquera.com\",\"description\":\"Tienda Online Productos Qu\u00edmicos y Material de Laboratorio\",\"publisher\":{\"@id\":\"https:\/\/www.alquera.com\/en\/#organization\"},\"potentialAction\":[{\"@type\":\"SearchAction\",\"target\":{\"@type\":\"EntryPoint\",\"urlTemplate\":\"https:\/\/www.alquera.com\/en\/?s={search_term_string}\"},\"query-input\":{\"@type\":\"PropertyValueSpecification\",\"valueRequired\":true,\"valueName\":\"search_term_string\"}}],\"inLanguage\":\"it-IT\"},{\"@type\":\"Organization\",\"@id\":\"https:\/\/www.alquera.com\/en\/#organization\",\"name\":\"ALQUERA CIENCIA SL\",\"url\":\"https:\/\/www.alquera.com\/en\/\",\"logo\":{\"@type\":\"ImageObject\",\"inLanguage\":\"it-IT\",\"@id\":\"https:\/\/www.alquera.com\/en\/#\/schema\/logo\/image\/\",\"url\":\"https:\/\/www.alquera.com\/wp-content\/uploads\/2020\/11\/logo_300_ancho.png\",\"contentUrl\":\"https:\/\/www.alquera.com\/wp-content\/uploads\/2020\/11\/logo_300_ancho.png\",\"width\":300,\"height\":86,\"caption\":\"ALQUERA CIENCIA SL\"},\"image\":{\"@id\":\"https:\/\/www.alquera.com\/en\/#\/schema\/logo\/image\/\"},\"sameAs\":[\"https:\/\/www.facebook.com\/alqueraciencia\",\"https:\/\/www.instagram.com\/alquera_ciencia\/\",\"https:\/\/www.youtube.com\/c\/alquera\"]}]}<\/script>\n<!-- \/ Yoast SEO Premium plugin. -->","yoast_head_json":{"title":"Acido borico per le termiti - Alquera.com","description":"L'acido borico \u00e8 un composto chimico che funziona molto bene per eliminare le temute termiti nel legno. Scoprite come funziona.","robots":{"index":"index","follow":"follow","max-snippet":"max-snippet:-1","max-image-preview":"max-image-preview:large","max-video-preview":"max-video-preview:-1"},"canonical":"https:\/\/www.alquera.com\/it\/acido-borico\/termitas\/","og_locale":"it_IT","og_type":"article","og_title":"\u00c1cido B\u00f3rico para Termitas","og_description":"El \u00e1cido b\u00f3rico es un compuesto qu\u00edmico que funciona muy bien para la eliminaci\u00f3n de las temidas termitas en la madera. Ver c\u00f3mo funciona.","og_url":"https:\/\/www.alquera.com\/it\/acido-borico\/termitas\/","og_site_name":"Alquera.com","article_publisher":"https:\/\/www.facebook.com\/alqueraciencia","article_modified_time":"2023-09-18T10:26:40+00:00","og_image":[{"url":"https:\/\/www.alquera.com\/wp-content\/uploads\/2020\/11\/termitas2-300x182-2.jpg","type":"","width":"","height":""}],"twitter_card":"summary_large_image","twitter_misc":{"Tempo di lettura stimato":"3 minuti"},"schema":{"@context":"https:\/\/schema.org","@graph":[{"@type":"WebPage","@id":"https:\/\/www.alquera.com\/acido-borico\/termitas\/","url":"https:\/\/www.alquera.com\/acido-borico\/termitas\/","name":"Acido borico per le termiti - Alquera.com","isPartOf":{"@id":"https:\/\/www.alquera.com\/en\/#website"},"primaryImageOfPage":{"@id":"https:\/\/www.alquera.com\/acido-borico\/termitas\/#primaryimage"},"image":{"@id":"https:\/\/www.alquera.com\/acido-borico\/termitas\/#primaryimage"},"thumbnailUrl":"https:\/\/www.alquera.com\/wp-content\/uploads\/2020\/11\/termitas2-300x182-2.jpg","datePublished":"2020-10-20T16:31:39+00:00","dateModified":"2023-09-18T10:26:40+00:00","description":"L'acido borico \u00e8 un composto chimico che funziona molto bene per eliminare le temute termiti nel legno. Scoprite come funziona.","breadcrumb":{"@id":"https:\/\/www.alquera.com\/acido-borico\/termitas\/#breadcrumb"},"inLanguage":"it-IT","potentialAction":[{"@type":"ReadAction","target":["https:\/\/www.alquera.com\/acido-borico\/termitas\/"]}]},{"@type":"ImageObject","inLanguage":"it-IT","@id":"https:\/\/www.alquera.com\/acido-borico\/termitas\/#primaryimage","url":"https:\/\/www.alquera.com\/wp-content\/uploads\/2020\/11\/termitas2-300x182-2.jpg","contentUrl":"https:\/\/www.alquera.com\/wp-content\/uploads\/2020\/11\/termitas2-300x182-2.jpg"},{"@type":"BreadcrumbList","@id":"https:\/\/www.alquera.com\/acido-borico\/termitas\/#breadcrumb","itemListElement":[{"@type":"ListItem","position":1,"name":"Inicio","item":"https:\/\/www.alquera.com\/"},{"@type":"ListItem","position":2,"name":"Acido Borico","item":"https:\/\/www.alquera.com\/acido-borico\/"},{"@type":"ListItem","position":3,"name":"\u00c1cido B\u00f3rico para Termitas"}]},{"@type":"WebSite","@id":"https:\/\/www.alquera.com\/en\/#website","url":"https:\/\/www.alquera.com\/en\/","name":"Alquera.com","description":"Negozio online di prodotti chimici e forniture di laboratorio","publisher":{"@id":"https:\/\/www.alquera.com\/en\/#organization"},"potentialAction":[{"@type":"SearchAction","target":{"@type":"EntryPoint","urlTemplate":"https:\/\/www.alquera.com\/en\/?s={search_term_string}"},"query-input":{"@type":"PropertyValueSpecification","valueRequired":true,"valueName":"search_term_string"}}],"inLanguage":"it-IT"},{"@type":"Organization","@id":"https:\/\/www.alquera.com\/en\/#organization","name":"ALQUERA CIENCIA SL","url":"https:\/\/www.alquera.com\/en\/","logo":{"@type":"ImageObject","inLanguage":"it-IT","@id":"https:\/\/www.alquera.com\/en\/#\/schema\/logo\/image\/","url":"https:\/\/www.alquera.com\/wp-content\/uploads\/2020\/11\/logo_300_ancho.png","contentUrl":"https:\/\/www.alquera.com\/wp-content\/uploads\/2020\/11\/logo_300_ancho.png","width":300,"height":86,"caption":"ALQUERA CIENCIA SL"},"image":{"@id":"https:\/\/www.alquera.com\/en\/#\/schema\/logo\/image\/"},"sameAs":["https:\/\/www.facebook.com\/alqueraciencia","https:\/\/www.instagram.com\/alquera_ciencia\/","https:\/\/www.youtube.com\/c\/alquera"]}]}},"_links":{"self":[{"href":"https:\/\/www.alquera.com\/it\/wp-json\/wp\/v2\/pages\/9422","targetHints":{"allow":["GET"]}}],"collection":[{"href":"https:\/\/www.alquera.com\/it\/wp-json\/wp\/v2\/pages"}],"about":[{"href":"https:\/\/www.alquera.com\/it\/wp-json\/wp\/v2\/types\/page"}],"author":[{"embeddable":true,"href":"https:\/\/www.alquera.com\/it\/wp-json\/wp\/v2\/users\/1"}],"replies":[{"embeddable":true,"href":"https:\/\/www.alquera.com\/it\/wp-json\/wp\/v2\/comments?post=9422"}],"version-history":[{"count":8,"href":"https:\/\/www.alquera.com\/it\/wp-json\/wp\/v2\/pages\/9422\/revisions"}],"predecessor-version":[{"id":44261,"href":"https:\/\/www.alquera.com\/it\/wp-json\/wp\/v2\/pages\/9422\/revisions\/44261"}],"up":[{"embeddable":true,"href":"https:\/\/www.alquera.com\/it\/wp-json\/wp\/v2\/pages\/32598"}],"wp:attachment":[{"href":"https:\/\/www.alquera.com\/it\/wp-json\/wp\/v2\/media?parent=9422"}],"curies":[{"name":"wp","href":"https:\/\/api.w.org\/{rel}","templated":true}]}}