{"id":9431,"date":"2020-10-20T17:34:41","date_gmt":"2020-10-20T17:34:41","guid":{"rendered":"http:\/\/localhost\/alquera\/?page_id=9431"},"modified":"2022-12-02T06:14:31","modified_gmt":"2022-12-02T06:14:31","slug":"fluorescencia","status":"publish","type":"page","link":"https:\/\/www.alquera.com\/it\/fluoresceina-sodica\/fluorescencia\/","title":{"rendered":"Fluorescenza: cos'\u00e8 e come funziona"},"content":{"rendered":"<p>La fluorescenza \u00e8 il fenomeno per cui alcuni prodotti o sostanze emettono energia sotto forma di luce quando vengono irradiati con luce ultravioletta. La fluorescenza non deve essere confusa con la fosforescenza. Nella fosforescenza, le particelle immagazzinano l'energia per poi irradiarla al termine dell'irradiazione con luce ultravioletta.<\/p>\n\n\n\n<p>Per comprendere realmente il processo di fluorescenza, \u00e8 necessario ricordare il modello degli orbitali atomici e degli orbitali molecolari. Secondo il principio di indeterminazione, un elettrone pu\u00f2 trovarsi in un certo intervallo di livelli energetici, in un livello inferiore o superiore. Esistono orbitali a bassa energia e orbitali ad alta energia. Gli elettroni preferiscono di default occupare orbitali a bassa energia, ma possono occupare transitoriamente livelli energetici superiori. <\/p>\n\n\n\n<p>Questi salti orbitali si ottengono in alcune sostanze irradiandole con energia. Questi salti sono noti come transizioni elettroniche. Ogni tipo di atomo ha linee di assorbimento e linee di emissione molto caratteristiche.<\/p>\n\n\n\n<h2 class=\"wp-block-heading\">Applicazioni in fluorescenza<\/h2>\n\n\n\n<p>Il fenomeno della fluorescenza ha molte applicazioni:<\/p>\n\n\n\n<ul class=\"wp-block-list\"><li><strong>In Illuminazione<\/strong>Tubo fluorescente: il funzionamento del tubo fluorescente, cos\u00ec onnipresente nelle case e negli uffici, dipende dalla fluorescenza. All'interno del tubo di vetro c'\u00e8 un vuoto parziale e una piccola quantit\u00e0 di mercurio. Una scarica elettrica nel tubo fa s\u00ec che gli atomi di mercurio emettano luce. La luce emessa \u00e8 nella gamma degli ultravioletti (UV) ed \u00e8 quindi invisibile ai nostri occhi; ma il tubo \u00e8 rivestito da uno strato di un materiale fluorescente chiamato fosforo, che assorbe la luce ultravioletta e la riemette nello spettro visibile.<\/li><li><strong>Chimica analitica<\/strong> per le tecniche di laboratorio per il rilevamento<\/li><li><strong>Biochimica e medicina<\/strong>Le biomolecole possono essere marcate con un gruppo chimico fluorescente (fluorocromo) mediante una semplice reazione chimica, consentendo una rilevazione sensibile e quantitativa della molecola.<\/li><li><strong>Gemmologia<\/strong>mineralogia, mineralogia, geologia e scienze forensi<\/li><li>Un'altra applicazione di questo fenomeno \u00e8 la differenziazione di <strong>banconote false<\/strong> La stampa avviene con inchiostro fluorescente, visibile alla luce ultravioletta.<\/li><li>Valutazione dell'acqua in fluorescenza in idrologia.<\/li><\/ul>\n\n\n\n<h3 class=\"wp-block-heading\">Materiali fluorescenti. Pietre e minerali fluorescenti<\/h3>\n\n\n\n<ul class=\"wp-block-list\"><li>Un esempio di tali sostanze \u00e8 il <a href=\"https:\/\/www.alquera.com\/it\/fluoresceina-sodica\/\">fluoresceina sodica<\/a>un composto appartenente alla famiglia delle xantine. Si pu\u00f2 vedere nella sezione esperimenti, nell'esperimento \"Fare acqua fluorescente\", come diluito in acqua abbia un colore giallo. Quando si trova in soluzioni con pH superiore a 7 (ad esempio aggiungendo all'acqua qualche goccia di ammoniaca), diventa verde e la sua fluorescenza aumenta.<\/li><\/ul>\n\n\n\n<p><a href=\"https:\/\/www.alquera.com\/it\/fluoresceina-sodica\/fluorescencia\/fluorescencia2\/\" rel=\"attachment wp-att-9681\"><img loading=\"lazy\" decoding=\"async\" class=\"size-medium wp-image-9681 aligncenter\" src=\"https:\/\/www.alquera.com\/wp-content\/uploads\/2020\/10\/fluorescencia2-300x171.png\" alt=\"\" width=\"300\" height=\"171\" srcset=\"https:\/\/www.alquera.com\/wp-content\/uploads\/2020\/10\/fluorescencia2-300x171.png 300w, https:\/\/www.alquera.com\/wp-content\/uploads\/2020\/10\/fluorescencia2.png 504w\" sizes=\"auto, (max-width: 300px) 100vw, 300px\" \/><\/a><\/p>\n\n\n\n<ul class=\"wp-block-list\"><li><strong>Pietre preziose:<\/strong> Se non sono troppo puri, presentano fluorite nella loro struttura cristallina.\n<ul>\n<li>Ambra: mostrano radiazioni di colore arancione quando ricevono luce ultravioletta a onde corte.<\/li>\n<li>Diamanti e rubini Hope: presentano una radiazione rossa quando vengono irradiati con radiazioni ultraviolette a onde corte.<\/li>\n<\/ul>\n<\/li><li><strong>Minerali:<\/strong> In molti casi \u00e8 dovuto alla presenza di fluorite o di un suo derivato. In questa immagine sono visibili alcuni minerali fluorescenti, i principali dei quali sono i seguenti:<\/li><\/ul>\n\n\n\n\n\n<ul class=\"wp-block-list\"><li>Fluorite: \u00e8 la base della maggior parte degli elementi fluorescenti, presenta diverse variazioni di colore nelle radiazioni, come il verde, il blu o il rosa.<\/li><li>Calcite: Propriet\u00e0 simili a quelle della fluorite, da cui derivano le sue propriet\u00e0. Tende a emettere luce di colore rosa.<\/li><li>Uranio: questo minerale ha una radiazione verdastra dovuta al fatto che \u00e8 un materiale radioattivo.<\/li><li><strong>Materiali organici:<\/strong> La loro fluorescenza \u00e8 dovuta principalmente ai composti minerali che li formano insieme alla materia organica. I principali esempi sono:\n<ul>\n<li>Fungo Mycena Lux-coeli. Si ritiene che abbiano acquisito questa propriet\u00e0 per attirare gli insetti che effettuano la dispersione delle spore.<\/li>\n<li>Clorofilla: la clorofilla presente nelle foglie delle piante prende l'energia del sole per effettuare la fotosintesi, e parte di questa energia deve essere dissipata per non danneggiare la foglia. Una parte viene dissipata sotto forma di calore e una parte sotto forma di fluorescenza. Di solito \u00e8 di colore verde.<\/li>\n<\/ul>\n<\/li><\/ul>\n\n\n\n<h2 class=\"wp-block-heading\">Fluorescenza su fluoresceina di sodio<\/h2>\n\n\n\n<p>La fluoresceina sodica \u00e8 una delle sostanze, tra i prodotti chimici, che hanno la propriet\u00e0 della fluorescenza e sono tra le pi\u00f9 utilizzate, data la loro facilit\u00e0 di trasporto e la loro stabilit\u00e0. La fluoresceina di sodio viene utilizzata sia in campo medico per la rilevazione oculare, sia in campo idrologico per la rilevazione di perdite e tracce nelle aree acquatiche.<\/p>\n\n\n\n<p><p>L'emissione della fluoresceina sodica \u00e8 massima a circa pH 8 e a una lunghezza d'onda di circa 550 nm. In questa immagine \u00e8 possibile osservare il grafico di emissione-eccitazione della fluoresceina sodica.<\/p>\n<p><iframe loading=\"lazy\" title=\"Come realizzare un liquido fluorescente - Alquera\" width=\"500\" height=\"281\" src=\"https:\/\/www.youtube.com\/embed\/zsq1paqbVls?feature=oembed\" frameborder=\"0\" allow=\"accelerometer; autoplay; clipboard-write; encrypted-media; gyroscope; picture-in-picture; web-share\" referrerpolicy=\"strict-origin-when-cross-origin\" allowfullscreen><\/iframe><\/p><\/p>\n\n\n\n<h3 class=\"widget-title\">Acquista <\/h3><div><div class=\"woocommerce\"><ul class=\"products columns-4\">\n<li class=\"desktop-align-left tablet-align-left mobile-align-left ast-product-gallery-layout-horizontal-slider ast-magnify-disabled ast-product-single-variable ast-product-tabs-layout-horizontal ast-qv-on-image product type-product post-495 status-publish first instock product_cat-productos-experimentos product_cat-productos has-post-thumbnail taxable shipping-taxable purchasable product-type-variable has-default-attributes\">\n\t<a href=\"https:\/\/www.alquera.com\/it\/permanganato-de-potasio\/\" class=\"woocommerce-LoopProduct-link woocommerce-loop-product__link\"><img loading=\"lazy\" decoding=\"async\" width=\"300\" height=\"300\" src=\"https:\/\/www.alquera.com\/wp-content\/uploads\/2016\/01\/permanganato-200g-foto-nueva-300x300.png\" class=\"attachment-woocommerce_thumbnail size-woocommerce_thumbnail\" alt=\"permanganato 200g\" srcset=\"https:\/\/www.alquera.com\/wp-content\/uploads\/2016\/01\/permanganato-200g-foto-nueva-300x300.png 300w, https:\/\/www.alquera.com\/wp-content\/uploads\/2016\/01\/permanganato-200g-foto-nueva-150x150.png 150w, https:\/\/www.alquera.com\/wp-content\/uploads\/2016\/01\/permanganato-200g-foto-nueva-12x12.png 12w, https:\/\/www.alquera.com\/wp-content\/uploads\/2016\/01\/permanganato-200g-foto-nueva-100x100.png 100w\" sizes=\"auto, (max-width: 300px) 100vw, 300px\" \/><h2 class=\"woocommerce-loop-product__title\">Permanganato di Potassio<\/h2><div class=\"review-rating\"><div class=\"star-rating\"><span style=\"width:100%\" data-no-translation=\"\" data-trp-gettext=\"\">Valutato <strong class=\"rating\">5.00<\/strong> su 5<\/span><\/div><\/div>\n<\/a><a href=\"https:\/\/www.alquera.com\/it\/permanganato-de-potasio\/\" aria-describedby=\"woocommerce_loop_add_to_cart_link_describedby_495\" data-quantity=\"1\" class=\"button product_type_variable add_to_cart_button\" data-product_id=\"495\" data-product_sku=\"AL100111\" aria-label=\"Seleziona le opzioni per \u201cPermanganato de Potasio\u201d\" rel=\"nofollow\" data-no-translation=\"\" data-trp-gettext=\"\" data-no-translation-aria-label=\"\">Scegli<\/a>\t<span id=\"woocommerce_loop_add_to_cart_link_describedby_495\" class=\"screen-reader-text\">\n\t\tQuesto prodotto ha pi\u00f9 varianti. Le opzioni possono essere scelte nella pagina del prodotto\t<\/span>\n<\/li>\n<\/ul>\n<\/div><\/div>\n\n\n\n<p class=\"widget-title\">Per saperne di pi\u00f9<\/p><a href=\"https:\/\/www.alquera.com\/it\/fluoresceina-sodica\/\">Fluoresceina di sodio<\/a>\n<!-- Page-list plugin v.5.9 wordpress.org\/plugins\/page-list\/ -->\n<ul class=\"page-list siblings-page-list\">\n<li class=\"page_item page-item-9431 menu-item\"><a href=\"https:\/\/www.alquera.com\/it\/fluoresceina-sodica\/fluorescencia\/\" class=\"menu-link\">Fluorescenza: cos'\u00e8 e come funziona<\/a><\/li>\n<li class=\"page_item page-item-9429 menu-item\"><a href=\"https:\/\/www.alquera.com\/it\/fluoresceina-sodica\/hacer-liquido-fluorescente\/\" class=\"menu-link\">Realizzazione di un liquido fluorescente<\/a><\/li>\n<li class=\"page_item page-item-9424 menu-item\"><a href=\"https:\/\/www.alquera.com\/it\/fluoresceina-sodica\/usos-fluoresceina-sodica\/\" class=\"menu-link\">Usi della fluoresceina sodica<\/a><\/li>\n\n<\/ul>","protected":false},"excerpt":{"rendered":"<p>La fluorescencia es el fen\u00f3meno mediante el cual algunos productos o substancias emiten energ\u00eda en forma de luz una vez se les irradia con luz ultravioleta.&nbsp;La fluorescencia no debe confundirse con la fosforescencia. En la fosforescencia, las part\u00edculas almacenan la energ\u00eda, irradi\u00e1ndola despu\u00e9s, hasta una vez que se ha finalizado la irradiaci\u00f3n de luz ultravioleta. [&hellip;]<\/p>\n","protected":false},"author":1,"featured_media":0,"parent":32586,"menu_order":0,"comment_status":"open","ping_status":"closed","template":"","meta":{"_acf_changed":false,"site-sidebar-layout":"default","site-content-layout":"default","ast-site-content-layout":"default","site-content-style":"default","site-sidebar-style":"default","ast-global-header-display":"","ast-banner-title-visibility":"","ast-main-header-display":"","ast-hfb-above-header-display":"","ast-hfb-below-header-display":"","ast-hfb-mobile-header-display":"","site-post-title":"","ast-breadcrumbs-content":"","ast-featured-img":"","footer-sml-layout":"","ast-disable-related-posts":"","theme-transparent-header-meta":"default","adv-header-id-meta":"","stick-header-meta":"default","header-above-stick-meta":"","header-main-stick-meta":"","header-below-stick-meta":"","astra-migrate-meta-layouts":"default","ast-page-background-enabled":"default","ast-page-background-meta":{"desktop":{"background-color":"var(--ast-global-color-4)","background-image":"","background-repeat":"repeat","background-position":"center center","background-size":"auto","background-attachment":"scroll","background-type":"","background-media":"","overlay-type":"","overlay-color":"","overlay-opacity":"","overlay-gradient":""},"tablet":{"background-color":"","background-image":"","background-repeat":"repeat","background-position":"center center","background-size":"auto","background-attachment":"scroll","background-type":"","background-media":"","overlay-type":"","overlay-color":"","overlay-opacity":"","overlay-gradient":""},"mobile":{"background-color":"","background-image":"","background-repeat":"repeat","background-position":"center center","background-size":"auto","background-attachment":"scroll","background-type":"","background-media":"","overlay-type":"","overlay-color":"","overlay-opacity":"","overlay-gradient":""}},"ast-content-background-meta":{"desktop":{"background-color":"var(--ast-global-color-5)","background-image":"","background-repeat":"repeat","background-position":"center center","background-size":"auto","background-attachment":"scroll","background-type":"","background-media":"","overlay-type":"","overlay-color":"","overlay-opacity":"","overlay-gradient":""},"tablet":{"background-color":"var(--ast-global-color-5)","background-image":"","background-repeat":"repeat","background-position":"center center","background-size":"auto","background-attachment":"scroll","background-type":"","background-media":"","overlay-type":"","overlay-color":"","overlay-opacity":"","overlay-gradient":""},"mobile":{"background-color":"var(--ast-global-color-5)","background-image":"","background-repeat":"repeat","background-position":"center center","background-size":"auto","background-attachment":"scroll","background-type":"","background-media":"","overlay-type":"","overlay-color":"","overlay-opacity":"","overlay-gradient":""}},"footnotes":""},"class_list":["post-9431","page","type-page","status-publish","hentry"],"acf":[],"yoast_head":"<!-- This site is optimized with the Yoast SEO Premium plugin v27.1 (Yoast SEO v27.1.1) - https:\/\/yoast.com\/product\/yoast-seo-premium-wordpress\/ -->\n<title>Fluorescencia - Qu\u00e9 es y C\u00f3mo Funciona - Alquera.com<\/title>\n<meta name=\"description\" content=\"La fluorescencia es el fen\u00f3meno mediante el cual algunos productos o substancias emiten luz una vez se les irradia con luz ultravioleta.\" \/>\n<meta name=\"robots\" content=\"index, follow, max-snippet:-1, max-image-preview:large, max-video-preview:-1\" \/>\n<link rel=\"canonical\" href=\"https:\/\/www.alquera.com\/it\/fluoresceina-sodica\/fluorescencia\/\" \/>\n<meta property=\"og:locale\" content=\"it_IT\" \/>\n<meta property=\"og:type\" content=\"article\" \/>\n<meta property=\"og:title\" content=\"Fluorescencia - Qu\u00e9 es y C\u00f3mo Funciona\" \/>\n<meta property=\"og:description\" content=\"La fluorescencia es el fen\u00f3meno mediante el cual algunos productos o substancias emiten luz una vez se les irradia con luz ultravioleta.\" \/>\n<meta property=\"og:url\" content=\"https:\/\/www.alquera.com\/it\/fluoresceina-sodica\/fluorescencia\/\" \/>\n<meta property=\"og:site_name\" content=\"Alquera.com\" \/>\n<meta property=\"article:publisher\" content=\"https:\/\/www.facebook.com\/alqueraciencia\" \/>\n<meta property=\"article:modified_time\" content=\"2022-12-02T06:14:31+00:00\" \/>\n<meta property=\"og:image\" content=\"https:\/\/www.alquera.com\/wp-content\/uploads\/2020\/10\/fluorescencia2-300x171.png\" \/>\n<meta name=\"twitter:card\" content=\"summary_large_image\" \/>\n<meta name=\"twitter:label1\" content=\"Tempo di lettura stimato\" \/>\n\t<meta name=\"twitter:data1\" content=\"4 minuti\" \/>\n<script type=\"application\/ld+json\" class=\"yoast-schema-graph\">{\"@context\":\"https:\/\/schema.org\",\"@graph\":[{\"@type\":\"WebPage\",\"@id\":\"https:\/\/www.alquera.com\/fluoresceina-sodica\/fluorescencia\/\",\"url\":\"https:\/\/www.alquera.com\/fluoresceina-sodica\/fluorescencia\/\",\"name\":\"Fluorescencia - Qu\u00e9 es y C\u00f3mo Funciona - Alquera.com\",\"isPartOf\":{\"@id\":\"https:\/\/www.alquera.com\/en\/#website\"},\"primaryImageOfPage\":{\"@id\":\"https:\/\/www.alquera.com\/fluoresceina-sodica\/fluorescencia\/#primaryimage\"},\"image\":{\"@id\":\"https:\/\/www.alquera.com\/fluoresceina-sodica\/fluorescencia\/#primaryimage\"},\"thumbnailUrl\":\"https:\/\/www.alquera.com\/wp-content\/uploads\/2020\/10\/fluorescencia2-300x171.png\",\"datePublished\":\"2020-10-20T17:34:41+00:00\",\"dateModified\":\"2022-12-02T06:14:31+00:00\",\"description\":\"La fluorescencia es el fen\u00f3meno mediante el cual algunos productos o substancias emiten luz una vez se les irradia con luz ultravioleta.\",\"breadcrumb\":{\"@id\":\"https:\/\/www.alquera.com\/fluoresceina-sodica\/fluorescencia\/#breadcrumb\"},\"inLanguage\":\"it-IT\",\"potentialAction\":[{\"@type\":\"ReadAction\",\"target\":[\"https:\/\/www.alquera.com\/fluoresceina-sodica\/fluorescencia\/\"]}]},{\"@type\":\"ImageObject\",\"inLanguage\":\"it-IT\",\"@id\":\"https:\/\/www.alquera.com\/fluoresceina-sodica\/fluorescencia\/#primaryimage\",\"url\":\"https:\/\/www.alquera.com\/wp-content\/uploads\/2020\/10\/fluorescencia2-300x171.png\",\"contentUrl\":\"https:\/\/www.alquera.com\/wp-content\/uploads\/2020\/10\/fluorescencia2-300x171.png\"},{\"@type\":\"BreadcrumbList\",\"@id\":\"https:\/\/www.alquera.com\/fluoresceina-sodica\/fluorescencia\/#breadcrumb\",\"itemListElement\":[{\"@type\":\"ListItem\",\"position\":1,\"name\":\"Inicio\",\"item\":\"https:\/\/www.alquera.com\/\"},{\"@type\":\"ListItem\",\"position\":2,\"name\":\"Fluoresceina S\u00f3dica\",\"item\":\"https:\/\/www.alquera.com\/fluoresceina-sodica\/\"},{\"@type\":\"ListItem\",\"position\":3,\"name\":\"Fluorescencia &#8211; Qu\u00e9 es y C\u00f3mo Funciona\"}]},{\"@type\":\"WebSite\",\"@id\":\"https:\/\/www.alquera.com\/en\/#website\",\"url\":\"https:\/\/www.alquera.com\/en\/\",\"name\":\"Alquera.com\",\"description\":\"Tienda Online Productos Qu\u00edmicos y Material de Laboratorio\",\"publisher\":{\"@id\":\"https:\/\/www.alquera.com\/en\/#organization\"},\"potentialAction\":[{\"@type\":\"SearchAction\",\"target\":{\"@type\":\"EntryPoint\",\"urlTemplate\":\"https:\/\/www.alquera.com\/en\/?s={search_term_string}\"},\"query-input\":{\"@type\":\"PropertyValueSpecification\",\"valueRequired\":true,\"valueName\":\"search_term_string\"}}],\"inLanguage\":\"it-IT\"},{\"@type\":\"Organization\",\"@id\":\"https:\/\/www.alquera.com\/en\/#organization\",\"name\":\"ALQUERA CIENCIA SL\",\"url\":\"https:\/\/www.alquera.com\/en\/\",\"logo\":{\"@type\":\"ImageObject\",\"inLanguage\":\"it-IT\",\"@id\":\"https:\/\/www.alquera.com\/en\/#\/schema\/logo\/image\/\",\"url\":\"https:\/\/www.alquera.com\/wp-content\/uploads\/2020\/11\/logo_300_ancho.png\",\"contentUrl\":\"https:\/\/www.alquera.com\/wp-content\/uploads\/2020\/11\/logo_300_ancho.png\",\"width\":300,\"height\":86,\"caption\":\"ALQUERA CIENCIA SL\"},\"image\":{\"@id\":\"https:\/\/www.alquera.com\/en\/#\/schema\/logo\/image\/\"},\"sameAs\":[\"https:\/\/www.facebook.com\/alqueraciencia\",\"https:\/\/www.instagram.com\/alquera_ciencia\/\",\"https:\/\/www.youtube.com\/c\/alquera\"]}]}<\/script>\n<!-- \/ Yoast SEO Premium plugin. -->","yoast_head_json":{"title":"Fluorescenza: cos'\u00e8 e come funziona - Alquera.com","description":"La fluorescenza \u00e8 il fenomeno per cui alcuni prodotti o sostanze emettono luce quando vengono irradiati con luce ultravioletta.","robots":{"index":"index","follow":"follow","max-snippet":"max-snippet:-1","max-image-preview":"max-image-preview:large","max-video-preview":"max-video-preview:-1"},"canonical":"https:\/\/www.alquera.com\/it\/fluoresceina-sodica\/fluorescencia\/","og_locale":"it_IT","og_type":"article","og_title":"Fluorescencia - Qu\u00e9 es y C\u00f3mo Funciona","og_description":"La fluorescencia es el fen\u00f3meno mediante el cual algunos productos o substancias emiten luz una vez se les irradia con luz ultravioleta.","og_url":"https:\/\/www.alquera.com\/it\/fluoresceina-sodica\/fluorescencia\/","og_site_name":"Alquera.com","article_publisher":"https:\/\/www.facebook.com\/alqueraciencia","article_modified_time":"2022-12-02T06:14:31+00:00","og_image":[{"url":"https:\/\/www.alquera.com\/wp-content\/uploads\/2020\/10\/fluorescencia2-300x171.png","type":"","width":"","height":""}],"twitter_card":"summary_large_image","twitter_misc":{"Tempo di lettura stimato":"4 minuti"},"schema":{"@context":"https:\/\/schema.org","@graph":[{"@type":"WebPage","@id":"https:\/\/www.alquera.com\/fluoresceina-sodica\/fluorescencia\/","url":"https:\/\/www.alquera.com\/fluoresceina-sodica\/fluorescencia\/","name":"Fluorescenza: cos'\u00e8 e come funziona - Alquera.com","isPartOf":{"@id":"https:\/\/www.alquera.com\/en\/#website"},"primaryImageOfPage":{"@id":"https:\/\/www.alquera.com\/fluoresceina-sodica\/fluorescencia\/#primaryimage"},"image":{"@id":"https:\/\/www.alquera.com\/fluoresceina-sodica\/fluorescencia\/#primaryimage"},"thumbnailUrl":"https:\/\/www.alquera.com\/wp-content\/uploads\/2020\/10\/fluorescencia2-300x171.png","datePublished":"2020-10-20T17:34:41+00:00","dateModified":"2022-12-02T06:14:31+00:00","description":"La fluorescenza \u00e8 il fenomeno per cui alcuni prodotti o sostanze emettono luce quando vengono irradiati con luce ultravioletta.","breadcrumb":{"@id":"https:\/\/www.alquera.com\/fluoresceina-sodica\/fluorescencia\/#breadcrumb"},"inLanguage":"it-IT","potentialAction":[{"@type":"ReadAction","target":["https:\/\/www.alquera.com\/fluoresceina-sodica\/fluorescencia\/"]}]},{"@type":"ImageObject","inLanguage":"it-IT","@id":"https:\/\/www.alquera.com\/fluoresceina-sodica\/fluorescencia\/#primaryimage","url":"https:\/\/www.alquera.com\/wp-content\/uploads\/2020\/10\/fluorescencia2-300x171.png","contentUrl":"https:\/\/www.alquera.com\/wp-content\/uploads\/2020\/10\/fluorescencia2-300x171.png"},{"@type":"BreadcrumbList","@id":"https:\/\/www.alquera.com\/fluoresceina-sodica\/fluorescencia\/#breadcrumb","itemListElement":[{"@type":"ListItem","position":1,"name":"Inicio","item":"https:\/\/www.alquera.com\/"},{"@type":"ListItem","position":2,"name":"Fluoresceina S\u00f3dica","item":"https:\/\/www.alquera.com\/fluoresceina-sodica\/"},{"@type":"ListItem","position":3,"name":"Fluorescencia &#8211; Qu\u00e9 es y C\u00f3mo Funciona"}]},{"@type":"WebSite","@id":"https:\/\/www.alquera.com\/en\/#website","url":"https:\/\/www.alquera.com\/en\/","name":"Alquera.com","description":"Negozio online di prodotti chimici e forniture di laboratorio","publisher":{"@id":"https:\/\/www.alquera.com\/en\/#organization"},"potentialAction":[{"@type":"SearchAction","target":{"@type":"EntryPoint","urlTemplate":"https:\/\/www.alquera.com\/en\/?s={search_term_string}"},"query-input":{"@type":"PropertyValueSpecification","valueRequired":true,"valueName":"search_term_string"}}],"inLanguage":"it-IT"},{"@type":"Organization","@id":"https:\/\/www.alquera.com\/en\/#organization","name":"ALQUERA CIENCIA SL","url":"https:\/\/www.alquera.com\/en\/","logo":{"@type":"ImageObject","inLanguage":"it-IT","@id":"https:\/\/www.alquera.com\/en\/#\/schema\/logo\/image\/","url":"https:\/\/www.alquera.com\/wp-content\/uploads\/2020\/11\/logo_300_ancho.png","contentUrl":"https:\/\/www.alquera.com\/wp-content\/uploads\/2020\/11\/logo_300_ancho.png","width":300,"height":86,"caption":"ALQUERA CIENCIA SL"},"image":{"@id":"https:\/\/www.alquera.com\/en\/#\/schema\/logo\/image\/"},"sameAs":["https:\/\/www.facebook.com\/alqueraciencia","https:\/\/www.instagram.com\/alquera_ciencia\/","https:\/\/www.youtube.com\/c\/alquera"]}]}},"_links":{"self":[{"href":"https:\/\/www.alquera.com\/it\/wp-json\/wp\/v2\/pages\/9431","targetHints":{"allow":["GET"]}}],"collection":[{"href":"https:\/\/www.alquera.com\/it\/wp-json\/wp\/v2\/pages"}],"about":[{"href":"https:\/\/www.alquera.com\/it\/wp-json\/wp\/v2\/types\/page"}],"author":[{"embeddable":true,"href":"https:\/\/www.alquera.com\/it\/wp-json\/wp\/v2\/users\/1"}],"replies":[{"embeddable":true,"href":"https:\/\/www.alquera.com\/it\/wp-json\/wp\/v2\/comments?post=9431"}],"version-history":[{"count":9,"href":"https:\/\/www.alquera.com\/it\/wp-json\/wp\/v2\/pages\/9431\/revisions"}],"predecessor-version":[{"id":40013,"href":"https:\/\/www.alquera.com\/it\/wp-json\/wp\/v2\/pages\/9431\/revisions\/40013"}],"up":[{"embeddable":true,"href":"https:\/\/www.alquera.com\/it\/wp-json\/wp\/v2\/pages\/32586"}],"wp:attachment":[{"href":"https:\/\/www.alquera.com\/it\/wp-json\/wp\/v2\/media?parent=9431"}],"curies":[{"name":"wp","href":"https:\/\/api.w.org\/{rel}","templated":true}]}}